{"id":203851,"date":"2025-02-24T17:14:20","date_gmt":"2025-02-24T15:14:20","guid":{"rendered":"https:\/\/atami.com\/?post_type=product&#038;p=203851"},"modified":"2025-11-12T09:31:51","modified_gmt":"2025-11-12T07:31:51","slug":"bcuzz-hydro-growth","status":"publish","type":"product","link":"https:\/\/atami.com\/pt-br\/produto\/bcuzz-hydro-growth","title":{"rendered":"B&#8217;cuzz Hydro Growth"},"content":{"rendered":"","protected":false},"excerpt":{"rendered":"<p>Apoia as plantas com mudan\u00e7as ambientais<\/p>\n","protected":false},"featured_media":204190,"comment_status":"closed","ping_status":"closed","template":"","meta":{"_acf_changed":false,"iawp_total_views":22},"product_brand":[],"product_cat":[2524,2517],"product_tag":[],"class_list":{"0":"post-203851","1":"product","2":"type-product","3":"status-publish","4":"has-post-thumbnail","6":"product_cat-aceleradores","7":"product_cat-b-cuzz","9":"first","10":"instock","11":"shipping-taxable","12":"product-type-simple"},"acf":{"short_description":"<p><strong>H\u00e1 mais de vinte anos, come\u00e7amos a desenvolver o B'cuzz Hydro Growth. Esse produto consiste em uma combina\u00e7\u00e3o de nitrog\u00eanio, magn\u00e9sio, pot\u00e1ssio e quelatos.<\/strong><\/p>\r\n<p>&nbsp;<\/p>\r\n<p>O B'cuzz Hydro Growth \u00e9 um fertilizante universal com nitrog\u00eanio, magn\u00e9sio, pot\u00e1ssio e quelatos. Esses elementos s\u00e3o importantes para os processos vitais da planta, mas especialmente para a produ\u00e7\u00e3o de mais clorofila. A clorofila \u00e9 a chave para uma planta saud\u00e1vel e forte porque absorve a luz e converte a energia em a\u00e7\u00facares. A planta usa a energia armazenada nesses a\u00e7\u00facares para realizar a diferencia\u00e7\u00e3o, a divis\u00e3o e o alongamento das c\u00e9lulas e outros processos vitais.<\/p>\r\n<p>Uma mudan\u00e7a de ambiente, como um transplante, \u00e9 um choque para a maioria das plantas, afetando seu crescimento. Um estado saud\u00e1vel da planta a ajudar\u00e1 a lidar com o estresse e a suportar melhor as mudan\u00e7as ambientais. N\u00e3o subestime a import\u00e2ncia da fase de crescimento, pois ela afeta muito o rendimento final.<\/p>\r\n<p>&nbsp;<\/p>\r\n<p>Ao adicionar esses valiosos elementos presentes no B'cuzz Hydro Growth, a recupera\u00e7\u00e3o e a adapta\u00e7\u00e3o da planta ser\u00e3o as mais tranquilas poss\u00edveis.<\/p>","suitable_for":"<p>Diferentes tipos de vegetais e frutas. Tamb\u00e9m pode ser usado para plantas com flores. Basta ajustar a dosagem necess\u00e1ria para atender \u00e0s necessidades de cada planta ou cultivo.<\/p>","application":"<p>Comece na fase de crescimento e adicione diariamente ao regar a planta. Efeito ideal quando usado em combina\u00e7\u00e3o com o B'cuzz Bloom. O senhor pode combinar facilmente o B'cuzz Hydro Growth com qualquer nutriente ou aditivo de base.<\/p>","dosage":"<p>0,1 a 0,5 ml por litro de solu\u00e7\u00e3o nutritiva<\/p>","npk_ratio":"<p>N 4,75 W\/W<\/p>\r\n<p>K 1,2 W\/W<\/p>","available_in":"<p>100ML, 250ML e 500ML<\/p>","icon_1":203878,"icon_1_text":"AP\u00d3IA AS PLANTAS QUANDO SOFREM ALTERA\u00c7\u00d5ES AMBIENTAIS","icon_2":203889,"icon_2_text":"CONT\u00c9M ELEMENTOS-CHAVE PARA A CLOROFILA","icon_3":203900,"icon_3_text":"PODE SER FACILMENTE COMBINADO COM OUTROS NUTRIENTES DE TODAS AS LINHAS DE PRODUTOS DA ATAMI. CONSULTE OS GUIAS DE CULTIVO!","icon_4":"","icon_4_text":"","video":"","second_image":"","product_image_page":"","user_manual":"","new_icon_1":"","new_icon_2":"","new_icon_3":"","new_icon_4":"","grow_guides":"","category":"Refor\u00e7o"},"yoast_head":"<!-- This site is optimized with the Yoast SEO Premium plugin v27.4 (Yoast SEO v27.4) - https:\/\/yoast.com\/product\/yoast-seo-premium-wordpress\/ -->\n<title>B&#039;cuzz Hydro Growth - Apoia as plantas com mudan\u00e7as ambientais | Atami<\/title>\n<meta name=\"description\" content=\"H\u00e1 mais de vinte anos, come\u00e7amos a desenvolver o B&#039;cuzz Hydro Growth.\" \/>\n<meta name=\"robots\" content=\"index, follow, max-snippet:-1, max-image-preview:large, max-video-preview:-1\" \/>\n<link rel=\"canonical\" href=\"https:\/\/atami.com\/pt-br\/produto\/bcuzz-hydro-growth\" \/>\n<meta property=\"og:locale\" content=\"pt_BR\" \/>\n<meta property=\"og:type\" content=\"article\" \/>\n<meta property=\"og:title\" content=\"B&#039;cuzz Hydro Growth\" \/>\n<meta property=\"og:description\" content=\"H\u00e1 mais de vinte anos, come\u00e7amos a desenvolver o B&#039;cuzz Hydro Growth.\" \/>\n<meta property=\"og:url\" content=\"https:\/\/atami.com\/pt-br\/produto\/bcuzz-hydro-growth\" \/>\n<meta property=\"og:site_name\" content=\"Atami\" \/>\n<meta property=\"article:publisher\" content=\"https:\/\/www.facebook.com\/Atami.International\" \/>\n<meta property=\"article:modified_time\" content=\"2025-11-12T07:31:51+00:00\" \/>\n<meta property=\"og:image\" content=\"https:\/\/atami.com\/wp-content\/uploads\/2025\/02\/Bcuzz-Hydro-Growth-product-image-BR.webp\" \/>\n\t<meta property=\"og:image:width\" content=\"1080\" \/>\n\t<meta property=\"og:image:height\" content=\"1080\" \/>\n\t<meta property=\"og:image:type\" content=\"image\/webp\" \/>\n<meta name=\"twitter:card\" content=\"summary_large_image\" \/>\n<meta name=\"twitter:site\" content=\"@AtamiEU\" \/>\n<meta name=\"twitter:label1\" content=\"Est. tempo de leitura\" \/>\n\t<meta name=\"twitter:data1\" content=\"1 minuto\" \/>\n<script type=\"application\/ld+json\" class=\"yoast-schema-graph\">{\"@context\":\"https:\\\/\\\/schema.org\",\"@graph\":[{\"@type\":\"WebPage\",\"@id\":\"https:\\\/\\\/atami.com\\\/pt-br\\\/produto\\\/bcuzz-hydro-growth\",\"url\":\"https:\\\/\\\/atami.com\\\/pt-br\\\/produto\\\/bcuzz-hydro-growth\",\"name\":\"B'cuzz Hydro Growth - Apoia as plantas com mudan\u00e7as ambientais | Atami\",\"isPartOf\":{\"@id\":\"https:\\\/\\\/atami.com\\\/pt-br#website\"},\"primaryImageOfPage\":{\"@id\":\"https:\\\/\\\/atami.com\\\/pt-br\\\/produto\\\/bcuzz-hydro-growth#primaryimage\"},\"image\":{\"@id\":\"https:\\\/\\\/atami.com\\\/pt-br\\\/produto\\\/bcuzz-hydro-growth#primaryimage\"},\"thumbnailUrl\":\"https:\\\/\\\/atami.com\\\/wp-content\\\/uploads\\\/2025\\\/02\\\/Bcuzz-Hydro-Growth-product-image-BR.webp\",\"datePublished\":\"2025-02-24T15:14:20+00:00\",\"dateModified\":\"2025-11-12T07:31:51+00:00\",\"description\":\"H\u00e1 mais de vinte anos, come\u00e7amos a desenvolver o B'cuzz Hydro Growth.\",\"breadcrumb\":{\"@id\":\"https:\\\/\\\/atami.com\\\/pt-br\\\/produto\\\/bcuzz-hydro-growth#breadcrumb\"},\"inLanguage\":\"pt-BR\",\"potentialAction\":[{\"@type\":\"ReadAction\",\"target\":[\"https:\\\/\\\/atami.com\\\/pt-br\\\/produto\\\/bcuzz-hydro-growth\"]}]},{\"@type\":\"ImageObject\",\"inLanguage\":\"pt-BR\",\"@id\":\"https:\\\/\\\/atami.com\\\/pt-br\\\/produto\\\/bcuzz-hydro-growth#primaryimage\",\"url\":\"https:\\\/\\\/atami.com\\\/wp-content\\\/uploads\\\/2025\\\/02\\\/Bcuzz-Hydro-Growth-product-image-BR.webp\",\"contentUrl\":\"https:\\\/\\\/atami.com\\\/wp-content\\\/uploads\\\/2025\\\/02\\\/Bcuzz-Hydro-Growth-product-image-BR.webp\",\"width\":1080,\"height\":1080},{\"@type\":\"BreadcrumbList\",\"@id\":\"https:\\\/\\\/atami.com\\\/pt-br\\\/produto\\\/bcuzz-hydro-growth#breadcrumb\",\"itemListElement\":[{\"@type\":\"ListItem\",\"position\":1,\"name\":\"Home\",\"item\":\"https:\\\/\\\/atami.com\\\/pt-br\"},{\"@type\":\"ListItem\",\"position\":2,\"name\":\"Produtos\",\"item\":\"https:\\\/\\\/atami.com\\\/pt-br\\\/shop\"},{\"@type\":\"ListItem\",\"position\":3,\"name\":\"Marcas\",\"item\":\"https:\\\/\\\/atami.com\\\/pt-br\\\/categoria-produto\\\/marcas\"},{\"@type\":\"ListItem\",\"position\":4,\"name\":\"B'cuzz\",\"item\":\"https:\\\/\\\/atami.com\\\/pt-br\\\/categoria-produto\\\/marcas\\\/b-cuzz\"},{\"@type\":\"ListItem\",\"position\":5,\"name\":\"B&#8217;cuzz Hydro Growth\"}]},{\"@type\":\"WebSite\",\"@id\":\"https:\\\/\\\/atami.com\\\/pt-br#website\",\"url\":\"https:\\\/\\\/atami.com\\\/pt-br\",\"name\":\"Atami\",\"description\":\"NATURALLY INNOVATING!\",\"publisher\":{\"@id\":\"https:\\\/\\\/atami.com\\\/pt-br#organization\"},\"potentialAction\":[{\"@type\":\"SearchAction\",\"target\":{\"@type\":\"EntryPoint\",\"urlTemplate\":\"https:\\\/\\\/atami.com\\\/pt-br?s={search_term_string}\"},\"query-input\":{\"@type\":\"PropertyValueSpecification\",\"valueRequired\":true,\"valueName\":\"search_term_string\"}}],\"inLanguage\":\"pt-BR\"},{\"@type\":\"Organization\",\"@id\":\"https:\\\/\\\/atami.com\\\/pt-br#organization\",\"name\":\"Atami\",\"url\":\"https:\\\/\\\/atami.com\\\/pt-br\",\"logo\":{\"@type\":\"ImageObject\",\"inLanguage\":\"pt-BR\",\"@id\":\"https:\\\/\\\/atami.com\\\/pt-br#\\\/schema\\\/logo\\\/image\\\/\",\"url\":\"https:\\\/\\\/atami.com\\\/wp-content\\\/uploads\\\/2026\\\/01\\\/Atami-logo-696x696px.webp\",\"contentUrl\":\"https:\\\/\\\/atami.com\\\/wp-content\\\/uploads\\\/2026\\\/01\\\/Atami-logo-696x696px.webp\",\"width\":696,\"height\":696,\"caption\":\"Atami\"},\"image\":{\"@id\":\"https:\\\/\\\/atami.com\\\/pt-br#\\\/schema\\\/logo\\\/image\\\/\"},\"sameAs\":[\"https:\\\/\\\/www.facebook.com\\\/Atami.International\",\"https:\\\/\\\/x.com\\\/AtamiEU\",\"https:\\\/\\\/www.youtube.com\\\/c\\\/AtamiInternational\",\"https:\\\/\\\/www.instagram.com\\\/atami.international\\\/\"],\"description\":\"ATAMI is a premium plant nutrition & substrate brand founded in 1997 with the mission to make exceptional cultivation achievable for everyone. From legacy to license, we offer a wide variety of innovating award-winning products to let cultivators achieve maximum results in taste & yield.\",\"email\":\"info@mginnovations.es\",\"legalName\":\"Atami\",\"numberOfEmployees\":{\"@type\":\"QuantitativeValue\",\"minValue\":\"11\",\"maxValue\":\"50\"}}]}<\/script>\n<!-- \/ Yoast SEO Premium plugin. -->","yoast_head_json":{"title":"B'cuzz Hydro Growth - Apoia as plantas com mudan\u00e7as ambientais | Atami","description":"H\u00e1 mais de vinte anos, come\u00e7amos a desenvolver o B'cuzz Hydro Growth.","robots":{"index":"index","follow":"follow","max-snippet":"max-snippet:-1","max-image-preview":"max-image-preview:large","max-video-preview":"max-video-preview:-1"},"canonical":"https:\/\/atami.com\/pt-br\/produto\/bcuzz-hydro-growth","og_locale":"pt_BR","og_type":"article","og_title":"B'cuzz Hydro Growth","og_description":"H\u00e1 mais de vinte anos, come\u00e7amos a desenvolver o B'cuzz Hydro Growth.","og_url":"https:\/\/atami.com\/pt-br\/produto\/bcuzz-hydro-growth","og_site_name":"Atami","article_publisher":"https:\/\/www.facebook.com\/Atami.International","article_modified_time":"2025-11-12T07:31:51+00:00","og_image":[{"width":1080,"height":1080,"url":"https:\/\/atami.com\/wp-content\/uploads\/2025\/02\/Bcuzz-Hydro-Growth-product-image-BR.webp","type":"image\/webp"}],"twitter_card":"summary_large_image","twitter_site":"@AtamiEU","twitter_misc":{"Est. tempo de leitura":"1 minuto"},"schema":{"@context":"https:\/\/schema.org","@graph":[{"@type":"WebPage","@id":"https:\/\/atami.com\/pt-br\/produto\/bcuzz-hydro-growth","url":"https:\/\/atami.com\/pt-br\/produto\/bcuzz-hydro-growth","name":"B'cuzz Hydro Growth - Apoia as plantas com mudan\u00e7as ambientais | Atami","isPartOf":{"@id":"https:\/\/atami.com\/pt-br#website"},"primaryImageOfPage":{"@id":"https:\/\/atami.com\/pt-br\/produto\/bcuzz-hydro-growth#primaryimage"},"image":{"@id":"https:\/\/atami.com\/pt-br\/produto\/bcuzz-hydro-growth#primaryimage"},"thumbnailUrl":"https:\/\/atami.com\/wp-content\/uploads\/2025\/02\/Bcuzz-Hydro-Growth-product-image-BR.webp","datePublished":"2025-02-24T15:14:20+00:00","dateModified":"2025-11-12T07:31:51+00:00","description":"H\u00e1 mais de vinte anos, come\u00e7amos a desenvolver o B'cuzz Hydro Growth.","breadcrumb":{"@id":"https:\/\/atami.com\/pt-br\/produto\/bcuzz-hydro-growth#breadcrumb"},"inLanguage":"pt-BR","potentialAction":[{"@type":"ReadAction","target":["https:\/\/atami.com\/pt-br\/produto\/bcuzz-hydro-growth"]}]},{"@type":"ImageObject","inLanguage":"pt-BR","@id":"https:\/\/atami.com\/pt-br\/produto\/bcuzz-hydro-growth#primaryimage","url":"https:\/\/atami.com\/wp-content\/uploads\/2025\/02\/Bcuzz-Hydro-Growth-product-image-BR.webp","contentUrl":"https:\/\/atami.com\/wp-content\/uploads\/2025\/02\/Bcuzz-Hydro-Growth-product-image-BR.webp","width":1080,"height":1080},{"@type":"BreadcrumbList","@id":"https:\/\/atami.com\/pt-br\/produto\/bcuzz-hydro-growth#breadcrumb","itemListElement":[{"@type":"ListItem","position":1,"name":"Home","item":"https:\/\/atami.com\/pt-br"},{"@type":"ListItem","position":2,"name":"Produtos","item":"https:\/\/atami.com\/pt-br\/shop"},{"@type":"ListItem","position":3,"name":"Marcas","item":"https:\/\/atami.com\/pt-br\/categoria-produto\/marcas"},{"@type":"ListItem","position":4,"name":"B'cuzz","item":"https:\/\/atami.com\/pt-br\/categoria-produto\/marcas\/b-cuzz"},{"@type":"ListItem","position":5,"name":"B&#8217;cuzz Hydro Growth"}]},{"@type":"WebSite","@id":"https:\/\/atami.com\/pt-br#website","url":"https:\/\/atami.com\/pt-br","name":"Atami","description":"NATURALLY INNOVATING!","publisher":{"@id":"https:\/\/atami.com\/pt-br#organization"},"potentialAction":[{"@type":"SearchAction","target":{"@type":"EntryPoint","urlTemplate":"https:\/\/atami.com\/pt-br?s={search_term_string}"},"query-input":{"@type":"PropertyValueSpecification","valueRequired":true,"valueName":"search_term_string"}}],"inLanguage":"pt-BR"},{"@type":"Organization","@id":"https:\/\/atami.com\/pt-br#organization","name":"Atami","url":"https:\/\/atami.com\/pt-br","logo":{"@type":"ImageObject","inLanguage":"pt-BR","@id":"https:\/\/atami.com\/pt-br#\/schema\/logo\/image\/","url":"https:\/\/atami.com\/wp-content\/uploads\/2026\/01\/Atami-logo-696x696px.webp","contentUrl":"https:\/\/atami.com\/wp-content\/uploads\/2026\/01\/Atami-logo-696x696px.webp","width":696,"height":696,"caption":"Atami"},"image":{"@id":"https:\/\/atami.com\/pt-br#\/schema\/logo\/image\/"},"sameAs":["https:\/\/www.facebook.com\/Atami.International","https:\/\/x.com\/AtamiEU","https:\/\/www.youtube.com\/c\/AtamiInternational","https:\/\/www.instagram.com\/atami.international\/"],"description":"ATAMI is a premium plant nutrition & substrate brand founded in 1997 with the mission to make exceptional cultivation achievable for everyone. From legacy to license, we offer a wide variety of innovating award-winning products to let cultivators achieve maximum results in taste & yield.","email":"info@mginnovations.es","legalName":"Atami","numberOfEmployees":{"@type":"QuantitativeValue","minValue":"11","maxValue":"50"}}]}},"_links":{"self":[{"href":"https:\/\/atami.com\/pt-br\/wp-json\/wp\/v2\/product\/203851","targetHints":{"allow":["GET"]}}],"collection":[{"href":"https:\/\/atami.com\/pt-br\/wp-json\/wp\/v2\/product"}],"about":[{"href":"https:\/\/atami.com\/pt-br\/wp-json\/wp\/v2\/types\/product"}],"replies":[{"embeddable":true,"href":"https:\/\/atami.com\/pt-br\/wp-json\/wp\/v2\/comments?post=203851"}],"wp:featuredmedia":[{"embeddable":true,"href":"https:\/\/atami.com\/pt-br\/wp-json\/wp\/v2\/media\/204190"}],"wp:attachment":[{"href":"https:\/\/atami.com\/pt-br\/wp-json\/wp\/v2\/media?parent=203851"}],"wp:term":[{"taxonomy":"product_brand","embeddable":true,"href":"https:\/\/atami.com\/pt-br\/wp-json\/wp\/v2\/product_brand?post=203851"},{"taxonomy":"product_cat","embeddable":true,"href":"https:\/\/atami.com\/pt-br\/wp-json\/wp\/v2\/product_cat?post=203851"},{"taxonomy":"product_tag","embeddable":true,"href":"https:\/\/atami.com\/pt-br\/wp-json\/wp\/v2\/product_tag?post=203851"}],"curies":[{"name":"wp","href":"https:\/\/api.w.org\/{rel}","templated":true}]}}