{"id":203827,"date":"2023-02-14T14:25:20","date_gmt":"2023-02-14T14:25:20","guid":{"rendered":"https:\/\/atami.com\/product\/wilma-large-4-complete-11l\/"},"modified":"2025-11-10T17:07:20","modified_gmt":"2025-11-10T15:07:20","slug":"wilma-large-4-complete-11l","status":"publish","type":"product","link":"https:\/\/atami.com\/pt-br\/produto\/wilma-large-4-complete-11l","title":{"rendered":"Wilma Large 4 Complete 11L"},"content":{"rendered":"<p><strong>DIMENS\u00d5ES<\/strong><br \/>\n29,5\u201c x 29,5\u201d x 7,9\u201d<br \/>\n75 cm x 75 cm x 20 cm<\/p>\n<p>&nbsp;<\/p>\n<p><strong>CONTE\u00daDO DO TANQUE<\/strong><br \/>\n50 L<\/p>\n<p>&nbsp;<\/p>\n<p>4 vasos Atami 11L, propagadores, sistema de irriga\u00e7\u00e3o + bomba<\/p>\n","protected":false},"excerpt":{"rendered":"<p>75cm x 75cm x 20cm<\/p>\n","protected":false},"featured_media":203828,"comment_status":"closed","ping_status":"closed","template":"","meta":{"_acf_changed":false,"iawp_total_views":6},"product_brand":[],"product_cat":[2518],"product_tag":[],"class_list":{"0":"post-203827","1":"product","2":"type-product","3":"status-publish","4":"has-post-thumbnail","6":"product_cat-wilma-systems","8":"first","9":"instock","10":"shipping-taxable","11":"product-type-simple"},"acf":{"short_description":"<p><strong>DIMENS\u00d5ES<\/strong><br \/>29,5\u201c x 29,5\u201d x 7,9\u201d<br \/>75 cm x 75 cm x 20 cm<\/p><p>&nbsp;<\/p><p><strong>CONTE\u00daDO DO TANQUE<\/strong><br \/>50 L<\/p><p>&nbsp;<\/p><p>4 vasos Atami 11L, propagadores, sistema de irriga\u00e7\u00e3o + bomba<\/p>","suitable_for":"","application":"","dosage":"","npk_ratio":"","available_in":"","icon_1":"","icon_1_text":"","icon_2":"","icon_2_text":"","icon_3":"","icon_3_text":"","icon_4":"","icon_4_text":"","video":"","second_image":"","product_image_page":"","user_manual":"","new_icon_1":"","new_icon_2":"","new_icon_3":"","new_icon_4":"","grow_guides":"","category":"Sistema de crescimento"},"yoast_head":"<!-- This site is optimized with the Yoast SEO Premium plugin v27.5 (Yoast SEO v27.5) - https:\/\/yoast.com\/product\/yoast-seo-premium-wordpress\/ -->\n<title>Wilma Large 4 Complete 11L - Sistema de irriga\u00e7\u00e3o | Atami<\/title>\n<meta name=\"description\" content=\"4 vasos Atami 11L, propagadores, sistema de irriga\u00e7\u00e3o + bomba\" \/>\n<meta name=\"robots\" content=\"index, follow, max-snippet:-1, max-image-preview:large, max-video-preview:-1\" \/>\n<link rel=\"canonical\" href=\"https:\/\/atami.com\/pt-br\/produto\/wilma-large-4-complete-11l\" \/>\n<meta property=\"og:locale\" content=\"pt_BR\" \/>\n<meta property=\"og:type\" content=\"article\" \/>\n<meta property=\"og:title\" content=\"Wilma Large 4 Complete 11L\" \/>\n<meta property=\"og:description\" content=\"4 vasos Atami 11L, propagadores, sistema de irriga\u00e7\u00e3o + bomba\" \/>\n<meta property=\"og:url\" content=\"https:\/\/atami.com\/pt-br\/produto\/wilma-large-4-complete-11l\" \/>\n<meta property=\"og:site_name\" content=\"Atami\" \/>\n<meta property=\"article:publisher\" content=\"https:\/\/www.facebook.com\/Atami.International\" \/>\n<meta property=\"article:modified_time\" content=\"2025-11-10T15:07:20+00:00\" \/>\n<meta property=\"og:image\" content=\"https:\/\/atami.com\/wp-content\/uploads\/2023\/02\/Wilma-Large-4-Complete-11l-Main-Image.webp\" \/>\n\t<meta property=\"og:image:width\" content=\"1080\" \/>\n\t<meta property=\"og:image:height\" content=\"1080\" \/>\n\t<meta property=\"og:image:type\" content=\"image\/webp\" \/>\n<meta name=\"twitter:card\" content=\"summary_large_image\" \/>\n<meta name=\"twitter:site\" content=\"@AtamiEU\" \/>\n<meta name=\"twitter:label1\" content=\"Est. tempo de leitura\" \/>\n\t<meta name=\"twitter:data1\" content=\"1 minuto\" \/>\n<script type=\"application\/ld+json\" class=\"yoast-schema-graph\">{\"@context\":\"https:\\\/\\\/schema.org\",\"@graph\":[{\"@type\":\"WebPage\",\"@id\":\"https:\\\/\\\/atami.com\\\/pt-br\\\/produto\\\/wilma-large-4-complete-11l\",\"url\":\"https:\\\/\\\/atami.com\\\/pt-br\\\/produto\\\/wilma-large-4-complete-11l\",\"name\":\"Wilma Large 4 Complete 11L - Sistema de irriga\u00e7\u00e3o | Atami\",\"isPartOf\":{\"@id\":\"https:\\\/\\\/atami.com\\\/pt-br#website\"},\"primaryImageOfPage\":{\"@id\":\"https:\\\/\\\/atami.com\\\/pt-br\\\/produto\\\/wilma-large-4-complete-11l#primaryimage\"},\"image\":{\"@id\":\"https:\\\/\\\/atami.com\\\/pt-br\\\/produto\\\/wilma-large-4-complete-11l#primaryimage\"},\"thumbnailUrl\":\"https:\\\/\\\/atami.com\\\/wp-content\\\/uploads\\\/2023\\\/02\\\/Wilma-Large-4-Complete-11l-Main-Image.webp\",\"datePublished\":\"2023-02-14T14:25:20+00:00\",\"dateModified\":\"2025-11-10T15:07:20+00:00\",\"description\":\"4 vasos Atami 11L, propagadores, sistema de irriga\u00e7\u00e3o + bomba\",\"breadcrumb\":{\"@id\":\"https:\\\/\\\/atami.com\\\/pt-br\\\/produto\\\/wilma-large-4-complete-11l#breadcrumb\"},\"inLanguage\":\"pt-BR\",\"potentialAction\":[{\"@type\":\"ReadAction\",\"target\":[\"https:\\\/\\\/atami.com\\\/pt-br\\\/produto\\\/wilma-large-4-complete-11l\"]}]},{\"@type\":\"ImageObject\",\"inLanguage\":\"pt-BR\",\"@id\":\"https:\\\/\\\/atami.com\\\/pt-br\\\/produto\\\/wilma-large-4-complete-11l#primaryimage\",\"url\":\"https:\\\/\\\/atami.com\\\/wp-content\\\/uploads\\\/2023\\\/02\\\/Wilma-Large-4-Complete-11l-Main-Image.webp\",\"contentUrl\":\"https:\\\/\\\/atami.com\\\/wp-content\\\/uploads\\\/2023\\\/02\\\/Wilma-Large-4-Complete-11l-Main-Image.webp\",\"width\":1080,\"height\":1080,\"caption\":\"Wilma Large 4 Complete 11L oferece uma solu\u00e7\u00e3o hidrop\u00f4nica robusta, com 4 vasos grandes e um sistema de irriga\u00e7\u00e3o integrado.\"},{\"@type\":\"BreadcrumbList\",\"@id\":\"https:\\\/\\\/atami.com\\\/pt-br\\\/produto\\\/wilma-large-4-complete-11l#breadcrumb\",\"itemListElement\":[{\"@type\":\"ListItem\",\"position\":1,\"name\":\"Home\",\"item\":\"https:\\\/\\\/atami.com\\\/pt-br\"},{\"@type\":\"ListItem\",\"position\":2,\"name\":\"Produtos\",\"item\":\"https:\\\/\\\/atami.com\\\/pt-br\\\/shop\"},{\"@type\":\"ListItem\",\"position\":3,\"name\":\"Marcas\",\"item\":\"https:\\\/\\\/atami.com\\\/pt-br\\\/categoria-produto\\\/marcas\"},{\"@type\":\"ListItem\",\"position\":4,\"name\":\"Wilma Systems\",\"item\":\"https:\\\/\\\/atami.com\\\/pt-br\\\/categoria-produto\\\/marcas\\\/wilma-systems\"},{\"@type\":\"ListItem\",\"position\":5,\"name\":\"Wilma Large 4 Complete 11L\"}]},{\"@type\":\"WebSite\",\"@id\":\"https:\\\/\\\/atami.com\\\/pt-br#website\",\"url\":\"https:\\\/\\\/atami.com\\\/pt-br\",\"name\":\"Atami\",\"description\":\"NATURALLY INNOVATING!\",\"publisher\":{\"@id\":\"https:\\\/\\\/atami.com\\\/pt-br#organization\"},\"potentialAction\":[{\"@type\":\"SearchAction\",\"target\":{\"@type\":\"EntryPoint\",\"urlTemplate\":\"https:\\\/\\\/atami.com\\\/pt-br?s={search_term_string}\"},\"query-input\":{\"@type\":\"PropertyValueSpecification\",\"valueRequired\":true,\"valueName\":\"search_term_string\"}}],\"inLanguage\":\"pt-BR\"},{\"@type\":\"Organization\",\"@id\":\"https:\\\/\\\/atami.com\\\/pt-br#organization\",\"name\":\"Atami\",\"url\":\"https:\\\/\\\/atami.com\\\/pt-br\",\"logo\":{\"@type\":\"ImageObject\",\"inLanguage\":\"pt-BR\",\"@id\":\"https:\\\/\\\/atami.com\\\/pt-br#\\\/schema\\\/logo\\\/image\\\/\",\"url\":\"https:\\\/\\\/atami.com\\\/wp-content\\\/uploads\\\/2026\\\/01\\\/Atami-logo-696x696px.webp\",\"contentUrl\":\"https:\\\/\\\/atami.com\\\/wp-content\\\/uploads\\\/2026\\\/01\\\/Atami-logo-696x696px.webp\",\"width\":696,\"height\":696,\"caption\":\"Atami\"},\"image\":{\"@id\":\"https:\\\/\\\/atami.com\\\/pt-br#\\\/schema\\\/logo\\\/image\\\/\"},\"sameAs\":[\"https:\\\/\\\/www.facebook.com\\\/Atami.International\",\"https:\\\/\\\/x.com\\\/AtamiEU\",\"https:\\\/\\\/www.youtube.com\\\/c\\\/AtamiInternational\",\"https:\\\/\\\/www.instagram.com\\\/atami.international\\\/\"],\"description\":\"ATAMI is a premium plant nutrition & substrate brand founded in 1997 with the mission to make exceptional cultivation achievable for everyone. From legacy to license, we offer a wide variety of innovating award-winning products to let cultivators achieve maximum results in taste & yield.\",\"email\":\"info@mginnovations.es\",\"legalName\":\"Atami\",\"numberOfEmployees\":{\"@type\":\"QuantitativeValue\",\"minValue\":\"11\",\"maxValue\":\"50\"}}]}<\/script>\n<!-- \/ Yoast SEO Premium plugin. -->","yoast_head_json":{"title":"Wilma Large 4 Complete 11L - Sistema de irriga\u00e7\u00e3o | Atami","description":"4 vasos Atami 11L, propagadores, sistema de irriga\u00e7\u00e3o + bomba","robots":{"index":"index","follow":"follow","max-snippet":"max-snippet:-1","max-image-preview":"max-image-preview:large","max-video-preview":"max-video-preview:-1"},"canonical":"https:\/\/atami.com\/pt-br\/produto\/wilma-large-4-complete-11l","og_locale":"pt_BR","og_type":"article","og_title":"Wilma Large 4 Complete 11L","og_description":"4 vasos Atami 11L, propagadores, sistema de irriga\u00e7\u00e3o + bomba","og_url":"https:\/\/atami.com\/pt-br\/produto\/wilma-large-4-complete-11l","og_site_name":"Atami","article_publisher":"https:\/\/www.facebook.com\/Atami.International","article_modified_time":"2025-11-10T15:07:20+00:00","og_image":[{"width":1080,"height":1080,"url":"https:\/\/atami.com\/wp-content\/uploads\/2023\/02\/Wilma-Large-4-Complete-11l-Main-Image.webp","type":"image\/webp"}],"twitter_card":"summary_large_image","twitter_site":"@AtamiEU","twitter_misc":{"Est. tempo de leitura":"1 minuto"},"schema":{"@context":"https:\/\/schema.org","@graph":[{"@type":"WebPage","@id":"https:\/\/atami.com\/pt-br\/produto\/wilma-large-4-complete-11l","url":"https:\/\/atami.com\/pt-br\/produto\/wilma-large-4-complete-11l","name":"Wilma Large 4 Complete 11L - Sistema de irriga\u00e7\u00e3o | Atami","isPartOf":{"@id":"https:\/\/atami.com\/pt-br#website"},"primaryImageOfPage":{"@id":"https:\/\/atami.com\/pt-br\/produto\/wilma-large-4-complete-11l#primaryimage"},"image":{"@id":"https:\/\/atami.com\/pt-br\/produto\/wilma-large-4-complete-11l#primaryimage"},"thumbnailUrl":"https:\/\/atami.com\/wp-content\/uploads\/2023\/02\/Wilma-Large-4-Complete-11l-Main-Image.webp","datePublished":"2023-02-14T14:25:20+00:00","dateModified":"2025-11-10T15:07:20+00:00","description":"4 vasos Atami 11L, propagadores, sistema de irriga\u00e7\u00e3o + bomba","breadcrumb":{"@id":"https:\/\/atami.com\/pt-br\/produto\/wilma-large-4-complete-11l#breadcrumb"},"inLanguage":"pt-BR","potentialAction":[{"@type":"ReadAction","target":["https:\/\/atami.com\/pt-br\/produto\/wilma-large-4-complete-11l"]}]},{"@type":"ImageObject","inLanguage":"pt-BR","@id":"https:\/\/atami.com\/pt-br\/produto\/wilma-large-4-complete-11l#primaryimage","url":"https:\/\/atami.com\/wp-content\/uploads\/2023\/02\/Wilma-Large-4-Complete-11l-Main-Image.webp","contentUrl":"https:\/\/atami.com\/wp-content\/uploads\/2023\/02\/Wilma-Large-4-Complete-11l-Main-Image.webp","width":1080,"height":1080,"caption":"Wilma Large 4 Complete 11L oferece uma solu\u00e7\u00e3o hidrop\u00f4nica robusta, com 4 vasos grandes e um sistema de irriga\u00e7\u00e3o integrado."},{"@type":"BreadcrumbList","@id":"https:\/\/atami.com\/pt-br\/produto\/wilma-large-4-complete-11l#breadcrumb","itemListElement":[{"@type":"ListItem","position":1,"name":"Home","item":"https:\/\/atami.com\/pt-br"},{"@type":"ListItem","position":2,"name":"Produtos","item":"https:\/\/atami.com\/pt-br\/shop"},{"@type":"ListItem","position":3,"name":"Marcas","item":"https:\/\/atami.com\/pt-br\/categoria-produto\/marcas"},{"@type":"ListItem","position":4,"name":"Wilma Systems","item":"https:\/\/atami.com\/pt-br\/categoria-produto\/marcas\/wilma-systems"},{"@type":"ListItem","position":5,"name":"Wilma Large 4 Complete 11L"}]},{"@type":"WebSite","@id":"https:\/\/atami.com\/pt-br#website","url":"https:\/\/atami.com\/pt-br","name":"Atami","description":"NATURALLY INNOVATING!","publisher":{"@id":"https:\/\/atami.com\/pt-br#organization"},"potentialAction":[{"@type":"SearchAction","target":{"@type":"EntryPoint","urlTemplate":"https:\/\/atami.com\/pt-br?s={search_term_string}"},"query-input":{"@type":"PropertyValueSpecification","valueRequired":true,"valueName":"search_term_string"}}],"inLanguage":"pt-BR"},{"@type":"Organization","@id":"https:\/\/atami.com\/pt-br#organization","name":"Atami","url":"https:\/\/atami.com\/pt-br","logo":{"@type":"ImageObject","inLanguage":"pt-BR","@id":"https:\/\/atami.com\/pt-br#\/schema\/logo\/image\/","url":"https:\/\/atami.com\/wp-content\/uploads\/2026\/01\/Atami-logo-696x696px.webp","contentUrl":"https:\/\/atami.com\/wp-content\/uploads\/2026\/01\/Atami-logo-696x696px.webp","width":696,"height":696,"caption":"Atami"},"image":{"@id":"https:\/\/atami.com\/pt-br#\/schema\/logo\/image\/"},"sameAs":["https:\/\/www.facebook.com\/Atami.International","https:\/\/x.com\/AtamiEU","https:\/\/www.youtube.com\/c\/AtamiInternational","https:\/\/www.instagram.com\/atami.international\/"],"description":"ATAMI is a premium plant nutrition & substrate brand founded in 1997 with the mission to make exceptional cultivation achievable for everyone. From legacy to license, we offer a wide variety of innovating award-winning products to let cultivators achieve maximum results in taste & yield.","email":"info@mginnovations.es","legalName":"Atami","numberOfEmployees":{"@type":"QuantitativeValue","minValue":"11","maxValue":"50"}}]}},"_links":{"self":[{"href":"https:\/\/atami.com\/pt-br\/wp-json\/wp\/v2\/product\/203827","targetHints":{"allow":["GET"]}}],"collection":[{"href":"https:\/\/atami.com\/pt-br\/wp-json\/wp\/v2\/product"}],"about":[{"href":"https:\/\/atami.com\/pt-br\/wp-json\/wp\/v2\/types\/product"}],"replies":[{"embeddable":true,"href":"https:\/\/atami.com\/pt-br\/wp-json\/wp\/v2\/comments?post=203827"}],"wp:featuredmedia":[{"embeddable":true,"href":"https:\/\/atami.com\/pt-br\/wp-json\/wp\/v2\/media\/203828"}],"wp:attachment":[{"href":"https:\/\/atami.com\/pt-br\/wp-json\/wp\/v2\/media?parent=203827"}],"wp:term":[{"taxonomy":"product_brand","embeddable":true,"href":"https:\/\/atami.com\/pt-br\/wp-json\/wp\/v2\/product_brand?post=203827"},{"taxonomy":"product_cat","embeddable":true,"href":"https:\/\/atami.com\/pt-br\/wp-json\/wp\/v2\/product_cat?post=203827"},{"taxonomy":"product_tag","embeddable":true,"href":"https:\/\/atami.com\/pt-br\/wp-json\/wp\/v2\/product_tag?post=203827"}],"curies":[{"name":"wp","href":"https:\/\/api.w.org\/{rel}","templated":true}]}}