{"id":203825,"date":"2023-06-14T09:08:40","date_gmt":"2023-06-14T09:08:40","guid":{"rendered":"https:\/\/atami.com\/product\/bcuzz-root\/"},"modified":"2025-11-12T09:26:11","modified_gmt":"2025-11-12T07:26:11","slug":"bcuzz-root","status":"publish","type":"product","link":"https:\/\/atami.com\/pt-br\/produto\/bcuzz-root","title":{"rendered":"B&#8217;cuzz Root"},"content":{"rendered":"","protected":false},"excerpt":{"rendered":"<p>Mais fortes, mais saud\u00e1veis e mais ra\u00edzes<\/p>\n","protected":false},"featured_media":203642,"comment_status":"closed","ping_status":"closed","template":"","meta":{"_acf_changed":false,"iawp_total_views":25},"product_brand":[],"product_cat":[2517,2521],"product_tag":[],"class_list":{"0":"post-203825","1":"product","2":"type-product","3":"status-publish","4":"has-post-thumbnail","6":"product_cat-b-cuzz","7":"product_cat-estimuladores","9":"first","10":"instock","11":"shipping-taxable","12":"product-type-simple"},"acf":{"short_description":"<strong>O B'cuzz Root \u00e9 um fertilizante para ra\u00edzes especialmente formulado, rico em NPK, para melhorar o crescimento das ra\u00edzes das plantas.<\/strong>&nbsp;O nitrog\u00eanio, o pot\u00e1ssio e o f\u00f3sforo d\u00e3o suporte \u00e0 planta durante o desenvolvimento das ra\u00edzes. Quanto mais ra\u00edzes houver, melhor ser\u00e1 a conex\u00e3o entre o solo e a planta. Um sistema radicular bem estabelecido otimiza a absor\u00e7\u00e3o e o transporte de \u00e1gua e nutrientes pela planta, permitindo que ela armazene e\/ou transporte todos os nutrientes do solo com mais efici\u00eancia. Al\u00e9m disso, ele ancora a planta no substrato, permitindo que ela suporte flores e frutos maiores em um est\u00e1gio posterior. Ra\u00edzes saud\u00e1veis tamb\u00e9m tornam a planta mais resistente a v\u00e1rios tipos de estresse.&nbsp;O B'cuzz Root n\u00e3o cont\u00e9m apenas NPK para nutrir suas plantas, mas tamb\u00e9m \u00e9 enriquecido com \u00e1cidos h\u00famicos para promover o desenvolvimento saud\u00e1vel das ra\u00edzes.","suitable_for":"Diferentes tipos de vegetais e frutas. Tamb\u00e9m pode ser usado para plantas com flores. Basta ajustar a dosagem necess\u00e1ria para atender \u00e0s necessidades de cada planta ou cultivo.","application":"Adicione diariamente ao regar a planta nas primeiras 2 semanas.","dosage":"0,5 - 1 ml por litro de \u00e1gua.","npk_ratio":"N 0,8 W\/W\r\nP 4,6 W\/W\r\nK 1,8 W\/W","available_in":"100ML, 250 ML, 500 ML, 1L e 5L","icon_1":10624,"icon_1_text":"RA\u00cdZES SAUD\u00c1VEIS","icon_2":10629,"icon_2_text":"MELHOR ABSOR\u00c7\u00c3O DE NUTRIENTES","icon_3":10634,"icon_3_text":"MELHOR CRESCIMENTO","icon_4":"","icon_4_text":"","video":"","second_image":11401,"product_image_page":25819,"user_manual":"","new_icon_1":"","new_icon_2":"","new_icon_3":"","new_icon_4":"","grow_guides":"","category":"Estimulador"},"yoast_head":"<!-- This site is optimized with the Yoast SEO Premium plugin v27.5 (Yoast SEO v27.5) - https:\/\/yoast.com\/product\/yoast-seo-premium-wordpress\/ -->\n<title>B&#039;cuzz Root | Mais fortes, mais saud\u00e1veis e mais ra\u00edzes | Atami<\/title>\n<meta name=\"description\" content=\"O B&#039;cuzz Root \u00e9 um fertilizante para ra\u00edzes especialmente formulado, rico em NPK, para melhorar o crescimento das ra\u00edzes das plantas.\" \/>\n<meta name=\"robots\" content=\"index, follow, max-snippet:-1, max-image-preview:large, max-video-preview:-1\" \/>\n<link rel=\"canonical\" href=\"https:\/\/atami.com\/pt-br\/produto\/bcuzz-root\" \/>\n<meta property=\"og:locale\" content=\"pt_BR\" \/>\n<meta property=\"og:type\" content=\"article\" \/>\n<meta property=\"og:title\" content=\"B&#039;cuzz Root\" \/>\n<meta property=\"og:description\" content=\"O B&#039;cuzz Root \u00e9 um fertilizante para ra\u00edzes especialmente formulado, rico em NPK, para melhorar o crescimento das ra\u00edzes das plantas.\" \/>\n<meta property=\"og:url\" content=\"https:\/\/atami.com\/pt-br\/produto\/bcuzz-root\" \/>\n<meta property=\"og:site_name\" content=\"Atami\" \/>\n<meta property=\"article:publisher\" content=\"https:\/\/www.facebook.com\/Atami.International\" \/>\n<meta property=\"article:modified_time\" content=\"2025-11-12T07:26:11+00:00\" \/>\n<meta property=\"og:image\" content=\"https:\/\/atami.com\/wp-content\/uploads\/2025\/02\/Bcuzz-Root-product-image-BR.webp\" \/>\n\t<meta property=\"og:image:width\" content=\"1080\" \/>\n\t<meta property=\"og:image:height\" content=\"1080\" \/>\n\t<meta property=\"og:image:type\" content=\"image\/webp\" \/>\n<meta name=\"twitter:card\" content=\"summary_large_image\" \/>\n<meta name=\"twitter:site\" content=\"@AtamiEU\" \/>\n<meta name=\"twitter:label1\" content=\"Est. tempo de leitura\" \/>\n\t<meta name=\"twitter:data1\" content=\"1 minuto\" \/>\n<script type=\"application\/ld+json\" class=\"yoast-schema-graph\">{\"@context\":\"https:\\\/\\\/schema.org\",\"@graph\":[{\"@type\":\"WebPage\",\"@id\":\"https:\\\/\\\/atami.com\\\/pt-br\\\/produto\\\/bcuzz-root\",\"url\":\"https:\\\/\\\/atami.com\\\/pt-br\\\/produto\\\/bcuzz-root\",\"name\":\"B'cuzz Root | Mais fortes, mais saud\u00e1veis e mais ra\u00edzes | Atami\",\"isPartOf\":{\"@id\":\"https:\\\/\\\/atami.com\\\/pt-br#website\"},\"primaryImageOfPage\":{\"@id\":\"https:\\\/\\\/atami.com\\\/pt-br\\\/produto\\\/bcuzz-root#primaryimage\"},\"image\":{\"@id\":\"https:\\\/\\\/atami.com\\\/pt-br\\\/produto\\\/bcuzz-root#primaryimage\"},\"thumbnailUrl\":\"https:\\\/\\\/atami.com\\\/wp-content\\\/uploads\\\/2025\\\/02\\\/Bcuzz-Root-product-image-BR.webp\",\"datePublished\":\"2023-06-14T09:08:40+00:00\",\"dateModified\":\"2025-11-12T07:26:11+00:00\",\"description\":\"O B'cuzz Root \u00e9 um fertilizante para ra\u00edzes especialmente formulado, rico em NPK, para melhorar o crescimento das ra\u00edzes das plantas.\",\"breadcrumb\":{\"@id\":\"https:\\\/\\\/atami.com\\\/pt-br\\\/produto\\\/bcuzz-root#breadcrumb\"},\"inLanguage\":\"pt-BR\",\"potentialAction\":[{\"@type\":\"ReadAction\",\"target\":[\"https:\\\/\\\/atami.com\\\/pt-br\\\/produto\\\/bcuzz-root\"]}]},{\"@type\":\"ImageObject\",\"inLanguage\":\"pt-BR\",\"@id\":\"https:\\\/\\\/atami.com\\\/pt-br\\\/produto\\\/bcuzz-root#primaryimage\",\"url\":\"https:\\\/\\\/atami.com\\\/wp-content\\\/uploads\\\/2025\\\/02\\\/Bcuzz-Root-product-image-BR.webp\",\"contentUrl\":\"https:\\\/\\\/atami.com\\\/wp-content\\\/uploads\\\/2025\\\/02\\\/Bcuzz-Root-product-image-BR.webp\",\"width\":1080,\"height\":1080,\"caption\":\"B'cuzz Root\"},{\"@type\":\"BreadcrumbList\",\"@id\":\"https:\\\/\\\/atami.com\\\/pt-br\\\/produto\\\/bcuzz-root#breadcrumb\",\"itemListElement\":[{\"@type\":\"ListItem\",\"position\":1,\"name\":\"Home\",\"item\":\"https:\\\/\\\/atami.com\\\/pt-br\"},{\"@type\":\"ListItem\",\"position\":2,\"name\":\"Produtos\",\"item\":\"https:\\\/\\\/atami.com\\\/pt-br\\\/shop\"},{\"@type\":\"ListItem\",\"position\":3,\"name\":\"Nutri\u00e7\u00e3o de plantas\",\"item\":\"https:\\\/\\\/atami.com\\\/pt-br\\\/categoria-produto\\\/nutricao-de-plantas\"},{\"@type\":\"ListItem\",\"position\":4,\"name\":\"Estimuladores\",\"item\":\"https:\\\/\\\/atami.com\\\/pt-br\\\/categoria-produto\\\/nutricao-de-plantas\\\/estimuladores\"},{\"@type\":\"ListItem\",\"position\":5,\"name\":\"B&#8217;cuzz Root\"}]},{\"@type\":\"WebSite\",\"@id\":\"https:\\\/\\\/atami.com\\\/pt-br#website\",\"url\":\"https:\\\/\\\/atami.com\\\/pt-br\",\"name\":\"Atami\",\"description\":\"NATURALLY INNOVATING!\",\"publisher\":{\"@id\":\"https:\\\/\\\/atami.com\\\/pt-br#organization\"},\"potentialAction\":[{\"@type\":\"SearchAction\",\"target\":{\"@type\":\"EntryPoint\",\"urlTemplate\":\"https:\\\/\\\/atami.com\\\/pt-br?s={search_term_string}\"},\"query-input\":{\"@type\":\"PropertyValueSpecification\",\"valueRequired\":true,\"valueName\":\"search_term_string\"}}],\"inLanguage\":\"pt-BR\"},{\"@type\":\"Organization\",\"@id\":\"https:\\\/\\\/atami.com\\\/pt-br#organization\",\"name\":\"Atami\",\"url\":\"https:\\\/\\\/atami.com\\\/pt-br\",\"logo\":{\"@type\":\"ImageObject\",\"inLanguage\":\"pt-BR\",\"@id\":\"https:\\\/\\\/atami.com\\\/pt-br#\\\/schema\\\/logo\\\/image\\\/\",\"url\":\"https:\\\/\\\/atami.com\\\/wp-content\\\/uploads\\\/2026\\\/01\\\/Atami-logo-696x696px.webp\",\"contentUrl\":\"https:\\\/\\\/atami.com\\\/wp-content\\\/uploads\\\/2026\\\/01\\\/Atami-logo-696x696px.webp\",\"width\":696,\"height\":696,\"caption\":\"Atami\"},\"image\":{\"@id\":\"https:\\\/\\\/atami.com\\\/pt-br#\\\/schema\\\/logo\\\/image\\\/\"},\"sameAs\":[\"https:\\\/\\\/www.facebook.com\\\/Atami.International\",\"https:\\\/\\\/x.com\\\/AtamiEU\",\"https:\\\/\\\/www.youtube.com\\\/c\\\/AtamiInternational\",\"https:\\\/\\\/www.instagram.com\\\/atami.international\\\/\"],\"description\":\"ATAMI is a premium plant nutrition & substrate brand founded in 1997 with the mission to make exceptional cultivation achievable for everyone. From legacy to license, we offer a wide variety of innovating award-winning products to let cultivators achieve maximum results in taste & yield.\",\"email\":\"info@mginnovations.es\",\"legalName\":\"Atami\",\"numberOfEmployees\":{\"@type\":\"QuantitativeValue\",\"minValue\":\"11\",\"maxValue\":\"50\"}}]}<\/script>\n<!-- \/ Yoast SEO Premium plugin. -->","yoast_head_json":{"title":"B'cuzz Root | Mais fortes, mais saud\u00e1veis e mais ra\u00edzes | Atami","description":"O B'cuzz Root \u00e9 um fertilizante para ra\u00edzes especialmente formulado, rico em NPK, para melhorar o crescimento das ra\u00edzes das plantas.","robots":{"index":"index","follow":"follow","max-snippet":"max-snippet:-1","max-image-preview":"max-image-preview:large","max-video-preview":"max-video-preview:-1"},"canonical":"https:\/\/atami.com\/pt-br\/produto\/bcuzz-root","og_locale":"pt_BR","og_type":"article","og_title":"B'cuzz Root","og_description":"O B'cuzz Root \u00e9 um fertilizante para ra\u00edzes especialmente formulado, rico em NPK, para melhorar o crescimento das ra\u00edzes das plantas.","og_url":"https:\/\/atami.com\/pt-br\/produto\/bcuzz-root","og_site_name":"Atami","article_publisher":"https:\/\/www.facebook.com\/Atami.International","article_modified_time":"2025-11-12T07:26:11+00:00","og_image":[{"width":1080,"height":1080,"url":"https:\/\/atami.com\/wp-content\/uploads\/2025\/02\/Bcuzz-Root-product-image-BR.webp","type":"image\/webp"}],"twitter_card":"summary_large_image","twitter_site":"@AtamiEU","twitter_misc":{"Est. tempo de leitura":"1 minuto"},"schema":{"@context":"https:\/\/schema.org","@graph":[{"@type":"WebPage","@id":"https:\/\/atami.com\/pt-br\/produto\/bcuzz-root","url":"https:\/\/atami.com\/pt-br\/produto\/bcuzz-root","name":"B'cuzz Root | Mais fortes, mais saud\u00e1veis e mais ra\u00edzes | Atami","isPartOf":{"@id":"https:\/\/atami.com\/pt-br#website"},"primaryImageOfPage":{"@id":"https:\/\/atami.com\/pt-br\/produto\/bcuzz-root#primaryimage"},"image":{"@id":"https:\/\/atami.com\/pt-br\/produto\/bcuzz-root#primaryimage"},"thumbnailUrl":"https:\/\/atami.com\/wp-content\/uploads\/2025\/02\/Bcuzz-Root-product-image-BR.webp","datePublished":"2023-06-14T09:08:40+00:00","dateModified":"2025-11-12T07:26:11+00:00","description":"O B'cuzz Root \u00e9 um fertilizante para ra\u00edzes especialmente formulado, rico em NPK, para melhorar o crescimento das ra\u00edzes das plantas.","breadcrumb":{"@id":"https:\/\/atami.com\/pt-br\/produto\/bcuzz-root#breadcrumb"},"inLanguage":"pt-BR","potentialAction":[{"@type":"ReadAction","target":["https:\/\/atami.com\/pt-br\/produto\/bcuzz-root"]}]},{"@type":"ImageObject","inLanguage":"pt-BR","@id":"https:\/\/atami.com\/pt-br\/produto\/bcuzz-root#primaryimage","url":"https:\/\/atami.com\/wp-content\/uploads\/2025\/02\/Bcuzz-Root-product-image-BR.webp","contentUrl":"https:\/\/atami.com\/wp-content\/uploads\/2025\/02\/Bcuzz-Root-product-image-BR.webp","width":1080,"height":1080,"caption":"B'cuzz Root"},{"@type":"BreadcrumbList","@id":"https:\/\/atami.com\/pt-br\/produto\/bcuzz-root#breadcrumb","itemListElement":[{"@type":"ListItem","position":1,"name":"Home","item":"https:\/\/atami.com\/pt-br"},{"@type":"ListItem","position":2,"name":"Produtos","item":"https:\/\/atami.com\/pt-br\/shop"},{"@type":"ListItem","position":3,"name":"Nutri\u00e7\u00e3o de plantas","item":"https:\/\/atami.com\/pt-br\/categoria-produto\/nutricao-de-plantas"},{"@type":"ListItem","position":4,"name":"Estimuladores","item":"https:\/\/atami.com\/pt-br\/categoria-produto\/nutricao-de-plantas\/estimuladores"},{"@type":"ListItem","position":5,"name":"B&#8217;cuzz Root"}]},{"@type":"WebSite","@id":"https:\/\/atami.com\/pt-br#website","url":"https:\/\/atami.com\/pt-br","name":"Atami","description":"NATURALLY INNOVATING!","publisher":{"@id":"https:\/\/atami.com\/pt-br#organization"},"potentialAction":[{"@type":"SearchAction","target":{"@type":"EntryPoint","urlTemplate":"https:\/\/atami.com\/pt-br?s={search_term_string}"},"query-input":{"@type":"PropertyValueSpecification","valueRequired":true,"valueName":"search_term_string"}}],"inLanguage":"pt-BR"},{"@type":"Organization","@id":"https:\/\/atami.com\/pt-br#organization","name":"Atami","url":"https:\/\/atami.com\/pt-br","logo":{"@type":"ImageObject","inLanguage":"pt-BR","@id":"https:\/\/atami.com\/pt-br#\/schema\/logo\/image\/","url":"https:\/\/atami.com\/wp-content\/uploads\/2026\/01\/Atami-logo-696x696px.webp","contentUrl":"https:\/\/atami.com\/wp-content\/uploads\/2026\/01\/Atami-logo-696x696px.webp","width":696,"height":696,"caption":"Atami"},"image":{"@id":"https:\/\/atami.com\/pt-br#\/schema\/logo\/image\/"},"sameAs":["https:\/\/www.facebook.com\/Atami.International","https:\/\/x.com\/AtamiEU","https:\/\/www.youtube.com\/c\/AtamiInternational","https:\/\/www.instagram.com\/atami.international\/"],"description":"ATAMI is a premium plant nutrition & substrate brand founded in 1997 with the mission to make exceptional cultivation achievable for everyone. From legacy to license, we offer a wide variety of innovating award-winning products to let cultivators achieve maximum results in taste & yield.","email":"info@mginnovations.es","legalName":"Atami","numberOfEmployees":{"@type":"QuantitativeValue","minValue":"11","maxValue":"50"}}]}},"_links":{"self":[{"href":"https:\/\/atami.com\/pt-br\/wp-json\/wp\/v2\/product\/203825","targetHints":{"allow":["GET"]}}],"collection":[{"href":"https:\/\/atami.com\/pt-br\/wp-json\/wp\/v2\/product"}],"about":[{"href":"https:\/\/atami.com\/pt-br\/wp-json\/wp\/v2\/types\/product"}],"replies":[{"embeddable":true,"href":"https:\/\/atami.com\/pt-br\/wp-json\/wp\/v2\/comments?post=203825"}],"wp:featuredmedia":[{"embeddable":true,"href":"https:\/\/atami.com\/pt-br\/wp-json\/wp\/v2\/media\/203642"}],"wp:attachment":[{"href":"https:\/\/atami.com\/pt-br\/wp-json\/wp\/v2\/media?parent=203825"}],"wp:term":[{"taxonomy":"product_brand","embeddable":true,"href":"https:\/\/atami.com\/pt-br\/wp-json\/wp\/v2\/product_brand?post=203825"},{"taxonomy":"product_cat","embeddable":true,"href":"https:\/\/atami.com\/pt-br\/wp-json\/wp\/v2\/product_cat?post=203825"},{"taxonomy":"product_tag","embeddable":true,"href":"https:\/\/atami.com\/pt-br\/wp-json\/wp\/v2\/product_tag?post=203825"}],"curies":[{"name":"wp","href":"https:\/\/api.w.org\/{rel}","templated":true}]}}