{"id":203813,"date":"2023-06-13T12:52:10","date_gmt":"2023-06-13T12:52:10","guid":{"rendered":"https:\/\/atami.com\/product\/bcuzz-bloom\/"},"modified":"2025-11-12T09:20:49","modified_gmt":"2025-11-12T07:20:49","slug":"bcuzz-bloom","status":"publish","type":"product","link":"https:\/\/atami.com\/pt-br\/produto\/bcuzz-bloom","title":{"rendered":"B&#8217;cuzz Bloom"},"content":{"rendered":"<p>&#8211;<\/p>\n","protected":false},"excerpt":{"rendered":"<p>Mais densa, mais firme e mais flores e frutas<\/p>\n","protected":false},"featured_media":203640,"comment_status":"closed","ping_status":"closed","template":"","meta":{"_acf_changed":false,"iawp_total_views":12},"product_brand":[],"product_cat":[2517,2521],"product_tag":[],"class_list":{"0":"post-203813","1":"product","2":"type-product","3":"status-publish","4":"has-post-thumbnail","6":"product_cat-b-cuzz","7":"product_cat-estimuladores","9":"first","10":"instock","11":"shipping-taxable","12":"product-type-simple"},"acf":{"short_description":"<strong>A fase de flora\u00e7\u00e3o \u00e9 uma parte interessante do ciclo de vida da planta, durante a qual o crescimento vegetativo \u00e9 reduzido e o desenvolvimento generativo come\u00e7a.<\/strong>&nbsp;O B'cuzz Bloom cont\u00e9m uma alta concentra\u00e7\u00e3o de f\u00f3sforo e pot\u00e1ssio. O f\u00f3sforo e o pot\u00e1ssio melhoram a fase de flora\u00e7\u00e3o e amadurecimento, tornando-a mais intensa. A adi\u00e7\u00e3o desses elementos resulta em uma maior produ\u00e7\u00e3o de frutos e flores mais densos e firmes.&nbsp;Al\u00e9m disso, o B'cuzz Bloom cont\u00e9m \u00e1cidos h\u00famicos. Os \u00e1cidos h\u00famicos ajudam a melhorar a absor\u00e7\u00e3o de nutrientes, de modo que suas plantas far\u00e3o melhor uso dos nutrientes do B'cuzz Bloom.","suitable_for":"Diferentes tipos de vegetais e frutas. Tamb\u00e9m pode ser usado para plantas com flores. Basta ajustar a dosagem necess\u00e1ria para atender \u00e0s necessidades de cada planta ou cultivo.","application":"O B'cuzz Bloom \u00e9 f\u00e1cil de usar! Assim que as primeiras flores come\u00e7arem a se formar, adicione-o a cada rega. Para obter o efeito ideal, use em combina\u00e7\u00e3o com o B'cuzz Hydro Growth no in\u00edcio da flora\u00e7\u00e3o, mas somente durante a primeira ou a segunda semana de flora\u00e7\u00e3o; depois disso, continue sozinho com o B'cuzz Bloom.O B'cuzz Bloom pode ser combinado com todos os fertilizantes padr\u00e3o. Al\u00e9m disso, ele \u00e9 altamente concentrado, como todos os produtos da linha B'cuzz.","dosage":"0,5 ml - 1 ml por litro de \u00e1gua.","npk_ratio":"P 3,8 W\/W\r\nK 3,6 W\/W","available_in":"100 ML, 250 ML, 500 ML, 1L e 5L","icon_1":10649,"icon_1_text":"PER\u00cdODO DE FLORA\u00c7\u00c3O MAIS LONGO E MAIS INTENSO","icon_2":10654,"icon_2_text":"\u00d3TIMO CHEIRO E SABOR","icon_3":10659,"icon_3_text":"F\u00c1CIL DE COMBINAR COM NUTRIENTES B\u00c1SICOS","icon_4":"","icon_4_text":"","video":"","second_image":25963,"product_image_page":203814,"user_manual":"","new_icon_1":"","new_icon_2":"","new_icon_3":"","new_icon_4":"","grow_guides":"","category":"Estimulador"},"yoast_head":"<!-- This site is optimized with the Yoast SEO Premium plugin v27.5 (Yoast SEO v27.5) - https:\/\/yoast.com\/product\/yoast-seo-premium-wordpress\/ -->\n<title>B&#039;cuzz Bloom - Mais densa, mais firme e mais flores e frutas | Atami<\/title>\n<meta name=\"description\" content=\"A fase de flora\u00e7\u00e3o \u00e9 uma parte interessante do ciclo de vida da planta, durante a qual o crescimento vegetativo \u00e9 reduzido e o desenvolvimento generativo come\u00e7a.\" \/>\n<meta name=\"robots\" content=\"index, follow, max-snippet:-1, max-image-preview:large, max-video-preview:-1\" \/>\n<link rel=\"canonical\" href=\"https:\/\/atami.com\/pt-br\/produto\/bcuzz-bloom\" \/>\n<meta property=\"og:locale\" content=\"pt_BR\" \/>\n<meta property=\"og:type\" content=\"article\" \/>\n<meta property=\"og:title\" content=\"B&#039;cuzz Bloom\" \/>\n<meta property=\"og:description\" content=\"A fase de flora\u00e7\u00e3o \u00e9 uma parte interessante do ciclo de vida da planta, durante a qual o crescimento vegetativo \u00e9 reduzido e o desenvolvimento generativo come\u00e7a.\" \/>\n<meta property=\"og:url\" content=\"https:\/\/atami.com\/pt-br\/produto\/bcuzz-bloom\" \/>\n<meta property=\"og:site_name\" content=\"Atami\" \/>\n<meta property=\"article:publisher\" content=\"https:\/\/www.facebook.com\/Atami.International\" \/>\n<meta property=\"article:modified_time\" content=\"2025-11-12T07:20:49+00:00\" \/>\n<meta property=\"og:image\" content=\"https:\/\/atami.com\/wp-content\/uploads\/2025\/02\/Bcuzz-Bloom-product-image-BR.webp\" \/>\n\t<meta property=\"og:image:width\" content=\"1080\" \/>\n\t<meta property=\"og:image:height\" content=\"1080\" \/>\n\t<meta property=\"og:image:type\" content=\"image\/webp\" \/>\n<meta name=\"twitter:card\" content=\"summary_large_image\" \/>\n<meta name=\"twitter:site\" content=\"@AtamiEU\" \/>\n<meta name=\"twitter:label1\" content=\"Est. tempo de leitura\" \/>\n\t<meta name=\"twitter:data1\" content=\"1 minuto\" \/>\n<script type=\"application\/ld+json\" class=\"yoast-schema-graph\">{\"@context\":\"https:\\\/\\\/schema.org\",\"@graph\":[{\"@type\":\"WebPage\",\"@id\":\"https:\\\/\\\/atami.com\\\/pt-br\\\/produto\\\/bcuzz-bloom\",\"url\":\"https:\\\/\\\/atami.com\\\/pt-br\\\/produto\\\/bcuzz-bloom\",\"name\":\"B'cuzz Bloom - Mais densa, mais firme e mais flores e frutas | Atami\",\"isPartOf\":{\"@id\":\"https:\\\/\\\/atami.com\\\/pt-br#website\"},\"primaryImageOfPage\":{\"@id\":\"https:\\\/\\\/atami.com\\\/pt-br\\\/produto\\\/bcuzz-bloom#primaryimage\"},\"image\":{\"@id\":\"https:\\\/\\\/atami.com\\\/pt-br\\\/produto\\\/bcuzz-bloom#primaryimage\"},\"thumbnailUrl\":\"https:\\\/\\\/atami.com\\\/wp-content\\\/uploads\\\/2025\\\/02\\\/Bcuzz-Bloom-product-image-BR.webp\",\"datePublished\":\"2023-06-13T12:52:10+00:00\",\"dateModified\":\"2025-11-12T07:20:49+00:00\",\"description\":\"A fase de flora\u00e7\u00e3o \u00e9 uma parte interessante do ciclo de vida da planta, durante a qual o crescimento vegetativo \u00e9 reduzido e o desenvolvimento generativo come\u00e7a.\",\"breadcrumb\":{\"@id\":\"https:\\\/\\\/atami.com\\\/pt-br\\\/produto\\\/bcuzz-bloom#breadcrumb\"},\"inLanguage\":\"pt-BR\",\"potentialAction\":[{\"@type\":\"ReadAction\",\"target\":[\"https:\\\/\\\/atami.com\\\/pt-br\\\/produto\\\/bcuzz-bloom\"]}]},{\"@type\":\"ImageObject\",\"inLanguage\":\"pt-BR\",\"@id\":\"https:\\\/\\\/atami.com\\\/pt-br\\\/produto\\\/bcuzz-bloom#primaryimage\",\"url\":\"https:\\\/\\\/atami.com\\\/wp-content\\\/uploads\\\/2025\\\/02\\\/Bcuzz-Bloom-product-image-BR.webp\",\"contentUrl\":\"https:\\\/\\\/atami.com\\\/wp-content\\\/uploads\\\/2025\\\/02\\\/Bcuzz-Bloom-product-image-BR.webp\",\"width\":1080,\"height\":1080,\"caption\":\"B'cuzz Bloom\"},{\"@type\":\"BreadcrumbList\",\"@id\":\"https:\\\/\\\/atami.com\\\/pt-br\\\/produto\\\/bcuzz-bloom#breadcrumb\",\"itemListElement\":[{\"@type\":\"ListItem\",\"position\":1,\"name\":\"Home\",\"item\":\"https:\\\/\\\/atami.com\\\/pt-br\"},{\"@type\":\"ListItem\",\"position\":2,\"name\":\"Produtos\",\"item\":\"https:\\\/\\\/atami.com\\\/pt-br\\\/shop\"},{\"@type\":\"ListItem\",\"position\":3,\"name\":\"Marcas\",\"item\":\"https:\\\/\\\/atami.com\\\/pt-br\\\/categoria-produto\\\/marcas\"},{\"@type\":\"ListItem\",\"position\":4,\"name\":\"B'cuzz\",\"item\":\"https:\\\/\\\/atami.com\\\/pt-br\\\/categoria-produto\\\/marcas\\\/b-cuzz\"},{\"@type\":\"ListItem\",\"position\":5,\"name\":\"B&#8217;cuzz Bloom\"}]},{\"@type\":\"WebSite\",\"@id\":\"https:\\\/\\\/atami.com\\\/pt-br#website\",\"url\":\"https:\\\/\\\/atami.com\\\/pt-br\",\"name\":\"Atami\",\"description\":\"NATURALLY INNOVATING!\",\"publisher\":{\"@id\":\"https:\\\/\\\/atami.com\\\/pt-br#organization\"},\"potentialAction\":[{\"@type\":\"SearchAction\",\"target\":{\"@type\":\"EntryPoint\",\"urlTemplate\":\"https:\\\/\\\/atami.com\\\/pt-br?s={search_term_string}\"},\"query-input\":{\"@type\":\"PropertyValueSpecification\",\"valueRequired\":true,\"valueName\":\"search_term_string\"}}],\"inLanguage\":\"pt-BR\"},{\"@type\":\"Organization\",\"@id\":\"https:\\\/\\\/atami.com\\\/pt-br#organization\",\"name\":\"Atami\",\"url\":\"https:\\\/\\\/atami.com\\\/pt-br\",\"logo\":{\"@type\":\"ImageObject\",\"inLanguage\":\"pt-BR\",\"@id\":\"https:\\\/\\\/atami.com\\\/pt-br#\\\/schema\\\/logo\\\/image\\\/\",\"url\":\"https:\\\/\\\/atami.com\\\/wp-content\\\/uploads\\\/2026\\\/01\\\/Atami-logo-696x696px.webp\",\"contentUrl\":\"https:\\\/\\\/atami.com\\\/wp-content\\\/uploads\\\/2026\\\/01\\\/Atami-logo-696x696px.webp\",\"width\":696,\"height\":696,\"caption\":\"Atami\"},\"image\":{\"@id\":\"https:\\\/\\\/atami.com\\\/pt-br#\\\/schema\\\/logo\\\/image\\\/\"},\"sameAs\":[\"https:\\\/\\\/www.facebook.com\\\/Atami.International\",\"https:\\\/\\\/x.com\\\/AtamiEU\",\"https:\\\/\\\/www.youtube.com\\\/c\\\/AtamiInternational\",\"https:\\\/\\\/www.instagram.com\\\/atami.international\\\/\"],\"description\":\"ATAMI is a premium plant nutrition & substrate brand founded in 1997 with the mission to make exceptional cultivation achievable for everyone. From legacy to license, we offer a wide variety of innovating award-winning products to let cultivators achieve maximum results in taste & yield.\",\"email\":\"info@mginnovations.es\",\"legalName\":\"Atami\",\"numberOfEmployees\":{\"@type\":\"QuantitativeValue\",\"minValue\":\"11\",\"maxValue\":\"50\"}}]}<\/script>\n<!-- \/ Yoast SEO Premium plugin. -->","yoast_head_json":{"title":"B'cuzz Bloom - Mais densa, mais firme e mais flores e frutas | Atami","description":"A fase de flora\u00e7\u00e3o \u00e9 uma parte interessante do ciclo de vida da planta, durante a qual o crescimento vegetativo \u00e9 reduzido e o desenvolvimento generativo come\u00e7a.","robots":{"index":"index","follow":"follow","max-snippet":"max-snippet:-1","max-image-preview":"max-image-preview:large","max-video-preview":"max-video-preview:-1"},"canonical":"https:\/\/atami.com\/pt-br\/produto\/bcuzz-bloom","og_locale":"pt_BR","og_type":"article","og_title":"B'cuzz Bloom","og_description":"A fase de flora\u00e7\u00e3o \u00e9 uma parte interessante do ciclo de vida da planta, durante a qual o crescimento vegetativo \u00e9 reduzido e o desenvolvimento generativo come\u00e7a.","og_url":"https:\/\/atami.com\/pt-br\/produto\/bcuzz-bloom","og_site_name":"Atami","article_publisher":"https:\/\/www.facebook.com\/Atami.International","article_modified_time":"2025-11-12T07:20:49+00:00","og_image":[{"width":1080,"height":1080,"url":"https:\/\/atami.com\/wp-content\/uploads\/2025\/02\/Bcuzz-Bloom-product-image-BR.webp","type":"image\/webp"}],"twitter_card":"summary_large_image","twitter_site":"@AtamiEU","twitter_misc":{"Est. tempo de leitura":"1 minuto"},"schema":{"@context":"https:\/\/schema.org","@graph":[{"@type":"WebPage","@id":"https:\/\/atami.com\/pt-br\/produto\/bcuzz-bloom","url":"https:\/\/atami.com\/pt-br\/produto\/bcuzz-bloom","name":"B'cuzz Bloom - Mais densa, mais firme e mais flores e frutas | Atami","isPartOf":{"@id":"https:\/\/atami.com\/pt-br#website"},"primaryImageOfPage":{"@id":"https:\/\/atami.com\/pt-br\/produto\/bcuzz-bloom#primaryimage"},"image":{"@id":"https:\/\/atami.com\/pt-br\/produto\/bcuzz-bloom#primaryimage"},"thumbnailUrl":"https:\/\/atami.com\/wp-content\/uploads\/2025\/02\/Bcuzz-Bloom-product-image-BR.webp","datePublished":"2023-06-13T12:52:10+00:00","dateModified":"2025-11-12T07:20:49+00:00","description":"A fase de flora\u00e7\u00e3o \u00e9 uma parte interessante do ciclo de vida da planta, durante a qual o crescimento vegetativo \u00e9 reduzido e o desenvolvimento generativo come\u00e7a.","breadcrumb":{"@id":"https:\/\/atami.com\/pt-br\/produto\/bcuzz-bloom#breadcrumb"},"inLanguage":"pt-BR","potentialAction":[{"@type":"ReadAction","target":["https:\/\/atami.com\/pt-br\/produto\/bcuzz-bloom"]}]},{"@type":"ImageObject","inLanguage":"pt-BR","@id":"https:\/\/atami.com\/pt-br\/produto\/bcuzz-bloom#primaryimage","url":"https:\/\/atami.com\/wp-content\/uploads\/2025\/02\/Bcuzz-Bloom-product-image-BR.webp","contentUrl":"https:\/\/atami.com\/wp-content\/uploads\/2025\/02\/Bcuzz-Bloom-product-image-BR.webp","width":1080,"height":1080,"caption":"B'cuzz Bloom"},{"@type":"BreadcrumbList","@id":"https:\/\/atami.com\/pt-br\/produto\/bcuzz-bloom#breadcrumb","itemListElement":[{"@type":"ListItem","position":1,"name":"Home","item":"https:\/\/atami.com\/pt-br"},{"@type":"ListItem","position":2,"name":"Produtos","item":"https:\/\/atami.com\/pt-br\/shop"},{"@type":"ListItem","position":3,"name":"Marcas","item":"https:\/\/atami.com\/pt-br\/categoria-produto\/marcas"},{"@type":"ListItem","position":4,"name":"B'cuzz","item":"https:\/\/atami.com\/pt-br\/categoria-produto\/marcas\/b-cuzz"},{"@type":"ListItem","position":5,"name":"B&#8217;cuzz Bloom"}]},{"@type":"WebSite","@id":"https:\/\/atami.com\/pt-br#website","url":"https:\/\/atami.com\/pt-br","name":"Atami","description":"NATURALLY INNOVATING!","publisher":{"@id":"https:\/\/atami.com\/pt-br#organization"},"potentialAction":[{"@type":"SearchAction","target":{"@type":"EntryPoint","urlTemplate":"https:\/\/atami.com\/pt-br?s={search_term_string}"},"query-input":{"@type":"PropertyValueSpecification","valueRequired":true,"valueName":"search_term_string"}}],"inLanguage":"pt-BR"},{"@type":"Organization","@id":"https:\/\/atami.com\/pt-br#organization","name":"Atami","url":"https:\/\/atami.com\/pt-br","logo":{"@type":"ImageObject","inLanguage":"pt-BR","@id":"https:\/\/atami.com\/pt-br#\/schema\/logo\/image\/","url":"https:\/\/atami.com\/wp-content\/uploads\/2026\/01\/Atami-logo-696x696px.webp","contentUrl":"https:\/\/atami.com\/wp-content\/uploads\/2026\/01\/Atami-logo-696x696px.webp","width":696,"height":696,"caption":"Atami"},"image":{"@id":"https:\/\/atami.com\/pt-br#\/schema\/logo\/image\/"},"sameAs":["https:\/\/www.facebook.com\/Atami.International","https:\/\/x.com\/AtamiEU","https:\/\/www.youtube.com\/c\/AtamiInternational","https:\/\/www.instagram.com\/atami.international\/"],"description":"ATAMI is a premium plant nutrition & substrate brand founded in 1997 with the mission to make exceptional cultivation achievable for everyone. From legacy to license, we offer a wide variety of innovating award-winning products to let cultivators achieve maximum results in taste & yield.","email":"info@mginnovations.es","legalName":"Atami","numberOfEmployees":{"@type":"QuantitativeValue","minValue":"11","maxValue":"50"}}]}},"_links":{"self":[{"href":"https:\/\/atami.com\/pt-br\/wp-json\/wp\/v2\/product\/203813","targetHints":{"allow":["GET"]}}],"collection":[{"href":"https:\/\/atami.com\/pt-br\/wp-json\/wp\/v2\/product"}],"about":[{"href":"https:\/\/atami.com\/pt-br\/wp-json\/wp\/v2\/types\/product"}],"replies":[{"embeddable":true,"href":"https:\/\/atami.com\/pt-br\/wp-json\/wp\/v2\/comments?post=203813"}],"wp:featuredmedia":[{"embeddable":true,"href":"https:\/\/atami.com\/pt-br\/wp-json\/wp\/v2\/media\/203640"}],"wp:attachment":[{"href":"https:\/\/atami.com\/pt-br\/wp-json\/wp\/v2\/media?parent=203813"}],"wp:term":[{"taxonomy":"product_brand","embeddable":true,"href":"https:\/\/atami.com\/pt-br\/wp-json\/wp\/v2\/product_brand?post=203813"},{"taxonomy":"product_cat","embeddable":true,"href":"https:\/\/atami.com\/pt-br\/wp-json\/wp\/v2\/product_cat?post=203813"},{"taxonomy":"product_tag","embeddable":true,"href":"https:\/\/atami.com\/pt-br\/wp-json\/wp\/v2\/product_tag?post=203813"}],"curies":[{"name":"wp","href":"https:\/\/api.w.org\/{rel}","templated":true}]}}