{"id":204846,"date":"2025-03-10T15:55:29","date_gmt":"2025-03-10T13:55:29","guid":{"rendered":"https:\/\/atami.com\/estela\/"},"modified":"2025-04-25T10:34:43","modified_gmt":"2025-04-25T08:34:43","slug":"estela","status":"publish","type":"page","link":"https:\/\/atami.com\/pt-br\/estela","title":{"rendered":"Estela"},"content":{"rendered":"\t\t<div data-elementor-type=\"wp-page\" data-elementor-id=\"204846\" class=\"elementor elementor-204846 elementor-204565\" data-elementor-post-type=\"page\">\n\t\t\t\t<div class=\"elementor-element elementor-element-681cfe1 e-flex e-con-boxed e-con e-parent\" data-id=\"681cfe1\" data-element_type=\"container\" data-e-type=\"container\">\n\t\t\t\t\t<div class=\"e-con-inner\">\n\t\t<div class=\"elementor-element elementor-element-52fb819 e-con-full e-flex e-con e-child\" data-id=\"52fb819\" data-element_type=\"container\" data-e-type=\"container\">\n\t\t\t\t<div class=\"elementor-element elementor-element-ebf4217 elementor-widget elementor-widget-image\" data-id=\"ebf4217\" data-element_type=\"widget\" data-e-type=\"widget\" data-widget_type=\"image.default\">\n\t\t\t\t\t\t\t\t\t\t\t\t\t\t\t<img fetchpriority=\"high\" decoding=\"async\" width=\"2560\" height=\"2560\" src=\"https:\/\/atami.com\/wp-content\/uploads\/2025\/03\/Estela-scaled.webp\" class=\"attachment-full size-full wp-image-204707\" alt=\"\" srcset=\"https:\/\/atami.com\/wp-content\/uploads\/2025\/03\/Estela-scaled.webp 2560w, https:\/\/atami.com\/wp-content\/uploads\/2025\/03\/Estela-300x300.webp 300w, https:\/\/atami.com\/wp-content\/uploads\/2025\/03\/Estela-scaled-100x100.webp 100w, https:\/\/atami.com\/wp-content\/uploads\/2025\/03\/Estela-scaled-600x600.webp 600w, https:\/\/atami.com\/wp-content\/uploads\/2025\/03\/Estela-1024x1024.webp 1024w, https:\/\/atami.com\/wp-content\/uploads\/2025\/03\/Estela-150x150.webp 150w, https:\/\/atami.com\/wp-content\/uploads\/2025\/03\/Estela-768x768.webp 768w, https:\/\/atami.com\/wp-content\/uploads\/2025\/03\/Estela-1536x1536.webp 1536w, https:\/\/atami.com\/wp-content\/uploads\/2025\/03\/Estela-2048x2048.webp 2048w, https:\/\/atami.com\/wp-content\/uploads\/2025\/03\/Estela-1568x1568.webp 1568w\" sizes=\"(max-width: 2560px) 100vw, 2560px\" \/>\t\t\t\t\t\t\t\t\t\t\t\t\t\t\t<\/div>\n\t\t\t\t<\/div>\n\t\t<div class=\"elementor-element elementor-element-abca692 e-con-full e-flex e-con e-child\" data-id=\"abca692\" data-element_type=\"container\" data-e-type=\"container\">\n\t\t\t\t<div class=\"elementor-element elementor-element-b8e1d83 elementor-widget elementor-widget-heading\" data-id=\"b8e1d83\" data-element_type=\"widget\" data-e-type=\"widget\" data-widget_type=\"heading.default\">\n\t\t\t\t\t<h1 class=\"elementor-heading-title elementor-size-default\">Estela Garc\u00eda<\/h1>\t\t\t\t<\/div>\n\t\t\t\t<div class=\"elementor-element elementor-element-ba2a818 elementor-widget elementor-widget-text-editor\" data-id=\"ba2a818\" data-element_type=\"widget\" data-e-type=\"widget\" data-widget_type=\"text-editor.default\">\n\t\t\t\t\t\t\t\t\t<p>Redator | Bi\u00f3logo, apaixonado por plantas<\/p>\n\t\t\t\t\t\t\t\t<\/div>\n\t\t\t\t<\/div>\n\t\t\t\t\t<\/div>\n\t\t\t\t<\/div>\n\t\t<div class=\"elementor-element elementor-element-7f61fa8 e-flex e-con-boxed e-con e-parent\" data-id=\"7f61fa8\" data-element_type=\"container\" data-e-type=\"container\">\n\t\t\t\t\t<div class=\"e-con-inner\">\n\t\t<div class=\"elementor-element elementor-element-8d8cca9 e-con-full e-flex e-con e-child\" data-id=\"8d8cca9\" data-element_type=\"container\" data-e-type=\"container\">\n\t\t\t\t<div class=\"elementor-element elementor-element-be75cd6 elementor-widget elementor-widget-text-editor\" data-id=\"be75cd6\" data-element_type=\"widget\" data-e-type=\"widget\" data-widget_type=\"text-editor.default\">\n\t\t\t\t\t\t\t\t\tEstela Garc\u00eda \u00e9 redatora, bi\u00f3loga especializada em bot\u00e2nica e uma entusiasta de plantas que transformou sua casa em uma selva completa. Com mais de quatro anos de experi\u00eancia escrevendo para a Atami, ela cria conte\u00fado de blog e outros materiais sobre nutri\u00e7\u00e3o de plantas, cultivo e ci\u00eancia aplicada.<br><br>Ela se formou na Universidade de Val\u00eancia e trabalhou no Jardim Bot\u00e2nico da cidade, al\u00e9m de concluir o treinamento na INNEXO, parceira de pesquisa da Atami na Holanda. Sua miss\u00e3o \u00e9 decompor conceitos cient\u00edficos complexos em conselhos pr\u00e1ticos, ajudando os cultivadores \u2014 sejam iniciantes ou especialistas \u2014 a tirar o m\u00e1ximo proveito de suas plantas.<br><br>Quando ela n\u00e3o est\u00e1 escrevendo sobre fertilizantes e substratos, voc\u00ea provavelmente a encontrar\u00e1 cuidando de sua selva interna ou passando tempo com seu parceiro e dois gatos, que nem sempre respeitam suas plantas tanto quanto ela gostaria.\t\t\t\t\t\t\t\t<\/div>\n\t\t\t\t<\/div>\n\t\t<div class=\"elementor-element elementor-element-f40a6c0 e-con-full e-flex e-con e-child\" data-id=\"f40a6c0\" data-element_type=\"container\" data-e-type=\"container\">\n\t\t\t\t<div class=\"elementor-element elementor-element-fdb8697 elementor-widget elementor-widget-text-editor\" data-id=\"fdb8697\" data-element_type=\"widget\" data-e-type=\"widget\" data-widget_type=\"text-editor.default\">\n\t\t\t\t\t\t\t\t\t<strong>Educa\u00e7\u00e3o:<\/strong> Universidade de Val\u00eancia, INNEXO<br><br><strong>Experi\u00eancia anterior:<\/strong> City&#8217;s Botanical Garden\t\t\t\t\t\t\t\t<\/div>\n\t\t\t\t<\/div>\n\t\t\t\t\t<\/div>\n\t\t\t\t<\/div>\n\t\t<div class=\"elementor-element elementor-element-7a47cd1 e-flex e-con-boxed e-con e-parent\" data-id=\"7a47cd1\" data-element_type=\"container\" data-e-type=\"container\" data-settings=\"{&quot;background_background&quot;:&quot;classic&quot;}\">\n\t\t\t\t\t<div class=\"e-con-inner\">\n\t\t\t\t<div class=\"elementor-element elementor-element-0bc66ee elementor-widget elementor-widget-heading\" data-id=\"0bc66ee\" data-element_type=\"widget\" data-e-type=\"widget\" data-widget_type=\"heading.default\">\n\t\t\t\t\t<h2 class=\"elementor-heading-title elementor-size-default\">Blogs de Estela Garc\u00eda<\/h2>\t\t\t\t<\/div>\n\t\t\t\t<div class=\"elementor-element elementor-element-76c52aa elementor-grid-3 elementor-grid-tablet-2 elementor-grid-mobile-1 elementor-widget elementor-widget-loop-grid\" data-id=\"76c52aa\" data-element_type=\"widget\" data-e-type=\"widget\" data-settings=\"{&quot;template_id&quot;:203843,&quot;_skin&quot;:&quot;post&quot;,&quot;columns&quot;:&quot;3&quot;,&quot;columns_tablet&quot;:&quot;2&quot;,&quot;columns_mobile&quot;:&quot;1&quot;,&quot;edit_handle_selector&quot;:&quot;[data-elementor-type=\\&quot;loop-item\\&quot;]&quot;,&quot;row_gap&quot;:{&quot;unit&quot;:&quot;px&quot;,&quot;size&quot;:&quot;&quot;,&quot;sizes&quot;:[]},&quot;row_gap_tablet&quot;:{&quot;unit&quot;:&quot;px&quot;,&quot;size&quot;:&quot;&quot;,&quot;sizes&quot;:[]},&quot;row_gap_mobile&quot;:{&quot;unit&quot;:&quot;px&quot;,&quot;size&quot;:&quot;&quot;,&quot;sizes&quot;:[]}}\" data-widget_type=\"loop-grid.post\">\n\t\t\t\t<div class=\"elementor-widget-container\">\n\t\t\t\t\t\t\t<div class=\"e-loop-nothing-found-message\">\n\t\t<\/div>\n\t\t\t\t\t\t<\/div>\n\t\t\t\t<\/div>\n\t\t\t\t\t<\/div>\n\t\t\t\t<\/div>\n\t\t\t\t<\/div>\n\t\t","protected":false},"excerpt":{"rendered":"<p>Estela Garc\u00eda Redator | Bi\u00f3logo, apaixonado por plantas Estela Garc\u00eda \u00e9 redatora, bi\u00f3loga especializada em bot\u00e2nica e uma entusiasta de plantas que transformou sua casa em uma selva completa. Com mais de quatro anos de experi\u00eancia escrevendo para a Atami, ela cria conte\u00fado de blog e outros materiais sobre nutri\u00e7\u00e3o de plantas, cultivo e ci\u00eancia [&hellip;]<\/p>\n","protected":false},"author":1,"featured_media":0,"parent":0,"menu_order":0,"comment_status":"closed","ping_status":"closed","template":"elementor_header_footer","meta":{"_acf_changed":false,"iawp_total_views":0,"footnotes":""},"class_list":["post-204846","page","type-page","status-publish","hentry"],"acf":[],"yoast_head":"<!-- This site is optimized with the Yoast SEO Premium plugin v27.5 (Yoast SEO v27.5) - https:\/\/yoast.com\/product\/yoast-seo-premium-wordpress\/ -->\n<title>Estela Garc\u00eda | Copiadora | Atami<\/title>\n<meta name=\"description\" content=\"Estela Garc\u00eda \u00e9 redatora, bi\u00f3loga especializada em bot\u00e2nica e apaixonada por plantas que transformou sua casa em uma verdadeira selva.\" \/>\n<meta name=\"robots\" content=\"index, follow, max-snippet:-1, max-image-preview:large, max-video-preview:-1\" \/>\n<link rel=\"canonical\" href=\"https:\/\/atami.com\/pt-br\/estela\" \/>\n<meta property=\"og:locale\" content=\"pt_BR\" \/>\n<meta property=\"og:type\" content=\"article\" \/>\n<meta property=\"og:title\" content=\"Estela\" \/>\n<meta property=\"og:description\" content=\"Estela Garc\u00eda \u00e9 redatora, bi\u00f3loga especializada em bot\u00e2nica e apaixonada por plantas que transformou sua casa em uma verdadeira selva.\" \/>\n<meta property=\"og:url\" content=\"https:\/\/atami.com\/pt-br\/estela\/\" \/>\n<meta property=\"og:site_name\" content=\"Atami\" \/>\n<meta property=\"article:publisher\" content=\"https:\/\/www.facebook.com\/Atami.International\" \/>\n<meta property=\"article:modified_time\" content=\"2025-04-25T08:34:43+00:00\" \/>\n<meta property=\"og:image\" content=\"https:\/\/atami.com\/wp-content\/uploads\/2025\/03\/Estela-scaled.webp\" \/>\n<meta name=\"twitter:card\" content=\"summary_large_image\" \/>\n<meta name=\"twitter:site\" content=\"@AtamiEU\" \/>\n<script type=\"application\/ld+json\" class=\"yoast-schema-graph\">{\"@context\":\"https:\\\/\\\/schema.org\",\"@graph\":[{\"@type\":[\"WebPage\",\"ProfilePage\"],\"@id\":\"https:\\\/\\\/atami.com\\\/pt-br\\\/estela\",\"url\":\"https:\\\/\\\/atami.com\\\/pt-br\\\/estela\\\/\",\"name\":\"Estela Garc\u00eda | Copiadora | Atami\",\"isPartOf\":{\"@id\":\"https:\\\/\\\/atami.com\\\/pt-br#website\"},\"primaryImageOfPage\":{\"@id\":\"https:\\\/\\\/atami.com\\\/pt-br\\\/estela\\\/#primaryimage\"},\"image\":{\"@id\":\"https:\\\/\\\/atami.com\\\/pt-br\\\/estela\\\/#primaryimage\"},\"thumbnailUrl\":\"https:\\\/\\\/atami.com\\\/wp-content\\\/uploads\\\/2025\\\/03\\\/Estela-scaled.webp\",\"datePublished\":\"2025-03-10T13:55:29+00:00\",\"dateModified\":\"2025-04-25T08:34:43+00:00\",\"description\":\"Estela Garc\u00eda \u00e9 redatora, bi\u00f3loga especializada em bot\u00e2nica e apaixonada por plantas que transformou sua casa em uma verdadeira selva.\",\"breadcrumb\":{\"@id\":\"https:\\\/\\\/atami.com\\\/pt-br\\\/estela\\\/#breadcrumb\"},\"inLanguage\":\"pt-BR\",\"potentialAction\":[{\"@type\":\"ReadAction\",\"target\":[\"https:\\\/\\\/atami.com\\\/pt-br\\\/estela\\\/\"]}]},{\"@type\":\"ImageObject\",\"inLanguage\":\"pt-BR\",\"@id\":\"https:\\\/\\\/atami.com\\\/pt-br\\\/estela\\\/#primaryimage\",\"url\":\"https:\\\/\\\/atami.com\\\/wp-content\\\/uploads\\\/2025\\\/03\\\/Estela-scaled.webp\",\"contentUrl\":\"https:\\\/\\\/atami.com\\\/wp-content\\\/uploads\\\/2025\\\/03\\\/Estela-scaled.webp\"},{\"@type\":\"BreadcrumbList\",\"@id\":\"https:\\\/\\\/atami.com\\\/pt-br\\\/estela\\\/#breadcrumb\",\"itemListElement\":[{\"@type\":\"ListItem\",\"position\":1,\"name\":\"Home\",\"item\":\"https:\\\/\\\/atami.com\\\/pt-br\"},{\"@type\":\"ListItem\",\"position\":2,\"name\":\"Estela\"}]},{\"@type\":\"WebSite\",\"@id\":\"https:\\\/\\\/atami.com\\\/pt-br#website\",\"url\":\"https:\\\/\\\/atami.com\\\/pt-br\",\"name\":\"Atami\",\"description\":\"NATURALLY INNOVATING!\",\"publisher\":{\"@id\":\"https:\\\/\\\/atami.com\\\/pt-br#organization\"},\"potentialAction\":[{\"@type\":\"SearchAction\",\"target\":{\"@type\":\"EntryPoint\",\"urlTemplate\":\"https:\\\/\\\/atami.com\\\/pt-br?s={search_term_string}\"},\"query-input\":{\"@type\":\"PropertyValueSpecification\",\"valueRequired\":true,\"valueName\":\"search_term_string\"}}],\"inLanguage\":\"pt-BR\"},{\"@type\":\"Organization\",\"@id\":\"https:\\\/\\\/atami.com\\\/pt-br#organization\",\"name\":\"Atami\",\"url\":\"https:\\\/\\\/atami.com\\\/pt-br\",\"logo\":{\"@type\":\"ImageObject\",\"inLanguage\":\"pt-BR\",\"@id\":\"https:\\\/\\\/atami.com\\\/pt-br#\\\/schema\\\/logo\\\/image\\\/\",\"url\":\"https:\\\/\\\/atami.com\\\/wp-content\\\/uploads\\\/2026\\\/01\\\/Atami-logo-696x696px.webp\",\"contentUrl\":\"https:\\\/\\\/atami.com\\\/wp-content\\\/uploads\\\/2026\\\/01\\\/Atami-logo-696x696px.webp\",\"width\":696,\"height\":696,\"caption\":\"Atami\"},\"image\":{\"@id\":\"https:\\\/\\\/atami.com\\\/pt-br#\\\/schema\\\/logo\\\/image\\\/\"},\"sameAs\":[\"https:\\\/\\\/www.facebook.com\\\/Atami.International\",\"https:\\\/\\\/x.com\\\/AtamiEU\",\"https:\\\/\\\/www.youtube.com\\\/c\\\/AtamiInternational\",\"https:\\\/\\\/www.instagram.com\\\/atami.international\\\/\"],\"mainEntityOfPage\":{\"@id\":\"https:\\\/\\\/atami.com\\\/pt-br\\\/estela\"},\"description\":\"ATAMI is a premium plant nutrition & substrate brand founded in 1997 with the mission to make exceptional cultivation achievable for everyone. From legacy to license, we offer a wide variety of innovating award-winning products to let cultivators achieve maximum results in taste & yield.\",\"email\":\"info@mginnovations.es\",\"legalName\":\"Atami\",\"numberOfEmployees\":{\"@type\":\"QuantitativeValue\",\"minValue\":\"11\",\"maxValue\":\"50\"}}]}<\/script>\n<!-- \/ Yoast SEO Premium plugin. -->","yoast_head_json":{"title":"Estela Garc\u00eda | Copiadora | Atami","description":"Estela Garc\u00eda \u00e9 redatora, bi\u00f3loga especializada em bot\u00e2nica e apaixonada por plantas que transformou sua casa em uma verdadeira selva.","robots":{"index":"index","follow":"follow","max-snippet":"max-snippet:-1","max-image-preview":"max-image-preview:large","max-video-preview":"max-video-preview:-1"},"canonical":"https:\/\/atami.com\/pt-br\/estela","og_locale":"pt_BR","og_type":"article","og_title":"Estela","og_description":"Estela Garc\u00eda \u00e9 redatora, bi\u00f3loga especializada em bot\u00e2nica e apaixonada por plantas que transformou sua casa em uma verdadeira selva.","og_url":"https:\/\/atami.com\/pt-br\/estela\/","og_site_name":"Atami","article_publisher":"https:\/\/www.facebook.com\/Atami.International","article_modified_time":"2025-04-25T08:34:43+00:00","og_image":[{"url":"https:\/\/atami.com\/wp-content\/uploads\/2025\/03\/Estela-scaled.webp","type":"","width":"","height":""}],"twitter_card":"summary_large_image","twitter_site":"@AtamiEU","schema":{"@context":"https:\/\/schema.org","@graph":[{"@type":["WebPage","ProfilePage"],"@id":"https:\/\/atami.com\/pt-br\/estela","url":"https:\/\/atami.com\/pt-br\/estela\/","name":"Estela Garc\u00eda | Copiadora | Atami","isPartOf":{"@id":"https:\/\/atami.com\/pt-br#website"},"primaryImageOfPage":{"@id":"https:\/\/atami.com\/pt-br\/estela\/#primaryimage"},"image":{"@id":"https:\/\/atami.com\/pt-br\/estela\/#primaryimage"},"thumbnailUrl":"https:\/\/atami.com\/wp-content\/uploads\/2025\/03\/Estela-scaled.webp","datePublished":"2025-03-10T13:55:29+00:00","dateModified":"2025-04-25T08:34:43+00:00","description":"Estela Garc\u00eda \u00e9 redatora, bi\u00f3loga especializada em bot\u00e2nica e apaixonada por plantas que transformou sua casa em uma verdadeira selva.","breadcrumb":{"@id":"https:\/\/atami.com\/pt-br\/estela\/#breadcrumb"},"inLanguage":"pt-BR","potentialAction":[{"@type":"ReadAction","target":["https:\/\/atami.com\/pt-br\/estela\/"]}]},{"@type":"ImageObject","inLanguage":"pt-BR","@id":"https:\/\/atami.com\/pt-br\/estela\/#primaryimage","url":"https:\/\/atami.com\/wp-content\/uploads\/2025\/03\/Estela-scaled.webp","contentUrl":"https:\/\/atami.com\/wp-content\/uploads\/2025\/03\/Estela-scaled.webp"},{"@type":"BreadcrumbList","@id":"https:\/\/atami.com\/pt-br\/estela\/#breadcrumb","itemListElement":[{"@type":"ListItem","position":1,"name":"Home","item":"https:\/\/atami.com\/pt-br"},{"@type":"ListItem","position":2,"name":"Estela"}]},{"@type":"WebSite","@id":"https:\/\/atami.com\/pt-br#website","url":"https:\/\/atami.com\/pt-br","name":"Atami","description":"NATURALLY INNOVATING!","publisher":{"@id":"https:\/\/atami.com\/pt-br#organization"},"potentialAction":[{"@type":"SearchAction","target":{"@type":"EntryPoint","urlTemplate":"https:\/\/atami.com\/pt-br?s={search_term_string}"},"query-input":{"@type":"PropertyValueSpecification","valueRequired":true,"valueName":"search_term_string"}}],"inLanguage":"pt-BR"},{"@type":"Organization","@id":"https:\/\/atami.com\/pt-br#organization","name":"Atami","url":"https:\/\/atami.com\/pt-br","logo":{"@type":"ImageObject","inLanguage":"pt-BR","@id":"https:\/\/atami.com\/pt-br#\/schema\/logo\/image\/","url":"https:\/\/atami.com\/wp-content\/uploads\/2026\/01\/Atami-logo-696x696px.webp","contentUrl":"https:\/\/atami.com\/wp-content\/uploads\/2026\/01\/Atami-logo-696x696px.webp","width":696,"height":696,"caption":"Atami"},"image":{"@id":"https:\/\/atami.com\/pt-br#\/schema\/logo\/image\/"},"sameAs":["https:\/\/www.facebook.com\/Atami.International","https:\/\/x.com\/AtamiEU","https:\/\/www.youtube.com\/c\/AtamiInternational","https:\/\/www.instagram.com\/atami.international\/"],"mainEntityOfPage":{"@id":"https:\/\/atami.com\/pt-br\/estela"},"description":"ATAMI is a premium plant nutrition & substrate brand founded in 1997 with the mission to make exceptional cultivation achievable for everyone. From legacy to license, we offer a wide variety of innovating award-winning products to let cultivators achieve maximum results in taste & yield.","email":"info@mginnovations.es","legalName":"Atami","numberOfEmployees":{"@type":"QuantitativeValue","minValue":"11","maxValue":"50"}}]}},"_links":{"self":[{"href":"https:\/\/atami.com\/pt-br\/wp-json\/wp\/v2\/pages\/204846","targetHints":{"allow":["GET"]}}],"collection":[{"href":"https:\/\/atami.com\/pt-br\/wp-json\/wp\/v2\/pages"}],"about":[{"href":"https:\/\/atami.com\/pt-br\/wp-json\/wp\/v2\/types\/page"}],"author":[{"embeddable":true,"href":"https:\/\/atami.com\/pt-br\/wp-json\/wp\/v2\/users\/1"}],"replies":[{"embeddable":true,"href":"https:\/\/atami.com\/pt-br\/wp-json\/wp\/v2\/comments?post=204846"}],"version-history":[{"count":0,"href":"https:\/\/atami.com\/pt-br\/wp-json\/wp\/v2\/pages\/204846\/revisions"}],"wp:attachment":[{"href":"https:\/\/atami.com\/pt-br\/wp-json\/wp\/v2\/media?parent=204846"}],"curies":[{"name":"wp","href":"https:\/\/api.w.org\/{rel}","templated":true}]}}