{"id":203959,"date":"2025-02-25T15:56:57","date_gmt":"2025-02-25T13:56:57","guid":{"rendered":"https:\/\/atami.com\/faq\/ingredientes-do-produto\/"},"modified":"2025-08-06T12:26:23","modified_gmt":"2025-08-06T10:26:23","slug":"ingredientes-do-produto","status":"publish","type":"page","link":"https:\/\/atami.com\/pt-br\/faq\/ingredientes-do-produto","title":{"rendered":"Ingredientes do produto"},"content":{"rendered":"\t\t<div data-elementor-type=\"wp-page\" data-elementor-id=\"203959\" class=\"elementor elementor-203959 elementor-147183\" data-elementor-post-type=\"page\">\n\t\t\t\t<div class=\"elementor-element elementor-element-1b6204b Banner e-flex e-con-boxed e-con e-parent\" data-id=\"1b6204b\" data-element_type=\"container\" data-e-type=\"container\" data-settings=\"{&quot;background_background&quot;:&quot;classic&quot;}\">\n\t\t\t\t\t<div class=\"e-con-inner\">\n\t\t<div class=\"elementor-element elementor-element-0897660 e-con-full e-flex e-con e-child\" data-id=\"0897660\" data-element_type=\"container\" data-e-type=\"container\" data-settings=\"{&quot;background_background&quot;:&quot;classic&quot;}\">\n\t\t\t\t<div class=\"elementor-element elementor-element-f97579d elementor-widget elementor-widget-heading\" data-id=\"f97579d\" data-element_type=\"widget\" data-e-type=\"widget\" data-widget_type=\"heading.default\">\n\t\t\t\t\t<h1 class=\"elementor-heading-title elementor-size-default\">Ingredientes do produto<\/h1>\t\t\t\t<\/div>\n\t\t\t\t<div class=\"elementor-element elementor-element-55f7e14 elementor-widget elementor-widget-text-editor\" data-id=\"55f7e14\" data-element_type=\"widget\" data-e-type=\"widget\" data-widget_type=\"text-editor.default\">\n\t\t\t\t\t\t\t\t\t<p>O senhor gostaria de saber mais sobre os produtos Atami? Ent\u00e3o leia as perguntas mais frequentes sobre nossos produtos Atami aqui!<\/p>\n\t\t\t\t\t\t\t\t<\/div>\n\t\t\t\t<\/div>\n\t\t\t\t\t<\/div>\n\t\t\t\t<\/div>\n\t\t<div class=\"elementor-element elementor-element-d971717 e-flex e-con-boxed e-con e-parent\" data-id=\"d971717\" data-element_type=\"container\" data-e-type=\"container\" data-settings=\"{&quot;background_background&quot;:&quot;classic&quot;}\">\n\t\t\t\t\t<div class=\"e-con-inner\">\n\t\t\t\t<div class=\"elementor-element elementor-element-77bbcb5 elementor-widget elementor-widget-woocommerce-breadcrumb\" data-id=\"77bbcb5\" data-element_type=\"widget\" data-e-type=\"widget\" data-widget_type=\"woocommerce-breadcrumb.default\">\n\t\t\t\t\t<nav class=\"woocommerce-breadcrumb\" aria-label=\"Breadcrumb\">In\u00edcio<\/nav>\t\t\t\t<\/div>\n\t\t<div class=\"elementor-element elementor-element-295b350 e-con-full e-flex e-con e-child\" data-id=\"295b350\" data-element_type=\"container\" data-e-type=\"container\">\n\t\t<div class=\"elementor-element elementor-element-f7d4295 e-con-full e-flex e-con e-child\" data-id=\"f7d4295\" data-element_type=\"container\" data-e-type=\"container\" data-settings=\"{&quot;background_background&quot;:&quot;classic&quot;}\">\n\t\t\t\t<div class=\"elementor-element elementor-element-28b6dfe elementor-nav-menu__align-start elementor-nav-menu--dropdown-none FAQMenu elementor-widget elementor-widget-nav-menu\" data-id=\"28b6dfe\" data-element_type=\"widget\" data-e-type=\"widget\" data-settings=\"{&quot;layout&quot;:&quot;vertical&quot;,&quot;submenu_icon&quot;:{&quot;value&quot;:&quot;&lt;svg aria-hidden=\\&quot;true\\&quot; class=\\&quot;e-font-icon-svg e-fas-caret-down\\&quot; viewBox=\\&quot;0 0 320 512\\&quot; xmlns=\\&quot;http:\\\/\\\/www.w3.org\\\/2000\\\/svg\\&quot;&gt;&lt;path d=\\&quot;M31.3 192h257.3c17.8 0 26.7 21.5 14.1 34.1L174.1 354.8c-7.8 7.8-20.5 7.8-28.3 0L17.2 226.1C4.6 213.5 13.5 192 31.3 192z\\&quot;&gt;&lt;\\\/path&gt;&lt;\\\/svg&gt;&quot;,&quot;library&quot;:&quot;fa-solid&quot;}}\" data-widget_type=\"nav-menu.default\">\n\t\t\t\t\t\t\t\t<nav aria-label=\"Menu\" class=\"elementor-nav-menu--main elementor-nav-menu__container elementor-nav-menu--layout-vertical e--pointer-none\">\n\t\t\t\t<ul id=\"menu-1-28b6dfe\" class=\"elementor-nav-menu sm-vertical\"><li class=\"menu-item menu-item-type-post_type menu-item-object-page menu-item-204219\"><a href=\"https:\/\/atami.com\/pt-br\/faq\/seguranca-e-conformidade\" class=\"elementor-item\">Seguran\u00e7a e conformidade<\/a><\/li>\n<li class=\"menu-item menu-item-type-post_type menu-item-object-page menu-item-204218\"><a href=\"https:\/\/atami.com\/pt-br\/faq\/desempenho-do-produto\" class=\"elementor-item\">Desempenho do produto<\/a><\/li>\n<li class=\"menu-item menu-item-type-post_type menu-item-object-page menu-item-204217\"><a href=\"https:\/\/atami.com\/pt-br\/faq\/armazenamento-e-prazo-de-validade\" class=\"elementor-item\">Armazenamento e prazo de validade<\/a><\/li>\n<li class=\"menu-item menu-item-type-post_type menu-item-object-page menu-item-204216\"><a href=\"https:\/\/atami.com\/pt-br\/faq\/disponibilidade-e-compra\" class=\"elementor-item\">Disponibilidade e compra<\/a><\/li>\n<li class=\"menu-item menu-item-type-post_type menu-item-object-page menu-item-204215\"><a href=\"https:\/\/atami.com\/pt-br\/faq\/ingredientes-do-produto\" class=\"elementor-item\">Ingredientes do produto<\/a><\/li>\n<li class=\"menu-item menu-item-type-post_type menu-item-object-page menu-item-204214\"><a href=\"https:\/\/atami.com\/pt-br\/faq\/variedades-de-produtos\" class=\"elementor-item\">Variedades de produtos<\/a><\/li>\n<li class=\"menu-item menu-item-type-post_type menu-item-object-page menu-item-204213\"><a href=\"https:\/\/atami.com\/pt-br\/faq\/compatibilidade-do-produto\" class=\"elementor-item\">Compatibilidade do produto<\/a><\/li>\n<li class=\"menu-item menu-item-type-post_type menu-item-object-page menu-item-204212\"><a href=\"https:\/\/atami.com\/pt-br\/faq\/uso-e-aplicacao-do-produto\" class=\"elementor-item\">Uso e aplica\u00e7\u00e3o do produto<\/a><\/li>\n<\/ul>\t\t\t<\/nav>\n\t\t\t\t\t\t<nav class=\"elementor-nav-menu--dropdown elementor-nav-menu__container\" aria-hidden=\"true\">\n\t\t\t\t<ul id=\"menu-2-28b6dfe\" class=\"elementor-nav-menu sm-vertical\"><li class=\"menu-item menu-item-type-post_type menu-item-object-page menu-item-204219\"><a href=\"https:\/\/atami.com\/pt-br\/faq\/seguranca-e-conformidade\" class=\"elementor-item\" tabindex=\"-1\">Seguran\u00e7a e conformidade<\/a><\/li>\n<li class=\"menu-item menu-item-type-post_type menu-item-object-page menu-item-204218\"><a href=\"https:\/\/atami.com\/pt-br\/faq\/desempenho-do-produto\" class=\"elementor-item\" tabindex=\"-1\">Desempenho do produto<\/a><\/li>\n<li class=\"menu-item menu-item-type-post_type menu-item-object-page menu-item-204217\"><a href=\"https:\/\/atami.com\/pt-br\/faq\/armazenamento-e-prazo-de-validade\" class=\"elementor-item\" tabindex=\"-1\">Armazenamento e prazo de validade<\/a><\/li>\n<li class=\"menu-item menu-item-type-post_type menu-item-object-page menu-item-204216\"><a href=\"https:\/\/atami.com\/pt-br\/faq\/disponibilidade-e-compra\" class=\"elementor-item\" tabindex=\"-1\">Disponibilidade e compra<\/a><\/li>\n<li class=\"menu-item menu-item-type-post_type menu-item-object-page menu-item-204215\"><a href=\"https:\/\/atami.com\/pt-br\/faq\/ingredientes-do-produto\" class=\"elementor-item\" tabindex=\"-1\">Ingredientes do produto<\/a><\/li>\n<li class=\"menu-item menu-item-type-post_type menu-item-object-page menu-item-204214\"><a href=\"https:\/\/atami.com\/pt-br\/faq\/variedades-de-produtos\" class=\"elementor-item\" tabindex=\"-1\">Variedades de produtos<\/a><\/li>\n<li class=\"menu-item menu-item-type-post_type menu-item-object-page menu-item-204213\"><a href=\"https:\/\/atami.com\/pt-br\/faq\/compatibilidade-do-produto\" class=\"elementor-item\" tabindex=\"-1\">Compatibilidade do produto<\/a><\/li>\n<li class=\"menu-item menu-item-type-post_type menu-item-object-page menu-item-204212\"><a href=\"https:\/\/atami.com\/pt-br\/faq\/uso-e-aplicacao-do-produto\" class=\"elementor-item\" tabindex=\"-1\">Uso e aplica\u00e7\u00e3o do produto<\/a><\/li>\n<\/ul>\t\t\t<\/nav>\n\t\t\t\t\t\t<\/div>\n\t\t\t\t<\/div>\n\t\t<div class=\"elementor-element elementor-element-556a171 e-con-full e-flex e-con e-child\" data-id=\"556a171\" data-element_type=\"container\" data-e-type=\"container\">\n\t\t\t\t<div class=\"elementor-element elementor-element-d3f5f0e elementor-widget elementor-widget-accordion\" data-id=\"d3f5f0e\" data-element_type=\"widget\" data-e-type=\"widget\" data-widget_type=\"accordion.default\">\n\t\t\t\t\t\t\t<div class=\"elementor-accordion\">\n\t\t\t\t\t\t\t<div class=\"elementor-accordion-item\">\n\t\t\t\t\t<div id=\"elementor-tab-title-2221\" class=\"elementor-tab-title\" data-tab=\"1\" role=\"button\" aria-controls=\"elementor-tab-content-2221\" aria-expanded=\"false\">\n\t\t\t\t\t\t\t\t\t\t\t\t\t<span class=\"elementor-accordion-icon elementor-accordion-icon-left\" aria-hidden=\"true\">\n\t\t\t\t\t\t\t\t\t\t\t\t\t\t\t<span class=\"elementor-accordion-icon-closed\"><svg class=\"e-font-icon-svg e-fas-caret-down\" viewBox=\"0 0 320 512\" xmlns=\"http:\/\/www.w3.org\/2000\/svg\"><path d=\"M31.3 192h257.3c17.8 0 26.7 21.5 14.1 34.1L174.1 354.8c-7.8 7.8-20.5 7.8-28.3 0L17.2 226.1C4.6 213.5 13.5 192 31.3 192z\"><\/path><\/svg><\/span>\n\t\t\t\t\t\t\t\t<span class=\"elementor-accordion-icon-opened\"><svg class=\"e-font-icon-svg e-fas-caret-up\" viewBox=\"0 0 320 512\" xmlns=\"http:\/\/www.w3.org\/2000\/svg\"><path d=\"M288.662 352H31.338c-17.818 0-26.741-21.543-14.142-34.142l128.662-128.662c7.81-7.81 20.474-7.81 28.284 0l128.662 128.662c12.6 12.599 3.676 34.142-14.142 34.142z\"><\/path><\/svg><\/span>\n\t\t\t\t\t\t\t\t\t\t\t\t\t\t<\/span>\n\t\t\t\t\t\t\t\t\t\t\t\t<a class=\"elementor-accordion-title\" tabindex=\"0\">1. Quais s\u00e3o os principais ingredientes dos fertilizantes Atami?<\/a>\n\t\t\t\t\t<\/div>\n\t\t\t\t\t<div id=\"elementor-tab-content-2221\" class=\"elementor-tab-content elementor-clearfix\" data-tab=\"1\" role=\"region\" aria-labelledby=\"elementor-tab-title-2221\"><p>Os ingredientes espec\u00edficos podem variar entre as linhas de produtos da Atami, mas geralmente incluem uma mistura de macro e micronutrientes essenciais para o crescimento das plantas.<\/p><\/div>\n\t\t\t\t<\/div>\n\t\t\t\t\t\t\t<div class=\"elementor-accordion-item\">\n\t\t\t\t\t<div id=\"elementor-tab-title-2222\" class=\"elementor-tab-title\" data-tab=\"2\" role=\"button\" aria-controls=\"elementor-tab-content-2222\" aria-expanded=\"false\">\n\t\t\t\t\t\t\t\t\t\t\t\t\t<span class=\"elementor-accordion-icon elementor-accordion-icon-left\" aria-hidden=\"true\">\n\t\t\t\t\t\t\t\t\t\t\t\t\t\t\t<span class=\"elementor-accordion-icon-closed\"><svg class=\"e-font-icon-svg e-fas-caret-down\" viewBox=\"0 0 320 512\" xmlns=\"http:\/\/www.w3.org\/2000\/svg\"><path d=\"M31.3 192h257.3c17.8 0 26.7 21.5 14.1 34.1L174.1 354.8c-7.8 7.8-20.5 7.8-28.3 0L17.2 226.1C4.6 213.5 13.5 192 31.3 192z\"><\/path><\/svg><\/span>\n\t\t\t\t\t\t\t\t<span class=\"elementor-accordion-icon-opened\"><svg class=\"e-font-icon-svg e-fas-caret-up\" viewBox=\"0 0 320 512\" xmlns=\"http:\/\/www.w3.org\/2000\/svg\"><path d=\"M288.662 352H31.338c-17.818 0-26.741-21.543-14.142-34.142l128.662-128.662c7.81-7.81 20.474-7.81 28.284 0l128.662 128.662c12.6 12.599 3.676 34.142-14.142 34.142z\"><\/path><\/svg><\/span>\n\t\t\t\t\t\t\t\t\t\t\t\t\t\t<\/span>\n\t\t\t\t\t\t\t\t\t\t\t\t<a class=\"elementor-accordion-title\" tabindex=\"0\">2. Os fertilizantes Atami s\u00e3o org\u00e2nicos ou minerais?<\/a>\n\t\t\t\t\t<\/div>\n\t\t\t\t\t<div id=\"elementor-tab-content-2222\" class=\"elementor-tab-content elementor-clearfix\" data-tab=\"2\" role=\"region\" aria-labelledby=\"elementor-tab-title-2222\"><p>Os nutrientes Atami s\u00e3o normalmente minerais, projetados para sistemas de cultivo sem solo, hidroponia e substratos \u00e0 base de coco.<\/p><\/div>\n\t\t\t\t<\/div>\n\t\t\t\t\t\t\t<div class=\"elementor-accordion-item\">\n\t\t\t\t\t<div id=\"elementor-tab-title-2223\" class=\"elementor-tab-title\" data-tab=\"3\" role=\"button\" aria-controls=\"elementor-tab-content-2223\" aria-expanded=\"false\">\n\t\t\t\t\t\t\t\t\t\t\t\t\t<span class=\"elementor-accordion-icon elementor-accordion-icon-left\" aria-hidden=\"true\">\n\t\t\t\t\t\t\t\t\t\t\t\t\t\t\t<span class=\"elementor-accordion-icon-closed\"><svg class=\"e-font-icon-svg e-fas-caret-down\" viewBox=\"0 0 320 512\" xmlns=\"http:\/\/www.w3.org\/2000\/svg\"><path d=\"M31.3 192h257.3c17.8 0 26.7 21.5 14.1 34.1L174.1 354.8c-7.8 7.8-20.5 7.8-28.3 0L17.2 226.1C4.6 213.5 13.5 192 31.3 192z\"><\/path><\/svg><\/span>\n\t\t\t\t\t\t\t\t<span class=\"elementor-accordion-icon-opened\"><svg class=\"e-font-icon-svg e-fas-caret-up\" viewBox=\"0 0 320 512\" xmlns=\"http:\/\/www.w3.org\/2000\/svg\"><path d=\"M288.662 352H31.338c-17.818 0-26.741-21.543-14.142-34.142l128.662-128.662c7.81-7.81 20.474-7.81 28.284 0l128.662 128.662c12.6 12.599 3.676 34.142-14.142 34.142z\"><\/path><\/svg><\/span>\n\t\t\t\t\t\t\t\t\t\t\t\t\t\t<\/span>\n\t\t\t\t\t\t\t\t\t\t\t\t<a class=\"elementor-accordion-title\" tabindex=\"0\">3. Existem poss\u00edveis efeitos colaterais ou problemas com ingredientes espec\u00edficos?<\/a>\n\t\t\t\t\t<\/div>\n\t\t\t\t\t<div id=\"elementor-tab-content-2223\" class=\"elementor-tab-content elementor-clearfix\" data-tab=\"3\" role=\"region\" aria-labelledby=\"elementor-tab-title-2223\"><p>Leia os r\u00f3tulos dos produtos e consulte o suporte ao cliente da Atami para obter informa\u00e7\u00f5es sobre poss\u00edveis efeitos colaterais e problemas relacionados aos ingredientes.<\/p><\/div>\n\t\t\t\t<\/div>\n\t\t\t\t\t\t\t\t\t\t<script type=\"application\/ld+json\">{\"@context\":\"https:\\\/\\\/schema.org\",\"@type\":\"FAQPage\",\"mainEntity\":[{\"@type\":\"Question\",\"name\":\"1. Quais s\\u00e3o os principais ingredientes dos fertilizantes Atami?\",\"acceptedAnswer\":{\"@type\":\"Answer\",\"text\":\"<p>Os ingredientes espec\\u00edficos podem variar entre as linhas de produtos da Atami, mas geralmente incluem uma mistura de macro e micronutrientes essenciais para o crescimento das plantas.<\\\/p>\"}},{\"@type\":\"Question\",\"name\":\"2. Os fertilizantes Atami s\\u00e3o org\\u00e2nicos ou minerais?\",\"acceptedAnswer\":{\"@type\":\"Answer\",\"text\":\"<p>Os nutrientes Atami s\\u00e3o normalmente minerais, projetados para sistemas de cultivo sem solo, hidroponia e substratos \\u00e0 base de coco.<\\\/p>\"}},{\"@type\":\"Question\",\"name\":\"3. Existem poss\\u00edveis efeitos colaterais ou problemas com ingredientes espec\\u00edficos?\",\"acceptedAnswer\":{\"@type\":\"Answer\",\"text\":\"<p>Leia os r\\u00f3tulos dos produtos e consulte o suporte ao cliente da Atami para obter informa\\u00e7\\u00f5es sobre poss\\u00edveis efeitos colaterais e problemas relacionados aos ingredientes.<\\\/p>\"}}]}<\/script>\n\t\t\t\t\t<\/div>\n\t\t\t\t\t\t<\/div>\n\t\t\t\t<div class=\"elementor-element elementor-element-9fe83bb elementor-widget elementor-widget-html\" data-id=\"9fe83bb\" data-element_type=\"widget\" data-e-type=\"widget\" data-widget_type=\"html.default\">\n\t\t\t\t\t<script type=\"application\/ld+json\">\r\n{\r\n  \"@context\": \"https:\/\/schema.org\",\r\n  \"@type\": \"FAQPage\",\r\n  \"mainEntity\": [\r\n    {\r\n      \"@type\": \"Question\",\r\n      \"name\": \"Quais s\u00e3o os principais ingredientes dos fertilizantes Atami?\",\r\n      \"acceptedAnswer\": {\r\n        \"@type\": \"Answer\",\r\n        \"text\": \"Os ingredientes espec\u00edficos podem variar entre as linhas de produtos da Atami, mas geralmente incluem uma mistura de macro e micronutrientes essenciais para o crescimento das plantas.\"\r\n      }\r\n    },\r\n    {\r\n      \"@type\": \"Question\",\r\n      \"name\": \"Os fertilizantes Atami s\u00e3o org\u00e2nicos ou minerais?\",\r\n      \"acceptedAnswer\": {\r\n        \"@type\": \"Answer\",\r\n        \"text\": \"Os nutrientes Atami s\u00e3o normalmente minerais, projetados para sistemas de cultivo sem solo, hidroponia e substratos \u00e0 base de coco.\"\r\n      }\r\n    },\r\n    {\r\n      \"@type\": \"Question\",\r\n      \"name\": \"Existem poss\u00edveis efeitos colaterais ou problemas com ingredientes espec\u00edficos?\",\r\n      \"acceptedAnswer\": {\r\n        \"@type\": \"Answer\",\r\n        \"text\": \"Leia os r\u00f3tulos dos produtos e consulte o suporte ao cliente da Atami para obter informa\u00e7\u00f5es sobre poss\u00edveis efeitos colaterais e problemas relacionados aos ingredientes.\"\r\n      }\r\n    }\r\n  ]\r\n}\r\n<\/script>\t\t\t\t<\/div>\n\t\t\t\t<\/div>\n\t\t\t\t<\/div>\n\t\t\t\t\t<\/div>\n\t\t\t\t<\/div>\n\t\t\t\t<\/div>\n\t\t","protected":false},"excerpt":{"rendered":"<p>Ingredientes do produto O senhor gostaria de saber mais sobre os produtos Atami? Ent\u00e3o leia as perguntas mais frequentes sobre nossos produtos Atami aqui! 1. Quais s\u00e3o os principais ingredientes dos fertilizantes Atami? Os ingredientes espec\u00edficos podem variar entre as linhas de produtos da Atami, mas geralmente incluem uma mistura de macro e micronutrientes essenciais [&hellip;]<\/p>\n","protected":false},"author":1,"featured_media":0,"parent":203941,"menu_order":0,"comment_status":"closed","ping_status":"closed","template":"elementor_header_footer","meta":{"_acf_changed":false,"iawp_total_views":6,"footnotes":""},"class_list":["post-203959","page","type-page","status-publish","hentry"],"acf":[],"yoast_head":"<!-- This site is optimized with the Yoast SEO Premium plugin v27.5 (Yoast SEO v27.5) - https:\/\/yoast.com\/product\/yoast-seo-premium-wordpress\/ -->\n<title>Ingredientes dos Produtos Atami: Saiba o que suas plantas consomem<\/title>\n<meta name=\"description\" content=\"Quer saber o que faz os produtos Atami funcionarem? Descubra os ingredientes que ajudam suas plantas a crescerem fortes e saud\u00e1veis! Clique aqui para saber mais!\" \/>\n<meta name=\"robots\" content=\"index, follow, max-snippet:-1, max-image-preview:large, max-video-preview:-1\" \/>\n<link rel=\"canonical\" href=\"https:\/\/atami.com\/pt-br\/faq\/ingredientes-do-produto\" \/>\n<meta property=\"og:locale\" content=\"pt_BR\" \/>\n<meta property=\"og:type\" content=\"article\" \/>\n<meta property=\"og:title\" content=\"Ingredientes do produto\" \/>\n<meta property=\"og:description\" content=\"Quer saber o que faz os produtos Atami funcionarem? Descubra os ingredientes que ajudam suas plantas a crescerem fortes e saud\u00e1veis! Clique aqui para saber mais!\" \/>\n<meta property=\"og:url\" content=\"https:\/\/atami.com\/pt-br\/faq\/ingredientes-do-produto\" \/>\n<meta property=\"og:site_name\" content=\"Atami\" \/>\n<meta property=\"article:publisher\" content=\"https:\/\/www.facebook.com\/Atami.International\" \/>\n<meta property=\"article:modified_time\" content=\"2025-08-06T10:26:23+00:00\" \/>\n<meta name=\"twitter:card\" content=\"summary_large_image\" \/>\n<meta name=\"twitter:site\" content=\"@AtamiEU\" \/>\n<meta name=\"twitter:label1\" content=\"Est. tempo de leitura\" \/>\n\t<meta name=\"twitter:data1\" content=\"1 minuto\" \/>\n<script type=\"application\/ld+json\" class=\"yoast-schema-graph\">{\"@context\":\"https:\\\/\\\/schema.org\",\"@graph\":[{\"@type\":\"WebPage\",\"@id\":\"https:\\\/\\\/atami.com\\\/pt-br\\\/faq\\\/ingredientes-do-produto\",\"url\":\"https:\\\/\\\/atami.com\\\/pt-br\\\/faq\\\/ingredientes-do-produto\",\"name\":\"Ingredientes dos Produtos Atami: Saiba o que suas plantas consomem\",\"isPartOf\":{\"@id\":\"https:\\\/\\\/atami.com\\\/pt-br#website\"},\"datePublished\":\"2025-02-25T13:56:57+00:00\",\"dateModified\":\"2025-08-06T10:26:23+00:00\",\"description\":\"Quer saber o que faz os produtos Atami funcionarem? Descubra os ingredientes que ajudam suas plantas a crescerem fortes e saud\u00e1veis! Clique aqui para saber mais!\",\"breadcrumb\":{\"@id\":\"https:\\\/\\\/atami.com\\\/pt-br\\\/faq\\\/ingredientes-do-produto#breadcrumb\"},\"inLanguage\":\"pt-BR\",\"potentialAction\":[{\"@type\":\"ReadAction\",\"target\":[\"https:\\\/\\\/atami.com\\\/pt-br\\\/faq\\\/ingredientes-do-produto\"]}]},{\"@type\":\"BreadcrumbList\",\"@id\":\"https:\\\/\\\/atami.com\\\/pt-br\\\/faq\\\/ingredientes-do-produto#breadcrumb\",\"itemListElement\":[{\"@type\":\"ListItem\",\"position\":1,\"name\":\"Home\",\"item\":\"https:\\\/\\\/atami.com\\\/pt-br\"},{\"@type\":\"ListItem\",\"position\":2,\"name\":\"FAQ\",\"item\":\"https:\\\/\\\/atami.com\\\/pt-br\\\/faq\"},{\"@type\":\"ListItem\",\"position\":3,\"name\":\"Ingredientes do produto\"}]},{\"@type\":\"WebSite\",\"@id\":\"https:\\\/\\\/atami.com\\\/pt-br#website\",\"url\":\"https:\\\/\\\/atami.com\\\/pt-br\",\"name\":\"Atami\",\"description\":\"NATURALLY INNOVATING!\",\"publisher\":{\"@id\":\"https:\\\/\\\/atami.com\\\/pt-br#organization\"},\"potentialAction\":[{\"@type\":\"SearchAction\",\"target\":{\"@type\":\"EntryPoint\",\"urlTemplate\":\"https:\\\/\\\/atami.com\\\/pt-br?s={search_term_string}\"},\"query-input\":{\"@type\":\"PropertyValueSpecification\",\"valueRequired\":true,\"valueName\":\"search_term_string\"}}],\"inLanguage\":\"pt-BR\"},{\"@type\":\"Organization\",\"@id\":\"https:\\\/\\\/atami.com\\\/pt-br#organization\",\"name\":\"Atami\",\"url\":\"https:\\\/\\\/atami.com\\\/pt-br\",\"logo\":{\"@type\":\"ImageObject\",\"inLanguage\":\"pt-BR\",\"@id\":\"https:\\\/\\\/atami.com\\\/pt-br#\\\/schema\\\/logo\\\/image\\\/\",\"url\":\"https:\\\/\\\/atami.com\\\/wp-content\\\/uploads\\\/2026\\\/01\\\/Atami-logo-696x696px.webp\",\"contentUrl\":\"https:\\\/\\\/atami.com\\\/wp-content\\\/uploads\\\/2026\\\/01\\\/Atami-logo-696x696px.webp\",\"width\":696,\"height\":696,\"caption\":\"Atami\"},\"image\":{\"@id\":\"https:\\\/\\\/atami.com\\\/pt-br#\\\/schema\\\/logo\\\/image\\\/\"},\"sameAs\":[\"https:\\\/\\\/www.facebook.com\\\/Atami.International\",\"https:\\\/\\\/x.com\\\/AtamiEU\",\"https:\\\/\\\/www.youtube.com\\\/c\\\/AtamiInternational\",\"https:\\\/\\\/www.instagram.com\\\/atami.international\\\/\"],\"description\":\"ATAMI is a premium plant nutrition & substrate brand founded in 1997 with the mission to make exceptional cultivation achievable for everyone. From legacy to license, we offer a wide variety of innovating award-winning products to let cultivators achieve maximum results in taste & yield.\",\"email\":\"info@mginnovations.es\",\"legalName\":\"Atami\",\"numberOfEmployees\":{\"@type\":\"QuantitativeValue\",\"minValue\":\"11\",\"maxValue\":\"50\"}}]}<\/script>\n<!-- \/ Yoast SEO Premium plugin. -->","yoast_head_json":{"title":"Ingredientes dos Produtos Atami: Saiba o que suas plantas consomem","description":"Quer saber o que faz os produtos Atami funcionarem? Descubra os ingredientes que ajudam suas plantas a crescerem fortes e saud\u00e1veis! Clique aqui para saber mais!","robots":{"index":"index","follow":"follow","max-snippet":"max-snippet:-1","max-image-preview":"max-image-preview:large","max-video-preview":"max-video-preview:-1"},"canonical":"https:\/\/atami.com\/pt-br\/faq\/ingredientes-do-produto","og_locale":"pt_BR","og_type":"article","og_title":"Ingredientes do produto","og_description":"Quer saber o que faz os produtos Atami funcionarem? Descubra os ingredientes que ajudam suas plantas a crescerem fortes e saud\u00e1veis! Clique aqui para saber mais!","og_url":"https:\/\/atami.com\/pt-br\/faq\/ingredientes-do-produto","og_site_name":"Atami","article_publisher":"https:\/\/www.facebook.com\/Atami.International","article_modified_time":"2025-08-06T10:26:23+00:00","twitter_card":"summary_large_image","twitter_site":"@AtamiEU","twitter_misc":{"Est. tempo de leitura":"1 minuto"},"schema":{"@context":"https:\/\/schema.org","@graph":[{"@type":"WebPage","@id":"https:\/\/atami.com\/pt-br\/faq\/ingredientes-do-produto","url":"https:\/\/atami.com\/pt-br\/faq\/ingredientes-do-produto","name":"Ingredientes dos Produtos Atami: Saiba o que suas plantas consomem","isPartOf":{"@id":"https:\/\/atami.com\/pt-br#website"},"datePublished":"2025-02-25T13:56:57+00:00","dateModified":"2025-08-06T10:26:23+00:00","description":"Quer saber o que faz os produtos Atami funcionarem? Descubra os ingredientes que ajudam suas plantas a crescerem fortes e saud\u00e1veis! Clique aqui para saber mais!","breadcrumb":{"@id":"https:\/\/atami.com\/pt-br\/faq\/ingredientes-do-produto#breadcrumb"},"inLanguage":"pt-BR","potentialAction":[{"@type":"ReadAction","target":["https:\/\/atami.com\/pt-br\/faq\/ingredientes-do-produto"]}]},{"@type":"BreadcrumbList","@id":"https:\/\/atami.com\/pt-br\/faq\/ingredientes-do-produto#breadcrumb","itemListElement":[{"@type":"ListItem","position":1,"name":"Home","item":"https:\/\/atami.com\/pt-br"},{"@type":"ListItem","position":2,"name":"FAQ","item":"https:\/\/atami.com\/pt-br\/faq"},{"@type":"ListItem","position":3,"name":"Ingredientes do produto"}]},{"@type":"WebSite","@id":"https:\/\/atami.com\/pt-br#website","url":"https:\/\/atami.com\/pt-br","name":"Atami","description":"NATURALLY INNOVATING!","publisher":{"@id":"https:\/\/atami.com\/pt-br#organization"},"potentialAction":[{"@type":"SearchAction","target":{"@type":"EntryPoint","urlTemplate":"https:\/\/atami.com\/pt-br?s={search_term_string}"},"query-input":{"@type":"PropertyValueSpecification","valueRequired":true,"valueName":"search_term_string"}}],"inLanguage":"pt-BR"},{"@type":"Organization","@id":"https:\/\/atami.com\/pt-br#organization","name":"Atami","url":"https:\/\/atami.com\/pt-br","logo":{"@type":"ImageObject","inLanguage":"pt-BR","@id":"https:\/\/atami.com\/pt-br#\/schema\/logo\/image\/","url":"https:\/\/atami.com\/wp-content\/uploads\/2026\/01\/Atami-logo-696x696px.webp","contentUrl":"https:\/\/atami.com\/wp-content\/uploads\/2026\/01\/Atami-logo-696x696px.webp","width":696,"height":696,"caption":"Atami"},"image":{"@id":"https:\/\/atami.com\/pt-br#\/schema\/logo\/image\/"},"sameAs":["https:\/\/www.facebook.com\/Atami.International","https:\/\/x.com\/AtamiEU","https:\/\/www.youtube.com\/c\/AtamiInternational","https:\/\/www.instagram.com\/atami.international\/"],"description":"ATAMI is a premium plant nutrition & substrate brand founded in 1997 with the mission to make exceptional cultivation achievable for everyone. From legacy to license, we offer a wide variety of innovating award-winning products to let cultivators achieve maximum results in taste & yield.","email":"info@mginnovations.es","legalName":"Atami","numberOfEmployees":{"@type":"QuantitativeValue","minValue":"11","maxValue":"50"}}]}},"_links":{"self":[{"href":"https:\/\/atami.com\/pt-br\/wp-json\/wp\/v2\/pages\/203959","targetHints":{"allow":["GET"]}}],"collection":[{"href":"https:\/\/atami.com\/pt-br\/wp-json\/wp\/v2\/pages"}],"about":[{"href":"https:\/\/atami.com\/pt-br\/wp-json\/wp\/v2\/types\/page"}],"author":[{"embeddable":true,"href":"https:\/\/atami.com\/pt-br\/wp-json\/wp\/v2\/users\/1"}],"replies":[{"embeddable":true,"href":"https:\/\/atami.com\/pt-br\/wp-json\/wp\/v2\/comments?post=203959"}],"version-history":[{"count":1,"href":"https:\/\/atami.com\/pt-br\/wp-json\/wp\/v2\/pages\/203959\/revisions"}],"predecessor-version":[{"id":209375,"href":"https:\/\/atami.com\/pt-br\/wp-json\/wp\/v2\/pages\/203959\/revisions\/209375"}],"up":[{"embeddable":true,"href":"https:\/\/atami.com\/pt-br\/wp-json\/wp\/v2\/pages\/203941"}],"wp:attachment":[{"href":"https:\/\/atami.com\/pt-br\/wp-json\/wp\/v2\/media?parent=203959"}],"curies":[{"name":"wp","href":"https:\/\/api.w.org\/{rel}","templated":true}]}}