{"id":203957,"date":"2025-02-25T15:55:46","date_gmt":"2025-02-25T13:55:46","guid":{"rendered":"https:\/\/atami.com\/faq\/disponibilidade-e-compra\/"},"modified":"2025-04-25T10:35:19","modified_gmt":"2025-04-25T08:35:19","slug":"disponibilidade-e-compra","status":"publish","type":"page","link":"https:\/\/atami.com\/pt-br\/faq\/disponibilidade-e-compra","title":{"rendered":"Disponibilidade e compra"},"content":{"rendered":"\t\t<div data-elementor-type=\"wp-page\" data-elementor-id=\"203957\" class=\"elementor elementor-203957 elementor-147185\" data-elementor-post-type=\"page\">\n\t\t\t\t<div class=\"elementor-element elementor-element-731cda8 Banner e-flex e-con-boxed e-con e-parent\" data-id=\"731cda8\" data-element_type=\"container\" data-e-type=\"container\" data-settings=\"{&quot;background_background&quot;:&quot;classic&quot;}\">\n\t\t\t\t\t<div class=\"e-con-inner\">\n\t\t<div class=\"elementor-element elementor-element-9d54f57 e-con-full e-flex e-con e-child\" data-id=\"9d54f57\" data-element_type=\"container\" data-e-type=\"container\" data-settings=\"{&quot;background_background&quot;:&quot;classic&quot;}\">\n\t\t\t\t<div class=\"elementor-element elementor-element-7854512 elementor-widget elementor-widget-heading\" data-id=\"7854512\" data-element_type=\"widget\" data-e-type=\"widget\" data-widget_type=\"heading.default\">\n\t\t\t\t\t<h1 class=\"elementor-heading-title elementor-size-default\">Disponibilidade e compra<\/h1>\t\t\t\t<\/div>\n\t\t\t\t<div class=\"elementor-element elementor-element-2002778 elementor-widget elementor-widget-text-editor\" data-id=\"2002778\" data-element_type=\"widget\" data-e-type=\"widget\" data-widget_type=\"text-editor.default\">\n\t\t\t\t\t\t\t\t\t<p>O senhor gostaria de saber mais sobre os produtos Atami? Ent\u00e3o leia as perguntas mais frequentes sobre nossos produtos Atami aqui!<\/p>\n\t\t\t\t\t\t\t\t<\/div>\n\t\t\t\t<\/div>\n\t\t\t\t\t<\/div>\n\t\t\t\t<\/div>\n\t\t<div class=\"elementor-element elementor-element-e844973 e-flex e-con-boxed e-con e-parent\" data-id=\"e844973\" data-element_type=\"container\" data-e-type=\"container\" data-settings=\"{&quot;background_background&quot;:&quot;classic&quot;}\">\n\t\t\t\t\t<div class=\"e-con-inner\">\n\t\t\t\t<div class=\"elementor-element elementor-element-1ad7a10 elementor-widget elementor-widget-woocommerce-breadcrumb\" data-id=\"1ad7a10\" data-element_type=\"widget\" data-e-type=\"widget\" data-widget_type=\"woocommerce-breadcrumb.default\">\n\t\t\t\t\t<nav class=\"woocommerce-breadcrumb\" aria-label=\"Breadcrumb\">In\u00edcio<\/nav>\t\t\t\t<\/div>\n\t\t<div class=\"elementor-element elementor-element-97edfac e-con-full e-flex e-con e-child\" data-id=\"97edfac\" data-element_type=\"container\" data-e-type=\"container\">\n\t\t<div class=\"elementor-element elementor-element-83dc2c1 e-con-full e-flex e-con e-child\" data-id=\"83dc2c1\" data-element_type=\"container\" data-e-type=\"container\" data-settings=\"{&quot;background_background&quot;:&quot;classic&quot;}\">\n\t\t\t\t<div class=\"elementor-element elementor-element-2a5d3d2 elementor-nav-menu__align-start elementor-nav-menu--dropdown-none FAQMenu elementor-widget elementor-widget-nav-menu\" data-id=\"2a5d3d2\" data-element_type=\"widget\" data-e-type=\"widget\" data-settings=\"{&quot;layout&quot;:&quot;vertical&quot;,&quot;submenu_icon&quot;:{&quot;value&quot;:&quot;&lt;svg aria-hidden=\\&quot;true\\&quot; class=\\&quot;e-font-icon-svg e-fas-caret-down\\&quot; viewBox=\\&quot;0 0 320 512\\&quot; xmlns=\\&quot;http:\\\/\\\/www.w3.org\\\/2000\\\/svg\\&quot;&gt;&lt;path d=\\&quot;M31.3 192h257.3c17.8 0 26.7 21.5 14.1 34.1L174.1 354.8c-7.8 7.8-20.5 7.8-28.3 0L17.2 226.1C4.6 213.5 13.5 192 31.3 192z\\&quot;&gt;&lt;\\\/path&gt;&lt;\\\/svg&gt;&quot;,&quot;library&quot;:&quot;fa-solid&quot;}}\" data-widget_type=\"nav-menu.default\">\n\t\t\t\t\t\t\t\t<nav aria-label=\"Menu\" class=\"elementor-nav-menu--main elementor-nav-menu__container elementor-nav-menu--layout-vertical e--pointer-none\">\n\t\t\t\t<ul id=\"menu-1-2a5d3d2\" class=\"elementor-nav-menu sm-vertical\"><li class=\"menu-item menu-item-type-post_type menu-item-object-page menu-item-204219\"><a href=\"https:\/\/atami.com\/pt-br\/faq\/seguranca-e-conformidade\" class=\"elementor-item\">Seguran\u00e7a e conformidade<\/a><\/li>\n<li class=\"menu-item menu-item-type-post_type menu-item-object-page menu-item-204218\"><a href=\"https:\/\/atami.com\/pt-br\/faq\/desempenho-do-produto\" class=\"elementor-item\">Desempenho do produto<\/a><\/li>\n<li class=\"menu-item menu-item-type-post_type menu-item-object-page menu-item-204217\"><a href=\"https:\/\/atami.com\/pt-br\/faq\/armazenamento-e-prazo-de-validade\" class=\"elementor-item\">Armazenamento e prazo de validade<\/a><\/li>\n<li class=\"menu-item menu-item-type-post_type menu-item-object-page menu-item-204216\"><a href=\"https:\/\/atami.com\/pt-br\/faq\/disponibilidade-e-compra\" class=\"elementor-item\">Disponibilidade e compra<\/a><\/li>\n<li class=\"menu-item menu-item-type-post_type menu-item-object-page menu-item-204215\"><a href=\"https:\/\/atami.com\/pt-br\/faq\/ingredientes-do-produto\" class=\"elementor-item\">Ingredientes do produto<\/a><\/li>\n<li class=\"menu-item menu-item-type-post_type menu-item-object-page menu-item-204214\"><a href=\"https:\/\/atami.com\/pt-br\/faq\/variedades-de-produtos\" class=\"elementor-item\">Variedades de produtos<\/a><\/li>\n<li class=\"menu-item menu-item-type-post_type menu-item-object-page menu-item-204213\"><a href=\"https:\/\/atami.com\/pt-br\/faq\/compatibilidade-do-produto\" class=\"elementor-item\">Compatibilidade do produto<\/a><\/li>\n<li class=\"menu-item menu-item-type-post_type menu-item-object-page menu-item-204212\"><a href=\"https:\/\/atami.com\/pt-br\/faq\/uso-e-aplicacao-do-produto\" class=\"elementor-item\">Uso e aplica\u00e7\u00e3o do produto<\/a><\/li>\n<\/ul>\t\t\t<\/nav>\n\t\t\t\t\t\t<nav class=\"elementor-nav-menu--dropdown elementor-nav-menu__container\" aria-hidden=\"true\">\n\t\t\t\t<ul id=\"menu-2-2a5d3d2\" class=\"elementor-nav-menu sm-vertical\"><li class=\"menu-item menu-item-type-post_type menu-item-object-page menu-item-204219\"><a href=\"https:\/\/atami.com\/pt-br\/faq\/seguranca-e-conformidade\" class=\"elementor-item\" tabindex=\"-1\">Seguran\u00e7a e conformidade<\/a><\/li>\n<li class=\"menu-item menu-item-type-post_type menu-item-object-page menu-item-204218\"><a href=\"https:\/\/atami.com\/pt-br\/faq\/desempenho-do-produto\" class=\"elementor-item\" tabindex=\"-1\">Desempenho do produto<\/a><\/li>\n<li class=\"menu-item menu-item-type-post_type menu-item-object-page menu-item-204217\"><a href=\"https:\/\/atami.com\/pt-br\/faq\/armazenamento-e-prazo-de-validade\" class=\"elementor-item\" tabindex=\"-1\">Armazenamento e prazo de validade<\/a><\/li>\n<li class=\"menu-item menu-item-type-post_type menu-item-object-page menu-item-204216\"><a href=\"https:\/\/atami.com\/pt-br\/faq\/disponibilidade-e-compra\" class=\"elementor-item\" tabindex=\"-1\">Disponibilidade e compra<\/a><\/li>\n<li class=\"menu-item menu-item-type-post_type menu-item-object-page menu-item-204215\"><a href=\"https:\/\/atami.com\/pt-br\/faq\/ingredientes-do-produto\" class=\"elementor-item\" tabindex=\"-1\">Ingredientes do produto<\/a><\/li>\n<li class=\"menu-item menu-item-type-post_type menu-item-object-page menu-item-204214\"><a href=\"https:\/\/atami.com\/pt-br\/faq\/variedades-de-produtos\" class=\"elementor-item\" tabindex=\"-1\">Variedades de produtos<\/a><\/li>\n<li class=\"menu-item menu-item-type-post_type menu-item-object-page menu-item-204213\"><a href=\"https:\/\/atami.com\/pt-br\/faq\/compatibilidade-do-produto\" class=\"elementor-item\" tabindex=\"-1\">Compatibilidade do produto<\/a><\/li>\n<li class=\"menu-item menu-item-type-post_type menu-item-object-page menu-item-204212\"><a href=\"https:\/\/atami.com\/pt-br\/faq\/uso-e-aplicacao-do-produto\" class=\"elementor-item\" tabindex=\"-1\">Uso e aplica\u00e7\u00e3o do produto<\/a><\/li>\n<\/ul>\t\t\t<\/nav>\n\t\t\t\t\t\t<\/div>\n\t\t\t\t<\/div>\n\t\t<div class=\"elementor-element elementor-element-06f6b97 e-con-full e-flex e-con e-child\" data-id=\"06f6b97\" data-element_type=\"container\" data-e-type=\"container\">\n\t\t\t\t<div class=\"elementor-element elementor-element-0c9864e elementor-widget elementor-widget-accordion\" data-id=\"0c9864e\" data-element_type=\"widget\" data-e-type=\"widget\" data-widget_type=\"accordion.default\">\n\t\t\t\t\t\t\t<div class=\"elementor-accordion\">\n\t\t\t\t\t\t\t<div class=\"elementor-accordion-item\">\n\t\t\t\t\t<div id=\"elementor-tab-title-1321\" class=\"elementor-tab-title\" data-tab=\"1\" role=\"button\" aria-controls=\"elementor-tab-content-1321\" aria-expanded=\"false\">\n\t\t\t\t\t\t\t\t\t\t\t\t\t<span class=\"elementor-accordion-icon elementor-accordion-icon-left\" aria-hidden=\"true\">\n\t\t\t\t\t\t\t\t\t\t\t\t\t\t\t<span class=\"elementor-accordion-icon-closed\"><svg class=\"e-font-icon-svg e-fas-caret-down\" viewBox=\"0 0 320 512\" xmlns=\"http:\/\/www.w3.org\/2000\/svg\"><path d=\"M31.3 192h257.3c17.8 0 26.7 21.5 14.1 34.1L174.1 354.8c-7.8 7.8-20.5 7.8-28.3 0L17.2 226.1C4.6 213.5 13.5 192 31.3 192z\"><\/path><\/svg><\/span>\n\t\t\t\t\t\t\t\t<span class=\"elementor-accordion-icon-opened\"><svg class=\"e-font-icon-svg e-fas-caret-up\" viewBox=\"0 0 320 512\" xmlns=\"http:\/\/www.w3.org\/2000\/svg\"><path d=\"M288.662 352H31.338c-17.818 0-26.741-21.543-14.142-34.142l128.662-128.662c7.81-7.81 20.474-7.81 28.284 0l128.662 128.662c12.6 12.599 3.676 34.142-14.142 34.142z\"><\/path><\/svg><\/span>\n\t\t\t\t\t\t\t\t\t\t\t\t\t\t<\/span>\n\t\t\t\t\t\t\t\t\t\t\t\t<a class=\"elementor-accordion-title\" tabindex=\"0\">1. Onde posso comprar os produtos Atami?<\/a>\n\t\t\t\t\t<\/div>\n\t\t\t\t\t<div id=\"elementor-tab-content-1321\" class=\"elementor-tab-content elementor-clearfix\" data-tab=\"1\" role=\"region\" aria-labelledby=\"elementor-tab-title-1321\"><p>Os produtos Atami geralmente podem ser encontrados em revendedores autorizados, lojas hidrop\u00f4nicas locais ou por meio de varejistas on-line.<\/p>\n<\/div>\n\t\t\t\t<\/div>\n\t\t\t\t\t\t\t<div class=\"elementor-accordion-item\">\n\t\t\t\t\t<div id=\"elementor-tab-title-1322\" class=\"elementor-tab-title\" data-tab=\"2\" role=\"button\" aria-controls=\"elementor-tab-content-1322\" aria-expanded=\"false\">\n\t\t\t\t\t\t\t\t\t\t\t\t\t<span class=\"elementor-accordion-icon elementor-accordion-icon-left\" aria-hidden=\"true\">\n\t\t\t\t\t\t\t\t\t\t\t\t\t\t\t<span class=\"elementor-accordion-icon-closed\"><svg class=\"e-font-icon-svg e-fas-caret-down\" viewBox=\"0 0 320 512\" xmlns=\"http:\/\/www.w3.org\/2000\/svg\"><path d=\"M31.3 192h257.3c17.8 0 26.7 21.5 14.1 34.1L174.1 354.8c-7.8 7.8-20.5 7.8-28.3 0L17.2 226.1C4.6 213.5 13.5 192 31.3 192z\"><\/path><\/svg><\/span>\n\t\t\t\t\t\t\t\t<span class=\"elementor-accordion-icon-opened\"><svg class=\"e-font-icon-svg e-fas-caret-up\" viewBox=\"0 0 320 512\" xmlns=\"http:\/\/www.w3.org\/2000\/svg\"><path d=\"M288.662 352H31.338c-17.818 0-26.741-21.543-14.142-34.142l128.662-128.662c7.81-7.81 20.474-7.81 28.284 0l128.662 128.662c12.6 12.599 3.676 34.142-14.142 34.142z\"><\/path><\/svg><\/span>\n\t\t\t\t\t\t\t\t\t\t\t\t\t\t<\/span>\n\t\t\t\t\t\t\t\t\t\t\t\t<a class=\"elementor-accordion-title\" tabindex=\"0\">Existem revendedores autorizados ou varejistas on-line?<\/a>\n\t\t\t\t\t<\/div>\n\t\t\t\t\t<div id=\"elementor-tab-content-1322\" class=\"elementor-tab-content elementor-clearfix\" data-tab=\"2\" role=\"region\" aria-labelledby=\"elementor-tab-title-1322\"><p>Claro que sim, a Atami pode ajudar o senhor a encontr\u00e1-los. Entre em contato conosco por meio da p\u00e1gina de contato no site ou nas m\u00eddias sociais para ajud\u00e1-lo a encontrar distribuidores autorizados e varejistas on-line perto de voc\u00ea.<\/p>\n<\/div>\n\t\t\t\t<\/div>\n\t\t\t\t\t\t\t<div class=\"elementor-accordion-item\">\n\t\t\t\t\t<div id=\"elementor-tab-title-1323\" class=\"elementor-tab-title\" data-tab=\"3\" role=\"button\" aria-controls=\"elementor-tab-content-1323\" aria-expanded=\"false\">\n\t\t\t\t\t\t\t\t\t\t\t\t\t<span class=\"elementor-accordion-icon elementor-accordion-icon-left\" aria-hidden=\"true\">\n\t\t\t\t\t\t\t\t\t\t\t\t\t\t\t<span class=\"elementor-accordion-icon-closed\"><svg class=\"e-font-icon-svg e-fas-caret-down\" viewBox=\"0 0 320 512\" xmlns=\"http:\/\/www.w3.org\/2000\/svg\"><path d=\"M31.3 192h257.3c17.8 0 26.7 21.5 14.1 34.1L174.1 354.8c-7.8 7.8-20.5 7.8-28.3 0L17.2 226.1C4.6 213.5 13.5 192 31.3 192z\"><\/path><\/svg><\/span>\n\t\t\t\t\t\t\t\t<span class=\"elementor-accordion-icon-opened\"><svg class=\"e-font-icon-svg e-fas-caret-up\" viewBox=\"0 0 320 512\" xmlns=\"http:\/\/www.w3.org\/2000\/svg\"><path d=\"M288.662 352H31.338c-17.818 0-26.741-21.543-14.142-34.142l128.662-128.662c7.81-7.81 20.474-7.81 28.284 0l128.662 128.662c12.6 12.599 3.676 34.142-14.142 34.142z\"><\/path><\/svg><\/span>\n\t\t\t\t\t\t\t\t\t\t\t\t\t\t<\/span>\n\t\t\t\t\t\t\t\t\t\t\t\t<a class=\"elementor-accordion-title\" tabindex=\"0\">3. Eles oferecem op\u00e7\u00f5es de compra a granel ou descontos para grandes quantidades?<\/a>\n\t\t\t\t\t<\/div>\n\t\t\t\t\t<div id=\"elementor-tab-content-1323\" class=\"elementor-tab-content elementor-clearfix\" data-tab=\"3\" role=\"region\" aria-labelledby=\"elementor-tab-title-1323\"><p>A Atami pode oferecer op\u00e7\u00f5es de compra a granel ou descontos. Verifique com os fornecedores ou entre em contato conosco para obter informa\u00e7\u00f5es espec\u00edficas.<\/p>\n<\/div>\n\t\t\t\t<\/div>\n\t\t\t\t\t\t\t\t\t\t<script type=\"application\/ld+json\">{\"@context\":\"https:\\\/\\\/schema.org\",\"@type\":\"FAQPage\",\"mainEntity\":[{\"@type\":\"Question\",\"name\":\"1. Onde posso comprar os produtos Atami?\",\"acceptedAnswer\":{\"@type\":\"Answer\",\"text\":\"<p>Os produtos Atami geralmente podem ser encontrados em revendedores autorizados, lojas hidrop\\u00f4nicas locais ou por meio de varejistas on-line.<\\\/p>\\n\"}},{\"@type\":\"Question\",\"name\":\"Existem revendedores autorizados ou varejistas on-line?\",\"acceptedAnswer\":{\"@type\":\"Answer\",\"text\":\"<p>Claro que sim, a Atami pode ajudar o senhor a encontr\\u00e1-los. Entre em contato conosco por meio da p\\u00e1gina de contato no site ou nas m\\u00eddias sociais para ajud\\u00e1-lo a encontrar distribuidores autorizados e varejistas on-line perto de voc\\u00ea.<\\\/p>\\n\"}},{\"@type\":\"Question\",\"name\":\"3. Eles oferecem op\\u00e7\\u00f5es de compra a granel ou descontos para grandes quantidades?\",\"acceptedAnswer\":{\"@type\":\"Answer\",\"text\":\"<p>A Atami pode oferecer op\\u00e7\\u00f5es de compra a granel ou descontos. Verifique com os fornecedores ou entre em contato conosco para obter informa\\u00e7\\u00f5es espec\\u00edficas.<\\\/p>\\n\"}}]}<\/script>\n\t\t\t\t\t<\/div>\n\t\t\t\t\t\t<\/div>\n\t\t\t\t<div class=\"elementor-element elementor-element-8b86066 elementor-widget elementor-widget-html\" data-id=\"8b86066\" data-element_type=\"widget\" data-e-type=\"widget\" data-widget_type=\"html.default\">\n\t\t\t\t\t<script type=\"application\/ld+json\">\r\n{\r\n  \"@context\": \"https:\/\/schema.org\",\r\n  \"@type\": \"FAQPage\",\r\n  \"mainEntity\": [\r\n    {\r\n      \"@type\": \"Question\",\r\n      \"name\": \"Onde posso comprar os produtos Atami?\",\r\n      \"acceptedAnswer\": {\r\n        \"@type\": \"Answer\",\r\n        \"text\": \"Os produtos Atami geralmente podem ser encontrados em revendedores autorizados, lojas hidrop\u00f4nicas locais ou por meio de varejistas on-line.\"\r\n      }\r\n    },\r\n    {\r\n      \"@type\": \"Question\",\r\n      \"name\": \"Existem revendedores autorizados ou varejistas on-line?\",\r\n      \"acceptedAnswer\": {\r\n        \"@type\": \"Answer\",\r\n        \"text\": \"Claro que sim, a Atami pode ajudar o senhor a encontr\u00e1-los. Entre em contato conosco por meio da p\u00e1gina de contato no site ou nas m\u00eddias sociais para ajud\u00e1-lo a encontrar distribuidores autorizados e varejistas on-line perto de voc\u00ea.\"\r\n      }\r\n    },\r\n    {\r\n      \"@type\": \"Question\",\r\n      \"name\": \"Eles oferecem op\u00e7\u00f5es de compra a granel ou descontos para grandes quantidades?\",\r\n      \"acceptedAnswer\": {\r\n        \"@type\": \"Answer\",\r\n        \"text\": \"A Atami pode oferecer op\u00e7\u00f5es de compra a granel ou descontos. Verifique com os fornecedores ou entre em contato conosco para obter informa\u00e7\u00f5es espec\u00edficas.\"\r\n      }\r\n    }\r\n  ]\r\n}\r\n<\/script>\t\t\t\t<\/div>\n\t\t\t\t<\/div>\n\t\t\t\t<\/div>\n\t\t\t\t\t<\/div>\n\t\t\t\t<\/div>\n\t\t\t\t<\/div>\n\t\t","protected":false},"excerpt":{"rendered":"<p>Disponibilidade e compra O senhor gostaria de saber mais sobre os produtos Atami? Ent\u00e3o leia as perguntas mais frequentes sobre nossos produtos Atami aqui! 1. Onde posso comprar os produtos Atami? Os produtos Atami geralmente podem ser encontrados em revendedores autorizados, lojas hidrop\u00f4nicas locais ou por meio de varejistas on-line. Existem revendedores autorizados ou varejistas [&hellip;]<\/p>\n","protected":false},"author":1,"featured_media":0,"parent":203941,"menu_order":0,"comment_status":"closed","ping_status":"closed","template":"elementor_header_footer","meta":{"_acf_changed":false,"iawp_total_views":0,"footnotes":""},"class_list":["post-203957","page","type-page","status-publish","hentry"],"acf":[],"yoast_head":"<!-- This site is optimized with the Yoast SEO Premium plugin v27.4 (Yoast SEO v27.4) - https:\/\/yoast.com\/product\/yoast-seo-premium-wordpress\/ -->\n<title>O\u00f9 Acheter Atami au Br\u00e9sil ? Disponibilit\u00e9 et Infos<\/title>\n<meta name=\"description\" content=\"Vous cherchez des produits Atami au Br\u00e9sil ? Trouvez ici les informations sur la disponibilit\u00e9 et comment vous les procurer ! Cliquez pour en savoir plus.\" \/>\n<meta name=\"robots\" content=\"index, follow, max-snippet:-1, max-image-preview:large, max-video-preview:-1\" \/>\n<link rel=\"canonical\" href=\"https:\/\/atami.com\/pt-br\/faq\/disponibilidade-e-compra\" \/>\n<meta property=\"og:locale\" content=\"pt_BR\" \/>\n<meta property=\"og:type\" content=\"article\" \/>\n<meta property=\"og:title\" content=\"Disponibilidade e compra\" \/>\n<meta property=\"og:description\" content=\"Vous cherchez des produits Atami au Br\u00e9sil ? Trouvez ici les informations sur la disponibilit\u00e9 et comment vous les procurer ! Cliquez pour en savoir plus.\" \/>\n<meta property=\"og:url\" content=\"https:\/\/atami.com\/pt-br\/faq\/disponibilidade-e-compra\/\" \/>\n<meta property=\"og:site_name\" content=\"Atami\" \/>\n<meta property=\"article:publisher\" content=\"https:\/\/www.facebook.com\/Atami.International\" \/>\n<meta property=\"article:modified_time\" content=\"2025-04-25T08:35:19+00:00\" \/>\n<meta name=\"twitter:card\" content=\"summary_large_image\" \/>\n<meta name=\"twitter:site\" content=\"@AtamiEU\" \/>\n<meta name=\"twitter:label1\" content=\"Est. tempo de leitura\" \/>\n\t<meta name=\"twitter:data1\" content=\"1 minuto\" \/>\n<script type=\"application\/ld+json\" class=\"yoast-schema-graph\">{\"@context\":\"https:\\\/\\\/schema.org\",\"@graph\":[{\"@type\":\"WebPage\",\"@id\":\"https:\\\/\\\/atami.com\\\/pt-br\\\/faq\\\/disponibilidade-e-compra\",\"url\":\"https:\\\/\\\/atami.com\\\/pt-br\\\/faq\\\/disponibilidade-e-compra\\\/\",\"name\":\"O\u00f9 Acheter Atami au Br\u00e9sil ? Disponibilit\u00e9 et Infos\",\"isPartOf\":{\"@id\":\"https:\\\/\\\/atami.com\\\/pt-br#website\"},\"datePublished\":\"2025-02-25T13:55:46+00:00\",\"dateModified\":\"2025-04-25T08:35:19+00:00\",\"description\":\"Vous cherchez des produits Atami au Br\u00e9sil ? Trouvez ici les informations sur la disponibilit\u00e9 et comment vous les procurer ! Cliquez pour en savoir plus.\",\"breadcrumb\":{\"@id\":\"https:\\\/\\\/atami.com\\\/pt-br\\\/faq\\\/disponibilidade-e-compra\\\/#breadcrumb\"},\"inLanguage\":\"pt-BR\",\"potentialAction\":[{\"@type\":\"ReadAction\",\"target\":[\"https:\\\/\\\/atami.com\\\/pt-br\\\/faq\\\/disponibilidade-e-compra\\\/\"]}]},{\"@type\":\"BreadcrumbList\",\"@id\":\"https:\\\/\\\/atami.com\\\/pt-br\\\/faq\\\/disponibilidade-e-compra\\\/#breadcrumb\",\"itemListElement\":[{\"@type\":\"ListItem\",\"position\":1,\"name\":\"Home\",\"item\":\"https:\\\/\\\/atami.com\\\/pt-br\"},{\"@type\":\"ListItem\",\"position\":2,\"name\":\"FAQ\",\"item\":\"https:\\\/\\\/atami.com\\\/pt-br\\\/faq\"},{\"@type\":\"ListItem\",\"position\":3,\"name\":\"Disponibilidade e compra\"}]},{\"@type\":\"WebSite\",\"@id\":\"https:\\\/\\\/atami.com\\\/pt-br#website\",\"url\":\"https:\\\/\\\/atami.com\\\/pt-br\",\"name\":\"Atami\",\"description\":\"NATURALLY INNOVATING!\",\"publisher\":{\"@id\":\"https:\\\/\\\/atami.com\\\/pt-br#organization\"},\"potentialAction\":[{\"@type\":\"SearchAction\",\"target\":{\"@type\":\"EntryPoint\",\"urlTemplate\":\"https:\\\/\\\/atami.com\\\/pt-br?s={search_term_string}\"},\"query-input\":{\"@type\":\"PropertyValueSpecification\",\"valueRequired\":true,\"valueName\":\"search_term_string\"}}],\"inLanguage\":\"pt-BR\"},{\"@type\":\"Organization\",\"@id\":\"https:\\\/\\\/atami.com\\\/pt-br#organization\",\"name\":\"Atami\",\"url\":\"https:\\\/\\\/atami.com\\\/pt-br\",\"logo\":{\"@type\":\"ImageObject\",\"inLanguage\":\"pt-BR\",\"@id\":\"https:\\\/\\\/atami.com\\\/pt-br#\\\/schema\\\/logo\\\/image\\\/\",\"url\":\"https:\\\/\\\/atami.com\\\/wp-content\\\/uploads\\\/2026\\\/01\\\/Atami-logo-696x696px.webp\",\"contentUrl\":\"https:\\\/\\\/atami.com\\\/wp-content\\\/uploads\\\/2026\\\/01\\\/Atami-logo-696x696px.webp\",\"width\":696,\"height\":696,\"caption\":\"Atami\"},\"image\":{\"@id\":\"https:\\\/\\\/atami.com\\\/pt-br#\\\/schema\\\/logo\\\/image\\\/\"},\"sameAs\":[\"https:\\\/\\\/www.facebook.com\\\/Atami.International\",\"https:\\\/\\\/x.com\\\/AtamiEU\",\"https:\\\/\\\/www.youtube.com\\\/c\\\/AtamiInternational\",\"https:\\\/\\\/www.instagram.com\\\/atami.international\\\/\"],\"description\":\"ATAMI is a premium plant nutrition & substrate brand founded in 1997 with the mission to make exceptional cultivation achievable for everyone. From legacy to license, we offer a wide variety of innovating award-winning products to let cultivators achieve maximum results in taste & yield.\",\"email\":\"info@mginnovations.es\",\"legalName\":\"Atami\",\"numberOfEmployees\":{\"@type\":\"QuantitativeValue\",\"minValue\":\"11\",\"maxValue\":\"50\"}}]}<\/script>\n<!-- \/ Yoast SEO Premium plugin. -->","yoast_head_json":{"title":"O\u00f9 Acheter Atami au Br\u00e9sil ? Disponibilit\u00e9 et Infos","description":"Vous cherchez des produits Atami au Br\u00e9sil ? Trouvez ici les informations sur la disponibilit\u00e9 et comment vous les procurer ! Cliquez pour en savoir plus.","robots":{"index":"index","follow":"follow","max-snippet":"max-snippet:-1","max-image-preview":"max-image-preview:large","max-video-preview":"max-video-preview:-1"},"canonical":"https:\/\/atami.com\/pt-br\/faq\/disponibilidade-e-compra","og_locale":"pt_BR","og_type":"article","og_title":"Disponibilidade e compra","og_description":"Vous cherchez des produits Atami au Br\u00e9sil ? Trouvez ici les informations sur la disponibilit\u00e9 et comment vous les procurer ! Cliquez pour en savoir plus.","og_url":"https:\/\/atami.com\/pt-br\/faq\/disponibilidade-e-compra\/","og_site_name":"Atami","article_publisher":"https:\/\/www.facebook.com\/Atami.International","article_modified_time":"2025-04-25T08:35:19+00:00","twitter_card":"summary_large_image","twitter_site":"@AtamiEU","twitter_misc":{"Est. tempo de leitura":"1 minuto"},"schema":{"@context":"https:\/\/schema.org","@graph":[{"@type":"WebPage","@id":"https:\/\/atami.com\/pt-br\/faq\/disponibilidade-e-compra","url":"https:\/\/atami.com\/pt-br\/faq\/disponibilidade-e-compra\/","name":"O\u00f9 Acheter Atami au Br\u00e9sil ? Disponibilit\u00e9 et Infos","isPartOf":{"@id":"https:\/\/atami.com\/pt-br#website"},"datePublished":"2025-02-25T13:55:46+00:00","dateModified":"2025-04-25T08:35:19+00:00","description":"Vous cherchez des produits Atami au Br\u00e9sil ? Trouvez ici les informations sur la disponibilit\u00e9 et comment vous les procurer ! Cliquez pour en savoir plus.","breadcrumb":{"@id":"https:\/\/atami.com\/pt-br\/faq\/disponibilidade-e-compra\/#breadcrumb"},"inLanguage":"pt-BR","potentialAction":[{"@type":"ReadAction","target":["https:\/\/atami.com\/pt-br\/faq\/disponibilidade-e-compra\/"]}]},{"@type":"BreadcrumbList","@id":"https:\/\/atami.com\/pt-br\/faq\/disponibilidade-e-compra\/#breadcrumb","itemListElement":[{"@type":"ListItem","position":1,"name":"Home","item":"https:\/\/atami.com\/pt-br"},{"@type":"ListItem","position":2,"name":"FAQ","item":"https:\/\/atami.com\/pt-br\/faq"},{"@type":"ListItem","position":3,"name":"Disponibilidade e compra"}]},{"@type":"WebSite","@id":"https:\/\/atami.com\/pt-br#website","url":"https:\/\/atami.com\/pt-br","name":"Atami","description":"NATURALLY INNOVATING!","publisher":{"@id":"https:\/\/atami.com\/pt-br#organization"},"potentialAction":[{"@type":"SearchAction","target":{"@type":"EntryPoint","urlTemplate":"https:\/\/atami.com\/pt-br?s={search_term_string}"},"query-input":{"@type":"PropertyValueSpecification","valueRequired":true,"valueName":"search_term_string"}}],"inLanguage":"pt-BR"},{"@type":"Organization","@id":"https:\/\/atami.com\/pt-br#organization","name":"Atami","url":"https:\/\/atami.com\/pt-br","logo":{"@type":"ImageObject","inLanguage":"pt-BR","@id":"https:\/\/atami.com\/pt-br#\/schema\/logo\/image\/","url":"https:\/\/atami.com\/wp-content\/uploads\/2026\/01\/Atami-logo-696x696px.webp","contentUrl":"https:\/\/atami.com\/wp-content\/uploads\/2026\/01\/Atami-logo-696x696px.webp","width":696,"height":696,"caption":"Atami"},"image":{"@id":"https:\/\/atami.com\/pt-br#\/schema\/logo\/image\/"},"sameAs":["https:\/\/www.facebook.com\/Atami.International","https:\/\/x.com\/AtamiEU","https:\/\/www.youtube.com\/c\/AtamiInternational","https:\/\/www.instagram.com\/atami.international\/"],"description":"ATAMI is a premium plant nutrition & substrate brand founded in 1997 with the mission to make exceptional cultivation achievable for everyone. From legacy to license, we offer a wide variety of innovating award-winning products to let cultivators achieve maximum results in taste & yield.","email":"info@mginnovations.es","legalName":"Atami","numberOfEmployees":{"@type":"QuantitativeValue","minValue":"11","maxValue":"50"}}]}},"_links":{"self":[{"href":"https:\/\/atami.com\/pt-br\/wp-json\/wp\/v2\/pages\/203957","targetHints":{"allow":["GET"]}}],"collection":[{"href":"https:\/\/atami.com\/pt-br\/wp-json\/wp\/v2\/pages"}],"about":[{"href":"https:\/\/atami.com\/pt-br\/wp-json\/wp\/v2\/types\/page"}],"author":[{"embeddable":true,"href":"https:\/\/atami.com\/pt-br\/wp-json\/wp\/v2\/users\/1"}],"replies":[{"embeddable":true,"href":"https:\/\/atami.com\/pt-br\/wp-json\/wp\/v2\/comments?post=203957"}],"version-history":[{"count":0,"href":"https:\/\/atami.com\/pt-br\/wp-json\/wp\/v2\/pages\/203957\/revisions"}],"up":[{"embeddable":true,"href":"https:\/\/atami.com\/pt-br\/wp-json\/wp\/v2\/pages\/203941"}],"wp:attachment":[{"href":"https:\/\/atami.com\/pt-br\/wp-json\/wp\/v2\/media?parent=203957"}],"curies":[{"name":"wp","href":"https:\/\/api.w.org\/{rel}","templated":true}]}}