{"id":46210,"date":"2023-02-14T13:15:05","date_gmt":"2023-02-14T13:15:05","guid":{"rendered":"https:\/\/atami.com\/product\/bounce\/"},"modified":"2025-11-10T16:21:53","modified_gmt":"2025-11-10T14:21:53","slug":"bounce","status":"publish","type":"product","link":"https:\/\/atami.com\/it\/prodotto\/bounce","title":{"rendered":"B\u2019ounce"},"content":{"rendered":"<p>Atami B\u2019ounce \u00e8 un substrato pressato a base di cocco, formato da un mix di farina di cocco, fibre di <br \/>\ncocco e pezzi di cocco. Tutti gli ingredienti vengono tamponati e lavati: pertanto, Atami B\u2019ounce pu\u00f2 <br \/>\nessere considerato un substrato puro. La variet\u00e0 della struttura di Cocos B\u2019ounce offre una base <br \/>\nideale. I pezzi di cocco pi\u00f9 grandi garantiscono che la miscela rimanga abbastanza ariosa, favorendo la <br \/>\npresenza di ossigeno sufficiente per le radici.<br \/>\nL\u2019ossigeno esercita un effetto positivo sullo sviluppo (rapido) di un sistema radicale forte e sano. <br \/>\nInoltre, la velocit\u00e0 a cui il sistema radicale pu\u00f2 svilupparsi aumenta notevolmente in virt\u00f9 di <br \/>\ncondizioni (di illuminazione) favorevoli, promuovendo una crescita ancora pi\u00f9 rapida.<br \/>\nI pezzi di cocco pi\u00f9 grandi, inoltre, offrono un buon drenaggio. D\u2019altro canto, le particelle fini di cocco <br \/>\n(tra cui le fibre e la farina) fungono da spugna e trattengono l\u2019umidit\u00e0 pi\u00f9 a lungo, in modo da <br \/>\npreservare acqua (con nutrienti) a sufficienza nel substrato. Una volta bagnato, Atami B\u2019ounce si <br \/>\ngonfia fino a raggiungere un\u2019altezza di circa 20 cm.<\/p>\n<p>\n<strong>ATAMI B\u2019OUNCE \u00c8 DISPONIBILE IN PICCOLI BLOCCHI DA 18,5 X 18,5 CM. L\u2019ALTEZZA DEI BLOCCHI \u00c8 PARI <\/strong><br \/>\n<strong>A 6 CM.<\/strong><\/p>\n<p>\n<strong>EC: 0,80<\/strong><\/p>\n","protected":false},"excerpt":{"rendered":"<p>Substrato di cocco compresso<\/p>\n","protected":false},"featured_media":26131,"comment_status":"closed","ping_status":"closed","template":"","meta":{"_acf_changed":false,"iawp_total_views":18},"product_brand":[],"product_cat":[354],"product_tag":[],"class_list":{"0":"post-46210","1":"product","2":"type-product","3":"status-publish","4":"has-post-thumbnail","6":"product_cat-atami-substrati","8":"first","9":"instock","10":"shipping-taxable","11":"product-type-simple"},"acf":{"short_description":"<p>Atami B\u2019ounce \u00e8 un substrato pressato a base di cocco, formato da un mix di farina di cocco, fibre di cocco e pezzi di cocco. Tutti gli ingredienti vengono tamponati e lavati: pertanto, Atami B\u2019ounce pu\u00f2 essere considerato un substrato puro. La variet\u00e0 della struttura di Cocos B\u2019ounce offre una base ideale. I pezzi di cocco pi\u00f9 grandi garantiscono che la miscela rimanga abbastanza ariosa, favorendo la presenza di ossigeno sufficiente per le radici.<br \/>L\u2019ossigeno esercita un effetto positivo sullo sviluppo (rapido) di un sistema radicale forte e sano. <br \/>Inoltre, la velocit\u00e0 a cui il sistema radicale pu\u00f2 svilupparsi aumenta notevolmente in virt\u00f9 di condizioni (di illuminazione) favorevoli, promuovendo una crescita ancora pi\u00f9 rapida.<br \/>I pezzi di cocco pi\u00f9 grandi, inoltre, offrono un buon drenaggio. D\u2019altro canto, le particelle fini di cocco (tra cui le fibre e la farina) fungono da spugna e trattengono l\u2019umidit\u00e0 pi\u00f9 a lungo, in modo da preservare acqua (con nutrienti) a sufficienza nel substrato. Una volta bagnato, Atami B\u2019ounce si gonfia fino a raggiungere un\u2019altezza di circa 20 cm.<\/p><p><br \/><strong>ATAMI B\u2019OUNCE \u00c8 DISPONIBILE IN PICCOLI BLOCCHI DA 18,5 X 18,5 CM. L\u2019ALTEZZA DEI BLOCCHI \u00c8 PARI <\/strong><br \/><strong>A 6 CM.<\/strong><\/p><p><br \/><strong>EC: 0,80<\/strong><\/p>","suitable_for":"","application":"","dosage":"","npk_ratio":"","available_in":"","icon_1":"","icon_1_text":"","icon_2":"","icon_2_text":"","icon_3":"","icon_3_text":"","icon_4":"","icon_4_text":"","video":"","second_image":26146,"product_image_page":"","user_manual":"","new_icon_1":"","new_icon_2":"","new_icon_3":"","new_icon_4":"","grow_guides":"","category":"Substrato"},"yoast_head":"<!-- This site is optimized with the Yoast SEO Premium plugin v27.5 (Yoast SEO v27.5) - https:\/\/yoast.com\/product\/yoast-seo-premium-wordpress\/ -->\n<title>Boost Your Plant Growth with B&#039;ounce Coconut Substrate - Atami<\/title>\n<meta name=\"description\" content=\"Discover B&#039;ounce, a premium coconut substrate from Atami, designed for optimal root development and moisture retention. Perfect for faster plant growth and stronger roots.\" \/>\n<meta name=\"robots\" content=\"index, follow, max-snippet:-1, max-image-preview:large, max-video-preview:-1\" \/>\n<link rel=\"canonical\" href=\"https:\/\/atami.com\/it\/prodotto\/bounce\" \/>\n<meta property=\"og:locale\" content=\"it_IT\" \/>\n<meta property=\"og:type\" content=\"article\" \/>\n<meta property=\"og:title\" content=\"B\u2019ounce\" \/>\n<meta property=\"og:description\" content=\"Discover B&#039;ounce, a premium coconut substrate from Atami, designed for optimal root development and moisture retention. Perfect for faster plant growth and stronger roots.\" \/>\n<meta property=\"og:url\" content=\"https:\/\/atami.com\/it\/prodotto\/bounce\" \/>\n<meta property=\"og:site_name\" content=\"Atami\" \/>\n<meta property=\"article:publisher\" content=\"https:\/\/www.facebook.com\/Atami.International\" \/>\n<meta property=\"article:modified_time\" content=\"2025-11-10T14:21:53+00:00\" \/>\n<meta property=\"og:image\" content=\"https:\/\/atami.com\/wp-content\/uploads\/2023\/02\/Bounce-Main-Image.webp\" \/>\n\t<meta property=\"og:image:width\" content=\"1080\" \/>\n\t<meta property=\"og:image:height\" content=\"1080\" \/>\n\t<meta property=\"og:image:type\" content=\"image\/webp\" \/>\n<meta name=\"twitter:card\" content=\"summary_large_image\" \/>\n<meta name=\"twitter:site\" content=\"@AtamiEU\" \/>\n<meta name=\"twitter:label1\" content=\"Tempo di lettura stimato\" \/>\n\t<meta name=\"twitter:data1\" content=\"2 minuti\" \/>\n<script type=\"application\/ld+json\" class=\"yoast-schema-graph\">{\"@context\":\"https:\\\/\\\/schema.org\",\"@graph\":[{\"@type\":\"WebPage\",\"@id\":\"https:\\\/\\\/atami.com\\\/it\\\/prodotto\\\/bounce\",\"url\":\"https:\\\/\\\/atami.com\\\/it\\\/prodotto\\\/bounce\",\"name\":\"Boost Your Plant Growth with B'ounce Coconut Substrate - Atami\",\"isPartOf\":{\"@id\":\"https:\\\/\\\/atami.com\\\/it#website\"},\"primaryImageOfPage\":{\"@id\":\"https:\\\/\\\/atami.com\\\/it\\\/prodotto\\\/bounce#primaryimage\"},\"image\":{\"@id\":\"https:\\\/\\\/atami.com\\\/it\\\/prodotto\\\/bounce#primaryimage\"},\"thumbnailUrl\":\"https:\\\/\\\/atami.com\\\/wp-content\\\/uploads\\\/2023\\\/02\\\/Bounce-Main-Image.webp\",\"datePublished\":\"2023-02-14T13:15:05+00:00\",\"dateModified\":\"2025-11-10T14:21:53+00:00\",\"description\":\"Discover B'ounce, a premium coconut substrate from Atami, designed for optimal root development and moisture retention. Perfect for faster plant growth and stronger roots.\",\"breadcrumb\":{\"@id\":\"https:\\\/\\\/atami.com\\\/it\\\/prodotto\\\/bounce#breadcrumb\"},\"inLanguage\":\"it-IT\",\"potentialAction\":[{\"@type\":\"ReadAction\",\"target\":[\"https:\\\/\\\/atami.com\\\/it\\\/prodotto\\\/bounce\"]}]},{\"@type\":\"ImageObject\",\"inLanguage\":\"it-IT\",\"@id\":\"https:\\\/\\\/atami.com\\\/it\\\/prodotto\\\/bounce#primaryimage\",\"url\":\"https:\\\/\\\/atami.com\\\/wp-content\\\/uploads\\\/2023\\\/02\\\/Bounce-Main-Image.webp\",\"contentUrl\":\"https:\\\/\\\/atami.com\\\/wp-content\\\/uploads\\\/2023\\\/02\\\/Bounce-Main-Image.webp\",\"width\":1080,\"height\":1080,\"caption\":\"B\u2019ounce fornisce un mezzo ben strutturato che trattiene acqua e sostanze nutritive, favorendo lo sviluppo sano delle radici.\"},{\"@type\":\"BreadcrumbList\",\"@id\":\"https:\\\/\\\/atami.com\\\/it\\\/prodotto\\\/bounce#breadcrumb\",\"itemListElement\":[{\"@type\":\"ListItem\",\"position\":1,\"name\":\"Home\",\"item\":\"https:\\\/\\\/atami.com\\\/it\"},{\"@type\":\"ListItem\",\"position\":2,\"name\":\"Prodotti\",\"item\":\"https:\\\/\\\/atami.com\\\/it\\\/shop\"},{\"@type\":\"ListItem\",\"position\":3,\"name\":\"Marche\",\"item\":\"https:\\\/\\\/atami.com\\\/it\\\/categoria-prodotto\\\/marche\"},{\"@type\":\"ListItem\",\"position\":4,\"name\":\"Atami substrati\",\"item\":\"https:\\\/\\\/atami.com\\\/it\\\/categoria-prodotto\\\/marche\\\/atami-substrati\"},{\"@type\":\"ListItem\",\"position\":5,\"name\":\"B\u2019ounce\"}]},{\"@type\":\"WebSite\",\"@id\":\"https:\\\/\\\/atami.com\\\/it#website\",\"url\":\"https:\\\/\\\/atami.com\\\/it\",\"name\":\"Atami\",\"description\":\"NATURALLY INNOVATING!\",\"publisher\":{\"@id\":\"https:\\\/\\\/atami.com\\\/it#organization\"},\"potentialAction\":[{\"@type\":\"SearchAction\",\"target\":{\"@type\":\"EntryPoint\",\"urlTemplate\":\"https:\\\/\\\/atami.com\\\/it?s={search_term_string}\"},\"query-input\":{\"@type\":\"PropertyValueSpecification\",\"valueRequired\":true,\"valueName\":\"search_term_string\"}}],\"inLanguage\":\"it-IT\"},{\"@type\":\"Organization\",\"@id\":\"https:\\\/\\\/atami.com\\\/it#organization\",\"name\":\"Atami\",\"url\":\"https:\\\/\\\/atami.com\\\/it\",\"logo\":{\"@type\":\"ImageObject\",\"inLanguage\":\"it-IT\",\"@id\":\"https:\\\/\\\/atami.com\\\/it#\\\/schema\\\/logo\\\/image\\\/\",\"url\":\"https:\\\/\\\/atami.com\\\/wp-content\\\/uploads\\\/2026\\\/01\\\/Atami-logo-696x696px.webp\",\"contentUrl\":\"https:\\\/\\\/atami.com\\\/wp-content\\\/uploads\\\/2026\\\/01\\\/Atami-logo-696x696px.webp\",\"width\":696,\"height\":696,\"caption\":\"Atami\"},\"image\":{\"@id\":\"https:\\\/\\\/atami.com\\\/it#\\\/schema\\\/logo\\\/image\\\/\"},\"sameAs\":[\"https:\\\/\\\/www.facebook.com\\\/Atami.International\",\"https:\\\/\\\/x.com\\\/AtamiEU\",\"https:\\\/\\\/www.youtube.com\\\/c\\\/AtamiInternational\",\"https:\\\/\\\/www.instagram.com\\\/atami.international\\\/\"],\"description\":\"ATAMI is a premium plant nutrition & substrate brand founded in 1997 with the mission to make exceptional cultivation achievable for everyone. From legacy to license, we offer a wide variety of innovating award-winning products to let cultivators achieve maximum results in taste & yield.\",\"email\":\"info@mginnovations.es\",\"legalName\":\"Atami\",\"numberOfEmployees\":{\"@type\":\"QuantitativeValue\",\"minValue\":\"11\",\"maxValue\":\"50\"}}]}<\/script>\n<!-- \/ Yoast SEO Premium plugin. -->","yoast_head_json":{"title":"Boost Your Plant Growth with B'ounce Coconut Substrate - Atami","description":"Discover B'ounce, a premium coconut substrate from Atami, designed for optimal root development and moisture retention. Perfect for faster plant growth and stronger roots.","robots":{"index":"index","follow":"follow","max-snippet":"max-snippet:-1","max-image-preview":"max-image-preview:large","max-video-preview":"max-video-preview:-1"},"canonical":"https:\/\/atami.com\/it\/prodotto\/bounce","og_locale":"it_IT","og_type":"article","og_title":"B\u2019ounce","og_description":"Discover B'ounce, a premium coconut substrate from Atami, designed for optimal root development and moisture retention. Perfect for faster plant growth and stronger roots.","og_url":"https:\/\/atami.com\/it\/prodotto\/bounce","og_site_name":"Atami","article_publisher":"https:\/\/www.facebook.com\/Atami.International","article_modified_time":"2025-11-10T14:21:53+00:00","og_image":[{"width":1080,"height":1080,"url":"https:\/\/atami.com\/wp-content\/uploads\/2023\/02\/Bounce-Main-Image.webp","type":"image\/webp"}],"twitter_card":"summary_large_image","twitter_site":"@AtamiEU","twitter_misc":{"Tempo di lettura stimato":"2 minuti"},"schema":{"@context":"https:\/\/schema.org","@graph":[{"@type":"WebPage","@id":"https:\/\/atami.com\/it\/prodotto\/bounce","url":"https:\/\/atami.com\/it\/prodotto\/bounce","name":"Boost Your Plant Growth with B'ounce Coconut Substrate - Atami","isPartOf":{"@id":"https:\/\/atami.com\/it#website"},"primaryImageOfPage":{"@id":"https:\/\/atami.com\/it\/prodotto\/bounce#primaryimage"},"image":{"@id":"https:\/\/atami.com\/it\/prodotto\/bounce#primaryimage"},"thumbnailUrl":"https:\/\/atami.com\/wp-content\/uploads\/2023\/02\/Bounce-Main-Image.webp","datePublished":"2023-02-14T13:15:05+00:00","dateModified":"2025-11-10T14:21:53+00:00","description":"Discover B'ounce, a premium coconut substrate from Atami, designed for optimal root development and moisture retention. Perfect for faster plant growth and stronger roots.","breadcrumb":{"@id":"https:\/\/atami.com\/it\/prodotto\/bounce#breadcrumb"},"inLanguage":"it-IT","potentialAction":[{"@type":"ReadAction","target":["https:\/\/atami.com\/it\/prodotto\/bounce"]}]},{"@type":"ImageObject","inLanguage":"it-IT","@id":"https:\/\/atami.com\/it\/prodotto\/bounce#primaryimage","url":"https:\/\/atami.com\/wp-content\/uploads\/2023\/02\/Bounce-Main-Image.webp","contentUrl":"https:\/\/atami.com\/wp-content\/uploads\/2023\/02\/Bounce-Main-Image.webp","width":1080,"height":1080,"caption":"B\u2019ounce fornisce un mezzo ben strutturato che trattiene acqua e sostanze nutritive, favorendo lo sviluppo sano delle radici."},{"@type":"BreadcrumbList","@id":"https:\/\/atami.com\/it\/prodotto\/bounce#breadcrumb","itemListElement":[{"@type":"ListItem","position":1,"name":"Home","item":"https:\/\/atami.com\/it"},{"@type":"ListItem","position":2,"name":"Prodotti","item":"https:\/\/atami.com\/it\/shop"},{"@type":"ListItem","position":3,"name":"Marche","item":"https:\/\/atami.com\/it\/categoria-prodotto\/marche"},{"@type":"ListItem","position":4,"name":"Atami substrati","item":"https:\/\/atami.com\/it\/categoria-prodotto\/marche\/atami-substrati"},{"@type":"ListItem","position":5,"name":"B\u2019ounce"}]},{"@type":"WebSite","@id":"https:\/\/atami.com\/it#website","url":"https:\/\/atami.com\/it","name":"Atami","description":"NATURALLY INNOVATING!","publisher":{"@id":"https:\/\/atami.com\/it#organization"},"potentialAction":[{"@type":"SearchAction","target":{"@type":"EntryPoint","urlTemplate":"https:\/\/atami.com\/it?s={search_term_string}"},"query-input":{"@type":"PropertyValueSpecification","valueRequired":true,"valueName":"search_term_string"}}],"inLanguage":"it-IT"},{"@type":"Organization","@id":"https:\/\/atami.com\/it#organization","name":"Atami","url":"https:\/\/atami.com\/it","logo":{"@type":"ImageObject","inLanguage":"it-IT","@id":"https:\/\/atami.com\/it#\/schema\/logo\/image\/","url":"https:\/\/atami.com\/wp-content\/uploads\/2026\/01\/Atami-logo-696x696px.webp","contentUrl":"https:\/\/atami.com\/wp-content\/uploads\/2026\/01\/Atami-logo-696x696px.webp","width":696,"height":696,"caption":"Atami"},"image":{"@id":"https:\/\/atami.com\/it#\/schema\/logo\/image\/"},"sameAs":["https:\/\/www.facebook.com\/Atami.International","https:\/\/x.com\/AtamiEU","https:\/\/www.youtube.com\/c\/AtamiInternational","https:\/\/www.instagram.com\/atami.international\/"],"description":"ATAMI is a premium plant nutrition & substrate brand founded in 1997 with the mission to make exceptional cultivation achievable for everyone. From legacy to license, we offer a wide variety of innovating award-winning products to let cultivators achieve maximum results in taste & yield.","email":"info@mginnovations.es","legalName":"Atami","numberOfEmployees":{"@type":"QuantitativeValue","minValue":"11","maxValue":"50"}}]}},"_links":{"self":[{"href":"https:\/\/atami.com\/it\/wp-json\/wp\/v2\/product\/46210","targetHints":{"allow":["GET"]}}],"collection":[{"href":"https:\/\/atami.com\/it\/wp-json\/wp\/v2\/product"}],"about":[{"href":"https:\/\/atami.com\/it\/wp-json\/wp\/v2\/types\/product"}],"replies":[{"embeddable":true,"href":"https:\/\/atami.com\/it\/wp-json\/wp\/v2\/comments?post=46210"}],"wp:featuredmedia":[{"embeddable":true,"href":"https:\/\/atami.com\/it\/wp-json\/wp\/v2\/media\/26131"}],"wp:attachment":[{"href":"https:\/\/atami.com\/it\/wp-json\/wp\/v2\/media?parent=46210"}],"wp:term":[{"taxonomy":"product_brand","embeddable":true,"href":"https:\/\/atami.com\/it\/wp-json\/wp\/v2\/product_brand?post=46210"},{"taxonomy":"product_cat","embeddable":true,"href":"https:\/\/atami.com\/it\/wp-json\/wp\/v2\/product_cat?post=46210"},{"taxonomy":"product_tag","embeddable":true,"href":"https:\/\/atami.com\/it\/wp-json\/wp\/v2\/product_tag?post=46210"}],"curies":[{"name":"wp","href":"https:\/\/api.w.org\/{rel}","templated":true}]}}