{"id":46200,"date":"2023-02-13T12:07:35","date_gmt":"2023-02-13T12:07:35","guid":{"rendered":"https:\/\/atami.com\/product\/bcuzz-blossom-builder-tabzz\/"},"modified":"2025-11-10T14:39:12","modified_gmt":"2025-11-10T12:39:12","slug":"bcuzz-blossom-builder-tabzz","status":"publish","type":"product","link":"https:\/\/atami.com\/it\/prodotto\/bcuzz-blossom-builder-tabzz","title":{"rendered":"B\u2019cuzz Blossom Builder Tabzz"},"content":{"rendered":"<p><strong>B\u2019cuzz Blossom Builder Tabzz consiste in compresse effervescenti appositamente studiate per il <\/strong><br \/>\n<strong>periodo di fioritura e facilmente scioglibili nella soluzione nutriente per permettere alla pianta di <\/strong><br \/>\n<strong>dedicare tutta la propria energia allo sviluppo dei fiori.<\/strong><br \/>\nLe compresse garantiscono una produzione floreale esplosiva con fiori pi\u00f9 grandi, pesanti e compatti <br \/>\ne preservano l\u2019aroma e il gusto caratteristici della specie.<\/p>\n<p>\n<strong>APPLICAZIONE<\/strong><br \/>\nAggiungere alla soluzione nutriente nelle ultime 2-4 settimane della fase di fioritura e maturazione.<\/p>\n<p>\n<strong>DOSAGGIO<\/strong><br \/>\n1 o 2 compresse di B\u2019cuzz Blossom Builder Tabzz in 100 litri di soluzione nutriente.<\/p>\n<p>\n<strong>PK 32-20 W\/W<\/strong><\/p>\n<p>\n<strong>DISPONIBILI IN UNA CONFEZIONE DA 16 COMPRESSE <\/strong><\/p>\n","protected":false},"excerpt":{"rendered":"<p>Rifinitore di fioritura<\/p>\n<p>Aumenta la resa, le dimensioni dei frutti e le propriet\u00e0 aromatiche<\/p>\n","protected":false},"featured_media":202030,"comment_status":"closed","ping_status":"closed","template":"","meta":{"_acf_changed":false,"iawp_total_views":24},"product_brand":[],"product_cat":[352,346],"product_tag":[],"class_list":{"0":"post-46200","1":"product","2":"type-product","3":"status-publish","4":"has-post-thumbnail","6":"product_cat-bcuzz","7":"product_cat-stimolanti","9":"first","10":"instock","11":"shipping-taxable","12":"product-type-simple"},"acf":{"short_description":"<p><strong>B\u2019cuzz Blossom Builder Tabzz consiste in compresse effervescenti appositamente studiate per il periodo di fioritura e facilmente scioglibili nella soluzione nutriente per permettere alla pianta di dedicare tutta la propria energia allo sviluppo dei fiori.<\/strong><br \/>Le compresse garantiscono una produzione floreale esplosiva con fiori pi\u00f9 grandi, pesanti e compatti e preservano l\u2019aroma e il gusto caratteristici della specie.<\/p>","suitable_for":"","application":"<p>Aggiungere alla soluzione nutriente nelle ultime 2-4 settimane della fase di fioritura e maturazione.<\/p>","dosage":"<p>1 o 2 compresse di B\u2019cuzz Blossom Builder Tabzz in 100 litri di soluzione nutriente.<\/p>","npk_ratio":"<p>PK 32-20 W\/W<\/p>","available_in":"<p>UNA CONFEZIONE DA 16 COMPRESSE<\/p>","icon_1":191881,"icon_1_text":"INCREASED YIELD, INCREASED FRUIT SIZE","icon_2":191896,"icon_2_text":"UNIQUE PK RATIO","icon_3":191926,"icon_3_text":"EFFERVESCENT TABLETS FOR THE FLOWERING PERIOD","icon_4":"","icon_4_text":"","video":"","second_image":"","product_image_page":"","user_manual":"","new_icon_1":"","new_icon_2":"","new_icon_3":"","new_icon_4":"","grow_guides":"","category":"Stimolatore"},"yoast_head":"<!-- This site is optimized with the Yoast SEO Premium plugin v27.5 (Yoast SEO v27.5) - https:\/\/yoast.com\/product\/yoast-seo-premium-wordpress\/ -->\n<title>Blossom Builder Tabzz: Fiori Pi\u00f9 Grandi e Compatti con B\u2019cuzz<\/title>\n<meta name=\"description\" content=\"Scopri come Bcuzz Blossom Builder Tabzz migliora la salute dei fiori e favorisce una fioritura abbondante con nutrienti di alta qualit\u00e0, perfetti per piante da giardino e da interno.\" \/>\n<meta name=\"robots\" content=\"index, follow, max-snippet:-1, max-image-preview:large, max-video-preview:-1\" \/>\n<link rel=\"canonical\" href=\"https:\/\/atami.com\/it\/prodotto\/bcuzz-blossom-builder-tabzz\" \/>\n<meta property=\"og:locale\" content=\"it_IT\" \/>\n<meta property=\"og:type\" content=\"article\" \/>\n<meta property=\"og:title\" content=\"B\u2019cuzz Blossom Builder Tabzz\" \/>\n<meta property=\"og:description\" content=\"Scopri come Bcuzz Blossom Builder Tabzz migliora la salute dei fiori e favorisce una fioritura abbondante con nutrienti di alta qualit\u00e0, perfetti per piante da giardino e da interno.\" \/>\n<meta property=\"og:url\" content=\"https:\/\/atami.com\/it\/prodotto\/bcuzz-blossom-builder-tabzz\" \/>\n<meta property=\"og:site_name\" content=\"Atami\" \/>\n<meta property=\"article:publisher\" content=\"https:\/\/www.facebook.com\/Atami.International\" \/>\n<meta property=\"article:modified_time\" content=\"2025-11-10T12:39:12+00:00\" \/>\n<meta property=\"og:image\" content=\"https:\/\/atami.com\/wp-content\/uploads\/2023\/02\/Bcuzz-Blossom-Builder-Tabzz-product-image.webp\" \/>\n\t<meta property=\"og:image:width\" content=\"1080\" \/>\n\t<meta property=\"og:image:height\" content=\"1080\" \/>\n\t<meta property=\"og:image:type\" content=\"image\/webp\" \/>\n<meta name=\"twitter:card\" content=\"summary_large_image\" \/>\n<meta name=\"twitter:site\" content=\"@AtamiEU\" \/>\n<meta name=\"twitter:label1\" content=\"Tempo di lettura stimato\" \/>\n\t<meta name=\"twitter:data1\" content=\"1 minuto\" \/>\n<script type=\"application\/ld+json\" class=\"yoast-schema-graph\">{\"@context\":\"https:\\\/\\\/schema.org\",\"@graph\":[{\"@type\":\"WebPage\",\"@id\":\"https:\\\/\\\/atami.com\\\/it\\\/prodotto\\\/bcuzz-blossom-builder-tabzz\",\"url\":\"https:\\\/\\\/atami.com\\\/it\\\/prodotto\\\/bcuzz-blossom-builder-tabzz\",\"name\":\"Blossom Builder Tabzz: Fiori Pi\u00f9 Grandi e Compatti con B\u2019cuzz\",\"isPartOf\":{\"@id\":\"https:\\\/\\\/atami.com\\\/it#website\"},\"primaryImageOfPage\":{\"@id\":\"https:\\\/\\\/atami.com\\\/it\\\/prodotto\\\/bcuzz-blossom-builder-tabzz#primaryimage\"},\"image\":{\"@id\":\"https:\\\/\\\/atami.com\\\/it\\\/prodotto\\\/bcuzz-blossom-builder-tabzz#primaryimage\"},\"thumbnailUrl\":\"https:\\\/\\\/atami.com\\\/wp-content\\\/uploads\\\/2023\\\/02\\\/Bcuzz-Blossom-Builder-Tabzz-product-image.webp\",\"datePublished\":\"2023-02-13T12:07:35+00:00\",\"dateModified\":\"2025-11-10T12:39:12+00:00\",\"description\":\"Scopri come Bcuzz Blossom Builder Tabzz migliora la salute dei fiori e favorisce una fioritura abbondante con nutrienti di alta qualit\u00e0, perfetti per piante da giardino e da interno.\",\"breadcrumb\":{\"@id\":\"https:\\\/\\\/atami.com\\\/it\\\/prodotto\\\/bcuzz-blossom-builder-tabzz#breadcrumb\"},\"inLanguage\":\"it-IT\",\"potentialAction\":[{\"@type\":\"ReadAction\",\"target\":[\"https:\\\/\\\/atami.com\\\/it\\\/prodotto\\\/bcuzz-blossom-builder-tabzz\"]}]},{\"@type\":\"ImageObject\",\"inLanguage\":\"it-IT\",\"@id\":\"https:\\\/\\\/atami.com\\\/it\\\/prodotto\\\/bcuzz-blossom-builder-tabzz#primaryimage\",\"url\":\"https:\\\/\\\/atami.com\\\/wp-content\\\/uploads\\\/2023\\\/02\\\/Bcuzz-Blossom-Builder-Tabzz-product-image.webp\",\"contentUrl\":\"https:\\\/\\\/atami.com\\\/wp-content\\\/uploads\\\/2023\\\/02\\\/Bcuzz-Blossom-Builder-Tabzz-product-image.webp\",\"width\":1080,\"height\":1080,\"caption\":\"I B'cuzz Blossom Builder Tabzz sono sviluppati appositamente per il periodo di fioritura, garantendo una produzione esplosiva di fiori con fiori pi\u00f9 grandi, pi\u00f9 pesanti e pi\u00f9 compatti, preservando l'aroma e il gusto caratteristici di ciascuna specie.\"},{\"@type\":\"BreadcrumbList\",\"@id\":\"https:\\\/\\\/atami.com\\\/it\\\/prodotto\\\/bcuzz-blossom-builder-tabzz#breadcrumb\",\"itemListElement\":[{\"@type\":\"ListItem\",\"position\":1,\"name\":\"Home\",\"item\":\"https:\\\/\\\/atami.com\\\/it\"},{\"@type\":\"ListItem\",\"position\":2,\"name\":\"Prodotti\",\"item\":\"https:\\\/\\\/atami.com\\\/it\\\/shop\"},{\"@type\":\"ListItem\",\"position\":3,\"name\":\"B'cuzz\",\"item\":\"https:\\\/\\\/atami.com\\\/it\\\/categoria-prodotto\\\/marche\\\/bcuzz\"},{\"@type\":\"ListItem\",\"position\":4,\"name\":\"B\u2019cuzz Blossom Builder Tabzz\"}]},{\"@type\":\"WebSite\",\"@id\":\"https:\\\/\\\/atami.com\\\/it#website\",\"url\":\"https:\\\/\\\/atami.com\\\/it\",\"name\":\"Atami\",\"description\":\"NATURALLY INNOVATING!\",\"publisher\":{\"@id\":\"https:\\\/\\\/atami.com\\\/it#organization\"},\"potentialAction\":[{\"@type\":\"SearchAction\",\"target\":{\"@type\":\"EntryPoint\",\"urlTemplate\":\"https:\\\/\\\/atami.com\\\/it?s={search_term_string}\"},\"query-input\":{\"@type\":\"PropertyValueSpecification\",\"valueRequired\":true,\"valueName\":\"search_term_string\"}}],\"inLanguage\":\"it-IT\"},{\"@type\":\"Organization\",\"@id\":\"https:\\\/\\\/atami.com\\\/it#organization\",\"name\":\"Atami\",\"url\":\"https:\\\/\\\/atami.com\\\/it\",\"logo\":{\"@type\":\"ImageObject\",\"inLanguage\":\"it-IT\",\"@id\":\"https:\\\/\\\/atami.com\\\/it#\\\/schema\\\/logo\\\/image\\\/\",\"url\":\"https:\\\/\\\/atami.com\\\/wp-content\\\/uploads\\\/2026\\\/01\\\/Atami-logo-696x696px.webp\",\"contentUrl\":\"https:\\\/\\\/atami.com\\\/wp-content\\\/uploads\\\/2026\\\/01\\\/Atami-logo-696x696px.webp\",\"width\":696,\"height\":696,\"caption\":\"Atami\"},\"image\":{\"@id\":\"https:\\\/\\\/atami.com\\\/it#\\\/schema\\\/logo\\\/image\\\/\"},\"sameAs\":[\"https:\\\/\\\/www.facebook.com\\\/Atami.International\",\"https:\\\/\\\/x.com\\\/AtamiEU\",\"https:\\\/\\\/www.youtube.com\\\/c\\\/AtamiInternational\",\"https:\\\/\\\/www.instagram.com\\\/atami.international\\\/\"],\"description\":\"ATAMI is a premium plant nutrition & substrate brand founded in 1997 with the mission to make exceptional cultivation achievable for everyone. From legacy to license, we offer a wide variety of innovating award-winning products to let cultivators achieve maximum results in taste & yield.\",\"email\":\"info@mginnovations.es\",\"legalName\":\"Atami\",\"numberOfEmployees\":{\"@type\":\"QuantitativeValue\",\"minValue\":\"11\",\"maxValue\":\"50\"}}]}<\/script>\n<!-- \/ Yoast SEO Premium plugin. -->","yoast_head_json":{"title":"Blossom Builder Tabzz: Fiori Pi\u00f9 Grandi e Compatti con B\u2019cuzz","description":"Scopri come Bcuzz Blossom Builder Tabzz migliora la salute dei fiori e favorisce una fioritura abbondante con nutrienti di alta qualit\u00e0, perfetti per piante da giardino e da interno.","robots":{"index":"index","follow":"follow","max-snippet":"max-snippet:-1","max-image-preview":"max-image-preview:large","max-video-preview":"max-video-preview:-1"},"canonical":"https:\/\/atami.com\/it\/prodotto\/bcuzz-blossom-builder-tabzz","og_locale":"it_IT","og_type":"article","og_title":"B\u2019cuzz Blossom Builder Tabzz","og_description":"Scopri come Bcuzz Blossom Builder Tabzz migliora la salute dei fiori e favorisce una fioritura abbondante con nutrienti di alta qualit\u00e0, perfetti per piante da giardino e da interno.","og_url":"https:\/\/atami.com\/it\/prodotto\/bcuzz-blossom-builder-tabzz","og_site_name":"Atami","article_publisher":"https:\/\/www.facebook.com\/Atami.International","article_modified_time":"2025-11-10T12:39:12+00:00","og_image":[{"width":1080,"height":1080,"url":"https:\/\/atami.com\/wp-content\/uploads\/2023\/02\/Bcuzz-Blossom-Builder-Tabzz-product-image.webp","type":"image\/webp"}],"twitter_card":"summary_large_image","twitter_site":"@AtamiEU","twitter_misc":{"Tempo di lettura stimato":"1 minuto"},"schema":{"@context":"https:\/\/schema.org","@graph":[{"@type":"WebPage","@id":"https:\/\/atami.com\/it\/prodotto\/bcuzz-blossom-builder-tabzz","url":"https:\/\/atami.com\/it\/prodotto\/bcuzz-blossom-builder-tabzz","name":"Blossom Builder Tabzz: Fiori Pi\u00f9 Grandi e Compatti con B\u2019cuzz","isPartOf":{"@id":"https:\/\/atami.com\/it#website"},"primaryImageOfPage":{"@id":"https:\/\/atami.com\/it\/prodotto\/bcuzz-blossom-builder-tabzz#primaryimage"},"image":{"@id":"https:\/\/atami.com\/it\/prodotto\/bcuzz-blossom-builder-tabzz#primaryimage"},"thumbnailUrl":"https:\/\/atami.com\/wp-content\/uploads\/2023\/02\/Bcuzz-Blossom-Builder-Tabzz-product-image.webp","datePublished":"2023-02-13T12:07:35+00:00","dateModified":"2025-11-10T12:39:12+00:00","description":"Scopri come Bcuzz Blossom Builder Tabzz migliora la salute dei fiori e favorisce una fioritura abbondante con nutrienti di alta qualit\u00e0, perfetti per piante da giardino e da interno.","breadcrumb":{"@id":"https:\/\/atami.com\/it\/prodotto\/bcuzz-blossom-builder-tabzz#breadcrumb"},"inLanguage":"it-IT","potentialAction":[{"@type":"ReadAction","target":["https:\/\/atami.com\/it\/prodotto\/bcuzz-blossom-builder-tabzz"]}]},{"@type":"ImageObject","inLanguage":"it-IT","@id":"https:\/\/atami.com\/it\/prodotto\/bcuzz-blossom-builder-tabzz#primaryimage","url":"https:\/\/atami.com\/wp-content\/uploads\/2023\/02\/Bcuzz-Blossom-Builder-Tabzz-product-image.webp","contentUrl":"https:\/\/atami.com\/wp-content\/uploads\/2023\/02\/Bcuzz-Blossom-Builder-Tabzz-product-image.webp","width":1080,"height":1080,"caption":"I B'cuzz Blossom Builder Tabzz sono sviluppati appositamente per il periodo di fioritura, garantendo una produzione esplosiva di fiori con fiori pi\u00f9 grandi, pi\u00f9 pesanti e pi\u00f9 compatti, preservando l'aroma e il gusto caratteristici di ciascuna specie."},{"@type":"BreadcrumbList","@id":"https:\/\/atami.com\/it\/prodotto\/bcuzz-blossom-builder-tabzz#breadcrumb","itemListElement":[{"@type":"ListItem","position":1,"name":"Home","item":"https:\/\/atami.com\/it"},{"@type":"ListItem","position":2,"name":"Prodotti","item":"https:\/\/atami.com\/it\/shop"},{"@type":"ListItem","position":3,"name":"B'cuzz","item":"https:\/\/atami.com\/it\/categoria-prodotto\/marche\/bcuzz"},{"@type":"ListItem","position":4,"name":"B\u2019cuzz Blossom Builder Tabzz"}]},{"@type":"WebSite","@id":"https:\/\/atami.com\/it#website","url":"https:\/\/atami.com\/it","name":"Atami","description":"NATURALLY INNOVATING!","publisher":{"@id":"https:\/\/atami.com\/it#organization"},"potentialAction":[{"@type":"SearchAction","target":{"@type":"EntryPoint","urlTemplate":"https:\/\/atami.com\/it?s={search_term_string}"},"query-input":{"@type":"PropertyValueSpecification","valueRequired":true,"valueName":"search_term_string"}}],"inLanguage":"it-IT"},{"@type":"Organization","@id":"https:\/\/atami.com\/it#organization","name":"Atami","url":"https:\/\/atami.com\/it","logo":{"@type":"ImageObject","inLanguage":"it-IT","@id":"https:\/\/atami.com\/it#\/schema\/logo\/image\/","url":"https:\/\/atami.com\/wp-content\/uploads\/2026\/01\/Atami-logo-696x696px.webp","contentUrl":"https:\/\/atami.com\/wp-content\/uploads\/2026\/01\/Atami-logo-696x696px.webp","width":696,"height":696,"caption":"Atami"},"image":{"@id":"https:\/\/atami.com\/it#\/schema\/logo\/image\/"},"sameAs":["https:\/\/www.facebook.com\/Atami.International","https:\/\/x.com\/AtamiEU","https:\/\/www.youtube.com\/c\/AtamiInternational","https:\/\/www.instagram.com\/atami.international\/"],"description":"ATAMI is a premium plant nutrition & substrate brand founded in 1997 with the mission to make exceptional cultivation achievable for everyone. From legacy to license, we offer a wide variety of innovating award-winning products to let cultivators achieve maximum results in taste & yield.","email":"info@mginnovations.es","legalName":"Atami","numberOfEmployees":{"@type":"QuantitativeValue","minValue":"11","maxValue":"50"}}]}},"_links":{"self":[{"href":"https:\/\/atami.com\/it\/wp-json\/wp\/v2\/product\/46200","targetHints":{"allow":["GET"]}}],"collection":[{"href":"https:\/\/atami.com\/it\/wp-json\/wp\/v2\/product"}],"about":[{"href":"https:\/\/atami.com\/it\/wp-json\/wp\/v2\/types\/product"}],"replies":[{"embeddable":true,"href":"https:\/\/atami.com\/it\/wp-json\/wp\/v2\/comments?post=46200"}],"wp:featuredmedia":[{"embeddable":true,"href":"https:\/\/atami.com\/it\/wp-json\/wp\/v2\/media\/202030"}],"wp:attachment":[{"href":"https:\/\/atami.com\/it\/wp-json\/wp\/v2\/media?parent=46200"}],"wp:term":[{"taxonomy":"product_brand","embeddable":true,"href":"https:\/\/atami.com\/it\/wp-json\/wp\/v2\/product_brand?post=46200"},{"taxonomy":"product_cat","embeddable":true,"href":"https:\/\/atami.com\/it\/wp-json\/wp\/v2\/product_cat?post=46200"},{"taxonomy":"product_tag","embeddable":true,"href":"https:\/\/atami.com\/it\/wp-json\/wp\/v2\/product_tag?post=46200"}],"curies":[{"name":"wp","href":"https:\/\/api.w.org\/{rel}","templated":true}]}}