{"id":46194,"date":"2023-02-13T08:47:45","date_gmt":"2023-02-13T08:47:45","guid":{"rendered":"https:\/\/atami.com\/product\/bcuzz-silic-boost\/"},"modified":"2025-11-10T14:58:06","modified_gmt":"2025-11-10T12:58:06","slug":"bcuzz-silic-boost","status":"publish","type":"product","link":"https:\/\/atami.com\/it\/prodotto\/bcuzz-silic-boost","title":{"rendered":"B\u2019CUZZ Silic Boost"},"content":{"rendered":"<p><strong>Il silicio (Si) \u00e8 uno degli elementi pi\u00f9 abbondanti nel suolo. Tuttavia, la maggior parte non \u00e8 <\/strong><br \/>\n<strong>disponibile per le piante. Si tratta di una sfortunata circostanza, in quanto il silicio rafforza le piante, <\/strong><br \/>\n<strong>rendendole meno suscettibili a stress abiotici come calore e siccit\u00e0.<\/strong><br \/>\nB\u2019cuzz Silic Boost \u00e8 un prodotto a base di silicio stabile in forma disponibile alle piante. Pertanto, \u00e8 un <br \/>\neccellente additivo per il normale regime di nutrizione.<\/p>\n<p>\n<strong>PARTICOLARMENTE IDONEO PER<\/strong><br \/>\nDiversi tipi di verdura, frutta ed erbe, ad esempio cetrioli, pomodori, fragole, germogli di girasole, <br \/>\nbasilico, ecc. \u00c8 possibile misurare il dosaggio necessario per soddisfare le esigenze delle singole piante <br \/>\no colture.<\/p>\n<p>\n<strong>APPLICAZIONE<\/strong><br \/>\nUtilizzare quotidianamente a partire dalla fase vegetativa; aggiungere alla soluzione nutriente fino <br \/>\nalla fase di fioritura. Utilizzabile anche con impianti di irrigazione o come spray fogliare.<\/p>\n<p>\n<strong>DOSAGGIO<\/strong><br \/>\n0,1 ml per ogni litro di acqua.<\/p>\n<p>\n<strong>DISPONIBILE NEI FORMATI DA 50 ML, 100 ML, 250 ML, 500 ML, 1 LITRO E 5 LITRI <\/strong><\/p>\n","protected":false},"excerpt":{"rendered":"<p>Additivo stabile al silicio<\/p>\n<p>Accresce la forza delle piante<\/p>\n","protected":false},"featured_media":202075,"comment_status":"closed","ping_status":"closed","template":"","meta":{"_acf_changed":false,"iawp_total_views":122},"product_brand":[],"product_cat":[352,353],"product_tag":[],"class_list":{"0":"post-46194","1":"product","2":"type-product","3":"status-publish","4":"has-post-thumbnail","6":"product_cat-bcuzz","7":"product_cat-booster","9":"first","10":"instock","11":"shipping-taxable","12":"product-type-simple"},"acf":{"short_description":"<p><strong>Il silicio (Si) \u00e8 uno degli elementi pi\u00f9 abbondanti nel suolo. Tuttavia, la maggior parte non \u00e8 disponibile per le piante. Si tratta di una sfortunata circostanza, in quanto il silicio rafforza le piante, rendendole meno suscettibili a stress abiotici come calore e siccit\u00e0.<\/strong><br \/>B\u2019cuzz Silic Boost \u00e8 un prodotto a base di silicio stabile in forma disponibile alle piante. Pertanto, \u00e8 un eccellente additivo per il normale regime di nutrizione.<\/p>","suitable_for":"<p>Diversi tipi di verdura, frutta ed erbe, ad esempio cetrioli, pomodori, fragole, germogli di girasole, basilico, ecc. \u00c8 possibile misurare il dosaggio necessario per soddisfare le esigenze delle singole piante<\/p>","application":"<p>Utilizzare quotidianamente a partire dalla fase vegetativa; aggiungere alla soluzione nutriente fino alla fase di fioritura. Utilizzabile anche con impianti di irrigazione o come spray fogliare.<\/p>","dosage":"<p>0,1 ml per ogni litro di acqua.<\/p>","npk_ratio":"","available_in":"<p>50 ML, 100 ML, 250 ML, 500 ML, 1 LITRO E 5 LITRO<\/p>","icon_1":191207,"icon_1_text":"IL SILICIO MIGLIORA LA ROBUSTEZZA DELLO STRATO ESTERNO DELLE FOGLIE E DELLO STELO,  AUMENTANDO LA RESISTENZA DELLE PIANTE A MALATTIE E STRESS","icon_2":191222,"icon_2_text":"IL SILICIO CREA UNO STELO PI\u00d9 FORTE E SPESSO","icon_3":191252,"icon_3_text":"IL SILICIO REGOLA E MIGLIORA L\u2019ASSORBIMENTO DELLA NUTRIZIONE","icon_4":"","icon_4_text":"","video":"https:\/\/youtu.be\/cPlkJs0kEbE","second_image":"","product_image_page":"","user_manual":"","new_icon_1":"","new_icon_2":"","new_icon_3":"","new_icon_4":"","grow_guides":"","category":"Booster"},"yoast_head":"<!-- This site is optimized with the Yoast SEO Premium plugin v27.5 (Yoast SEO v27.5) - https:\/\/yoast.com\/product\/yoast-seo-premium-wordpress\/ -->\n<title>B\u2019cuzz Silic Boost \u2013 Rafforza le tue piante con il silicio<\/title>\n<meta name=\"description\" content=\"Aumenta la resistenza delle tue piante con B\u2019cuzz Silic Boost. Rafforza le pareti cellulari, migliora l\u2019assorbimento dei nutrienti e favorisce una crescita vigorosa.\" \/>\n<meta name=\"robots\" content=\"index, follow, max-snippet:-1, max-image-preview:large, max-video-preview:-1\" \/>\n<link rel=\"canonical\" href=\"https:\/\/atami.com\/it\/prodotto\/bcuzz-silic-boost\" \/>\n<meta property=\"og:locale\" content=\"it_IT\" \/>\n<meta property=\"og:type\" content=\"article\" \/>\n<meta property=\"og:title\" content=\"B\u2019CUZZ Silic Boost\" \/>\n<meta property=\"og:description\" content=\"Aumenta la resistenza delle tue piante con B\u2019cuzz Silic Boost. Rafforza le pareti cellulari, migliora l\u2019assorbimento dei nutrienti e favorisce una crescita vigorosa.\" \/>\n<meta property=\"og:url\" content=\"https:\/\/atami.com\/it\/prodotto\/bcuzz-silic-boost\" \/>\n<meta property=\"og:site_name\" content=\"Atami\" \/>\n<meta property=\"article:publisher\" content=\"https:\/\/www.facebook.com\/Atami.International\" \/>\n<meta property=\"article:modified_time\" content=\"2025-11-10T12:58:06+00:00\" \/>\n<meta property=\"og:image\" content=\"https:\/\/atami.com\/wp-content\/uploads\/2023\/02\/Bcuzz-Silic-Boost-product-image.webp\" \/>\n\t<meta property=\"og:image:width\" content=\"1080\" \/>\n\t<meta property=\"og:image:height\" content=\"1080\" \/>\n\t<meta property=\"og:image:type\" content=\"image\/webp\" \/>\n<meta name=\"twitter:card\" content=\"summary_large_image\" \/>\n<meta name=\"twitter:site\" content=\"@AtamiEU\" \/>\n<meta name=\"twitter:label1\" content=\"Tempo di lettura stimato\" \/>\n\t<meta name=\"twitter:data1\" content=\"1 minuto\" \/>\n<script type=\"application\/ld+json\" class=\"yoast-schema-graph\">{\"@context\":\"https:\\\/\\\/schema.org\",\"@graph\":[{\"@type\":\"WebPage\",\"@id\":\"https:\\\/\\\/atami.com\\\/it\\\/prodotto\\\/bcuzz-silic-boost\",\"url\":\"https:\\\/\\\/atami.com\\\/it\\\/prodotto\\\/bcuzz-silic-boost\",\"name\":\"B\u2019cuzz Silic Boost \u2013 Rafforza le tue piante con il silicio\",\"isPartOf\":{\"@id\":\"https:\\\/\\\/atami.com\\\/it#website\"},\"primaryImageOfPage\":{\"@id\":\"https:\\\/\\\/atami.com\\\/it\\\/prodotto\\\/bcuzz-silic-boost#primaryimage\"},\"image\":{\"@id\":\"https:\\\/\\\/atami.com\\\/it\\\/prodotto\\\/bcuzz-silic-boost#primaryimage\"},\"thumbnailUrl\":\"https:\\\/\\\/atami.com\\\/wp-content\\\/uploads\\\/2023\\\/02\\\/Bcuzz-Silic-Boost-product-image.webp\",\"datePublished\":\"2023-02-13T08:47:45+00:00\",\"dateModified\":\"2025-11-10T12:58:06+00:00\",\"description\":\"Aumenta la resistenza delle tue piante con B\u2019cuzz Silic Boost. Rafforza le pareti cellulari, migliora l\u2019assorbimento dei nutrienti e favorisce una crescita vigorosa.\",\"breadcrumb\":{\"@id\":\"https:\\\/\\\/atami.com\\\/it\\\/prodotto\\\/bcuzz-silic-boost#breadcrumb\"},\"inLanguage\":\"it-IT\",\"potentialAction\":[{\"@type\":\"ReadAction\",\"target\":[\"https:\\\/\\\/atami.com\\\/it\\\/prodotto\\\/bcuzz-silic-boost\"]}]},{\"@type\":\"ImageObject\",\"inLanguage\":\"it-IT\",\"@id\":\"https:\\\/\\\/atami.com\\\/it\\\/prodotto\\\/bcuzz-silic-boost#primaryimage\",\"url\":\"https:\\\/\\\/atami.com\\\/wp-content\\\/uploads\\\/2023\\\/02\\\/Bcuzz-Silic-Boost-product-image.webp\",\"contentUrl\":\"https:\\\/\\\/atami.com\\\/wp-content\\\/uploads\\\/2023\\\/02\\\/Bcuzz-Silic-Boost-product-image.webp\",\"width\":1080,\"height\":1080,\"caption\":\"B\u2019cuzz Silic Boost fornisce silicio disponibile per le piante, rinforzando la struttura delle piante e migliorando la resilienza al caldo e alla siccit\u00e0.\"},{\"@type\":\"BreadcrumbList\",\"@id\":\"https:\\\/\\\/atami.com\\\/it\\\/prodotto\\\/bcuzz-silic-boost#breadcrumb\",\"itemListElement\":[{\"@type\":\"ListItem\",\"position\":1,\"name\":\"Home\",\"item\":\"https:\\\/\\\/atami.com\\\/it\"},{\"@type\":\"ListItem\",\"position\":2,\"name\":\"Prodotti\",\"item\":\"https:\\\/\\\/atami.com\\\/it\\\/shop\"},{\"@type\":\"ListItem\",\"position\":3,\"name\":\"B'cuzz\",\"item\":\"https:\\\/\\\/atami.com\\\/it\\\/categoria-prodotto\\\/marche\\\/bcuzz\"},{\"@type\":\"ListItem\",\"position\":4,\"name\":\"B\u2019CUZZ Silic Boost\"}]},{\"@type\":\"WebSite\",\"@id\":\"https:\\\/\\\/atami.com\\\/it#website\",\"url\":\"https:\\\/\\\/atami.com\\\/it\",\"name\":\"Atami\",\"description\":\"NATURALLY INNOVATING!\",\"publisher\":{\"@id\":\"https:\\\/\\\/atami.com\\\/it#organization\"},\"potentialAction\":[{\"@type\":\"SearchAction\",\"target\":{\"@type\":\"EntryPoint\",\"urlTemplate\":\"https:\\\/\\\/atami.com\\\/it?s={search_term_string}\"},\"query-input\":{\"@type\":\"PropertyValueSpecification\",\"valueRequired\":true,\"valueName\":\"search_term_string\"}}],\"inLanguage\":\"it-IT\"},{\"@type\":\"Organization\",\"@id\":\"https:\\\/\\\/atami.com\\\/it#organization\",\"name\":\"Atami\",\"url\":\"https:\\\/\\\/atami.com\\\/it\",\"logo\":{\"@type\":\"ImageObject\",\"inLanguage\":\"it-IT\",\"@id\":\"https:\\\/\\\/atami.com\\\/it#\\\/schema\\\/logo\\\/image\\\/\",\"url\":\"https:\\\/\\\/atami.com\\\/wp-content\\\/uploads\\\/2026\\\/01\\\/Atami-logo-696x696px.webp\",\"contentUrl\":\"https:\\\/\\\/atami.com\\\/wp-content\\\/uploads\\\/2026\\\/01\\\/Atami-logo-696x696px.webp\",\"width\":696,\"height\":696,\"caption\":\"Atami\"},\"image\":{\"@id\":\"https:\\\/\\\/atami.com\\\/it#\\\/schema\\\/logo\\\/image\\\/\"},\"sameAs\":[\"https:\\\/\\\/www.facebook.com\\\/Atami.International\",\"https:\\\/\\\/x.com\\\/AtamiEU\",\"https:\\\/\\\/www.youtube.com\\\/c\\\/AtamiInternational\",\"https:\\\/\\\/www.instagram.com\\\/atami.international\\\/\"],\"description\":\"ATAMI is a premium plant nutrition & substrate brand founded in 1997 with the mission to make exceptional cultivation achievable for everyone. From legacy to license, we offer a wide variety of innovating award-winning products to let cultivators achieve maximum results in taste & yield.\",\"email\":\"info@mginnovations.es\",\"legalName\":\"Atami\",\"numberOfEmployees\":{\"@type\":\"QuantitativeValue\",\"minValue\":\"11\",\"maxValue\":\"50\"}}]}<\/script>\n<!-- \/ Yoast SEO Premium plugin. -->","yoast_head_json":{"title":"B\u2019cuzz Silic Boost \u2013 Rafforza le tue piante con il silicio","description":"Aumenta la resistenza delle tue piante con B\u2019cuzz Silic Boost. Rafforza le pareti cellulari, migliora l\u2019assorbimento dei nutrienti e favorisce una crescita vigorosa.","robots":{"index":"index","follow":"follow","max-snippet":"max-snippet:-1","max-image-preview":"max-image-preview:large","max-video-preview":"max-video-preview:-1"},"canonical":"https:\/\/atami.com\/it\/prodotto\/bcuzz-silic-boost","og_locale":"it_IT","og_type":"article","og_title":"B\u2019CUZZ Silic Boost","og_description":"Aumenta la resistenza delle tue piante con B\u2019cuzz Silic Boost. Rafforza le pareti cellulari, migliora l\u2019assorbimento dei nutrienti e favorisce una crescita vigorosa.","og_url":"https:\/\/atami.com\/it\/prodotto\/bcuzz-silic-boost","og_site_name":"Atami","article_publisher":"https:\/\/www.facebook.com\/Atami.International","article_modified_time":"2025-11-10T12:58:06+00:00","og_image":[{"width":1080,"height":1080,"url":"https:\/\/atami.com\/wp-content\/uploads\/2023\/02\/Bcuzz-Silic-Boost-product-image.webp","type":"image\/webp"}],"twitter_card":"summary_large_image","twitter_site":"@AtamiEU","twitter_misc":{"Tempo di lettura stimato":"1 minuto"},"schema":{"@context":"https:\/\/schema.org","@graph":[{"@type":"WebPage","@id":"https:\/\/atami.com\/it\/prodotto\/bcuzz-silic-boost","url":"https:\/\/atami.com\/it\/prodotto\/bcuzz-silic-boost","name":"B\u2019cuzz Silic Boost \u2013 Rafforza le tue piante con il silicio","isPartOf":{"@id":"https:\/\/atami.com\/it#website"},"primaryImageOfPage":{"@id":"https:\/\/atami.com\/it\/prodotto\/bcuzz-silic-boost#primaryimage"},"image":{"@id":"https:\/\/atami.com\/it\/prodotto\/bcuzz-silic-boost#primaryimage"},"thumbnailUrl":"https:\/\/atami.com\/wp-content\/uploads\/2023\/02\/Bcuzz-Silic-Boost-product-image.webp","datePublished":"2023-02-13T08:47:45+00:00","dateModified":"2025-11-10T12:58:06+00:00","description":"Aumenta la resistenza delle tue piante con B\u2019cuzz Silic Boost. Rafforza le pareti cellulari, migliora l\u2019assorbimento dei nutrienti e favorisce una crescita vigorosa.","breadcrumb":{"@id":"https:\/\/atami.com\/it\/prodotto\/bcuzz-silic-boost#breadcrumb"},"inLanguage":"it-IT","potentialAction":[{"@type":"ReadAction","target":["https:\/\/atami.com\/it\/prodotto\/bcuzz-silic-boost"]}]},{"@type":"ImageObject","inLanguage":"it-IT","@id":"https:\/\/atami.com\/it\/prodotto\/bcuzz-silic-boost#primaryimage","url":"https:\/\/atami.com\/wp-content\/uploads\/2023\/02\/Bcuzz-Silic-Boost-product-image.webp","contentUrl":"https:\/\/atami.com\/wp-content\/uploads\/2023\/02\/Bcuzz-Silic-Boost-product-image.webp","width":1080,"height":1080,"caption":"B\u2019cuzz Silic Boost fornisce silicio disponibile per le piante, rinforzando la struttura delle piante e migliorando la resilienza al caldo e alla siccit\u00e0."},{"@type":"BreadcrumbList","@id":"https:\/\/atami.com\/it\/prodotto\/bcuzz-silic-boost#breadcrumb","itemListElement":[{"@type":"ListItem","position":1,"name":"Home","item":"https:\/\/atami.com\/it"},{"@type":"ListItem","position":2,"name":"Prodotti","item":"https:\/\/atami.com\/it\/shop"},{"@type":"ListItem","position":3,"name":"B'cuzz","item":"https:\/\/atami.com\/it\/categoria-prodotto\/marche\/bcuzz"},{"@type":"ListItem","position":4,"name":"B\u2019CUZZ Silic Boost"}]},{"@type":"WebSite","@id":"https:\/\/atami.com\/it#website","url":"https:\/\/atami.com\/it","name":"Atami","description":"NATURALLY INNOVATING!","publisher":{"@id":"https:\/\/atami.com\/it#organization"},"potentialAction":[{"@type":"SearchAction","target":{"@type":"EntryPoint","urlTemplate":"https:\/\/atami.com\/it?s={search_term_string}"},"query-input":{"@type":"PropertyValueSpecification","valueRequired":true,"valueName":"search_term_string"}}],"inLanguage":"it-IT"},{"@type":"Organization","@id":"https:\/\/atami.com\/it#organization","name":"Atami","url":"https:\/\/atami.com\/it","logo":{"@type":"ImageObject","inLanguage":"it-IT","@id":"https:\/\/atami.com\/it#\/schema\/logo\/image\/","url":"https:\/\/atami.com\/wp-content\/uploads\/2026\/01\/Atami-logo-696x696px.webp","contentUrl":"https:\/\/atami.com\/wp-content\/uploads\/2026\/01\/Atami-logo-696x696px.webp","width":696,"height":696,"caption":"Atami"},"image":{"@id":"https:\/\/atami.com\/it#\/schema\/logo\/image\/"},"sameAs":["https:\/\/www.facebook.com\/Atami.International","https:\/\/x.com\/AtamiEU","https:\/\/www.youtube.com\/c\/AtamiInternational","https:\/\/www.instagram.com\/atami.international\/"],"description":"ATAMI is a premium plant nutrition & substrate brand founded in 1997 with the mission to make exceptional cultivation achievable for everyone. From legacy to license, we offer a wide variety of innovating award-winning products to let cultivators achieve maximum results in taste & yield.","email":"info@mginnovations.es","legalName":"Atami","numberOfEmployees":{"@type":"QuantitativeValue","minValue":"11","maxValue":"50"}}]}},"_links":{"self":[{"href":"https:\/\/atami.com\/it\/wp-json\/wp\/v2\/product\/46194","targetHints":{"allow":["GET"]}}],"collection":[{"href":"https:\/\/atami.com\/it\/wp-json\/wp\/v2\/product"}],"about":[{"href":"https:\/\/atami.com\/it\/wp-json\/wp\/v2\/types\/product"}],"replies":[{"embeddable":true,"href":"https:\/\/atami.com\/it\/wp-json\/wp\/v2\/comments?post=46194"}],"wp:featuredmedia":[{"embeddable":true,"href":"https:\/\/atami.com\/it\/wp-json\/wp\/v2\/media\/202075"}],"wp:attachment":[{"href":"https:\/\/atami.com\/it\/wp-json\/wp\/v2\/media?parent=46194"}],"wp:term":[{"taxonomy":"product_brand","embeddable":true,"href":"https:\/\/atami.com\/it\/wp-json\/wp\/v2\/product_brand?post=46194"},{"taxonomy":"product_cat","embeddable":true,"href":"https:\/\/atami.com\/it\/wp-json\/wp\/v2\/product_cat?post=46194"},{"taxonomy":"product_tag","embeddable":true,"href":"https:\/\/atami.com\/it\/wp-json\/wp\/v2\/product_tag?post=46194"}],"curies":[{"name":"wp","href":"https:\/\/api.w.org\/{rel}","templated":true}]}}