{"id":46191,"date":"2023-02-13T08:05:11","date_gmt":"2023-02-13T08:05:11","guid":{"rendered":"https:\/\/atami.com\/product\/bcuzz-1-component\/"},"modified":"2025-11-07T17:44:15","modified_gmt":"2025-11-07T15:44:15","slug":"bcuzz-1-component","status":"publish","type":"product","link":"https:\/\/atami.com\/it\/prodotto\/bcuzz-1-component","title":{"rendered":"B\u2019cuzz 1-component"},"content":{"rendered":"<p><strong>Il nutriente di base universale B\u2019cuzz 1-Component contiene chelato di ferro rosso, che consente il <\/strong><br \/>\n<strong>massimo assorbimento dei nutrienti da parte della pianta, ed \u00e8 privo di sostanze non assimilabili. Il <\/strong><br \/>\n<strong>rapporto NPK offre un nutriente facilmente combinabile con booster e stimolanti. \u00c8 possibile <\/strong><br \/>\n<strong>utilizzare la nutrizione 1-Component durante l\u2019intero ciclo vegetativo.<\/strong><br \/>\nB\u2019cuzz 1-Component non contiene calcio, in quanto quest\u2019ultimo \u00e8 naturalmente presente nel terreno <br \/>\ncalcareo. Inoltre, diversi tipi di terreno e torba trattengono i nutrienti in maniera sufficiente (questa <br \/>\ncaratteristica varia in base al tipo di suolo). Alcuni terreni sabbiosi contengono una quantit\u00e0 <br \/>\nrelativamente elevata di calcio (calce), ma spesso non trattengono altri elementi. B\u2019cuzz 1-Component <br \/>\noffre una nutrizione ideale, conveniente e facile da usare.<\/p>\n<p>\n<strong>PARTICOLARMENTE IDONEO PER<\/strong><br \/>\nB\u2019cuzz 1-Component \u00e8 un nutriente universale adatto a diversi tipi di frutta, verdura ed erbe, ad <br \/>\nesempio cavolfiori, uva e rosmarino. Pu\u00f2 essere utilizzato anche per piante da interno ed esterno (ad <br \/>\nesempio gerani e orchidee). \u00c8 possibile misurare il dosaggio necessario per soddisfare le esigenze <br \/>\ndelle singole piante o colture.<\/p>\n<p>\n<strong>APPLICAZIONE<\/strong><br \/>\nAppositamente sviluppato per terreni calcarei. L\u2019acqua di rubinetto o di falda contiene spesso <br \/>\nmaggiori quantit\u00e0 di calcio e magnesio, il che rende 1-Component una buona scelta. I micronutrienti <br \/>\nsono presenti in quantit\u00e0 pi\u00f9 elevate in 1-Component per sostenere le piante nei terreni (sabbiosi) <br \/>\nleggermente pi\u00f9 poveri. Dimezzare la dose all\u2019inizio del ciclo. Una volta alla settimana, annaffiare la <br \/>\npianta solo con acqua, senza 1-Component.<\/p>\n<p>\n<strong>DOSAGGIO<\/strong><br \/>\nda 1 a 5 ml per ogni litro di acqua.<\/p>\n<p>\n<strong>NPK 2-3-5 W\/W<\/strong><\/p>\n<p>\n<strong>DISPONIBILE NEI FORMATI DA 1 LITRO, 5 LITRI E 10 LITRI <\/strong><\/p>\n","protected":false},"excerpt":{"rendered":"<p>Piante forti e sane<\/p>\n","protected":false},"featured_media":202165,"comment_status":"closed","ping_status":"closed","template":"","meta":{"_acf_changed":false,"iawp_total_views":90},"product_brand":[],"product_cat":[352,349],"product_tag":[],"class_list":{"0":"post-46191","1":"product","2":"type-product","3":"status-publish","4":"has-post-thumbnail","6":"product_cat-bcuzz","7":"product_cat-nutrienti-di-base","9":"first","10":"instock","11":"shipping-taxable","12":"product-type-simple"},"acf":{"short_description":"<p><strong>Il nutriente di base universale B\u2019cuzz 1-Component contiene chelato di ferro rosso, che consente il massimo assorbimento dei nutrienti da parte della pianta, ed \u00e8 privo di sostanze non assimilabili. Il rapporto NPK offre un nutriente facilmente combinabile con booster e stimolanti. \u00c8 possibile utilizzare la nutrizione 1-Component durante l\u2019intero ciclo vegetativo.<\/strong><br \/>B\u2019cuzz 1-Component non contiene calcio, in quanto quest\u2019ultimo \u00e8 naturalmente presente nel terreno calcareo. Inoltre, diversi tipi di terreno e torba trattengono i nutrienti in maniera sufficiente (questa caratteristica varia in base al tipo di suolo). Alcuni terreni sabbiosi contengono una quantit\u00e0 relativamente elevata di calcio (calce), ma spesso non trattengono altri elementi. B\u2019cuzz 1-Component offre una nutrizione ideale, conveniente e facile da usare.<\/p>","suitable_for":"<p>B\u2019cuzz 1-Component \u00e8 un nutriente universale adatto a diversi tipi di frutta, verdura ed erbe, ad esempio cavolfiori, uva e rosmarino. Pu\u00f2 essere utilizzato anche per piante da interno ed esterno (ad esempio gerani e orchidee). \u00c8 possibile misurare il dosaggio necessario per soddisfare le esigenze &lt;delle singole piante o colture.<\/p>","application":"<p>Appositamente sviluppato per terreni calcarei. L\u2019acqua di rubinetto o di falda contiene spesso maggiori quantit\u00e0 di calcio e magnesio, il che rende 1-Component una buona scelta. I micronutrienti sono presenti in quantit\u00e0 pi\u00f9 elevate in 1-Component per sostenere le piante nei terreni (sabbiosi) leggermente pi\u00f9 poveri. Dimezzare la dose all\u2019inizio del ciclo. Una volta alla settimana, annaffiare la pianta solo con acqua, senza 1-Component.<\/p>","dosage":"<p>Da 1 a 5 ml per ogni litro di acqua.<\/p>","npk_ratio":"<p>NPK 2-3-5 W\/W<\/p>","available_in":"<p>1 LITRO, 5 LITRO E 10 LITRO<\/p>","icon_1":191640,"icon_1_text":"SVILUPPATO PER DIVERSI TIPI DI SUBSTRATI RICCHI DI CALCIO","icon_2":191655,"icon_2_text":"UN SOLO PRODOTTO PER IL CICLO VEGETATIVO E LA FASE DI FIORITURA","icon_3":191671,"icon_3_text":"RAPPORTO NPK EQUILIBRATO","icon_4":"","icon_4_text":"","video":"","second_image":5473,"product_image_page":24094,"user_manual":"","new_icon_1":"","new_icon_2":"","new_icon_3":"","new_icon_4":"","grow_guides":"","category":"Nutriente di base"},"yoast_head":"<!-- This site is optimized with the Yoast SEO Premium plugin v27.5 (Yoast SEO v27.5) - https:\/\/yoast.com\/product\/yoast-seo-premium-wordpress\/ -->\n<title>B\u2019cuzz 1-Component: Fertilizzante Completo per Coltivazioni Professionali<\/title>\n<meta name=\"description\" content=\"Scopri B\u2019cuzz 1-Component, il fertilizzante ideale per coltivazioni facili ed efficaci. Nutrizione bilanciata per piante sane e raccolti abbondanti. Perfetto per coltivatori professionisti e hobbisti.\" \/>\n<meta name=\"robots\" content=\"index, follow, max-snippet:-1, max-image-preview:large, max-video-preview:-1\" \/>\n<link rel=\"canonical\" href=\"https:\/\/atami.com\/it\/prodotto\/bcuzz-1-component\" \/>\n<meta property=\"og:locale\" content=\"it_IT\" \/>\n<meta property=\"og:type\" content=\"article\" \/>\n<meta property=\"og:title\" content=\"B\u2019cuzz 1-component\" \/>\n<meta property=\"og:description\" content=\"Scopri B\u2019cuzz 1-Component, il fertilizzante ideale per coltivazioni facili ed efficaci. Nutrizione bilanciata per piante sane e raccolti abbondanti. Perfetto per coltivatori professionisti e hobbisti.\" \/>\n<meta property=\"og:url\" content=\"https:\/\/atami.com\/it\/prodotto\/bcuzz-1-component\" \/>\n<meta property=\"og:site_name\" content=\"Atami\" \/>\n<meta property=\"article:publisher\" content=\"https:\/\/www.facebook.com\/Atami.International\" \/>\n<meta property=\"article:modified_time\" content=\"2025-11-07T15:44:15+00:00\" \/>\n<meta property=\"og:image\" content=\"https:\/\/atami.com\/wp-content\/uploads\/2023\/02\/Bcuzz-1-Component-product-image.webp\" \/>\n\t<meta property=\"og:image:width\" content=\"1080\" \/>\n\t<meta property=\"og:image:height\" content=\"1080\" \/>\n\t<meta property=\"og:image:type\" content=\"image\/webp\" \/>\n<meta name=\"twitter:card\" content=\"summary_large_image\" \/>\n<meta name=\"twitter:site\" content=\"@AtamiEU\" \/>\n<meta name=\"twitter:label1\" content=\"Tempo di lettura stimato\" \/>\n\t<meta name=\"twitter:data1\" content=\"2 minuti\" \/>\n<script type=\"application\/ld+json\" class=\"yoast-schema-graph\">{\"@context\":\"https:\\\/\\\/schema.org\",\"@graph\":[{\"@type\":\"WebPage\",\"@id\":\"https:\\\/\\\/atami.com\\\/it\\\/prodotto\\\/bcuzz-1-component\",\"url\":\"https:\\\/\\\/atami.com\\\/it\\\/prodotto\\\/bcuzz-1-component\",\"name\":\"B\u2019cuzz 1-Component: Fertilizzante Completo per Coltivazioni Professionali\",\"isPartOf\":{\"@id\":\"https:\\\/\\\/atami.com\\\/it#website\"},\"primaryImageOfPage\":{\"@id\":\"https:\\\/\\\/atami.com\\\/it\\\/prodotto\\\/bcuzz-1-component#primaryimage\"},\"image\":{\"@id\":\"https:\\\/\\\/atami.com\\\/it\\\/prodotto\\\/bcuzz-1-component#primaryimage\"},\"thumbnailUrl\":\"https:\\\/\\\/atami.com\\\/wp-content\\\/uploads\\\/2023\\\/02\\\/Bcuzz-1-Component-product-image.webp\",\"datePublished\":\"2023-02-13T08:05:11+00:00\",\"dateModified\":\"2025-11-07T15:44:15+00:00\",\"description\":\"Scopri B\u2019cuzz 1-Component, il fertilizzante ideale per coltivazioni facili ed efficaci. Nutrizione bilanciata per piante sane e raccolti abbondanti. Perfetto per coltivatori professionisti e hobbisti.\",\"breadcrumb\":{\"@id\":\"https:\\\/\\\/atami.com\\\/it\\\/prodotto\\\/bcuzz-1-component#breadcrumb\"},\"inLanguage\":\"it-IT\",\"potentialAction\":[{\"@type\":\"ReadAction\",\"target\":[\"https:\\\/\\\/atami.com\\\/it\\\/prodotto\\\/bcuzz-1-component\"]}]},{\"@type\":\"ImageObject\",\"inLanguage\":\"it-IT\",\"@id\":\"https:\\\/\\\/atami.com\\\/it\\\/prodotto\\\/bcuzz-1-component#primaryimage\",\"url\":\"https:\\\/\\\/atami.com\\\/wp-content\\\/uploads\\\/2023\\\/02\\\/Bcuzz-1-Component-product-image.webp\",\"contentUrl\":\"https:\\\/\\\/atami.com\\\/wp-content\\\/uploads\\\/2023\\\/02\\\/Bcuzz-1-Component-product-image.webp\",\"width\":1080,\"height\":1080,\"caption\":\"B\u2019cuzz 1-Component fornisce minerali essenziali durante tutto il ciclo di crescita, garantendo un equilibrio stabile e biologico in vari tipi di terreno.\"},{\"@type\":\"BreadcrumbList\",\"@id\":\"https:\\\/\\\/atami.com\\\/it\\\/prodotto\\\/bcuzz-1-component#breadcrumb\",\"itemListElement\":[{\"@type\":\"ListItem\",\"position\":1,\"name\":\"Home\",\"item\":\"https:\\\/\\\/atami.com\\\/it\"},{\"@type\":\"ListItem\",\"position\":2,\"name\":\"Prodotti\",\"item\":\"https:\\\/\\\/atami.com\\\/it\\\/shop\"},{\"@type\":\"ListItem\",\"position\":3,\"name\":\"B'cuzz\",\"item\":\"https:\\\/\\\/atami.com\\\/it\\\/categoria-prodotto\\\/marche\\\/bcuzz\"},{\"@type\":\"ListItem\",\"position\":4,\"name\":\"B\u2019cuzz 1-component\"}]},{\"@type\":\"WebSite\",\"@id\":\"https:\\\/\\\/atami.com\\\/it#website\",\"url\":\"https:\\\/\\\/atami.com\\\/it\",\"name\":\"Atami\",\"description\":\"NATURALLY INNOVATING!\",\"publisher\":{\"@id\":\"https:\\\/\\\/atami.com\\\/it#organization\"},\"potentialAction\":[{\"@type\":\"SearchAction\",\"target\":{\"@type\":\"EntryPoint\",\"urlTemplate\":\"https:\\\/\\\/atami.com\\\/it?s={search_term_string}\"},\"query-input\":{\"@type\":\"PropertyValueSpecification\",\"valueRequired\":true,\"valueName\":\"search_term_string\"}}],\"inLanguage\":\"it-IT\"},{\"@type\":\"Organization\",\"@id\":\"https:\\\/\\\/atami.com\\\/it#organization\",\"name\":\"Atami\",\"url\":\"https:\\\/\\\/atami.com\\\/it\",\"logo\":{\"@type\":\"ImageObject\",\"inLanguage\":\"it-IT\",\"@id\":\"https:\\\/\\\/atami.com\\\/it#\\\/schema\\\/logo\\\/image\\\/\",\"url\":\"https:\\\/\\\/atami.com\\\/wp-content\\\/uploads\\\/2026\\\/01\\\/Atami-logo-696x696px.webp\",\"contentUrl\":\"https:\\\/\\\/atami.com\\\/wp-content\\\/uploads\\\/2026\\\/01\\\/Atami-logo-696x696px.webp\",\"width\":696,\"height\":696,\"caption\":\"Atami\"},\"image\":{\"@id\":\"https:\\\/\\\/atami.com\\\/it#\\\/schema\\\/logo\\\/image\\\/\"},\"sameAs\":[\"https:\\\/\\\/www.facebook.com\\\/Atami.International\",\"https:\\\/\\\/x.com\\\/AtamiEU\",\"https:\\\/\\\/www.youtube.com\\\/c\\\/AtamiInternational\",\"https:\\\/\\\/www.instagram.com\\\/atami.international\\\/\"],\"description\":\"ATAMI is a premium plant nutrition & substrate brand founded in 1997 with the mission to make exceptional cultivation achievable for everyone. From legacy to license, we offer a wide variety of innovating award-winning products to let cultivators achieve maximum results in taste & yield.\",\"email\":\"info@mginnovations.es\",\"legalName\":\"Atami\",\"numberOfEmployees\":{\"@type\":\"QuantitativeValue\",\"minValue\":\"11\",\"maxValue\":\"50\"}}]}<\/script>\n<!-- \/ Yoast SEO Premium plugin. -->","yoast_head_json":{"title":"B\u2019cuzz 1-Component: Fertilizzante Completo per Coltivazioni Professionali","description":"Scopri B\u2019cuzz 1-Component, il fertilizzante ideale per coltivazioni facili ed efficaci. Nutrizione bilanciata per piante sane e raccolti abbondanti. Perfetto per coltivatori professionisti e hobbisti.","robots":{"index":"index","follow":"follow","max-snippet":"max-snippet:-1","max-image-preview":"max-image-preview:large","max-video-preview":"max-video-preview:-1"},"canonical":"https:\/\/atami.com\/it\/prodotto\/bcuzz-1-component","og_locale":"it_IT","og_type":"article","og_title":"B\u2019cuzz 1-component","og_description":"Scopri B\u2019cuzz 1-Component, il fertilizzante ideale per coltivazioni facili ed efficaci. Nutrizione bilanciata per piante sane e raccolti abbondanti. Perfetto per coltivatori professionisti e hobbisti.","og_url":"https:\/\/atami.com\/it\/prodotto\/bcuzz-1-component","og_site_name":"Atami","article_publisher":"https:\/\/www.facebook.com\/Atami.International","article_modified_time":"2025-11-07T15:44:15+00:00","og_image":[{"width":1080,"height":1080,"url":"https:\/\/atami.com\/wp-content\/uploads\/2023\/02\/Bcuzz-1-Component-product-image.webp","type":"image\/webp"}],"twitter_card":"summary_large_image","twitter_site":"@AtamiEU","twitter_misc":{"Tempo di lettura stimato":"2 minuti"},"schema":{"@context":"https:\/\/schema.org","@graph":[{"@type":"WebPage","@id":"https:\/\/atami.com\/it\/prodotto\/bcuzz-1-component","url":"https:\/\/atami.com\/it\/prodotto\/bcuzz-1-component","name":"B\u2019cuzz 1-Component: Fertilizzante Completo per Coltivazioni Professionali","isPartOf":{"@id":"https:\/\/atami.com\/it#website"},"primaryImageOfPage":{"@id":"https:\/\/atami.com\/it\/prodotto\/bcuzz-1-component#primaryimage"},"image":{"@id":"https:\/\/atami.com\/it\/prodotto\/bcuzz-1-component#primaryimage"},"thumbnailUrl":"https:\/\/atami.com\/wp-content\/uploads\/2023\/02\/Bcuzz-1-Component-product-image.webp","datePublished":"2023-02-13T08:05:11+00:00","dateModified":"2025-11-07T15:44:15+00:00","description":"Scopri B\u2019cuzz 1-Component, il fertilizzante ideale per coltivazioni facili ed efficaci. Nutrizione bilanciata per piante sane e raccolti abbondanti. Perfetto per coltivatori professionisti e hobbisti.","breadcrumb":{"@id":"https:\/\/atami.com\/it\/prodotto\/bcuzz-1-component#breadcrumb"},"inLanguage":"it-IT","potentialAction":[{"@type":"ReadAction","target":["https:\/\/atami.com\/it\/prodotto\/bcuzz-1-component"]}]},{"@type":"ImageObject","inLanguage":"it-IT","@id":"https:\/\/atami.com\/it\/prodotto\/bcuzz-1-component#primaryimage","url":"https:\/\/atami.com\/wp-content\/uploads\/2023\/02\/Bcuzz-1-Component-product-image.webp","contentUrl":"https:\/\/atami.com\/wp-content\/uploads\/2023\/02\/Bcuzz-1-Component-product-image.webp","width":1080,"height":1080,"caption":"B\u2019cuzz 1-Component fornisce minerali essenziali durante tutto il ciclo di crescita, garantendo un equilibrio stabile e biologico in vari tipi di terreno."},{"@type":"BreadcrumbList","@id":"https:\/\/atami.com\/it\/prodotto\/bcuzz-1-component#breadcrumb","itemListElement":[{"@type":"ListItem","position":1,"name":"Home","item":"https:\/\/atami.com\/it"},{"@type":"ListItem","position":2,"name":"Prodotti","item":"https:\/\/atami.com\/it\/shop"},{"@type":"ListItem","position":3,"name":"B'cuzz","item":"https:\/\/atami.com\/it\/categoria-prodotto\/marche\/bcuzz"},{"@type":"ListItem","position":4,"name":"B\u2019cuzz 1-component"}]},{"@type":"WebSite","@id":"https:\/\/atami.com\/it#website","url":"https:\/\/atami.com\/it","name":"Atami","description":"NATURALLY INNOVATING!","publisher":{"@id":"https:\/\/atami.com\/it#organization"},"potentialAction":[{"@type":"SearchAction","target":{"@type":"EntryPoint","urlTemplate":"https:\/\/atami.com\/it?s={search_term_string}"},"query-input":{"@type":"PropertyValueSpecification","valueRequired":true,"valueName":"search_term_string"}}],"inLanguage":"it-IT"},{"@type":"Organization","@id":"https:\/\/atami.com\/it#organization","name":"Atami","url":"https:\/\/atami.com\/it","logo":{"@type":"ImageObject","inLanguage":"it-IT","@id":"https:\/\/atami.com\/it#\/schema\/logo\/image\/","url":"https:\/\/atami.com\/wp-content\/uploads\/2026\/01\/Atami-logo-696x696px.webp","contentUrl":"https:\/\/atami.com\/wp-content\/uploads\/2026\/01\/Atami-logo-696x696px.webp","width":696,"height":696,"caption":"Atami"},"image":{"@id":"https:\/\/atami.com\/it#\/schema\/logo\/image\/"},"sameAs":["https:\/\/www.facebook.com\/Atami.International","https:\/\/x.com\/AtamiEU","https:\/\/www.youtube.com\/c\/AtamiInternational","https:\/\/www.instagram.com\/atami.international\/"],"description":"ATAMI is a premium plant nutrition & substrate brand founded in 1997 with the mission to make exceptional cultivation achievable for everyone. From legacy to license, we offer a wide variety of innovating award-winning products to let cultivators achieve maximum results in taste & yield.","email":"info@mginnovations.es","legalName":"Atami","numberOfEmployees":{"@type":"QuantitativeValue","minValue":"11","maxValue":"50"}}]}},"_links":{"self":[{"href":"https:\/\/atami.com\/it\/wp-json\/wp\/v2\/product\/46191","targetHints":{"allow":["GET"]}}],"collection":[{"href":"https:\/\/atami.com\/it\/wp-json\/wp\/v2\/product"}],"about":[{"href":"https:\/\/atami.com\/it\/wp-json\/wp\/v2\/types\/product"}],"replies":[{"embeddable":true,"href":"https:\/\/atami.com\/it\/wp-json\/wp\/v2\/comments?post=46191"}],"wp:featuredmedia":[{"embeddable":true,"href":"https:\/\/atami.com\/it\/wp-json\/wp\/v2\/media\/202165"}],"wp:attachment":[{"href":"https:\/\/atami.com\/it\/wp-json\/wp\/v2\/media?parent=46191"}],"wp:term":[{"taxonomy":"product_brand","embeddable":true,"href":"https:\/\/atami.com\/it\/wp-json\/wp\/v2\/product_brand?post=46191"},{"taxonomy":"product_cat","embeddable":true,"href":"https:\/\/atami.com\/it\/wp-json\/wp\/v2\/product_cat?post=46191"},{"taxonomy":"product_tag","embeddable":true,"href":"https:\/\/atami.com\/it\/wp-json\/wp\/v2\/product_tag?post=46191"}],"curies":[{"name":"wp","href":"https:\/\/api.w.org\/{rel}","templated":true}]}}