{"id":46190,"date":"2023-02-13T07:55:42","date_gmt":"2023-02-13T07:55:42","guid":{"rendered":"https:\/\/atami.com\/product\/bcuzz-coco-ab\/"},"modified":"2025-11-07T17:43:31","modified_gmt":"2025-11-07T15:43:31","slug":"bcuzz-coco-ab","status":"publish","type":"product","link":"https:\/\/atami.com\/it\/prodotto\/bcuzz-coco-ab","title":{"rendered":"B\u2019cuzz Coco A&#038;B"},"content":{"rendered":"<p><strong>B\u2019cuzz Coco A&amp;B \u00e8 un nutriente di base universale che fornisce alle (giovani) piante la nutrizione <\/strong><br \/>\n<strong>minerale specifica e concentrata di cui necessitano per uno sviluppo forte e sano.<\/strong><br \/>\nB\u2019cuzz Coco A&amp;B pu\u00f2 essere applicato durante l\u2019intero ciclo vegetativo. I substrati a base di cocco <br \/>\nsono naturalmente ricchi di potassio, che viene rilasciato lentamente dalla torba di cocco nel corso <br \/>\ndel tempo. Tuttavia, quest\u2019ultima \u00e8 naturalmente molto povera di calcio. Pertanto, \u00e8 importante <br \/>\nscegliere una nutrizione con un contenuto di calcio sufficiente. Coco A presenta un contenuto di <br \/>\ncalcio del 4% W\/W circa, una quantit\u00e0 pi\u00f9 che sufficiente per i nostri substrati a base di cocco di alta <br \/>\nqualit\u00e0. Coco B contiene principalmente fosforo e i micronutrienti necessari.<\/p>\n<p>\n<strong>PARTICOLARMENTE IDONEO PER<\/strong><br \/>\nDiversi tipi di verdura, frutta ed erbe, ad esempio pomodori, salvia e basilico.<br \/>\nPu\u00f2 essere utilizzato anche per piante da interno e da vaso (come alocasia e lavanda). \u00c8 possibile <br \/>\nmisurare il dosaggio necessario per soddisfare le esigenze delle singole piante o colture.<\/p>\n<p>\n<strong>APPLICAZIONE<\/strong><br \/>\nPoich\u00e9 alcuni elementi della soluzione possono reagire chimicamente tra loro a concentrazioni <br \/>\nelevate, i nutrienti vengono forniti in due flaconi separati, A e B. I concentrati A e B possono essere <br \/>\nmiscelati tra loro solo con acqua.<\/p>\n<p>\n<strong>DOSAGGIO<\/strong><br \/>\nda 1 a 3 ml (A) e da 1 a 3 ml (B) per ogni litro di acqua.<\/p>\n<p>\n<strong>Coco A: NK 5-5 W\/W<\/strong><br \/>\n<strong>Coco B: PK 4-6 W\/W<\/strong><\/p>\n<p>\n<strong>DISPONIBILE NEI FORMATI DA 1 LITRO, 5 LITRI E 10 LITRI<\/strong><\/p>\n","protected":false},"excerpt":{"rendered":"<p>Piante forti e sane<\/p>\n","protected":false},"featured_media":201970,"comment_status":"closed","ping_status":"closed","template":"","meta":{"_acf_changed":false,"iawp_total_views":86},"product_brand":[],"product_cat":[352,349],"product_tag":[],"class_list":{"0":"post-46190","1":"product","2":"type-product","3":"status-publish","4":"has-post-thumbnail","6":"product_cat-bcuzz","7":"product_cat-nutrienti-di-base","9":"first","10":"instock","11":"shipping-taxable","12":"product-type-simple"},"acf":{"short_description":"<p><strong>B\u2019cuzz Coco A&amp;B \u00e8 un nutriente di base universale che fornisce alle (giovani) piante la nutrizione minerale specifica e concentrata di cui necessitano per uno sviluppo forte e sano.<\/strong><br \/>B\u2019cuzz Coco A&amp;B pu\u00f2 essere applicato durante l\u2019intero ciclo vegetativo. I substrati a base di cocco sono naturalmente ricchi di potassio, che viene rilasciato lentamente dalla torba di cocco nel corso del tempo. Tuttavia, quest\u2019ultima \u00e8 naturalmente molto povera di calcio. Pertanto, \u00e8 importante scegliere una nutrizione con un contenuto di calcio sufficiente. Coco A presenta un contenuto di calcio del 4% W\/W circa, una quantit\u00e0 pi\u00f9 che sufficiente per i nostri substrati a base di cocco di alta qualit\u00e0. Coco B contiene principalmente fosforo e i micronutrienti necessari.<\/p>","suitable_for":"<p>Diversi tipi di verdura, frutta ed erbe, ad esempio pomodori, salvia e basilico. Pu\u00f2 essere utilizzato anche per piante da interno e da vaso (come alocasia e lavanda). \u00c8 possibile misurare il dosaggio necessario per soddisfare le esigenze delle singole piante o colture.<\/p>","application":"<p>Poich\u00e9 alcuni elementi della soluzione possono reagire chimicamente tra loro a concentrazioni elevate, i nutrienti vengono forniti in due flaconi separati, A e B. I concentrati A e B possono essere miscelati tra loro solo con acqua.<\/p>","dosage":"<p>da 1 a 3 ml (A) e da 1 a 3 ml (B) per ogni litro di acqua.<\/p>","npk_ratio":"<p>Coco A: NK 5-5 W\/W<br \/>Coco B: PK 4-6 W\/W<\/p>","available_in":"<p>1 LITRO, 5 LITRO E 10 LITRO<\/p>","icon_1":191595,"icon_1_text":"PIANTE FORTI E SANE","icon_2":191610,"icon_2_text":"UTILIZZABILE PER L\u2019INTERO CICLO VEGETATIVO","icon_3":191625,"icon_3_text":"PER SUBSTRATI A BASE DI COCCO","icon_4":"","icon_4_text":"","video":"","second_image":36471,"product_image_page":24064,"user_manual":"","new_icon_1":"","new_icon_2":"","new_icon_3":"","new_icon_4":"","grow_guides":"","category":"Nutriente di base"},"yoast_head":"<!-- This site is optimized with the Yoast SEO Premium plugin v27.5 (Yoast SEO v27.5) - https:\/\/yoast.com\/product\/yoast-seo-premium-wordpress\/ -->\n<title>B\u2019cuzz Coco A&amp;B: Il Fertilizzante Perfetto per la Coltivazione su Cocco<\/title>\n<meta name=\"description\" content=\"Vuoi ottenere il massimo dalle tue piante coltivate su fibra di cocco? Scopri B\u2019cuzz Coco A&amp;B di Atami: nutrimento bilanciato, crescita sana e fioritura abbondante. Ideale per coltivatori esigenti.\" \/>\n<meta name=\"robots\" content=\"index, follow, max-snippet:-1, max-image-preview:large, max-video-preview:-1\" \/>\n<link rel=\"canonical\" href=\"https:\/\/atami.com\/it\/prodotto\/bcuzz-coco-ab\" \/>\n<meta property=\"og:locale\" content=\"it_IT\" \/>\n<meta property=\"og:type\" content=\"article\" \/>\n<meta property=\"og:title\" content=\"B\u2019cuzz Coco A&amp;B\" \/>\n<meta property=\"og:description\" content=\"Vuoi ottenere il massimo dalle tue piante coltivate su fibra di cocco? Scopri B\u2019cuzz Coco A&amp;B di Atami: nutrimento bilanciato, crescita sana e fioritura abbondante. Ideale per coltivatori esigenti.\" \/>\n<meta property=\"og:url\" content=\"https:\/\/atami.com\/it\/prodotto\/bcuzz-coco-ab\" \/>\n<meta property=\"og:site_name\" content=\"Atami\" \/>\n<meta property=\"article:publisher\" content=\"https:\/\/www.facebook.com\/Atami.International\" \/>\n<meta property=\"article:modified_time\" content=\"2025-11-07T15:43:31+00:00\" \/>\n<meta property=\"og:image\" content=\"https:\/\/atami.com\/wp-content\/uploads\/2023\/02\/Bcuzz-Coco-AB-product-image.webp\" \/>\n\t<meta property=\"og:image:width\" content=\"1080\" \/>\n\t<meta property=\"og:image:height\" content=\"1080\" \/>\n\t<meta property=\"og:image:type\" content=\"image\/webp\" \/>\n<meta name=\"twitter:card\" content=\"summary_large_image\" \/>\n<meta name=\"twitter:site\" content=\"@AtamiEU\" \/>\n<meta name=\"twitter:label1\" content=\"Tempo di lettura stimato\" \/>\n\t<meta name=\"twitter:data1\" content=\"2 minuti\" \/>\n<script type=\"application\/ld+json\" class=\"yoast-schema-graph\">{\"@context\":\"https:\\\/\\\/schema.org\",\"@graph\":[{\"@type\":\"WebPage\",\"@id\":\"https:\\\/\\\/atami.com\\\/it\\\/prodotto\\\/bcuzz-coco-ab\",\"url\":\"https:\\\/\\\/atami.com\\\/it\\\/prodotto\\\/bcuzz-coco-ab\",\"name\":\"B\u2019cuzz Coco A&B: Il Fertilizzante Perfetto per la Coltivazione su Cocco\",\"isPartOf\":{\"@id\":\"https:\\\/\\\/atami.com\\\/it#website\"},\"primaryImageOfPage\":{\"@id\":\"https:\\\/\\\/atami.com\\\/it\\\/prodotto\\\/bcuzz-coco-ab#primaryimage\"},\"image\":{\"@id\":\"https:\\\/\\\/atami.com\\\/it\\\/prodotto\\\/bcuzz-coco-ab#primaryimage\"},\"thumbnailUrl\":\"https:\\\/\\\/atami.com\\\/wp-content\\\/uploads\\\/2023\\\/02\\\/Bcuzz-Coco-AB-product-image.webp\",\"datePublished\":\"2023-02-13T07:55:42+00:00\",\"dateModified\":\"2025-11-07T15:43:31+00:00\",\"description\":\"Vuoi ottenere il massimo dalle tue piante coltivate su fibra di cocco? Scopri B\u2019cuzz Coco A&B di Atami: nutrimento bilanciato, crescita sana e fioritura abbondante. Ideale per coltivatori esigenti.\",\"breadcrumb\":{\"@id\":\"https:\\\/\\\/atami.com\\\/it\\\/prodotto\\\/bcuzz-coco-ab#breadcrumb\"},\"inLanguage\":\"it-IT\",\"potentialAction\":[{\"@type\":\"ReadAction\",\"target\":[\"https:\\\/\\\/atami.com\\\/it\\\/prodotto\\\/bcuzz-coco-ab\"]}]},{\"@type\":\"ImageObject\",\"inLanguage\":\"it-IT\",\"@id\":\"https:\\\/\\\/atami.com\\\/it\\\/prodotto\\\/bcuzz-coco-ab#primaryimage\",\"url\":\"https:\\\/\\\/atami.com\\\/wp-content\\\/uploads\\\/2023\\\/02\\\/Bcuzz-Coco-AB-product-image.webp\",\"contentUrl\":\"https:\\\/\\\/atami.com\\\/wp-content\\\/uploads\\\/2023\\\/02\\\/Bcuzz-Coco-AB-product-image.webp\",\"width\":1080,\"height\":1080,\"caption\":\"B\u2019cuzz Coco A&B fornisce minerali essenziali durante tutto il ciclo di crescita, garantendo un equilibrio stabile e biologico nei substrati di cocco.\"},{\"@type\":\"BreadcrumbList\",\"@id\":\"https:\\\/\\\/atami.com\\\/it\\\/prodotto\\\/bcuzz-coco-ab#breadcrumb\",\"itemListElement\":[{\"@type\":\"ListItem\",\"position\":1,\"name\":\"Home\",\"item\":\"https:\\\/\\\/atami.com\\\/it\"},{\"@type\":\"ListItem\",\"position\":2,\"name\":\"Prodotti\",\"item\":\"https:\\\/\\\/atami.com\\\/it\\\/shop\"},{\"@type\":\"ListItem\",\"position\":3,\"name\":\"B'cuzz\",\"item\":\"https:\\\/\\\/atami.com\\\/it\\\/categoria-prodotto\\\/marche\\\/bcuzz\"},{\"@type\":\"ListItem\",\"position\":4,\"name\":\"B\u2019cuzz Coco A&#038;B\"}]},{\"@type\":\"WebSite\",\"@id\":\"https:\\\/\\\/atami.com\\\/it#website\",\"url\":\"https:\\\/\\\/atami.com\\\/it\",\"name\":\"Atami\",\"description\":\"NATURALLY INNOVATING!\",\"publisher\":{\"@id\":\"https:\\\/\\\/atami.com\\\/it#organization\"},\"potentialAction\":[{\"@type\":\"SearchAction\",\"target\":{\"@type\":\"EntryPoint\",\"urlTemplate\":\"https:\\\/\\\/atami.com\\\/it?s={search_term_string}\"},\"query-input\":{\"@type\":\"PropertyValueSpecification\",\"valueRequired\":true,\"valueName\":\"search_term_string\"}}],\"inLanguage\":\"it-IT\"},{\"@type\":\"Organization\",\"@id\":\"https:\\\/\\\/atami.com\\\/it#organization\",\"name\":\"Atami\",\"url\":\"https:\\\/\\\/atami.com\\\/it\",\"logo\":{\"@type\":\"ImageObject\",\"inLanguage\":\"it-IT\",\"@id\":\"https:\\\/\\\/atami.com\\\/it#\\\/schema\\\/logo\\\/image\\\/\",\"url\":\"https:\\\/\\\/atami.com\\\/wp-content\\\/uploads\\\/2026\\\/01\\\/Atami-logo-696x696px.webp\",\"contentUrl\":\"https:\\\/\\\/atami.com\\\/wp-content\\\/uploads\\\/2026\\\/01\\\/Atami-logo-696x696px.webp\",\"width\":696,\"height\":696,\"caption\":\"Atami\"},\"image\":{\"@id\":\"https:\\\/\\\/atami.com\\\/it#\\\/schema\\\/logo\\\/image\\\/\"},\"sameAs\":[\"https:\\\/\\\/www.facebook.com\\\/Atami.International\",\"https:\\\/\\\/x.com\\\/AtamiEU\",\"https:\\\/\\\/www.youtube.com\\\/c\\\/AtamiInternational\",\"https:\\\/\\\/www.instagram.com\\\/atami.international\\\/\"],\"description\":\"ATAMI is a premium plant nutrition & substrate brand founded in 1997 with the mission to make exceptional cultivation achievable for everyone. From legacy to license, we offer a wide variety of innovating award-winning products to let cultivators achieve maximum results in taste & yield.\",\"email\":\"info@mginnovations.es\",\"legalName\":\"Atami\",\"numberOfEmployees\":{\"@type\":\"QuantitativeValue\",\"minValue\":\"11\",\"maxValue\":\"50\"}}]}<\/script>\n<!-- \/ Yoast SEO Premium plugin. -->","yoast_head_json":{"title":"B\u2019cuzz Coco A&B: Il Fertilizzante Perfetto per la Coltivazione su Cocco","description":"Vuoi ottenere il massimo dalle tue piante coltivate su fibra di cocco? Scopri B\u2019cuzz Coco A&B di Atami: nutrimento bilanciato, crescita sana e fioritura abbondante. Ideale per coltivatori esigenti.","robots":{"index":"index","follow":"follow","max-snippet":"max-snippet:-1","max-image-preview":"max-image-preview:large","max-video-preview":"max-video-preview:-1"},"canonical":"https:\/\/atami.com\/it\/prodotto\/bcuzz-coco-ab","og_locale":"it_IT","og_type":"article","og_title":"B\u2019cuzz Coco A&B","og_description":"Vuoi ottenere il massimo dalle tue piante coltivate su fibra di cocco? Scopri B\u2019cuzz Coco A&B di Atami: nutrimento bilanciato, crescita sana e fioritura abbondante. Ideale per coltivatori esigenti.","og_url":"https:\/\/atami.com\/it\/prodotto\/bcuzz-coco-ab","og_site_name":"Atami","article_publisher":"https:\/\/www.facebook.com\/Atami.International","article_modified_time":"2025-11-07T15:43:31+00:00","og_image":[{"width":1080,"height":1080,"url":"https:\/\/atami.com\/wp-content\/uploads\/2023\/02\/Bcuzz-Coco-AB-product-image.webp","type":"image\/webp"}],"twitter_card":"summary_large_image","twitter_site":"@AtamiEU","twitter_misc":{"Tempo di lettura stimato":"2 minuti"},"schema":{"@context":"https:\/\/schema.org","@graph":[{"@type":"WebPage","@id":"https:\/\/atami.com\/it\/prodotto\/bcuzz-coco-ab","url":"https:\/\/atami.com\/it\/prodotto\/bcuzz-coco-ab","name":"B\u2019cuzz Coco A&B: Il Fertilizzante Perfetto per la Coltivazione su Cocco","isPartOf":{"@id":"https:\/\/atami.com\/it#website"},"primaryImageOfPage":{"@id":"https:\/\/atami.com\/it\/prodotto\/bcuzz-coco-ab#primaryimage"},"image":{"@id":"https:\/\/atami.com\/it\/prodotto\/bcuzz-coco-ab#primaryimage"},"thumbnailUrl":"https:\/\/atami.com\/wp-content\/uploads\/2023\/02\/Bcuzz-Coco-AB-product-image.webp","datePublished":"2023-02-13T07:55:42+00:00","dateModified":"2025-11-07T15:43:31+00:00","description":"Vuoi ottenere il massimo dalle tue piante coltivate su fibra di cocco? Scopri B\u2019cuzz Coco A&B di Atami: nutrimento bilanciato, crescita sana e fioritura abbondante. Ideale per coltivatori esigenti.","breadcrumb":{"@id":"https:\/\/atami.com\/it\/prodotto\/bcuzz-coco-ab#breadcrumb"},"inLanguage":"it-IT","potentialAction":[{"@type":"ReadAction","target":["https:\/\/atami.com\/it\/prodotto\/bcuzz-coco-ab"]}]},{"@type":"ImageObject","inLanguage":"it-IT","@id":"https:\/\/atami.com\/it\/prodotto\/bcuzz-coco-ab#primaryimage","url":"https:\/\/atami.com\/wp-content\/uploads\/2023\/02\/Bcuzz-Coco-AB-product-image.webp","contentUrl":"https:\/\/atami.com\/wp-content\/uploads\/2023\/02\/Bcuzz-Coco-AB-product-image.webp","width":1080,"height":1080,"caption":"B\u2019cuzz Coco A&B fornisce minerali essenziali durante tutto il ciclo di crescita, garantendo un equilibrio stabile e biologico nei substrati di cocco."},{"@type":"BreadcrumbList","@id":"https:\/\/atami.com\/it\/prodotto\/bcuzz-coco-ab#breadcrumb","itemListElement":[{"@type":"ListItem","position":1,"name":"Home","item":"https:\/\/atami.com\/it"},{"@type":"ListItem","position":2,"name":"Prodotti","item":"https:\/\/atami.com\/it\/shop"},{"@type":"ListItem","position":3,"name":"B'cuzz","item":"https:\/\/atami.com\/it\/categoria-prodotto\/marche\/bcuzz"},{"@type":"ListItem","position":4,"name":"B\u2019cuzz Coco A&#038;B"}]},{"@type":"WebSite","@id":"https:\/\/atami.com\/it#website","url":"https:\/\/atami.com\/it","name":"Atami","description":"NATURALLY INNOVATING!","publisher":{"@id":"https:\/\/atami.com\/it#organization"},"potentialAction":[{"@type":"SearchAction","target":{"@type":"EntryPoint","urlTemplate":"https:\/\/atami.com\/it?s={search_term_string}"},"query-input":{"@type":"PropertyValueSpecification","valueRequired":true,"valueName":"search_term_string"}}],"inLanguage":"it-IT"},{"@type":"Organization","@id":"https:\/\/atami.com\/it#organization","name":"Atami","url":"https:\/\/atami.com\/it","logo":{"@type":"ImageObject","inLanguage":"it-IT","@id":"https:\/\/atami.com\/it#\/schema\/logo\/image\/","url":"https:\/\/atami.com\/wp-content\/uploads\/2026\/01\/Atami-logo-696x696px.webp","contentUrl":"https:\/\/atami.com\/wp-content\/uploads\/2026\/01\/Atami-logo-696x696px.webp","width":696,"height":696,"caption":"Atami"},"image":{"@id":"https:\/\/atami.com\/it#\/schema\/logo\/image\/"},"sameAs":["https:\/\/www.facebook.com\/Atami.International","https:\/\/x.com\/AtamiEU","https:\/\/www.youtube.com\/c\/AtamiInternational","https:\/\/www.instagram.com\/atami.international\/"],"description":"ATAMI is a premium plant nutrition & substrate brand founded in 1997 with the mission to make exceptional cultivation achievable for everyone. From legacy to license, we offer a wide variety of innovating award-winning products to let cultivators achieve maximum results in taste & yield.","email":"info@mginnovations.es","legalName":"Atami","numberOfEmployees":{"@type":"QuantitativeValue","minValue":"11","maxValue":"50"}}]}},"_links":{"self":[{"href":"https:\/\/atami.com\/it\/wp-json\/wp\/v2\/product\/46190","targetHints":{"allow":["GET"]}}],"collection":[{"href":"https:\/\/atami.com\/it\/wp-json\/wp\/v2\/product"}],"about":[{"href":"https:\/\/atami.com\/it\/wp-json\/wp\/v2\/types\/product"}],"replies":[{"embeddable":true,"href":"https:\/\/atami.com\/it\/wp-json\/wp\/v2\/comments?post=46190"}],"wp:featuredmedia":[{"embeddable":true,"href":"https:\/\/atami.com\/it\/wp-json\/wp\/v2\/media\/201970"}],"wp:attachment":[{"href":"https:\/\/atami.com\/it\/wp-json\/wp\/v2\/media?parent=46190"}],"wp:term":[{"taxonomy":"product_brand","embeddable":true,"href":"https:\/\/atami.com\/it\/wp-json\/wp\/v2\/product_brand?post=46190"},{"taxonomy":"product_cat","embeddable":true,"href":"https:\/\/atami.com\/it\/wp-json\/wp\/v2\/product_cat?post=46190"},{"taxonomy":"product_tag","embeddable":true,"href":"https:\/\/atami.com\/it\/wp-json\/wp\/v2\/product_tag?post=46190"}],"curies":[{"name":"wp","href":"https:\/\/api.w.org\/{rel}","templated":true}]}}