{"id":46189,"date":"2023-02-10T15:52:06","date_gmt":"2023-02-10T15:52:06","guid":{"rendered":"https:\/\/atami.com\/product\/bcuzz-hydro-ab\/"},"modified":"2025-11-07T17:43:53","modified_gmt":"2025-11-07T15:43:53","slug":"bcuzz-hydro-ab","status":"publish","type":"product","link":"https:\/\/atami.com\/it\/prodotto\/bcuzz-hydro-ab","title":{"rendered":"B\u2019cuzz Hydro A&#038;B"},"content":{"rendered":"<p><strong>B\u2019cuzz Hydro A&amp;B \u00e8 un nutriente di base universale che fornisce alle (giovani) piante la nutrizione <\/strong><br \/>\n<strong>minerale specifica e concentrata di cui necessitano per uno sviluppo forte e sano.<\/strong><br \/>\nL\u2019idrocoltura prevede l\u2019utilizzo di una dose di nutrienti pi\u00f9 elevata: la maggiore concentrazione di <br \/>\nnutrienti di Hydro A&amp;B \u00e8 dovuta prevalentemente a questa caratteristica. Hydro Rokz (argilla espansa) <br \/>\ntrattiene a fatica i nutrienti, che vengono eliminati facilmente. Le radici non hanno molto tempo a <br \/>\ndisposizione per assorbire ulteriori nutrienti dall\u2019area circostante. Pertanto, per soddisfare le esigenze <br \/>\ndella pianta, \u00e8 necessario annaffiarla pi\u00f9 spesso e fornire nutrienti pi\u00f9 concentrati. La maggiore <br \/>\nconcentrazione, inoltre, consente la circolazione della soluzione nutriente, in quanto questa preserva <br \/>\ni nutrienti pi\u00f9 a lungo.<\/p>\n<p>\n<strong>PARTICOLARMENTE IDONEO PER<\/strong><br \/>\nDiversi tipi di verdura, frutta ed erbe, ad esempio melanzane, salvia e basilico. Pu\u00f2 essere utilizzato <br \/>\nanche per piante da interno e da vaso (ad esempio anturio, lavanda, gerbera). \u00c8 possibile misurare il <br \/>\ndosaggio necessario per soddisfare le esigenze delle singole piante o colture.<\/p>\n<p>\n<strong>APPLICAZIONE<\/strong><br \/>\nPoich\u00e9 alcuni elementi della soluzione possono reagire chimicamente tra loro a concentrazioni <br \/>\nelevate, i nutrienti vengono forniti in due flaconi separati, A e B. I concentrati A e B possono essere <br \/>\nmiscelati tra loro solo con acqua.<\/p>\n<p>\n<strong>DOSAGGIO<\/strong><br \/>\nda 1 a 3 ml (A) e da 1 a 3 ml (B) per ogni litro di acqua.<\/p>\n<p>\n<strong>Hydro A: NK 5-5 W\/W<\/strong><br \/>\n<strong>Hydro B: PK 4-6 W\/W<\/strong><\/p>\n<p>\n<strong>DISPONIBILE NEI FORMATI DA 1 LITRO, 5 LITRI E 10 LITRI <\/strong><\/p>\n","protected":false},"excerpt":{"rendered":"<p>Piante forti e sane<\/p>\n","protected":false},"featured_media":201985,"comment_status":"closed","ping_status":"closed","template":"","meta":{"_acf_changed":false,"iawp_total_views":345},"product_brand":[],"product_cat":[352,349],"product_tag":[],"class_list":{"0":"post-46189","1":"product","2":"type-product","3":"status-publish","4":"has-post-thumbnail","6":"product_cat-bcuzz","7":"product_cat-nutrienti-di-base","9":"first","10":"instock","11":"shipping-taxable","12":"product-type-simple"},"acf":{"short_description":"<p><strong>B\u2019cuzz Hydro A&B \u00e8 un nutriente di base universale che fornisce alle (giovani) piante la nutrizione minerale specifica e concentrata di cui necessitano per uno sviluppo forte e sano.<\/strong><br \/>L\u2019idrocoltura prevede l\u2019utilizzo di una dose di nutrienti pi\u00f9 elevata: la maggiore concentrazione di nutrienti di Hydro A&B \u00e8 dovuta prevalentemente a questa caratteristica. Hydro Rokz (argilla espansa) trattiene a fatica i nutrienti, che vengono eliminati facilmente. Le radici non hanno molto tempo a disposizione per assorbire ulteriori nutrienti dall\u2019area circostante. Pertanto, per soddisfare le esigenze della pianta, \u00e8 necessario annaffiarla pi\u00f9 spesso e fornire nutrienti pi\u00f9 concentrati. La maggiore concentrazione, inoltre, consente la circolazione della soluzione nutriente, in quanto questa preserva i nutrienti pi\u00f9 a lungo.<\/p>","suitable_for":"Diversi tipi di verdura, frutta ed erbe, ad esempio melanzane, salvia e basilico. Pu\u00f2 essere utilizzato anche per piante da interno e da vaso (ad esempio anturio, lavanda, gerbera). \u00c8 possibile misurare il dosaggio necessario per soddisfare le esigenze delle singole piante o colture.","application":"Poich\u00e9 alcuni elementi della soluzione possono reagire chimicamente tra loro a concentrazioni elevate, i nutrienti vengono forniti in due flaconi separati, A e B. I concentrati A e B possono essere miscelati tra loro solo con acqua.","dosage":"da 1 a 3 ml (A) e da 1 a 3 ml (B) per ogni litro di acqua.","npk_ratio":"Hydro A: NK 5-5 W\/W<br \/>Hydro B: PK 4-6 W\/W","available_in":"1 LITRO, 5 LITRO E 10 LITRO","icon_1":191550,"icon_1_text":"PIANTE FORTI E SANE","icon_2":191565,"icon_2_text":"UTILIZZABILE PER L\u2019INTERO CICLO VEGETATIVO","icon_3":191580,"icon_3_text":"PER SISTEMI IDROPONICI","icon_4":"","icon_4_text":"","video":"","second_image":36323,"product_image_page":24034,"user_manual":"","new_icon_1":"","new_icon_2":"","new_icon_3":"","new_icon_4":"","grow_guides":null,"category":"Nutriente di base"},"yoast_head":"<!-- This site is optimized with the Yoast SEO Premium plugin v27.5 (Yoast SEO v27.5) - https:\/\/yoast.com\/product\/yoast-seo-premium-wordpress\/ -->\n<title>B\u2019cuzz Hydro A&amp;B | Piante forti e sane | Atami<\/title>\n<meta name=\"description\" content=\"B\u2019cuzz Hydro A&amp;B \u00e8 un nutriente di base universale che fornisce alle (giovani) piante la nutrizione minerale specifica e concentrata di cui necessitano per uno sviluppo forte e sano.\" \/>\n<meta name=\"robots\" content=\"index, follow, max-snippet:-1, max-image-preview:large, max-video-preview:-1\" \/>\n<link rel=\"canonical\" href=\"https:\/\/atami.com\/it\/prodotto\/bcuzz-hydro-ab\" \/>\n<meta property=\"og:locale\" content=\"it_IT\" \/>\n<meta property=\"og:type\" content=\"article\" \/>\n<meta property=\"og:title\" content=\"B\u2019cuzz Hydro A&amp;B\" \/>\n<meta property=\"og:description\" content=\"B\u2019cuzz Hydro A&amp;B \u00e8 un nutriente di base universale che fornisce alle (giovani) piante la nutrizione minerale specifica e concentrata di cui necessitano per uno sviluppo forte e sano.\" \/>\n<meta property=\"og:url\" content=\"https:\/\/atami.com\/it\/prodotto\/bcuzz-hydro-ab\" \/>\n<meta property=\"og:site_name\" content=\"Atami\" \/>\n<meta property=\"article:publisher\" content=\"https:\/\/www.facebook.com\/Atami.International\" \/>\n<meta property=\"article:modified_time\" content=\"2025-11-07T15:43:53+00:00\" \/>\n<meta property=\"og:image\" content=\"https:\/\/atami.com\/wp-content\/uploads\/2023\/02\/Bcuzz-Hydro-AB-product-image.webp\" \/>\n\t<meta property=\"og:image:width\" content=\"1080\" \/>\n\t<meta property=\"og:image:height\" content=\"1080\" \/>\n\t<meta property=\"og:image:type\" content=\"image\/webp\" \/>\n<meta name=\"twitter:card\" content=\"summary_large_image\" \/>\n<meta name=\"twitter:site\" content=\"@AtamiEU\" \/>\n<meta name=\"twitter:label1\" content=\"Tempo di lettura stimato\" \/>\n\t<meta name=\"twitter:data1\" content=\"2 minuti\" \/>\n<script type=\"application\/ld+json\" class=\"yoast-schema-graph\">{\"@context\":\"https:\\\/\\\/schema.org\",\"@graph\":[{\"@type\":\"WebPage\",\"@id\":\"https:\\\/\\\/atami.com\\\/it\\\/prodotto\\\/bcuzz-hydro-ab\",\"url\":\"https:\\\/\\\/atami.com\\\/it\\\/prodotto\\\/bcuzz-hydro-ab\",\"name\":\"B\u2019cuzz Hydro A&B | Piante forti e sane | Atami\",\"isPartOf\":{\"@id\":\"https:\\\/\\\/atami.com\\\/it#website\"},\"primaryImageOfPage\":{\"@id\":\"https:\\\/\\\/atami.com\\\/it\\\/prodotto\\\/bcuzz-hydro-ab#primaryimage\"},\"image\":{\"@id\":\"https:\\\/\\\/atami.com\\\/it\\\/prodotto\\\/bcuzz-hydro-ab#primaryimage\"},\"thumbnailUrl\":\"https:\\\/\\\/atami.com\\\/wp-content\\\/uploads\\\/2023\\\/02\\\/Bcuzz-Hydro-AB-product-image.webp\",\"datePublished\":\"2023-02-10T15:52:06+00:00\",\"dateModified\":\"2025-11-07T15:43:53+00:00\",\"description\":\"B\u2019cuzz Hydro A&B \u00e8 un nutriente di base universale che fornisce alle (giovani) piante la nutrizione minerale specifica e concentrata di cui necessitano per uno sviluppo forte e sano.\",\"breadcrumb\":{\"@id\":\"https:\\\/\\\/atami.com\\\/it\\\/prodotto\\\/bcuzz-hydro-ab#breadcrumb\"},\"inLanguage\":\"it-IT\",\"potentialAction\":[{\"@type\":\"ReadAction\",\"target\":[\"https:\\\/\\\/atami.com\\\/it\\\/prodotto\\\/bcuzz-hydro-ab\"]}]},{\"@type\":\"ImageObject\",\"inLanguage\":\"it-IT\",\"@id\":\"https:\\\/\\\/atami.com\\\/it\\\/prodotto\\\/bcuzz-hydro-ab#primaryimage\",\"url\":\"https:\\\/\\\/atami.com\\\/wp-content\\\/uploads\\\/2023\\\/02\\\/Bcuzz-Hydro-AB-product-image.webp\",\"contentUrl\":\"https:\\\/\\\/atami.com\\\/wp-content\\\/uploads\\\/2023\\\/02\\\/Bcuzz-Hydro-AB-product-image.webp\",\"width\":1080,\"height\":1080,\"caption\":\"B\u2019cuzz Hydro A&B fornisce minerali essenziali durante tutto il ciclo di crescita, garantendo un equilibrio stabile e biologico nei substrati idroponici.\"},{\"@type\":\"BreadcrumbList\",\"@id\":\"https:\\\/\\\/atami.com\\\/it\\\/prodotto\\\/bcuzz-hydro-ab#breadcrumb\",\"itemListElement\":[{\"@type\":\"ListItem\",\"position\":1,\"name\":\"Home\",\"item\":\"https:\\\/\\\/atami.com\\\/it\"},{\"@type\":\"ListItem\",\"position\":2,\"name\":\"Prodotti\",\"item\":\"https:\\\/\\\/atami.com\\\/it\\\/shop\"},{\"@type\":\"ListItem\",\"position\":3,\"name\":\"B'cuzz\",\"item\":\"https:\\\/\\\/atami.com\\\/it\\\/categoria-prodotto\\\/marche\\\/bcuzz\"},{\"@type\":\"ListItem\",\"position\":4,\"name\":\"B\u2019cuzz Hydro A&#038;B\"}]},{\"@type\":\"WebSite\",\"@id\":\"https:\\\/\\\/atami.com\\\/it#website\",\"url\":\"https:\\\/\\\/atami.com\\\/it\",\"name\":\"Atami\",\"description\":\"NATURALLY INNOVATING!\",\"publisher\":{\"@id\":\"https:\\\/\\\/atami.com\\\/it#organization\"},\"potentialAction\":[{\"@type\":\"SearchAction\",\"target\":{\"@type\":\"EntryPoint\",\"urlTemplate\":\"https:\\\/\\\/atami.com\\\/it?s={search_term_string}\"},\"query-input\":{\"@type\":\"PropertyValueSpecification\",\"valueRequired\":true,\"valueName\":\"search_term_string\"}}],\"inLanguage\":\"it-IT\"},{\"@type\":\"Organization\",\"@id\":\"https:\\\/\\\/atami.com\\\/it#organization\",\"name\":\"Atami\",\"url\":\"https:\\\/\\\/atami.com\\\/it\",\"logo\":{\"@type\":\"ImageObject\",\"inLanguage\":\"it-IT\",\"@id\":\"https:\\\/\\\/atami.com\\\/it#\\\/schema\\\/logo\\\/image\\\/\",\"url\":\"https:\\\/\\\/atami.com\\\/wp-content\\\/uploads\\\/2026\\\/01\\\/Atami-logo-696x696px.webp\",\"contentUrl\":\"https:\\\/\\\/atami.com\\\/wp-content\\\/uploads\\\/2026\\\/01\\\/Atami-logo-696x696px.webp\",\"width\":696,\"height\":696,\"caption\":\"Atami\"},\"image\":{\"@id\":\"https:\\\/\\\/atami.com\\\/it#\\\/schema\\\/logo\\\/image\\\/\"},\"sameAs\":[\"https:\\\/\\\/www.facebook.com\\\/Atami.International\",\"https:\\\/\\\/x.com\\\/AtamiEU\",\"https:\\\/\\\/www.youtube.com\\\/c\\\/AtamiInternational\",\"https:\\\/\\\/www.instagram.com\\\/atami.international\\\/\"],\"description\":\"ATAMI is a premium plant nutrition & substrate brand founded in 1997 with the mission to make exceptional cultivation achievable for everyone. From legacy to license, we offer a wide variety of innovating award-winning products to let cultivators achieve maximum results in taste & yield.\",\"email\":\"info@mginnovations.es\",\"legalName\":\"Atami\",\"numberOfEmployees\":{\"@type\":\"QuantitativeValue\",\"minValue\":\"11\",\"maxValue\":\"50\"}}]}<\/script>\n<!-- \/ Yoast SEO Premium plugin. -->","yoast_head_json":{"title":"B\u2019cuzz Hydro A&B | Piante forti e sane | Atami","description":"B\u2019cuzz Hydro A&B \u00e8 un nutriente di base universale che fornisce alle (giovani) piante la nutrizione minerale specifica e concentrata di cui necessitano per uno sviluppo forte e sano.","robots":{"index":"index","follow":"follow","max-snippet":"max-snippet:-1","max-image-preview":"max-image-preview:large","max-video-preview":"max-video-preview:-1"},"canonical":"https:\/\/atami.com\/it\/prodotto\/bcuzz-hydro-ab","og_locale":"it_IT","og_type":"article","og_title":"B\u2019cuzz Hydro A&B","og_description":"B\u2019cuzz Hydro A&B \u00e8 un nutriente di base universale che fornisce alle (giovani) piante la nutrizione minerale specifica e concentrata di cui necessitano per uno sviluppo forte e sano.","og_url":"https:\/\/atami.com\/it\/prodotto\/bcuzz-hydro-ab","og_site_name":"Atami","article_publisher":"https:\/\/www.facebook.com\/Atami.International","article_modified_time":"2025-11-07T15:43:53+00:00","og_image":[{"width":1080,"height":1080,"url":"https:\/\/atami.com\/wp-content\/uploads\/2023\/02\/Bcuzz-Hydro-AB-product-image.webp","type":"image\/webp"}],"twitter_card":"summary_large_image","twitter_site":"@AtamiEU","twitter_misc":{"Tempo di lettura stimato":"2 minuti"},"schema":{"@context":"https:\/\/schema.org","@graph":[{"@type":"WebPage","@id":"https:\/\/atami.com\/it\/prodotto\/bcuzz-hydro-ab","url":"https:\/\/atami.com\/it\/prodotto\/bcuzz-hydro-ab","name":"B\u2019cuzz Hydro A&B | Piante forti e sane | Atami","isPartOf":{"@id":"https:\/\/atami.com\/it#website"},"primaryImageOfPage":{"@id":"https:\/\/atami.com\/it\/prodotto\/bcuzz-hydro-ab#primaryimage"},"image":{"@id":"https:\/\/atami.com\/it\/prodotto\/bcuzz-hydro-ab#primaryimage"},"thumbnailUrl":"https:\/\/atami.com\/wp-content\/uploads\/2023\/02\/Bcuzz-Hydro-AB-product-image.webp","datePublished":"2023-02-10T15:52:06+00:00","dateModified":"2025-11-07T15:43:53+00:00","description":"B\u2019cuzz Hydro A&B \u00e8 un nutriente di base universale che fornisce alle (giovani) piante la nutrizione minerale specifica e concentrata di cui necessitano per uno sviluppo forte e sano.","breadcrumb":{"@id":"https:\/\/atami.com\/it\/prodotto\/bcuzz-hydro-ab#breadcrumb"},"inLanguage":"it-IT","potentialAction":[{"@type":"ReadAction","target":["https:\/\/atami.com\/it\/prodotto\/bcuzz-hydro-ab"]}]},{"@type":"ImageObject","inLanguage":"it-IT","@id":"https:\/\/atami.com\/it\/prodotto\/bcuzz-hydro-ab#primaryimage","url":"https:\/\/atami.com\/wp-content\/uploads\/2023\/02\/Bcuzz-Hydro-AB-product-image.webp","contentUrl":"https:\/\/atami.com\/wp-content\/uploads\/2023\/02\/Bcuzz-Hydro-AB-product-image.webp","width":1080,"height":1080,"caption":"B\u2019cuzz Hydro A&B fornisce minerali essenziali durante tutto il ciclo di crescita, garantendo un equilibrio stabile e biologico nei substrati idroponici."},{"@type":"BreadcrumbList","@id":"https:\/\/atami.com\/it\/prodotto\/bcuzz-hydro-ab#breadcrumb","itemListElement":[{"@type":"ListItem","position":1,"name":"Home","item":"https:\/\/atami.com\/it"},{"@type":"ListItem","position":2,"name":"Prodotti","item":"https:\/\/atami.com\/it\/shop"},{"@type":"ListItem","position":3,"name":"B'cuzz","item":"https:\/\/atami.com\/it\/categoria-prodotto\/marche\/bcuzz"},{"@type":"ListItem","position":4,"name":"B\u2019cuzz Hydro A&#038;B"}]},{"@type":"WebSite","@id":"https:\/\/atami.com\/it#website","url":"https:\/\/atami.com\/it","name":"Atami","description":"NATURALLY INNOVATING!","publisher":{"@id":"https:\/\/atami.com\/it#organization"},"potentialAction":[{"@type":"SearchAction","target":{"@type":"EntryPoint","urlTemplate":"https:\/\/atami.com\/it?s={search_term_string}"},"query-input":{"@type":"PropertyValueSpecification","valueRequired":true,"valueName":"search_term_string"}}],"inLanguage":"it-IT"},{"@type":"Organization","@id":"https:\/\/atami.com\/it#organization","name":"Atami","url":"https:\/\/atami.com\/it","logo":{"@type":"ImageObject","inLanguage":"it-IT","@id":"https:\/\/atami.com\/it#\/schema\/logo\/image\/","url":"https:\/\/atami.com\/wp-content\/uploads\/2026\/01\/Atami-logo-696x696px.webp","contentUrl":"https:\/\/atami.com\/wp-content\/uploads\/2026\/01\/Atami-logo-696x696px.webp","width":696,"height":696,"caption":"Atami"},"image":{"@id":"https:\/\/atami.com\/it#\/schema\/logo\/image\/"},"sameAs":["https:\/\/www.facebook.com\/Atami.International","https:\/\/x.com\/AtamiEU","https:\/\/www.youtube.com\/c\/AtamiInternational","https:\/\/www.instagram.com\/atami.international\/"],"description":"ATAMI is a premium plant nutrition & substrate brand founded in 1997 with the mission to make exceptional cultivation achievable for everyone. From legacy to license, we offer a wide variety of innovating award-winning products to let cultivators achieve maximum results in taste & yield.","email":"info@mginnovations.es","legalName":"Atami","numberOfEmployees":{"@type":"QuantitativeValue","minValue":"11","maxValue":"50"}}]}},"_links":{"self":[{"href":"https:\/\/atami.com\/it\/wp-json\/wp\/v2\/product\/46189","targetHints":{"allow":["GET"]}}],"collection":[{"href":"https:\/\/atami.com\/it\/wp-json\/wp\/v2\/product"}],"about":[{"href":"https:\/\/atami.com\/it\/wp-json\/wp\/v2\/types\/product"}],"replies":[{"embeddable":true,"href":"https:\/\/atami.com\/it\/wp-json\/wp\/v2\/comments?post=46189"}],"wp:featuredmedia":[{"embeddable":true,"href":"https:\/\/atami.com\/it\/wp-json\/wp\/v2\/media\/201985"}],"wp:attachment":[{"href":"https:\/\/atami.com\/it\/wp-json\/wp\/v2\/media?parent=46189"}],"wp:term":[{"taxonomy":"product_brand","embeddable":true,"href":"https:\/\/atami.com\/it\/wp-json\/wp\/v2\/product_brand?post=46189"},{"taxonomy":"product_cat","embeddable":true,"href":"https:\/\/atami.com\/it\/wp-json\/wp\/v2\/product_cat?post=46189"},{"taxonomy":"product_tag","embeddable":true,"href":"https:\/\/atami.com\/it\/wp-json\/wp\/v2\/product_tag?post=46189"}],"curies":[{"name":"wp","href":"https:\/\/api.w.org\/{rel}","templated":true}]}}