{"id":46188,"date":"2023-02-10T15:21:44","date_gmt":"2023-02-10T15:21:44","guid":{"rendered":"https:\/\/atami.com\/product\/bcuzz-soil-ab\/"},"modified":"2025-11-07T17:43:14","modified_gmt":"2025-11-07T15:43:14","slug":"bcuzz-soil-ab","status":"publish","type":"product","link":"https:\/\/atami.com\/it\/prodotto\/bcuzz-soil-ab","title":{"rendered":"B\u2019cuzz Soil A&#038;B"},"content":{"rendered":"<p><strong>B\u2019cuzz Soil A&amp;B fornisce alle (giovani) piante la nutrizione minerale specifica e concentrata necessaria <\/strong><br \/>\n<strong>per uno sviluppo forte e sano.<\/strong><br \/>\nB\u2019cuzz Soil A&amp;B \u00e8 un nutriente di base universale che offre un equilibrio biologico stabile del <br \/>\nsubstrato. Contiene tutti i nutrienti necessari per l\u2019intero ciclo vegetativo e pu\u00f2 essere utilizzato per la <br \/>\ncoltivazione interna ed esterna. Nell\u2019ambito dei nutrienti di base universali B\u2019cuzz, disponiamo di vari <br \/>\nprodotti per le diverse fasi della pianta. Tuttavia, \u00e8 possibile modificare le dosi dei nutrienti A e B. Per <br \/>\nla fase vegetativa \u00e8 possibile utilizzare pi\u00f9 prodotto A, mentre per la fase di fioritura \u00e8 possibile <br \/>\naumentare la dose del prodotto B.<\/p>\n<p>\n<strong>PARTICOLARMENTE IDONEO PER<\/strong><br \/>\nDiversi tipi di verdura, frutta ed erbe, ad esempio zucchine, fagioli e timo. Pu\u00f2 essere utilizzato anche <br \/>\nper piante da interno e da vaso (come delfino, o delphinium, e graminacee ornamentali). \u00c8 possibile <br \/>\nmisurare il dosaggio necessario per soddisfare le esigenze delle singole piante o colture.<\/p>\n<p>\n<strong>APPLICAZIONE<\/strong><br \/>\nPoich\u00e9 alcuni elementi della soluzione possono reagire chimicamente tra loro a concentrazioni <br \/>\nelevate, i nutrienti vengono forniti in due flaconi separati, A e B. I concentrati A e B possono essere <br \/>\nmiscelati tra loro solo con acqua.<\/p>\n<p>\n<strong>DOSAGGIO<\/strong><br \/>\nTerriccio (per vasi) altamente fertilizzato: da 1 a 3 ml (A) e da 1 a 3 ml (B) per ogni litro di acqua.<br \/>\nTerriccio (per vasi) leggermente fertilizzato: da 1 a 5 ml (A) e da 1 a 5 ml (B) per ogni litro di acqua.<\/p>\n<p>\n<strong>Soil A: NK 3-3 W\/W<\/strong><br \/>\n<strong>Soil B: PK 3-4 W\/W<\/strong><\/p>\n<p>\n<strong>DISPONIBILE NEI FORMATI DA 1 LITRO, 5 LITRI E 10 LITRI<\/strong><\/p>\n","protected":false},"excerpt":{"rendered":"<p>Piante forti e sane<\/p>\n","protected":false},"featured_media":201955,"comment_status":"closed","ping_status":"closed","template":"","meta":{"_acf_changed":false,"iawp_total_views":212},"product_brand":[],"product_cat":[352,349],"product_tag":[],"class_list":{"0":"post-46188","1":"product","2":"type-product","3":"status-publish","4":"has-post-thumbnail","6":"product_cat-bcuzz","7":"product_cat-nutrienti-di-base","9":"first","10":"instock","11":"shipping-taxable","12":"product-type-simple"},"acf":{"short_description":"<p><strong>B\u2019cuzz Soil A&amp;B fornisce alle (giovani) piante la nutrizione minerale specifica e concentrata necessaria per uno sviluppo forte e sano.<\/strong><br \/>B\u2019cuzz Soil A&amp;B \u00e8 un nutriente di base universale che offre un equilibrio biologico stabile del substrato. Contiene tutti i nutrienti necessari per l\u2019intero ciclo vegetativo e pu\u00f2 essere utilizzato per la coltivazione interna ed esterna. Nell\u2019ambito dei nutrienti di base universali B\u2019cuzz, disponiamo di vari prodotti per le diverse fasi della pianta. Tuttavia, \u00e8 possibile modificare le dosi dei nutrienti A e B. Per la fase vegetativa \u00e8 possibile utilizzare pi\u00f9 prodotto A, mentre per la fase di fioritura \u00e8 possibile aumentare la dose del prodotto B.<\/p>","suitable_for":"<p>Diversi tipi di verdura, frutta ed erbe, ad esempio zucchine, fagioli e timo. Pu\u00f2 essere utilizzato anche per piante da interno e da vaso (come delfino, o delphinium, e graminacee ornamentali). \u00c8 possibile misurare il dosaggio necessario per soddisfare le esigenze delle singole piante o colture.<\/p>","application":"<p>Poich\u00e9 alcuni elementi della soluzione possono reagire chimicamente tra loro a concentrazioni elevate, i nutrienti vengono forniti in due flaconi separati, A e B. I concentrati A e B possono essere miscelati tra loro solo con acqua.<\/p>","dosage":"<p>Terriccio (per vasi) altamente fertilizzato: da 1 a 3 ml (A) e da 1 a 3 ml (B) per ogni litro di acqua.<br \/>Terriccio (per vasi) leggermente fertilizzato: da 1 a 5 ml (A) e da 1 a 5 ml (B) per ogni litro di acqua.<\/p>","npk_ratio":"<p>Soil A: NK 3-3 W\/W<br \/>Soil B: PK 3-4 W\/W<\/p>","available_in":"<p>1 LITRO, 5 LITRO E 10 LITRO<\/p>","icon_1":191405,"icon_1_text":"PIANTE FORTI E SANE","icon_2":191390,"icon_2_text":"UTILIZZABILE PER L\u2019INTERO CICLO VEGETATIVO","icon_3":191375,"icon_3_text":"PER SUBSTRATI A BASE DI TERRA","icon_4":"","icon_4_text":"","video":"","second_image":5425,"product_image_page":24004,"user_manual":"","new_icon_1":"","new_icon_2":"","new_icon_3":"","new_icon_4":"","grow_guides":"","category":"Nutriente di base"},"yoast_head":"<!-- This site is optimized with the Yoast SEO Premium plugin v27.5 (Yoast SEO v27.5) - https:\/\/yoast.com\/product\/yoast-seo-premium-wordpress\/ -->\n<title>B\u2019cuzz Soil A&amp;B \u2013 Nutrizione completa per coltivazioni in terra<\/title>\n<meta name=\"description\" content=\"Migliora la crescita e la fioritura delle tue piante con B\u2019cuzz Soil A&amp;B. La soluzione ideale per un substrato ricco di nutrienti e raccolti abbondanti\" \/>\n<meta name=\"robots\" content=\"index, follow, max-snippet:-1, max-image-preview:large, max-video-preview:-1\" \/>\n<link rel=\"canonical\" href=\"https:\/\/atami.com\/it\/prodotto\/bcuzz-soil-ab\" \/>\n<meta property=\"og:locale\" content=\"it_IT\" \/>\n<meta property=\"og:type\" content=\"article\" \/>\n<meta property=\"og:title\" content=\"B\u2019cuzz Soil A&amp;B\" \/>\n<meta property=\"og:description\" content=\"Migliora la crescita e la fioritura delle tue piante con B\u2019cuzz Soil A&amp;B. La soluzione ideale per un substrato ricco di nutrienti e raccolti abbondanti\" \/>\n<meta property=\"og:url\" content=\"https:\/\/atami.com\/it\/prodotto\/bcuzz-soil-ab\" \/>\n<meta property=\"og:site_name\" content=\"Atami\" \/>\n<meta property=\"article:publisher\" content=\"https:\/\/www.facebook.com\/Atami.International\" \/>\n<meta property=\"article:modified_time\" content=\"2025-11-07T15:43:14+00:00\" \/>\n<meta property=\"og:image\" content=\"https:\/\/atami.com\/wp-content\/uploads\/2023\/02\/Bcuzz-Soil-AB-product-image.webp\" \/>\n\t<meta property=\"og:image:width\" content=\"1080\" \/>\n\t<meta property=\"og:image:height\" content=\"1080\" \/>\n\t<meta property=\"og:image:type\" content=\"image\/webp\" \/>\n<meta name=\"twitter:card\" content=\"summary_large_image\" \/>\n<meta name=\"twitter:site\" content=\"@AtamiEU\" \/>\n<meta name=\"twitter:label1\" content=\"Tempo di lettura stimato\" \/>\n\t<meta name=\"twitter:data1\" content=\"2 minuti\" \/>\n<script type=\"application\/ld+json\" class=\"yoast-schema-graph\">{\"@context\":\"https:\\\/\\\/schema.org\",\"@graph\":[{\"@type\":\"WebPage\",\"@id\":\"https:\\\/\\\/atami.com\\\/it\\\/prodotto\\\/bcuzz-soil-ab\",\"url\":\"https:\\\/\\\/atami.com\\\/it\\\/prodotto\\\/bcuzz-soil-ab\",\"name\":\"B\u2019cuzz Soil A&B \u2013 Nutrizione completa per coltivazioni in terra\",\"isPartOf\":{\"@id\":\"https:\\\/\\\/atami.com\\\/it#website\"},\"primaryImageOfPage\":{\"@id\":\"https:\\\/\\\/atami.com\\\/it\\\/prodotto\\\/bcuzz-soil-ab#primaryimage\"},\"image\":{\"@id\":\"https:\\\/\\\/atami.com\\\/it\\\/prodotto\\\/bcuzz-soil-ab#primaryimage\"},\"thumbnailUrl\":\"https:\\\/\\\/atami.com\\\/wp-content\\\/uploads\\\/2023\\\/02\\\/Bcuzz-Soil-AB-product-image.webp\",\"datePublished\":\"2023-02-10T15:21:44+00:00\",\"dateModified\":\"2025-11-07T15:43:14+00:00\",\"description\":\"Migliora la crescita e la fioritura delle tue piante con B\u2019cuzz Soil A&B. La soluzione ideale per un substrato ricco di nutrienti e raccolti abbondanti\",\"breadcrumb\":{\"@id\":\"https:\\\/\\\/atami.com\\\/it\\\/prodotto\\\/bcuzz-soil-ab#breadcrumb\"},\"inLanguage\":\"it-IT\",\"potentialAction\":[{\"@type\":\"ReadAction\",\"target\":[\"https:\\\/\\\/atami.com\\\/it\\\/prodotto\\\/bcuzz-soil-ab\"]}]},{\"@type\":\"ImageObject\",\"inLanguage\":\"it-IT\",\"@id\":\"https:\\\/\\\/atami.com\\\/it\\\/prodotto\\\/bcuzz-soil-ab#primaryimage\",\"url\":\"https:\\\/\\\/atami.com\\\/wp-content\\\/uploads\\\/2023\\\/02\\\/Bcuzz-Soil-AB-product-image.webp\",\"contentUrl\":\"https:\\\/\\\/atami.com\\\/wp-content\\\/uploads\\\/2023\\\/02\\\/Bcuzz-Soil-AB-product-image.webp\",\"width\":1080,\"height\":1080,\"caption\":\"B\u2019cuzz Soil A&B fornisce minerali essenziali per l\u2019intero ciclo di crescita, garantendo un equilibrio stabile e biologico nei substrati del suolo.\"},{\"@type\":\"BreadcrumbList\",\"@id\":\"https:\\\/\\\/atami.com\\\/it\\\/prodotto\\\/bcuzz-soil-ab#breadcrumb\",\"itemListElement\":[{\"@type\":\"ListItem\",\"position\":1,\"name\":\"Home\",\"item\":\"https:\\\/\\\/atami.com\\\/it\"},{\"@type\":\"ListItem\",\"position\":2,\"name\":\"Prodotti\",\"item\":\"https:\\\/\\\/atami.com\\\/it\\\/shop\"},{\"@type\":\"ListItem\",\"position\":3,\"name\":\"B'cuzz\",\"item\":\"https:\\\/\\\/atami.com\\\/it\\\/categoria-prodotto\\\/marche\\\/bcuzz\"},{\"@type\":\"ListItem\",\"position\":4,\"name\":\"B\u2019cuzz Soil A&#038;B\"}]},{\"@type\":\"WebSite\",\"@id\":\"https:\\\/\\\/atami.com\\\/it#website\",\"url\":\"https:\\\/\\\/atami.com\\\/it\",\"name\":\"Atami\",\"description\":\"NATURALLY INNOVATING!\",\"publisher\":{\"@id\":\"https:\\\/\\\/atami.com\\\/it#organization\"},\"potentialAction\":[{\"@type\":\"SearchAction\",\"target\":{\"@type\":\"EntryPoint\",\"urlTemplate\":\"https:\\\/\\\/atami.com\\\/it?s={search_term_string}\"},\"query-input\":{\"@type\":\"PropertyValueSpecification\",\"valueRequired\":true,\"valueName\":\"search_term_string\"}}],\"inLanguage\":\"it-IT\"},{\"@type\":\"Organization\",\"@id\":\"https:\\\/\\\/atami.com\\\/it#organization\",\"name\":\"Atami\",\"url\":\"https:\\\/\\\/atami.com\\\/it\",\"logo\":{\"@type\":\"ImageObject\",\"inLanguage\":\"it-IT\",\"@id\":\"https:\\\/\\\/atami.com\\\/it#\\\/schema\\\/logo\\\/image\\\/\",\"url\":\"https:\\\/\\\/atami.com\\\/wp-content\\\/uploads\\\/2026\\\/01\\\/Atami-logo-696x696px.webp\",\"contentUrl\":\"https:\\\/\\\/atami.com\\\/wp-content\\\/uploads\\\/2026\\\/01\\\/Atami-logo-696x696px.webp\",\"width\":696,\"height\":696,\"caption\":\"Atami\"},\"image\":{\"@id\":\"https:\\\/\\\/atami.com\\\/it#\\\/schema\\\/logo\\\/image\\\/\"},\"sameAs\":[\"https:\\\/\\\/www.facebook.com\\\/Atami.International\",\"https:\\\/\\\/x.com\\\/AtamiEU\",\"https:\\\/\\\/www.youtube.com\\\/c\\\/AtamiInternational\",\"https:\\\/\\\/www.instagram.com\\\/atami.international\\\/\"],\"description\":\"ATAMI is a premium plant nutrition & substrate brand founded in 1997 with the mission to make exceptional cultivation achievable for everyone. From legacy to license, we offer a wide variety of innovating award-winning products to let cultivators achieve maximum results in taste & yield.\",\"email\":\"info@mginnovations.es\",\"legalName\":\"Atami\",\"numberOfEmployees\":{\"@type\":\"QuantitativeValue\",\"minValue\":\"11\",\"maxValue\":\"50\"}}]}<\/script>\n<!-- \/ Yoast SEO Premium plugin. -->","yoast_head_json":{"title":"B\u2019cuzz Soil A&B \u2013 Nutrizione completa per coltivazioni in terra","description":"Migliora la crescita e la fioritura delle tue piante con B\u2019cuzz Soil A&B. La soluzione ideale per un substrato ricco di nutrienti e raccolti abbondanti","robots":{"index":"index","follow":"follow","max-snippet":"max-snippet:-1","max-image-preview":"max-image-preview:large","max-video-preview":"max-video-preview:-1"},"canonical":"https:\/\/atami.com\/it\/prodotto\/bcuzz-soil-ab","og_locale":"it_IT","og_type":"article","og_title":"B\u2019cuzz Soil A&B","og_description":"Migliora la crescita e la fioritura delle tue piante con B\u2019cuzz Soil A&B. La soluzione ideale per un substrato ricco di nutrienti e raccolti abbondanti","og_url":"https:\/\/atami.com\/it\/prodotto\/bcuzz-soil-ab","og_site_name":"Atami","article_publisher":"https:\/\/www.facebook.com\/Atami.International","article_modified_time":"2025-11-07T15:43:14+00:00","og_image":[{"width":1080,"height":1080,"url":"https:\/\/atami.com\/wp-content\/uploads\/2023\/02\/Bcuzz-Soil-AB-product-image.webp","type":"image\/webp"}],"twitter_card":"summary_large_image","twitter_site":"@AtamiEU","twitter_misc":{"Tempo di lettura stimato":"2 minuti"},"schema":{"@context":"https:\/\/schema.org","@graph":[{"@type":"WebPage","@id":"https:\/\/atami.com\/it\/prodotto\/bcuzz-soil-ab","url":"https:\/\/atami.com\/it\/prodotto\/bcuzz-soil-ab","name":"B\u2019cuzz Soil A&B \u2013 Nutrizione completa per coltivazioni in terra","isPartOf":{"@id":"https:\/\/atami.com\/it#website"},"primaryImageOfPage":{"@id":"https:\/\/atami.com\/it\/prodotto\/bcuzz-soil-ab#primaryimage"},"image":{"@id":"https:\/\/atami.com\/it\/prodotto\/bcuzz-soil-ab#primaryimage"},"thumbnailUrl":"https:\/\/atami.com\/wp-content\/uploads\/2023\/02\/Bcuzz-Soil-AB-product-image.webp","datePublished":"2023-02-10T15:21:44+00:00","dateModified":"2025-11-07T15:43:14+00:00","description":"Migliora la crescita e la fioritura delle tue piante con B\u2019cuzz Soil A&B. La soluzione ideale per un substrato ricco di nutrienti e raccolti abbondanti","breadcrumb":{"@id":"https:\/\/atami.com\/it\/prodotto\/bcuzz-soil-ab#breadcrumb"},"inLanguage":"it-IT","potentialAction":[{"@type":"ReadAction","target":["https:\/\/atami.com\/it\/prodotto\/bcuzz-soil-ab"]}]},{"@type":"ImageObject","inLanguage":"it-IT","@id":"https:\/\/atami.com\/it\/prodotto\/bcuzz-soil-ab#primaryimage","url":"https:\/\/atami.com\/wp-content\/uploads\/2023\/02\/Bcuzz-Soil-AB-product-image.webp","contentUrl":"https:\/\/atami.com\/wp-content\/uploads\/2023\/02\/Bcuzz-Soil-AB-product-image.webp","width":1080,"height":1080,"caption":"B\u2019cuzz Soil A&B fornisce minerali essenziali per l\u2019intero ciclo di crescita, garantendo un equilibrio stabile e biologico nei substrati del suolo."},{"@type":"BreadcrumbList","@id":"https:\/\/atami.com\/it\/prodotto\/bcuzz-soil-ab#breadcrumb","itemListElement":[{"@type":"ListItem","position":1,"name":"Home","item":"https:\/\/atami.com\/it"},{"@type":"ListItem","position":2,"name":"Prodotti","item":"https:\/\/atami.com\/it\/shop"},{"@type":"ListItem","position":3,"name":"B'cuzz","item":"https:\/\/atami.com\/it\/categoria-prodotto\/marche\/bcuzz"},{"@type":"ListItem","position":4,"name":"B\u2019cuzz Soil A&#038;B"}]},{"@type":"WebSite","@id":"https:\/\/atami.com\/it#website","url":"https:\/\/atami.com\/it","name":"Atami","description":"NATURALLY INNOVATING!","publisher":{"@id":"https:\/\/atami.com\/it#organization"},"potentialAction":[{"@type":"SearchAction","target":{"@type":"EntryPoint","urlTemplate":"https:\/\/atami.com\/it?s={search_term_string}"},"query-input":{"@type":"PropertyValueSpecification","valueRequired":true,"valueName":"search_term_string"}}],"inLanguage":"it-IT"},{"@type":"Organization","@id":"https:\/\/atami.com\/it#organization","name":"Atami","url":"https:\/\/atami.com\/it","logo":{"@type":"ImageObject","inLanguage":"it-IT","@id":"https:\/\/atami.com\/it#\/schema\/logo\/image\/","url":"https:\/\/atami.com\/wp-content\/uploads\/2026\/01\/Atami-logo-696x696px.webp","contentUrl":"https:\/\/atami.com\/wp-content\/uploads\/2026\/01\/Atami-logo-696x696px.webp","width":696,"height":696,"caption":"Atami"},"image":{"@id":"https:\/\/atami.com\/it#\/schema\/logo\/image\/"},"sameAs":["https:\/\/www.facebook.com\/Atami.International","https:\/\/x.com\/AtamiEU","https:\/\/www.youtube.com\/c\/AtamiInternational","https:\/\/www.instagram.com\/atami.international\/"],"description":"ATAMI is a premium plant nutrition & substrate brand founded in 1997 with the mission to make exceptional cultivation achievable for everyone. From legacy to license, we offer a wide variety of innovating award-winning products to let cultivators achieve maximum results in taste & yield.","email":"info@mginnovations.es","legalName":"Atami","numberOfEmployees":{"@type":"QuantitativeValue","minValue":"11","maxValue":"50"}}]}},"_links":{"self":[{"href":"https:\/\/atami.com\/it\/wp-json\/wp\/v2\/product\/46188","targetHints":{"allow":["GET"]}}],"collection":[{"href":"https:\/\/atami.com\/it\/wp-json\/wp\/v2\/product"}],"about":[{"href":"https:\/\/atami.com\/it\/wp-json\/wp\/v2\/types\/product"}],"replies":[{"embeddable":true,"href":"https:\/\/atami.com\/it\/wp-json\/wp\/v2\/comments?post=46188"}],"wp:featuredmedia":[{"embeddable":true,"href":"https:\/\/atami.com\/it\/wp-json\/wp\/v2\/media\/201955"}],"wp:attachment":[{"href":"https:\/\/atami.com\/it\/wp-json\/wp\/v2\/media?parent=46188"}],"wp:term":[{"taxonomy":"product_brand","embeddable":true,"href":"https:\/\/atami.com\/it\/wp-json\/wp\/v2\/product_brand?post=46188"},{"taxonomy":"product_cat","embeddable":true,"href":"https:\/\/atami.com\/it\/wp-json\/wp\/v2\/product_cat?post=46188"},{"taxonomy":"product_tag","embeddable":true,"href":"https:\/\/atami.com\/it\/wp-json\/wp\/v2\/product_tag?post=46188"}],"curies":[{"name":"wp","href":"https:\/\/api.w.org\/{rel}","templated":true}]}}