{"id":46185,"date":"2023-02-10T08:23:03","date_gmt":"2023-02-10T08:23:03","guid":{"rendered":"https:\/\/atami.com\/product\/ata-nrg-flower-c\/"},"modified":"2025-11-10T14:40:11","modified_gmt":"2025-11-10T12:40:11","slug":"ata-nrg-flower-c","status":"publish","type":"product","link":"https:\/\/atami.com\/it\/prodotto\/ata-nrg-flower-c","title":{"rendered":"ATA NRG Flower-C"},"content":{"rendered":"<p><strong>Per molte piante, il periodo di fioritura rappresenta la fase pi\u00f9 importante del ciclo. Questo <\/strong><br \/>\n<strong>stimolante organico della fioritura esercita un effetto positivo sulla predisposizione alla fioritura della <\/strong><br \/>\n<strong>pianta, che inizia prima, si intensifica e dura pi\u00f9 a lungo.<\/strong><br \/>\nATA NRG Flower-C pu\u00f2 essere assorbito direttamente dalla pianta e contribuisce a una produzione <br \/>\nfloreale esplosiva. I fiori risultano pi\u00f9 grandi, ma mantengono il proprio aroma e sapore caratteristici.<\/p>\n<p>\n<strong>PARTICOLARMENTE IDONEO PER<\/strong><br \/>\nDiversi tipi di frutta e verdura, ad esempio peperoni, peperoncini e melanzane. Pu\u00f2 essere utilizzato <br \/>\nanche per piante da fiore ornamentali (come l\u2019osteospermum). \u00c8 possibile misurare il dosaggio <br \/>\nnecessario per soddisfare le esigenze delle singole piante o colture.<\/p>\n<p>\n<strong>APPLICAZIONE<\/strong><br \/>\nPu\u00f2 essere utilizzato nel corso dell\u2019intera fase di fioritura come supplemento alla nutrizione regolare <br \/>\ndurante l\u2019irrigazione della pianta.<\/p>\n<p>\n<strong>DOSAGGIO<\/strong><br \/>\nDa 1 a 5 ml per ogni litro di acqua.<\/p>\n<p>\n<strong>DISPONIBILE NEI FORMATI DA 500 ML, 1 LITRO E 5 LITRI <\/strong><\/p>\n","protected":false},"excerpt":{"rendered":"<p>Stimolatore di fioritura<\/p>\n<p>Intensifica il periodo di fioritura<\/p>\n","protected":false},"featured_media":23944,"comment_status":"closed","ping_status":"closed","template":"","meta":{"_acf_changed":false,"iawp_total_views":69},"product_brand":[],"product_cat":[351,346],"product_tag":[],"class_list":{"0":"post-46185","1":"product","2":"type-product","3":"status-publish","4":"has-post-thumbnail","6":"product_cat-ata-nrg","7":"product_cat-stimolanti","9":"first","10":"instock","11":"shipping-taxable","12":"product-type-simple"},"acf":{"short_description":"<p><strong>Per molte piante, il periodo di fioritura rappresenta la fase pi\u00f9 importante del ciclo. Questo stimolante organico della fioritura esercita un effetto positivo sulla predisposizione alla fioritura della pianta, che inizia prima, si intensifica e dura pi\u00f9 a lungo.<\/strong><br \/>ATA NRG Flower-C pu\u00f2 essere assorbito direttamente dalla pianta e contribuisce a una produzione floreale esplosiva. I fiori risultano pi\u00f9 grandi, ma mantengono il proprio aroma e sapore caratteristici.<\/p>","suitable_for":"<p>Diversi tipi di frutta e verdura, ad esempio peperoni, peperoncini e melanzane. Pu\u00f2 essere utilizzato anche per piante da fiore ornamentali (come l\u2019osteospermum). \u00c8 possibile misurare il dosaggio necessario per soddisfare le esigenze delle singole piante o colture.<\/p>","application":"<p>Pu\u00f2 essere utilizzato nel corso dell\u2019intera fase di fioritura come supplemento alla nutrizione regolare durante l\u2019irrigazione della pianta.<\/p>","dosage":"<p>Da 1 a 5 ml per ogni litro di acqua.<\/p>","npk_ratio":"","available_in":"<p>500 ML, 1 LITRO E 5 LITRO<\/p>","icon_1":5973,"icon_1_text":"PERIODO DI FIORITURA PI\u00d9 LUNGO E INTENSO","icon_2":5977,"icon_2_text":"FACILMENTE ASSORBIBILE","icon_3":5981,"icon_3_text":"PU\u00d2 ESSERE UTILIZZATO DURANTE LA FASE DI FIORITURA OLTRE ALLA NUTRIZIONE REGOLARE","icon_4":"","icon_4_text":"","video":"https:\/\/youtu.be\/3FpL0OBsPTk","second_image":5969,"product_image_page":6041,"user_manual":"","new_icon_1":"","new_icon_2":"","new_icon_3":"","new_icon_4":"","grow_guides":"","category":"Stimolatore"},"yoast_head":"<!-- This site is optimized with the Yoast SEO Premium plugin v27.4 (Yoast SEO v27.4) - https:\/\/yoast.com\/product\/yoast-seo-premium-wordpress\/ -->\n<title>Ata NRG Flower C: Nutriente per una fioritura abbondante e sana | Atami<\/title>\n<meta name=\"description\" content=\"Scopri Ata NRG Flower C per una fioritura rigogliosa! Ottimizza la salute delle tue piante con questo nutriente ricco di fosforo e potassio. Garantito per stimolare la crescita e migliorare la qualit\u00e0 dei fiori. Acquista ora!\" \/>\n<meta name=\"robots\" content=\"index, follow, max-snippet:-1, max-image-preview:large, max-video-preview:-1\" \/>\n<link rel=\"canonical\" href=\"https:\/\/atami.com\/it\/prodotto\/ata-nrg-flower-c\" \/>\n<meta property=\"og:locale\" content=\"it_IT\" \/>\n<meta property=\"og:type\" content=\"article\" \/>\n<meta property=\"og:title\" content=\"ATA NRG Flower-C\" \/>\n<meta property=\"og:description\" content=\"Scopri Ata NRG Flower C per una fioritura rigogliosa! Ottimizza la salute delle tue piante con questo nutriente ricco di fosforo e potassio. Garantito per stimolare la crescita e migliorare la qualit\u00e0 dei fiori. Acquista ora!\" \/>\n<meta property=\"og:url\" content=\"https:\/\/atami.com\/it\/prodotto\/ata-nrg-flower-c\" \/>\n<meta property=\"og:site_name\" content=\"Atami\" \/>\n<meta property=\"article:publisher\" content=\"https:\/\/www.facebook.com\/Atami.International\" \/>\n<meta property=\"article:modified_time\" content=\"2025-11-10T12:40:11+00:00\" \/>\n<meta property=\"og:image\" content=\"https:\/\/atami.com\/wp-content\/uploads\/2023\/02\/ATA-NRG-Flower-C-Main-Image.webp\" \/>\n\t<meta property=\"og:image:width\" content=\"1080\" \/>\n\t<meta property=\"og:image:height\" content=\"1080\" \/>\n\t<meta property=\"og:image:type\" content=\"image\/webp\" \/>\n<meta name=\"twitter:card\" content=\"summary_large_image\" \/>\n<meta name=\"twitter:site\" content=\"@AtamiEU\" \/>\n<meta name=\"twitter:label1\" content=\"Tempo di lettura stimato\" \/>\n\t<meta name=\"twitter:data1\" content=\"1 minuto\" \/>\n<script type=\"application\/ld+json\" class=\"yoast-schema-graph\">{\"@context\":\"https:\\\/\\\/schema.org\",\"@graph\":[{\"@type\":\"WebPage\",\"@id\":\"https:\\\/\\\/atami.com\\\/it\\\/prodotto\\\/ata-nrg-flower-c\",\"url\":\"https:\\\/\\\/atami.com\\\/it\\\/prodotto\\\/ata-nrg-flower-c\",\"name\":\"Ata NRG Flower C: Nutriente per una fioritura abbondante e sana | Atami\",\"isPartOf\":{\"@id\":\"https:\\\/\\\/atami.com\\\/it#website\"},\"primaryImageOfPage\":{\"@id\":\"https:\\\/\\\/atami.com\\\/it\\\/prodotto\\\/ata-nrg-flower-c#primaryimage\"},\"image\":{\"@id\":\"https:\\\/\\\/atami.com\\\/it\\\/prodotto\\\/ata-nrg-flower-c#primaryimage\"},\"thumbnailUrl\":\"https:\\\/\\\/atami.com\\\/wp-content\\\/uploads\\\/2023\\\/02\\\/ATA-NRG-Flower-C-Main-Image.webp\",\"datePublished\":\"2023-02-10T08:23:03+00:00\",\"dateModified\":\"2025-11-10T12:40:11+00:00\",\"description\":\"Scopri Ata NRG Flower C per una fioritura rigogliosa! Ottimizza la salute delle tue piante con questo nutriente ricco di fosforo e potassio. Garantito per stimolare la crescita e migliorare la qualit\u00e0 dei fiori. Acquista ora!\",\"breadcrumb\":{\"@id\":\"https:\\\/\\\/atami.com\\\/it\\\/prodotto\\\/ata-nrg-flower-c#breadcrumb\"},\"inLanguage\":\"it-IT\",\"potentialAction\":[{\"@type\":\"ReadAction\",\"target\":[\"https:\\\/\\\/atami.com\\\/it\\\/prodotto\\\/ata-nrg-flower-c\"]}]},{\"@type\":\"ImageObject\",\"inLanguage\":\"it-IT\",\"@id\":\"https:\\\/\\\/atami.com\\\/it\\\/prodotto\\\/ata-nrg-flower-c#primaryimage\",\"url\":\"https:\\\/\\\/atami.com\\\/wp-content\\\/uploads\\\/2023\\\/02\\\/ATA-NRG-Flower-C-Main-Image.webp\",\"contentUrl\":\"https:\\\/\\\/atami.com\\\/wp-content\\\/uploads\\\/2023\\\/02\\\/ATA-NRG-Flower-C-Main-Image.webp\",\"width\":1080,\"height\":1080,\"caption\":\"ATA NRG Flower-C favorisce una fioritura pi\u00f9 precoce, pi\u00f9 intensa e pi\u00f9 duratura in varie piante.\"},{\"@type\":\"BreadcrumbList\",\"@id\":\"https:\\\/\\\/atami.com\\\/it\\\/prodotto\\\/ata-nrg-flower-c#breadcrumb\",\"itemListElement\":[{\"@type\":\"ListItem\",\"position\":1,\"name\":\"Home\",\"item\":\"https:\\\/\\\/atami.com\\\/it\"},{\"@type\":\"ListItem\",\"position\":2,\"name\":\"Prodotti\",\"item\":\"https:\\\/\\\/atami.com\\\/it\\\/shop\"},{\"@type\":\"ListItem\",\"position\":3,\"name\":\"ATA NRG\",\"item\":\"https:\\\/\\\/atami.com\\\/it\\\/categoria-prodotto\\\/marche\\\/ata-nrg\"},{\"@type\":\"ListItem\",\"position\":4,\"name\":\"ATA NRG Flower-C\"}]},{\"@type\":\"WebSite\",\"@id\":\"https:\\\/\\\/atami.com\\\/it#website\",\"url\":\"https:\\\/\\\/atami.com\\\/it\",\"name\":\"Atami\",\"description\":\"NATURALLY INNOVATING!\",\"publisher\":{\"@id\":\"https:\\\/\\\/atami.com\\\/it#organization\"},\"potentialAction\":[{\"@type\":\"SearchAction\",\"target\":{\"@type\":\"EntryPoint\",\"urlTemplate\":\"https:\\\/\\\/atami.com\\\/it?s={search_term_string}\"},\"query-input\":{\"@type\":\"PropertyValueSpecification\",\"valueRequired\":true,\"valueName\":\"search_term_string\"}}],\"inLanguage\":\"it-IT\"},{\"@type\":\"Organization\",\"@id\":\"https:\\\/\\\/atami.com\\\/it#organization\",\"name\":\"Atami\",\"url\":\"https:\\\/\\\/atami.com\\\/it\",\"logo\":{\"@type\":\"ImageObject\",\"inLanguage\":\"it-IT\",\"@id\":\"https:\\\/\\\/atami.com\\\/it#\\\/schema\\\/logo\\\/image\\\/\",\"url\":\"https:\\\/\\\/atami.com\\\/wp-content\\\/uploads\\\/2026\\\/01\\\/Atami-logo-696x696px.webp\",\"contentUrl\":\"https:\\\/\\\/atami.com\\\/wp-content\\\/uploads\\\/2026\\\/01\\\/Atami-logo-696x696px.webp\",\"width\":696,\"height\":696,\"caption\":\"Atami\"},\"image\":{\"@id\":\"https:\\\/\\\/atami.com\\\/it#\\\/schema\\\/logo\\\/image\\\/\"},\"sameAs\":[\"https:\\\/\\\/www.facebook.com\\\/Atami.International\",\"https:\\\/\\\/x.com\\\/AtamiEU\",\"https:\\\/\\\/www.youtube.com\\\/c\\\/AtamiInternational\",\"https:\\\/\\\/www.instagram.com\\\/atami.international\\\/\"],\"description\":\"ATAMI is a premium plant nutrition & substrate brand founded in 1997 with the mission to make exceptional cultivation achievable for everyone. From legacy to license, we offer a wide variety of innovating award-winning products to let cultivators achieve maximum results in taste & yield.\",\"email\":\"info@mginnovations.es\",\"legalName\":\"Atami\",\"numberOfEmployees\":{\"@type\":\"QuantitativeValue\",\"minValue\":\"11\",\"maxValue\":\"50\"}}]}<\/script>\n<!-- \/ Yoast SEO Premium plugin. -->","yoast_head_json":{"title":"Ata NRG Flower C: Nutriente per una fioritura abbondante e sana | Atami","description":"Scopri Ata NRG Flower C per una fioritura rigogliosa! Ottimizza la salute delle tue piante con questo nutriente ricco di fosforo e potassio. Garantito per stimolare la crescita e migliorare la qualit\u00e0 dei fiori. Acquista ora!","robots":{"index":"index","follow":"follow","max-snippet":"max-snippet:-1","max-image-preview":"max-image-preview:large","max-video-preview":"max-video-preview:-1"},"canonical":"https:\/\/atami.com\/it\/prodotto\/ata-nrg-flower-c","og_locale":"it_IT","og_type":"article","og_title":"ATA NRG Flower-C","og_description":"Scopri Ata NRG Flower C per una fioritura rigogliosa! Ottimizza la salute delle tue piante con questo nutriente ricco di fosforo e potassio. Garantito per stimolare la crescita e migliorare la qualit\u00e0 dei fiori. Acquista ora!","og_url":"https:\/\/atami.com\/it\/prodotto\/ata-nrg-flower-c","og_site_name":"Atami","article_publisher":"https:\/\/www.facebook.com\/Atami.International","article_modified_time":"2025-11-10T12:40:11+00:00","og_image":[{"width":1080,"height":1080,"url":"https:\/\/atami.com\/wp-content\/uploads\/2023\/02\/ATA-NRG-Flower-C-Main-Image.webp","type":"image\/webp"}],"twitter_card":"summary_large_image","twitter_site":"@AtamiEU","twitter_misc":{"Tempo di lettura stimato":"1 minuto"},"schema":{"@context":"https:\/\/schema.org","@graph":[{"@type":"WebPage","@id":"https:\/\/atami.com\/it\/prodotto\/ata-nrg-flower-c","url":"https:\/\/atami.com\/it\/prodotto\/ata-nrg-flower-c","name":"Ata NRG Flower C: Nutriente per una fioritura abbondante e sana | Atami","isPartOf":{"@id":"https:\/\/atami.com\/it#website"},"primaryImageOfPage":{"@id":"https:\/\/atami.com\/it\/prodotto\/ata-nrg-flower-c#primaryimage"},"image":{"@id":"https:\/\/atami.com\/it\/prodotto\/ata-nrg-flower-c#primaryimage"},"thumbnailUrl":"https:\/\/atami.com\/wp-content\/uploads\/2023\/02\/ATA-NRG-Flower-C-Main-Image.webp","datePublished":"2023-02-10T08:23:03+00:00","dateModified":"2025-11-10T12:40:11+00:00","description":"Scopri Ata NRG Flower C per una fioritura rigogliosa! Ottimizza la salute delle tue piante con questo nutriente ricco di fosforo e potassio. Garantito per stimolare la crescita e migliorare la qualit\u00e0 dei fiori. Acquista ora!","breadcrumb":{"@id":"https:\/\/atami.com\/it\/prodotto\/ata-nrg-flower-c#breadcrumb"},"inLanguage":"it-IT","potentialAction":[{"@type":"ReadAction","target":["https:\/\/atami.com\/it\/prodotto\/ata-nrg-flower-c"]}]},{"@type":"ImageObject","inLanguage":"it-IT","@id":"https:\/\/atami.com\/it\/prodotto\/ata-nrg-flower-c#primaryimage","url":"https:\/\/atami.com\/wp-content\/uploads\/2023\/02\/ATA-NRG-Flower-C-Main-Image.webp","contentUrl":"https:\/\/atami.com\/wp-content\/uploads\/2023\/02\/ATA-NRG-Flower-C-Main-Image.webp","width":1080,"height":1080,"caption":"ATA NRG Flower-C favorisce una fioritura pi\u00f9 precoce, pi\u00f9 intensa e pi\u00f9 duratura in varie piante."},{"@type":"BreadcrumbList","@id":"https:\/\/atami.com\/it\/prodotto\/ata-nrg-flower-c#breadcrumb","itemListElement":[{"@type":"ListItem","position":1,"name":"Home","item":"https:\/\/atami.com\/it"},{"@type":"ListItem","position":2,"name":"Prodotti","item":"https:\/\/atami.com\/it\/shop"},{"@type":"ListItem","position":3,"name":"ATA NRG","item":"https:\/\/atami.com\/it\/categoria-prodotto\/marche\/ata-nrg"},{"@type":"ListItem","position":4,"name":"ATA NRG Flower-C"}]},{"@type":"WebSite","@id":"https:\/\/atami.com\/it#website","url":"https:\/\/atami.com\/it","name":"Atami","description":"NATURALLY INNOVATING!","publisher":{"@id":"https:\/\/atami.com\/it#organization"},"potentialAction":[{"@type":"SearchAction","target":{"@type":"EntryPoint","urlTemplate":"https:\/\/atami.com\/it?s={search_term_string}"},"query-input":{"@type":"PropertyValueSpecification","valueRequired":true,"valueName":"search_term_string"}}],"inLanguage":"it-IT"},{"@type":"Organization","@id":"https:\/\/atami.com\/it#organization","name":"Atami","url":"https:\/\/atami.com\/it","logo":{"@type":"ImageObject","inLanguage":"it-IT","@id":"https:\/\/atami.com\/it#\/schema\/logo\/image\/","url":"https:\/\/atami.com\/wp-content\/uploads\/2026\/01\/Atami-logo-696x696px.webp","contentUrl":"https:\/\/atami.com\/wp-content\/uploads\/2026\/01\/Atami-logo-696x696px.webp","width":696,"height":696,"caption":"Atami"},"image":{"@id":"https:\/\/atami.com\/it#\/schema\/logo\/image\/"},"sameAs":["https:\/\/www.facebook.com\/Atami.International","https:\/\/x.com\/AtamiEU","https:\/\/www.youtube.com\/c\/AtamiInternational","https:\/\/www.instagram.com\/atami.international\/"],"description":"ATAMI is a premium plant nutrition & substrate brand founded in 1997 with the mission to make exceptional cultivation achievable for everyone. From legacy to license, we offer a wide variety of innovating award-winning products to let cultivators achieve maximum results in taste & yield.","email":"info@mginnovations.es","legalName":"Atami","numberOfEmployees":{"@type":"QuantitativeValue","minValue":"11","maxValue":"50"}}]}},"_links":{"self":[{"href":"https:\/\/atami.com\/it\/wp-json\/wp\/v2\/product\/46185","targetHints":{"allow":["GET"]}}],"collection":[{"href":"https:\/\/atami.com\/it\/wp-json\/wp\/v2\/product"}],"about":[{"href":"https:\/\/atami.com\/it\/wp-json\/wp\/v2\/types\/product"}],"replies":[{"embeddable":true,"href":"https:\/\/atami.com\/it\/wp-json\/wp\/v2\/comments?post=46185"}],"wp:featuredmedia":[{"embeddable":true,"href":"https:\/\/atami.com\/it\/wp-json\/wp\/v2\/media\/23944"}],"wp:attachment":[{"href":"https:\/\/atami.com\/it\/wp-json\/wp\/v2\/media?parent=46185"}],"wp:term":[{"taxonomy":"product_brand","embeddable":true,"href":"https:\/\/atami.com\/it\/wp-json\/wp\/v2\/product_brand?post=46185"},{"taxonomy":"product_cat","embeddable":true,"href":"https:\/\/atami.com\/it\/wp-json\/wp\/v2\/product_cat?post=46185"},{"taxonomy":"product_tag","embeddable":true,"href":"https:\/\/atami.com\/it\/wp-json\/wp\/v2\/product_tag?post=46185"}],"curies":[{"name":"wp","href":"https:\/\/api.w.org\/{rel}","templated":true}]}}