{"id":46183,"date":"2023-02-10T07:45:16","date_gmt":"2023-02-10T07:45:16","guid":{"rendered":"https:\/\/atami.com\/product\/ata-nrg-upgrade\/"},"modified":"2025-11-24T12:37:37","modified_gmt":"2025-11-24T10:37:37","slug":"ata-nrg-upgrade","status":"publish","type":"product","link":"https:\/\/atami.com\/it\/prodotto\/ata-nrg-upgrade","title":{"rendered":"ATA NRG Upgrade"},"content":{"rendered":"<p><strong>ATA NRG Upgrade \u00e8 un fertilizzante per i coltivatori biologici prodotto da fosforite e ingredienti di <\/strong><br \/>\n<strong>origine vegetale. ATA NRG Upgrade \u00e8 ricco di azoto organico per sostenere la crescita della pianta.<\/strong><br \/>\nI nutrienti organici di ATA NRG Upgrade non risultano immediatamente disponibili e il loro rilascio <br \/>\ndipende dai microorganismi del suolo. Questo processo garantisce la disponibilit\u00e0 a lungo termine dei <br \/>\nnutrienti ogniqualvolta la pianta ne necessiti.<\/p>\n<p>\n<strong>PARTICOLARMENTE IDONEO PER<\/strong><br \/>\nDiversi tipi di verdura, frutta ed erbe, ad esempio mele e lamponi. Pu\u00f2 essere utilizzato anche per <br \/>\npiante da interno e da vaso (come l\u2019alocasia). \u00c8 possibile misurare il dosaggio necessario per <br \/>\nsoddisfare le esigenze delle singole piante o colture.<\/p>\n<p>\n<strong>DOSAGGIO\/APPLICAZIONE<\/strong><br \/>\nMiscelare da 3 a 6 grammi di Upgrade per ogni litro di substrato per la fertilizzazione di base.<br \/>\nUtilizzare 1-2 grammi per ogni litro di substrato in caso di miscela con terreno di propagazione. Per <br \/>\nun\u2019ulteriore dose di fertilizzante: spargere da 2 a 4 grammi al litro sopra al substrato.<\/p>\n<p>\n<strong>NPK 6-3-4 W\/W<\/strong><\/p>\n<p>\n<strong>DISPONIBILE NEI FORMATI DA 600 g, 3 kg e 6 kg. <\/strong><\/p>\n","protected":false},"excerpt":{"rendered":"<p>Fertilizzante solido<\/p>\n<p>Migliora il substrato<\/p>\n","protected":false},"featured_media":23914,"comment_status":"closed","ping_status":"closed","template":"","meta":{"_acf_changed":false,"iawp_total_views":55},"product_brand":[],"product_cat":[351,349],"product_tag":[],"class_list":{"0":"post-46183","1":"product","2":"type-product","3":"status-publish","4":"has-post-thumbnail","6":"product_cat-ata-nrg","7":"product_cat-nutrienti-di-base","9":"first","10":"instock","11":"shipping-taxable","12":"product-type-simple"},"acf":{"short_description":"<p><strong>ATA NRG Upgrade \u00e8 un fertilizzante per i coltivatori biologici prodotto da fosforite e ingredienti di origine vegetale. ATA NRG Upgrade \u00e8 ricco di azoto organico per sostenere la crescita della pianta.<\/strong><br \/>I nutrienti organici di ATA NRG Upgrade non risultano immediatamente disponibili e il loro rilascio dipende dai microorganismi del suolo. Questo processo garantisce la disponibilit\u00e0 a lungo termine dei nutrienti ogniqualvolta la pianta ne necessiti.<\/p>","suitable_for":"<p>Diversi tipi di verdura, frutta ed erbe, ad esempio mele e lamponi. Pu\u00f2 essere utilizzato anche per piante da interno e da vaso (come l\u2019alocasia). \u00c8 possibile misurare il dosaggio necessario per soddisfare le esigenze delle singole piante o colture.<\/p>","application":"<p>Miscelare da 3 a 6 grammi di Upgrade per ogni litro di substrato per la fertilizzazione di base.Utilizzare 1-2 grammi per ogni litro di substrato in caso di miscela con terreno di propagazione. Per un\u2019ulteriore dose di fertilizzante: spargere da 2 a 4 grammi al litro sopra al substrato.<\/p>","dosage":"<p>Miscelare da 3 a 6 grammi di Upgrade per ogni litro di substrato per la fertilizzazione di base.Utilizzare 1-2 grammi per ogni litro di substrato in caso di miscela con terreno di propagazione. Per un\u2019ulteriore dose di fertilizzante: spargere da 2 a 4 grammi al litro sopra al substrato.<\/p>","npk_ratio":"<p>NPK 6-3-4 W\/W<\/p>","available_in":"<p>600 g, 3 kg e 6 kg.<\/p>","icon_1":5941,"icon_1_text":"POMALU DOSTUPN\u00c1 V\u00dd\u017dIVA","icon_2":5945,"icon_2_text":"BACILLUS BACTERIA COLONIZE THE ROOTS","icon_3":5949,"icon_3_text":"Hnojivo pro ekologick\u00e9 p\u011bstitele, kte\u0159\u00ed cht\u011bj\u00ed vylep\u0161it sv\u016fj substr\u00e1t!","icon_4":"","icon_4_text":"","video":"","second_image":"","product_image_page":"","user_manual":"","new_icon_1":"","new_icon_2":"","new_icon_3":"","new_icon_4":"","grow_guides":"","category":"Nutriente di base"},"yoast_head":"<!-- This site is optimized with the Yoast SEO Premium plugin v27.5 (Yoast SEO v27.5) - https:\/\/yoast.com\/product\/yoast-seo-premium-wordpress\/ -->\n<title>ATA NRG Upgrade: Potenzia la Crescita delle Tue Piante in Modo Naturale<\/title>\n<meta name=\"description\" content=\"ATA NRG Upgrade \u00e8 la soluzione perfetta per stimolare una crescita vigorosa e sana delle tue piante. Ottimizza lo sviluppo con questo fertilizzante ricco di nutrienti essenziali, pensato per garantire una resa ottimale.\" \/>\n<meta name=\"robots\" content=\"index, follow, max-snippet:-1, max-image-preview:large, max-video-preview:-1\" \/>\n<link rel=\"canonical\" href=\"https:\/\/atami.com\/it\/prodotto\/ata-nrg-upgrade\" \/>\n<meta property=\"og:locale\" content=\"it_IT\" \/>\n<meta property=\"og:type\" content=\"article\" \/>\n<meta property=\"og:title\" content=\"ATA NRG Upgrade\" \/>\n<meta property=\"og:description\" content=\"ATA NRG Upgrade \u00e8 la soluzione perfetta per stimolare una crescita vigorosa e sana delle tue piante. Ottimizza lo sviluppo con questo fertilizzante ricco di nutrienti essenziali, pensato per garantire una resa ottimale.\" \/>\n<meta property=\"og:url\" content=\"https:\/\/atami.com\/it\/prodotto\/ata-nrg-upgrade\" \/>\n<meta property=\"og:site_name\" content=\"Atami\" \/>\n<meta property=\"article:publisher\" content=\"https:\/\/www.facebook.com\/Atami.International\" \/>\n<meta property=\"article:modified_time\" content=\"2025-11-24T10:37:37+00:00\" \/>\n<meta property=\"og:image\" content=\"https:\/\/atami.com\/wp-content\/uploads\/2023\/02\/ATA-NRG-Upgrade-Main-Image.webp\" \/>\n\t<meta property=\"og:image:width\" content=\"1080\" \/>\n\t<meta property=\"og:image:height\" content=\"1080\" \/>\n\t<meta property=\"og:image:type\" content=\"image\/webp\" \/>\n<meta name=\"twitter:card\" content=\"summary_large_image\" \/>\n<meta name=\"twitter:site\" content=\"@AtamiEU\" \/>\n<meta name=\"twitter:label1\" content=\"Tempo di lettura stimato\" \/>\n\t<meta name=\"twitter:data1\" content=\"1 minuto\" \/>\n<script type=\"application\/ld+json\" class=\"yoast-schema-graph\">{\"@context\":\"https:\\\/\\\/schema.org\",\"@graph\":[{\"@type\":\"WebPage\",\"@id\":\"https:\\\/\\\/atami.com\\\/it\\\/prodotto\\\/ata-nrg-upgrade\",\"url\":\"https:\\\/\\\/atami.com\\\/it\\\/prodotto\\\/ata-nrg-upgrade\",\"name\":\"ATA NRG Upgrade: Potenzia la Crescita delle Tue Piante in Modo Naturale\",\"isPartOf\":{\"@id\":\"https:\\\/\\\/atami.com\\\/it#website\"},\"primaryImageOfPage\":{\"@id\":\"https:\\\/\\\/atami.com\\\/it\\\/prodotto\\\/ata-nrg-upgrade#primaryimage\"},\"image\":{\"@id\":\"https:\\\/\\\/atami.com\\\/it\\\/prodotto\\\/ata-nrg-upgrade#primaryimage\"},\"thumbnailUrl\":\"https:\\\/\\\/atami.com\\\/wp-content\\\/uploads\\\/2023\\\/02\\\/ATA-NRG-Upgrade-Main-Image.webp\",\"datePublished\":\"2023-02-10T07:45:16+00:00\",\"dateModified\":\"2025-11-24T10:37:37+00:00\",\"description\":\"ATA NRG Upgrade \u00e8 la soluzione perfetta per stimolare una crescita vigorosa e sana delle tue piante. Ottimizza lo sviluppo con questo fertilizzante ricco di nutrienti essenziali, pensato per garantire una resa ottimale.\",\"breadcrumb\":{\"@id\":\"https:\\\/\\\/atami.com\\\/it\\\/prodotto\\\/ata-nrg-upgrade#breadcrumb\"},\"inLanguage\":\"it-IT\",\"potentialAction\":[{\"@type\":\"ReadAction\",\"target\":[\"https:\\\/\\\/atami.com\\\/it\\\/prodotto\\\/ata-nrg-upgrade\"]}]},{\"@type\":\"ImageObject\",\"inLanguage\":\"it-IT\",\"@id\":\"https:\\\/\\\/atami.com\\\/it\\\/prodotto\\\/ata-nrg-upgrade#primaryimage\",\"url\":\"https:\\\/\\\/atami.com\\\/wp-content\\\/uploads\\\/2023\\\/02\\\/ATA-NRG-Upgrade-Main-Image.webp\",\"contentUrl\":\"https:\\\/\\\/atami.com\\\/wp-content\\\/uploads\\\/2023\\\/02\\\/ATA-NRG-Upgrade-Main-Image.webp\",\"width\":1080,\"height\":1080,\"caption\":\"ATA NRG Upgrade arricchisce il tuo substrato con nutrienti essenziali, promuovendo uno sviluppo robusto delle piante.\"},{\"@type\":\"BreadcrumbList\",\"@id\":\"https:\\\/\\\/atami.com\\\/it\\\/prodotto\\\/ata-nrg-upgrade#breadcrumb\",\"itemListElement\":[{\"@type\":\"ListItem\",\"position\":1,\"name\":\"Home\",\"item\":\"https:\\\/\\\/atami.com\\\/it\"},{\"@type\":\"ListItem\",\"position\":2,\"name\":\"Prodotti\",\"item\":\"https:\\\/\\\/atami.com\\\/it\\\/shop\"},{\"@type\":\"ListItem\",\"position\":3,\"name\":\"ATA NRG\",\"item\":\"https:\\\/\\\/atami.com\\\/it\\\/categoria-prodotto\\\/marche\\\/ata-nrg\"},{\"@type\":\"ListItem\",\"position\":4,\"name\":\"ATA NRG Upgrade\"}]},{\"@type\":\"WebSite\",\"@id\":\"https:\\\/\\\/atami.com\\\/it#website\",\"url\":\"https:\\\/\\\/atami.com\\\/it\",\"name\":\"Atami\",\"description\":\"NATURALLY INNOVATING!\",\"publisher\":{\"@id\":\"https:\\\/\\\/atami.com\\\/it#organization\"},\"potentialAction\":[{\"@type\":\"SearchAction\",\"target\":{\"@type\":\"EntryPoint\",\"urlTemplate\":\"https:\\\/\\\/atami.com\\\/it?s={search_term_string}\"},\"query-input\":{\"@type\":\"PropertyValueSpecification\",\"valueRequired\":true,\"valueName\":\"search_term_string\"}}],\"inLanguage\":\"it-IT\"},{\"@type\":\"Organization\",\"@id\":\"https:\\\/\\\/atami.com\\\/it#organization\",\"name\":\"Atami\",\"url\":\"https:\\\/\\\/atami.com\\\/it\",\"logo\":{\"@type\":\"ImageObject\",\"inLanguage\":\"it-IT\",\"@id\":\"https:\\\/\\\/atami.com\\\/it#\\\/schema\\\/logo\\\/image\\\/\",\"url\":\"https:\\\/\\\/atami.com\\\/wp-content\\\/uploads\\\/2026\\\/01\\\/Atami-logo-696x696px.webp\",\"contentUrl\":\"https:\\\/\\\/atami.com\\\/wp-content\\\/uploads\\\/2026\\\/01\\\/Atami-logo-696x696px.webp\",\"width\":696,\"height\":696,\"caption\":\"Atami\"},\"image\":{\"@id\":\"https:\\\/\\\/atami.com\\\/it#\\\/schema\\\/logo\\\/image\\\/\"},\"sameAs\":[\"https:\\\/\\\/www.facebook.com\\\/Atami.International\",\"https:\\\/\\\/x.com\\\/AtamiEU\",\"https:\\\/\\\/www.youtube.com\\\/c\\\/AtamiInternational\",\"https:\\\/\\\/www.instagram.com\\\/atami.international\\\/\"],\"description\":\"ATAMI is a premium plant nutrition & substrate brand founded in 1997 with the mission to make exceptional cultivation achievable for everyone. From legacy to license, we offer a wide variety of innovating award-winning products to let cultivators achieve maximum results in taste & yield.\",\"email\":\"info@mginnovations.es\",\"legalName\":\"Atami\",\"numberOfEmployees\":{\"@type\":\"QuantitativeValue\",\"minValue\":\"11\",\"maxValue\":\"50\"}}]}<\/script>\n<!-- \/ Yoast SEO Premium plugin. -->","yoast_head_json":{"title":"ATA NRG Upgrade: Potenzia la Crescita delle Tue Piante in Modo Naturale","description":"ATA NRG Upgrade \u00e8 la soluzione perfetta per stimolare una crescita vigorosa e sana delle tue piante. Ottimizza lo sviluppo con questo fertilizzante ricco di nutrienti essenziali, pensato per garantire una resa ottimale.","robots":{"index":"index","follow":"follow","max-snippet":"max-snippet:-1","max-image-preview":"max-image-preview:large","max-video-preview":"max-video-preview:-1"},"canonical":"https:\/\/atami.com\/it\/prodotto\/ata-nrg-upgrade","og_locale":"it_IT","og_type":"article","og_title":"ATA NRG Upgrade","og_description":"ATA NRG Upgrade \u00e8 la soluzione perfetta per stimolare una crescita vigorosa e sana delle tue piante. Ottimizza lo sviluppo con questo fertilizzante ricco di nutrienti essenziali, pensato per garantire una resa ottimale.","og_url":"https:\/\/atami.com\/it\/prodotto\/ata-nrg-upgrade","og_site_name":"Atami","article_publisher":"https:\/\/www.facebook.com\/Atami.International","article_modified_time":"2025-11-24T10:37:37+00:00","og_image":[{"width":1080,"height":1080,"url":"https:\/\/atami.com\/wp-content\/uploads\/2023\/02\/ATA-NRG-Upgrade-Main-Image.webp","type":"image\/webp"}],"twitter_card":"summary_large_image","twitter_site":"@AtamiEU","twitter_misc":{"Tempo di lettura stimato":"1 minuto"},"schema":{"@context":"https:\/\/schema.org","@graph":[{"@type":"WebPage","@id":"https:\/\/atami.com\/it\/prodotto\/ata-nrg-upgrade","url":"https:\/\/atami.com\/it\/prodotto\/ata-nrg-upgrade","name":"ATA NRG Upgrade: Potenzia la Crescita delle Tue Piante in Modo Naturale","isPartOf":{"@id":"https:\/\/atami.com\/it#website"},"primaryImageOfPage":{"@id":"https:\/\/atami.com\/it\/prodotto\/ata-nrg-upgrade#primaryimage"},"image":{"@id":"https:\/\/atami.com\/it\/prodotto\/ata-nrg-upgrade#primaryimage"},"thumbnailUrl":"https:\/\/atami.com\/wp-content\/uploads\/2023\/02\/ATA-NRG-Upgrade-Main-Image.webp","datePublished":"2023-02-10T07:45:16+00:00","dateModified":"2025-11-24T10:37:37+00:00","description":"ATA NRG Upgrade \u00e8 la soluzione perfetta per stimolare una crescita vigorosa e sana delle tue piante. Ottimizza lo sviluppo con questo fertilizzante ricco di nutrienti essenziali, pensato per garantire una resa ottimale.","breadcrumb":{"@id":"https:\/\/atami.com\/it\/prodotto\/ata-nrg-upgrade#breadcrumb"},"inLanguage":"it-IT","potentialAction":[{"@type":"ReadAction","target":["https:\/\/atami.com\/it\/prodotto\/ata-nrg-upgrade"]}]},{"@type":"ImageObject","inLanguage":"it-IT","@id":"https:\/\/atami.com\/it\/prodotto\/ata-nrg-upgrade#primaryimage","url":"https:\/\/atami.com\/wp-content\/uploads\/2023\/02\/ATA-NRG-Upgrade-Main-Image.webp","contentUrl":"https:\/\/atami.com\/wp-content\/uploads\/2023\/02\/ATA-NRG-Upgrade-Main-Image.webp","width":1080,"height":1080,"caption":"ATA NRG Upgrade arricchisce il tuo substrato con nutrienti essenziali, promuovendo uno sviluppo robusto delle piante."},{"@type":"BreadcrumbList","@id":"https:\/\/atami.com\/it\/prodotto\/ata-nrg-upgrade#breadcrumb","itemListElement":[{"@type":"ListItem","position":1,"name":"Home","item":"https:\/\/atami.com\/it"},{"@type":"ListItem","position":2,"name":"Prodotti","item":"https:\/\/atami.com\/it\/shop"},{"@type":"ListItem","position":3,"name":"ATA NRG","item":"https:\/\/atami.com\/it\/categoria-prodotto\/marche\/ata-nrg"},{"@type":"ListItem","position":4,"name":"ATA NRG Upgrade"}]},{"@type":"WebSite","@id":"https:\/\/atami.com\/it#website","url":"https:\/\/atami.com\/it","name":"Atami","description":"NATURALLY INNOVATING!","publisher":{"@id":"https:\/\/atami.com\/it#organization"},"potentialAction":[{"@type":"SearchAction","target":{"@type":"EntryPoint","urlTemplate":"https:\/\/atami.com\/it?s={search_term_string}"},"query-input":{"@type":"PropertyValueSpecification","valueRequired":true,"valueName":"search_term_string"}}],"inLanguage":"it-IT"},{"@type":"Organization","@id":"https:\/\/atami.com\/it#organization","name":"Atami","url":"https:\/\/atami.com\/it","logo":{"@type":"ImageObject","inLanguage":"it-IT","@id":"https:\/\/atami.com\/it#\/schema\/logo\/image\/","url":"https:\/\/atami.com\/wp-content\/uploads\/2026\/01\/Atami-logo-696x696px.webp","contentUrl":"https:\/\/atami.com\/wp-content\/uploads\/2026\/01\/Atami-logo-696x696px.webp","width":696,"height":696,"caption":"Atami"},"image":{"@id":"https:\/\/atami.com\/it#\/schema\/logo\/image\/"},"sameAs":["https:\/\/www.facebook.com\/Atami.International","https:\/\/x.com\/AtamiEU","https:\/\/www.youtube.com\/c\/AtamiInternational","https:\/\/www.instagram.com\/atami.international\/"],"description":"ATAMI is a premium plant nutrition & substrate brand founded in 1997 with the mission to make exceptional cultivation achievable for everyone. From legacy to license, we offer a wide variety of innovating award-winning products to let cultivators achieve maximum results in taste & yield.","email":"info@mginnovations.es","legalName":"Atami","numberOfEmployees":{"@type":"QuantitativeValue","minValue":"11","maxValue":"50"}}]}},"_links":{"self":[{"href":"https:\/\/atami.com\/it\/wp-json\/wp\/v2\/product\/46183","targetHints":{"allow":["GET"]}}],"collection":[{"href":"https:\/\/atami.com\/it\/wp-json\/wp\/v2\/product"}],"about":[{"href":"https:\/\/atami.com\/it\/wp-json\/wp\/v2\/types\/product"}],"replies":[{"embeddable":true,"href":"https:\/\/atami.com\/it\/wp-json\/wp\/v2\/comments?post=46183"}],"wp:featuredmedia":[{"embeddable":true,"href":"https:\/\/atami.com\/it\/wp-json\/wp\/v2\/media\/23914"}],"wp:attachment":[{"href":"https:\/\/atami.com\/it\/wp-json\/wp\/v2\/media?parent=46183"}],"wp:term":[{"taxonomy":"product_brand","embeddable":true,"href":"https:\/\/atami.com\/it\/wp-json\/wp\/v2\/product_brand?post=46183"},{"taxonomy":"product_cat","embeddable":true,"href":"https:\/\/atami.com\/it\/wp-json\/wp\/v2\/product_cat?post=46183"},{"taxonomy":"product_tag","embeddable":true,"href":"https:\/\/atami.com\/it\/wp-json\/wp\/v2\/product_tag?post=46183"}],"curies":[{"name":"wp","href":"https:\/\/api.w.org\/{rel}","templated":true}]}}