{"id":46179,"date":"2023-02-09T10:59:07","date_gmt":"2023-02-09T10:59:07","guid":{"rendered":"https:\/\/atami.com\/product\/ata-clean\/"},"modified":"2025-11-10T15:23:36","modified_gmt":"2025-11-10T13:23:36","slug":"ata-clean","status":"publish","type":"product","link":"https:\/\/atami.com\/it\/prodotto\/ata-clean","title":{"rendered":"ATA Clean"},"content":{"rendered":"<p><strong>ATA Clean \u00e8 un prodotto detergente che garantisce la completa funzionalit\u00e0 dell\u2019impianto di <\/strong><br \/>\n<strong>irrigazione. Previene e rimuove i residui, rendendoli nuovamente idrosolubili affinch\u00e9 vengano <\/strong><br \/>\n<strong>smaltiti con l\u2019irrigazione.<\/strong><br \/>\nBench\u00e9 ATA Clean presenti un valore PK relativamente elevato sul flacone, non \u00e8 considerato un <br \/>\nfertilizzante. Poich\u00e9 il dosaggio \u00e8 particolarmente ridotto, i nutrienti contenuti nel prodotto <br \/>\nesercitano un effetto minimo sulla pianta. Di solito, gli altri prodotti nutrienti contengono ioni e <br \/>\nnutrienti metallici idrosolubili, quali ferro, manganese, calcio e magnesio. Con il tempo, questi <br \/>\nformano sedimenti nell\u2019impianto di irrigazione. Le sostanze di ATA Clean si legano ai nutrienti metallici <br \/>\ne scompongono i cristalli e le scaglie affinch\u00e9 vengano smaltiti facilmente. ATA Clean \u00e8 innocuo per le <br \/>\npiante e l\u2019ambiente.<\/p>\n<p>\n<strong>PARTICOLARMENTE IDONEO PER<\/strong><br \/>\nATA Clean \u00e8 un nutriente universale, adatto a diversi tipi di frutta, verdura, erbe e piante ornamentali, <br \/>\nquali rosmarino, dragoncello, anturio, celosia, ecc.<br \/>\n\u00c8 possibile misurare il dosaggio necessario per soddisfare le esigenze delle singole piante o colture.<\/p>\n<p>\n<strong>APPLICAZIONE<\/strong><br \/>\nSpecifico per l\u2019uso in acqua di rubinetto. Aggiungere preventivamente a qualsiasi nutrizione. <br \/>\nPreparare la nutrizione di base e correggere il pH (5,5-6,5) se necessario. Lasciar riposare la nutrizione <br \/>\ndi base, quindi aggiungere ATA Clean. Il prodotto pu\u00f2 essere utilizzato a scopi preventivi e curativi.<\/p>\n<p>\n<strong>DOSAGGIO<\/strong><br \/>\n0,1 ml per ogni litro di acqua.<\/p>\n<p>\n<strong>P-K 18-6 W\/W<\/strong><\/p>\n<p>\n<strong>DISPONIBILE NEI FORMATI DA 250 ML, 1 LITRO, 5 LITRI E 10 LITRI<\/strong><\/p>\n","protected":false},"excerpt":{"rendered":"<p>Manutenzione facile del sistema di irrigazione<\/p>\n","protected":false},"featured_media":23869,"comment_status":"closed","ping_status":"closed","template":"","meta":{"_acf_changed":false,"iawp_total_views":89},"product_brand":[],"product_cat":[350,348],"product_tag":[],"class_list":{"0":"post-46179","1":"product","2":"type-product","3":"status-publish","4":"has-post-thumbnail","6":"product_cat-additivi","7":"product_cat-ata","9":"first","10":"instock","11":"shipping-taxable","12":"product-type-simple"},"acf":{"short_description":"<p><strong>ATA Clean \u00e8 un prodotto detergente che garantisce la completa funzionalit\u00e0 dell\u2019impianto di <\/strong><br \/><strong>irrigazione. Previene e rimuove i residui, rendendoli nuovamente idrosolubili affinch\u00e9 vengano <\/strong><br \/><strong>smaltiti con l\u2019irrigazione.<\/strong><br \/>Bench\u00e9 ATA Clean presenti un valore PK relativamente elevato sul flacone, non \u00e8 considerato un fertilizzante. Poich\u00e9 il dosaggio \u00e8 particolarmente ridotto, i nutrienti contenuti nel prodotto esercitano un effetto minimo sulla pianta. Di solito, gli altri prodotti nutrienti contengono ioni e nutrienti metallici idrosolubili, quali ferro, manganese, calcio e magnesio. Con il tempo, questi formano sedimenti nell\u2019impianto di irrigazione. Le sostanze di ATA Clean si legano ai nutrienti metallici e scompongono i cristalli e le scaglie affinch\u00e9 vengano smaltiti facilmente. ATA Clean \u00e8 innocuo per le piante e l\u2019ambiente.<\/p>","suitable_for":"<p>ATA Clean \u00e8 un nutriente universale, adatto a diversi tipi di frutta, verdura, erbe e piante ornamentali, quali rosmarino, dragoncello, anturio, celosia, ecc. \u00c8 possibile misurare il dosaggio necessario per soddisfare le esigenze delle singole piante o colture.<\/p>","application":"<p>Specifico per l\u2019uso in acqua di rubinetto. Aggiungere preventivamente a qualsiasi nutrizione. Preparare la nutrizione di base e correggere il pH (5,5-6,5) se necessario. Lasciar riposare la nutrizione di base, quindi aggiungere ATA Clean. Il prodotto pu\u00f2 essere utilizzato a scopi preventivi e curativi.<\/p>","dosage":"<p>0,1 ml per ogni litro di acqua.<\/p>","npk_ratio":"<p>P-K 18-6 W\/W<\/p>","available_in":"<p>250 ML, 1 LITRO, 5 LITRI E 10 LITRI<\/p>","icon_1":5851,"icon_1_text":"PREVIENE E RIMUOVE I SEDIMENTI DALL\u2019IMPIANTO DI IRRIGAZIONE","icon_2":5855,"icon_2_text":"FACILE MANUTENZIONE DELL\u2019IMPIANTO DI IRRIGAZIONE","icon_3":"","icon_3_text":"","icon_4":"","icon_4_text":"","video":"https:\/\/youtu.be\/GXKYeJAG574","second_image":5847,"product_image_page":5899,"user_manual":"","new_icon_1":"","new_icon_2":"","new_icon_3":"","new_icon_4":"","grow_guides":"","category":"Additivo"},"yoast_head":"<!-- This site is optimized with the Yoast SEO Premium plugin v27.4 (Yoast SEO v27.4) - https:\/\/yoast.com\/product\/yoast-seo-premium-wordpress\/ -->\n<title>ATA Clean: Soluzione Efficace per Piante Sane e Nutrizione Ottimale<\/title>\n<meta name=\"description\" content=\"Evita ostruzioni e accumuli nei tuoi sistemi di irrigazione con ATA Clean di Atami. La soluzione ideale per una coltivazione sana, continua e senza intoppi. Compatibile con tutti i fertilizzanti!\" \/>\n<meta name=\"robots\" content=\"index, follow, max-snippet:-1, max-image-preview:large, max-video-preview:-1\" \/>\n<link rel=\"canonical\" href=\"https:\/\/atami.com\/it\/prodotto\/ata-clean\" \/>\n<meta property=\"og:locale\" content=\"it_IT\" \/>\n<meta property=\"og:type\" content=\"article\" \/>\n<meta property=\"og:title\" content=\"ATA Clean\" \/>\n<meta property=\"og:description\" content=\"Evita ostruzioni e accumuli nei tuoi sistemi di irrigazione con ATA Clean di Atami. La soluzione ideale per una coltivazione sana, continua e senza intoppi. Compatibile con tutti i fertilizzanti!\" \/>\n<meta property=\"og:url\" content=\"https:\/\/atami.com\/it\/prodotto\/ata-clean\" \/>\n<meta property=\"og:site_name\" content=\"Atami\" \/>\n<meta property=\"article:publisher\" content=\"https:\/\/www.facebook.com\/Atami.International\" \/>\n<meta property=\"article:modified_time\" content=\"2025-11-10T13:23:36+00:00\" \/>\n<meta property=\"og:image\" content=\"https:\/\/atami.com\/wp-content\/uploads\/2023\/02\/ATA-Clean-Main-Image.webp\" \/>\n\t<meta property=\"og:image:width\" content=\"1080\" \/>\n\t<meta property=\"og:image:height\" content=\"1080\" \/>\n\t<meta property=\"og:image:type\" content=\"image\/webp\" \/>\n<meta name=\"twitter:card\" content=\"summary_large_image\" \/>\n<meta name=\"twitter:site\" content=\"@AtamiEU\" \/>\n<meta name=\"twitter:label1\" content=\"Tempo di lettura stimato\" \/>\n\t<meta name=\"twitter:data1\" content=\"2 minuti\" \/>\n<script type=\"application\/ld+json\" class=\"yoast-schema-graph\">{\"@context\":\"https:\\\/\\\/schema.org\",\"@graph\":[{\"@type\":\"WebPage\",\"@id\":\"https:\\\/\\\/atami.com\\\/it\\\/prodotto\\\/ata-clean\",\"url\":\"https:\\\/\\\/atami.com\\\/it\\\/prodotto\\\/ata-clean\",\"name\":\"ATA Clean: Soluzione Efficace per Piante Sane e Nutrizione Ottimale\",\"isPartOf\":{\"@id\":\"https:\\\/\\\/atami.com\\\/it#website\"},\"primaryImageOfPage\":{\"@id\":\"https:\\\/\\\/atami.com\\\/it\\\/prodotto\\\/ata-clean#primaryimage\"},\"image\":{\"@id\":\"https:\\\/\\\/atami.com\\\/it\\\/prodotto\\\/ata-clean#primaryimage\"},\"thumbnailUrl\":\"https:\\\/\\\/atami.com\\\/wp-content\\\/uploads\\\/2023\\\/02\\\/ATA-Clean-Main-Image.webp\",\"datePublished\":\"2023-02-09T10:59:07+00:00\",\"dateModified\":\"2025-11-10T13:23:36+00:00\",\"description\":\"Evita ostruzioni e accumuli nei tuoi sistemi di irrigazione con ATA Clean di Atami. La soluzione ideale per una coltivazione sana, continua e senza intoppi. Compatibile con tutti i fertilizzanti!\",\"breadcrumb\":{\"@id\":\"https:\\\/\\\/atami.com\\\/it\\\/prodotto\\\/ata-clean#breadcrumb\"},\"inLanguage\":\"it-IT\",\"potentialAction\":[{\"@type\":\"ReadAction\",\"target\":[\"https:\\\/\\\/atami.com\\\/it\\\/prodotto\\\/ata-clean\"]}]},{\"@type\":\"ImageObject\",\"inLanguage\":\"it-IT\",\"@id\":\"https:\\\/\\\/atami.com\\\/it\\\/prodotto\\\/ata-clean#primaryimage\",\"url\":\"https:\\\/\\\/atami.com\\\/wp-content\\\/uploads\\\/2023\\\/02\\\/ATA-Clean-Main-Image.webp\",\"contentUrl\":\"https:\\\/\\\/atami.com\\\/wp-content\\\/uploads\\\/2023\\\/02\\\/ATA-Clean-Main-Image.webp\",\"width\":1080,\"height\":1080,\"caption\":\"ATA Clean garantisce che il tuo sistema di irrigazione rimanga perfettamente funzionante prevenendo e pulendo i residui minerali, rendendoli idrosolubili per un facile scarico.\"},{\"@type\":\"BreadcrumbList\",\"@id\":\"https:\\\/\\\/atami.com\\\/it\\\/prodotto\\\/ata-clean#breadcrumb\",\"itemListElement\":[{\"@type\":\"ListItem\",\"position\":1,\"name\":\"Home\",\"item\":\"https:\\\/\\\/atami.com\\\/it\"},{\"@type\":\"ListItem\",\"position\":2,\"name\":\"Prodotti\",\"item\":\"https:\\\/\\\/atami.com\\\/it\\\/shop\"},{\"@type\":\"ListItem\",\"position\":3,\"name\":\"Marche\",\"item\":\"https:\\\/\\\/atami.com\\\/it\\\/categoria-prodotto\\\/marche\"},{\"@type\":\"ListItem\",\"position\":4,\"name\":\"ATA\",\"item\":\"https:\\\/\\\/atami.com\\\/it\\\/categoria-prodotto\\\/marche\\\/ata\"},{\"@type\":\"ListItem\",\"position\":5,\"name\":\"ATA Clean\"}]},{\"@type\":\"WebSite\",\"@id\":\"https:\\\/\\\/atami.com\\\/it#website\",\"url\":\"https:\\\/\\\/atami.com\\\/it\",\"name\":\"Atami\",\"description\":\"NATURALLY INNOVATING!\",\"publisher\":{\"@id\":\"https:\\\/\\\/atami.com\\\/it#organization\"},\"potentialAction\":[{\"@type\":\"SearchAction\",\"target\":{\"@type\":\"EntryPoint\",\"urlTemplate\":\"https:\\\/\\\/atami.com\\\/it?s={search_term_string}\"},\"query-input\":{\"@type\":\"PropertyValueSpecification\",\"valueRequired\":true,\"valueName\":\"search_term_string\"}}],\"inLanguage\":\"it-IT\"},{\"@type\":\"Organization\",\"@id\":\"https:\\\/\\\/atami.com\\\/it#organization\",\"name\":\"Atami\",\"url\":\"https:\\\/\\\/atami.com\\\/it\",\"logo\":{\"@type\":\"ImageObject\",\"inLanguage\":\"it-IT\",\"@id\":\"https:\\\/\\\/atami.com\\\/it#\\\/schema\\\/logo\\\/image\\\/\",\"url\":\"https:\\\/\\\/atami.com\\\/wp-content\\\/uploads\\\/2026\\\/01\\\/Atami-logo-696x696px.webp\",\"contentUrl\":\"https:\\\/\\\/atami.com\\\/wp-content\\\/uploads\\\/2026\\\/01\\\/Atami-logo-696x696px.webp\",\"width\":696,\"height\":696,\"caption\":\"Atami\"},\"image\":{\"@id\":\"https:\\\/\\\/atami.com\\\/it#\\\/schema\\\/logo\\\/image\\\/\"},\"sameAs\":[\"https:\\\/\\\/www.facebook.com\\\/Atami.International\",\"https:\\\/\\\/x.com\\\/AtamiEU\",\"https:\\\/\\\/www.youtube.com\\\/c\\\/AtamiInternational\",\"https:\\\/\\\/www.instagram.com\\\/atami.international\\\/\"],\"description\":\"ATAMI is a premium plant nutrition & substrate brand founded in 1997 with the mission to make exceptional cultivation achievable for everyone. From legacy to license, we offer a wide variety of innovating award-winning products to let cultivators achieve maximum results in taste & yield.\",\"email\":\"info@mginnovations.es\",\"legalName\":\"Atami\",\"numberOfEmployees\":{\"@type\":\"QuantitativeValue\",\"minValue\":\"11\",\"maxValue\":\"50\"}}]}<\/script>\n<!-- \/ Yoast SEO Premium plugin. -->","yoast_head_json":{"title":"ATA Clean: Soluzione Efficace per Piante Sane e Nutrizione Ottimale","description":"Evita ostruzioni e accumuli nei tuoi sistemi di irrigazione con ATA Clean di Atami. La soluzione ideale per una coltivazione sana, continua e senza intoppi. Compatibile con tutti i fertilizzanti!","robots":{"index":"index","follow":"follow","max-snippet":"max-snippet:-1","max-image-preview":"max-image-preview:large","max-video-preview":"max-video-preview:-1"},"canonical":"https:\/\/atami.com\/it\/prodotto\/ata-clean","og_locale":"it_IT","og_type":"article","og_title":"ATA Clean","og_description":"Evita ostruzioni e accumuli nei tuoi sistemi di irrigazione con ATA Clean di Atami. La soluzione ideale per una coltivazione sana, continua e senza intoppi. Compatibile con tutti i fertilizzanti!","og_url":"https:\/\/atami.com\/it\/prodotto\/ata-clean","og_site_name":"Atami","article_publisher":"https:\/\/www.facebook.com\/Atami.International","article_modified_time":"2025-11-10T13:23:36+00:00","og_image":[{"width":1080,"height":1080,"url":"https:\/\/atami.com\/wp-content\/uploads\/2023\/02\/ATA-Clean-Main-Image.webp","type":"image\/webp"}],"twitter_card":"summary_large_image","twitter_site":"@AtamiEU","twitter_misc":{"Tempo di lettura stimato":"2 minuti"},"schema":{"@context":"https:\/\/schema.org","@graph":[{"@type":"WebPage","@id":"https:\/\/atami.com\/it\/prodotto\/ata-clean","url":"https:\/\/atami.com\/it\/prodotto\/ata-clean","name":"ATA Clean: Soluzione Efficace per Piante Sane e Nutrizione Ottimale","isPartOf":{"@id":"https:\/\/atami.com\/it#website"},"primaryImageOfPage":{"@id":"https:\/\/atami.com\/it\/prodotto\/ata-clean#primaryimage"},"image":{"@id":"https:\/\/atami.com\/it\/prodotto\/ata-clean#primaryimage"},"thumbnailUrl":"https:\/\/atami.com\/wp-content\/uploads\/2023\/02\/ATA-Clean-Main-Image.webp","datePublished":"2023-02-09T10:59:07+00:00","dateModified":"2025-11-10T13:23:36+00:00","description":"Evita ostruzioni e accumuli nei tuoi sistemi di irrigazione con ATA Clean di Atami. La soluzione ideale per una coltivazione sana, continua e senza intoppi. Compatibile con tutti i fertilizzanti!","breadcrumb":{"@id":"https:\/\/atami.com\/it\/prodotto\/ata-clean#breadcrumb"},"inLanguage":"it-IT","potentialAction":[{"@type":"ReadAction","target":["https:\/\/atami.com\/it\/prodotto\/ata-clean"]}]},{"@type":"ImageObject","inLanguage":"it-IT","@id":"https:\/\/atami.com\/it\/prodotto\/ata-clean#primaryimage","url":"https:\/\/atami.com\/wp-content\/uploads\/2023\/02\/ATA-Clean-Main-Image.webp","contentUrl":"https:\/\/atami.com\/wp-content\/uploads\/2023\/02\/ATA-Clean-Main-Image.webp","width":1080,"height":1080,"caption":"ATA Clean garantisce che il tuo sistema di irrigazione rimanga perfettamente funzionante prevenendo e pulendo i residui minerali, rendendoli idrosolubili per un facile scarico."},{"@type":"BreadcrumbList","@id":"https:\/\/atami.com\/it\/prodotto\/ata-clean#breadcrumb","itemListElement":[{"@type":"ListItem","position":1,"name":"Home","item":"https:\/\/atami.com\/it"},{"@type":"ListItem","position":2,"name":"Prodotti","item":"https:\/\/atami.com\/it\/shop"},{"@type":"ListItem","position":3,"name":"Marche","item":"https:\/\/atami.com\/it\/categoria-prodotto\/marche"},{"@type":"ListItem","position":4,"name":"ATA","item":"https:\/\/atami.com\/it\/categoria-prodotto\/marche\/ata"},{"@type":"ListItem","position":5,"name":"ATA Clean"}]},{"@type":"WebSite","@id":"https:\/\/atami.com\/it#website","url":"https:\/\/atami.com\/it","name":"Atami","description":"NATURALLY INNOVATING!","publisher":{"@id":"https:\/\/atami.com\/it#organization"},"potentialAction":[{"@type":"SearchAction","target":{"@type":"EntryPoint","urlTemplate":"https:\/\/atami.com\/it?s={search_term_string}"},"query-input":{"@type":"PropertyValueSpecification","valueRequired":true,"valueName":"search_term_string"}}],"inLanguage":"it-IT"},{"@type":"Organization","@id":"https:\/\/atami.com\/it#organization","name":"Atami","url":"https:\/\/atami.com\/it","logo":{"@type":"ImageObject","inLanguage":"it-IT","@id":"https:\/\/atami.com\/it#\/schema\/logo\/image\/","url":"https:\/\/atami.com\/wp-content\/uploads\/2026\/01\/Atami-logo-696x696px.webp","contentUrl":"https:\/\/atami.com\/wp-content\/uploads\/2026\/01\/Atami-logo-696x696px.webp","width":696,"height":696,"caption":"Atami"},"image":{"@id":"https:\/\/atami.com\/it#\/schema\/logo\/image\/"},"sameAs":["https:\/\/www.facebook.com\/Atami.International","https:\/\/x.com\/AtamiEU","https:\/\/www.youtube.com\/c\/AtamiInternational","https:\/\/www.instagram.com\/atami.international\/"],"description":"ATAMI is a premium plant nutrition & substrate brand founded in 1997 with the mission to make exceptional cultivation achievable for everyone. From legacy to license, we offer a wide variety of innovating award-winning products to let cultivators achieve maximum results in taste & yield.","email":"info@mginnovations.es","legalName":"Atami","numberOfEmployees":{"@type":"QuantitativeValue","minValue":"11","maxValue":"50"}}]}},"_links":{"self":[{"href":"https:\/\/atami.com\/it\/wp-json\/wp\/v2\/product\/46179","targetHints":{"allow":["GET"]}}],"collection":[{"href":"https:\/\/atami.com\/it\/wp-json\/wp\/v2\/product"}],"about":[{"href":"https:\/\/atami.com\/it\/wp-json\/wp\/v2\/types\/product"}],"replies":[{"embeddable":true,"href":"https:\/\/atami.com\/it\/wp-json\/wp\/v2\/comments?post=46179"}],"wp:featuredmedia":[{"embeddable":true,"href":"https:\/\/atami.com\/it\/wp-json\/wp\/v2\/media\/23869"}],"wp:attachment":[{"href":"https:\/\/atami.com\/it\/wp-json\/wp\/v2\/media?parent=46179"}],"wp:term":[{"taxonomy":"product_brand","embeddable":true,"href":"https:\/\/atami.com\/it\/wp-json\/wp\/v2\/product_brand?post=46179"},{"taxonomy":"product_cat","embeddable":true,"href":"https:\/\/atami.com\/it\/wp-json\/wp\/v2\/product_cat?post=46179"},{"taxonomy":"product_tag","embeddable":true,"href":"https:\/\/atami.com\/it\/wp-json\/wp\/v2\/product_tag?post=46179"}],"curies":[{"name":"wp","href":"https:\/\/api.w.org\/{rel}","templated":true}]}}