{"id":46178,"date":"2023-02-09T10:33:24","date_gmt":"2023-02-09T10:33:24","guid":{"rendered":"https:\/\/atami.com\/product\/ata-atazyme\/"},"modified":"2025-11-10T15:23:17","modified_gmt":"2025-11-10T13:23:17","slug":"ata-atazyme","status":"publish","type":"product","link":"https:\/\/atami.com\/it\/prodotto\/ata-atazyme","title":{"rendered":"ATA Atazyme"},"content":{"rendered":"<p><strong>ATA Atazyme \u00e8 un agente migliorativo del suolo universale, privo di NPK e a base di enzimi. Questo additivo per la soluzione nutriente esercita un effetto trascurabile sui valori EC di quest\u2019ultima. Gli enzimi fungono da catalizzatorie, pertanto, rivestono un ruolo nello svolgimento delle reazioni (bio)chimiche, accelerandole e\/o rendendole possibili.<\/strong><\/p>\n<p>\nATA Atazyme garantisce la decomposizione della materia vecchia e morta delle radici nel substrato. <br \/>\nCi\u00f2 assicura, da un lato, la disponibilit\u00e0 di minerali e zuccheri preziosi per il suolo e, dall\u2019altro, l\u2019aerazione del substrato grazie alla rimozione della materia delle radici. Un substrato ben arieggiato garantisce un migliore sviluppo delle radici e, di conseguenza, una maggiore resistenza della pianta amalattie e funghi.<\/p>\n<p>\n<strong>PARTICOLARMENTE IDONEO PER<\/strong><br \/>\nDiversi tipi di verdura, frutta ed erbe, ad esempio fagioli, timo, origano, basilico, germogli di ravanello, germogli di acetosa, ecc. \u00c8 possibile misurare il dosaggio necessario per soddisfare le esigenze delle singole piante o colture.<\/p>\n<p>\n<strong>APPLICAZIONE<\/strong><br \/>\nAdatto come supplemento alla nutrizione regolare per la coltivazione idroponica, in terra e in cocco. <br \/>\nPer un uso ottimale, utilizzarlo una volta alla settimana durante il ciclo di vegetazione e fioritura. \u00c8 molto efficace anche nell\u2019ambito del riutilizzo (parziale) del substrato.<\/p>\n<p>\n<strong>DOSAGGIO<\/strong><br \/>\nDa 1 a 3 ml per ogni litro di acqua.<\/p>\n<p>\n<strong>DISPONIBILE NEI FORMATI DA 1 LITRO, 5 LITRI E 10 LITRI<\/strong><\/p>\n","protected":false},"excerpt":{"rendered":"<p>Additivo migliorativo per terreno<\/p>\n","protected":false},"featured_media":23854,"comment_status":"closed","ping_status":"closed","template":"","meta":{"_acf_changed":false,"iawp_total_views":102},"product_brand":[],"product_cat":[350,348],"product_tag":[],"class_list":{"0":"post-46178","1":"product","2":"type-product","3":"status-publish","4":"has-post-thumbnail","6":"product_cat-additivi","7":"product_cat-ata","9":"first","10":"instock","11":"shipping-taxable","12":"product-type-simple"},"acf":{"short_description":"<p><strong>ATA Atazyme \u00e8 un agente migliorativo del suolo universale, privo di NPK e a base di enzimi. Questo additivo per la soluzione nutriente esercita un effetto trascurabile sui valori EC di quest\u2019ultima. Gli enzimi fungono da catalizzatorie, pertanto, rivestono un ruolo nello svolgimento delle reazioni (bio)chimiche, accelerandole e\/o rendendole possibili.<\/strong><\/p><p><br \/>ATA Atazyme garantisce la decomposizione della materia vecchia e morta delle radici nel substrato. <br \/>Ci\u00f2 assicura, da un lato, la disponibilit\u00e0 di minerali e zuccheri preziosi per il suolo e, dall\u2019altro, l\u2019aerazione del substrato grazie alla rimozione della materia delle radici. Un substrato ben arieggiato garantisce un migliore sviluppo delle radici e, di conseguenza, una maggiore resistenza della pianta amalattie e funghi.<\/p>","suitable_for":"<p>Diversi tipi di verdura, frutta ed erbe, ad esempio fagioli, timo, origano, basilico, germogli di ravanello, germogli di acetosa, ecc. \u00c8 possibile misurare il dosaggio necessario per soddisfare le esigenze delle singole piante o colture.<\/p>","application":"<p>Adatto come supplemento alla nutrizione regolare per la coltivazione idroponica, in terra e in cocco. <br \/>Per un uso ottimale, utilizzarlo una volta alla settimana durante il ciclo di vegetazione e fioritura. \u00c8 molto efficace anche nell\u2019ambito del riutilizzo (parziale) del substrato.<\/p>","dosage":"<p>Da 1 a 3 ml per ogni litro di acqua.<\/p>","npk_ratio":"","available_in":"<p>1 LITRO, 5 LITRI E 10 LITRI<\/p>","icon_1":5835,"icon_1_text":"MIGLIORA LA VITA UTILE DEL SUOLO","icon_2":5839,"icon_2_text":"DECOMPONE LA MATERIA MORTA DELLE RADICI","icon_3":5843,"icon_3_text":"RENDE IL SUBSTRATO PI\u00d9 ARIOSO","icon_4":"","icon_4_text":"","video":"https:\/\/youtu.be\/i-WDHPUGGqs","second_image":5831,"product_image_page":5903,"user_manual":"","new_icon_1":"","new_icon_2":"","new_icon_3":"","new_icon_4":"","grow_guides":"","category":"Additivo"},"yoast_head":"<!-- This site is optimized with the Yoast SEO Premium plugin v27.4 (Yoast SEO v27.4) - https:\/\/yoast.com\/product\/yoast-seo-premium-wordpress\/ -->\n<title>Atazyme Atami \u2013 Enzimi per piante sane e crescita ottimale<\/title>\n<meta name=\"description\" content=\"Potenzia la salute delle tue piante con Atazyme di Atami. Questo prodotto a base di enzimi aiuta a migliorare l\u2019assorbimento dei nutrienti e favorisce una crescita pi\u00f9 forte e sana. Scopri di pi\u00f9 su come Atazyme pu\u00f2 migliorare il tuo raccolto.\" \/>\n<meta name=\"robots\" content=\"index, follow, max-snippet:-1, max-image-preview:large, max-video-preview:-1\" \/>\n<link rel=\"canonical\" href=\"https:\/\/atami.com\/it\/prodotto\/ata-atazyme\" \/>\n<meta property=\"og:locale\" content=\"it_IT\" \/>\n<meta property=\"og:type\" content=\"article\" \/>\n<meta property=\"og:title\" content=\"ATA Atazyme\" \/>\n<meta property=\"og:description\" content=\"Potenzia la salute delle tue piante con Atazyme di Atami. Questo prodotto a base di enzimi aiuta a migliorare l\u2019assorbimento dei nutrienti e favorisce una crescita pi\u00f9 forte e sana. Scopri di pi\u00f9 su come Atazyme pu\u00f2 migliorare il tuo raccolto.\" \/>\n<meta property=\"og:url\" content=\"https:\/\/atami.com\/it\/prodotto\/ata-atazyme\" \/>\n<meta property=\"og:site_name\" content=\"Atami\" \/>\n<meta property=\"article:publisher\" content=\"https:\/\/www.facebook.com\/Atami.International\" \/>\n<meta property=\"article:modified_time\" content=\"2025-11-10T13:23:17+00:00\" \/>\n<meta property=\"og:image\" content=\"https:\/\/atami.com\/wp-content\/uploads\/2023\/02\/ATAzyme-Main-Image.webp\" \/>\n\t<meta property=\"og:image:width\" content=\"1080\" \/>\n\t<meta property=\"og:image:height\" content=\"1080\" \/>\n\t<meta property=\"og:image:type\" content=\"image\/webp\" \/>\n<meta name=\"twitter:card\" content=\"summary_large_image\" \/>\n<meta name=\"twitter:site\" content=\"@AtamiEU\" \/>\n<meta name=\"twitter:label1\" content=\"Tempo di lettura stimato\" \/>\n\t<meta name=\"twitter:data1\" content=\"2 minuti\" \/>\n<script type=\"application\/ld+json\" class=\"yoast-schema-graph\">{\"@context\":\"https:\\\/\\\/schema.org\",\"@graph\":[{\"@type\":\"WebPage\",\"@id\":\"https:\\\/\\\/atami.com\\\/it\\\/prodotto\\\/ata-atazyme\",\"url\":\"https:\\\/\\\/atami.com\\\/it\\\/prodotto\\\/ata-atazyme\",\"name\":\"Atazyme Atami \u2013 Enzimi per piante sane e crescita ottimale\",\"isPartOf\":{\"@id\":\"https:\\\/\\\/atami.com\\\/it#website\"},\"primaryImageOfPage\":{\"@id\":\"https:\\\/\\\/atami.com\\\/it\\\/prodotto\\\/ata-atazyme#primaryimage\"},\"image\":{\"@id\":\"https:\\\/\\\/atami.com\\\/it\\\/prodotto\\\/ata-atazyme#primaryimage\"},\"thumbnailUrl\":\"https:\\\/\\\/atami.com\\\/wp-content\\\/uploads\\\/2023\\\/02\\\/ATAzyme-Main-Image.webp\",\"datePublished\":\"2023-02-09T10:33:24+00:00\",\"dateModified\":\"2025-11-10T13:23:17+00:00\",\"description\":\"Potenzia la salute delle tue piante con Atazyme di Atami. Questo prodotto a base di enzimi aiuta a migliorare l\u2019assorbimento dei nutrienti e favorisce una crescita pi\u00f9 forte e sana. Scopri di pi\u00f9 su come Atazyme pu\u00f2 migliorare il tuo raccolto.\",\"breadcrumb\":{\"@id\":\"https:\\\/\\\/atami.com\\\/it\\\/prodotto\\\/ata-atazyme#breadcrumb\"},\"inLanguage\":\"it-IT\",\"potentialAction\":[{\"@type\":\"ReadAction\",\"target\":[\"https:\\\/\\\/atami.com\\\/it\\\/prodotto\\\/ata-atazyme\"]}]},{\"@type\":\"ImageObject\",\"inLanguage\":\"it-IT\",\"@id\":\"https:\\\/\\\/atami.com\\\/it\\\/prodotto\\\/ata-atazyme#primaryimage\",\"url\":\"https:\\\/\\\/atami.com\\\/wp-content\\\/uploads\\\/2023\\\/02\\\/ATAzyme-Main-Image.webp\",\"contentUrl\":\"https:\\\/\\\/atami.com\\\/wp-content\\\/uploads\\\/2023\\\/02\\\/ATAzyme-Main-Image.webp\",\"width\":1080,\"height\":1080,\"caption\":\"ATA Atazyme accelera la decomposizione del materiale delle radici morte, rilasciando preziosi minerali e zuccheri nel terreno.\"},{\"@type\":\"BreadcrumbList\",\"@id\":\"https:\\\/\\\/atami.com\\\/it\\\/prodotto\\\/ata-atazyme#breadcrumb\",\"itemListElement\":[{\"@type\":\"ListItem\",\"position\":1,\"name\":\"Home\",\"item\":\"https:\\\/\\\/atami.com\\\/it\"},{\"@type\":\"ListItem\",\"position\":2,\"name\":\"Prodotti\",\"item\":\"https:\\\/\\\/atami.com\\\/it\\\/shop\"},{\"@type\":\"ListItem\",\"position\":3,\"name\":\"Marche\",\"item\":\"https:\\\/\\\/atami.com\\\/it\\\/categoria-prodotto\\\/marche\"},{\"@type\":\"ListItem\",\"position\":4,\"name\":\"ATA\",\"item\":\"https:\\\/\\\/atami.com\\\/it\\\/categoria-prodotto\\\/marche\\\/ata\"},{\"@type\":\"ListItem\",\"position\":5,\"name\":\"ATA Atazyme\"}]},{\"@type\":\"WebSite\",\"@id\":\"https:\\\/\\\/atami.com\\\/it#website\",\"url\":\"https:\\\/\\\/atami.com\\\/it\",\"name\":\"Atami\",\"description\":\"NATURALLY INNOVATING!\",\"publisher\":{\"@id\":\"https:\\\/\\\/atami.com\\\/it#organization\"},\"potentialAction\":[{\"@type\":\"SearchAction\",\"target\":{\"@type\":\"EntryPoint\",\"urlTemplate\":\"https:\\\/\\\/atami.com\\\/it?s={search_term_string}\"},\"query-input\":{\"@type\":\"PropertyValueSpecification\",\"valueRequired\":true,\"valueName\":\"search_term_string\"}}],\"inLanguage\":\"it-IT\"},{\"@type\":\"Organization\",\"@id\":\"https:\\\/\\\/atami.com\\\/it#organization\",\"name\":\"Atami\",\"url\":\"https:\\\/\\\/atami.com\\\/it\",\"logo\":{\"@type\":\"ImageObject\",\"inLanguage\":\"it-IT\",\"@id\":\"https:\\\/\\\/atami.com\\\/it#\\\/schema\\\/logo\\\/image\\\/\",\"url\":\"https:\\\/\\\/atami.com\\\/wp-content\\\/uploads\\\/2026\\\/01\\\/Atami-logo-696x696px.webp\",\"contentUrl\":\"https:\\\/\\\/atami.com\\\/wp-content\\\/uploads\\\/2026\\\/01\\\/Atami-logo-696x696px.webp\",\"width\":696,\"height\":696,\"caption\":\"Atami\"},\"image\":{\"@id\":\"https:\\\/\\\/atami.com\\\/it#\\\/schema\\\/logo\\\/image\\\/\"},\"sameAs\":[\"https:\\\/\\\/www.facebook.com\\\/Atami.International\",\"https:\\\/\\\/x.com\\\/AtamiEU\",\"https:\\\/\\\/www.youtube.com\\\/c\\\/AtamiInternational\",\"https:\\\/\\\/www.instagram.com\\\/atami.international\\\/\"],\"description\":\"ATAMI is a premium plant nutrition & substrate brand founded in 1997 with the mission to make exceptional cultivation achievable for everyone. From legacy to license, we offer a wide variety of innovating award-winning products to let cultivators achieve maximum results in taste & yield.\",\"email\":\"info@mginnovations.es\",\"legalName\":\"Atami\",\"numberOfEmployees\":{\"@type\":\"QuantitativeValue\",\"minValue\":\"11\",\"maxValue\":\"50\"}}]}<\/script>\n<!-- \/ Yoast SEO Premium plugin. -->","yoast_head_json":{"title":"Atazyme Atami \u2013 Enzimi per piante sane e crescita ottimale","description":"Potenzia la salute delle tue piante con Atazyme di Atami. Questo prodotto a base di enzimi aiuta a migliorare l\u2019assorbimento dei nutrienti e favorisce una crescita pi\u00f9 forte e sana. Scopri di pi\u00f9 su come Atazyme pu\u00f2 migliorare il tuo raccolto.","robots":{"index":"index","follow":"follow","max-snippet":"max-snippet:-1","max-image-preview":"max-image-preview:large","max-video-preview":"max-video-preview:-1"},"canonical":"https:\/\/atami.com\/it\/prodotto\/ata-atazyme","og_locale":"it_IT","og_type":"article","og_title":"ATA Atazyme","og_description":"Potenzia la salute delle tue piante con Atazyme di Atami. Questo prodotto a base di enzimi aiuta a migliorare l\u2019assorbimento dei nutrienti e favorisce una crescita pi\u00f9 forte e sana. Scopri di pi\u00f9 su come Atazyme pu\u00f2 migliorare il tuo raccolto.","og_url":"https:\/\/atami.com\/it\/prodotto\/ata-atazyme","og_site_name":"Atami","article_publisher":"https:\/\/www.facebook.com\/Atami.International","article_modified_time":"2025-11-10T13:23:17+00:00","og_image":[{"width":1080,"height":1080,"url":"https:\/\/atami.com\/wp-content\/uploads\/2023\/02\/ATAzyme-Main-Image.webp","type":"image\/webp"}],"twitter_card":"summary_large_image","twitter_site":"@AtamiEU","twitter_misc":{"Tempo di lettura stimato":"2 minuti"},"schema":{"@context":"https:\/\/schema.org","@graph":[{"@type":"WebPage","@id":"https:\/\/atami.com\/it\/prodotto\/ata-atazyme","url":"https:\/\/atami.com\/it\/prodotto\/ata-atazyme","name":"Atazyme Atami \u2013 Enzimi per piante sane e crescita ottimale","isPartOf":{"@id":"https:\/\/atami.com\/it#website"},"primaryImageOfPage":{"@id":"https:\/\/atami.com\/it\/prodotto\/ata-atazyme#primaryimage"},"image":{"@id":"https:\/\/atami.com\/it\/prodotto\/ata-atazyme#primaryimage"},"thumbnailUrl":"https:\/\/atami.com\/wp-content\/uploads\/2023\/02\/ATAzyme-Main-Image.webp","datePublished":"2023-02-09T10:33:24+00:00","dateModified":"2025-11-10T13:23:17+00:00","description":"Potenzia la salute delle tue piante con Atazyme di Atami. Questo prodotto a base di enzimi aiuta a migliorare l\u2019assorbimento dei nutrienti e favorisce una crescita pi\u00f9 forte e sana. Scopri di pi\u00f9 su come Atazyme pu\u00f2 migliorare il tuo raccolto.","breadcrumb":{"@id":"https:\/\/atami.com\/it\/prodotto\/ata-atazyme#breadcrumb"},"inLanguage":"it-IT","potentialAction":[{"@type":"ReadAction","target":["https:\/\/atami.com\/it\/prodotto\/ata-atazyme"]}]},{"@type":"ImageObject","inLanguage":"it-IT","@id":"https:\/\/atami.com\/it\/prodotto\/ata-atazyme#primaryimage","url":"https:\/\/atami.com\/wp-content\/uploads\/2023\/02\/ATAzyme-Main-Image.webp","contentUrl":"https:\/\/atami.com\/wp-content\/uploads\/2023\/02\/ATAzyme-Main-Image.webp","width":1080,"height":1080,"caption":"ATA Atazyme accelera la decomposizione del materiale delle radici morte, rilasciando preziosi minerali e zuccheri nel terreno."},{"@type":"BreadcrumbList","@id":"https:\/\/atami.com\/it\/prodotto\/ata-atazyme#breadcrumb","itemListElement":[{"@type":"ListItem","position":1,"name":"Home","item":"https:\/\/atami.com\/it"},{"@type":"ListItem","position":2,"name":"Prodotti","item":"https:\/\/atami.com\/it\/shop"},{"@type":"ListItem","position":3,"name":"Marche","item":"https:\/\/atami.com\/it\/categoria-prodotto\/marche"},{"@type":"ListItem","position":4,"name":"ATA","item":"https:\/\/atami.com\/it\/categoria-prodotto\/marche\/ata"},{"@type":"ListItem","position":5,"name":"ATA Atazyme"}]},{"@type":"WebSite","@id":"https:\/\/atami.com\/it#website","url":"https:\/\/atami.com\/it","name":"Atami","description":"NATURALLY INNOVATING!","publisher":{"@id":"https:\/\/atami.com\/it#organization"},"potentialAction":[{"@type":"SearchAction","target":{"@type":"EntryPoint","urlTemplate":"https:\/\/atami.com\/it?s={search_term_string}"},"query-input":{"@type":"PropertyValueSpecification","valueRequired":true,"valueName":"search_term_string"}}],"inLanguage":"it-IT"},{"@type":"Organization","@id":"https:\/\/atami.com\/it#organization","name":"Atami","url":"https:\/\/atami.com\/it","logo":{"@type":"ImageObject","inLanguage":"it-IT","@id":"https:\/\/atami.com\/it#\/schema\/logo\/image\/","url":"https:\/\/atami.com\/wp-content\/uploads\/2026\/01\/Atami-logo-696x696px.webp","contentUrl":"https:\/\/atami.com\/wp-content\/uploads\/2026\/01\/Atami-logo-696x696px.webp","width":696,"height":696,"caption":"Atami"},"image":{"@id":"https:\/\/atami.com\/it#\/schema\/logo\/image\/"},"sameAs":["https:\/\/www.facebook.com\/Atami.International","https:\/\/x.com\/AtamiEU","https:\/\/www.youtube.com\/c\/AtamiInternational","https:\/\/www.instagram.com\/atami.international\/"],"description":"ATAMI is a premium plant nutrition & substrate brand founded in 1997 with the mission to make exceptional cultivation achievable for everyone. From legacy to license, we offer a wide variety of innovating award-winning products to let cultivators achieve maximum results in taste & yield.","email":"info@mginnovations.es","legalName":"Atami","numberOfEmployees":{"@type":"QuantitativeValue","minValue":"11","maxValue":"50"}}]}},"_links":{"self":[{"href":"https:\/\/atami.com\/it\/wp-json\/wp\/v2\/product\/46178","targetHints":{"allow":["GET"]}}],"collection":[{"href":"https:\/\/atami.com\/it\/wp-json\/wp\/v2\/product"}],"about":[{"href":"https:\/\/atami.com\/it\/wp-json\/wp\/v2\/types\/product"}],"replies":[{"embeddable":true,"href":"https:\/\/atami.com\/it\/wp-json\/wp\/v2\/comments?post=46178"}],"wp:featuredmedia":[{"embeddable":true,"href":"https:\/\/atami.com\/it\/wp-json\/wp\/v2\/media\/23854"}],"wp:attachment":[{"href":"https:\/\/atami.com\/it\/wp-json\/wp\/v2\/media?parent=46178"}],"wp:term":[{"taxonomy":"product_brand","embeddable":true,"href":"https:\/\/atami.com\/it\/wp-json\/wp\/v2\/product_brand?post=46178"},{"taxonomy":"product_cat","embeddable":true,"href":"https:\/\/atami.com\/it\/wp-json\/wp\/v2\/product_cat?post=46178"},{"taxonomy":"product_tag","embeddable":true,"href":"https:\/\/atami.com\/it\/wp-json\/wp\/v2\/product_tag?post=46178"}],"curies":[{"name":"wp","href":"https:\/\/api.w.org\/{rel}","templated":true}]}}