{"id":46177,"date":"2023-02-09T10:22:15","date_gmt":"2023-02-09T10:22:15","guid":{"rendered":"https:\/\/atami.com\/product\/ata-calmag\/"},"modified":"2025-11-10T15:22:59","modified_gmt":"2025-11-10T13:22:59","slug":"ata-calmag","status":"publish","type":"product","link":"https:\/\/atami.com\/it\/prodotto\/ata-calmag","title":{"rendered":"ATA Calmag"},"content":{"rendered":"<p><strong>Un additivo professionale ad azione rapida, applicabile su tutti i tipi di substrato. ATA Calmag \u00e8 un cocktail nutriente che apporta il supplemento di calcio e magnesio di cui necessitano le piante.<\/strong><\/p>\n<p>\nQuesti elementi nutritivi secondari sono essenziali per una crescita ottimale, in quanto svolgono ruoli fondamentali nella formazione delle pareti cellulari e nell\u2019assorbimento dell\u2019energia proveniente dalla luce. ATA Calmag risulta ideale per la coltivazione con acqua dolce o demineralizzata. Inoltre, \u00e8 un eccellente additivo per il normale regime di fertilizzazione.<\/p>\n<p>\n<strong>PARTICOLARMENTE IDONEO PER<\/strong><br \/>\nDiversi tipi di verdura, frutta ed erbe, ad esempio pomodori, zucchine, peperoni, fragole, cavolo, ecc.<\/p>\n<p>\u00c8 possibile misurare il dosaggio necessario per soddisfare le esigenze delle singole piante o colture.<\/p>\n<p>\n<strong>APPLICAZIONE<\/strong><br \/>\nUtilizzare ATA Calmag per arricchire acqua povera di calcio e magnesio o in qualit\u00e0 di additivo per la normale soluzione fertilizzante. Utilizzare acqua a temperatura ambiente (21\u00b0 C) per un risultato ottimale.<\/p>\n<p>\n<strong>DOSAGGIO<\/strong><br \/>\nDa 0,1 a 1 ml per ogni litro di acqua.<\/p>\n<p>\n<strong>N 6 W\/W<\/strong><\/p>\n<p>\n<strong>DISPONIBILE NEI FORMATI DA 250 ML, 1 LITRO E 5 LITRI<\/strong><\/p>\n","protected":false},"excerpt":{"rendered":"<p>Additivo di calcio e magnesio con ferro<\/p>\n<p>Assicura una crescita pi\u00f9 rapida e potente<\/p>\n","protected":false},"featured_media":202650,"comment_status":"closed","ping_status":"closed","template":"","meta":{"_acf_changed":false,"iawp_total_views":177},"product_brand":[],"product_cat":[350,348],"product_tag":[],"class_list":{"0":"post-46177","1":"product","2":"type-product","3":"status-publish","4":"has-post-thumbnail","6":"product_cat-additivi","7":"product_cat-ata","9":"first","10":"instock","11":"shipping-taxable","12":"product-type-simple"},"acf":{"short_description":"<p><strong>Un additivo professionale ad azione rapida, applicabile su tutti i tipi di substrato. ATA Calmag \u00e8 un cocktail nutriente che apporta il supplemento di calcio e magnesio di cui necessitano le piante.<\/strong><\/p><p><br \/>Questi elementi nutritivi secondari sono essenziali per una crescita ottimale, in quanto svolgono ruoli fondamentali nella formazione delle pareti cellulari e nell\u2019assorbimento dell\u2019energia proveniente dalla luce. ATA Calmag risulta ideale per la coltivazione con acqua dolce o demineralizzata. Inoltre, \u00e8 un eccellente additivo per il normale regime di fertilizzazione.<\/p>","suitable_for":"<p>Diversi tipi di verdura, frutta ed erbe, ad esempio pomodori, zucchine, peperoni, fragole, cavolo, ecc.<\/p><p>\u00c8 possibile misurare il dosaggio necessario per soddisfare le esigenze delle singole piante o colture.<\/p>","application":"<p>Utilizzare ATA Calmag per arricchire acqua povera di calcio e magnesio o in qualit\u00e0 di additivo per la normale soluzione fertilizzante. Utilizzare acqua a temperatura ambiente (21\u00b0 C) per un risultato ottimale.<\/p>","dosage":"<p>Da 0,1 a 1 ml per ogni litro di acqua.<\/p>","npk_ratio":"<p>N 6 W\/W<\/p>","available_in":"<p>250 ML, 1 LITRO E 5 LITRI<\/p>","icon_1":5815,"icon_1_text":"PI\u00d9 CALCIO, PARETI CELLULARI PI\u00d9 FORTI, MAGGIORE RESILIENZA PI\u00d9 MAGNESIO, PI\u00d9 CLOROFILLA,  PI\u00d9 ENERGIA","icon_2":5819,"icon_2_text":"ASSORBIMENTO DEI NUTRIENTI PI\u00d9 ELEVATO","icon_3":5823,"icon_3_text":"STIMOLA UNA MIGLIORE QUALIT\u00c0 DEI FIORI","icon_4":"","icon_4_text":"","video":"https:\/\/youtu.be\/V4EWJjN_eIE","second_image":5811,"product_image_page":5895,"user_manual":"","new_icon_1":"","new_icon_2":"","new_icon_3":"","new_icon_4":"","grow_guides":"","category":"Additivo"},"yoast_head":"<!-- This site is optimized with the Yoast SEO Premium plugin v27.5 (Yoast SEO v27.5) - https:\/\/yoast.com\/product\/yoast-seo-premium-wordpress\/ -->\n<title>ATA Calmag: Il miglior supporto per piante forti e sane | Atami<\/title>\n<meta name=\"description\" content=\"Scopri ATA Calmag, il supplemento ideale per migliorare la salute delle tue piante. Arricchito con calcio e magnesio, aiuta a prevenire carenze e a favorire una crescita robusta. Acquista ora per risultati ottimali!\" \/>\n<meta name=\"robots\" content=\"index, follow, max-snippet:-1, max-image-preview:large, max-video-preview:-1\" \/>\n<link rel=\"canonical\" href=\"https:\/\/atami.com\/it\/prodotto\/ata-calmag\" \/>\n<meta property=\"og:locale\" content=\"it_IT\" \/>\n<meta property=\"og:type\" content=\"article\" \/>\n<meta property=\"og:title\" content=\"ATA Calmag\" \/>\n<meta property=\"og:description\" content=\"Scopri ATA Calmag, il supplemento ideale per migliorare la salute delle tue piante. Arricchito con calcio e magnesio, aiuta a prevenire carenze e a favorire una crescita robusta. Acquista ora per risultati ottimali!\" \/>\n<meta property=\"og:url\" content=\"https:\/\/atami.com\/it\/prodotto\/ata-calmag\" \/>\n<meta property=\"og:site_name\" content=\"Atami\" \/>\n<meta property=\"article:publisher\" content=\"https:\/\/www.facebook.com\/Atami.International\" \/>\n<meta property=\"article:modified_time\" content=\"2025-11-10T13:22:59+00:00\" \/>\n<meta property=\"og:image\" content=\"https:\/\/atami.com\/wp-content\/uploads\/2023\/02\/ATA-Calmag-product-image-1.webp\" \/>\n\t<meta property=\"og:image:width\" content=\"1080\" \/>\n\t<meta property=\"og:image:height\" content=\"1080\" \/>\n\t<meta property=\"og:image:type\" content=\"image\/webp\" \/>\n<meta name=\"twitter:card\" content=\"summary_large_image\" \/>\n<meta name=\"twitter:site\" content=\"@AtamiEU\" \/>\n<meta name=\"twitter:label1\" content=\"Tempo di lettura stimato\" \/>\n\t<meta name=\"twitter:data1\" content=\"1 minuto\" \/>\n<script type=\"application\/ld+json\" class=\"yoast-schema-graph\">{\"@context\":\"https:\\\/\\\/schema.org\",\"@graph\":[{\"@type\":\"WebPage\",\"@id\":\"https:\\\/\\\/atami.com\\\/it\\\/prodotto\\\/ata-calmag\",\"url\":\"https:\\\/\\\/atami.com\\\/it\\\/prodotto\\\/ata-calmag\",\"name\":\"ATA Calmag: Il miglior supporto per piante forti e sane | Atami\",\"isPartOf\":{\"@id\":\"https:\\\/\\\/atami.com\\\/it#website\"},\"primaryImageOfPage\":{\"@id\":\"https:\\\/\\\/atami.com\\\/it\\\/prodotto\\\/ata-calmag#primaryimage\"},\"image\":{\"@id\":\"https:\\\/\\\/atami.com\\\/it\\\/prodotto\\\/ata-calmag#primaryimage\"},\"thumbnailUrl\":\"https:\\\/\\\/atami.com\\\/wp-content\\\/uploads\\\/2023\\\/02\\\/ATA-Calmag-product-image-1.webp\",\"datePublished\":\"2023-02-09T10:22:15+00:00\",\"dateModified\":\"2025-11-10T13:22:59+00:00\",\"description\":\"Scopri ATA Calmag, il supplemento ideale per migliorare la salute delle tue piante. Arricchito con calcio e magnesio, aiuta a prevenire carenze e a favorire una crescita robusta. Acquista ora per risultati ottimali!\",\"breadcrumb\":{\"@id\":\"https:\\\/\\\/atami.com\\\/it\\\/prodotto\\\/ata-calmag#breadcrumb\"},\"inLanguage\":\"it-IT\",\"potentialAction\":[{\"@type\":\"ReadAction\",\"target\":[\"https:\\\/\\\/atami.com\\\/it\\\/prodotto\\\/ata-calmag\"]}]},{\"@type\":\"ImageObject\",\"inLanguage\":\"it-IT\",\"@id\":\"https:\\\/\\\/atami.com\\\/it\\\/prodotto\\\/ata-calmag#primaryimage\",\"url\":\"https:\\\/\\\/atami.com\\\/wp-content\\\/uploads\\\/2023\\\/02\\\/ATA-Calmag-product-image-1.webp\",\"contentUrl\":\"https:\\\/\\\/atami.com\\\/wp-content\\\/uploads\\\/2023\\\/02\\\/ATA-Calmag-product-image-1.webp\",\"width\":1080,\"height\":1080,\"caption\":\"ATA Calmag fornisce ulteriore calcio e magnesio per rafforzare la struttura della pianta e migliorare l'assorbimento dei nutrienti.\"},{\"@type\":\"BreadcrumbList\",\"@id\":\"https:\\\/\\\/atami.com\\\/it\\\/prodotto\\\/ata-calmag#breadcrumb\",\"itemListElement\":[{\"@type\":\"ListItem\",\"position\":1,\"name\":\"Home\",\"item\":\"https:\\\/\\\/atami.com\\\/it\"},{\"@type\":\"ListItem\",\"position\":2,\"name\":\"Prodotti\",\"item\":\"https:\\\/\\\/atami.com\\\/it\\\/shop\"},{\"@type\":\"ListItem\",\"position\":3,\"name\":\"Marche\",\"item\":\"https:\\\/\\\/atami.com\\\/it\\\/categoria-prodotto\\\/marche\"},{\"@type\":\"ListItem\",\"position\":4,\"name\":\"ATA\",\"item\":\"https:\\\/\\\/atami.com\\\/it\\\/categoria-prodotto\\\/marche\\\/ata\"},{\"@type\":\"ListItem\",\"position\":5,\"name\":\"ATA Calmag\"}]},{\"@type\":\"WebSite\",\"@id\":\"https:\\\/\\\/atami.com\\\/it#website\",\"url\":\"https:\\\/\\\/atami.com\\\/it\",\"name\":\"Atami\",\"description\":\"NATURALLY INNOVATING!\",\"publisher\":{\"@id\":\"https:\\\/\\\/atami.com\\\/it#organization\"},\"potentialAction\":[{\"@type\":\"SearchAction\",\"target\":{\"@type\":\"EntryPoint\",\"urlTemplate\":\"https:\\\/\\\/atami.com\\\/it?s={search_term_string}\"},\"query-input\":{\"@type\":\"PropertyValueSpecification\",\"valueRequired\":true,\"valueName\":\"search_term_string\"}}],\"inLanguage\":\"it-IT\"},{\"@type\":\"Organization\",\"@id\":\"https:\\\/\\\/atami.com\\\/it#organization\",\"name\":\"Atami\",\"url\":\"https:\\\/\\\/atami.com\\\/it\",\"logo\":{\"@type\":\"ImageObject\",\"inLanguage\":\"it-IT\",\"@id\":\"https:\\\/\\\/atami.com\\\/it#\\\/schema\\\/logo\\\/image\\\/\",\"url\":\"https:\\\/\\\/atami.com\\\/wp-content\\\/uploads\\\/2026\\\/01\\\/Atami-logo-696x696px.webp\",\"contentUrl\":\"https:\\\/\\\/atami.com\\\/wp-content\\\/uploads\\\/2026\\\/01\\\/Atami-logo-696x696px.webp\",\"width\":696,\"height\":696,\"caption\":\"Atami\"},\"image\":{\"@id\":\"https:\\\/\\\/atami.com\\\/it#\\\/schema\\\/logo\\\/image\\\/\"},\"sameAs\":[\"https:\\\/\\\/www.facebook.com\\\/Atami.International\",\"https:\\\/\\\/x.com\\\/AtamiEU\",\"https:\\\/\\\/www.youtube.com\\\/c\\\/AtamiInternational\",\"https:\\\/\\\/www.instagram.com\\\/atami.international\\\/\"],\"description\":\"ATAMI is a premium plant nutrition & substrate brand founded in 1997 with the mission to make exceptional cultivation achievable for everyone. From legacy to license, we offer a wide variety of innovating award-winning products to let cultivators achieve maximum results in taste & yield.\",\"email\":\"info@mginnovations.es\",\"legalName\":\"Atami\",\"numberOfEmployees\":{\"@type\":\"QuantitativeValue\",\"minValue\":\"11\",\"maxValue\":\"50\"}}]}<\/script>\n<!-- \/ Yoast SEO Premium plugin. -->","yoast_head_json":{"title":"ATA Calmag: Il miglior supporto per piante forti e sane | Atami","description":"Scopri ATA Calmag, il supplemento ideale per migliorare la salute delle tue piante. Arricchito con calcio e magnesio, aiuta a prevenire carenze e a favorire una crescita robusta. Acquista ora per risultati ottimali!","robots":{"index":"index","follow":"follow","max-snippet":"max-snippet:-1","max-image-preview":"max-image-preview:large","max-video-preview":"max-video-preview:-1"},"canonical":"https:\/\/atami.com\/it\/prodotto\/ata-calmag","og_locale":"it_IT","og_type":"article","og_title":"ATA Calmag","og_description":"Scopri ATA Calmag, il supplemento ideale per migliorare la salute delle tue piante. Arricchito con calcio e magnesio, aiuta a prevenire carenze e a favorire una crescita robusta. Acquista ora per risultati ottimali!","og_url":"https:\/\/atami.com\/it\/prodotto\/ata-calmag","og_site_name":"Atami","article_publisher":"https:\/\/www.facebook.com\/Atami.International","article_modified_time":"2025-11-10T13:22:59+00:00","og_image":[{"width":1080,"height":1080,"url":"https:\/\/atami.com\/wp-content\/uploads\/2023\/02\/ATA-Calmag-product-image-1.webp","type":"image\/webp"}],"twitter_card":"summary_large_image","twitter_site":"@AtamiEU","twitter_misc":{"Tempo di lettura stimato":"1 minuto"},"schema":{"@context":"https:\/\/schema.org","@graph":[{"@type":"WebPage","@id":"https:\/\/atami.com\/it\/prodotto\/ata-calmag","url":"https:\/\/atami.com\/it\/prodotto\/ata-calmag","name":"ATA Calmag: Il miglior supporto per piante forti e sane | Atami","isPartOf":{"@id":"https:\/\/atami.com\/it#website"},"primaryImageOfPage":{"@id":"https:\/\/atami.com\/it\/prodotto\/ata-calmag#primaryimage"},"image":{"@id":"https:\/\/atami.com\/it\/prodotto\/ata-calmag#primaryimage"},"thumbnailUrl":"https:\/\/atami.com\/wp-content\/uploads\/2023\/02\/ATA-Calmag-product-image-1.webp","datePublished":"2023-02-09T10:22:15+00:00","dateModified":"2025-11-10T13:22:59+00:00","description":"Scopri ATA Calmag, il supplemento ideale per migliorare la salute delle tue piante. Arricchito con calcio e magnesio, aiuta a prevenire carenze e a favorire una crescita robusta. Acquista ora per risultati ottimali!","breadcrumb":{"@id":"https:\/\/atami.com\/it\/prodotto\/ata-calmag#breadcrumb"},"inLanguage":"it-IT","potentialAction":[{"@type":"ReadAction","target":["https:\/\/atami.com\/it\/prodotto\/ata-calmag"]}]},{"@type":"ImageObject","inLanguage":"it-IT","@id":"https:\/\/atami.com\/it\/prodotto\/ata-calmag#primaryimage","url":"https:\/\/atami.com\/wp-content\/uploads\/2023\/02\/ATA-Calmag-product-image-1.webp","contentUrl":"https:\/\/atami.com\/wp-content\/uploads\/2023\/02\/ATA-Calmag-product-image-1.webp","width":1080,"height":1080,"caption":"ATA Calmag fornisce ulteriore calcio e magnesio per rafforzare la struttura della pianta e migliorare l'assorbimento dei nutrienti."},{"@type":"BreadcrumbList","@id":"https:\/\/atami.com\/it\/prodotto\/ata-calmag#breadcrumb","itemListElement":[{"@type":"ListItem","position":1,"name":"Home","item":"https:\/\/atami.com\/it"},{"@type":"ListItem","position":2,"name":"Prodotti","item":"https:\/\/atami.com\/it\/shop"},{"@type":"ListItem","position":3,"name":"Marche","item":"https:\/\/atami.com\/it\/categoria-prodotto\/marche"},{"@type":"ListItem","position":4,"name":"ATA","item":"https:\/\/atami.com\/it\/categoria-prodotto\/marche\/ata"},{"@type":"ListItem","position":5,"name":"ATA Calmag"}]},{"@type":"WebSite","@id":"https:\/\/atami.com\/it#website","url":"https:\/\/atami.com\/it","name":"Atami","description":"NATURALLY INNOVATING!","publisher":{"@id":"https:\/\/atami.com\/it#organization"},"potentialAction":[{"@type":"SearchAction","target":{"@type":"EntryPoint","urlTemplate":"https:\/\/atami.com\/it?s={search_term_string}"},"query-input":{"@type":"PropertyValueSpecification","valueRequired":true,"valueName":"search_term_string"}}],"inLanguage":"it-IT"},{"@type":"Organization","@id":"https:\/\/atami.com\/it#organization","name":"Atami","url":"https:\/\/atami.com\/it","logo":{"@type":"ImageObject","inLanguage":"it-IT","@id":"https:\/\/atami.com\/it#\/schema\/logo\/image\/","url":"https:\/\/atami.com\/wp-content\/uploads\/2026\/01\/Atami-logo-696x696px.webp","contentUrl":"https:\/\/atami.com\/wp-content\/uploads\/2026\/01\/Atami-logo-696x696px.webp","width":696,"height":696,"caption":"Atami"},"image":{"@id":"https:\/\/atami.com\/it#\/schema\/logo\/image\/"},"sameAs":["https:\/\/www.facebook.com\/Atami.International","https:\/\/x.com\/AtamiEU","https:\/\/www.youtube.com\/c\/AtamiInternational","https:\/\/www.instagram.com\/atami.international\/"],"description":"ATAMI is a premium plant nutrition & substrate brand founded in 1997 with the mission to make exceptional cultivation achievable for everyone. From legacy to license, we offer a wide variety of innovating award-winning products to let cultivators achieve maximum results in taste & yield.","email":"info@mginnovations.es","legalName":"Atami","numberOfEmployees":{"@type":"QuantitativeValue","minValue":"11","maxValue":"50"}}]}},"_links":{"self":[{"href":"https:\/\/atami.com\/it\/wp-json\/wp\/v2\/product\/46177","targetHints":{"allow":["GET"]}}],"collection":[{"href":"https:\/\/atami.com\/it\/wp-json\/wp\/v2\/product"}],"about":[{"href":"https:\/\/atami.com\/it\/wp-json\/wp\/v2\/types\/product"}],"replies":[{"embeddable":true,"href":"https:\/\/atami.com\/it\/wp-json\/wp\/v2\/comments?post=46177"}],"wp:featuredmedia":[{"embeddable":true,"href":"https:\/\/atami.com\/it\/wp-json\/wp\/v2\/media\/202650"}],"wp:attachment":[{"href":"https:\/\/atami.com\/it\/wp-json\/wp\/v2\/media?parent=46177"}],"wp:term":[{"taxonomy":"product_brand","embeddable":true,"href":"https:\/\/atami.com\/it\/wp-json\/wp\/v2\/product_brand?post=46177"},{"taxonomy":"product_cat","embeddable":true,"href":"https:\/\/atami.com\/it\/wp-json\/wp\/v2\/product_cat?post=46177"},{"taxonomy":"product_tag","embeddable":true,"href":"https:\/\/atami.com\/it\/wp-json\/wp\/v2\/product_tag?post=46177"}],"curies":[{"name":"wp","href":"https:\/\/api.w.org\/{rel}","templated":true}]}}