{"id":46176,"date":"2023-02-09T10:11:59","date_gmt":"2023-02-09T10:11:59","guid":{"rendered":"https:\/\/atami.com\/product\/ata-pk-13-14\/"},"modified":"2025-11-10T15:22:39","modified_gmt":"2025-11-10T13:22:39","slug":"ata-pk-13-14","status":"publish","type":"product","link":"https:\/\/atami.com\/it\/prodotto\/ata-pk-13-14","title":{"rendered":"ATA PK 13-14"},"content":{"rendered":"<p><strong>ATA PK 13-14 \u00e8 un integratore universale da aggiungere all\u2019acqua durante il periodo di fioritura della <\/strong><br \/>\n<strong>pianta insieme ai nutrienti di base. Gli ingredienti, il fosforo e il potassio, rivestono una grande <\/strong><br \/>\n<strong>importanza, poich\u00e9 la pianta necessita di una maggiore quantit\u00e0 di questi nutrienti primari durante la <\/strong><br \/>\n<strong>fase di fioritura.<\/strong><br \/>\nDurante la fioritura, il fosforo \u00e8 importante per l\u2019accumulo e il trasporto dell\u2019energia proveniente dalla <br \/>\nluce solare assorbita durante la fotosintesi: il fosforo contribuisce alla distribuzione di questa energia <br \/>\nall\u2019intera pianta. Il potassio partecipa a tutti i processi di formazione dei fiori e di frutti saporiti, ad <br \/>\nesempio il trasporto di zucchero ed enzimi per la produzione di amido.<\/p>\n<p>\n<strong>PARTICOLARMENTE IDONEO PER<\/strong><br \/>\nATA PK 13-14 \u00e8 un nutriente universale, adatto a diversi tipi di frutta, verdura ed erbe, come peperoni, <br \/>\npeperoncini e mirtilli.<br \/>\nPu\u00f2 essere utilizzato anche per piante da fiore ornamentali (come begonia e buddleia). \u00c8 possibile <br \/>\nmisurare il dosaggio necessario per soddisfare le esigenze delle singole piante o colture.<\/p>\n<p>\n<strong>APPLICAZIONE<\/strong><br \/>\nAdatto come ulteriore supplemento alla regolare nutrizione NPK per la coltivazione idroponica, in <br \/>\nterra e in cocco. Aggiungere alla soluzione nutriente dalla prima settimana di fioritura. Aumentare <br \/>\nlentamente il dosaggio per permettere alle piante di abituarsi e ottenere risultati eccellenti. Pu\u00f2 <br \/>\nessere utilizzato quotidianamente per l\u2019irrigazione delle colture durante il periodo di fioritura. <br \/>\nRisciacquare il substrato con acqua ed enzimi l\u2019ultima settimana prima del raccolto.<\/p>\n<p>\n<strong>DOSAGGIO<\/strong><br \/>\nDa 0,25 a 1,5 ml per ogni litro di acqua.<\/p>\n<p>\n<strong>PK 13-14 W\/W<\/strong><\/p>\n<p>\n<strong>DISPONIBILE NEI FORMATI DA 1 LITRO, 5 LITRI, 10 LITRI<\/strong><\/p>\n","protected":false},"excerpt":{"rendered":"<p>Nutrienti per sezione aurea<\/p>\n<p>Fase di fioritura<\/p>\n","protected":false},"featured_media":23824,"comment_status":"closed","ping_status":"closed","template":"","meta":{"_acf_changed":false,"iawp_total_views":122},"product_brand":[],"product_cat":[350,348],"product_tag":[],"class_list":{"0":"post-46176","1":"product","2":"type-product","3":"status-publish","4":"has-post-thumbnail","6":"product_cat-additivi","7":"product_cat-ata","9":"first","10":"instock","11":"shipping-taxable","12":"product-type-simple"},"acf":{"short_description":"<p><strong>ATA PK 13-14 \u00e8 un integratore universale da aggiungere all\u2019acqua durante il periodo di fioritura della pianta insieme ai nutrienti di base. Gli ingredienti, il fosforo e il potassio, rivestono una grande importanza, poich\u00e9 la pianta necessita di una maggiore quantit\u00e0 di questi nutrienti primari durante la fase di fioritura.<\/strong><br \/>Durante la fioritura, il fosforo \u00e8 importante per l\u2019accumulo e il trasporto dell\u2019energia proveniente dalla luce solare assorbita durante la fotosintesi: il fosforo contribuisce alla distribuzione di questa energia all\u2019intera pianta. Il potassio partecipa a tutti i processi di formazione dei fiori e di frutti saporiti, ad esempio il trasporto di zucchero ed enzimi per la produzione di amido.<\/p>","suitable_for":"<p>ATA PK 13-14 \u00e8 un nutriente universale, adatto a diversi tipi di frutta, verdura ed erbe, come peperoni, peperoncini e mirtilli. Pu\u00f2 essere utilizzato anche per piante da fiore ornamentali (come begonia e buddleia). \u00c8 possibile misurare il dosaggio necessario per soddisfare le esigenze delle singole piante o colture.<\/p>","application":"<p>Adatto come ulteriore supplemento alla regolare nutrizione NPK per la coltivazione idroponica, in terra e in cocco. Aggiungere alla soluzione nutriente dalla prima settimana di fioritura. Aumentare lentamente il dosaggio per permettere alle piante di abituarsi e ottenere risultati eccellenti. Pu\u00f2 essere utilizzato quotidianamente per l\u2019irrigazione delle colture durante il periodo di fioritura. Risciacquare il substrato con acqua ed enzimi l\u2019ultima settimana prima del raccolto.<\/p>","dosage":"<p>Da 0,25 a 1,5 ml per ogni litro di acqua.<\/p>","npk_ratio":"<p>PK 13-14 W\/W<\/p>","available_in":"<p>1 LITRO, 5 LITRI, 10 LITRI<\/p>","icon_1":5799,"icon_1_text":"PROPORZIONE PERFETTA DI FOSFORO E POTASSIO","icon_2":5803,"icon_2_text":"FIORI E FRUTTI VOLUMINOSI E COMPATTI","icon_3":5807,"icon_3_text":"STIMOLA LA FRUTTIFICAZIONE","icon_4":"","icon_4_text":"","video":"https:\/\/youtu.be\/5LDZgjDxKZM","second_image":5795,"product_image_page":5891,"user_manual":"","new_icon_1":"","new_icon_2":"","new_icon_3":"","new_icon_4":"","grow_guides":"","category":"Additivo"},"yoast_head":"<!-- This site is optimized with the Yoast SEO Premium plugin v27.4 (Yoast SEO v27.4) - https:\/\/yoast.com\/product\/yoast-seo-premium-wordpress\/ -->\n<title>ATA PK 13-14: Stimola la fioritura per una raccolta abbondante<\/title>\n<meta name=\"description\" content=\"Scopri ATA PK 13-14, il fertilizzante ideale per stimolare una fioritura potente e ottenere raccolti abbondanti. Approfitta dei benefici di questo prodotto di alta qualit\u00e0 per le tue piante.\" \/>\n<meta name=\"robots\" content=\"index, follow, max-snippet:-1, max-image-preview:large, max-video-preview:-1\" \/>\n<link rel=\"canonical\" href=\"https:\/\/atami.com\/it\/prodotto\/ata-pk-13-14\" \/>\n<meta property=\"og:locale\" content=\"it_IT\" \/>\n<meta property=\"og:type\" content=\"article\" \/>\n<meta property=\"og:title\" content=\"ATA PK 13-14\" \/>\n<meta property=\"og:description\" content=\"Scopri ATA PK 13-14, il fertilizzante ideale per stimolare una fioritura potente e ottenere raccolti abbondanti. Approfitta dei benefici di questo prodotto di alta qualit\u00e0 per le tue piante.\" \/>\n<meta property=\"og:url\" content=\"https:\/\/atami.com\/it\/prodotto\/ata-pk-13-14\" \/>\n<meta property=\"og:site_name\" content=\"Atami\" \/>\n<meta property=\"article:publisher\" content=\"https:\/\/www.facebook.com\/Atami.International\" \/>\n<meta property=\"article:modified_time\" content=\"2025-11-10T13:22:39+00:00\" \/>\n<meta property=\"og:image\" content=\"https:\/\/atami.com\/wp-content\/uploads\/2023\/02\/PK-13-14-Main-Image.webp\" \/>\n\t<meta property=\"og:image:width\" content=\"1080\" \/>\n\t<meta property=\"og:image:height\" content=\"1080\" \/>\n\t<meta property=\"og:image:type\" content=\"image\/webp\" \/>\n<meta name=\"twitter:card\" content=\"summary_large_image\" \/>\n<meta name=\"twitter:site\" content=\"@AtamiEU\" \/>\n<meta name=\"twitter:label1\" content=\"Tempo di lettura stimato\" \/>\n\t<meta name=\"twitter:data1\" content=\"2 minuti\" \/>\n<script type=\"application\/ld+json\" class=\"yoast-schema-graph\">{\"@context\":\"https:\\\/\\\/schema.org\",\"@graph\":[{\"@type\":\"WebPage\",\"@id\":\"https:\\\/\\\/atami.com\\\/it\\\/prodotto\\\/ata-pk-13-14\",\"url\":\"https:\\\/\\\/atami.com\\\/it\\\/prodotto\\\/ata-pk-13-14\",\"name\":\"ATA PK 13-14: Stimola la fioritura per una raccolta abbondante\",\"isPartOf\":{\"@id\":\"https:\\\/\\\/atami.com\\\/it#website\"},\"primaryImageOfPage\":{\"@id\":\"https:\\\/\\\/atami.com\\\/it\\\/prodotto\\\/ata-pk-13-14#primaryimage\"},\"image\":{\"@id\":\"https:\\\/\\\/atami.com\\\/it\\\/prodotto\\\/ata-pk-13-14#primaryimage\"},\"thumbnailUrl\":\"https:\\\/\\\/atami.com\\\/wp-content\\\/uploads\\\/2023\\\/02\\\/PK-13-14-Main-Image.webp\",\"datePublished\":\"2023-02-09T10:11:59+00:00\",\"dateModified\":\"2025-11-10T13:22:39+00:00\",\"description\":\"Scopri ATA PK 13-14, il fertilizzante ideale per stimolare una fioritura potente e ottenere raccolti abbondanti. Approfitta dei benefici di questo prodotto di alta qualit\u00e0 per le tue piante.\",\"breadcrumb\":{\"@id\":\"https:\\\/\\\/atami.com\\\/it\\\/prodotto\\\/ata-pk-13-14#breadcrumb\"},\"inLanguage\":\"it-IT\",\"potentialAction\":[{\"@type\":\"ReadAction\",\"target\":[\"https:\\\/\\\/atami.com\\\/it\\\/prodotto\\\/ata-pk-13-14\"]}]},{\"@type\":\"ImageObject\",\"inLanguage\":\"it-IT\",\"@id\":\"https:\\\/\\\/atami.com\\\/it\\\/prodotto\\\/ata-pk-13-14#primaryimage\",\"url\":\"https:\\\/\\\/atami.com\\\/wp-content\\\/uploads\\\/2023\\\/02\\\/PK-13-14-Main-Image.webp\",\"contentUrl\":\"https:\\\/\\\/atami.com\\\/wp-content\\\/uploads\\\/2023\\\/02\\\/PK-13-14-Main-Image.webp\",\"width\":1080,\"height\":1080,\"caption\":\"ATA PK 13-14 fornisce fosforo e potassio essenziali durante la fase di fioritura, promuovendo la distribuzione dell'energia e favorendo la formazione di fiori e frutti saporiti.\"},{\"@type\":\"BreadcrumbList\",\"@id\":\"https:\\\/\\\/atami.com\\\/it\\\/prodotto\\\/ata-pk-13-14#breadcrumb\",\"itemListElement\":[{\"@type\":\"ListItem\",\"position\":1,\"name\":\"Home\",\"item\":\"https:\\\/\\\/atami.com\\\/it\"},{\"@type\":\"ListItem\",\"position\":2,\"name\":\"Prodotti\",\"item\":\"https:\\\/\\\/atami.com\\\/it\\\/shop\"},{\"@type\":\"ListItem\",\"position\":3,\"name\":\"Marche\",\"item\":\"https:\\\/\\\/atami.com\\\/it\\\/categoria-prodotto\\\/marche\"},{\"@type\":\"ListItem\",\"position\":4,\"name\":\"ATA\",\"item\":\"https:\\\/\\\/atami.com\\\/it\\\/categoria-prodotto\\\/marche\\\/ata\"},{\"@type\":\"ListItem\",\"position\":5,\"name\":\"ATA PK 13-14\"}]},{\"@type\":\"WebSite\",\"@id\":\"https:\\\/\\\/atami.com\\\/it#website\",\"url\":\"https:\\\/\\\/atami.com\\\/it\",\"name\":\"Atami\",\"description\":\"NATURALLY INNOVATING!\",\"publisher\":{\"@id\":\"https:\\\/\\\/atami.com\\\/it#organization\"},\"potentialAction\":[{\"@type\":\"SearchAction\",\"target\":{\"@type\":\"EntryPoint\",\"urlTemplate\":\"https:\\\/\\\/atami.com\\\/it?s={search_term_string}\"},\"query-input\":{\"@type\":\"PropertyValueSpecification\",\"valueRequired\":true,\"valueName\":\"search_term_string\"}}],\"inLanguage\":\"it-IT\"},{\"@type\":\"Organization\",\"@id\":\"https:\\\/\\\/atami.com\\\/it#organization\",\"name\":\"Atami\",\"url\":\"https:\\\/\\\/atami.com\\\/it\",\"logo\":{\"@type\":\"ImageObject\",\"inLanguage\":\"it-IT\",\"@id\":\"https:\\\/\\\/atami.com\\\/it#\\\/schema\\\/logo\\\/image\\\/\",\"url\":\"https:\\\/\\\/atami.com\\\/wp-content\\\/uploads\\\/2026\\\/01\\\/Atami-logo-696x696px.webp\",\"contentUrl\":\"https:\\\/\\\/atami.com\\\/wp-content\\\/uploads\\\/2026\\\/01\\\/Atami-logo-696x696px.webp\",\"width\":696,\"height\":696,\"caption\":\"Atami\"},\"image\":{\"@id\":\"https:\\\/\\\/atami.com\\\/it#\\\/schema\\\/logo\\\/image\\\/\"},\"sameAs\":[\"https:\\\/\\\/www.facebook.com\\\/Atami.International\",\"https:\\\/\\\/x.com\\\/AtamiEU\",\"https:\\\/\\\/www.youtube.com\\\/c\\\/AtamiInternational\",\"https:\\\/\\\/www.instagram.com\\\/atami.international\\\/\"],\"description\":\"ATAMI is a premium plant nutrition & substrate brand founded in 1997 with the mission to make exceptional cultivation achievable for everyone. From legacy to license, we offer a wide variety of innovating award-winning products to let cultivators achieve maximum results in taste & yield.\",\"email\":\"info@mginnovations.es\",\"legalName\":\"Atami\",\"numberOfEmployees\":{\"@type\":\"QuantitativeValue\",\"minValue\":\"11\",\"maxValue\":\"50\"}}]}<\/script>\n<!-- \/ Yoast SEO Premium plugin. -->","yoast_head_json":{"title":"ATA PK 13-14: Stimola la fioritura per una raccolta abbondante","description":"Scopri ATA PK 13-14, il fertilizzante ideale per stimolare una fioritura potente e ottenere raccolti abbondanti. Approfitta dei benefici di questo prodotto di alta qualit\u00e0 per le tue piante.","robots":{"index":"index","follow":"follow","max-snippet":"max-snippet:-1","max-image-preview":"max-image-preview:large","max-video-preview":"max-video-preview:-1"},"canonical":"https:\/\/atami.com\/it\/prodotto\/ata-pk-13-14","og_locale":"it_IT","og_type":"article","og_title":"ATA PK 13-14","og_description":"Scopri ATA PK 13-14, il fertilizzante ideale per stimolare una fioritura potente e ottenere raccolti abbondanti. Approfitta dei benefici di questo prodotto di alta qualit\u00e0 per le tue piante.","og_url":"https:\/\/atami.com\/it\/prodotto\/ata-pk-13-14","og_site_name":"Atami","article_publisher":"https:\/\/www.facebook.com\/Atami.International","article_modified_time":"2025-11-10T13:22:39+00:00","og_image":[{"width":1080,"height":1080,"url":"https:\/\/atami.com\/wp-content\/uploads\/2023\/02\/PK-13-14-Main-Image.webp","type":"image\/webp"}],"twitter_card":"summary_large_image","twitter_site":"@AtamiEU","twitter_misc":{"Tempo di lettura stimato":"2 minuti"},"schema":{"@context":"https:\/\/schema.org","@graph":[{"@type":"WebPage","@id":"https:\/\/atami.com\/it\/prodotto\/ata-pk-13-14","url":"https:\/\/atami.com\/it\/prodotto\/ata-pk-13-14","name":"ATA PK 13-14: Stimola la fioritura per una raccolta abbondante","isPartOf":{"@id":"https:\/\/atami.com\/it#website"},"primaryImageOfPage":{"@id":"https:\/\/atami.com\/it\/prodotto\/ata-pk-13-14#primaryimage"},"image":{"@id":"https:\/\/atami.com\/it\/prodotto\/ata-pk-13-14#primaryimage"},"thumbnailUrl":"https:\/\/atami.com\/wp-content\/uploads\/2023\/02\/PK-13-14-Main-Image.webp","datePublished":"2023-02-09T10:11:59+00:00","dateModified":"2025-11-10T13:22:39+00:00","description":"Scopri ATA PK 13-14, il fertilizzante ideale per stimolare una fioritura potente e ottenere raccolti abbondanti. Approfitta dei benefici di questo prodotto di alta qualit\u00e0 per le tue piante.","breadcrumb":{"@id":"https:\/\/atami.com\/it\/prodotto\/ata-pk-13-14#breadcrumb"},"inLanguage":"it-IT","potentialAction":[{"@type":"ReadAction","target":["https:\/\/atami.com\/it\/prodotto\/ata-pk-13-14"]}]},{"@type":"ImageObject","inLanguage":"it-IT","@id":"https:\/\/atami.com\/it\/prodotto\/ata-pk-13-14#primaryimage","url":"https:\/\/atami.com\/wp-content\/uploads\/2023\/02\/PK-13-14-Main-Image.webp","contentUrl":"https:\/\/atami.com\/wp-content\/uploads\/2023\/02\/PK-13-14-Main-Image.webp","width":1080,"height":1080,"caption":"ATA PK 13-14 fornisce fosforo e potassio essenziali durante la fase di fioritura, promuovendo la distribuzione dell'energia e favorendo la formazione di fiori e frutti saporiti."},{"@type":"BreadcrumbList","@id":"https:\/\/atami.com\/it\/prodotto\/ata-pk-13-14#breadcrumb","itemListElement":[{"@type":"ListItem","position":1,"name":"Home","item":"https:\/\/atami.com\/it"},{"@type":"ListItem","position":2,"name":"Prodotti","item":"https:\/\/atami.com\/it\/shop"},{"@type":"ListItem","position":3,"name":"Marche","item":"https:\/\/atami.com\/it\/categoria-prodotto\/marche"},{"@type":"ListItem","position":4,"name":"ATA","item":"https:\/\/atami.com\/it\/categoria-prodotto\/marche\/ata"},{"@type":"ListItem","position":5,"name":"ATA PK 13-14"}]},{"@type":"WebSite","@id":"https:\/\/atami.com\/it#website","url":"https:\/\/atami.com\/it","name":"Atami","description":"NATURALLY INNOVATING!","publisher":{"@id":"https:\/\/atami.com\/it#organization"},"potentialAction":[{"@type":"SearchAction","target":{"@type":"EntryPoint","urlTemplate":"https:\/\/atami.com\/it?s={search_term_string}"},"query-input":{"@type":"PropertyValueSpecification","valueRequired":true,"valueName":"search_term_string"}}],"inLanguage":"it-IT"},{"@type":"Organization","@id":"https:\/\/atami.com\/it#organization","name":"Atami","url":"https:\/\/atami.com\/it","logo":{"@type":"ImageObject","inLanguage":"it-IT","@id":"https:\/\/atami.com\/it#\/schema\/logo\/image\/","url":"https:\/\/atami.com\/wp-content\/uploads\/2026\/01\/Atami-logo-696x696px.webp","contentUrl":"https:\/\/atami.com\/wp-content\/uploads\/2026\/01\/Atami-logo-696x696px.webp","width":696,"height":696,"caption":"Atami"},"image":{"@id":"https:\/\/atami.com\/it#\/schema\/logo\/image\/"},"sameAs":["https:\/\/www.facebook.com\/Atami.International","https:\/\/x.com\/AtamiEU","https:\/\/www.youtube.com\/c\/AtamiInternational","https:\/\/www.instagram.com\/atami.international\/"],"description":"ATAMI is a premium plant nutrition & substrate brand founded in 1997 with the mission to make exceptional cultivation achievable for everyone. From legacy to license, we offer a wide variety of innovating award-winning products to let cultivators achieve maximum results in taste & yield.","email":"info@mginnovations.es","legalName":"Atami","numberOfEmployees":{"@type":"QuantitativeValue","minValue":"11","maxValue":"50"}}]}},"_links":{"self":[{"href":"https:\/\/atami.com\/it\/wp-json\/wp\/v2\/product\/46176","targetHints":{"allow":["GET"]}}],"collection":[{"href":"https:\/\/atami.com\/it\/wp-json\/wp\/v2\/product"}],"about":[{"href":"https:\/\/atami.com\/it\/wp-json\/wp\/v2\/types\/product"}],"replies":[{"embeddable":true,"href":"https:\/\/atami.com\/it\/wp-json\/wp\/v2\/comments?post=46176"}],"wp:featuredmedia":[{"embeddable":true,"href":"https:\/\/atami.com\/it\/wp-json\/wp\/v2\/media\/23824"}],"wp:attachment":[{"href":"https:\/\/atami.com\/it\/wp-json\/wp\/v2\/media?parent=46176"}],"wp:term":[{"taxonomy":"product_brand","embeddable":true,"href":"https:\/\/atami.com\/it\/wp-json\/wp\/v2\/product_brand?post=46176"},{"taxonomy":"product_cat","embeddable":true,"href":"https:\/\/atami.com\/it\/wp-json\/wp\/v2\/product_cat?post=46176"},{"taxonomy":"product_tag","embeddable":true,"href":"https:\/\/atami.com\/it\/wp-json\/wp\/v2\/product_tag?post=46176"}],"curies":[{"name":"wp","href":"https:\/\/api.w.org\/{rel}","templated":true}]}}