{"id":46175,"date":"2023-02-08T13:25:05","date_gmt":"2023-02-08T13:25:05","guid":{"rendered":"https:\/\/atami.com\/product\/ata-xl\/"},"modified":"2025-11-10T14:39:51","modified_gmt":"2025-11-10T12:39:51","slug":"ata-xl","status":"publish","type":"product","link":"https:\/\/atami.com\/it\/prodotto\/ata-xl","title":{"rendered":"ATA-XL"},"content":{"rendered":"<p><strong>ATA-XL \u00e8 un prodotto speciale: in qualit\u00e0 di stimolante della crescita e della fioritura, \u00e8 unico sul <\/strong><br \/>\n<strong>mercato. Questo prodotto universale contiene estratti vegetali, acidi umici e P:K minerali per un <\/strong><br \/>\n<strong>apporto di nutrienti ottimale alla pianta durante la fase vegetativa e di fioritura.<\/strong><br \/>\nGli acidi umici di ATA-XL esercitano un effetto chelante che li rende maggiormente assorbibili per la <br \/>\npianta. Questi acidi presentano anche un effetto stimolante sui peli radicali, migliorando la capacit\u00e0 <br \/>\ndelle radici di assorbire i nutrienti. Un buon dosaggio dei nutrienti PK primari risulta ideale all\u2019inizio <br \/>\ndella fase di fioritura, in quanto questi elementi sono responsabili dell\u2019accumulo e del trasporto di <br \/>\nenergia e aumentano il volume di fiori e frutti.<\/p>\n<p>\n<strong>PARTICOLARMENTE IDONEO PER<\/strong><br \/>\nATA-XL \u00e8 un nutriente universale, adatto a diversi tipi di frutta, verdura ed erbe, come mirtilli, lamponi <br \/>\ne fragole. Pu\u00f2 essere utilizzato anche per piante da fiore ornamentali (come orchidee e anturio). \u00c8 <br \/>\npossibile misurare il dosaggio necessario per soddisfare le esigenze delle singole piante o colture.<\/p>\n<p>\n<strong>APPLICAZIONE<\/strong><br \/>\nPu\u00f2 essere utilizzato durante l\u2019intero ciclo in seguito alla radicazione. Da usare in aggiunta alla <br \/>\nregolare nutrizione NPK. Adatto a coltivazione in terra, in cocco e idroponica.<\/p>\n<p>\n<strong>DOSAGGIO<\/strong><br \/>\n1 ml per ogni litro di acqua.<\/p>\n<p>\n<strong>PK 2-2 W\/W<\/strong><\/p>\n<p>\n<strong>DISPONIBILE NEI FORMATI DA 1 LITRO, 5 LITRI E 10 LITRI <\/strong><\/p>\n","protected":false},"excerpt":{"rendered":"<p>Stimolatore della fioritura e della crescita<\/p>\n<p>Radici forti e fiori e frutti con pi\u00f9 volume<\/p>\n","protected":false},"featured_media":23809,"comment_status":"closed","ping_status":"closed","template":"","meta":{"_acf_changed":false,"iawp_total_views":55},"product_brand":[],"product_cat":[348,346],"product_tag":[],"class_list":{"0":"post-46175","1":"product","2":"type-product","3":"status-publish","4":"has-post-thumbnail","6":"product_cat-ata","7":"product_cat-stimolanti","9":"first","10":"instock","11":"shipping-taxable","12":"product-type-simple"},"acf":{"short_description":"<p><strong>ATA-XL \u00e8 un prodotto speciale: in qualit\u00e0 di stimolante della crescita e della fioritura, \u00e8 unico sul mercato. Questo prodotto universale contiene estratti vegetali, acidi umici e P:K minerali per un apporto di nutrienti ottimale alla pianta durante la fase vegetativa e di fioritura.<\/strong><br \/>Gli acidi umici di ATA-XL esercitano un effetto chelante che li rende maggiormente assorbibili per la pianta. Questi acidi presentano anche un effetto stimolante sui peli radicali, migliorando la capacit\u00e0 delle radici di assorbire i nutrienti. Un buon dosaggio dei nutrienti PK primari risulta ideale all\u2019inizio della fase di fioritura, in quanto questi elementi sono responsabili dell\u2019accumulo e del trasporto di energia e aumentano il volume di fiori e frutti.<\/p>","suitable_for":"<p>ATA-XL \u00e8 un nutriente universale, adatto a diversi tipi di frutta, verdura ed erbe, come mirtilli, lamponi e fragole. Pu\u00f2 essere utilizzato anche per piante da fiore ornamentali (come orchidee e anturio). \u00c8 possibile misurare il dosaggio necessario per soddisfare le esigenze delle singole piante o colture.<\/p>","application":"<p>Pu\u00f2 essere utilizzato durante l\u2019intero ciclo in seguito alla radicazione. Da usare in aggiunta alla regolare nutrizione NPK. Adatto a coltivazione in terra, in cocco e idroponica.<\/p>","dosage":"<p>1 ml per ogni litro di acqua.<\/p>","npk_ratio":"<p>PK 2-2 W\/W<\/p>","available_in":"<p>1 LITRO, 5 LITRI E 10 LITRI<\/p>","icon_1":5783,"icon_1_text":"STIMOLANTE DELLA CRESCITA E DELLA FIORITURA DUE IN UNO","icon_2":5787,"icon_2_text":"STIMOLA I PELI RADICALI PER RADICI FORTI: CONTIENE ACIDI UMICI CHE FACILITANO  L\u2019ASSORBIMENTO DEI NUTRIENTI DA PARTE DELLE PIANTE","icon_3":5791,"icon_3_text":"FIORI E FRUTTI CON PI\u00d9 VOLUME","icon_4":"","icon_4_text":"","video":"https:\/\/youtu.be\/EneYy12PWzg","second_image":5779,"product_image_page":5887,"user_manual":"","new_icon_1":"","new_icon_2":"","new_icon_3":"","new_icon_4":"","grow_guides":"","category":"Stimolatore"},"yoast_head":"<!-- This site is optimized with the Yoast SEO Premium plugin v27.4 (Yoast SEO v27.4) - https:\/\/yoast.com\/product\/yoast-seo-premium-wordpress\/ -->\n<title>ATA-XL: Stimolatore Universale per Fiori, Frutti e Radici Pi\u00f9 Forti<\/title>\n<meta name=\"description\" content=\"ATA-XL \u00e8 il nutriente ideale per aumentare il volume di fiori e frutti. Contiene acidi umici e nutrienti PK per un&#039;ottimale crescita delle radici e una fioritura abbondante, perfetto per qualsiasi tipo di pianta.\" \/>\n<meta name=\"robots\" content=\"index, follow, max-snippet:-1, max-image-preview:large, max-video-preview:-1\" \/>\n<link rel=\"canonical\" href=\"https:\/\/atami.com\/it\/prodotto\/ata-xl\" \/>\n<meta property=\"og:locale\" content=\"it_IT\" \/>\n<meta property=\"og:type\" content=\"article\" \/>\n<meta property=\"og:title\" content=\"ATA-XL\" \/>\n<meta property=\"og:description\" content=\"ATA-XL \u00e8 il nutriente ideale per aumentare il volume di fiori e frutti. Contiene acidi umici e nutrienti PK per un&#039;ottimale crescita delle radici e una fioritura abbondante, perfetto per qualsiasi tipo di pianta.\" \/>\n<meta property=\"og:url\" content=\"https:\/\/atami.com\/it\/prodotto\/ata-xl\" \/>\n<meta property=\"og:site_name\" content=\"Atami\" \/>\n<meta property=\"article:publisher\" content=\"https:\/\/www.facebook.com\/Atami.International\" \/>\n<meta property=\"article:modified_time\" content=\"2025-11-10T12:39:51+00:00\" \/>\n<meta property=\"og:image\" content=\"https:\/\/atami.com\/wp-content\/uploads\/2023\/02\/ATA-XL-Main-Image.webp\" \/>\n\t<meta property=\"og:image:width\" content=\"1080\" \/>\n\t<meta property=\"og:image:height\" content=\"1080\" \/>\n\t<meta property=\"og:image:type\" content=\"image\/webp\" \/>\n<meta name=\"twitter:card\" content=\"summary_large_image\" \/>\n<meta name=\"twitter:site\" content=\"@AtamiEU\" \/>\n<meta name=\"twitter:label1\" content=\"Tempo di lettura stimato\" \/>\n\t<meta name=\"twitter:data1\" content=\"2 minuti\" \/>\n<script type=\"application\/ld+json\" class=\"yoast-schema-graph\">{\"@context\":\"https:\\\/\\\/schema.org\",\"@graph\":[{\"@type\":\"WebPage\",\"@id\":\"https:\\\/\\\/atami.com\\\/it\\\/prodotto\\\/ata-xl\",\"url\":\"https:\\\/\\\/atami.com\\\/it\\\/prodotto\\\/ata-xl\",\"name\":\"ATA-XL: Stimolatore Universale per Fiori, Frutti e Radici Pi\u00f9 Forti\",\"isPartOf\":{\"@id\":\"https:\\\/\\\/atami.com\\\/it#website\"},\"primaryImageOfPage\":{\"@id\":\"https:\\\/\\\/atami.com\\\/it\\\/prodotto\\\/ata-xl#primaryimage\"},\"image\":{\"@id\":\"https:\\\/\\\/atami.com\\\/it\\\/prodotto\\\/ata-xl#primaryimage\"},\"thumbnailUrl\":\"https:\\\/\\\/atami.com\\\/wp-content\\\/uploads\\\/2023\\\/02\\\/ATA-XL-Main-Image.webp\",\"datePublished\":\"2023-02-08T13:25:05+00:00\",\"dateModified\":\"2025-11-10T12:39:51+00:00\",\"description\":\"ATA-XL \u00e8 il nutriente ideale per aumentare il volume di fiori e frutti. Contiene acidi umici e nutrienti PK per un'ottimale crescita delle radici e una fioritura abbondante, perfetto per qualsiasi tipo di pianta.\",\"breadcrumb\":{\"@id\":\"https:\\\/\\\/atami.com\\\/it\\\/prodotto\\\/ata-xl#breadcrumb\"},\"inLanguage\":\"it-IT\",\"potentialAction\":[{\"@type\":\"ReadAction\",\"target\":[\"https:\\\/\\\/atami.com\\\/it\\\/prodotto\\\/ata-xl\"]}]},{\"@type\":\"ImageObject\",\"inLanguage\":\"it-IT\",\"@id\":\"https:\\\/\\\/atami.com\\\/it\\\/prodotto\\\/ata-xl#primaryimage\",\"url\":\"https:\\\/\\\/atami.com\\\/wp-content\\\/uploads\\\/2023\\\/02\\\/ATA-XL-Main-Image.webp\",\"contentUrl\":\"https:\\\/\\\/atami.com\\\/wp-content\\\/uploads\\\/2023\\\/02\\\/ATA-XL-Main-Image.webp\",\"width\":1080,\"height\":1080,\"caption\":\"ATA-XL promuove radici forti e aumenta il volume dei fiori e dei frutti attraverso la sua miscela unica di ingredienti naturali.\"},{\"@type\":\"BreadcrumbList\",\"@id\":\"https:\\\/\\\/atami.com\\\/it\\\/prodotto\\\/ata-xl#breadcrumb\",\"itemListElement\":[{\"@type\":\"ListItem\",\"position\":1,\"name\":\"Home\",\"item\":\"https:\\\/\\\/atami.com\\\/it\"},{\"@type\":\"ListItem\",\"position\":2,\"name\":\"Prodotti\",\"item\":\"https:\\\/\\\/atami.com\\\/it\\\/shop\"},{\"@type\":\"ListItem\",\"position\":3,\"name\":\"Marche\",\"item\":\"https:\\\/\\\/atami.com\\\/it\\\/categoria-prodotto\\\/marche\"},{\"@type\":\"ListItem\",\"position\":4,\"name\":\"ATA\",\"item\":\"https:\\\/\\\/atami.com\\\/it\\\/categoria-prodotto\\\/marche\\\/ata\"},{\"@type\":\"ListItem\",\"position\":5,\"name\":\"ATA-XL\"}]},{\"@type\":\"WebSite\",\"@id\":\"https:\\\/\\\/atami.com\\\/it#website\",\"url\":\"https:\\\/\\\/atami.com\\\/it\",\"name\":\"Atami\",\"description\":\"NATURALLY INNOVATING!\",\"publisher\":{\"@id\":\"https:\\\/\\\/atami.com\\\/it#organization\"},\"potentialAction\":[{\"@type\":\"SearchAction\",\"target\":{\"@type\":\"EntryPoint\",\"urlTemplate\":\"https:\\\/\\\/atami.com\\\/it?s={search_term_string}\"},\"query-input\":{\"@type\":\"PropertyValueSpecification\",\"valueRequired\":true,\"valueName\":\"search_term_string\"}}],\"inLanguage\":\"it-IT\"},{\"@type\":\"Organization\",\"@id\":\"https:\\\/\\\/atami.com\\\/it#organization\",\"name\":\"Atami\",\"url\":\"https:\\\/\\\/atami.com\\\/it\",\"logo\":{\"@type\":\"ImageObject\",\"inLanguage\":\"it-IT\",\"@id\":\"https:\\\/\\\/atami.com\\\/it#\\\/schema\\\/logo\\\/image\\\/\",\"url\":\"https:\\\/\\\/atami.com\\\/wp-content\\\/uploads\\\/2026\\\/01\\\/Atami-logo-696x696px.webp\",\"contentUrl\":\"https:\\\/\\\/atami.com\\\/wp-content\\\/uploads\\\/2026\\\/01\\\/Atami-logo-696x696px.webp\",\"width\":696,\"height\":696,\"caption\":\"Atami\"},\"image\":{\"@id\":\"https:\\\/\\\/atami.com\\\/it#\\\/schema\\\/logo\\\/image\\\/\"},\"sameAs\":[\"https:\\\/\\\/www.facebook.com\\\/Atami.International\",\"https:\\\/\\\/x.com\\\/AtamiEU\",\"https:\\\/\\\/www.youtube.com\\\/c\\\/AtamiInternational\",\"https:\\\/\\\/www.instagram.com\\\/atami.international\\\/\"],\"description\":\"ATAMI is a premium plant nutrition & substrate brand founded in 1997 with the mission to make exceptional cultivation achievable for everyone. From legacy to license, we offer a wide variety of innovating award-winning products to let cultivators achieve maximum results in taste & yield.\",\"email\":\"info@mginnovations.es\",\"legalName\":\"Atami\",\"numberOfEmployees\":{\"@type\":\"QuantitativeValue\",\"minValue\":\"11\",\"maxValue\":\"50\"}}]}<\/script>\n<!-- \/ Yoast SEO Premium plugin. -->","yoast_head_json":{"title":"ATA-XL: Stimolatore Universale per Fiori, Frutti e Radici Pi\u00f9 Forti","description":"ATA-XL \u00e8 il nutriente ideale per aumentare il volume di fiori e frutti. Contiene acidi umici e nutrienti PK per un'ottimale crescita delle radici e una fioritura abbondante, perfetto per qualsiasi tipo di pianta.","robots":{"index":"index","follow":"follow","max-snippet":"max-snippet:-1","max-image-preview":"max-image-preview:large","max-video-preview":"max-video-preview:-1"},"canonical":"https:\/\/atami.com\/it\/prodotto\/ata-xl","og_locale":"it_IT","og_type":"article","og_title":"ATA-XL","og_description":"ATA-XL \u00e8 il nutriente ideale per aumentare il volume di fiori e frutti. Contiene acidi umici e nutrienti PK per un'ottimale crescita delle radici e una fioritura abbondante, perfetto per qualsiasi tipo di pianta.","og_url":"https:\/\/atami.com\/it\/prodotto\/ata-xl","og_site_name":"Atami","article_publisher":"https:\/\/www.facebook.com\/Atami.International","article_modified_time":"2025-11-10T12:39:51+00:00","og_image":[{"width":1080,"height":1080,"url":"https:\/\/atami.com\/wp-content\/uploads\/2023\/02\/ATA-XL-Main-Image.webp","type":"image\/webp"}],"twitter_card":"summary_large_image","twitter_site":"@AtamiEU","twitter_misc":{"Tempo di lettura stimato":"2 minuti"},"schema":{"@context":"https:\/\/schema.org","@graph":[{"@type":"WebPage","@id":"https:\/\/atami.com\/it\/prodotto\/ata-xl","url":"https:\/\/atami.com\/it\/prodotto\/ata-xl","name":"ATA-XL: Stimolatore Universale per Fiori, Frutti e Radici Pi\u00f9 Forti","isPartOf":{"@id":"https:\/\/atami.com\/it#website"},"primaryImageOfPage":{"@id":"https:\/\/atami.com\/it\/prodotto\/ata-xl#primaryimage"},"image":{"@id":"https:\/\/atami.com\/it\/prodotto\/ata-xl#primaryimage"},"thumbnailUrl":"https:\/\/atami.com\/wp-content\/uploads\/2023\/02\/ATA-XL-Main-Image.webp","datePublished":"2023-02-08T13:25:05+00:00","dateModified":"2025-11-10T12:39:51+00:00","description":"ATA-XL \u00e8 il nutriente ideale per aumentare il volume di fiori e frutti. Contiene acidi umici e nutrienti PK per un'ottimale crescita delle radici e una fioritura abbondante, perfetto per qualsiasi tipo di pianta.","breadcrumb":{"@id":"https:\/\/atami.com\/it\/prodotto\/ata-xl#breadcrumb"},"inLanguage":"it-IT","potentialAction":[{"@type":"ReadAction","target":["https:\/\/atami.com\/it\/prodotto\/ata-xl"]}]},{"@type":"ImageObject","inLanguage":"it-IT","@id":"https:\/\/atami.com\/it\/prodotto\/ata-xl#primaryimage","url":"https:\/\/atami.com\/wp-content\/uploads\/2023\/02\/ATA-XL-Main-Image.webp","contentUrl":"https:\/\/atami.com\/wp-content\/uploads\/2023\/02\/ATA-XL-Main-Image.webp","width":1080,"height":1080,"caption":"ATA-XL promuove radici forti e aumenta il volume dei fiori e dei frutti attraverso la sua miscela unica di ingredienti naturali."},{"@type":"BreadcrumbList","@id":"https:\/\/atami.com\/it\/prodotto\/ata-xl#breadcrumb","itemListElement":[{"@type":"ListItem","position":1,"name":"Home","item":"https:\/\/atami.com\/it"},{"@type":"ListItem","position":2,"name":"Prodotti","item":"https:\/\/atami.com\/it\/shop"},{"@type":"ListItem","position":3,"name":"Marche","item":"https:\/\/atami.com\/it\/categoria-prodotto\/marche"},{"@type":"ListItem","position":4,"name":"ATA","item":"https:\/\/atami.com\/it\/categoria-prodotto\/marche\/ata"},{"@type":"ListItem","position":5,"name":"ATA-XL"}]},{"@type":"WebSite","@id":"https:\/\/atami.com\/it#website","url":"https:\/\/atami.com\/it","name":"Atami","description":"NATURALLY INNOVATING!","publisher":{"@id":"https:\/\/atami.com\/it#organization"},"potentialAction":[{"@type":"SearchAction","target":{"@type":"EntryPoint","urlTemplate":"https:\/\/atami.com\/it?s={search_term_string}"},"query-input":{"@type":"PropertyValueSpecification","valueRequired":true,"valueName":"search_term_string"}}],"inLanguage":"it-IT"},{"@type":"Organization","@id":"https:\/\/atami.com\/it#organization","name":"Atami","url":"https:\/\/atami.com\/it","logo":{"@type":"ImageObject","inLanguage":"it-IT","@id":"https:\/\/atami.com\/it#\/schema\/logo\/image\/","url":"https:\/\/atami.com\/wp-content\/uploads\/2026\/01\/Atami-logo-696x696px.webp","contentUrl":"https:\/\/atami.com\/wp-content\/uploads\/2026\/01\/Atami-logo-696x696px.webp","width":696,"height":696,"caption":"Atami"},"image":{"@id":"https:\/\/atami.com\/it#\/schema\/logo\/image\/"},"sameAs":["https:\/\/www.facebook.com\/Atami.International","https:\/\/x.com\/AtamiEU","https:\/\/www.youtube.com\/c\/AtamiInternational","https:\/\/www.instagram.com\/atami.international\/"],"description":"ATAMI is a premium plant nutrition & substrate brand founded in 1997 with the mission to make exceptional cultivation achievable for everyone. From legacy to license, we offer a wide variety of innovating award-winning products to let cultivators achieve maximum results in taste & yield.","email":"info@mginnovations.es","legalName":"Atami","numberOfEmployees":{"@type":"QuantitativeValue","minValue":"11","maxValue":"50"}}]}},"_links":{"self":[{"href":"https:\/\/atami.com\/it\/wp-json\/wp\/v2\/product\/46175","targetHints":{"allow":["GET"]}}],"collection":[{"href":"https:\/\/atami.com\/it\/wp-json\/wp\/v2\/product"}],"about":[{"href":"https:\/\/atami.com\/it\/wp-json\/wp\/v2\/types\/product"}],"replies":[{"embeddable":true,"href":"https:\/\/atami.com\/it\/wp-json\/wp\/v2\/comments?post=46175"}],"wp:featuredmedia":[{"embeddable":true,"href":"https:\/\/atami.com\/it\/wp-json\/wp\/v2\/media\/23809"}],"wp:attachment":[{"href":"https:\/\/atami.com\/it\/wp-json\/wp\/v2\/media?parent=46175"}],"wp:term":[{"taxonomy":"product_brand","embeddable":true,"href":"https:\/\/atami.com\/it\/wp-json\/wp\/v2\/product_brand?post=46175"},{"taxonomy":"product_cat","embeddable":true,"href":"https:\/\/atami.com\/it\/wp-json\/wp\/v2\/product_cat?post=46175"},{"taxonomy":"product_tag","embeddable":true,"href":"https:\/\/atami.com\/it\/wp-json\/wp\/v2\/product_tag?post=46175"}],"curies":[{"name":"wp","href":"https:\/\/api.w.org\/{rel}","templated":true}]}}