{"id":46174,"date":"2023-02-08T13:17:19","date_gmt":"2023-02-08T13:17:19","guid":{"rendered":"https:\/\/atami.com\/product\/ata-rootfast\/"},"modified":"2025-11-10T14:39:31","modified_gmt":"2025-11-10T12:39:31","slug":"ata-rootfast","status":"publish","type":"product","link":"https:\/\/atami.com\/it\/prodotto\/ata-rootfast","title":{"rendered":"ATA Rootfast"},"content":{"rendered":"<p><strong>ATA Rootfast \u00e8 uno stimolante universale per le radici e risulta particolarmente importante per uno <\/strong><br \/>\n<strong>sviluppo sano e positivo della pianta. Il prodotto presenta valori NPK equilibrati e un elevato <\/strong><br \/>\n<strong>contenuto di fosforo, a differenza della maggior parte degli stimolanti per le radici.<\/strong><\/p>\n<p>\nGrazie ad ATA Rootfast, la pianta pu\u00f2 sviluppare una maggiore quantit\u00e0 di radici, pi\u00f9 grandi e forti. Si <br \/>\ntratta di un elemento molto importante durante le prime settimane di vita della pianta. A mano a <br \/>\nmano che le radici si estendono e aumentano la propria efficacia, la pianta acquisisce maggiore <br \/>\nresistenza contro le malattie e i funghi nocivi. Un sistema radicale pi\u00f9 ampio aiuta la pianta a produrre <br \/>\npi\u00f9 cellule e assorbire pi\u00f9 facilmente tutti i nutrienti. In caso di substrato con ridotte quantit\u00e0 di <br \/>\nfosfato, la pianta adatta il proprio sistema radicale affinch\u00e9 cresca pi\u00f9 superficialmente. Ci\u00f2 si traduce, <br \/>\nin definitiva, in un minore rendimento. L\u2019utilizzo di ATA Rootfast previene questo inconveniente.<\/p>\n<p>\n<strong>PARTICOLARMENTE IDONEO PER<\/strong><br \/>\nATA Rootfast \u00e8 un nutriente universale, idoneo a diversi tipi di frutta, verdura ed erbe, ad esempio <br \/>\npatate, patate dolci e piante ornamentali. Pu\u00f2 essere utilizzato anche per la fioritura di piante <br \/>\nornamentali (come crisantemi, tulipani e muscari). \u00c8 possibile misurare il dosaggio necessario per <br \/>\nsoddisfare le esigenze delle singole piante o colture.<\/p>\n<p>\n<strong>APPLICAZIONE<\/strong><br \/>\nAggiungere quotidianamente durante la prima e la seconda settimana con ogni ciclo di irrigazione.<\/p>\n<p>\n<strong>DOSAGGIO<\/strong><br \/>\nDa 0,5 a 1 ml per ogni litro di acqua.<\/p>\n<p>\n<strong>P 5 W\/W<\/strong><\/p>\n<p>\n<strong>DISPONIBILE NEI FORMATI DA 100 ML, 250 ML, 500 ML, 1 LITRO, 5 LITRI.<\/strong><\/p>\n","protected":false},"excerpt":{"rendered":"<p>Stimolatore per radici<\/p>\n<p>Radici forti e ben sviluppate<\/p>\n","protected":false},"featured_media":23779,"comment_status":"closed","ping_status":"closed","template":"","meta":{"_acf_changed":false,"iawp_total_views":54},"product_brand":[],"product_cat":[348,346],"product_tag":[],"class_list":{"0":"post-46174","1":"product","2":"type-product","3":"status-publish","4":"has-post-thumbnail","6":"product_cat-ata","7":"product_cat-stimolanti","9":"first","10":"instock","11":"shipping-taxable","12":"product-type-simple"},"acf":{"short_description":"<p><strong>ATA Rootfast \u00e8 uno stimolante universale per le radici e risulta particolarmente importante per uno sviluppo sano e positivo della pianta. Il prodotto presenta valori NPK equilibrati e un elevato contenuto di fosforo, a differenza della maggior parte degli stimolanti per le radici.<\/strong><\/p><p><br \/>Grazie ad ATA Rootfast, la pianta pu\u00f2 sviluppare una maggiore quantit\u00e0 di radici, pi\u00f9 grandi e forti. Si tratta di un elemento molto importante durante le prime settimane di vita della pianta. A mano a mano che le radici si estendono e aumentano la propria efficacia, la pianta acquisisce maggiore resistenza contro le malattie e i funghi nocivi. Un sistema radicale pi\u00f9 ampio aiuta la pianta a produrre pi\u00f9 cellule e assorbire pi\u00f9 facilmente tutti i nutrienti. In caso di substrato con ridotte quantit\u00e0 di fosfato, la pianta adatta il proprio sistema radicale affinch\u00e9 cresca pi\u00f9 superficialmente. Ci\u00f2 si traduce, in definitiva, in un minore rendimento. L\u2019utilizzo di ATA Rootfast previene questo inconveniente.<\/p>","suitable_for":"<p>ATA Rootfast \u00e8 un nutriente universale, idoneo a diversi tipi di frutta, verdura ed erbe, ad esempio patate, patate dolci e piante ornamentali. Pu\u00f2 essere utilizzato anche per la fioritura di piante ornamentali (come crisantemi, tulipani e muscari). \u00c8 possibile misurare il dosaggio necessario per soddisfare le esigenze delle singole piante o colture.<\/p>","application":"<p>Aggiungere quotidianamente durante la prima e la seconda settimana con ogni ciclo di irrigazione.<\/p>","dosage":"<p>Da 0,5 a 1 ml per ogni litro di acqua.<\/p>","npk_ratio":"<p>P 5 W\/W<\/p>","available_in":"<p>100 ML, 250 ML, 500 ML, 1 LITRO, 5 LITRI<\/p>","icon_1":5767,"icon_1_text":"ELEVATE QUANTIT\u00c0 DI FOSFORO","icon_2":5771,"icon_2_text":"AUMENTA LA RESISTENZA ALLE MALATTIE E AI FUNGHI NOCIVI","icon_3":5775,"icon_3_text":"RADICI FORTI E SANE","icon_4":"","icon_4_text":"","video":"https:\/\/youtu.be\/qCtdHSqcFoc","second_image":5763,"product_image_page":5883,"user_manual":"","new_icon_1":"","new_icon_2":"","new_icon_3":"","new_icon_4":"","grow_guides":"","category":"Stimolatore"},"yoast_head":"<!-- This site is optimized with the Yoast SEO Premium plugin v27.4 (Yoast SEO v27.4) - https:\/\/yoast.com\/product\/yoast-seo-premium-wordpress\/ -->\n<title>ATA Rootfast: Stimolatore per Radici Forti e Sane | Atami<\/title>\n<meta name=\"description\" content=\"Scopri ATA Rootfast, lo stimolatore per radici che favorisce un sistema radicale sano e vigoroso. Con un elevato contenuto di fosforo, aiuta a prevenire carenze e aumenta la resistenza alle malattie. Ideale per tutte le colture.\" \/>\n<meta name=\"robots\" content=\"index, follow, max-snippet:-1, max-image-preview:large, max-video-preview:-1\" \/>\n<link rel=\"canonical\" href=\"https:\/\/atami.com\/it\/prodotto\/ata-rootfast\" \/>\n<meta property=\"og:locale\" content=\"it_IT\" \/>\n<meta property=\"og:type\" content=\"article\" \/>\n<meta property=\"og:title\" content=\"ATA Rootfast\" \/>\n<meta property=\"og:description\" content=\"Scopri ATA Rootfast, lo stimolatore per radici che favorisce un sistema radicale sano e vigoroso. Con un elevato contenuto di fosforo, aiuta a prevenire carenze e aumenta la resistenza alle malattie. Ideale per tutte le colture.\" \/>\n<meta property=\"og:url\" content=\"https:\/\/atami.com\/it\/prodotto\/ata-rootfast\" \/>\n<meta property=\"og:site_name\" content=\"Atami\" \/>\n<meta property=\"article:publisher\" content=\"https:\/\/www.facebook.com\/Atami.International\" \/>\n<meta property=\"article:modified_time\" content=\"2025-11-10T12:39:31+00:00\" \/>\n<meta property=\"og:image\" content=\"https:\/\/atami.com\/wp-content\/uploads\/2023\/02\/ATA-Rootfast-Main-Image.webp\" \/>\n\t<meta property=\"og:image:width\" content=\"1080\" \/>\n\t<meta property=\"og:image:height\" content=\"1080\" \/>\n\t<meta property=\"og:image:type\" content=\"image\/webp\" \/>\n<meta name=\"twitter:card\" content=\"summary_large_image\" \/>\n<meta name=\"twitter:site\" content=\"@AtamiEU\" \/>\n<meta name=\"twitter:label1\" content=\"Tempo di lettura stimato\" \/>\n\t<meta name=\"twitter:data1\" content=\"2 minuti\" \/>\n<script type=\"application\/ld+json\" class=\"yoast-schema-graph\">{\"@context\":\"https:\\\/\\\/schema.org\",\"@graph\":[{\"@type\":\"WebPage\",\"@id\":\"https:\\\/\\\/atami.com\\\/it\\\/prodotto\\\/ata-rootfast\",\"url\":\"https:\\\/\\\/atami.com\\\/it\\\/prodotto\\\/ata-rootfast\",\"name\":\"ATA Rootfast: Stimolatore per Radici Forti e Sane | Atami\",\"isPartOf\":{\"@id\":\"https:\\\/\\\/atami.com\\\/it#website\"},\"primaryImageOfPage\":{\"@id\":\"https:\\\/\\\/atami.com\\\/it\\\/prodotto\\\/ata-rootfast#primaryimage\"},\"image\":{\"@id\":\"https:\\\/\\\/atami.com\\\/it\\\/prodotto\\\/ata-rootfast#primaryimage\"},\"thumbnailUrl\":\"https:\\\/\\\/atami.com\\\/wp-content\\\/uploads\\\/2023\\\/02\\\/ATA-Rootfast-Main-Image.webp\",\"datePublished\":\"2023-02-08T13:17:19+00:00\",\"dateModified\":\"2025-11-10T12:39:31+00:00\",\"description\":\"Scopri ATA Rootfast, lo stimolatore per radici che favorisce un sistema radicale sano e vigoroso. Con un elevato contenuto di fosforo, aiuta a prevenire carenze e aumenta la resistenza alle malattie. Ideale per tutte le colture.\",\"breadcrumb\":{\"@id\":\"https:\\\/\\\/atami.com\\\/it\\\/prodotto\\\/ata-rootfast#breadcrumb\"},\"inLanguage\":\"it-IT\",\"potentialAction\":[{\"@type\":\"ReadAction\",\"target\":[\"https:\\\/\\\/atami.com\\\/it\\\/prodotto\\\/ata-rootfast\"]}]},{\"@type\":\"ImageObject\",\"inLanguage\":\"it-IT\",\"@id\":\"https:\\\/\\\/atami.com\\\/it\\\/prodotto\\\/ata-rootfast#primaryimage\",\"url\":\"https:\\\/\\\/atami.com\\\/wp-content\\\/uploads\\\/2023\\\/02\\\/ATA-Rootfast-Main-Image.webp\",\"contentUrl\":\"https:\\\/\\\/atami.com\\\/wp-content\\\/uploads\\\/2023\\\/02\\\/ATA-Rootfast-Main-Image.webp\",\"width\":1080,\"height\":1080,\"caption\":\"ATA Rootfast migliora la ramificazione e la forza delle radici, aumentando la resistenza delle piante alle malattie e ai funghi dannosi.\"},{\"@type\":\"BreadcrumbList\",\"@id\":\"https:\\\/\\\/atami.com\\\/it\\\/prodotto\\\/ata-rootfast#breadcrumb\",\"itemListElement\":[{\"@type\":\"ListItem\",\"position\":1,\"name\":\"Home\",\"item\":\"https:\\\/\\\/atami.com\\\/it\"},{\"@type\":\"ListItem\",\"position\":2,\"name\":\"Prodotti\",\"item\":\"https:\\\/\\\/atami.com\\\/it\\\/shop\"},{\"@type\":\"ListItem\",\"position\":3,\"name\":\"Marche\",\"item\":\"https:\\\/\\\/atami.com\\\/it\\\/categoria-prodotto\\\/marche\"},{\"@type\":\"ListItem\",\"position\":4,\"name\":\"ATA\",\"item\":\"https:\\\/\\\/atami.com\\\/it\\\/categoria-prodotto\\\/marche\\\/ata\"},{\"@type\":\"ListItem\",\"position\":5,\"name\":\"ATA Rootfast\"}]},{\"@type\":\"WebSite\",\"@id\":\"https:\\\/\\\/atami.com\\\/it#website\",\"url\":\"https:\\\/\\\/atami.com\\\/it\",\"name\":\"Atami\",\"description\":\"NATURALLY INNOVATING!\",\"publisher\":{\"@id\":\"https:\\\/\\\/atami.com\\\/it#organization\"},\"potentialAction\":[{\"@type\":\"SearchAction\",\"target\":{\"@type\":\"EntryPoint\",\"urlTemplate\":\"https:\\\/\\\/atami.com\\\/it?s={search_term_string}\"},\"query-input\":{\"@type\":\"PropertyValueSpecification\",\"valueRequired\":true,\"valueName\":\"search_term_string\"}}],\"inLanguage\":\"it-IT\"},{\"@type\":\"Organization\",\"@id\":\"https:\\\/\\\/atami.com\\\/it#organization\",\"name\":\"Atami\",\"url\":\"https:\\\/\\\/atami.com\\\/it\",\"logo\":{\"@type\":\"ImageObject\",\"inLanguage\":\"it-IT\",\"@id\":\"https:\\\/\\\/atami.com\\\/it#\\\/schema\\\/logo\\\/image\\\/\",\"url\":\"https:\\\/\\\/atami.com\\\/wp-content\\\/uploads\\\/2026\\\/01\\\/Atami-logo-696x696px.webp\",\"contentUrl\":\"https:\\\/\\\/atami.com\\\/wp-content\\\/uploads\\\/2026\\\/01\\\/Atami-logo-696x696px.webp\",\"width\":696,\"height\":696,\"caption\":\"Atami\"},\"image\":{\"@id\":\"https:\\\/\\\/atami.com\\\/it#\\\/schema\\\/logo\\\/image\\\/\"},\"sameAs\":[\"https:\\\/\\\/www.facebook.com\\\/Atami.International\",\"https:\\\/\\\/x.com\\\/AtamiEU\",\"https:\\\/\\\/www.youtube.com\\\/c\\\/AtamiInternational\",\"https:\\\/\\\/www.instagram.com\\\/atami.international\\\/\"],\"description\":\"ATAMI is a premium plant nutrition & substrate brand founded in 1997 with the mission to make exceptional cultivation achievable for everyone. From legacy to license, we offer a wide variety of innovating award-winning products to let cultivators achieve maximum results in taste & yield.\",\"email\":\"info@mginnovations.es\",\"legalName\":\"Atami\",\"numberOfEmployees\":{\"@type\":\"QuantitativeValue\",\"minValue\":\"11\",\"maxValue\":\"50\"}}]}<\/script>\n<!-- \/ Yoast SEO Premium plugin. -->","yoast_head_json":{"title":"ATA Rootfast: Stimolatore per Radici Forti e Sane | Atami","description":"Scopri ATA Rootfast, lo stimolatore per radici che favorisce un sistema radicale sano e vigoroso. Con un elevato contenuto di fosforo, aiuta a prevenire carenze e aumenta la resistenza alle malattie. Ideale per tutte le colture.","robots":{"index":"index","follow":"follow","max-snippet":"max-snippet:-1","max-image-preview":"max-image-preview:large","max-video-preview":"max-video-preview:-1"},"canonical":"https:\/\/atami.com\/it\/prodotto\/ata-rootfast","og_locale":"it_IT","og_type":"article","og_title":"ATA Rootfast","og_description":"Scopri ATA Rootfast, lo stimolatore per radici che favorisce un sistema radicale sano e vigoroso. Con un elevato contenuto di fosforo, aiuta a prevenire carenze e aumenta la resistenza alle malattie. Ideale per tutte le colture.","og_url":"https:\/\/atami.com\/it\/prodotto\/ata-rootfast","og_site_name":"Atami","article_publisher":"https:\/\/www.facebook.com\/Atami.International","article_modified_time":"2025-11-10T12:39:31+00:00","og_image":[{"width":1080,"height":1080,"url":"https:\/\/atami.com\/wp-content\/uploads\/2023\/02\/ATA-Rootfast-Main-Image.webp","type":"image\/webp"}],"twitter_card":"summary_large_image","twitter_site":"@AtamiEU","twitter_misc":{"Tempo di lettura stimato":"2 minuti"},"schema":{"@context":"https:\/\/schema.org","@graph":[{"@type":"WebPage","@id":"https:\/\/atami.com\/it\/prodotto\/ata-rootfast","url":"https:\/\/atami.com\/it\/prodotto\/ata-rootfast","name":"ATA Rootfast: Stimolatore per Radici Forti e Sane | Atami","isPartOf":{"@id":"https:\/\/atami.com\/it#website"},"primaryImageOfPage":{"@id":"https:\/\/atami.com\/it\/prodotto\/ata-rootfast#primaryimage"},"image":{"@id":"https:\/\/atami.com\/it\/prodotto\/ata-rootfast#primaryimage"},"thumbnailUrl":"https:\/\/atami.com\/wp-content\/uploads\/2023\/02\/ATA-Rootfast-Main-Image.webp","datePublished":"2023-02-08T13:17:19+00:00","dateModified":"2025-11-10T12:39:31+00:00","description":"Scopri ATA Rootfast, lo stimolatore per radici che favorisce un sistema radicale sano e vigoroso. Con un elevato contenuto di fosforo, aiuta a prevenire carenze e aumenta la resistenza alle malattie. Ideale per tutte le colture.","breadcrumb":{"@id":"https:\/\/atami.com\/it\/prodotto\/ata-rootfast#breadcrumb"},"inLanguage":"it-IT","potentialAction":[{"@type":"ReadAction","target":["https:\/\/atami.com\/it\/prodotto\/ata-rootfast"]}]},{"@type":"ImageObject","inLanguage":"it-IT","@id":"https:\/\/atami.com\/it\/prodotto\/ata-rootfast#primaryimage","url":"https:\/\/atami.com\/wp-content\/uploads\/2023\/02\/ATA-Rootfast-Main-Image.webp","contentUrl":"https:\/\/atami.com\/wp-content\/uploads\/2023\/02\/ATA-Rootfast-Main-Image.webp","width":1080,"height":1080,"caption":"ATA Rootfast migliora la ramificazione e la forza delle radici, aumentando la resistenza delle piante alle malattie e ai funghi dannosi."},{"@type":"BreadcrumbList","@id":"https:\/\/atami.com\/it\/prodotto\/ata-rootfast#breadcrumb","itemListElement":[{"@type":"ListItem","position":1,"name":"Home","item":"https:\/\/atami.com\/it"},{"@type":"ListItem","position":2,"name":"Prodotti","item":"https:\/\/atami.com\/it\/shop"},{"@type":"ListItem","position":3,"name":"Marche","item":"https:\/\/atami.com\/it\/categoria-prodotto\/marche"},{"@type":"ListItem","position":4,"name":"ATA","item":"https:\/\/atami.com\/it\/categoria-prodotto\/marche\/ata"},{"@type":"ListItem","position":5,"name":"ATA Rootfast"}]},{"@type":"WebSite","@id":"https:\/\/atami.com\/it#website","url":"https:\/\/atami.com\/it","name":"Atami","description":"NATURALLY INNOVATING!","publisher":{"@id":"https:\/\/atami.com\/it#organization"},"potentialAction":[{"@type":"SearchAction","target":{"@type":"EntryPoint","urlTemplate":"https:\/\/atami.com\/it?s={search_term_string}"},"query-input":{"@type":"PropertyValueSpecification","valueRequired":true,"valueName":"search_term_string"}}],"inLanguage":"it-IT"},{"@type":"Organization","@id":"https:\/\/atami.com\/it#organization","name":"Atami","url":"https:\/\/atami.com\/it","logo":{"@type":"ImageObject","inLanguage":"it-IT","@id":"https:\/\/atami.com\/it#\/schema\/logo\/image\/","url":"https:\/\/atami.com\/wp-content\/uploads\/2026\/01\/Atami-logo-696x696px.webp","contentUrl":"https:\/\/atami.com\/wp-content\/uploads\/2026\/01\/Atami-logo-696x696px.webp","width":696,"height":696,"caption":"Atami"},"image":{"@id":"https:\/\/atami.com\/it#\/schema\/logo\/image\/"},"sameAs":["https:\/\/www.facebook.com\/Atami.International","https:\/\/x.com\/AtamiEU","https:\/\/www.youtube.com\/c\/AtamiInternational","https:\/\/www.instagram.com\/atami.international\/"],"description":"ATAMI is a premium plant nutrition & substrate brand founded in 1997 with the mission to make exceptional cultivation achievable for everyone. From legacy to license, we offer a wide variety of innovating award-winning products to let cultivators achieve maximum results in taste & yield.","email":"info@mginnovations.es","legalName":"Atami","numberOfEmployees":{"@type":"QuantitativeValue","minValue":"11","maxValue":"50"}}]}},"_links":{"self":[{"href":"https:\/\/atami.com\/it\/wp-json\/wp\/v2\/product\/46174","targetHints":{"allow":["GET"]}}],"collection":[{"href":"https:\/\/atami.com\/it\/wp-json\/wp\/v2\/product"}],"about":[{"href":"https:\/\/atami.com\/it\/wp-json\/wp\/v2\/types\/product"}],"replies":[{"embeddable":true,"href":"https:\/\/atami.com\/it\/wp-json\/wp\/v2\/comments?post=46174"}],"wp:featuredmedia":[{"embeddable":true,"href":"https:\/\/atami.com\/it\/wp-json\/wp\/v2\/media\/23779"}],"wp:attachment":[{"href":"https:\/\/atami.com\/it\/wp-json\/wp\/v2\/media?parent=46174"}],"wp:term":[{"taxonomy":"product_brand","embeddable":true,"href":"https:\/\/atami.com\/it\/wp-json\/wp\/v2\/product_brand?post=46174"},{"taxonomy":"product_cat","embeddable":true,"href":"https:\/\/atami.com\/it\/wp-json\/wp\/v2\/product_cat?post=46174"},{"taxonomy":"product_tag","embeddable":true,"href":"https:\/\/atami.com\/it\/wp-json\/wp\/v2\/product_tag?post=46174"}],"curies":[{"name":"wp","href":"https:\/\/api.w.org\/{rel}","templated":true}]}}