{"id":46173,"date":"2023-02-08T13:10:11","date_gmt":"2023-02-08T13:10:11","guid":{"rendered":"https:\/\/atami.com\/product\/ata-coco-max-ab\/"},"modified":"2025-11-07T17:46:47","modified_gmt":"2025-11-07T15:46:47","slug":"ata-coco-max-ab","status":"publish","type":"product","link":"https:\/\/atami.com\/it\/prodotto\/ata-coco-max-ab","title":{"rendered":"ATA Coco Max A&#038;B"},"content":{"rendered":"<p><strong>Questo nutriente di base universale fornisce alle piante le giuste dosi dei nutrienti NPK primari. ATA <\/strong><br \/>\n<strong>Coco Max A&amp;B \u00e8 appositamente sviluppato per la coltivazione in substrati a base di cocco.<\/strong><\/p>\n<p>\nIn questo tipo di coltivazione, il potassio viene rilasciato gradualmente dal substrato alla pianta. <br \/>\nPoich\u00e9 i substrati a base di cocco sono generalmente poveri di calcio, la nutrizione ATA Coco Max <br \/>\ncontiene una quantit\u00e0 relativamente ridotta di potassio a fronte di una dose pi\u00f9 elevata di calcio per <br \/>\nprevenire possibili carenze. Studiato per la coltivazione in cocco, ATA Coco Max A&amp;B offre un <br \/>\nequilibrio biologico e stabile.<\/p>\n<p>\n<strong>PARTICOLARMENTE IDONEO PER<\/strong><br \/>\nATA Coco Max A&amp;B \u00e8 un nutriente universale, adatto a diversi tipi di frutta, verdura ed erbe, come <br \/>\nfragole, peperoni, aglio, erba cipollina e piante ornamentali. Pu\u00f2 essere utilizzato anche per piante da <br \/>\ninterno e da vaso (come la pilea). \u00c8 possibile misurare il dosaggio necessario per soddisfare le <br \/>\nesigenze delle singole piante o colture.<\/p>\n<p>\n<strong>APPLICAZIONE<\/strong><br \/>\nATA Coco Max \u00e8 un nutriente di base universale e pu\u00f2 essere utilizzato durante l\u2019intero ciclo <br \/>\nvegetativo. I concentrati A&amp;B possono essere miscelati tra loro solo con acqua.<\/p>\n<p>\n<strong>DOSAGGIO<\/strong><br \/>\nDa 1 a 4 ml (A) e da 1 a 4 ml (B) per ogni litro di acqua.<\/p>\n<p>\n<strong>Coco Max A: NK 4-1 W\/W<\/strong><br \/>\n<strong>Coco Max B: NPK 1-4-2 W\/W<\/strong><\/p>\n<p>\n<strong>DISPONIBILE NEI FORMATI DA 250 ML, 1 LITRO, 5 LITRI E 10 LITRI<\/strong><\/p>\n","protected":false},"excerpt":{"rendered":"<p>Cocco<\/p>\n","protected":false},"featured_media":23758,"comment_status":"closed","ping_status":"closed","template":"","meta":{"_acf_changed":false,"iawp_total_views":45},"product_brand":[],"product_cat":[348,349],"product_tag":[],"class_list":{"0":"post-46173","1":"product","2":"type-product","3":"status-publish","4":"has-post-thumbnail","6":"product_cat-ata","7":"product_cat-nutrienti-di-base","9":"first","10":"instock","11":"shipping-taxable","12":"product-type-simple"},"acf":{"short_description":"<p><strong>Questo nutriente di base universale fornisce alle piante le giuste dosi dei nutrienti NPK primari. ATA Coco Max A&amp;B \u00e8 appositamente sviluppato per la coltivazione in substrati a base di cocco.<\/strong><\/p><p><br \/>In questo tipo di coltivazione, il potassio viene rilasciato gradualmente dal substrato alla pianta. Poich\u00e9 i substrati a base di cocco sono generalmente poveri di calcio, la nutrizione ATA Coco Max contiene una quantit\u00e0 relativamente ridotta di potassio a fronte di una dose pi\u00f9 elevata di calcio per prevenire possibili carenze. Studiato per la coltivazione in cocco, ATA Coco Max A&amp;B offre un equilibrio biologico e stabile.<\/p>","suitable_for":"<p>ATA Coco Max A&amp;B \u00e8 un nutriente universale, adatto a diversi tipi di frutta, verdura ed erbe, come fragole, peperoni, aglio, erba cipollina e piante ornamentali. Pu\u00f2 essere utilizzato anche per piante da interno e da vaso (come la pilea). \u00c8 possibile misurare il dosaggio necessario per soddisfare le esigenze delle singole piante o colture.<\/p>","application":"<p>ATA Coco Max \u00e8 un nutriente di base universale e pu\u00f2 essere utilizzato durante l\u2019intero ciclo vegetativo. I concentrati A&amp;B possono essere miscelati tra loro solo con acqua.<\/p>","dosage":"<p>Da 1 a 4 ml (A) e da 1 a 4 ml (B) per ogni litro di acqua.<\/p>","npk_ratio":"<p>Coco Max A: NK 4-1 W\/W<br \/>Coco Max B: NPK 1-4-2 W\/W<\/p>","available_in":"<p>250 ML, 1 LITRO, 5 LITRO E 10 LITRO<\/p>","icon_1":5751,"icon_1_text":"STIMOLANTE DELLA CRESCITA E DELLA FIORITURA DUE IN UNO","icon_2":5755,"icon_2_text":"APPOSITAMENTE SVILUPPATO PER LA COLTIVAZIONE IN COCCO","icon_3":5759,"icon_3_text":"NUTRIENTI FACILMENTE ASSORBIBILI","icon_4":"","icon_4_text":"","video":"https:\/\/youtu.be\/3Iph6pmz7rY","second_image":5747,"product_image_page":5879,"user_manual":"","new_icon_1":"","new_icon_2":"","new_icon_3":"","new_icon_4":"","grow_guides":"","category":"Nutriente di base"},"yoast_head":"<!-- This site is optimized with the Yoast SEO Premium plugin v27.5 (Yoast SEO v27.5) - https:\/\/yoast.com\/product\/yoast-seo-premium-wordpress\/ -->\n<title>ATA Coco Max A&amp;B: Nutriente Perfetto per Coltivazioni in Cocco<\/title>\n<meta name=\"description\" content=\"ATA Coco Max A&amp;B \u00e8 un fertilizzante specifico per piante coltivate in cocco. Garantisce un apporto bilanciato di nutrienti essenziali, ottimizzando la crescita e la resistenza delle piante.\" \/>\n<meta name=\"robots\" content=\"index, follow, max-snippet:-1, max-image-preview:large, max-video-preview:-1\" \/>\n<link rel=\"canonical\" href=\"https:\/\/atami.com\/it\/prodotto\/ata-coco-max-ab\" \/>\n<meta property=\"og:locale\" content=\"it_IT\" \/>\n<meta property=\"og:type\" content=\"article\" \/>\n<meta property=\"og:title\" content=\"ATA Coco Max A&amp;B\" \/>\n<meta property=\"og:description\" content=\"ATA Coco Max A&amp;B \u00e8 un fertilizzante specifico per piante coltivate in cocco. Garantisce un apporto bilanciato di nutrienti essenziali, ottimizzando la crescita e la resistenza delle piante.\" \/>\n<meta property=\"og:url\" content=\"https:\/\/atami.com\/it\/prodotto\/ata-coco-max-ab\" \/>\n<meta property=\"og:site_name\" content=\"Atami\" \/>\n<meta property=\"article:publisher\" content=\"https:\/\/www.facebook.com\/Atami.International\" \/>\n<meta property=\"article:modified_time\" content=\"2025-11-07T15:46:47+00:00\" \/>\n<meta property=\"og:image\" content=\"https:\/\/atami.com\/wp-content\/uploads\/2023\/02\/ATA-Coco-Max-Main-Image.webp\" \/>\n\t<meta property=\"og:image:width\" content=\"1080\" \/>\n\t<meta property=\"og:image:height\" content=\"1080\" \/>\n\t<meta property=\"og:image:type\" content=\"image\/webp\" \/>\n<meta name=\"twitter:card\" content=\"summary_large_image\" \/>\n<meta name=\"twitter:site\" content=\"@AtamiEU\" \/>\n<meta name=\"twitter:label1\" content=\"Tempo di lettura stimato\" \/>\n\t<meta name=\"twitter:data1\" content=\"2 minuti\" \/>\n<script type=\"application\/ld+json\" class=\"yoast-schema-graph\">{\"@context\":\"https:\\\/\\\/schema.org\",\"@graph\":[{\"@type\":\"WebPage\",\"@id\":\"https:\\\/\\\/atami.com\\\/it\\\/prodotto\\\/ata-coco-max-ab\",\"url\":\"https:\\\/\\\/atami.com\\\/it\\\/prodotto\\\/ata-coco-max-ab\",\"name\":\"ATA Coco Max A&B: Nutriente Perfetto per Coltivazioni in Cocco\",\"isPartOf\":{\"@id\":\"https:\\\/\\\/atami.com\\\/it#website\"},\"primaryImageOfPage\":{\"@id\":\"https:\\\/\\\/atami.com\\\/it\\\/prodotto\\\/ata-coco-max-ab#primaryimage\"},\"image\":{\"@id\":\"https:\\\/\\\/atami.com\\\/it\\\/prodotto\\\/ata-coco-max-ab#primaryimage\"},\"thumbnailUrl\":\"https:\\\/\\\/atami.com\\\/wp-content\\\/uploads\\\/2023\\\/02\\\/ATA-Coco-Max-Main-Image.webp\",\"datePublished\":\"2023-02-08T13:10:11+00:00\",\"dateModified\":\"2025-11-07T15:46:47+00:00\",\"description\":\"ATA Coco Max A&B \u00e8 un fertilizzante specifico per piante coltivate in cocco. Garantisce un apporto bilanciato di nutrienti essenziali, ottimizzando la crescita e la resistenza delle piante.\",\"breadcrumb\":{\"@id\":\"https:\\\/\\\/atami.com\\\/it\\\/prodotto\\\/ata-coco-max-ab#breadcrumb\"},\"inLanguage\":\"it-IT\",\"potentialAction\":[{\"@type\":\"ReadAction\",\"target\":[\"https:\\\/\\\/atami.com\\\/it\\\/prodotto\\\/ata-coco-max-ab\"]}]},{\"@type\":\"ImageObject\",\"inLanguage\":\"it-IT\",\"@id\":\"https:\\\/\\\/atami.com\\\/it\\\/prodotto\\\/ata-coco-max-ab#primaryimage\",\"url\":\"https:\\\/\\\/atami.com\\\/wp-content\\\/uploads\\\/2023\\\/02\\\/ATA-Coco-Max-Main-Image.webp\",\"contentUrl\":\"https:\\\/\\\/atami.com\\\/wp-content\\\/uploads\\\/2023\\\/02\\\/ATA-Coco-Max-Main-Image.webp\",\"width\":1080,\"height\":1080,\"caption\":\"ATA Coco Max A&B fornisce un rapporto NPK bilanciato su misura per la coltivazione del cocco, garantendo un equilibrio stabile e biologico.\"},{\"@type\":\"BreadcrumbList\",\"@id\":\"https:\\\/\\\/atami.com\\\/it\\\/prodotto\\\/ata-coco-max-ab#breadcrumb\",\"itemListElement\":[{\"@type\":\"ListItem\",\"position\":1,\"name\":\"Home\",\"item\":\"https:\\\/\\\/atami.com\\\/it\"},{\"@type\":\"ListItem\",\"position\":2,\"name\":\"Prodotti\",\"item\":\"https:\\\/\\\/atami.com\\\/it\\\/shop\"},{\"@type\":\"ListItem\",\"position\":3,\"name\":\"Marche\",\"item\":\"https:\\\/\\\/atami.com\\\/it\\\/categoria-prodotto\\\/marche\"},{\"@type\":\"ListItem\",\"position\":4,\"name\":\"ATA\",\"item\":\"https:\\\/\\\/atami.com\\\/it\\\/categoria-prodotto\\\/marche\\\/ata\"},{\"@type\":\"ListItem\",\"position\":5,\"name\":\"ATA Coco Max A&#038;B\"}]},{\"@type\":\"WebSite\",\"@id\":\"https:\\\/\\\/atami.com\\\/it#website\",\"url\":\"https:\\\/\\\/atami.com\\\/it\",\"name\":\"Atami\",\"description\":\"NATURALLY INNOVATING!\",\"publisher\":{\"@id\":\"https:\\\/\\\/atami.com\\\/it#organization\"},\"potentialAction\":[{\"@type\":\"SearchAction\",\"target\":{\"@type\":\"EntryPoint\",\"urlTemplate\":\"https:\\\/\\\/atami.com\\\/it?s={search_term_string}\"},\"query-input\":{\"@type\":\"PropertyValueSpecification\",\"valueRequired\":true,\"valueName\":\"search_term_string\"}}],\"inLanguage\":\"it-IT\"},{\"@type\":\"Organization\",\"@id\":\"https:\\\/\\\/atami.com\\\/it#organization\",\"name\":\"Atami\",\"url\":\"https:\\\/\\\/atami.com\\\/it\",\"logo\":{\"@type\":\"ImageObject\",\"inLanguage\":\"it-IT\",\"@id\":\"https:\\\/\\\/atami.com\\\/it#\\\/schema\\\/logo\\\/image\\\/\",\"url\":\"https:\\\/\\\/atami.com\\\/wp-content\\\/uploads\\\/2026\\\/01\\\/Atami-logo-696x696px.webp\",\"contentUrl\":\"https:\\\/\\\/atami.com\\\/wp-content\\\/uploads\\\/2026\\\/01\\\/Atami-logo-696x696px.webp\",\"width\":696,\"height\":696,\"caption\":\"Atami\"},\"image\":{\"@id\":\"https:\\\/\\\/atami.com\\\/it#\\\/schema\\\/logo\\\/image\\\/\"},\"sameAs\":[\"https:\\\/\\\/www.facebook.com\\\/Atami.International\",\"https:\\\/\\\/x.com\\\/AtamiEU\",\"https:\\\/\\\/www.youtube.com\\\/c\\\/AtamiInternational\",\"https:\\\/\\\/www.instagram.com\\\/atami.international\\\/\"],\"description\":\"ATAMI is a premium plant nutrition & substrate brand founded in 1997 with the mission to make exceptional cultivation achievable for everyone. From legacy to license, we offer a wide variety of innovating award-winning products to let cultivators achieve maximum results in taste & yield.\",\"email\":\"info@mginnovations.es\",\"legalName\":\"Atami\",\"numberOfEmployees\":{\"@type\":\"QuantitativeValue\",\"minValue\":\"11\",\"maxValue\":\"50\"}}]}<\/script>\n<!-- \/ Yoast SEO Premium plugin. -->","yoast_head_json":{"title":"ATA Coco Max A&B: Nutriente Perfetto per Coltivazioni in Cocco","description":"ATA Coco Max A&B \u00e8 un fertilizzante specifico per piante coltivate in cocco. Garantisce un apporto bilanciato di nutrienti essenziali, ottimizzando la crescita e la resistenza delle piante.","robots":{"index":"index","follow":"follow","max-snippet":"max-snippet:-1","max-image-preview":"max-image-preview:large","max-video-preview":"max-video-preview:-1"},"canonical":"https:\/\/atami.com\/it\/prodotto\/ata-coco-max-ab","og_locale":"it_IT","og_type":"article","og_title":"ATA Coco Max A&B","og_description":"ATA Coco Max A&B \u00e8 un fertilizzante specifico per piante coltivate in cocco. Garantisce un apporto bilanciato di nutrienti essenziali, ottimizzando la crescita e la resistenza delle piante.","og_url":"https:\/\/atami.com\/it\/prodotto\/ata-coco-max-ab","og_site_name":"Atami","article_publisher":"https:\/\/www.facebook.com\/Atami.International","article_modified_time":"2025-11-07T15:46:47+00:00","og_image":[{"width":1080,"height":1080,"url":"https:\/\/atami.com\/wp-content\/uploads\/2023\/02\/ATA-Coco-Max-Main-Image.webp","type":"image\/webp"}],"twitter_card":"summary_large_image","twitter_site":"@AtamiEU","twitter_misc":{"Tempo di lettura stimato":"2 minuti"},"schema":{"@context":"https:\/\/schema.org","@graph":[{"@type":"WebPage","@id":"https:\/\/atami.com\/it\/prodotto\/ata-coco-max-ab","url":"https:\/\/atami.com\/it\/prodotto\/ata-coco-max-ab","name":"ATA Coco Max A&B: Nutriente Perfetto per Coltivazioni in Cocco","isPartOf":{"@id":"https:\/\/atami.com\/it#website"},"primaryImageOfPage":{"@id":"https:\/\/atami.com\/it\/prodotto\/ata-coco-max-ab#primaryimage"},"image":{"@id":"https:\/\/atami.com\/it\/prodotto\/ata-coco-max-ab#primaryimage"},"thumbnailUrl":"https:\/\/atami.com\/wp-content\/uploads\/2023\/02\/ATA-Coco-Max-Main-Image.webp","datePublished":"2023-02-08T13:10:11+00:00","dateModified":"2025-11-07T15:46:47+00:00","description":"ATA Coco Max A&B \u00e8 un fertilizzante specifico per piante coltivate in cocco. Garantisce un apporto bilanciato di nutrienti essenziali, ottimizzando la crescita e la resistenza delle piante.","breadcrumb":{"@id":"https:\/\/atami.com\/it\/prodotto\/ata-coco-max-ab#breadcrumb"},"inLanguage":"it-IT","potentialAction":[{"@type":"ReadAction","target":["https:\/\/atami.com\/it\/prodotto\/ata-coco-max-ab"]}]},{"@type":"ImageObject","inLanguage":"it-IT","@id":"https:\/\/atami.com\/it\/prodotto\/ata-coco-max-ab#primaryimage","url":"https:\/\/atami.com\/wp-content\/uploads\/2023\/02\/ATA-Coco-Max-Main-Image.webp","contentUrl":"https:\/\/atami.com\/wp-content\/uploads\/2023\/02\/ATA-Coco-Max-Main-Image.webp","width":1080,"height":1080,"caption":"ATA Coco Max A&B fornisce un rapporto NPK bilanciato su misura per la coltivazione del cocco, garantendo un equilibrio stabile e biologico."},{"@type":"BreadcrumbList","@id":"https:\/\/atami.com\/it\/prodotto\/ata-coco-max-ab#breadcrumb","itemListElement":[{"@type":"ListItem","position":1,"name":"Home","item":"https:\/\/atami.com\/it"},{"@type":"ListItem","position":2,"name":"Prodotti","item":"https:\/\/atami.com\/it\/shop"},{"@type":"ListItem","position":3,"name":"Marche","item":"https:\/\/atami.com\/it\/categoria-prodotto\/marche"},{"@type":"ListItem","position":4,"name":"ATA","item":"https:\/\/atami.com\/it\/categoria-prodotto\/marche\/ata"},{"@type":"ListItem","position":5,"name":"ATA Coco Max A&#038;B"}]},{"@type":"WebSite","@id":"https:\/\/atami.com\/it#website","url":"https:\/\/atami.com\/it","name":"Atami","description":"NATURALLY INNOVATING!","publisher":{"@id":"https:\/\/atami.com\/it#organization"},"potentialAction":[{"@type":"SearchAction","target":{"@type":"EntryPoint","urlTemplate":"https:\/\/atami.com\/it?s={search_term_string}"},"query-input":{"@type":"PropertyValueSpecification","valueRequired":true,"valueName":"search_term_string"}}],"inLanguage":"it-IT"},{"@type":"Organization","@id":"https:\/\/atami.com\/it#organization","name":"Atami","url":"https:\/\/atami.com\/it","logo":{"@type":"ImageObject","inLanguage":"it-IT","@id":"https:\/\/atami.com\/it#\/schema\/logo\/image\/","url":"https:\/\/atami.com\/wp-content\/uploads\/2026\/01\/Atami-logo-696x696px.webp","contentUrl":"https:\/\/atami.com\/wp-content\/uploads\/2026\/01\/Atami-logo-696x696px.webp","width":696,"height":696,"caption":"Atami"},"image":{"@id":"https:\/\/atami.com\/it#\/schema\/logo\/image\/"},"sameAs":["https:\/\/www.facebook.com\/Atami.International","https:\/\/x.com\/AtamiEU","https:\/\/www.youtube.com\/c\/AtamiInternational","https:\/\/www.instagram.com\/atami.international\/"],"description":"ATAMI is a premium plant nutrition & substrate brand founded in 1997 with the mission to make exceptional cultivation achievable for everyone. From legacy to license, we offer a wide variety of innovating award-winning products to let cultivators achieve maximum results in taste & yield.","email":"info@mginnovations.es","legalName":"Atami","numberOfEmployees":{"@type":"QuantitativeValue","minValue":"11","maxValue":"50"}}]}},"_links":{"self":[{"href":"https:\/\/atami.com\/it\/wp-json\/wp\/v2\/product\/46173","targetHints":{"allow":["GET"]}}],"collection":[{"href":"https:\/\/atami.com\/it\/wp-json\/wp\/v2\/product"}],"about":[{"href":"https:\/\/atami.com\/it\/wp-json\/wp\/v2\/types\/product"}],"replies":[{"embeddable":true,"href":"https:\/\/atami.com\/it\/wp-json\/wp\/v2\/comments?post=46173"}],"wp:featuredmedia":[{"embeddable":true,"href":"https:\/\/atami.com\/it\/wp-json\/wp\/v2\/media\/23758"}],"wp:attachment":[{"href":"https:\/\/atami.com\/it\/wp-json\/wp\/v2\/media?parent=46173"}],"wp:term":[{"taxonomy":"product_brand","embeddable":true,"href":"https:\/\/atami.com\/it\/wp-json\/wp\/v2\/product_brand?post=46173"},{"taxonomy":"product_cat","embeddable":true,"href":"https:\/\/atami.com\/it\/wp-json\/wp\/v2\/product_cat?post=46173"},{"taxonomy":"product_tag","embeddable":true,"href":"https:\/\/atami.com\/it\/wp-json\/wp\/v2\/product_tag?post=46173"}],"curies":[{"name":"wp","href":"https:\/\/api.w.org\/{rel}","templated":true}]}}