{"id":46171,"date":"2023-02-08T10:14:38","date_gmt":"2023-02-08T10:14:38","guid":{"rendered":"https:\/\/atami.com\/product\/ata-awa-leaves-ab\/"},"modified":"2025-11-07T17:47:08","modified_gmt":"2025-11-07T15:47:08","slug":"ata-awa-leaves-ab","status":"publish","type":"product","link":"https:\/\/atami.com\/it\/prodotto\/ata-awa-leaves-ab","title":{"rendered":"ATA Awa Leaves A&#038;B"},"content":{"rendered":"<p><strong>ATA Awa Leaves A&amp;B \u00e8 un nutriente di base universale che apporta i nutrienti NPK primari <\/strong><br \/>\n<strong>fondamentali durante il ciclo vegetativo della pianta. Se necessario, \u00e8 possibile integrare questa <\/strong><br \/>\n<strong>soluzione nutriente di base universale con vari micronutrienti.<\/strong><\/p>\n<p>\nIl nutriente di base ATA Awa Leaves viene utilizzato durante il ciclo vegetativo della pianta ed \u00e8 <br \/>\nstudiato per la coltivazione in sistemi idroponici. Questo nutriente presenta propriet\u00e0 di regolazione <br \/>\ndel pH: pertanto, \u00e8 raramente necessario intervenire in tal senso e la crescita della pianta risulta pi\u00f9 <br \/>\nrapida ed efficiente. La formula complessa di ATA Awa Leaves A&amp;B garantisce una soluzione nutriente <br \/>\nottimale per l\u2019intero periodo vegetativo.<\/p>\n<p>\n<strong>PARTICOLARMENTE IDONEO PER<\/strong><br \/>\nATA Awa Leaves A&amp;B \u00e8 un nutriente universale, idoneo a diversi tipi di frutta, verdura ed erbe, ad <br \/>\nesempio lattuga, pomodori, salvia e piante ornamentali. Pu\u00f2 essere utilizzato per le piante da interno <br \/>\ne da vaso (ad esempio ficus, dracena, ecc.). \u00c8 possibile misurare il dosaggio necessario per soddisfare <br \/>\nle esigenze delle singole piante o colture.<\/p>\n<p>\n<strong>APPLICAZIONE<\/strong><br \/>\nATA Awa Leaves A&amp;B viene fornito in due flaconi separati. Questi due nutrienti di base possono <br \/>\nessere combinati solo in una soluzione diluita. Riutilizzando l\u2019acqua nutriente, la pianta usa il <br \/>\nmedesimo nutriente diverse volte.<\/p>\n<p>\n<strong>DOSAGGIO<\/strong><br \/>\nDa 1 a 4 ml (A) e da 1 a 4 ml (B) per ogni litro di acqua.<\/p>\n<p>\n<strong>ATA LEAVES A: NK 5-3 W\/W<\/strong><br \/>\n<strong>ATA LEAVES B: PK 3-3 W\/W<\/strong><\/p>\n<p>\n<strong>DISPONIBILE NEI FORMATI DA 250 ML, 1 LITRO, 5 LITRI, 10 LITRI.<\/strong><\/p>\n","protected":false},"excerpt":{"rendered":"<p>Fase di crescita<\/p>\n<p>Idroponica<\/p>\n","protected":false},"featured_media":23728,"comment_status":"closed","ping_status":"closed","template":"","meta":{"_acf_changed":false,"iawp_total_views":26},"product_brand":[],"product_cat":[348,349],"product_tag":[],"class_list":{"0":"post-46171","1":"product","2":"type-product","3":"status-publish","4":"has-post-thumbnail","6":"product_cat-ata","7":"product_cat-nutrienti-di-base","9":"first","10":"instock","11":"shipping-taxable","12":"product-type-simple"},"acf":{"short_description":"<p><strong>ATA Awa Leaves A&B \u00e8 un nutriente di base universale che apporta i nutrienti NPK primari fondamentali durante il ciclo vegetativo della pianta. Se necessario, \u00e8 possibile integrare questa soluzione nutriente di base universale con vari micronutrienti.<\/strong><\/p><p><br \/>Il nutriente di base ATA Awa Leaves viene utilizzato durante il ciclo vegetativo della pianta ed \u00e8 studiato per la coltivazione in sistemi idroponici. Questo nutriente presenta propriet\u00e0 di regolazione del pH: pertanto, \u00e8 raramente necessario intervenire in tal senso e la crescita della pianta risulta pi\u00f9 rapida ed efficiente. La formula complessa di ATA Awa Leaves A&B garantisce una soluzione nutriente ottimale per l\u2019intero periodo vegetativo.<\/p>","suitable_for":"<p>ATA Awa Leaves A&B \u00e8 un nutriente universale, idoneo a diversi tipi di frutta, verdura ed erbe, ad esempio lattuga, pomodori, salvia e piante ornamentali. Pu\u00f2 essere utilizzato per le piante da interno e da vaso (ad esempio ficus, dracena, ecc.). \u00c8 possibile misurare il dosaggio necessario per soddisfare le esigenze delle singole piante o colture.<\/p>","application":"<p>ATA Awa Leaves A&B viene fornito in due flaconi separati. Questi due nutrienti di base possono essere combinati solo in una soluzione diluita. Riutilizzando l\u2019acqua nutriente, la pianta usa il medesimo nutriente diverse volte.<\/p>","dosage":"Da 1 a 4 ml (A) e da 1 a 4 ml (B) per ogni litro di acqua.","npk_ratio":"ATA LEAVES A: NK 5-3 W\/W<br \/>ATA LEAVES B: PK 3-3 W\/W","available_in":"250 ML, 1 LITRO, 5 LITRO, 10 LITRO","icon_1":5719,"icon_1_text":"STIMOLA LA PRODUZIONE DI CLOROFILLA","icon_2":5723,"icon_2_text":"GARANTISCE UNA CRESCITA OTTIMALE","icon_3":5727,"icon_3_text":"IDONEO A TUTTI I SISTEMI DI ANNAFFIATURA","icon_4":"","icon_4_text":"","video":"https:\/\/youtu.be\/n234BRAn2xI","second_image":5715,"product_image_page":5871,"user_manual":"","new_icon_1":"","new_icon_2":"","new_icon_3":"","new_icon_4":"","grow_guides":null,"category":"Nutriente di base"},"yoast_head":"<!-- This site is optimized with the Yoast SEO Premium plugin v27.5 (Yoast SEO v27.5) - https:\/\/yoast.com\/product\/yoast-seo-premium-wordpress\/ -->\n<title>ATA Awa Leaves A&amp;B | Fase di crescita | Atami<\/title>\n<meta name=\"description\" content=\"ATA Awa Leaves A&amp;B \u00e8 un nutriente di base universale che apporta i nutrienti NPK primari fondamentali durante il ciclo vegetativo della pianta. Se necessario, \u00e8 possibile integrare questa soluzione nutriente di base universale con vari micronutrienti.\" \/>\n<meta name=\"robots\" content=\"index, follow, max-snippet:-1, max-image-preview:large, max-video-preview:-1\" \/>\n<link rel=\"canonical\" href=\"https:\/\/atami.com\/it\/prodotto\/ata-awa-leaves-ab\" \/>\n<meta property=\"og:locale\" content=\"it_IT\" \/>\n<meta property=\"og:type\" content=\"article\" \/>\n<meta property=\"og:title\" content=\"ATA Awa Leaves A&amp;B\" \/>\n<meta property=\"og:description\" content=\"ATA Awa Leaves A&amp;B \u00e8 un nutriente di base universale che apporta i nutrienti NPK primari fondamentali durante il ciclo vegetativo della pianta. Se necessario, \u00e8 possibile integrare questa soluzione nutriente di base universale con vari micronutrienti.\" \/>\n<meta property=\"og:url\" content=\"https:\/\/atami.com\/it\/prodotto\/ata-awa-leaves-ab\" \/>\n<meta property=\"og:site_name\" content=\"Atami\" \/>\n<meta property=\"article:publisher\" content=\"https:\/\/www.facebook.com\/Atami.International\" \/>\n<meta property=\"article:modified_time\" content=\"2025-11-07T15:47:08+00:00\" \/>\n<meta property=\"og:image\" content=\"https:\/\/atami.com\/wp-content\/uploads\/2023\/02\/ATA-Awa-Leaves-Main-Image.webp\" \/>\n\t<meta property=\"og:image:width\" content=\"1080\" \/>\n\t<meta property=\"og:image:height\" content=\"1080\" \/>\n\t<meta property=\"og:image:type\" content=\"image\/webp\" \/>\n<meta name=\"twitter:card\" content=\"summary_large_image\" \/>\n<meta name=\"twitter:site\" content=\"@AtamiEU\" \/>\n<meta name=\"twitter:label1\" content=\"Tempo di lettura stimato\" \/>\n\t<meta name=\"twitter:data1\" content=\"2 minuti\" \/>\n<script type=\"application\/ld+json\" class=\"yoast-schema-graph\">{\"@context\":\"https:\\\/\\\/schema.org\",\"@graph\":[{\"@type\":\"WebPage\",\"@id\":\"https:\\\/\\\/atami.com\\\/it\\\/prodotto\\\/ata-awa-leaves-ab\",\"url\":\"https:\\\/\\\/atami.com\\\/it\\\/prodotto\\\/ata-awa-leaves-ab\",\"name\":\"ATA Awa Leaves A&B | Fase di crescita | Atami\",\"isPartOf\":{\"@id\":\"https:\\\/\\\/atami.com\\\/it#website\"},\"primaryImageOfPage\":{\"@id\":\"https:\\\/\\\/atami.com\\\/it\\\/prodotto\\\/ata-awa-leaves-ab#primaryimage\"},\"image\":{\"@id\":\"https:\\\/\\\/atami.com\\\/it\\\/prodotto\\\/ata-awa-leaves-ab#primaryimage\"},\"thumbnailUrl\":\"https:\\\/\\\/atami.com\\\/wp-content\\\/uploads\\\/2023\\\/02\\\/ATA-Awa-Leaves-Main-Image.webp\",\"datePublished\":\"2023-02-08T10:14:38+00:00\",\"dateModified\":\"2025-11-07T15:47:08+00:00\",\"description\":\"ATA Awa Leaves A&B \u00e8 un nutriente di base universale che apporta i nutrienti NPK primari fondamentali durante il ciclo vegetativo della pianta. Se necessario, \u00e8 possibile integrare questa soluzione nutriente di base universale con vari micronutrienti.\",\"breadcrumb\":{\"@id\":\"https:\\\/\\\/atami.com\\\/it\\\/prodotto\\\/ata-awa-leaves-ab#breadcrumb\"},\"inLanguage\":\"it-IT\",\"potentialAction\":[{\"@type\":\"ReadAction\",\"target\":[\"https:\\\/\\\/atami.com\\\/it\\\/prodotto\\\/ata-awa-leaves-ab\"]}]},{\"@type\":\"ImageObject\",\"inLanguage\":\"it-IT\",\"@id\":\"https:\\\/\\\/atami.com\\\/it\\\/prodotto\\\/ata-awa-leaves-ab#primaryimage\",\"url\":\"https:\\\/\\\/atami.com\\\/wp-content\\\/uploads\\\/2023\\\/02\\\/ATA-Awa-Leaves-Main-Image.webp\",\"contentUrl\":\"https:\\\/\\\/atami.com\\\/wp-content\\\/uploads\\\/2023\\\/02\\\/ATA-Awa-Leaves-Main-Image.webp\",\"width\":1080,\"height\":1080,\"caption\":\"ATA Awa Leaves A&B fornisce nutrienti NPK essenziali con propriet\u00e0 di regolazione del pH, promuovendo la crescita ottimale delle piante nei sistemi idroponici.\"},{\"@type\":\"BreadcrumbList\",\"@id\":\"https:\\\/\\\/atami.com\\\/it\\\/prodotto\\\/ata-awa-leaves-ab#breadcrumb\",\"itemListElement\":[{\"@type\":\"ListItem\",\"position\":1,\"name\":\"Home\",\"item\":\"https:\\\/\\\/atami.com\\\/it\"},{\"@type\":\"ListItem\",\"position\":2,\"name\":\"Prodotti\",\"item\":\"https:\\\/\\\/atami.com\\\/it\\\/shop\"},{\"@type\":\"ListItem\",\"position\":3,\"name\":\"Marche\",\"item\":\"https:\\\/\\\/atami.com\\\/it\\\/categoria-prodotto\\\/marche\"},{\"@type\":\"ListItem\",\"position\":4,\"name\":\"ATA\",\"item\":\"https:\\\/\\\/atami.com\\\/it\\\/categoria-prodotto\\\/marche\\\/ata\"},{\"@type\":\"ListItem\",\"position\":5,\"name\":\"ATA Awa Leaves A&#038;B\"}]},{\"@type\":\"WebSite\",\"@id\":\"https:\\\/\\\/atami.com\\\/it#website\",\"url\":\"https:\\\/\\\/atami.com\\\/it\",\"name\":\"Atami\",\"description\":\"NATURALLY INNOVATING!\",\"publisher\":{\"@id\":\"https:\\\/\\\/atami.com\\\/it#organization\"},\"potentialAction\":[{\"@type\":\"SearchAction\",\"target\":{\"@type\":\"EntryPoint\",\"urlTemplate\":\"https:\\\/\\\/atami.com\\\/it?s={search_term_string}\"},\"query-input\":{\"@type\":\"PropertyValueSpecification\",\"valueRequired\":true,\"valueName\":\"search_term_string\"}}],\"inLanguage\":\"it-IT\"},{\"@type\":\"Organization\",\"@id\":\"https:\\\/\\\/atami.com\\\/it#organization\",\"name\":\"Atami\",\"url\":\"https:\\\/\\\/atami.com\\\/it\",\"logo\":{\"@type\":\"ImageObject\",\"inLanguage\":\"it-IT\",\"@id\":\"https:\\\/\\\/atami.com\\\/it#\\\/schema\\\/logo\\\/image\\\/\",\"url\":\"https:\\\/\\\/atami.com\\\/wp-content\\\/uploads\\\/2026\\\/01\\\/Atami-logo-696x696px.webp\",\"contentUrl\":\"https:\\\/\\\/atami.com\\\/wp-content\\\/uploads\\\/2026\\\/01\\\/Atami-logo-696x696px.webp\",\"width\":696,\"height\":696,\"caption\":\"Atami\"},\"image\":{\"@id\":\"https:\\\/\\\/atami.com\\\/it#\\\/schema\\\/logo\\\/image\\\/\"},\"sameAs\":[\"https:\\\/\\\/www.facebook.com\\\/Atami.International\",\"https:\\\/\\\/x.com\\\/AtamiEU\",\"https:\\\/\\\/www.youtube.com\\\/c\\\/AtamiInternational\",\"https:\\\/\\\/www.instagram.com\\\/atami.international\\\/\"],\"description\":\"ATAMI is a premium plant nutrition & substrate brand founded in 1997 with the mission to make exceptional cultivation achievable for everyone. From legacy to license, we offer a wide variety of innovating award-winning products to let cultivators achieve maximum results in taste & yield.\",\"email\":\"info@mginnovations.es\",\"legalName\":\"Atami\",\"numberOfEmployees\":{\"@type\":\"QuantitativeValue\",\"minValue\":\"11\",\"maxValue\":\"50\"}}]}<\/script>\n<!-- \/ Yoast SEO Premium plugin. -->","yoast_head_json":{"title":"ATA Awa Leaves A&B | Fase di crescita | Atami","description":"ATA Awa Leaves A&B \u00e8 un nutriente di base universale che apporta i nutrienti NPK primari fondamentali durante il ciclo vegetativo della pianta. Se necessario, \u00e8 possibile integrare questa soluzione nutriente di base universale con vari micronutrienti.","robots":{"index":"index","follow":"follow","max-snippet":"max-snippet:-1","max-image-preview":"max-image-preview:large","max-video-preview":"max-video-preview:-1"},"canonical":"https:\/\/atami.com\/it\/prodotto\/ata-awa-leaves-ab","og_locale":"it_IT","og_type":"article","og_title":"ATA Awa Leaves A&B","og_description":"ATA Awa Leaves A&B \u00e8 un nutriente di base universale che apporta i nutrienti NPK primari fondamentali durante il ciclo vegetativo della pianta. Se necessario, \u00e8 possibile integrare questa soluzione nutriente di base universale con vari micronutrienti.","og_url":"https:\/\/atami.com\/it\/prodotto\/ata-awa-leaves-ab","og_site_name":"Atami","article_publisher":"https:\/\/www.facebook.com\/Atami.International","article_modified_time":"2025-11-07T15:47:08+00:00","og_image":[{"width":1080,"height":1080,"url":"https:\/\/atami.com\/wp-content\/uploads\/2023\/02\/ATA-Awa-Leaves-Main-Image.webp","type":"image\/webp"}],"twitter_card":"summary_large_image","twitter_site":"@AtamiEU","twitter_misc":{"Tempo di lettura stimato":"2 minuti"},"schema":{"@context":"https:\/\/schema.org","@graph":[{"@type":"WebPage","@id":"https:\/\/atami.com\/it\/prodotto\/ata-awa-leaves-ab","url":"https:\/\/atami.com\/it\/prodotto\/ata-awa-leaves-ab","name":"ATA Awa Leaves A&B | Fase di crescita | Atami","isPartOf":{"@id":"https:\/\/atami.com\/it#website"},"primaryImageOfPage":{"@id":"https:\/\/atami.com\/it\/prodotto\/ata-awa-leaves-ab#primaryimage"},"image":{"@id":"https:\/\/atami.com\/it\/prodotto\/ata-awa-leaves-ab#primaryimage"},"thumbnailUrl":"https:\/\/atami.com\/wp-content\/uploads\/2023\/02\/ATA-Awa-Leaves-Main-Image.webp","datePublished":"2023-02-08T10:14:38+00:00","dateModified":"2025-11-07T15:47:08+00:00","description":"ATA Awa Leaves A&B \u00e8 un nutriente di base universale che apporta i nutrienti NPK primari fondamentali durante il ciclo vegetativo della pianta. Se necessario, \u00e8 possibile integrare questa soluzione nutriente di base universale con vari micronutrienti.","breadcrumb":{"@id":"https:\/\/atami.com\/it\/prodotto\/ata-awa-leaves-ab#breadcrumb"},"inLanguage":"it-IT","potentialAction":[{"@type":"ReadAction","target":["https:\/\/atami.com\/it\/prodotto\/ata-awa-leaves-ab"]}]},{"@type":"ImageObject","inLanguage":"it-IT","@id":"https:\/\/atami.com\/it\/prodotto\/ata-awa-leaves-ab#primaryimage","url":"https:\/\/atami.com\/wp-content\/uploads\/2023\/02\/ATA-Awa-Leaves-Main-Image.webp","contentUrl":"https:\/\/atami.com\/wp-content\/uploads\/2023\/02\/ATA-Awa-Leaves-Main-Image.webp","width":1080,"height":1080,"caption":"ATA Awa Leaves A&B fornisce nutrienti NPK essenziali con propriet\u00e0 di regolazione del pH, promuovendo la crescita ottimale delle piante nei sistemi idroponici."},{"@type":"BreadcrumbList","@id":"https:\/\/atami.com\/it\/prodotto\/ata-awa-leaves-ab#breadcrumb","itemListElement":[{"@type":"ListItem","position":1,"name":"Home","item":"https:\/\/atami.com\/it"},{"@type":"ListItem","position":2,"name":"Prodotti","item":"https:\/\/atami.com\/it\/shop"},{"@type":"ListItem","position":3,"name":"Marche","item":"https:\/\/atami.com\/it\/categoria-prodotto\/marche"},{"@type":"ListItem","position":4,"name":"ATA","item":"https:\/\/atami.com\/it\/categoria-prodotto\/marche\/ata"},{"@type":"ListItem","position":5,"name":"ATA Awa Leaves A&#038;B"}]},{"@type":"WebSite","@id":"https:\/\/atami.com\/it#website","url":"https:\/\/atami.com\/it","name":"Atami","description":"NATURALLY INNOVATING!","publisher":{"@id":"https:\/\/atami.com\/it#organization"},"potentialAction":[{"@type":"SearchAction","target":{"@type":"EntryPoint","urlTemplate":"https:\/\/atami.com\/it?s={search_term_string}"},"query-input":{"@type":"PropertyValueSpecification","valueRequired":true,"valueName":"search_term_string"}}],"inLanguage":"it-IT"},{"@type":"Organization","@id":"https:\/\/atami.com\/it#organization","name":"Atami","url":"https:\/\/atami.com\/it","logo":{"@type":"ImageObject","inLanguage":"it-IT","@id":"https:\/\/atami.com\/it#\/schema\/logo\/image\/","url":"https:\/\/atami.com\/wp-content\/uploads\/2026\/01\/Atami-logo-696x696px.webp","contentUrl":"https:\/\/atami.com\/wp-content\/uploads\/2026\/01\/Atami-logo-696x696px.webp","width":696,"height":696,"caption":"Atami"},"image":{"@id":"https:\/\/atami.com\/it#\/schema\/logo\/image\/"},"sameAs":["https:\/\/www.facebook.com\/Atami.International","https:\/\/x.com\/AtamiEU","https:\/\/www.youtube.com\/c\/AtamiInternational","https:\/\/www.instagram.com\/atami.international\/"],"description":"ATAMI is a premium plant nutrition & substrate brand founded in 1997 with the mission to make exceptional cultivation achievable for everyone. From legacy to license, we offer a wide variety of innovating award-winning products to let cultivators achieve maximum results in taste & yield.","email":"info@mginnovations.es","legalName":"Atami","numberOfEmployees":{"@type":"QuantitativeValue","minValue":"11","maxValue":"50"}}]}},"_links":{"self":[{"href":"https:\/\/atami.com\/it\/wp-json\/wp\/v2\/product\/46171","targetHints":{"allow":["GET"]}}],"collection":[{"href":"https:\/\/atami.com\/it\/wp-json\/wp\/v2\/product"}],"about":[{"href":"https:\/\/atami.com\/it\/wp-json\/wp\/v2\/types\/product"}],"replies":[{"embeddable":true,"href":"https:\/\/atami.com\/it\/wp-json\/wp\/v2\/comments?post=46171"}],"wp:featuredmedia":[{"embeddable":true,"href":"https:\/\/atami.com\/it\/wp-json\/wp\/v2\/media\/23728"}],"wp:attachment":[{"href":"https:\/\/atami.com\/it\/wp-json\/wp\/v2\/media?parent=46171"}],"wp:term":[{"taxonomy":"product_brand","embeddable":true,"href":"https:\/\/atami.com\/it\/wp-json\/wp\/v2\/product_brand?post=46171"},{"taxonomy":"product_cat","embeddable":true,"href":"https:\/\/atami.com\/it\/wp-json\/wp\/v2\/product_cat?post=46171"},{"taxonomy":"product_tag","embeddable":true,"href":"https:\/\/atami.com\/it\/wp-json\/wp\/v2\/product_tag?post=46171"}],"curies":[{"name":"wp","href":"https:\/\/api.w.org\/{rel}","templated":true}]}}