{"id":46170,"date":"2023-02-08T08:00:20","date_gmt":"2023-02-08T08:00:20","guid":{"rendered":"https:\/\/atami.com\/product\/ata-terra-max\/"},"modified":"2025-11-07T17:46:28","modified_gmt":"2025-11-07T15:46:28","slug":"ata-terra-max","status":"publish","type":"product","link":"https:\/\/atami.com\/it\/prodotto\/ata-terra-max","title":{"rendered":"ATA Terra Max"},"content":{"rendered":"<p><strong>ATA Terra Max \u00e8 un nutriente di base universale utilizzato durante il ciclo di fioritura della pianta ed \u00e8 <\/strong><br \/>\n<strong>appositamente sviluppato per la coltivazione in terra. Poich\u00e9 questo substrato \u00e8 naturalmente ricco di <\/strong><br \/>\n<strong>calcio e altri nutrienti, ATA Terra Max contiene una quantit\u00e0 praticamente nulla di questo elemento e i <\/strong><br \/>\n<strong>valori NPK sono relativamente bassi per prevenire una fertilizzazione eccessiva.<\/strong><\/p>\n<p>\nATA Terra Max offre una nutrizione completa per la fioritura ed esercita un effetto positivo sulla <br \/>\npredisposizione alla fioritura della pianta. Di conseguenza, questa produrr\u00e0 fiori meravigliosamente <br \/>\ncompatti e di dimensioni significativamente superiori.<\/p>\n<p>\n<strong>PARTICOLARMENTE IDONEO PER<\/strong><br \/>\nATA Terra Max \u00e8 un nutriente universale, idoneo a diversi tipi di frutta, verdura ed erbe, ad esempio <br \/>\ncavolfiori, broccoli, melanzane e piante ornamentali. Pu\u00f2 essere utilizzato anche per piante da fiore <br \/>\nornamentali (come rose ed erica). \u00c8 possibile misurare il dosaggio necessario per soddisfare le <br \/>\nesigenze delle singole piante o colture.<\/p>\n<p>\n<strong>APPLICAZIONE<\/strong><br \/>\nPu\u00f2 essere utilizzato quotidianamente durante l\u2019intera fase di fioritura. ATA Terra Max \u00e8 solubile <br \/>\ndirettamente in acqua e facilmente assorbibile dalle piante, il che permette di notare rapidamente i <br \/>\nrisultati.<\/p>\n<p>\n<strong>DOSAGGIO<\/strong><br \/>\nDa 1 a 5 ml per ogni litro di acqua. Idoneo a tutti i sistemi di annaffiatura.<\/p>\n<p>\n<strong>NPK 2-2-4 W\/W<\/strong><\/p>\n<p>\n<strong>DISPONIBILE NEI FORMATI DA 250 ML, 1 LITRO, 5 LITRI E 10 LITRI <\/strong><\/p>\n","protected":false},"excerpt":{"rendered":"<p>Fase di fioritura<\/p>\n","protected":false},"featured_media":23707,"comment_status":"closed","ping_status":"closed","template":"","meta":{"_acf_changed":false,"iawp_total_views":117},"product_brand":[],"product_cat":[348,349],"product_tag":[],"class_list":{"0":"post-46170","1":"product","2":"type-product","3":"status-publish","4":"has-post-thumbnail","6":"product_cat-ata","7":"product_cat-nutrienti-di-base","9":"first","10":"instock","11":"shipping-taxable","12":"product-type-simple"},"acf":{"short_description":"<p><strong>ATA Terra Max \u00e8 un nutriente di base universale utilizzato durante il ciclo di fioritura della pianta ed \u00e8 appositamente sviluppato per la coltivazione in terra. Poich\u00e9 questo substrato \u00e8 naturalmente ricco di calcio e altri nutrienti, ATA Terra Max contiene una quantit\u00e0 praticamente nulla di questo elemento e i valori NPK sono relativamente bassi per prevenire una fertilizzazione eccessiva.<\/strong><\/p><p><br \/>ATA Terra Max offre una nutrizione completa per la fioritura ed esercita un effetto positivo sulla predisposizione alla fioritura della pianta. Di conseguenza, questa produrr\u00e0 fiori meravigliosamente compatti e di dimensioni significativamente superiori.<\/p>","suitable_for":"<p>ATA Terra Max \u00e8 un nutriente universale, idoneo a diversi tipi di frutta, verdura ed erbe, ad esempio cavolfiori, broccoli, melanzane e piante ornamentali. Pu\u00f2 essere utilizzato anche per piante da fiore ornamentali (come rose ed erica). \u00c8 possibile misurare il dosaggio necessario per soddisfare le esigenze delle singole piante o colture.<\/p>","application":"<p>Pu\u00f2 essere utilizzato quotidianamente durante l\u2019intera fase di fioritura. ATA Terra Max \u00e8 solubile direttamente in acqua e facilmente assorbibile dalle piante, il che permette di notare rapidamente i risultati.<\/p>","dosage":"<p>Da 1 a 5 ml per ogni litro di acqua. Idoneo a tutti i sistemi di annaffiatura.<\/p>","npk_ratio":"<p>NPK 2-2-4 W\/W<\/p>","available_in":"<p>250 ML, 1 LITRO, 5 LITRO E 10 LITRO<\/p>","icon_1":5703,"icon_1_text":"STIMOLA LA PRODUZIONE DI CLOROFILLA","icon_2":5707,"icon_2_text":"VALORI NPK RELATIVAMENTE BASSI","icon_3":5711,"icon_3_text":"GARANTISCE UNA CRESCITA OTTIMALE","icon_4":"","icon_4_text":"","video":"","second_image":5699,"product_image_page":5867,"user_manual":"","new_icon_1":"","new_icon_2":"","new_icon_3":"","new_icon_4":"","grow_guides":"","category":"Nutriente di base"},"yoast_head":"<!-- This site is optimized with the Yoast SEO Premium plugin v27.5 (Yoast SEO v27.5) - https:\/\/yoast.com\/product\/yoast-seo-premium-wordpress\/ -->\n<title>ATA Terra Max: Fertilizzante Potente per la Fioritura delle Piante<\/title>\n<meta name=\"description\" content=\"ATA Terra Max \u00e8 il fertilizzante ideale per ottenere piante forti e rigogliose. Con una formulazione avanzata, questo nutriente garantisce una crescita ottimale e una resistenza migliorata. Scopri come migliorare i tuoi raccolti con ATA Terra Max!\" \/>\n<meta name=\"robots\" content=\"index, follow, max-snippet:-1, max-image-preview:large, max-video-preview:-1\" \/>\n<link rel=\"canonical\" href=\"https:\/\/atami.com\/it\/prodotto\/ata-terra-max\" \/>\n<meta property=\"og:locale\" content=\"it_IT\" \/>\n<meta property=\"og:type\" content=\"article\" \/>\n<meta property=\"og:title\" content=\"ATA Terra Max\" \/>\n<meta property=\"og:description\" content=\"ATA Terra Max \u00e8 il fertilizzante ideale per ottenere piante forti e rigogliose. Con una formulazione avanzata, questo nutriente garantisce una crescita ottimale e una resistenza migliorata. Scopri come migliorare i tuoi raccolti con ATA Terra Max!\" \/>\n<meta property=\"og:url\" content=\"https:\/\/atami.com\/it\/prodotto\/ata-terra-max\" \/>\n<meta property=\"og:site_name\" content=\"Atami\" \/>\n<meta property=\"article:publisher\" content=\"https:\/\/www.facebook.com\/Atami.International\" \/>\n<meta property=\"article:modified_time\" content=\"2025-11-07T15:46:28+00:00\" \/>\n<meta property=\"og:image\" content=\"https:\/\/atami.com\/wp-content\/uploads\/2023\/02\/ATA-Terra-Max-Main-Image.webp\" \/>\n\t<meta property=\"og:image:width\" content=\"1080\" \/>\n\t<meta property=\"og:image:height\" content=\"1080\" \/>\n\t<meta property=\"og:image:type\" content=\"image\/webp\" \/>\n<meta name=\"twitter:card\" content=\"summary_large_image\" \/>\n<meta name=\"twitter:site\" content=\"@AtamiEU\" \/>\n<meta name=\"twitter:label1\" content=\"Tempo di lettura stimato\" \/>\n\t<meta name=\"twitter:data1\" content=\"2 minuti\" \/>\n<script type=\"application\/ld+json\" class=\"yoast-schema-graph\">{\"@context\":\"https:\\\/\\\/schema.org\",\"@graph\":[{\"@type\":\"WebPage\",\"@id\":\"https:\\\/\\\/atami.com\\\/it\\\/prodotto\\\/ata-terra-max\",\"url\":\"https:\\\/\\\/atami.com\\\/it\\\/prodotto\\\/ata-terra-max\",\"name\":\"ATA Terra Max: Fertilizzante Potente per la Fioritura delle Piante\",\"isPartOf\":{\"@id\":\"https:\\\/\\\/atami.com\\\/it#website\"},\"primaryImageOfPage\":{\"@id\":\"https:\\\/\\\/atami.com\\\/it\\\/prodotto\\\/ata-terra-max#primaryimage\"},\"image\":{\"@id\":\"https:\\\/\\\/atami.com\\\/it\\\/prodotto\\\/ata-terra-max#primaryimage\"},\"thumbnailUrl\":\"https:\\\/\\\/atami.com\\\/wp-content\\\/uploads\\\/2023\\\/02\\\/ATA-Terra-Max-Main-Image.webp\",\"datePublished\":\"2023-02-08T08:00:20+00:00\",\"dateModified\":\"2025-11-07T15:46:28+00:00\",\"description\":\"ATA Terra Max \u00e8 il fertilizzante ideale per ottenere piante forti e rigogliose. Con una formulazione avanzata, questo nutriente garantisce una crescita ottimale e una resistenza migliorata. Scopri come migliorare i tuoi raccolti con ATA Terra Max!\",\"breadcrumb\":{\"@id\":\"https:\\\/\\\/atami.com\\\/it\\\/prodotto\\\/ata-terra-max#breadcrumb\"},\"inLanguage\":\"it-IT\",\"potentialAction\":[{\"@type\":\"ReadAction\",\"target\":[\"https:\\\/\\\/atami.com\\\/it\\\/prodotto\\\/ata-terra-max\"]}]},{\"@type\":\"ImageObject\",\"inLanguage\":\"it-IT\",\"@id\":\"https:\\\/\\\/atami.com\\\/it\\\/prodotto\\\/ata-terra-max#primaryimage\",\"url\":\"https:\\\/\\\/atami.com\\\/wp-content\\\/uploads\\\/2023\\\/02\\\/ATA-Terra-Max-Main-Image.webp\",\"contentUrl\":\"https:\\\/\\\/atami.com\\\/wp-content\\\/uploads\\\/2023\\\/02\\\/ATA-Terra-Max-Main-Image.webp\",\"width\":1080,\"height\":1080,\"caption\":\"ATA Terra Max favorisce lo sviluppo di fiori compatti, aumentandone notevolmente le dimensioni durante il ciclo di fioritura.\"},{\"@type\":\"BreadcrumbList\",\"@id\":\"https:\\\/\\\/atami.com\\\/it\\\/prodotto\\\/ata-terra-max#breadcrumb\",\"itemListElement\":[{\"@type\":\"ListItem\",\"position\":1,\"name\":\"Home\",\"item\":\"https:\\\/\\\/atami.com\\\/it\"},{\"@type\":\"ListItem\",\"position\":2,\"name\":\"Prodotti\",\"item\":\"https:\\\/\\\/atami.com\\\/it\\\/shop\"},{\"@type\":\"ListItem\",\"position\":3,\"name\":\"Marche\",\"item\":\"https:\\\/\\\/atami.com\\\/it\\\/categoria-prodotto\\\/marche\"},{\"@type\":\"ListItem\",\"position\":4,\"name\":\"ATA\",\"item\":\"https:\\\/\\\/atami.com\\\/it\\\/categoria-prodotto\\\/marche\\\/ata\"},{\"@type\":\"ListItem\",\"position\":5,\"name\":\"ATA Terra Max\"}]},{\"@type\":\"WebSite\",\"@id\":\"https:\\\/\\\/atami.com\\\/it#website\",\"url\":\"https:\\\/\\\/atami.com\\\/it\",\"name\":\"Atami\",\"description\":\"NATURALLY INNOVATING!\",\"publisher\":{\"@id\":\"https:\\\/\\\/atami.com\\\/it#organization\"},\"potentialAction\":[{\"@type\":\"SearchAction\",\"target\":{\"@type\":\"EntryPoint\",\"urlTemplate\":\"https:\\\/\\\/atami.com\\\/it?s={search_term_string}\"},\"query-input\":{\"@type\":\"PropertyValueSpecification\",\"valueRequired\":true,\"valueName\":\"search_term_string\"}}],\"inLanguage\":\"it-IT\"},{\"@type\":\"Organization\",\"@id\":\"https:\\\/\\\/atami.com\\\/it#organization\",\"name\":\"Atami\",\"url\":\"https:\\\/\\\/atami.com\\\/it\",\"logo\":{\"@type\":\"ImageObject\",\"inLanguage\":\"it-IT\",\"@id\":\"https:\\\/\\\/atami.com\\\/it#\\\/schema\\\/logo\\\/image\\\/\",\"url\":\"https:\\\/\\\/atami.com\\\/wp-content\\\/uploads\\\/2026\\\/01\\\/Atami-logo-696x696px.webp\",\"contentUrl\":\"https:\\\/\\\/atami.com\\\/wp-content\\\/uploads\\\/2026\\\/01\\\/Atami-logo-696x696px.webp\",\"width\":696,\"height\":696,\"caption\":\"Atami\"},\"image\":{\"@id\":\"https:\\\/\\\/atami.com\\\/it#\\\/schema\\\/logo\\\/image\\\/\"},\"sameAs\":[\"https:\\\/\\\/www.facebook.com\\\/Atami.International\",\"https:\\\/\\\/x.com\\\/AtamiEU\",\"https:\\\/\\\/www.youtube.com\\\/c\\\/AtamiInternational\",\"https:\\\/\\\/www.instagram.com\\\/atami.international\\\/\"],\"description\":\"ATAMI is a premium plant nutrition & substrate brand founded in 1997 with the mission to make exceptional cultivation achievable for everyone. From legacy to license, we offer a wide variety of innovating award-winning products to let cultivators achieve maximum results in taste & yield.\",\"email\":\"info@mginnovations.es\",\"legalName\":\"Atami\",\"numberOfEmployees\":{\"@type\":\"QuantitativeValue\",\"minValue\":\"11\",\"maxValue\":\"50\"}}]}<\/script>\n<!-- \/ Yoast SEO Premium plugin. -->","yoast_head_json":{"title":"ATA Terra Max: Fertilizzante Potente per la Fioritura delle Piante","description":"ATA Terra Max \u00e8 il fertilizzante ideale per ottenere piante forti e rigogliose. Con una formulazione avanzata, questo nutriente garantisce una crescita ottimale e una resistenza migliorata. Scopri come migliorare i tuoi raccolti con ATA Terra Max!","robots":{"index":"index","follow":"follow","max-snippet":"max-snippet:-1","max-image-preview":"max-image-preview:large","max-video-preview":"max-video-preview:-1"},"canonical":"https:\/\/atami.com\/it\/prodotto\/ata-terra-max","og_locale":"it_IT","og_type":"article","og_title":"ATA Terra Max","og_description":"ATA Terra Max \u00e8 il fertilizzante ideale per ottenere piante forti e rigogliose. Con una formulazione avanzata, questo nutriente garantisce una crescita ottimale e una resistenza migliorata. Scopri come migliorare i tuoi raccolti con ATA Terra Max!","og_url":"https:\/\/atami.com\/it\/prodotto\/ata-terra-max","og_site_name":"Atami","article_publisher":"https:\/\/www.facebook.com\/Atami.International","article_modified_time":"2025-11-07T15:46:28+00:00","og_image":[{"width":1080,"height":1080,"url":"https:\/\/atami.com\/wp-content\/uploads\/2023\/02\/ATA-Terra-Max-Main-Image.webp","type":"image\/webp"}],"twitter_card":"summary_large_image","twitter_site":"@AtamiEU","twitter_misc":{"Tempo di lettura stimato":"2 minuti"},"schema":{"@context":"https:\/\/schema.org","@graph":[{"@type":"WebPage","@id":"https:\/\/atami.com\/it\/prodotto\/ata-terra-max","url":"https:\/\/atami.com\/it\/prodotto\/ata-terra-max","name":"ATA Terra Max: Fertilizzante Potente per la Fioritura delle Piante","isPartOf":{"@id":"https:\/\/atami.com\/it#website"},"primaryImageOfPage":{"@id":"https:\/\/atami.com\/it\/prodotto\/ata-terra-max#primaryimage"},"image":{"@id":"https:\/\/atami.com\/it\/prodotto\/ata-terra-max#primaryimage"},"thumbnailUrl":"https:\/\/atami.com\/wp-content\/uploads\/2023\/02\/ATA-Terra-Max-Main-Image.webp","datePublished":"2023-02-08T08:00:20+00:00","dateModified":"2025-11-07T15:46:28+00:00","description":"ATA Terra Max \u00e8 il fertilizzante ideale per ottenere piante forti e rigogliose. Con una formulazione avanzata, questo nutriente garantisce una crescita ottimale e una resistenza migliorata. Scopri come migliorare i tuoi raccolti con ATA Terra Max!","breadcrumb":{"@id":"https:\/\/atami.com\/it\/prodotto\/ata-terra-max#breadcrumb"},"inLanguage":"it-IT","potentialAction":[{"@type":"ReadAction","target":["https:\/\/atami.com\/it\/prodotto\/ata-terra-max"]}]},{"@type":"ImageObject","inLanguage":"it-IT","@id":"https:\/\/atami.com\/it\/prodotto\/ata-terra-max#primaryimage","url":"https:\/\/atami.com\/wp-content\/uploads\/2023\/02\/ATA-Terra-Max-Main-Image.webp","contentUrl":"https:\/\/atami.com\/wp-content\/uploads\/2023\/02\/ATA-Terra-Max-Main-Image.webp","width":1080,"height":1080,"caption":"ATA Terra Max favorisce lo sviluppo di fiori compatti, aumentandone notevolmente le dimensioni durante il ciclo di fioritura."},{"@type":"BreadcrumbList","@id":"https:\/\/atami.com\/it\/prodotto\/ata-terra-max#breadcrumb","itemListElement":[{"@type":"ListItem","position":1,"name":"Home","item":"https:\/\/atami.com\/it"},{"@type":"ListItem","position":2,"name":"Prodotti","item":"https:\/\/atami.com\/it\/shop"},{"@type":"ListItem","position":3,"name":"Marche","item":"https:\/\/atami.com\/it\/categoria-prodotto\/marche"},{"@type":"ListItem","position":4,"name":"ATA","item":"https:\/\/atami.com\/it\/categoria-prodotto\/marche\/ata"},{"@type":"ListItem","position":5,"name":"ATA Terra Max"}]},{"@type":"WebSite","@id":"https:\/\/atami.com\/it#website","url":"https:\/\/atami.com\/it","name":"Atami","description":"NATURALLY INNOVATING!","publisher":{"@id":"https:\/\/atami.com\/it#organization"},"potentialAction":[{"@type":"SearchAction","target":{"@type":"EntryPoint","urlTemplate":"https:\/\/atami.com\/it?s={search_term_string}"},"query-input":{"@type":"PropertyValueSpecification","valueRequired":true,"valueName":"search_term_string"}}],"inLanguage":"it-IT"},{"@type":"Organization","@id":"https:\/\/atami.com\/it#organization","name":"Atami","url":"https:\/\/atami.com\/it","logo":{"@type":"ImageObject","inLanguage":"it-IT","@id":"https:\/\/atami.com\/it#\/schema\/logo\/image\/","url":"https:\/\/atami.com\/wp-content\/uploads\/2026\/01\/Atami-logo-696x696px.webp","contentUrl":"https:\/\/atami.com\/wp-content\/uploads\/2026\/01\/Atami-logo-696x696px.webp","width":696,"height":696,"caption":"Atami"},"image":{"@id":"https:\/\/atami.com\/it#\/schema\/logo\/image\/"},"sameAs":["https:\/\/www.facebook.com\/Atami.International","https:\/\/x.com\/AtamiEU","https:\/\/www.youtube.com\/c\/AtamiInternational","https:\/\/www.instagram.com\/atami.international\/"],"description":"ATAMI is a premium plant nutrition & substrate brand founded in 1997 with the mission to make exceptional cultivation achievable for everyone. From legacy to license, we offer a wide variety of innovating award-winning products to let cultivators achieve maximum results in taste & yield.","email":"info@mginnovations.es","legalName":"Atami","numberOfEmployees":{"@type":"QuantitativeValue","minValue":"11","maxValue":"50"}}]}},"_links":{"self":[{"href":"https:\/\/atami.com\/it\/wp-json\/wp\/v2\/product\/46170","targetHints":{"allow":["GET"]}}],"collection":[{"href":"https:\/\/atami.com\/it\/wp-json\/wp\/v2\/product"}],"about":[{"href":"https:\/\/atami.com\/it\/wp-json\/wp\/v2\/types\/product"}],"replies":[{"embeddable":true,"href":"https:\/\/atami.com\/it\/wp-json\/wp\/v2\/comments?post=46170"}],"wp:featuredmedia":[{"embeddable":true,"href":"https:\/\/atami.com\/it\/wp-json\/wp\/v2\/media\/23707"}],"wp:attachment":[{"href":"https:\/\/atami.com\/it\/wp-json\/wp\/v2\/media?parent=46170"}],"wp:term":[{"taxonomy":"product_brand","embeddable":true,"href":"https:\/\/atami.com\/it\/wp-json\/wp\/v2\/product_brand?post=46170"},{"taxonomy":"product_cat","embeddable":true,"href":"https:\/\/atami.com\/it\/wp-json\/wp\/v2\/product_cat?post=46170"},{"taxonomy":"product_tag","embeddable":true,"href":"https:\/\/atami.com\/it\/wp-json\/wp\/v2\/product_tag?post=46170"}],"curies":[{"name":"wp","href":"https:\/\/api.w.org\/{rel}","templated":true}]}}