{"id":46169,"date":"2023-02-07T14:34:34","date_gmt":"2023-02-07T14:34:34","guid":{"rendered":"https:\/\/atami.com\/product\/ata-terra-leaves\/"},"modified":"2025-11-07T17:46:08","modified_gmt":"2025-11-07T15:46:08","slug":"ata-terra-leaves","status":"publish","type":"product","link":"https:\/\/atami.com\/it\/prodotto\/ata-terra-leaves","title":{"rendered":"ATA Terra Leaves"},"content":{"rendered":"<p><strong>ATA Terra Leaves \u00e8 un nutriente di base universale utilizzato durante il ciclo vegetativo della pianta ed <\/strong><br \/>\n<strong>\u00e8 appositamente formulato per la coltivazione in terra. Per questo motivo, il nutriente non prevede <\/strong><br \/>\n<strong>l\u2019aggiunta di calcio, in quanto questo elemento \u00e8 gi\u00e0 naturalmente presente in quantit\u00e0 sufficienti nei <\/strong><br \/>\n<strong>substrati di terreno.<\/strong><\/p>\n<p>\nPoich\u00e9 la terra contiene naturalmente numerosi nutrienti oltre al calcio e presenta anche una <br \/>\ncapacit\u00e0 soddisfacente di trattenerli, i valori NPK di ATA Terra Leaves sono relativamente bassi per <br \/>\nprevenire una potenziale fertilizzazione eccessiva. ATA Terra Leaves contribuisce alla crescita di rami <br \/>\nforti e vitali e consente alla pianta di aumentare costantemente le proprie dimensioni. Stimola la <br \/>\nproduzione di clorofilla.<\/p>\n<p>\n<strong>PARTICOLARMENTE IDONEO PER<\/strong><br \/>\nDiversi tipi di verdura, frutta ed erbe, ad esempio spinaci, salvia e lattuga. Pu\u00f2 essere utilizzato anche <br \/>\nper piante da interno e da vaso (ad esempio ortensie, erica, ecc.). \u00c8 possibile misurare il dosaggio <br \/>\nnecessario per soddisfare le esigenze delle singole piante o colture.<\/p>\n<p>\n<strong>APPLICAZIONE<\/strong><br \/>\nSolubile direttamente in acqua e facilmente assorbibile dalle piante. Particolarmente adatto a terreni <br \/>\n(da vaso) lievemente calcarei.<\/p>\n<p>\n<strong>DOSAGGIO<\/strong><br \/>\nDa 1 a 5 ml per ogni litro di acqua. Idoneo a tutti i sistemi di annaffiatura.<\/p>\n<p>\n<strong>NPK 2-1-3 W\/W<\/strong><\/p>\n<p>\n<strong>DISPONIBILE NEI FORMATI DA 250 ML, 1 LITRO, 5 LITRI E 10 LITRI <\/strong><\/p>\n","protected":false},"excerpt":{"rendered":"<p>Fase di crescita<\/p>\n<p>Terriccio<\/p>\n","protected":false},"featured_media":23692,"comment_status":"closed","ping_status":"closed","template":"","meta":{"_acf_changed":false,"iawp_total_views":116},"product_brand":[],"product_cat":[348,349],"product_tag":[],"class_list":{"0":"post-46169","1":"product","2":"type-product","3":"status-publish","4":"has-post-thumbnail","6":"product_cat-ata","7":"product_cat-nutrienti-di-base","9":"first","10":"instock","11":"shipping-taxable","12":"product-type-simple"},"acf":{"short_description":"<p><strong>ATA Terra Leaves \u00e8 un nutriente di base universale utilizzato durante il ciclo vegetativo della pianta ed \u00e8 appositamente formulato per la coltivazione in terra. Per questo motivo, il nutriente non prevede l\u2019aggiunta di calcio, in quanto questo elemento \u00e8 gi\u00e0 naturalmente presente in quantit\u00e0 sufficienti nei substrati di terreno.<\/strong><\/p><p><br \/>Poich\u00e9 la terra contiene naturalmente numerosi nutrienti oltre al calcio e presenta anche una capacit\u00e0 soddisfacente di trattenerli, i valori NPK di ATA Terra Leaves sono relativamente bassi per prevenire una potenziale fertilizzazione eccessiva. ATA Terra Leaves contribuisce alla crescita di rami forti e vitali e consente alla pianta di aumentare costantemente le proprie dimensioni. Stimola la produzione di clorofilla.<\/p>","suitable_for":"<p>Diversi tipi di verdura, frutta ed erbe, ad esempio spinaci, salvia e lattuga. Pu\u00f2 essere utilizzato anche per piante da interno e da vaso (ad esempio ortensie, erica, ecc.). \u00c8 possibile misurare il dosaggio necessario per soddisfare le esigenze delle singole piante o colture.<\/p>","application":"<p>Solubile direttamente in acqua e facilmente assorbibile dalle piante. Particolarmente adatto a terreni (da vaso) lievemente calcarei.<\/p>","dosage":"<p>Da 1 a 5 ml per ogni litro di acqua. Idoneo a tutti i sistemi di annaffiatura.<\/p>","npk_ratio":"<p>NPK 2-1-3 W\/W<\/p>","available_in":"<p>250 ML, 1 LITRO, 5 LITRO E 10 LITRO<\/p>","icon_1":5687,"icon_1_text":"STIMOLA LA PRODUZIONE DI CLOROFILLA","icon_2":5691,"icon_2_text":"GARANTISCE UNA CRESCITA OTTIMALE","icon_3":5695,"icon_3_text":"IDONEO A TUTTI I SISTEMI DI ANNAFFIATURA","icon_4":"","icon_4_text":"","video":"","second_image":5683,"product_image_page":5863,"user_manual":"","new_icon_1":"","new_icon_2":"","new_icon_3":"","new_icon_4":"","grow_guides":"","category":"Nutriente di base"},"yoast_head":"<!-- This site is optimized with the Yoast SEO Premium plugin v27.4 (Yoast SEO v27.4) - https:\/\/yoast.com\/product\/yoast-seo-premium-wordpress\/ -->\n<title>ATA Terra Leaves: Nutrizione Completa per Piante in Crescita Vegetativa<\/title>\n<meta name=\"description\" content=\"Scopri ATA Terra Leaves, il fertilizzante perfetto per garantire una crescita vigorosa e sana delle tue piante. Potenzia la tua coltivazione con questo prodotto di alta qualit\u00e0.\" \/>\n<meta name=\"robots\" content=\"index, follow, max-snippet:-1, max-image-preview:large, max-video-preview:-1\" \/>\n<link rel=\"canonical\" href=\"https:\/\/atami.com\/it\/prodotto\/ata-terra-leaves\" \/>\n<meta property=\"og:locale\" content=\"it_IT\" \/>\n<meta property=\"og:type\" content=\"article\" \/>\n<meta property=\"og:title\" content=\"ATA Terra Leaves\" \/>\n<meta property=\"og:description\" content=\"Scopri ATA Terra Leaves, il fertilizzante perfetto per garantire una crescita vigorosa e sana delle tue piante. Potenzia la tua coltivazione con questo prodotto di alta qualit\u00e0.\" \/>\n<meta property=\"og:url\" content=\"https:\/\/atami.com\/it\/prodotto\/ata-terra-leaves\" \/>\n<meta property=\"og:site_name\" content=\"Atami\" \/>\n<meta property=\"article:publisher\" content=\"https:\/\/www.facebook.com\/Atami.International\" \/>\n<meta property=\"article:modified_time\" content=\"2025-11-07T15:46:08+00:00\" \/>\n<meta property=\"og:image\" content=\"https:\/\/atami.com\/wp-content\/uploads\/2023\/02\/ATA-Terra-Leaves-Main-Image.webp\" \/>\n\t<meta property=\"og:image:width\" content=\"1080\" \/>\n\t<meta property=\"og:image:height\" content=\"1080\" \/>\n\t<meta property=\"og:image:type\" content=\"image\/webp\" \/>\n<meta name=\"twitter:card\" content=\"summary_large_image\" \/>\n<meta name=\"twitter:site\" content=\"@AtamiEU\" \/>\n<meta name=\"twitter:label1\" content=\"Tempo di lettura stimato\" \/>\n\t<meta name=\"twitter:data1\" content=\"2 minuti\" \/>\n<script type=\"application\/ld+json\" class=\"yoast-schema-graph\">{\"@context\":\"https:\\\/\\\/schema.org\",\"@graph\":[{\"@type\":\"WebPage\",\"@id\":\"https:\\\/\\\/atami.com\\\/it\\\/prodotto\\\/ata-terra-leaves\",\"url\":\"https:\\\/\\\/atami.com\\\/it\\\/prodotto\\\/ata-terra-leaves\",\"name\":\"ATA Terra Leaves: Nutrizione Completa per Piante in Crescita Vegetativa\",\"isPartOf\":{\"@id\":\"https:\\\/\\\/atami.com\\\/it#website\"},\"primaryImageOfPage\":{\"@id\":\"https:\\\/\\\/atami.com\\\/it\\\/prodotto\\\/ata-terra-leaves#primaryimage\"},\"image\":{\"@id\":\"https:\\\/\\\/atami.com\\\/it\\\/prodotto\\\/ata-terra-leaves#primaryimage\"},\"thumbnailUrl\":\"https:\\\/\\\/atami.com\\\/wp-content\\\/uploads\\\/2023\\\/02\\\/ATA-Terra-Leaves-Main-Image.webp\",\"datePublished\":\"2023-02-07T14:34:34+00:00\",\"dateModified\":\"2025-11-07T15:46:08+00:00\",\"description\":\"Scopri ATA Terra Leaves, il fertilizzante perfetto per garantire una crescita vigorosa e sana delle tue piante. Potenzia la tua coltivazione con questo prodotto di alta qualit\u00e0.\",\"breadcrumb\":{\"@id\":\"https:\\\/\\\/atami.com\\\/it\\\/prodotto\\\/ata-terra-leaves#breadcrumb\"},\"inLanguage\":\"it-IT\",\"potentialAction\":[{\"@type\":\"ReadAction\",\"target\":[\"https:\\\/\\\/atami.com\\\/it\\\/prodotto\\\/ata-terra-leaves\"]}]},{\"@type\":\"ImageObject\",\"inLanguage\":\"it-IT\",\"@id\":\"https:\\\/\\\/atami.com\\\/it\\\/prodotto\\\/ata-terra-leaves#primaryimage\",\"url\":\"https:\\\/\\\/atami.com\\\/wp-content\\\/uploads\\\/2023\\\/02\\\/ATA-Terra-Leaves-Main-Image.webp\",\"contentUrl\":\"https:\\\/\\\/atami.com\\\/wp-content\\\/uploads\\\/2023\\\/02\\\/ATA-Terra-Leaves-Main-Image.webp\",\"width\":1080,\"height\":1080,\"caption\":\"ATA Terra Leaves stimola la produzione di clorofilla, favorendo rami forti e vitali e una crescita costante delle piante.\"},{\"@type\":\"BreadcrumbList\",\"@id\":\"https:\\\/\\\/atami.com\\\/it\\\/prodotto\\\/ata-terra-leaves#breadcrumb\",\"itemListElement\":[{\"@type\":\"ListItem\",\"position\":1,\"name\":\"Home\",\"item\":\"https:\\\/\\\/atami.com\\\/it\"},{\"@type\":\"ListItem\",\"position\":2,\"name\":\"Prodotti\",\"item\":\"https:\\\/\\\/atami.com\\\/it\\\/shop\"},{\"@type\":\"ListItem\",\"position\":3,\"name\":\"Marche\",\"item\":\"https:\\\/\\\/atami.com\\\/it\\\/categoria-prodotto\\\/marche\"},{\"@type\":\"ListItem\",\"position\":4,\"name\":\"ATA\",\"item\":\"https:\\\/\\\/atami.com\\\/it\\\/categoria-prodotto\\\/marche\\\/ata\"},{\"@type\":\"ListItem\",\"position\":5,\"name\":\"ATA Terra Leaves\"}]},{\"@type\":\"WebSite\",\"@id\":\"https:\\\/\\\/atami.com\\\/it#website\",\"url\":\"https:\\\/\\\/atami.com\\\/it\",\"name\":\"Atami\",\"description\":\"NATURALLY INNOVATING!\",\"publisher\":{\"@id\":\"https:\\\/\\\/atami.com\\\/it#organization\"},\"potentialAction\":[{\"@type\":\"SearchAction\",\"target\":{\"@type\":\"EntryPoint\",\"urlTemplate\":\"https:\\\/\\\/atami.com\\\/it?s={search_term_string}\"},\"query-input\":{\"@type\":\"PropertyValueSpecification\",\"valueRequired\":true,\"valueName\":\"search_term_string\"}}],\"inLanguage\":\"it-IT\"},{\"@type\":\"Organization\",\"@id\":\"https:\\\/\\\/atami.com\\\/it#organization\",\"name\":\"Atami\",\"url\":\"https:\\\/\\\/atami.com\\\/it\",\"logo\":{\"@type\":\"ImageObject\",\"inLanguage\":\"it-IT\",\"@id\":\"https:\\\/\\\/atami.com\\\/it#\\\/schema\\\/logo\\\/image\\\/\",\"url\":\"https:\\\/\\\/atami.com\\\/wp-content\\\/uploads\\\/2026\\\/01\\\/Atami-logo-696x696px.webp\",\"contentUrl\":\"https:\\\/\\\/atami.com\\\/wp-content\\\/uploads\\\/2026\\\/01\\\/Atami-logo-696x696px.webp\",\"width\":696,\"height\":696,\"caption\":\"Atami\"},\"image\":{\"@id\":\"https:\\\/\\\/atami.com\\\/it#\\\/schema\\\/logo\\\/image\\\/\"},\"sameAs\":[\"https:\\\/\\\/www.facebook.com\\\/Atami.International\",\"https:\\\/\\\/x.com\\\/AtamiEU\",\"https:\\\/\\\/www.youtube.com\\\/c\\\/AtamiInternational\",\"https:\\\/\\\/www.instagram.com\\\/atami.international\\\/\"],\"description\":\"ATAMI is a premium plant nutrition & substrate brand founded in 1997 with the mission to make exceptional cultivation achievable for everyone. From legacy to license, we offer a wide variety of innovating award-winning products to let cultivators achieve maximum results in taste & yield.\",\"email\":\"info@mginnovations.es\",\"legalName\":\"Atami\",\"numberOfEmployees\":{\"@type\":\"QuantitativeValue\",\"minValue\":\"11\",\"maxValue\":\"50\"}}]}<\/script>\n<!-- \/ Yoast SEO Premium plugin. -->","yoast_head_json":{"title":"ATA Terra Leaves: Nutrizione Completa per Piante in Crescita Vegetativa","description":"Scopri ATA Terra Leaves, il fertilizzante perfetto per garantire una crescita vigorosa e sana delle tue piante. Potenzia la tua coltivazione con questo prodotto di alta qualit\u00e0.","robots":{"index":"index","follow":"follow","max-snippet":"max-snippet:-1","max-image-preview":"max-image-preview:large","max-video-preview":"max-video-preview:-1"},"canonical":"https:\/\/atami.com\/it\/prodotto\/ata-terra-leaves","og_locale":"it_IT","og_type":"article","og_title":"ATA Terra Leaves","og_description":"Scopri ATA Terra Leaves, il fertilizzante perfetto per garantire una crescita vigorosa e sana delle tue piante. Potenzia la tua coltivazione con questo prodotto di alta qualit\u00e0.","og_url":"https:\/\/atami.com\/it\/prodotto\/ata-terra-leaves","og_site_name":"Atami","article_publisher":"https:\/\/www.facebook.com\/Atami.International","article_modified_time":"2025-11-07T15:46:08+00:00","og_image":[{"width":1080,"height":1080,"url":"https:\/\/atami.com\/wp-content\/uploads\/2023\/02\/ATA-Terra-Leaves-Main-Image.webp","type":"image\/webp"}],"twitter_card":"summary_large_image","twitter_site":"@AtamiEU","twitter_misc":{"Tempo di lettura stimato":"2 minuti"},"schema":{"@context":"https:\/\/schema.org","@graph":[{"@type":"WebPage","@id":"https:\/\/atami.com\/it\/prodotto\/ata-terra-leaves","url":"https:\/\/atami.com\/it\/prodotto\/ata-terra-leaves","name":"ATA Terra Leaves: Nutrizione Completa per Piante in Crescita Vegetativa","isPartOf":{"@id":"https:\/\/atami.com\/it#website"},"primaryImageOfPage":{"@id":"https:\/\/atami.com\/it\/prodotto\/ata-terra-leaves#primaryimage"},"image":{"@id":"https:\/\/atami.com\/it\/prodotto\/ata-terra-leaves#primaryimage"},"thumbnailUrl":"https:\/\/atami.com\/wp-content\/uploads\/2023\/02\/ATA-Terra-Leaves-Main-Image.webp","datePublished":"2023-02-07T14:34:34+00:00","dateModified":"2025-11-07T15:46:08+00:00","description":"Scopri ATA Terra Leaves, il fertilizzante perfetto per garantire una crescita vigorosa e sana delle tue piante. Potenzia la tua coltivazione con questo prodotto di alta qualit\u00e0.","breadcrumb":{"@id":"https:\/\/atami.com\/it\/prodotto\/ata-terra-leaves#breadcrumb"},"inLanguage":"it-IT","potentialAction":[{"@type":"ReadAction","target":["https:\/\/atami.com\/it\/prodotto\/ata-terra-leaves"]}]},{"@type":"ImageObject","inLanguage":"it-IT","@id":"https:\/\/atami.com\/it\/prodotto\/ata-terra-leaves#primaryimage","url":"https:\/\/atami.com\/wp-content\/uploads\/2023\/02\/ATA-Terra-Leaves-Main-Image.webp","contentUrl":"https:\/\/atami.com\/wp-content\/uploads\/2023\/02\/ATA-Terra-Leaves-Main-Image.webp","width":1080,"height":1080,"caption":"ATA Terra Leaves stimola la produzione di clorofilla, favorendo rami forti e vitali e una crescita costante delle piante."},{"@type":"BreadcrumbList","@id":"https:\/\/atami.com\/it\/prodotto\/ata-terra-leaves#breadcrumb","itemListElement":[{"@type":"ListItem","position":1,"name":"Home","item":"https:\/\/atami.com\/it"},{"@type":"ListItem","position":2,"name":"Prodotti","item":"https:\/\/atami.com\/it\/shop"},{"@type":"ListItem","position":3,"name":"Marche","item":"https:\/\/atami.com\/it\/categoria-prodotto\/marche"},{"@type":"ListItem","position":4,"name":"ATA","item":"https:\/\/atami.com\/it\/categoria-prodotto\/marche\/ata"},{"@type":"ListItem","position":5,"name":"ATA Terra Leaves"}]},{"@type":"WebSite","@id":"https:\/\/atami.com\/it#website","url":"https:\/\/atami.com\/it","name":"Atami","description":"NATURALLY INNOVATING!","publisher":{"@id":"https:\/\/atami.com\/it#organization"},"potentialAction":[{"@type":"SearchAction","target":{"@type":"EntryPoint","urlTemplate":"https:\/\/atami.com\/it?s={search_term_string}"},"query-input":{"@type":"PropertyValueSpecification","valueRequired":true,"valueName":"search_term_string"}}],"inLanguage":"it-IT"},{"@type":"Organization","@id":"https:\/\/atami.com\/it#organization","name":"Atami","url":"https:\/\/atami.com\/it","logo":{"@type":"ImageObject","inLanguage":"it-IT","@id":"https:\/\/atami.com\/it#\/schema\/logo\/image\/","url":"https:\/\/atami.com\/wp-content\/uploads\/2026\/01\/Atami-logo-696x696px.webp","contentUrl":"https:\/\/atami.com\/wp-content\/uploads\/2026\/01\/Atami-logo-696x696px.webp","width":696,"height":696,"caption":"Atami"},"image":{"@id":"https:\/\/atami.com\/it#\/schema\/logo\/image\/"},"sameAs":["https:\/\/www.facebook.com\/Atami.International","https:\/\/x.com\/AtamiEU","https:\/\/www.youtube.com\/c\/AtamiInternational","https:\/\/www.instagram.com\/atami.international\/"],"description":"ATAMI is a premium plant nutrition & substrate brand founded in 1997 with the mission to make exceptional cultivation achievable for everyone. From legacy to license, we offer a wide variety of innovating award-winning products to let cultivators achieve maximum results in taste & yield.","email":"info@mginnovations.es","legalName":"Atami","numberOfEmployees":{"@type":"QuantitativeValue","minValue":"11","maxValue":"50"}}]}},"_links":{"self":[{"href":"https:\/\/atami.com\/it\/wp-json\/wp\/v2\/product\/46169","targetHints":{"allow":["GET"]}}],"collection":[{"href":"https:\/\/atami.com\/it\/wp-json\/wp\/v2\/product"}],"about":[{"href":"https:\/\/atami.com\/it\/wp-json\/wp\/v2\/types\/product"}],"replies":[{"embeddable":true,"href":"https:\/\/atami.com\/it\/wp-json\/wp\/v2\/comments?post=46169"}],"wp:featuredmedia":[{"embeddable":true,"href":"https:\/\/atami.com\/it\/wp-json\/wp\/v2\/media\/23692"}],"wp:attachment":[{"href":"https:\/\/atami.com\/it\/wp-json\/wp\/v2\/media?parent=46169"}],"wp:term":[{"taxonomy":"product_brand","embeddable":true,"href":"https:\/\/atami.com\/it\/wp-json\/wp\/v2\/product_brand?post=46169"},{"taxonomy":"product_cat","embeddable":true,"href":"https:\/\/atami.com\/it\/wp-json\/wp\/v2\/product_cat?post=46169"},{"taxonomy":"product_tag","embeddable":true,"href":"https:\/\/atami.com\/it\/wp-json\/wp\/v2\/product_tag?post=46169"}],"curies":[{"name":"wp","href":"https:\/\/api.w.org\/{rel}","templated":true}]}}