{"id":46168,"date":"2023-02-13T12:36:42","date_gmt":"2023-02-13T12:36:42","guid":{"rendered":"https:\/\/atami.com\/product\/rokzbastic\/"},"modified":"2025-11-10T15:20:10","modified_gmt":"2025-11-10T13:20:10","slug":"rokzbastic","status":"publish","type":"product","link":"https:\/\/atami.com\/it\/prodotto\/rokzbastic","title":{"rendered":"Rokzbastic"},"content":{"rendered":"<p><strong>Rokzbastic \u00e8 un cocktail di minerali e biostimolanti di alta qualit\u00e0, perfetto per ottenere risultati solidi <\/strong><strong>come una roccia e resina in abbondanza. Ottieni fiori e frutti pi\u00f9 sodi, pesanti e compatti grazie al <\/strong><strong>valore PK pari a 10-20, unico rispetto ad altri prodotti liquidi per la fioritura disponibili sul mercato.<\/strong><\/p>\n<p>&nbsp;<\/p>\n<p>Rokzbastic presenta un rapporto P:K pari a 1:2. Questa concentrazione elevata di potassio promuove, in particolare, la fioritura di piante con una fase di fioritura prolungata. Pertanto, il valore PK 10-20 \u00e8 la chiave per produrre fiori e frutti pi\u00f9 sodi e compatti. Inoltre, Rokzbastic \u00e8 arricchito con l\u20191% di ferro e altri elementi essenziali per sostenere i numerosi processi vitali delle piante.<\/p>\n<p>&nbsp;<\/p>\n<p>Analogamente a <a href=\"https:\/\/atami.com\/it\/prodotto\/bloombastic\/\"><strong>Bloombastic<\/strong><\/a>, appartenente alla medesima linea, Rokzbastic contiene una quantit\u00e0 ridotta di sostanze non assimilabili (sodio e cloro).<\/p>\n<p>&nbsp;<\/p>\n<p><strong>IDONEO PER<\/strong><br \/>\nRokzbastic \u00e8 un nutriente universale adatto a diversi tipi di frutta e verdura ed \u00e8 stato appositamente sviluppato per soddisfare le esigenze delle piante con periodi di fioritura prolungati o requisiti elevati in termini di potassio, ad esempio peperoni, peperoncini, agrumi o pomodori rossi. Pu\u00f2 essere utilizzato anche per piante ornamentali con fiori di grandi dimensioni (quali ibisco, rose oppure orchidee). I coltivatori esperti possono misurare il dosaggio necessario per ogni pianta in base ai valori NPK. Idoneo alla coltivazione idroponica, in cocco e in terra nonch\u00e9 per sistemi di irrigazione manuale e automatica.<\/p>\n<p>&nbsp;<\/p>\n<p><strong>APPLICAZIONE<\/strong><br \/>\nApplicare nelle ultime 4-6 settimane della fioritura e per tutta la fase di fruttificazione e maturazione insieme ai nutrienti di base. Pu\u00f2 essere utilizzato insieme a <a href=\"https:\/\/atami.com\/it\/prodotto\/bloombastic\/\"><strong>Bloombastic<\/strong><\/a> per aumentare ulteriormente l\u2019effetto stimolante della fase di fioritura, incrementare il rendimento e il peso delle colture e potenziare gli aromi e i sapori naturali. Utilizzare subito dopo <strong><a href=\"https:\/\/atami.com\/it\/prodotto\/bloombastic\/\">Bloombastic<\/a><\/strong> per aumentare al massimo gli effetti di entrambi i prodotti. Quando si combinano prodotti con valori PK elevati, prestare sempre attenzione al valore EC della soluzione nutriente, in quanto sussiste il rischio di fertilizzazione eccessiva.<\/p>\n<p>&nbsp;<\/p>\n<p><strong>DOSAGGIO<\/strong><br \/>\nDa 0,5 a 1 ml per ogni litro di acqua. Fornisce un aumento del valore EC della soluzione nutriente di base.<\/p>\n<p>&nbsp;<\/p>\n<p><strong>PK 10-20 W\/W<\/strong><\/p>\n<p>&nbsp;<\/p>\n<p><strong>DISPONIBILE NEI FORMATI DA 50 ML, 100 ML, 325 ML, 1250 ML, 5,5 L, 10 L<\/strong><\/p>\n","protected":false},"excerpt":{"rendered":"<p>Additivo per la fioritura finale<\/p>\n","protected":false},"featured_media":202135,"comment_status":"closed","ping_status":"closed","template":"","meta":{"_acf_changed":false,"iawp_total_views":886},"product_brand":[],"product_cat":[350,345],"product_tag":[],"class_list":{"0":"post-46168","1":"product","2":"type-product","3":"status-publish","4":"has-post-thumbnail","6":"product_cat-additivi","7":"product_cat-bastics","9":"first","10":"instock","11":"shipping-taxable","12":"product-type-simple"},"acf":{"short_description":"<p><strong>Rokzbastic \u00e8 un cocktail di minerali e biostimolanti di alta qualit\u00e0, perfetto per ottenere risultati solidi <\/strong><strong>come una roccia e resina in abbondanza. Ottieni fiori e frutti pi\u00f9 sodi, pesanti e compatti grazie al <\/strong><strong>valore PK pari a 10-20, unico rispetto ad altri prodotti liquidi per la fioritura disponibili sul mercato.<\/strong><\/p><p>&nbsp;<\/p><p>Rokzbastic presenta un rapporto P:K pari a 1:2. Questa concentrazione elevata di potassio promuove, in particolare, la fioritura di piante con una fase di fioritura prolungata. Pertanto, il valore PK 10-20 \u00e8 la chiave per produrre fiori e frutti pi\u00f9 sodi e compatti. Inoltre, Rokzbastic \u00e8 arricchito con l\u20191% di ferro e altri elementi essenziali per sostenere i numerosi processi vitali delle piante.<\/p><p>&nbsp;<\/p><p>Analogamente a <a href=\"https:\/\/atami.com\/it\/prodotto\/bloombastic\"><strong>Bloombastic<\/strong><\/a>, appartenente alla medesima linea, Rokzbastic contiene una quantit\u00e0 ridotta di sostanze non assimilabili (sodio e cloro).<\/p>","suitable_for":"<p>Rokzbastic \u00e8 un nutriente universale adatto a diversi tipi di frutta e verdura ed \u00e8 stato appositamente sviluppato per soddisfare le esigenze delle piante con periodi di fioritura prolungati o requisiti elevati in termini di potassio, ad esempio peperoni, peperoncini, agrumi o pomodori rossi. Pu\u00f2 essere utilizzato anche per piante ornamentali con fiori di grandi dimensioni (quali ibisco, rose oppure orchidee). I coltivatori esperti possono misurare il dosaggio necessario per ogni pianta in base ai valori NPK. Idoneo alla coltivazione idroponica, in cocco e in terra nonch\u00e9 per sistemi di irrigazione manuale e automatica.<\/p>","application":"<p>Applicare nelle ultime 4-6 settimane della fioritura e per tutta la fase di fruttificazione e maturazione insieme ai nutrienti di base. Pu\u00f2 essere utilizzato insieme a <a href=\"https:\/\/atami.com\/it\/prodotto\/bloombastic\"><strong>Bloombastic<\/strong><\/a> per aumentare ulteriormente l\u2019effetto stimolante della fase di fioritura, incrementare il rendimento e il peso delle colture e potenziare gli aromi e i sapori naturali. Utilizzare subito dopo <strong><a href=\"https:\/\/atami.com\/it\/prodotto\/bloombastic\">Bloombastic<\/a><\/strong> per aumentare al massimo gli effetti di entrambi i prodotti. Quando si combinano prodotti con valori PK elevati, prestare sempre attenzione al valore EC della soluzione nutriente, in quanto sussiste il rischio di fertilizzazione eccessiva.<\/p>","dosage":"<p>Da 0,5 a 1 ml per ogni litro di acqua. Fornisce un aumento del valore EC della soluzione nutriente di base.<\/p>","npk_ratio":"<p>PK 10-20 W\/W<\/p>","available_in":"<p>50 ML, 100 ML, 325 ML, 1250 ML, 5,5 L, 10 L<\/p>","icon_1":5371,"icon_1_text":"ESCLUSIVO RAPPORTO P:K PARI A 1:2 RISPETTO AD ALTRI PRODOTTI LIQUIDI PER LA FIORITURA  DISPONIBILI SUL MERCATO","icon_2":21401,"icon_2_text":"A PRESCINDERE DAL MEZZO SCELTO PER LA COLTIVAZIONE, ROKZBASTIC GARANTISCE RISULTATI  ROKZ-SOLIDI E RESINA IN ABBONDANZA","icon_3":21416,"icon_3_text":"PK 10-20: LA QUANTIT\u00c0 DI POTASSIO \u00c8 DOPPIA RISPETTO AL FOSFORO PER RAFFORZARE I FIORI E I  FRUTTI","icon_4":5379,"icon_4_text":"DOSAGGIO MINIMO, RISULTATI ECCELLENTI","video":"https:\/\/youtu.be\/iWlgK_z0AMI","second_image":42499,"product_image_page":25181,"user_manual":"","new_icon_1":196792,"new_icon_2":196852,"new_icon_3":196867,"new_icon_4":196837,"grow_guides":"","category":"Additivo"},"yoast_head":"<!-- This site is optimized with the Yoast SEO Premium plugin v27.5 (Yoast SEO v27.5) - https:\/\/yoast.com\/product\/yoast-seo-premium-wordpress\/ -->\n<title>Rokzbastic Atami \u2013 Stimolatore di radici per piante forti e sane<\/title>\n<meta name=\"description\" content=\"Scopri Rokzbastic Atami, un potente stimolatore di radici che promuove la crescita rapida e sana delle radici. Ideale per piante robuste e raccolti abbondanti.\" \/>\n<meta name=\"robots\" content=\"index, follow, max-snippet:-1, max-image-preview:large, max-video-preview:-1\" \/>\n<link rel=\"canonical\" href=\"https:\/\/atami.com\/it\/prodotto\/rokzbastic\" \/>\n<meta property=\"og:locale\" content=\"it_IT\" \/>\n<meta property=\"og:type\" content=\"article\" \/>\n<meta property=\"og:title\" content=\"Rokzbastic\" \/>\n<meta property=\"og:description\" content=\"Scopri Rokzbastic Atami, un potente stimolatore di radici che promuove la crescita rapida e sana delle radici. Ideale per piante robuste e raccolti abbondanti.\" \/>\n<meta property=\"og:url\" content=\"https:\/\/atami.com\/it\/prodotto\/rokzbastic\" \/>\n<meta property=\"og:site_name\" content=\"Atami\" \/>\n<meta property=\"article:publisher\" content=\"https:\/\/www.facebook.com\/Atami.International\" \/>\n<meta property=\"article:modified_time\" content=\"2025-11-10T13:20:10+00:00\" \/>\n<meta property=\"og:image\" content=\"https:\/\/atami.com\/wp-content\/uploads\/2023\/02\/Rokzbastic-product-image.webp\" \/>\n\t<meta property=\"og:image:width\" content=\"1080\" \/>\n\t<meta property=\"og:image:height\" content=\"1080\" \/>\n\t<meta property=\"og:image:type\" content=\"image\/webp\" \/>\n<meta name=\"twitter:card\" content=\"summary_large_image\" \/>\n<meta name=\"twitter:site\" content=\"@AtamiEU\" \/>\n<meta name=\"twitter:label1\" content=\"Tempo di lettura stimato\" \/>\n\t<meta name=\"twitter:data1\" content=\"2 minuti\" \/>\n<script type=\"application\/ld+json\" class=\"yoast-schema-graph\">{\"@context\":\"https:\\\/\\\/schema.org\",\"@graph\":[{\"@type\":\"WebPage\",\"@id\":\"https:\\\/\\\/atami.com\\\/it\\\/prodotto\\\/rokzbastic\",\"url\":\"https:\\\/\\\/atami.com\\\/it\\\/prodotto\\\/rokzbastic\",\"name\":\"Rokzbastic Atami \u2013 Stimolatore di radici per piante forti e sane\",\"isPartOf\":{\"@id\":\"https:\\\/\\\/atami.com\\\/it#website\"},\"primaryImageOfPage\":{\"@id\":\"https:\\\/\\\/atami.com\\\/it\\\/prodotto\\\/rokzbastic#primaryimage\"},\"image\":{\"@id\":\"https:\\\/\\\/atami.com\\\/it\\\/prodotto\\\/rokzbastic#primaryimage\"},\"thumbnailUrl\":\"https:\\\/\\\/atami.com\\\/wp-content\\\/uploads\\\/2023\\\/02\\\/Rokzbastic-product-image.webp\",\"datePublished\":\"2023-02-13T12:36:42+00:00\",\"dateModified\":\"2025-11-10T13:20:10+00:00\",\"description\":\"Scopri Rokzbastic Atami, un potente stimolatore di radici che promuove la crescita rapida e sana delle radici. Ideale per piante robuste e raccolti abbondanti.\",\"breadcrumb\":{\"@id\":\"https:\\\/\\\/atami.com\\\/it\\\/prodotto\\\/rokzbastic#breadcrumb\"},\"inLanguage\":\"it-IT\",\"potentialAction\":[{\"@type\":\"ReadAction\",\"target\":[\"https:\\\/\\\/atami.com\\\/it\\\/prodotto\\\/rokzbastic\"]}]},{\"@type\":\"ImageObject\",\"inLanguage\":\"it-IT\",\"@id\":\"https:\\\/\\\/atami.com\\\/it\\\/prodotto\\\/rokzbastic#primaryimage\",\"url\":\"https:\\\/\\\/atami.com\\\/wp-content\\\/uploads\\\/2023\\\/02\\\/Rokzbastic-product-image.webp\",\"contentUrl\":\"https:\\\/\\\/atami.com\\\/wp-content\\\/uploads\\\/2023\\\/02\\\/Rokzbastic-product-image.webp\",\"width\":1080,\"height\":1080,\"caption\":\"L'esclusivo rapporto PK 10-20 di Rokzbastic promuove fiori e frutti pi\u00f9 densi e sodi durante le fasi finali della fioritura.\"},{\"@type\":\"BreadcrumbList\",\"@id\":\"https:\\\/\\\/atami.com\\\/it\\\/prodotto\\\/rokzbastic#breadcrumb\",\"itemListElement\":[{\"@type\":\"ListItem\",\"position\":1,\"name\":\"Home\",\"item\":\"https:\\\/\\\/atami.com\\\/it\"},{\"@type\":\"ListItem\",\"position\":2,\"name\":\"Prodotti\",\"item\":\"https:\\\/\\\/atami.com\\\/it\\\/shop\"},{\"@type\":\"ListItem\",\"position\":3,\"name\":\"Marche\",\"item\":\"https:\\\/\\\/atami.com\\\/it\\\/categoria-prodotto\\\/marche\"},{\"@type\":\"ListItem\",\"position\":4,\"name\":\"Bastics\",\"item\":\"https:\\\/\\\/atami.com\\\/it\\\/categoria-prodotto\\\/marche\\\/bastics\"},{\"@type\":\"ListItem\",\"position\":5,\"name\":\"Rokzbastic\"}]},{\"@type\":\"WebSite\",\"@id\":\"https:\\\/\\\/atami.com\\\/it#website\",\"url\":\"https:\\\/\\\/atami.com\\\/it\",\"name\":\"Atami\",\"description\":\"NATURALLY INNOVATING!\",\"publisher\":{\"@id\":\"https:\\\/\\\/atami.com\\\/it#organization\"},\"potentialAction\":[{\"@type\":\"SearchAction\",\"target\":{\"@type\":\"EntryPoint\",\"urlTemplate\":\"https:\\\/\\\/atami.com\\\/it?s={search_term_string}\"},\"query-input\":{\"@type\":\"PropertyValueSpecification\",\"valueRequired\":true,\"valueName\":\"search_term_string\"}}],\"inLanguage\":\"it-IT\"},{\"@type\":\"Organization\",\"@id\":\"https:\\\/\\\/atami.com\\\/it#organization\",\"name\":\"Atami\",\"url\":\"https:\\\/\\\/atami.com\\\/it\",\"logo\":{\"@type\":\"ImageObject\",\"inLanguage\":\"it-IT\",\"@id\":\"https:\\\/\\\/atami.com\\\/it#\\\/schema\\\/logo\\\/image\\\/\",\"url\":\"https:\\\/\\\/atami.com\\\/wp-content\\\/uploads\\\/2026\\\/01\\\/Atami-logo-696x696px.webp\",\"contentUrl\":\"https:\\\/\\\/atami.com\\\/wp-content\\\/uploads\\\/2026\\\/01\\\/Atami-logo-696x696px.webp\",\"width\":696,\"height\":696,\"caption\":\"Atami\"},\"image\":{\"@id\":\"https:\\\/\\\/atami.com\\\/it#\\\/schema\\\/logo\\\/image\\\/\"},\"sameAs\":[\"https:\\\/\\\/www.facebook.com\\\/Atami.International\",\"https:\\\/\\\/x.com\\\/AtamiEU\",\"https:\\\/\\\/www.youtube.com\\\/c\\\/AtamiInternational\",\"https:\\\/\\\/www.instagram.com\\\/atami.international\\\/\"],\"description\":\"ATAMI is a premium plant nutrition & substrate brand founded in 1997 with the mission to make exceptional cultivation achievable for everyone. From legacy to license, we offer a wide variety of innovating award-winning products to let cultivators achieve maximum results in taste & yield.\",\"email\":\"info@mginnovations.es\",\"legalName\":\"Atami\",\"numberOfEmployees\":{\"@type\":\"QuantitativeValue\",\"minValue\":\"11\",\"maxValue\":\"50\"}}]}<\/script>\n<!-- \/ Yoast SEO Premium plugin. -->","yoast_head_json":{"title":"Rokzbastic Atami \u2013 Stimolatore di radici per piante forti e sane","description":"Scopri Rokzbastic Atami, un potente stimolatore di radici che promuove la crescita rapida e sana delle radici. Ideale per piante robuste e raccolti abbondanti.","robots":{"index":"index","follow":"follow","max-snippet":"max-snippet:-1","max-image-preview":"max-image-preview:large","max-video-preview":"max-video-preview:-1"},"canonical":"https:\/\/atami.com\/it\/prodotto\/rokzbastic","og_locale":"it_IT","og_type":"article","og_title":"Rokzbastic","og_description":"Scopri Rokzbastic Atami, un potente stimolatore di radici che promuove la crescita rapida e sana delle radici. Ideale per piante robuste e raccolti abbondanti.","og_url":"https:\/\/atami.com\/it\/prodotto\/rokzbastic","og_site_name":"Atami","article_publisher":"https:\/\/www.facebook.com\/Atami.International","article_modified_time":"2025-11-10T13:20:10+00:00","og_image":[{"width":1080,"height":1080,"url":"https:\/\/atami.com\/wp-content\/uploads\/2023\/02\/Rokzbastic-product-image.webp","type":"image\/webp"}],"twitter_card":"summary_large_image","twitter_site":"@AtamiEU","twitter_misc":{"Tempo di lettura stimato":"2 minuti"},"schema":{"@context":"https:\/\/schema.org","@graph":[{"@type":"WebPage","@id":"https:\/\/atami.com\/it\/prodotto\/rokzbastic","url":"https:\/\/atami.com\/it\/prodotto\/rokzbastic","name":"Rokzbastic Atami \u2013 Stimolatore di radici per piante forti e sane","isPartOf":{"@id":"https:\/\/atami.com\/it#website"},"primaryImageOfPage":{"@id":"https:\/\/atami.com\/it\/prodotto\/rokzbastic#primaryimage"},"image":{"@id":"https:\/\/atami.com\/it\/prodotto\/rokzbastic#primaryimage"},"thumbnailUrl":"https:\/\/atami.com\/wp-content\/uploads\/2023\/02\/Rokzbastic-product-image.webp","datePublished":"2023-02-13T12:36:42+00:00","dateModified":"2025-11-10T13:20:10+00:00","description":"Scopri Rokzbastic Atami, un potente stimolatore di radici che promuove la crescita rapida e sana delle radici. Ideale per piante robuste e raccolti abbondanti.","breadcrumb":{"@id":"https:\/\/atami.com\/it\/prodotto\/rokzbastic#breadcrumb"},"inLanguage":"it-IT","potentialAction":[{"@type":"ReadAction","target":["https:\/\/atami.com\/it\/prodotto\/rokzbastic"]}]},{"@type":"ImageObject","inLanguage":"it-IT","@id":"https:\/\/atami.com\/it\/prodotto\/rokzbastic#primaryimage","url":"https:\/\/atami.com\/wp-content\/uploads\/2023\/02\/Rokzbastic-product-image.webp","contentUrl":"https:\/\/atami.com\/wp-content\/uploads\/2023\/02\/Rokzbastic-product-image.webp","width":1080,"height":1080,"caption":"L'esclusivo rapporto PK 10-20 di Rokzbastic promuove fiori e frutti pi\u00f9 densi e sodi durante le fasi finali della fioritura."},{"@type":"BreadcrumbList","@id":"https:\/\/atami.com\/it\/prodotto\/rokzbastic#breadcrumb","itemListElement":[{"@type":"ListItem","position":1,"name":"Home","item":"https:\/\/atami.com\/it"},{"@type":"ListItem","position":2,"name":"Prodotti","item":"https:\/\/atami.com\/it\/shop"},{"@type":"ListItem","position":3,"name":"Marche","item":"https:\/\/atami.com\/it\/categoria-prodotto\/marche"},{"@type":"ListItem","position":4,"name":"Bastics","item":"https:\/\/atami.com\/it\/categoria-prodotto\/marche\/bastics"},{"@type":"ListItem","position":5,"name":"Rokzbastic"}]},{"@type":"WebSite","@id":"https:\/\/atami.com\/it#website","url":"https:\/\/atami.com\/it","name":"Atami","description":"NATURALLY INNOVATING!","publisher":{"@id":"https:\/\/atami.com\/it#organization"},"potentialAction":[{"@type":"SearchAction","target":{"@type":"EntryPoint","urlTemplate":"https:\/\/atami.com\/it?s={search_term_string}"},"query-input":{"@type":"PropertyValueSpecification","valueRequired":true,"valueName":"search_term_string"}}],"inLanguage":"it-IT"},{"@type":"Organization","@id":"https:\/\/atami.com\/it#organization","name":"Atami","url":"https:\/\/atami.com\/it","logo":{"@type":"ImageObject","inLanguage":"it-IT","@id":"https:\/\/atami.com\/it#\/schema\/logo\/image\/","url":"https:\/\/atami.com\/wp-content\/uploads\/2026\/01\/Atami-logo-696x696px.webp","contentUrl":"https:\/\/atami.com\/wp-content\/uploads\/2026\/01\/Atami-logo-696x696px.webp","width":696,"height":696,"caption":"Atami"},"image":{"@id":"https:\/\/atami.com\/it#\/schema\/logo\/image\/"},"sameAs":["https:\/\/www.facebook.com\/Atami.International","https:\/\/x.com\/AtamiEU","https:\/\/www.youtube.com\/c\/AtamiInternational","https:\/\/www.instagram.com\/atami.international\/"],"description":"ATAMI is a premium plant nutrition & substrate brand founded in 1997 with the mission to make exceptional cultivation achievable for everyone. From legacy to license, we offer a wide variety of innovating award-winning products to let cultivators achieve maximum results in taste & yield.","email":"info@mginnovations.es","legalName":"Atami","numberOfEmployees":{"@type":"QuantitativeValue","minValue":"11","maxValue":"50"}}]}},"_links":{"self":[{"href":"https:\/\/atami.com\/it\/wp-json\/wp\/v2\/product\/46168","targetHints":{"allow":["GET"]}}],"collection":[{"href":"https:\/\/atami.com\/it\/wp-json\/wp\/v2\/product"}],"about":[{"href":"https:\/\/atami.com\/it\/wp-json\/wp\/v2\/types\/product"}],"replies":[{"embeddable":true,"href":"https:\/\/atami.com\/it\/wp-json\/wp\/v2\/comments?post=46168"}],"wp:featuredmedia":[{"embeddable":true,"href":"https:\/\/atami.com\/it\/wp-json\/wp\/v2\/media\/202135"}],"wp:attachment":[{"href":"https:\/\/atami.com\/it\/wp-json\/wp\/v2\/media?parent=46168"}],"wp:term":[{"taxonomy":"product_brand","embeddable":true,"href":"https:\/\/atami.com\/it\/wp-json\/wp\/v2\/product_brand?post=46168"},{"taxonomy":"product_cat","embeddable":true,"href":"https:\/\/atami.com\/it\/wp-json\/wp\/v2\/product_cat?post=46168"},{"taxonomy":"product_tag","embeddable":true,"href":"https:\/\/atami.com\/it\/wp-json\/wp\/v2\/product_tag?post=46168"}],"curies":[{"name":"wp","href":"https:\/\/api.w.org\/{rel}","templated":true}]}}