{"id":46165,"date":"2023-02-06T13:16:50","date_gmt":"2023-02-06T13:16:50","guid":{"rendered":"https:\/\/atami.com\/product\/bloombastic\/"},"modified":"2025-11-10T15:19:51","modified_gmt":"2025-11-10T13:19:51","slug":"bloombastic","status":"publish","type":"product","link":"https:\/\/atami.com\/it\/prodotto\/bloombastic","title":{"rendered":"Bloombastic"},"content":{"rendered":"<p><strong>Bloombastic, l\u2019additivo completo per la fioritura, funge da stimolante, induritore, potenziatore del gusto e attivatore per vari processi enzimatici. Questo cocktail di diversi minerali e composti organici di alta qualit\u00e0 \u00e8 stato premiato a livello internazionale.<\/strong><\/p>\n<p>&nbsp;<\/p>\n<p>Rispetto ad altri prodotti liquidi per la fioritura, Bloombastic contiene oltre il 50% in pi\u00f9 di biominerali (fosforo e potassio), per cui non sono state utilizzate sostanze non assimilabili (sodio e cloro). Bloombastic agisce anche a livello enzimatico, esercitando un effetto di prevenzione dello stress e recupero sulla pianta. Bloombastic aumenta il contenuto zuccherino e, di conseguenza, il peso e l\u2019aroma delle colture. Grazie alla produzione esplosiva di zucchero e fiori, Bloombastic offre fiori spessi, compatti e dal profumo dolce. La combinazione di queste propriet\u00e0 permette di utilizzare Bloombastic per sostituire diversi altri prodotti.<\/p>\n<p>&nbsp;<\/p>\n<p><strong>IDONEO PER<\/strong><\/p>\n<p>Bloombastic \u00e8 un nutriente universale adatto a diversi tipi di verdura, frutta ed erbe, ad esempio peperoncini, fragole e mirtilli. Pu\u00f2 essere utilizzato anche per piante da fiore ornamentali (come orchidee e viole). I coltivatori esperti possono misurare il dosaggio necessario per ogni pianta in base ai valori NPK.<\/p>\n<p>&nbsp;<\/p>\n<p>Idoneo alla coltivazione idroponica, in cocco e in terra.<\/p>\n<p>&nbsp;<\/p>\n<p><strong>APPLICAZIONE<\/strong><\/p>\n<p>Applicare nelle ultime 4-6 settimane della fioritura e della maturazione insieme ai nutrienti di base. ATA Bloombastic pu\u00f2 essere utilizzato con qualsiasi substrato ed \u00e8 adatto a tutti i sistemi di irrigazione. L\u2019uso di Bloombastic insieme, ad esempio, a <a href=\"https:\/\/atami.com\/it\/prodotto\/bcuzz-bloom-stimulator\/\"><strong>B\u2019cuzz Bloom Stimulator<\/strong><\/a> \u00e8 un ottimo metodo per potenziare ulteriormente l\u2019effetto stimolante durante la fase di fioritura. Pu\u00f2 essere combinato con i nutrienti di base. Prestare attenzione al valore EC della propria soluzione nutriente. L\u2019utilizzo di Bloombastic insieme a un (altro) nutriente PK non \u00e8 solo superfluo, bens\u00ec anche potenzialmente rischioso a causa della possibilit\u00e0 di una fertilizzazione eccessiva.<\/p>\n<p>&nbsp;<\/p>\n<p><strong>DOSAGGIO<\/strong><\/p>\n<p>Da 0,5 a 1 ml per ogni litro di acqua.<br \/>\nFornisce un aumento del valore EC della soluzione nutriente di base.<\/p>\n<p>&nbsp;<\/p>\n<p><strong>PK 14-15 W\/W<\/strong><\/p>\n<p>&nbsp;<\/p>\n<p><strong>DISPONIBILE NEI FORMATI DA 50 ML, 100 ML, 325 ML, 1250 ML, 5,5 L, 10 L<\/strong><\/p>\n","protected":false},"excerpt":{"rendered":"<p>Additivo completo per la fioritura<\/p>\n","protected":false},"featured_media":202120,"comment_status":"closed","ping_status":"closed","template":"","meta":{"_acf_changed":false,"iawp_total_views":693},"product_brand":[],"product_cat":[350,345],"product_tag":[],"class_list":{"0":"post-46165","1":"product","2":"type-product","3":"status-publish","4":"has-post-thumbnail","6":"product_cat-additivi","7":"product_cat-bastics","9":"first","10":"instock","11":"shipping-taxable","12":"purchasable","13":"product-type-simple"},"acf":{"short_description":"<p><strong>Bloombastic, l\u2019additivo completo per la fioritura, funge da stimolante, induritore, potenziatore del gusto e attivatore per vari processi enzimatici. Questo cocktail di diversi minerali e composti organici di alta qualit\u00e0 \u00e8 stato premiato a livello internazionale.<\/strong><\/p><p>&nbsp;<\/p><p>Rispetto ad altri prodotti liquidi per la fioritura, Bloombastic contiene oltre il 50% in pi\u00f9 di biominerali (fosforo e potassio), per cui non sono state utilizzate sostanze non assimilabili (sodio e cloro). Bloombastic agisce anche a livello enzimatico, esercitando un effetto di prevenzione dello stress e recupero sulla pianta. Bloombastic aumenta il contenuto zuccherino e, di conseguenza, il peso e l\u2019aroma delle colture. Grazie alla produzione esplosiva di zucchero e fiori, Bloombastic offre fiori spessi, compatti e dal profumo dolce. La combinazione di queste propriet\u00e0 permette di utilizzare Bloombastic per sostituire diversi altri prodotti.<\/p>","suitable_for":"<p>Bloombastic \u00e8 un nutriente universale adatto a diversi tipi di verdura, frutta ed erbe, ad esempio peperoncini, fragole e mirtilli. Pu\u00f2 essere utilizzato anche per piante da fiore ornamentali (come orchidee e viole). I coltivatori esperti possono misurare il dosaggio necessario per ogni pianta in base ai valori NPK.<\/p><p>&nbsp;<\/p><p>Idoneo alla coltivazione idroponica, in cocco e in terra.<\/p>","application":"<p>Applicare nelle ultime 4-6 settimane della fioritura e della maturazione insieme ai nutrienti di base. ATA Bloombastic pu\u00f2 essere utilizzato con qualsiasi substrato ed \u00e8 adatto a tutti i sistemi di irrigazione. L\u2019uso di Bloombastic insieme, ad esempio, a <a href=\"https:\/\/atami.com\/it\/prodotto\/bcuzz-bloom-stimulator\"><strong>B\u2019cuzz Bloom Stimulator<\/strong><\/a> \u00e8 un ottimo metodo per potenziare ulteriormente l\u2019effetto stimolante durante la fase di fioritura. Pu\u00f2 essere combinato con i nutrienti di base. Prestare attenzione al valore EC della propria soluzione nutriente. L\u2019utilizzo di Bloombastic insieme a un (altro) nutriente PK non \u00e8 solo superfluo, bens\u00ec anche potenzialmente rischioso a causa della possibilit\u00e0 di una fertilizzazione eccessiva.<\/p>","dosage":"<p>Da 0,5 a 1 ml per ogni litro di acqua.<br \/>Fornisce un aumento del valore EC della soluzione nutriente di base.<\/p>","npk_ratio":"<p>PK 14-15 W\/W<\/p>","available_in":"<p>50 ML, 100 ML, 325 ML, 1250 ML, 5,5 L, 10 L<\/p>","icon_1":5371,"icon_1_text":"CONTIENE OLTRE IL 50% IN PI\u00d9 DI FOSFORO E POTASSIO RISPETTO AD ALTRI PRODOTTI LIQUIDI PER  LA FIORITURA DISPONIBILI SUL MERCATO","icon_2":5347,"icon_2_text":"UN COCKTAIL DI BIOMINERALI E BIOSTIMOLANTI DI ALTA QUALIT\u00c0","icon_3":5375,"icon_3_text":"AUMENTA IL CONTENUTO ZUCCHERINO, IL PESO E L\u2019AROMA","icon_4":5379,"icon_4_text":"PRODUZIONE ESPLOSIVA DI ZUCCHERI E FIORI","video":"https:\/\/youtu.be\/FIgtkOLSafU","second_image":10870,"product_image_page":5415,"user_manual":"","new_icon_1":196792,"new_icon_2":196807,"new_icon_3":196822,"new_icon_4":196837,"grow_guides":"","category":"Additivo"},"yoast_head":"<!-- This site is optimized with the Yoast SEO Premium plugin v27.5 (Yoast SEO v27.5) - https:\/\/yoast.com\/product\/yoast-seo-premium-wordpress\/ -->\n<title>Bloombastic: il miglior stimolatore di fioritura per piante forti<\/title>\n<meta name=\"description\" content=\"Scopri Bloombastic, il potente stimolatore di fioritura che migliora la qualit\u00e0 e la resa dei tuoi fiori. Ottieni risultati straordinari con la formula avanzata di Atami. Acquista ora!\" \/>\n<meta name=\"robots\" content=\"index, follow, max-snippet:-1, max-image-preview:large, max-video-preview:-1\" \/>\n<link rel=\"canonical\" href=\"https:\/\/atami.com\/it\/prodotto\/bloombastic\" \/>\n<meta property=\"og:locale\" content=\"it_IT\" \/>\n<meta property=\"og:type\" content=\"article\" \/>\n<meta property=\"og:title\" content=\"Bloombastic\" \/>\n<meta property=\"og:description\" content=\"Scopri Bloombastic, il potente stimolatore di fioritura che migliora la qualit\u00e0 e la resa dei tuoi fiori. Ottieni risultati straordinari con la formula avanzata di Atami. Acquista ora!\" \/>\n<meta property=\"og:url\" content=\"https:\/\/atami.com\/it\/prodotto\/bloombastic\" \/>\n<meta property=\"og:site_name\" content=\"Atami\" \/>\n<meta property=\"article:publisher\" content=\"https:\/\/www.facebook.com\/Atami.International\" \/>\n<meta property=\"article:modified_time\" content=\"2025-11-10T13:19:51+00:00\" \/>\n<meta property=\"og:image\" content=\"https:\/\/atami.com\/wp-content\/uploads\/2023\/02\/Bloombastic-product-image.webp\" \/>\n\t<meta property=\"og:image:width\" content=\"1080\" \/>\n\t<meta property=\"og:image:height\" content=\"1080\" \/>\n\t<meta property=\"og:image:type\" content=\"image\/webp\" \/>\n<meta name=\"twitter:card\" content=\"summary_large_image\" \/>\n<meta name=\"twitter:site\" content=\"@AtamiEU\" \/>\n<meta name=\"twitter:label1\" content=\"Tempo di lettura stimato\" \/>\n\t<meta name=\"twitter:data1\" content=\"2 minuti\" \/>\n<script type=\"application\/ld+json\" class=\"yoast-schema-graph\">{\"@context\":\"https:\\\/\\\/schema.org\",\"@graph\":[{\"@type\":\"WebPage\",\"@id\":\"https:\\\/\\\/atami.com\\\/it\\\/prodotto\\\/bloombastic\",\"url\":\"https:\\\/\\\/atami.com\\\/it\\\/prodotto\\\/bloombastic\",\"name\":\"Bloombastic: il miglior stimolatore di fioritura per piante forti\",\"isPartOf\":{\"@id\":\"https:\\\/\\\/atami.com\\\/it#website\"},\"primaryImageOfPage\":{\"@id\":\"https:\\\/\\\/atami.com\\\/it\\\/prodotto\\\/bloombastic#primaryimage\"},\"image\":{\"@id\":\"https:\\\/\\\/atami.com\\\/it\\\/prodotto\\\/bloombastic#primaryimage\"},\"thumbnailUrl\":\"https:\\\/\\\/atami.com\\\/wp-content\\\/uploads\\\/2023\\\/02\\\/Bloombastic-product-image.webp\",\"datePublished\":\"2023-02-06T13:16:50+00:00\",\"dateModified\":\"2025-11-10T13:19:51+00:00\",\"description\":\"Scopri Bloombastic, il potente stimolatore di fioritura che migliora la qualit\u00e0 e la resa dei tuoi fiori. Ottieni risultati straordinari con la formula avanzata di Atami. Acquista ora!\",\"breadcrumb\":{\"@id\":\"https:\\\/\\\/atami.com\\\/it\\\/prodotto\\\/bloombastic#breadcrumb\"},\"inLanguage\":\"it-IT\",\"potentialAction\":[{\"@type\":\"ReadAction\",\"target\":[\"https:\\\/\\\/atami.com\\\/it\\\/prodotto\\\/bloombastic\"]}]},{\"@type\":\"ImageObject\",\"inLanguage\":\"it-IT\",\"@id\":\"https:\\\/\\\/atami.com\\\/it\\\/prodotto\\\/bloombastic#primaryimage\",\"url\":\"https:\\\/\\\/atami.com\\\/wp-content\\\/uploads\\\/2023\\\/02\\\/Bloombastic-product-image.webp\",\"contentUrl\":\"https:\\\/\\\/atami.com\\\/wp-content\\\/uploads\\\/2023\\\/02\\\/Bloombastic-product-image.webp\",\"width\":1080,\"height\":1080,\"caption\":\"Bloombastic fornisce un cocktail di alta qualit\u00e0 di minerali e composti organici per migliorare la produzione e il sapore dei fiori.\"},{\"@type\":\"BreadcrumbList\",\"@id\":\"https:\\\/\\\/atami.com\\\/it\\\/prodotto\\\/bloombastic#breadcrumb\",\"itemListElement\":[{\"@type\":\"ListItem\",\"position\":1,\"name\":\"Home\",\"item\":\"https:\\\/\\\/atami.com\\\/it\"},{\"@type\":\"ListItem\",\"position\":2,\"name\":\"Prodotti\",\"item\":\"https:\\\/\\\/atami.com\\\/it\\\/shop\"},{\"@type\":\"ListItem\",\"position\":3,\"name\":\"Marche\",\"item\":\"https:\\\/\\\/atami.com\\\/it\\\/categoria-prodotto\\\/marche\"},{\"@type\":\"ListItem\",\"position\":4,\"name\":\"Bastics\",\"item\":\"https:\\\/\\\/atami.com\\\/it\\\/categoria-prodotto\\\/marche\\\/bastics\"},{\"@type\":\"ListItem\",\"position\":5,\"name\":\"Bloombastic\"}]},{\"@type\":\"WebSite\",\"@id\":\"https:\\\/\\\/atami.com\\\/it#website\",\"url\":\"https:\\\/\\\/atami.com\\\/it\",\"name\":\"Atami\",\"description\":\"NATURALLY INNOVATING!\",\"publisher\":{\"@id\":\"https:\\\/\\\/atami.com\\\/it#organization\"},\"potentialAction\":[{\"@type\":\"SearchAction\",\"target\":{\"@type\":\"EntryPoint\",\"urlTemplate\":\"https:\\\/\\\/atami.com\\\/it?s={search_term_string}\"},\"query-input\":{\"@type\":\"PropertyValueSpecification\",\"valueRequired\":true,\"valueName\":\"search_term_string\"}}],\"inLanguage\":\"it-IT\"},{\"@type\":\"Organization\",\"@id\":\"https:\\\/\\\/atami.com\\\/it#organization\",\"name\":\"Atami\",\"url\":\"https:\\\/\\\/atami.com\\\/it\",\"logo\":{\"@type\":\"ImageObject\",\"inLanguage\":\"it-IT\",\"@id\":\"https:\\\/\\\/atami.com\\\/it#\\\/schema\\\/logo\\\/image\\\/\",\"url\":\"https:\\\/\\\/atami.com\\\/wp-content\\\/uploads\\\/2026\\\/01\\\/Atami-logo-696x696px.webp\",\"contentUrl\":\"https:\\\/\\\/atami.com\\\/wp-content\\\/uploads\\\/2026\\\/01\\\/Atami-logo-696x696px.webp\",\"width\":696,\"height\":696,\"caption\":\"Atami\"},\"image\":{\"@id\":\"https:\\\/\\\/atami.com\\\/it#\\\/schema\\\/logo\\\/image\\\/\"},\"sameAs\":[\"https:\\\/\\\/www.facebook.com\\\/Atami.International\",\"https:\\\/\\\/x.com\\\/AtamiEU\",\"https:\\\/\\\/www.youtube.com\\\/c\\\/AtamiInternational\",\"https:\\\/\\\/www.instagram.com\\\/atami.international\\\/\"],\"description\":\"ATAMI is a premium plant nutrition & substrate brand founded in 1997 with the mission to make exceptional cultivation achievable for everyone. From legacy to license, we offer a wide variety of innovating award-winning products to let cultivators achieve maximum results in taste & yield.\",\"email\":\"info@mginnovations.es\",\"legalName\":\"Atami\",\"numberOfEmployees\":{\"@type\":\"QuantitativeValue\",\"minValue\":\"11\",\"maxValue\":\"50\"}}]}<\/script>\n<!-- \/ Yoast SEO Premium plugin. -->","yoast_head_json":{"title":"Bloombastic: il miglior stimolatore di fioritura per piante forti","description":"Scopri Bloombastic, il potente stimolatore di fioritura che migliora la qualit\u00e0 e la resa dei tuoi fiori. Ottieni risultati straordinari con la formula avanzata di Atami. Acquista ora!","robots":{"index":"index","follow":"follow","max-snippet":"max-snippet:-1","max-image-preview":"max-image-preview:large","max-video-preview":"max-video-preview:-1"},"canonical":"https:\/\/atami.com\/it\/prodotto\/bloombastic","og_locale":"it_IT","og_type":"article","og_title":"Bloombastic","og_description":"Scopri Bloombastic, il potente stimolatore di fioritura che migliora la qualit\u00e0 e la resa dei tuoi fiori. Ottieni risultati straordinari con la formula avanzata di Atami. Acquista ora!","og_url":"https:\/\/atami.com\/it\/prodotto\/bloombastic","og_site_name":"Atami","article_publisher":"https:\/\/www.facebook.com\/Atami.International","article_modified_time":"2025-11-10T13:19:51+00:00","og_image":[{"width":1080,"height":1080,"url":"https:\/\/atami.com\/wp-content\/uploads\/2023\/02\/Bloombastic-product-image.webp","type":"image\/webp"}],"twitter_card":"summary_large_image","twitter_site":"@AtamiEU","twitter_misc":{"Tempo di lettura stimato":"2 minuti"},"schema":{"@context":"https:\/\/schema.org","@graph":[{"@type":"WebPage","@id":"https:\/\/atami.com\/it\/prodotto\/bloombastic","url":"https:\/\/atami.com\/it\/prodotto\/bloombastic","name":"Bloombastic: il miglior stimolatore di fioritura per piante forti","isPartOf":{"@id":"https:\/\/atami.com\/it#website"},"primaryImageOfPage":{"@id":"https:\/\/atami.com\/it\/prodotto\/bloombastic#primaryimage"},"image":{"@id":"https:\/\/atami.com\/it\/prodotto\/bloombastic#primaryimage"},"thumbnailUrl":"https:\/\/atami.com\/wp-content\/uploads\/2023\/02\/Bloombastic-product-image.webp","datePublished":"2023-02-06T13:16:50+00:00","dateModified":"2025-11-10T13:19:51+00:00","description":"Scopri Bloombastic, il potente stimolatore di fioritura che migliora la qualit\u00e0 e la resa dei tuoi fiori. Ottieni risultati straordinari con la formula avanzata di Atami. Acquista ora!","breadcrumb":{"@id":"https:\/\/atami.com\/it\/prodotto\/bloombastic#breadcrumb"},"inLanguage":"it-IT","potentialAction":[{"@type":"ReadAction","target":["https:\/\/atami.com\/it\/prodotto\/bloombastic"]}]},{"@type":"ImageObject","inLanguage":"it-IT","@id":"https:\/\/atami.com\/it\/prodotto\/bloombastic#primaryimage","url":"https:\/\/atami.com\/wp-content\/uploads\/2023\/02\/Bloombastic-product-image.webp","contentUrl":"https:\/\/atami.com\/wp-content\/uploads\/2023\/02\/Bloombastic-product-image.webp","width":1080,"height":1080,"caption":"Bloombastic fornisce un cocktail di alta qualit\u00e0 di minerali e composti organici per migliorare la produzione e il sapore dei fiori."},{"@type":"BreadcrumbList","@id":"https:\/\/atami.com\/it\/prodotto\/bloombastic#breadcrumb","itemListElement":[{"@type":"ListItem","position":1,"name":"Home","item":"https:\/\/atami.com\/it"},{"@type":"ListItem","position":2,"name":"Prodotti","item":"https:\/\/atami.com\/it\/shop"},{"@type":"ListItem","position":3,"name":"Marche","item":"https:\/\/atami.com\/it\/categoria-prodotto\/marche"},{"@type":"ListItem","position":4,"name":"Bastics","item":"https:\/\/atami.com\/it\/categoria-prodotto\/marche\/bastics"},{"@type":"ListItem","position":5,"name":"Bloombastic"}]},{"@type":"WebSite","@id":"https:\/\/atami.com\/it#website","url":"https:\/\/atami.com\/it","name":"Atami","description":"NATURALLY INNOVATING!","publisher":{"@id":"https:\/\/atami.com\/it#organization"},"potentialAction":[{"@type":"SearchAction","target":{"@type":"EntryPoint","urlTemplate":"https:\/\/atami.com\/it?s={search_term_string}"},"query-input":{"@type":"PropertyValueSpecification","valueRequired":true,"valueName":"search_term_string"}}],"inLanguage":"it-IT"},{"@type":"Organization","@id":"https:\/\/atami.com\/it#organization","name":"Atami","url":"https:\/\/atami.com\/it","logo":{"@type":"ImageObject","inLanguage":"it-IT","@id":"https:\/\/atami.com\/it#\/schema\/logo\/image\/","url":"https:\/\/atami.com\/wp-content\/uploads\/2026\/01\/Atami-logo-696x696px.webp","contentUrl":"https:\/\/atami.com\/wp-content\/uploads\/2026\/01\/Atami-logo-696x696px.webp","width":696,"height":696,"caption":"Atami"},"image":{"@id":"https:\/\/atami.com\/it#\/schema\/logo\/image\/"},"sameAs":["https:\/\/www.facebook.com\/Atami.International","https:\/\/x.com\/AtamiEU","https:\/\/www.youtube.com\/c\/AtamiInternational","https:\/\/www.instagram.com\/atami.international\/"],"description":"ATAMI is a premium plant nutrition & substrate brand founded in 1997 with the mission to make exceptional cultivation achievable for everyone. From legacy to license, we offer a wide variety of innovating award-winning products to let cultivators achieve maximum results in taste & yield.","email":"info@mginnovations.es","legalName":"Atami","numberOfEmployees":{"@type":"QuantitativeValue","minValue":"11","maxValue":"50"}}]}},"_links":{"self":[{"href":"https:\/\/atami.com\/it\/wp-json\/wp\/v2\/product\/46165","targetHints":{"allow":["GET"]}}],"collection":[{"href":"https:\/\/atami.com\/it\/wp-json\/wp\/v2\/product"}],"about":[{"href":"https:\/\/atami.com\/it\/wp-json\/wp\/v2\/types\/product"}],"replies":[{"embeddable":true,"href":"https:\/\/atami.com\/it\/wp-json\/wp\/v2\/comments?post=46165"}],"wp:featuredmedia":[{"embeddable":true,"href":"https:\/\/atami.com\/it\/wp-json\/wp\/v2\/media\/202120"}],"wp:attachment":[{"href":"https:\/\/atami.com\/it\/wp-json\/wp\/v2\/media?parent=46165"}],"wp:term":[{"taxonomy":"product_brand","embeddable":true,"href":"https:\/\/atami.com\/it\/wp-json\/wp\/v2\/product_brand?post=46165"},{"taxonomy":"product_cat","embeddable":true,"href":"https:\/\/atami.com\/it\/wp-json\/wp\/v2\/product_cat?post=46165"},{"taxonomy":"product_tag","embeddable":true,"href":"https:\/\/atami.com\/it\/wp-json\/wp\/v2\/product_tag?post=46165"}],"curies":[{"name":"wp","href":"https:\/\/api.w.org\/{rel}","templated":true}]}}