{"id":202499,"date":"2025-01-22T12:19:28","date_gmt":"2025-01-22T10:19:28","guid":{"rendered":"https:\/\/atami.com\/?post_type=product&#038;p=202499"},"modified":"2025-11-07T17:45:40","modified_gmt":"2025-11-07T15:45:40","slug":"vgn-2-2-4","status":"publish","type":"product","link":"https:\/\/atami.com\/it\/prodotto\/vgn-2-2-4","title":{"rendered":"VGN 2-2-4"},"content":{"rendered":"","protected":false},"excerpt":{"rendered":"<p>Fertilizzanti veganic<\/p>\n","protected":false},"featured_media":202428,"comment_status":"closed","ping_status":"closed","template":"","meta":{"_acf_changed":false,"iawp_total_views":40},"product_brand":[],"product_cat":[349,2334],"product_tag":[],"class_list":{"0":"post-202499","1":"product","2":"type-product","3":"status-publish","4":"has-post-thumbnail","6":"product_cat-nutrienti-di-base","7":"product_cat-vgn-fertilizzanti-veganic","9":"first","10":"instock","11":"shipping-taxable","12":"product-type-simple"},"acf":{"short_description":"<p><strong>Potassio aggiuntivo per una crescita rafforzata e vigorosa delle piante.<\/strong><\/p><p>VGN 2-2-4 \u00e8 un fertilizzante organico liquido per la fase di crescita. Il suo contenuto extra di potassio far\u00e0 crescere le piante pi\u00f9 sane e forti. Realizzato con preziosi prodotti residui delle piante, questo nutrimento di base \u00e8 approvato per l'agricoltura biologica da Control Union.<\/p><p>&nbsp;<\/p><p>Questo nutrimento di base contiene oligoelementi chelati che vengono facilmente assorbiti dalla pianta. Grazie all'elevato contenuto di materia organica, il VGN contribuisce a promuovere un ecosistema del suolo sano. Il VGN contribuisce a promuovere un ecosistema del suolo sano. La vita sana del suolo \u00e8 essenziale per la salute delle piante. I prodotti VGN soddisfano le vostre esigenze biologiche; assaggiate e sperimentate voi stessi la differenza!<\/p>","suitable_for":"<p>Adatto alla coltivazione in suolo. <br \/>Meno adatto ai sistemi di irrigazione, pu\u00f2 causare odori e biofilm.<\/p>","application":"<p>Combinato con acqua di rubinetto, VGN 2-2-4 fornisce tutti gli elementi essenziali per la crescita delle piante. Miscelatelo con VGN 5-2-2 in rapporti personalizzabili per soddisfare le esigenze specifiche di diverse specie vegetali e fasi di sviluppo. Questo duo serve come nutrimento di base su misura per la crescita delle piante.<\/p><p>&nbsp;<\/p><p><strong>Come si usa?<\/strong><br \/>1. Riempite a met\u00e0 il vostro annaffiatoio con acqua di rubinetto.<br \/>2. Aggiungere la quantit\u00e0 desiderata di VGN 2-2-4.<br \/>3. Riempite il resto dell'annaffiatoio con acqua di rubinetto.<br \/>4. La soluzione \u00e8 pronta per l'uso!<\/p>","dosage":"<p>Aggiungere 2 - 5 ml di VGN 2-2-4 per 1 litro di acqua di rubinetto quando si nutrono le piante. In alternativa, mescolare 1 - 3 ml di VGN 2-2-4 con 1 - 3 ml di VGN 5-2-2 per 1 litro di acqua di rubinetto.<\/p>","npk_ratio":"<p>2-2-4<\/p>","available_in":"<p>4x250ml, 500ml, 1L, 5L, 10L<\/p>","icon_1":202472,"icon_1_text":"Abbondante di potassio","icon_2":184160,"icon_2_text":"","icon_3":"","icon_3_text":"","icon_4":"","icon_4_text":"","video":"","second_image":"","product_image_page":"","user_manual":"","new_icon_1":"","new_icon_2":"","new_icon_3":"","new_icon_4":"","grow_guides":"","category":"Nutriente di base"},"yoast_head":"<!-- This site is optimized with the Yoast SEO Premium plugin v27.5 (Yoast SEO v27.5) - https:\/\/yoast.com\/product\/yoast-seo-premium-wordpress\/ -->\n<title>VGN 2-2-4: Fertilizzante Organico per Piante Sanitarie e Forti<\/title>\n<meta name=\"description\" content=\"Scopri VGN 2-2-4, un fertilizzante organico bilanciato perfetto per nutrire le tue piante. Migliora la salute e la crescita delle tue piante con questo prodotto naturale.\" \/>\n<meta name=\"robots\" content=\"index, follow, max-snippet:-1, max-image-preview:large, max-video-preview:-1\" \/>\n<link rel=\"canonical\" href=\"https:\/\/atami.com\/it\/prodotto\/vgn-2-2-4\" \/>\n<meta property=\"og:locale\" content=\"it_IT\" \/>\n<meta property=\"og:type\" content=\"article\" \/>\n<meta property=\"og:title\" content=\"VGN 2-2-4\" \/>\n<meta property=\"og:description\" content=\"Scopri VGN 2-2-4, un fertilizzante organico bilanciato perfetto per nutrire le tue piante. Migliora la salute e la crescita delle tue piante con questo prodotto naturale.\" \/>\n<meta property=\"og:url\" content=\"https:\/\/atami.com\/it\/prodotto\/vgn-2-2-4\" \/>\n<meta property=\"og:site_name\" content=\"Atami\" \/>\n<meta property=\"article:publisher\" content=\"https:\/\/www.facebook.com\/Atami.International\" \/>\n<meta property=\"article:modified_time\" content=\"2025-11-07T15:45:40+00:00\" \/>\n<meta property=\"og:image\" content=\"https:\/\/atami.com\/wp-content\/uploads\/2025\/01\/VGN-2-2-4-product-image.webp\" \/>\n\t<meta property=\"og:image:width\" content=\"1080\" \/>\n\t<meta property=\"og:image:height\" content=\"1080\" \/>\n\t<meta property=\"og:image:type\" content=\"image\/webp\" \/>\n<meta name=\"twitter:card\" content=\"summary_large_image\" \/>\n<meta name=\"twitter:site\" content=\"@AtamiEU\" \/>\n<meta name=\"twitter:label1\" content=\"Tempo di lettura stimato\" \/>\n\t<meta name=\"twitter:data1\" content=\"1 minuto\" \/>\n<script type=\"application\/ld+json\" class=\"yoast-schema-graph\">{\"@context\":\"https:\\\/\\\/schema.org\",\"@graph\":[{\"@type\":\"WebPage\",\"@id\":\"https:\\\/\\\/atami.com\\\/it\\\/prodotto\\\/vgn-2-2-4\",\"url\":\"https:\\\/\\\/atami.com\\\/it\\\/prodotto\\\/vgn-2-2-4\",\"name\":\"VGN 2-2-4: Fertilizzante Organico per Piante Sanitarie e Forti\",\"isPartOf\":{\"@id\":\"https:\\\/\\\/atami.com\\\/it#website\"},\"primaryImageOfPage\":{\"@id\":\"https:\\\/\\\/atami.com\\\/it\\\/prodotto\\\/vgn-2-2-4#primaryimage\"},\"image\":{\"@id\":\"https:\\\/\\\/atami.com\\\/it\\\/prodotto\\\/vgn-2-2-4#primaryimage\"},\"thumbnailUrl\":\"https:\\\/\\\/atami.com\\\/wp-content\\\/uploads\\\/2025\\\/01\\\/VGN-2-2-4-product-image.webp\",\"datePublished\":\"2025-01-22T10:19:28+00:00\",\"dateModified\":\"2025-11-07T15:45:40+00:00\",\"description\":\"Scopri VGN 2-2-4, un fertilizzante organico bilanciato perfetto per nutrire le tue piante. Migliora la salute e la crescita delle tue piante con questo prodotto naturale.\",\"breadcrumb\":{\"@id\":\"https:\\\/\\\/atami.com\\\/it\\\/prodotto\\\/vgn-2-2-4#breadcrumb\"},\"inLanguage\":\"it-IT\",\"potentialAction\":[{\"@type\":\"ReadAction\",\"target\":[\"https:\\\/\\\/atami.com\\\/it\\\/prodotto\\\/vgn-2-2-4\"]}]},{\"@type\":\"ImageObject\",\"inLanguage\":\"it-IT\",\"@id\":\"https:\\\/\\\/atami.com\\\/it\\\/prodotto\\\/vgn-2-2-4#primaryimage\",\"url\":\"https:\\\/\\\/atami.com\\\/wp-content\\\/uploads\\\/2025\\\/01\\\/VGN-2-2-4-product-image.webp\",\"contentUrl\":\"https:\\\/\\\/atami.com\\\/wp-content\\\/uploads\\\/2025\\\/01\\\/VGN-2-2-4-product-image.webp\",\"width\":1080,\"height\":1080,\"caption\":\"VGN 2-2-4Atami VGN 2-2-4 \u00e8 un concime organico liquido per la fase di crescita, arricchito con ulteriore potassio per favorire uno sviluppo pi\u00f9 sano e forte delle piante.\"},{\"@type\":\"BreadcrumbList\",\"@id\":\"https:\\\/\\\/atami.com\\\/it\\\/prodotto\\\/vgn-2-2-4#breadcrumb\",\"itemListElement\":[{\"@type\":\"ListItem\",\"position\":1,\"name\":\"Home\",\"item\":\"https:\\\/\\\/atami.com\\\/it\"},{\"@type\":\"ListItem\",\"position\":2,\"name\":\"Prodotti\",\"item\":\"https:\\\/\\\/atami.com\\\/it\\\/shop\"},{\"@type\":\"ListItem\",\"position\":3,\"name\":\"Marche\",\"item\":\"https:\\\/\\\/atami.com\\\/it\\\/categoria-prodotto\\\/marche\"},{\"@type\":\"ListItem\",\"position\":4,\"name\":\"VGN \u2013 FERTILIZZANTI VEGANIC\",\"item\":\"https:\\\/\\\/atami.com\\\/it\\\/categoria-prodotto\\\/marche\\\/vgn-fertilizzanti-veganic\"},{\"@type\":\"ListItem\",\"position\":5,\"name\":\"VGN 2-2-4\"}]},{\"@type\":\"WebSite\",\"@id\":\"https:\\\/\\\/atami.com\\\/it#website\",\"url\":\"https:\\\/\\\/atami.com\\\/it\",\"name\":\"Atami\",\"description\":\"NATURALLY INNOVATING!\",\"publisher\":{\"@id\":\"https:\\\/\\\/atami.com\\\/it#organization\"},\"potentialAction\":[{\"@type\":\"SearchAction\",\"target\":{\"@type\":\"EntryPoint\",\"urlTemplate\":\"https:\\\/\\\/atami.com\\\/it?s={search_term_string}\"},\"query-input\":{\"@type\":\"PropertyValueSpecification\",\"valueRequired\":true,\"valueName\":\"search_term_string\"}}],\"inLanguage\":\"it-IT\"},{\"@type\":\"Organization\",\"@id\":\"https:\\\/\\\/atami.com\\\/it#organization\",\"name\":\"Atami\",\"url\":\"https:\\\/\\\/atami.com\\\/it\",\"logo\":{\"@type\":\"ImageObject\",\"inLanguage\":\"it-IT\",\"@id\":\"https:\\\/\\\/atami.com\\\/it#\\\/schema\\\/logo\\\/image\\\/\",\"url\":\"https:\\\/\\\/atami.com\\\/wp-content\\\/uploads\\\/2026\\\/01\\\/Atami-logo-696x696px.webp\",\"contentUrl\":\"https:\\\/\\\/atami.com\\\/wp-content\\\/uploads\\\/2026\\\/01\\\/Atami-logo-696x696px.webp\",\"width\":696,\"height\":696,\"caption\":\"Atami\"},\"image\":{\"@id\":\"https:\\\/\\\/atami.com\\\/it#\\\/schema\\\/logo\\\/image\\\/\"},\"sameAs\":[\"https:\\\/\\\/www.facebook.com\\\/Atami.International\",\"https:\\\/\\\/x.com\\\/AtamiEU\",\"https:\\\/\\\/www.youtube.com\\\/c\\\/AtamiInternational\",\"https:\\\/\\\/www.instagram.com\\\/atami.international\\\/\"],\"description\":\"ATAMI is a premium plant nutrition & substrate brand founded in 1997 with the mission to make exceptional cultivation achievable for everyone. From legacy to license, we offer a wide variety of innovating award-winning products to let cultivators achieve maximum results in taste & yield.\",\"email\":\"info@mginnovations.es\",\"legalName\":\"Atami\",\"numberOfEmployees\":{\"@type\":\"QuantitativeValue\",\"minValue\":\"11\",\"maxValue\":\"50\"}}]}<\/script>\n<!-- \/ Yoast SEO Premium plugin. -->","yoast_head_json":{"title":"VGN 2-2-4: Fertilizzante Organico per Piante Sanitarie e Forti","description":"Scopri VGN 2-2-4, un fertilizzante organico bilanciato perfetto per nutrire le tue piante. Migliora la salute e la crescita delle tue piante con questo prodotto naturale.","robots":{"index":"index","follow":"follow","max-snippet":"max-snippet:-1","max-image-preview":"max-image-preview:large","max-video-preview":"max-video-preview:-1"},"canonical":"https:\/\/atami.com\/it\/prodotto\/vgn-2-2-4","og_locale":"it_IT","og_type":"article","og_title":"VGN 2-2-4","og_description":"Scopri VGN 2-2-4, un fertilizzante organico bilanciato perfetto per nutrire le tue piante. Migliora la salute e la crescita delle tue piante con questo prodotto naturale.","og_url":"https:\/\/atami.com\/it\/prodotto\/vgn-2-2-4","og_site_name":"Atami","article_publisher":"https:\/\/www.facebook.com\/Atami.International","article_modified_time":"2025-11-07T15:45:40+00:00","og_image":[{"width":1080,"height":1080,"url":"https:\/\/atami.com\/wp-content\/uploads\/2025\/01\/VGN-2-2-4-product-image.webp","type":"image\/webp"}],"twitter_card":"summary_large_image","twitter_site":"@AtamiEU","twitter_misc":{"Tempo di lettura stimato":"1 minuto"},"schema":{"@context":"https:\/\/schema.org","@graph":[{"@type":"WebPage","@id":"https:\/\/atami.com\/it\/prodotto\/vgn-2-2-4","url":"https:\/\/atami.com\/it\/prodotto\/vgn-2-2-4","name":"VGN 2-2-4: Fertilizzante Organico per Piante Sanitarie e Forti","isPartOf":{"@id":"https:\/\/atami.com\/it#website"},"primaryImageOfPage":{"@id":"https:\/\/atami.com\/it\/prodotto\/vgn-2-2-4#primaryimage"},"image":{"@id":"https:\/\/atami.com\/it\/prodotto\/vgn-2-2-4#primaryimage"},"thumbnailUrl":"https:\/\/atami.com\/wp-content\/uploads\/2025\/01\/VGN-2-2-4-product-image.webp","datePublished":"2025-01-22T10:19:28+00:00","dateModified":"2025-11-07T15:45:40+00:00","description":"Scopri VGN 2-2-4, un fertilizzante organico bilanciato perfetto per nutrire le tue piante. Migliora la salute e la crescita delle tue piante con questo prodotto naturale.","breadcrumb":{"@id":"https:\/\/atami.com\/it\/prodotto\/vgn-2-2-4#breadcrumb"},"inLanguage":"it-IT","potentialAction":[{"@type":"ReadAction","target":["https:\/\/atami.com\/it\/prodotto\/vgn-2-2-4"]}]},{"@type":"ImageObject","inLanguage":"it-IT","@id":"https:\/\/atami.com\/it\/prodotto\/vgn-2-2-4#primaryimage","url":"https:\/\/atami.com\/wp-content\/uploads\/2025\/01\/VGN-2-2-4-product-image.webp","contentUrl":"https:\/\/atami.com\/wp-content\/uploads\/2025\/01\/VGN-2-2-4-product-image.webp","width":1080,"height":1080,"caption":"VGN 2-2-4Atami VGN 2-2-4 \u00e8 un concime organico liquido per la fase di crescita, arricchito con ulteriore potassio per favorire uno sviluppo pi\u00f9 sano e forte delle piante."},{"@type":"BreadcrumbList","@id":"https:\/\/atami.com\/it\/prodotto\/vgn-2-2-4#breadcrumb","itemListElement":[{"@type":"ListItem","position":1,"name":"Home","item":"https:\/\/atami.com\/it"},{"@type":"ListItem","position":2,"name":"Prodotti","item":"https:\/\/atami.com\/it\/shop"},{"@type":"ListItem","position":3,"name":"Marche","item":"https:\/\/atami.com\/it\/categoria-prodotto\/marche"},{"@type":"ListItem","position":4,"name":"VGN \u2013 FERTILIZZANTI VEGANIC","item":"https:\/\/atami.com\/it\/categoria-prodotto\/marche\/vgn-fertilizzanti-veganic"},{"@type":"ListItem","position":5,"name":"VGN 2-2-4"}]},{"@type":"WebSite","@id":"https:\/\/atami.com\/it#website","url":"https:\/\/atami.com\/it","name":"Atami","description":"NATURALLY INNOVATING!","publisher":{"@id":"https:\/\/atami.com\/it#organization"},"potentialAction":[{"@type":"SearchAction","target":{"@type":"EntryPoint","urlTemplate":"https:\/\/atami.com\/it?s={search_term_string}"},"query-input":{"@type":"PropertyValueSpecification","valueRequired":true,"valueName":"search_term_string"}}],"inLanguage":"it-IT"},{"@type":"Organization","@id":"https:\/\/atami.com\/it#organization","name":"Atami","url":"https:\/\/atami.com\/it","logo":{"@type":"ImageObject","inLanguage":"it-IT","@id":"https:\/\/atami.com\/it#\/schema\/logo\/image\/","url":"https:\/\/atami.com\/wp-content\/uploads\/2026\/01\/Atami-logo-696x696px.webp","contentUrl":"https:\/\/atami.com\/wp-content\/uploads\/2026\/01\/Atami-logo-696x696px.webp","width":696,"height":696,"caption":"Atami"},"image":{"@id":"https:\/\/atami.com\/it#\/schema\/logo\/image\/"},"sameAs":["https:\/\/www.facebook.com\/Atami.International","https:\/\/x.com\/AtamiEU","https:\/\/www.youtube.com\/c\/AtamiInternational","https:\/\/www.instagram.com\/atami.international\/"],"description":"ATAMI is a premium plant nutrition & substrate brand founded in 1997 with the mission to make exceptional cultivation achievable for everyone. From legacy to license, we offer a wide variety of innovating award-winning products to let cultivators achieve maximum results in taste & yield.","email":"info@mginnovations.es","legalName":"Atami","numberOfEmployees":{"@type":"QuantitativeValue","minValue":"11","maxValue":"50"}}]}},"_links":{"self":[{"href":"https:\/\/atami.com\/it\/wp-json\/wp\/v2\/product\/202499","targetHints":{"allow":["GET"]}}],"collection":[{"href":"https:\/\/atami.com\/it\/wp-json\/wp\/v2\/product"}],"about":[{"href":"https:\/\/atami.com\/it\/wp-json\/wp\/v2\/types\/product"}],"replies":[{"embeddable":true,"href":"https:\/\/atami.com\/it\/wp-json\/wp\/v2\/comments?post=202499"}],"wp:featuredmedia":[{"embeddable":true,"href":"https:\/\/atami.com\/it\/wp-json\/wp\/v2\/media\/202428"}],"wp:attachment":[{"href":"https:\/\/atami.com\/it\/wp-json\/wp\/v2\/media?parent=202499"}],"wp:term":[{"taxonomy":"product_brand","embeddable":true,"href":"https:\/\/atami.com\/it\/wp-json\/wp\/v2\/product_brand?post=202499"},{"taxonomy":"product_cat","embeddable":true,"href":"https:\/\/atami.com\/it\/wp-json\/wp\/v2\/product_cat?post=202499"},{"taxonomy":"product_tag","embeddable":true,"href":"https:\/\/atami.com\/it\/wp-json\/wp\/v2\/product_tag?post=202499"}],"curies":[{"name":"wp","href":"https:\/\/api.w.org\/{rel}","templated":true}]}}