{"id":202498,"date":"2025-01-22T12:19:29","date_gmt":"2025-01-22T10:19:29","guid":{"rendered":"https:\/\/atami.com\/?post_type=product&#038;p=202498"},"modified":"2025-11-07T17:45:11","modified_gmt":"2025-11-07T15:45:11","slug":"vgn-5-2-2","status":"publish","type":"product","link":"https:\/\/atami.com\/it\/prodotto\/vgn-5-2-2","title":{"rendered":"VGN 5-2-2"},"content":{"rendered":"","protected":false},"excerpt":{"rendered":"<p>Fertilizzanti veganic<\/p>\n","protected":false},"featured_media":202407,"comment_status":"closed","ping_status":"closed","template":"","meta":{"_acf_changed":false,"iawp_total_views":86},"product_brand":[],"product_cat":[349,2334],"product_tag":[],"class_list":{"0":"post-202498","1":"product","2":"type-product","3":"status-publish","4":"has-post-thumbnail","6":"product_cat-nutrienti-di-base","7":"product_cat-vgn-fertilizzanti-veganic","9":"first","10":"instock","11":"shipping-taxable","12":"product-type-simple"},"acf":{"short_description":"<p><strong>Fate crescere piante sane e verdi con un po' di azoto in pi\u00f9.<\/strong><\/p><p>VGN 5-2-2 \u00e8 un fertilizzante organico liquido che favorisce una crescita rapida. La maggiore concentrazione di azoto alimenta piante verdi e vigorose. Formulato miscelando preziosi prodotti residui di origine vegetale, questo nutrimento di base \u00e8 approvato per l'agricoltura biologica da Control Union.<\/p><p>&nbsp;<\/p><p>Oltre ai nutrienti primari, VGN 5-2-2 contiene oligoelementi chelati facilmente assorbibili. L'elevato contenuto di materia organica di VGN 5-2-2 non solo nutre le piante, ma anche i microrganismi del suolo. L'effetto positivo del VGN 5-2-2 sulla vita del suolo favorir\u00e0 la crescita e getter\u00e0 le basi per raccolti abbondanti e gustosi.<\/p>","suitable_for":"<p>Adatto alla coltivazione in suolo. <br \/>Meno adatto ai sistemi di irrigazione, pu\u00f2 causare odori e biofilm.<\/p>","application":"<p>Miscelato con acqua di rubinetto, VGN 5-2-2 fornisce tutti i componenti vitali per la crescita delle piante. \u00c8 possibile combinarlo con VGN 2-2-4 in rapporti personalizzabili per soddisfare le esigenze specifiche di diverse specie vegetali e stadi di sviluppo. Questo duo rappresenta la nutrizione di base adatta alla crescita delle piante.<\/p><p>&nbsp;<\/p><p><strong>Come si usa?<\/strong><br \/>1.Riempire a met\u00e0 l'annaffiatoio con acqua di rubinetto.<br \/>2.Aggiungere la quantit\u00e0 desiderata di VGN 5-2-2.<br \/>3.Riempire il resto dell'annaffiatoio con acqua di rubinetto.<br \/>4. La soluzione \u00e8 pronta per l'uso!<\/p>","dosage":"<p>Aggiungere 2 - 5 ml di VGN 5-2-2 per 1 litro di acqua di rubinetto quando si nutrono le piante. Oppure aggiungere 1 - 3 ml di VGN 5-2-2 insieme a 1 - 3 ml di VGN 2-2-4 per 1 litro di acqua di rubinetto.<\/p>","npk_ratio":"<p>5-2-2<\/p>","available_in":"<p>4x250ml, 500ml, 1L, 5L, 10L<\/p>","icon_1":202461,"icon_1_text":"Ricco di azoto","icon_2":184160,"icon_2_text":"","icon_3":"","icon_3_text":"","icon_4":"","icon_4_text":"","video":"","second_image":"","product_image_page":"","user_manual":"","new_icon_1":"","new_icon_2":"","new_icon_3":"","new_icon_4":"","grow_guides":"","category":"Nutriente di base"},"yoast_head":"<!-- This site is optimized with the Yoast SEO Premium plugin v27.4 (Yoast SEO v27.4) - https:\/\/yoast.com\/product\/yoast-seo-premium-wordpress\/ -->\n<title>VGN 5-2-2 di Atami: Fertilizzante Vegano per Crescita Rigogliosa<\/title>\n<meta name=\"description\" content=\"VGN 5-2-2 \u00e8 un fertilizzante organico liquido che favorisce una crescita rapida. La maggiore concentrazione di azoto alimenta piante verdi e vigorose.\" \/>\n<meta name=\"robots\" content=\"index, follow, max-snippet:-1, max-image-preview:large, max-video-preview:-1\" \/>\n<link rel=\"canonical\" href=\"https:\/\/atami.com\/it\/prodotto\/vgn-5-2-2\" \/>\n<meta property=\"og:locale\" content=\"it_IT\" \/>\n<meta property=\"og:type\" content=\"article\" \/>\n<meta property=\"og:title\" content=\"VGN 5-2-2\" \/>\n<meta property=\"og:description\" content=\"VGN 5-2-2 \u00e8 un fertilizzante organico liquido che favorisce una crescita rapida. La maggiore concentrazione di azoto alimenta piante verdi e vigorose.\" \/>\n<meta property=\"og:url\" content=\"https:\/\/atami.com\/it\/prodotto\/vgn-5-2-2\" \/>\n<meta property=\"og:site_name\" content=\"Atami\" \/>\n<meta property=\"article:publisher\" content=\"https:\/\/www.facebook.com\/Atami.International\" \/>\n<meta property=\"article:modified_time\" content=\"2025-11-07T15:45:11+00:00\" \/>\n<meta property=\"og:image\" content=\"https:\/\/atami.com\/wp-content\/uploads\/2025\/01\/VGN-5-2-2-product-image.webp\" \/>\n\t<meta property=\"og:image:width\" content=\"1080\" \/>\n\t<meta property=\"og:image:height\" content=\"1080\" \/>\n\t<meta property=\"og:image:type\" content=\"image\/webp\" \/>\n<meta name=\"twitter:card\" content=\"summary_large_image\" \/>\n<meta name=\"twitter:site\" content=\"@AtamiEU\" \/>\n<meta name=\"twitter:label1\" content=\"Tempo di lettura stimato\" \/>\n\t<meta name=\"twitter:data1\" content=\"1 minuto\" \/>\n<script type=\"application\/ld+json\" class=\"yoast-schema-graph\">{\"@context\":\"https:\\\/\\\/schema.org\",\"@graph\":[{\"@type\":\"WebPage\",\"@id\":\"https:\\\/\\\/atami.com\\\/it\\\/prodotto\\\/vgn-5-2-2\",\"url\":\"https:\\\/\\\/atami.com\\\/it\\\/prodotto\\\/vgn-5-2-2\",\"name\":\"VGN 5-2-2 di Atami: Fertilizzante Vegano per Crescita Rigogliosa\",\"isPartOf\":{\"@id\":\"https:\\\/\\\/atami.com\\\/it#website\"},\"primaryImageOfPage\":{\"@id\":\"https:\\\/\\\/atami.com\\\/it\\\/prodotto\\\/vgn-5-2-2#primaryimage\"},\"image\":{\"@id\":\"https:\\\/\\\/atami.com\\\/it\\\/prodotto\\\/vgn-5-2-2#primaryimage\"},\"thumbnailUrl\":\"https:\\\/\\\/atami.com\\\/wp-content\\\/uploads\\\/2025\\\/01\\\/VGN-5-2-2-product-image.webp\",\"datePublished\":\"2025-01-22T10:19:29+00:00\",\"dateModified\":\"2025-11-07T15:45:11+00:00\",\"description\":\"VGN 5-2-2 \u00e8 un fertilizzante organico liquido che favorisce una crescita rapida. La maggiore concentrazione di azoto alimenta piante verdi e vigorose.\",\"breadcrumb\":{\"@id\":\"https:\\\/\\\/atami.com\\\/it\\\/prodotto\\\/vgn-5-2-2#breadcrumb\"},\"inLanguage\":\"it-IT\",\"potentialAction\":[{\"@type\":\"ReadAction\",\"target\":[\"https:\\\/\\\/atami.com\\\/it\\\/prodotto\\\/vgn-5-2-2\"]}]},{\"@type\":\"ImageObject\",\"inLanguage\":\"it-IT\",\"@id\":\"https:\\\/\\\/atami.com\\\/it\\\/prodotto\\\/vgn-5-2-2#primaryimage\",\"url\":\"https:\\\/\\\/atami.com\\\/wp-content\\\/uploads\\\/2025\\\/01\\\/VGN-5-2-2-product-image.webp\",\"contentUrl\":\"https:\\\/\\\/atami.com\\\/wp-content\\\/uploads\\\/2025\\\/01\\\/VGN-5-2-2-product-image.webp\",\"width\":1080,\"height\":1080,\"caption\":\"Atami VGN 5-2-2 promuove una crescita rapida, dando come risultato piante pi\u00f9 verdi, pi\u00f9 sane e pi\u00f9 forti.\"},{\"@type\":\"BreadcrumbList\",\"@id\":\"https:\\\/\\\/atami.com\\\/it\\\/prodotto\\\/vgn-5-2-2#breadcrumb\",\"itemListElement\":[{\"@type\":\"ListItem\",\"position\":1,\"name\":\"Home\",\"item\":\"https:\\\/\\\/atami.com\\\/it\"},{\"@type\":\"ListItem\",\"position\":2,\"name\":\"Prodotti\",\"item\":\"https:\\\/\\\/atami.com\\\/it\\\/shop\"},{\"@type\":\"ListItem\",\"position\":3,\"name\":\"Marche\",\"item\":\"https:\\\/\\\/atami.com\\\/it\\\/categoria-prodotto\\\/marche\"},{\"@type\":\"ListItem\",\"position\":4,\"name\":\"VGN \u2013 FERTILIZZANTI VEGANIC\",\"item\":\"https:\\\/\\\/atami.com\\\/it\\\/categoria-prodotto\\\/marche\\\/vgn-fertilizzanti-veganic\"},{\"@type\":\"ListItem\",\"position\":5,\"name\":\"VGN 5-2-2\"}]},{\"@type\":\"WebSite\",\"@id\":\"https:\\\/\\\/atami.com\\\/it#website\",\"url\":\"https:\\\/\\\/atami.com\\\/it\",\"name\":\"Atami\",\"description\":\"NATURALLY INNOVATING!\",\"publisher\":{\"@id\":\"https:\\\/\\\/atami.com\\\/it#organization\"},\"potentialAction\":[{\"@type\":\"SearchAction\",\"target\":{\"@type\":\"EntryPoint\",\"urlTemplate\":\"https:\\\/\\\/atami.com\\\/it?s={search_term_string}\"},\"query-input\":{\"@type\":\"PropertyValueSpecification\",\"valueRequired\":true,\"valueName\":\"search_term_string\"}}],\"inLanguage\":\"it-IT\"},{\"@type\":\"Organization\",\"@id\":\"https:\\\/\\\/atami.com\\\/it#organization\",\"name\":\"Atami\",\"url\":\"https:\\\/\\\/atami.com\\\/it\",\"logo\":{\"@type\":\"ImageObject\",\"inLanguage\":\"it-IT\",\"@id\":\"https:\\\/\\\/atami.com\\\/it#\\\/schema\\\/logo\\\/image\\\/\",\"url\":\"https:\\\/\\\/atami.com\\\/wp-content\\\/uploads\\\/2026\\\/01\\\/Atami-logo-696x696px.webp\",\"contentUrl\":\"https:\\\/\\\/atami.com\\\/wp-content\\\/uploads\\\/2026\\\/01\\\/Atami-logo-696x696px.webp\",\"width\":696,\"height\":696,\"caption\":\"Atami\"},\"image\":{\"@id\":\"https:\\\/\\\/atami.com\\\/it#\\\/schema\\\/logo\\\/image\\\/\"},\"sameAs\":[\"https:\\\/\\\/www.facebook.com\\\/Atami.International\",\"https:\\\/\\\/x.com\\\/AtamiEU\",\"https:\\\/\\\/www.youtube.com\\\/c\\\/AtamiInternational\",\"https:\\\/\\\/www.instagram.com\\\/atami.international\\\/\"],\"description\":\"ATAMI is a premium plant nutrition & substrate brand founded in 1997 with the mission to make exceptional cultivation achievable for everyone. From legacy to license, we offer a wide variety of innovating award-winning products to let cultivators achieve maximum results in taste & yield.\",\"email\":\"info@mginnovations.es\",\"legalName\":\"Atami\",\"numberOfEmployees\":{\"@type\":\"QuantitativeValue\",\"minValue\":\"11\",\"maxValue\":\"50\"}}]}<\/script>\n<!-- \/ Yoast SEO Premium plugin. -->","yoast_head_json":{"title":"VGN 5-2-2 di Atami: Fertilizzante Vegano per Crescita Rigogliosa","description":"VGN 5-2-2 \u00e8 un fertilizzante organico liquido che favorisce una crescita rapida. La maggiore concentrazione di azoto alimenta piante verdi e vigorose.","robots":{"index":"index","follow":"follow","max-snippet":"max-snippet:-1","max-image-preview":"max-image-preview:large","max-video-preview":"max-video-preview:-1"},"canonical":"https:\/\/atami.com\/it\/prodotto\/vgn-5-2-2","og_locale":"it_IT","og_type":"article","og_title":"VGN 5-2-2","og_description":"VGN 5-2-2 \u00e8 un fertilizzante organico liquido che favorisce una crescita rapida. La maggiore concentrazione di azoto alimenta piante verdi e vigorose.","og_url":"https:\/\/atami.com\/it\/prodotto\/vgn-5-2-2","og_site_name":"Atami","article_publisher":"https:\/\/www.facebook.com\/Atami.International","article_modified_time":"2025-11-07T15:45:11+00:00","og_image":[{"width":1080,"height":1080,"url":"https:\/\/atami.com\/wp-content\/uploads\/2025\/01\/VGN-5-2-2-product-image.webp","type":"image\/webp"}],"twitter_card":"summary_large_image","twitter_site":"@AtamiEU","twitter_misc":{"Tempo di lettura stimato":"1 minuto"},"schema":{"@context":"https:\/\/schema.org","@graph":[{"@type":"WebPage","@id":"https:\/\/atami.com\/it\/prodotto\/vgn-5-2-2","url":"https:\/\/atami.com\/it\/prodotto\/vgn-5-2-2","name":"VGN 5-2-2 di Atami: Fertilizzante Vegano per Crescita Rigogliosa","isPartOf":{"@id":"https:\/\/atami.com\/it#website"},"primaryImageOfPage":{"@id":"https:\/\/atami.com\/it\/prodotto\/vgn-5-2-2#primaryimage"},"image":{"@id":"https:\/\/atami.com\/it\/prodotto\/vgn-5-2-2#primaryimage"},"thumbnailUrl":"https:\/\/atami.com\/wp-content\/uploads\/2025\/01\/VGN-5-2-2-product-image.webp","datePublished":"2025-01-22T10:19:29+00:00","dateModified":"2025-11-07T15:45:11+00:00","description":"VGN 5-2-2 \u00e8 un fertilizzante organico liquido che favorisce una crescita rapida. La maggiore concentrazione di azoto alimenta piante verdi e vigorose.","breadcrumb":{"@id":"https:\/\/atami.com\/it\/prodotto\/vgn-5-2-2#breadcrumb"},"inLanguage":"it-IT","potentialAction":[{"@type":"ReadAction","target":["https:\/\/atami.com\/it\/prodotto\/vgn-5-2-2"]}]},{"@type":"ImageObject","inLanguage":"it-IT","@id":"https:\/\/atami.com\/it\/prodotto\/vgn-5-2-2#primaryimage","url":"https:\/\/atami.com\/wp-content\/uploads\/2025\/01\/VGN-5-2-2-product-image.webp","contentUrl":"https:\/\/atami.com\/wp-content\/uploads\/2025\/01\/VGN-5-2-2-product-image.webp","width":1080,"height":1080,"caption":"Atami VGN 5-2-2 promuove una crescita rapida, dando come risultato piante pi\u00f9 verdi, pi\u00f9 sane e pi\u00f9 forti."},{"@type":"BreadcrumbList","@id":"https:\/\/atami.com\/it\/prodotto\/vgn-5-2-2#breadcrumb","itemListElement":[{"@type":"ListItem","position":1,"name":"Home","item":"https:\/\/atami.com\/it"},{"@type":"ListItem","position":2,"name":"Prodotti","item":"https:\/\/atami.com\/it\/shop"},{"@type":"ListItem","position":3,"name":"Marche","item":"https:\/\/atami.com\/it\/categoria-prodotto\/marche"},{"@type":"ListItem","position":4,"name":"VGN \u2013 FERTILIZZANTI VEGANIC","item":"https:\/\/atami.com\/it\/categoria-prodotto\/marche\/vgn-fertilizzanti-veganic"},{"@type":"ListItem","position":5,"name":"VGN 5-2-2"}]},{"@type":"WebSite","@id":"https:\/\/atami.com\/it#website","url":"https:\/\/atami.com\/it","name":"Atami","description":"NATURALLY INNOVATING!","publisher":{"@id":"https:\/\/atami.com\/it#organization"},"potentialAction":[{"@type":"SearchAction","target":{"@type":"EntryPoint","urlTemplate":"https:\/\/atami.com\/it?s={search_term_string}"},"query-input":{"@type":"PropertyValueSpecification","valueRequired":true,"valueName":"search_term_string"}}],"inLanguage":"it-IT"},{"@type":"Organization","@id":"https:\/\/atami.com\/it#organization","name":"Atami","url":"https:\/\/atami.com\/it","logo":{"@type":"ImageObject","inLanguage":"it-IT","@id":"https:\/\/atami.com\/it#\/schema\/logo\/image\/","url":"https:\/\/atami.com\/wp-content\/uploads\/2026\/01\/Atami-logo-696x696px.webp","contentUrl":"https:\/\/atami.com\/wp-content\/uploads\/2026\/01\/Atami-logo-696x696px.webp","width":696,"height":696,"caption":"Atami"},"image":{"@id":"https:\/\/atami.com\/it#\/schema\/logo\/image\/"},"sameAs":["https:\/\/www.facebook.com\/Atami.International","https:\/\/x.com\/AtamiEU","https:\/\/www.youtube.com\/c\/AtamiInternational","https:\/\/www.instagram.com\/atami.international\/"],"description":"ATAMI is a premium plant nutrition & substrate brand founded in 1997 with the mission to make exceptional cultivation achievable for everyone. From legacy to license, we offer a wide variety of innovating award-winning products to let cultivators achieve maximum results in taste & yield.","email":"info@mginnovations.es","legalName":"Atami","numberOfEmployees":{"@type":"QuantitativeValue","minValue":"11","maxValue":"50"}}]}},"_links":{"self":[{"href":"https:\/\/atami.com\/it\/wp-json\/wp\/v2\/product\/202498","targetHints":{"allow":["GET"]}}],"collection":[{"href":"https:\/\/atami.com\/it\/wp-json\/wp\/v2\/product"}],"about":[{"href":"https:\/\/atami.com\/it\/wp-json\/wp\/v2\/types\/product"}],"replies":[{"embeddable":true,"href":"https:\/\/atami.com\/it\/wp-json\/wp\/v2\/comments?post=202498"}],"wp:featuredmedia":[{"embeddable":true,"href":"https:\/\/atami.com\/it\/wp-json\/wp\/v2\/media\/202407"}],"wp:attachment":[{"href":"https:\/\/atami.com\/it\/wp-json\/wp\/v2\/media?parent=202498"}],"wp:term":[{"taxonomy":"product_brand","embeddable":true,"href":"https:\/\/atami.com\/it\/wp-json\/wp\/v2\/product_brand?post=202498"},{"taxonomy":"product_cat","embeddable":true,"href":"https:\/\/atami.com\/it\/wp-json\/wp\/v2\/product_cat?post=202498"},{"taxonomy":"product_tag","embeddable":true,"href":"https:\/\/atami.com\/it\/wp-json\/wp\/v2\/product_tag?post=202498"}],"curies":[{"name":"wp","href":"https:\/\/api.w.org\/{rel}","templated":true}]}}