{"id":8827,"date":"2021-05-11T06:49:25","date_gmt":"2021-05-11T06:49:25","guid":{"rendered":"https:\/\/atami.com\/merce\/"},"modified":"2024-06-24T13:27:15","modified_gmt":"2024-06-24T11:27:15","slug":"merce","status":"publish","type":"page","link":"https:\/\/atami.com\/it\/merce","title":{"rendered":"Prodotti"},"content":{"rendered":"\t\t<div data-elementor-type=\"wp-page\" data-elementor-id=\"8827\" class=\"elementor elementor-8827\" data-elementor-post-type=\"page\">\n\t\t\t\t<div class=\"elementor-element elementor-element-67c1d8e e-flex e-con-boxed e-con e-parent\" data-id=\"67c1d8e\" data-element_type=\"container\" data-e-type=\"container\" data-settings=\"{&quot;background_background&quot;:&quot;classic&quot;}\">\n\t\t\t\t\t<div class=\"e-con-inner\">\n\t\t\t\t<div class=\"elementor-element elementor-element-90cbc5e elementor-widget elementor-widget-heading\" data-id=\"90cbc5e\" data-element_type=\"widget\" data-e-type=\"widget\" data-widget_type=\"heading.default\">\n\t\t\t\t\t<h1 class=\"elementor-heading-title elementor-size-default\">Atami lifestyle<\/h1>\t\t\t\t<\/div>\n\t\t\t\t\t<\/div>\n\t\t\t\t<\/div>\n\t\t<div class=\"elementor-element elementor-element-7753590 e-flex e-con-boxed e-con e-parent\" data-id=\"7753590\" data-element_type=\"container\" data-e-type=\"container\" data-settings=\"{&quot;background_background&quot;:&quot;classic&quot;}\">\n\t\t\t\t\t<div class=\"e-con-inner\">\n\t\t\t\t<div class=\"elementor-element elementor-element-9b4fed8 elementor-widget elementor-widget-woocommerce-breadcrumb\" data-id=\"9b4fed8\" data-element_type=\"widget\" data-e-type=\"widget\" data-widget_type=\"woocommerce-breadcrumb.default\">\n\t\t\t\t\t<nav class=\"woocommerce-breadcrumb\" aria-label=\"Breadcrumb\">Home<\/nav>\t\t\t\t<\/div>\n\t\t<div class=\"elementor-element elementor-element-c0c0a85 e-con-full e-flex e-con e-child\" data-id=\"c0c0a85\" data-element_type=\"container\" data-e-type=\"container\">\n\t\t\t\t<div class=\"elementor-element elementor-element-b9c98c7 elementor-widget elementor-widget-text-editor\" data-id=\"b9c98c7\" data-element_type=\"widget\" data-e-type=\"widget\" data-widget_type=\"text-editor.default\">\n\t\t\t\t\t\t\t\t\t<p>Con un\u2019esperienza ventennale nella coltivazione, il marchio Atami \u00e8 diventato uno stile di vita per molte persone. In linea il suo slogan \u201cInnovazione naturale\u201d, Atami introduce una gamma unica di prodotti lifestyle, che include borse e capi di abbigliamento. Con un occhio di riguardo per i dettagli e standard di alta qualit\u00e0, utilizziamo solo materiali di massimo pregio. Potrai ora vivere l\u2019esperienza Atami in cortile, in giardino e in strada.<\/p>\n\t\t\t\t\t\t\t\t<\/div>\n\t\t\t\t<div class=\"elementor-element elementor-element-9db7339 elementor-hidden-desktop elementor-hidden-tablet elementor-widget elementor-widget-image\" data-id=\"9db7339\" data-element_type=\"widget\" data-e-type=\"widget\" data-widget_type=\"image.default\">\n\t\t\t\t\t\t\t\t\t\t\t\t\t\t\t<img fetchpriority=\"high\" decoding=\"async\" width=\"415\" height=\"346\" src=\"https:\/\/atami.com\/wp-content\/uploads\/2021\/03\/signal-2021-03-02-091336_002.png\" class=\"attachment-full size-full wp-image-6241\" alt=\"\" \/>\t\t\t\t\t\t\t\t\t\t\t\t\t\t\t<\/div>\n\t\t\t\t<div class=\"elementor-element elementor-element-a998657 elementor-hidden-desktop elementor-hidden-tablet elementor-widget elementor-widget-image\" data-id=\"a998657\" data-element_type=\"widget\" data-e-type=\"widget\" data-widget_type=\"image.default\">\n\t\t\t\t\t\t\t\t\t\t\t\t\t\t\t<img decoding=\"async\" width=\"414\" height=\"346\" src=\"https:\/\/atami.com\/wp-content\/uploads\/2021\/03\/signal-2021-03-02-091336_001.png\" class=\"attachment-full size-full wp-image-6237\" alt=\"\" \/>\t\t\t\t\t\t\t\t\t\t\t\t\t\t\t<\/div>\n\t\t\t\t<div class=\"elementor-element elementor-element-a4c6167 elementor-hidden-phone elementor-widget elementor-widget-image\" data-id=\"a4c6167\" data-element_type=\"widget\" data-e-type=\"widget\" data-widget_type=\"image.default\">\n\t\t\t\t\t\t\t\t\t\t\t\t\t\t\t<img decoding=\"async\" width=\"866\" height=\"346\" src=\"https:\/\/atami.com\/wp-content\/uploads\/2021\/02\/merchandise-bags.png\" class=\"attachment-full size-full wp-image-6229\" alt=\"\" srcset=\"https:\/\/atami.com\/wp-content\/uploads\/2021\/02\/merchandise-bags.png 866w, https:\/\/atami.com\/wp-content\/uploads\/2021\/02\/merchandise-bags-450x180.png 450w, https:\/\/atami.com\/wp-content\/uploads\/2021\/02\/merchandise-bags-600x240.png 600w\" sizes=\"(max-width: 866px) 100vw, 866px\" \/>\t\t\t\t\t\t\t\t\t\t\t\t\t\t\t<\/div>\n\t\t\t\t<div class=\"elementor-element elementor-element-c859f4b elementor-widget elementor-widget-text-editor\" data-id=\"c859f4b\" data-element_type=\"widget\" data-e-type=\"widget\" data-widget_type=\"text-editor.default\">\n\t\t\t\t\t\t\t\t\t<p><strong>BORSE ATAMI<\/strong><\/p>\r\n<p>&nbsp;<\/p>\r\n<p>La nostra gamma di borse eleganti comprende una borsa a tracolla e un borsellino da viaggio, realizzati in pelle di alta qualit\u00e0. La borsa a tracolla \u00e8 dotata di quattro tasche ampie in cui riporre tablet, caricatori, documenti di viaggio e carte di credito. Il design esclusivo protegge gli effetti personali e consente di accedere comodamente alle tasche.<\/p>\r\n<p><br \/>\r\nIl borsellino da viaggio offre una soluzione compatta che completa la borsa a tracolla. Leggero e discreto, permette di accedere facilmente ai documenti di utilizzo quotidiano e alle carte di credito. \u00c8 possibile indossarlo sopra o sotto i vestiti. La chiusura lampo consente di accedere a un\u2019ulteriore tasca per riporre i contanti. Entrambi i prodotti sono disponibili nei colori castagna, rosso, cammello, testa di moro e nero.<\/p>\t\t\t\t\t\t\t\t<\/div>\n\t\t\t\t<div class=\"elementor-element elementor-element-e40ecc8 elementor-hidden-desktop elementor-hidden-tablet elementor-widget elementor-widget-image\" data-id=\"e40ecc8\" data-element_type=\"widget\" data-e-type=\"widget\" data-widget_type=\"image.default\">\n\t\t\t\t\t\t\t\t\t\t\t\t\t\t\t<img loading=\"lazy\" decoding=\"async\" width=\"554\" height=\"472\" src=\"https:\/\/atami.com\/wp-content\/uploads\/2021\/03\/signal-2021-02-16-155418_002.png\" class=\"attachment-full size-full wp-image-6245\" alt=\"\" srcset=\"https:\/\/atami.com\/wp-content\/uploads\/2021\/03\/signal-2021-02-16-155418_002.png 554w, https:\/\/atami.com\/wp-content\/uploads\/2021\/03\/signal-2021-02-16-155418_002-450x383.png 450w\" sizes=\"(max-width: 554px) 100vw, 554px\" \/>\t\t\t\t\t\t\t\t\t\t\t\t\t\t\t<\/div>\n\t\t\t\t<div class=\"elementor-element elementor-element-d249eb3 elementor-hidden-phone elementor-widget elementor-widget-image\" data-id=\"d249eb3\" data-element_type=\"widget\" data-e-type=\"widget\" data-widget_type=\"image.default\">\n\t\t\t\t\t\t\t\t\t\t\t\t\t\t\t<img loading=\"lazy\" decoding=\"async\" width=\"1058\" height=\"433\" src=\"https:\/\/atami.com\/wp-content\/uploads\/2021\/02\/merchandise-shirts-cap-jacket.png\" class=\"attachment-full size-full wp-image-6233\" alt=\"\" srcset=\"https:\/\/atami.com\/wp-content\/uploads\/2021\/02\/merchandise-shirts-cap-jacket.png 1058w, https:\/\/atami.com\/wp-content\/uploads\/2021\/02\/merchandise-shirts-cap-jacket-450x184.png 450w, https:\/\/atami.com\/wp-content\/uploads\/2021\/02\/merchandise-shirts-cap-jacket-600x246.png 600w\" sizes=\"(max-width: 1058px) 100vw, 1058px\" \/>\t\t\t\t\t\t\t\t\t\t\t\t\t\t\t<\/div>\n\t\t\t\t<div class=\"elementor-element elementor-element-d15ec5f elementor-widget elementor-widget-text-editor\" data-id=\"d15ec5f\" data-element_type=\"widget\" data-e-type=\"widget\" data-widget_type=\"text-editor.default\">\n\t\t\t\t\t\t\t\t\t<p><strong>ABBIGLIAMENTO ATAMI<\/strong><\/p>\r\n<p>&nbsp;<\/p>\r\n<p>La linea di abbigliamento Atami \u00e8 nata da t-shirt alla moda realizzate dal nostro team di design interno. Il processo creativo di Atami \u00e8 incentrato sullo stile e sulla raffinatezza. Il tessuto di alta qualit\u00e0 \u00e8 realizzato con 40 fibre di cotone lunghe singole filate ad anello. Le magliette vengono sottoposte a un lavaggio con enzimi e a un trattamento con silicone in modo da non causare prurito. I due design emblematici sono entrambi disponibili in quattro colori e prevedono una linea da donna e una da uomo. Il tessuto di alta qualit\u00e0 \u00e8 composto da 40 fibre di cotone semplici, filate ad anello e lunghe. Le camicie sono lavate con enzimi e trattate con silicone per garantirne l\u2019assenza di prurito. I due design iconici sono entrambi disponibili in quattro colori e nelle finiture per Disponibile per donne e uomini.<\/p>\t\t\t\t\t\t\t\t<\/div>\n\t\t\t\t<\/div>\n\t\t\t\t\t<\/div>\n\t\t\t\t<\/div>\n\t\t\t\t<\/div>\n\t\t","protected":false},"excerpt":{"rendered":"<p>Atami lifestyle Con un\u2019esperienza ventennale nella coltivazione, il marchio Atami \u00e8 diventato uno stile di vita per molte persone. In linea il suo slogan \u201cInnovazione naturale\u201d, Atami introduce una gamma unica di prodotti lifestyle, che include borse e capi di abbigliamento. Con un occhio di riguardo per i dettagli e standard di alta qualit\u00e0, utilizziamo [&hellip;]<\/p>\n","protected":false},"author":1,"featured_media":0,"parent":0,"menu_order":0,"comment_status":"closed","ping_status":"closed","template":"elementor_header_footer","meta":{"_acf_changed":false,"iawp_total_views":10,"footnotes":""},"class_list":["post-8827","page","type-page","status-publish","hentry"],"acf":[],"yoast_head":"<!-- This site is optimized with the Yoast SEO Premium plugin v27.4 (Yoast SEO v27.4) - https:\/\/yoast.com\/product\/yoast-seo-premium-wordpress\/ -->\n<title>Prodotti | Atami<\/title>\n<meta name=\"robots\" content=\"index, follow, max-snippet:-1, max-image-preview:large, max-video-preview:-1\" \/>\n<link rel=\"canonical\" href=\"https:\/\/atami.com\/it\/merce\" \/>\n<meta property=\"og:locale\" content=\"it_IT\" \/>\n<meta property=\"og:type\" content=\"article\" \/>\n<meta property=\"og:title\" content=\"Prodotti\" \/>\n<meta property=\"og:description\" content=\"Atami lifestyle Con un\u2019esperienza ventennale nella coltivazione, il marchio Atami \u00e8 diventato uno stile di vita per molte persone. In linea il suo slogan \u201cInnovazione naturale\u201d, Atami introduce una gamma unica di prodotti lifestyle, che include borse e capi di abbigliamento. Con un occhio di riguardo per i dettagli e standard di alta qualit\u00e0, utilizziamo [&hellip;]\" \/>\n<meta property=\"og:url\" content=\"https:\/\/atami.com\/it\/merce\" \/>\n<meta property=\"og:site_name\" content=\"Atami\" \/>\n<meta property=\"article:publisher\" content=\"https:\/\/www.facebook.com\/Atami.International\" \/>\n<meta property=\"article:modified_time\" content=\"2024-06-24T11:27:15+00:00\" \/>\n<meta property=\"og:image\" content=\"https:\/\/atami.com\/wp-content\/uploads\/2021\/03\/signal-2021-03-02-091336_002.png\" \/>\n<meta name=\"twitter:card\" content=\"summary_large_image\" \/>\n<meta name=\"twitter:site\" content=\"@AtamiEU\" \/>\n<meta name=\"twitter:label1\" content=\"Tempo di lettura stimato\" \/>\n\t<meta name=\"twitter:data1\" content=\"2 minuti\" \/>\n<script type=\"application\/ld+json\" class=\"yoast-schema-graph\">{\"@context\":\"https:\\\/\\\/schema.org\",\"@graph\":[{\"@type\":\"WebPage\",\"@id\":\"https:\\\/\\\/atami.com\\\/it\\\/merce\",\"url\":\"https:\\\/\\\/atami.com\\\/it\\\/merce\",\"name\":\"Prodotti | Atami\",\"isPartOf\":{\"@id\":\"https:\\\/\\\/atami.com\\\/it#website\"},\"primaryImageOfPage\":{\"@id\":\"https:\\\/\\\/atami.com\\\/it\\\/merce#primaryimage\"},\"image\":{\"@id\":\"https:\\\/\\\/atami.com\\\/it\\\/merce#primaryimage\"},\"thumbnailUrl\":\"https:\\\/\\\/atami.com\\\/wp-content\\\/uploads\\\/2021\\\/03\\\/signal-2021-03-02-091336_002.png\",\"datePublished\":\"2021-05-11T06:49:25+00:00\",\"dateModified\":\"2024-06-24T11:27:15+00:00\",\"breadcrumb\":{\"@id\":\"https:\\\/\\\/atami.com\\\/it\\\/merce#breadcrumb\"},\"inLanguage\":\"it-IT\",\"potentialAction\":[{\"@type\":\"ReadAction\",\"target\":[\"https:\\\/\\\/atami.com\\\/it\\\/merce\"]}]},{\"@type\":\"ImageObject\",\"inLanguage\":\"it-IT\",\"@id\":\"https:\\\/\\\/atami.com\\\/it\\\/merce#primaryimage\",\"url\":\"https:\\\/\\\/atami.com\\\/wp-content\\\/uploads\\\/2021\\\/03\\\/signal-2021-03-02-091336_002.png\",\"contentUrl\":\"https:\\\/\\\/atami.com\\\/wp-content\\\/uploads\\\/2021\\\/03\\\/signal-2021-03-02-091336_002.png\"},{\"@type\":\"BreadcrumbList\",\"@id\":\"https:\\\/\\\/atami.com\\\/it\\\/merce#breadcrumb\",\"itemListElement\":[{\"@type\":\"ListItem\",\"position\":1,\"name\":\"Home\",\"item\":\"https:\\\/\\\/atami.com\\\/it\"},{\"@type\":\"ListItem\",\"position\":2,\"name\":\"Prodotti\"}]},{\"@type\":\"WebSite\",\"@id\":\"https:\\\/\\\/atami.com\\\/it#website\",\"url\":\"https:\\\/\\\/atami.com\\\/it\",\"name\":\"Atami\",\"description\":\"NATURALLY INNOVATING!\",\"publisher\":{\"@id\":\"https:\\\/\\\/atami.com\\\/it#organization\"},\"potentialAction\":[{\"@type\":\"SearchAction\",\"target\":{\"@type\":\"EntryPoint\",\"urlTemplate\":\"https:\\\/\\\/atami.com\\\/it?s={search_term_string}\"},\"query-input\":{\"@type\":\"PropertyValueSpecification\",\"valueRequired\":true,\"valueName\":\"search_term_string\"}}],\"inLanguage\":\"it-IT\"},{\"@type\":\"Organization\",\"@id\":\"https:\\\/\\\/atami.com\\\/it#organization\",\"name\":\"Atami\",\"url\":\"https:\\\/\\\/atami.com\\\/it\",\"logo\":{\"@type\":\"ImageObject\",\"inLanguage\":\"it-IT\",\"@id\":\"https:\\\/\\\/atami.com\\\/it#\\\/schema\\\/logo\\\/image\\\/\",\"url\":\"https:\\\/\\\/atami.com\\\/wp-content\\\/uploads\\\/2026\\\/01\\\/Atami-logo-696x696px.webp\",\"contentUrl\":\"https:\\\/\\\/atami.com\\\/wp-content\\\/uploads\\\/2026\\\/01\\\/Atami-logo-696x696px.webp\",\"width\":696,\"height\":696,\"caption\":\"Atami\"},\"image\":{\"@id\":\"https:\\\/\\\/atami.com\\\/it#\\\/schema\\\/logo\\\/image\\\/\"},\"sameAs\":[\"https:\\\/\\\/www.facebook.com\\\/Atami.International\",\"https:\\\/\\\/x.com\\\/AtamiEU\",\"https:\\\/\\\/www.youtube.com\\\/c\\\/AtamiInternational\",\"https:\\\/\\\/www.instagram.com\\\/atami.international\\\/\"],\"description\":\"ATAMI is a premium plant nutrition & substrate brand founded in 1997 with the mission to make exceptional cultivation achievable for everyone. From legacy to license, we offer a wide variety of innovating award-winning products to let cultivators achieve maximum results in taste & yield.\",\"email\":\"info@mginnovations.es\",\"legalName\":\"Atami\",\"numberOfEmployees\":{\"@type\":\"QuantitativeValue\",\"minValue\":\"11\",\"maxValue\":\"50\"}}]}<\/script>\n<!-- \/ Yoast SEO Premium plugin. -->","yoast_head_json":{"title":"Prodotti | Atami","robots":{"index":"index","follow":"follow","max-snippet":"max-snippet:-1","max-image-preview":"max-image-preview:large","max-video-preview":"max-video-preview:-1"},"canonical":"https:\/\/atami.com\/it\/merce","og_locale":"it_IT","og_type":"article","og_title":"Prodotti","og_description":"Atami lifestyle Con un\u2019esperienza ventennale nella coltivazione, il marchio Atami \u00e8 diventato uno stile di vita per molte persone. In linea il suo slogan \u201cInnovazione naturale\u201d, Atami introduce una gamma unica di prodotti lifestyle, che include borse e capi di abbigliamento. Con un occhio di riguardo per i dettagli e standard di alta qualit\u00e0, utilizziamo [&hellip;]","og_url":"https:\/\/atami.com\/it\/merce","og_site_name":"Atami","article_publisher":"https:\/\/www.facebook.com\/Atami.International","article_modified_time":"2024-06-24T11:27:15+00:00","og_image":[{"url":"https:\/\/atami.com\/wp-content\/uploads\/2021\/03\/signal-2021-03-02-091336_002.png","type":"","width":"","height":""}],"twitter_card":"summary_large_image","twitter_site":"@AtamiEU","twitter_misc":{"Tempo di lettura stimato":"2 minuti"},"schema":{"@context":"https:\/\/schema.org","@graph":[{"@type":"WebPage","@id":"https:\/\/atami.com\/it\/merce","url":"https:\/\/atami.com\/it\/merce","name":"Prodotti | Atami","isPartOf":{"@id":"https:\/\/atami.com\/it#website"},"primaryImageOfPage":{"@id":"https:\/\/atami.com\/it\/merce#primaryimage"},"image":{"@id":"https:\/\/atami.com\/it\/merce#primaryimage"},"thumbnailUrl":"https:\/\/atami.com\/wp-content\/uploads\/2021\/03\/signal-2021-03-02-091336_002.png","datePublished":"2021-05-11T06:49:25+00:00","dateModified":"2024-06-24T11:27:15+00:00","breadcrumb":{"@id":"https:\/\/atami.com\/it\/merce#breadcrumb"},"inLanguage":"it-IT","potentialAction":[{"@type":"ReadAction","target":["https:\/\/atami.com\/it\/merce"]}]},{"@type":"ImageObject","inLanguage":"it-IT","@id":"https:\/\/atami.com\/it\/merce#primaryimage","url":"https:\/\/atami.com\/wp-content\/uploads\/2021\/03\/signal-2021-03-02-091336_002.png","contentUrl":"https:\/\/atami.com\/wp-content\/uploads\/2021\/03\/signal-2021-03-02-091336_002.png"},{"@type":"BreadcrumbList","@id":"https:\/\/atami.com\/it\/merce#breadcrumb","itemListElement":[{"@type":"ListItem","position":1,"name":"Home","item":"https:\/\/atami.com\/it"},{"@type":"ListItem","position":2,"name":"Prodotti"}]},{"@type":"WebSite","@id":"https:\/\/atami.com\/it#website","url":"https:\/\/atami.com\/it","name":"Atami","description":"NATURALLY INNOVATING!","publisher":{"@id":"https:\/\/atami.com\/it#organization"},"potentialAction":[{"@type":"SearchAction","target":{"@type":"EntryPoint","urlTemplate":"https:\/\/atami.com\/it?s={search_term_string}"},"query-input":{"@type":"PropertyValueSpecification","valueRequired":true,"valueName":"search_term_string"}}],"inLanguage":"it-IT"},{"@type":"Organization","@id":"https:\/\/atami.com\/it#organization","name":"Atami","url":"https:\/\/atami.com\/it","logo":{"@type":"ImageObject","inLanguage":"it-IT","@id":"https:\/\/atami.com\/it#\/schema\/logo\/image\/","url":"https:\/\/atami.com\/wp-content\/uploads\/2026\/01\/Atami-logo-696x696px.webp","contentUrl":"https:\/\/atami.com\/wp-content\/uploads\/2026\/01\/Atami-logo-696x696px.webp","width":696,"height":696,"caption":"Atami"},"image":{"@id":"https:\/\/atami.com\/it#\/schema\/logo\/image\/"},"sameAs":["https:\/\/www.facebook.com\/Atami.International","https:\/\/x.com\/AtamiEU","https:\/\/www.youtube.com\/c\/AtamiInternational","https:\/\/www.instagram.com\/atami.international\/"],"description":"ATAMI is a premium plant nutrition & substrate brand founded in 1997 with the mission to make exceptional cultivation achievable for everyone. From legacy to license, we offer a wide variety of innovating award-winning products to let cultivators achieve maximum results in taste & yield.","email":"info@mginnovations.es","legalName":"Atami","numberOfEmployees":{"@type":"QuantitativeValue","minValue":"11","maxValue":"50"}}]}},"_links":{"self":[{"href":"https:\/\/atami.com\/it\/wp-json\/wp\/v2\/pages\/8827","targetHints":{"allow":["GET"]}}],"collection":[{"href":"https:\/\/atami.com\/it\/wp-json\/wp\/v2\/pages"}],"about":[{"href":"https:\/\/atami.com\/it\/wp-json\/wp\/v2\/types\/page"}],"author":[{"embeddable":true,"href":"https:\/\/atami.com\/it\/wp-json\/wp\/v2\/users\/1"}],"replies":[{"embeddable":true,"href":"https:\/\/atami.com\/it\/wp-json\/wp\/v2\/comments?post=8827"}],"version-history":[{"count":0,"href":"https:\/\/atami.com\/it\/wp-json\/wp\/v2\/pages\/8827\/revisions"}],"wp:attachment":[{"href":"https:\/\/atami.com\/it\/wp-json\/wp\/v2\/media?parent=8827"}],"curies":[{"name":"wp","href":"https:\/\/api.w.org\/{rel}","templated":true}]}}