{"id":50293,"date":"2023-09-01T05:00:39","date_gmt":"2023-09-01T05:00:39","guid":{"rendered":"https:\/\/atami.com\/product\/washed-buffered-cocos\/"},"modified":"2025-11-10T15:56:13","modified_gmt":"2025-11-10T13:56:13","slug":"washed-buffered-cocos","status":"publish","type":"product","link":"https:\/\/atami.com\/fr\/produit\/washed-buffered-cocos","title":{"rendered":"Washed &#038; Buffered Cocos"},"content":{"rendered":"<p>WASHED &amp; BUFFERED COCOS est un substrat compos\u00e9 \u00e0 100 % de fibres de coco lav\u00e9es et tamponn\u00e9es qui ne contient pas d\u2019engrais, ce qui lui garantit une conductivit\u00e9 \u00e9lectrique (CE) tr\u00e8s faible. Ce substrat offre tous les avantages des substrats Atami Cocos de haute qualit\u00e9 mais il est sans engrais, ce qui vous permet d\u2019utiliser la nutrition de votre choix d\u00e8s le d\u00e9but de la croissance. C&rsquo;est pourquoi WASHED &amp; BUFFERED COCOS est aussi id\u00e9al pour les semis et les boutures.<\/p>\n<p>\n<strong>CE :&lt; 0,3<\/strong><\/p>\n<p>&nbsp;<\/p>\n<p><strong>DISPONIBLE EN 50L<\/strong><\/p>\n","protected":false},"excerpt":{"rendered":"<p>Fibres de coco non fertilis\u00e9es, lav\u00e9es et tamponn\u00e9es qui garantissent une CE extr\u00eamement faible<\/p>\n","protected":false},"featured_media":179414,"comment_status":"closed","ping_status":"closed","template":"","meta":{"_acf_changed":false,"iawp_total_views":165},"product_brand":[],"product_cat":[185],"product_tag":[],"class_list":{"0":"post-50293","1":"product","2":"type-product","3":"status-publish","4":"has-post-thumbnail","6":"product_cat-substrats-atami","8":"first","9":"instock","10":"shipping-taxable","11":"product-type-simple"},"acf":{"short_description":"<p>WASHED &amp; BUFFERED COCOS est un substrat compos\u00e9 \u00e0 100 % de fibres de coco lav\u00e9es et tamponn\u00e9es qui ne contient pas d\u2019engrais, ce qui lui garantit une conductivit\u00e9 \u00e9lectrique (CE) tr\u00e8s faible. Ce substrat offre tous les avantages des substrats Atami Cocos de haute qualit\u00e9 mais il est sans engrais, ce qui vous permet d\u2019utiliser la nutrition de votre choix d\u00e8s le d\u00e9but de la croissance. C'est pourquoi WASHED &amp; BUFFERED COCOS est aussi id\u00e9al pour les semis et les boutures.<\/p><p>&nbsp;<\/p><p><strong>CE :&lt; 0,3<\/strong><\/p>","suitable_for":"","application":"","dosage":"","npk_ratio":"","available_in":"<p>50L<\/p>","icon_1":"","icon_1_text":"","icon_2":195180,"icon_2_text":"","icon_3":"","icon_3_text":"","icon_4":"","icon_4_text":"","video":"","second_image":179414,"product_image_page":"","user_manual":"","new_icon_1":"","new_icon_2":"","new_icon_3":"","new_icon_4":"","grow_guides":"","category":"Substrat"},"yoast_head":"<!-- This site is optimized with the Yoast SEO Premium plugin v27.5 (Yoast SEO v27.5) - https:\/\/yoast.com\/product\/yoast-seo-premium-wordpress\/ -->\n<title>Washed &amp; Buffered Cocos : Substrat Id\u00e9al pour Cultures en Cocos<\/title>\n<meta name=\"description\" content=\"D\u00e9couvrez Washed &amp; Buffered Cocos, un substrat de coco 100% pur, lav\u00e9 et tamponn\u00e9, garantissant une conductivit\u00e9 \u00e9lectrique faible. Id\u00e9al pour vos semis et boutures, il offre un contr\u00f4le optimal de la nutrition des plantes d\u00e8s le d\u00e9but.\" \/>\n<meta name=\"robots\" content=\"index, follow, max-snippet:-1, max-image-preview:large, max-video-preview:-1\" \/>\n<link rel=\"canonical\" href=\"https:\/\/atami.com\/fr\/produit\/washed-buffered-cocos\" \/>\n<meta property=\"og:locale\" content=\"fr_FR\" \/>\n<meta property=\"og:type\" content=\"article\" \/>\n<meta property=\"og:title\" content=\"Washed &amp; Buffered Cocos\" \/>\n<meta property=\"og:description\" content=\"D\u00e9couvrez Washed &amp; Buffered Cocos, un substrat de coco 100% pur, lav\u00e9 et tamponn\u00e9, garantissant une conductivit\u00e9 \u00e9lectrique faible. Id\u00e9al pour vos semis et boutures, il offre un contr\u00f4le optimal de la nutrition des plantes d\u00e8s le d\u00e9but.\" \/>\n<meta property=\"og:url\" content=\"https:\/\/atami.com\/fr\/produit\/washed-buffered-cocos\" \/>\n<meta property=\"og:site_name\" content=\"Atami\" \/>\n<meta property=\"article:publisher\" content=\"https:\/\/www.facebook.com\/Atami.International\" \/>\n<meta property=\"article:modified_time\" content=\"2025-11-10T13:56:13+00:00\" \/>\n<meta property=\"og:image\" content=\"https:\/\/atami.com\/wp-content\/uploads\/2023\/09\/Washed-Buffered-Cocos.webp\" \/>\n\t<meta property=\"og:image:width\" content=\"800\" \/>\n\t<meta property=\"og:image:height\" content=\"800\" \/>\n\t<meta property=\"og:image:type\" content=\"image\/webp\" \/>\n<meta name=\"twitter:card\" content=\"summary_large_image\" \/>\n<meta name=\"twitter:site\" content=\"@AtamiEU\" \/>\n<meta name=\"twitter:label1\" content=\"Dur\u00e9e de lecture estim\u00e9e\" \/>\n\t<meta name=\"twitter:data1\" content=\"1 minute\" \/>\n<script type=\"application\/ld+json\" class=\"yoast-schema-graph\">{\"@context\":\"https:\\\/\\\/schema.org\",\"@graph\":[{\"@type\":\"WebPage\",\"@id\":\"https:\\\/\\\/atami.com\\\/fr\\\/produit\\\/washed-buffered-cocos\",\"url\":\"https:\\\/\\\/atami.com\\\/fr\\\/produit\\\/washed-buffered-cocos\",\"name\":\"Washed & Buffered Cocos : Substrat Id\u00e9al pour Cultures en Cocos\",\"isPartOf\":{\"@id\":\"https:\\\/\\\/atami.com\\\/fr#website\"},\"primaryImageOfPage\":{\"@id\":\"https:\\\/\\\/atami.com\\\/fr\\\/produit\\\/washed-buffered-cocos#primaryimage\"},\"image\":{\"@id\":\"https:\\\/\\\/atami.com\\\/fr\\\/produit\\\/washed-buffered-cocos#primaryimage\"},\"thumbnailUrl\":\"https:\\\/\\\/atami.com\\\/wp-content\\\/uploads\\\/2023\\\/09\\\/Washed-Buffered-Cocos.webp\",\"datePublished\":\"2023-09-01T05:00:39+00:00\",\"dateModified\":\"2025-11-10T13:56:13+00:00\",\"description\":\"D\u00e9couvrez Washed & Buffered Cocos, un substrat de coco 100% pur, lav\u00e9 et tamponn\u00e9, garantissant une conductivit\u00e9 \u00e9lectrique faible. Id\u00e9al pour vos semis et boutures, il offre un contr\u00f4le optimal de la nutrition des plantes d\u00e8s le d\u00e9but.\",\"breadcrumb\":{\"@id\":\"https:\\\/\\\/atami.com\\\/fr\\\/produit\\\/washed-buffered-cocos#breadcrumb\"},\"inLanguage\":\"fr-FR\",\"potentialAction\":[{\"@type\":\"ReadAction\",\"target\":[\"https:\\\/\\\/atami.com\\\/fr\\\/produit\\\/washed-buffered-cocos\"]}]},{\"@type\":\"ImageObject\",\"inLanguage\":\"fr-FR\",\"@id\":\"https:\\\/\\\/atami.com\\\/fr\\\/produit\\\/washed-buffered-cocos#primaryimage\",\"url\":\"https:\\\/\\\/atami.com\\\/wp-content\\\/uploads\\\/2023\\\/09\\\/Washed-Buffered-Cocos.webp\",\"contentUrl\":\"https:\\\/\\\/atami.com\\\/wp-content\\\/uploads\\\/2023\\\/09\\\/Washed-Buffered-Cocos.webp\",\"width\":800,\"height\":800,\"caption\":\"Washed & Buffered Cocos offre une table rase aux producteurs, fournissant un substrat \u00e0 faible CE, id\u00e9al pour les semis et les boutures.\"},{\"@type\":\"BreadcrumbList\",\"@id\":\"https:\\\/\\\/atami.com\\\/fr\\\/produit\\\/washed-buffered-cocos#breadcrumb\",\"itemListElement\":[{\"@type\":\"ListItem\",\"position\":1,\"name\":\"Home\",\"item\":\"https:\\\/\\\/atami.com\\\/fr\"},{\"@type\":\"ListItem\",\"position\":2,\"name\":\"Produits\",\"item\":\"https:\\\/\\\/atami.com\\\/fr\\\/shop\"},{\"@type\":\"ListItem\",\"position\":3,\"name\":\"Marques\",\"item\":\"https:\\\/\\\/atami.com\\\/fr\\\/categorie-produit\\\/marques\"},{\"@type\":\"ListItem\",\"position\":4,\"name\":\"Substrats Atami\",\"item\":\"https:\\\/\\\/atami.com\\\/fr\\\/categorie-produit\\\/marques\\\/substrats-atami\"},{\"@type\":\"ListItem\",\"position\":5,\"name\":\"Washed &#038; Buffered Cocos\"}]},{\"@type\":\"WebSite\",\"@id\":\"https:\\\/\\\/atami.com\\\/fr#website\",\"url\":\"https:\\\/\\\/atami.com\\\/fr\",\"name\":\"Atami\",\"description\":\"NATURALLY INNOVATING!\",\"publisher\":{\"@id\":\"https:\\\/\\\/atami.com\\\/fr#organization\"},\"potentialAction\":[{\"@type\":\"SearchAction\",\"target\":{\"@type\":\"EntryPoint\",\"urlTemplate\":\"https:\\\/\\\/atami.com\\\/fr?s={search_term_string}\"},\"query-input\":{\"@type\":\"PropertyValueSpecification\",\"valueRequired\":true,\"valueName\":\"search_term_string\"}}],\"inLanguage\":\"fr-FR\"},{\"@type\":\"Organization\",\"@id\":\"https:\\\/\\\/atami.com\\\/fr#organization\",\"name\":\"Atami\",\"url\":\"https:\\\/\\\/atami.com\\\/fr\",\"logo\":{\"@type\":\"ImageObject\",\"inLanguage\":\"fr-FR\",\"@id\":\"https:\\\/\\\/atami.com\\\/fr#\\\/schema\\\/logo\\\/image\\\/\",\"url\":\"https:\\\/\\\/atami.com\\\/wp-content\\\/uploads\\\/2026\\\/01\\\/Atami-logo-696x696px.webp\",\"contentUrl\":\"https:\\\/\\\/atami.com\\\/wp-content\\\/uploads\\\/2026\\\/01\\\/Atami-logo-696x696px.webp\",\"width\":696,\"height\":696,\"caption\":\"Atami\"},\"image\":{\"@id\":\"https:\\\/\\\/atami.com\\\/fr#\\\/schema\\\/logo\\\/image\\\/\"},\"sameAs\":[\"https:\\\/\\\/www.facebook.com\\\/Atami.International\",\"https:\\\/\\\/x.com\\\/AtamiEU\",\"https:\\\/\\\/www.youtube.com\\\/c\\\/AtamiInternational\",\"https:\\\/\\\/www.instagram.com\\\/atami.international\\\/\"],\"description\":\"ATAMI is a premium plant nutrition & substrate brand founded in 1997 with the mission to make exceptional cultivation achievable for everyone. From legacy to license, we offer a wide variety of innovating award-winning products to let cultivators achieve maximum results in taste & yield.\",\"email\":\"info@mginnovations.es\",\"legalName\":\"Atami\",\"numberOfEmployees\":{\"@type\":\"QuantitativeValue\",\"minValue\":\"11\",\"maxValue\":\"50\"}}]}<\/script>\n<!-- \/ Yoast SEO Premium plugin. -->","yoast_head_json":{"title":"Washed & Buffered Cocos : Substrat Id\u00e9al pour Cultures en Cocos","description":"D\u00e9couvrez Washed & Buffered Cocos, un substrat de coco 100% pur, lav\u00e9 et tamponn\u00e9, garantissant une conductivit\u00e9 \u00e9lectrique faible. Id\u00e9al pour vos semis et boutures, il offre un contr\u00f4le optimal de la nutrition des plantes d\u00e8s le d\u00e9but.","robots":{"index":"index","follow":"follow","max-snippet":"max-snippet:-1","max-image-preview":"max-image-preview:large","max-video-preview":"max-video-preview:-1"},"canonical":"https:\/\/atami.com\/fr\/produit\/washed-buffered-cocos","og_locale":"fr_FR","og_type":"article","og_title":"Washed & Buffered Cocos","og_description":"D\u00e9couvrez Washed & Buffered Cocos, un substrat de coco 100% pur, lav\u00e9 et tamponn\u00e9, garantissant une conductivit\u00e9 \u00e9lectrique faible. Id\u00e9al pour vos semis et boutures, il offre un contr\u00f4le optimal de la nutrition des plantes d\u00e8s le d\u00e9but.","og_url":"https:\/\/atami.com\/fr\/produit\/washed-buffered-cocos","og_site_name":"Atami","article_publisher":"https:\/\/www.facebook.com\/Atami.International","article_modified_time":"2025-11-10T13:56:13+00:00","og_image":[{"width":800,"height":800,"url":"https:\/\/atami.com\/wp-content\/uploads\/2023\/09\/Washed-Buffered-Cocos.webp","type":"image\/webp"}],"twitter_card":"summary_large_image","twitter_site":"@AtamiEU","twitter_misc":{"Dur\u00e9e de lecture estim\u00e9e":"1 minute"},"schema":{"@context":"https:\/\/schema.org","@graph":[{"@type":"WebPage","@id":"https:\/\/atami.com\/fr\/produit\/washed-buffered-cocos","url":"https:\/\/atami.com\/fr\/produit\/washed-buffered-cocos","name":"Washed & Buffered Cocos : Substrat Id\u00e9al pour Cultures en Cocos","isPartOf":{"@id":"https:\/\/atami.com\/fr#website"},"primaryImageOfPage":{"@id":"https:\/\/atami.com\/fr\/produit\/washed-buffered-cocos#primaryimage"},"image":{"@id":"https:\/\/atami.com\/fr\/produit\/washed-buffered-cocos#primaryimage"},"thumbnailUrl":"https:\/\/atami.com\/wp-content\/uploads\/2023\/09\/Washed-Buffered-Cocos.webp","datePublished":"2023-09-01T05:00:39+00:00","dateModified":"2025-11-10T13:56:13+00:00","description":"D\u00e9couvrez Washed & Buffered Cocos, un substrat de coco 100% pur, lav\u00e9 et tamponn\u00e9, garantissant une conductivit\u00e9 \u00e9lectrique faible. Id\u00e9al pour vos semis et boutures, il offre un contr\u00f4le optimal de la nutrition des plantes d\u00e8s le d\u00e9but.","breadcrumb":{"@id":"https:\/\/atami.com\/fr\/produit\/washed-buffered-cocos#breadcrumb"},"inLanguage":"fr-FR","potentialAction":[{"@type":"ReadAction","target":["https:\/\/atami.com\/fr\/produit\/washed-buffered-cocos"]}]},{"@type":"ImageObject","inLanguage":"fr-FR","@id":"https:\/\/atami.com\/fr\/produit\/washed-buffered-cocos#primaryimage","url":"https:\/\/atami.com\/wp-content\/uploads\/2023\/09\/Washed-Buffered-Cocos.webp","contentUrl":"https:\/\/atami.com\/wp-content\/uploads\/2023\/09\/Washed-Buffered-Cocos.webp","width":800,"height":800,"caption":"Washed & Buffered Cocos offre une table rase aux producteurs, fournissant un substrat \u00e0 faible CE, id\u00e9al pour les semis et les boutures."},{"@type":"BreadcrumbList","@id":"https:\/\/atami.com\/fr\/produit\/washed-buffered-cocos#breadcrumb","itemListElement":[{"@type":"ListItem","position":1,"name":"Home","item":"https:\/\/atami.com\/fr"},{"@type":"ListItem","position":2,"name":"Produits","item":"https:\/\/atami.com\/fr\/shop"},{"@type":"ListItem","position":3,"name":"Marques","item":"https:\/\/atami.com\/fr\/categorie-produit\/marques"},{"@type":"ListItem","position":4,"name":"Substrats Atami","item":"https:\/\/atami.com\/fr\/categorie-produit\/marques\/substrats-atami"},{"@type":"ListItem","position":5,"name":"Washed &#038; Buffered Cocos"}]},{"@type":"WebSite","@id":"https:\/\/atami.com\/fr#website","url":"https:\/\/atami.com\/fr","name":"Atami","description":"NATURALLY INNOVATING!","publisher":{"@id":"https:\/\/atami.com\/fr#organization"},"potentialAction":[{"@type":"SearchAction","target":{"@type":"EntryPoint","urlTemplate":"https:\/\/atami.com\/fr?s={search_term_string}"},"query-input":{"@type":"PropertyValueSpecification","valueRequired":true,"valueName":"search_term_string"}}],"inLanguage":"fr-FR"},{"@type":"Organization","@id":"https:\/\/atami.com\/fr#organization","name":"Atami","url":"https:\/\/atami.com\/fr","logo":{"@type":"ImageObject","inLanguage":"fr-FR","@id":"https:\/\/atami.com\/fr#\/schema\/logo\/image\/","url":"https:\/\/atami.com\/wp-content\/uploads\/2026\/01\/Atami-logo-696x696px.webp","contentUrl":"https:\/\/atami.com\/wp-content\/uploads\/2026\/01\/Atami-logo-696x696px.webp","width":696,"height":696,"caption":"Atami"},"image":{"@id":"https:\/\/atami.com\/fr#\/schema\/logo\/image\/"},"sameAs":["https:\/\/www.facebook.com\/Atami.International","https:\/\/x.com\/AtamiEU","https:\/\/www.youtube.com\/c\/AtamiInternational","https:\/\/www.instagram.com\/atami.international\/"],"description":"ATAMI is a premium plant nutrition & substrate brand founded in 1997 with the mission to make exceptional cultivation achievable for everyone. From legacy to license, we offer a wide variety of innovating award-winning products to let cultivators achieve maximum results in taste & yield.","email":"info@mginnovations.es","legalName":"Atami","numberOfEmployees":{"@type":"QuantitativeValue","minValue":"11","maxValue":"50"}}]}},"_links":{"self":[{"href":"https:\/\/atami.com\/fr\/wp-json\/wp\/v2\/product\/50293","targetHints":{"allow":["GET"]}}],"collection":[{"href":"https:\/\/atami.com\/fr\/wp-json\/wp\/v2\/product"}],"about":[{"href":"https:\/\/atami.com\/fr\/wp-json\/wp\/v2\/types\/product"}],"replies":[{"embeddable":true,"href":"https:\/\/atami.com\/fr\/wp-json\/wp\/v2\/comments?post=50293"}],"wp:featuredmedia":[{"embeddable":true,"href":"https:\/\/atami.com\/fr\/wp-json\/wp\/v2\/media\/179414"}],"wp:attachment":[{"href":"https:\/\/atami.com\/fr\/wp-json\/wp\/v2\/media?parent=50293"}],"wp:term":[{"taxonomy":"product_brand","embeddable":true,"href":"https:\/\/atami.com\/fr\/wp-json\/wp\/v2\/product_brand?post=50293"},{"taxonomy":"product_cat","embeddable":true,"href":"https:\/\/atami.com\/fr\/wp-json\/wp\/v2\/product_cat?post=50293"},{"taxonomy":"product_tag","embeddable":true,"href":"https:\/\/atami.com\/fr\/wp-json\/wp\/v2\/product_tag?post=50293"}],"curies":[{"name":"wp","href":"https:\/\/api.w.org\/{rel}","templated":true}]}}