{"id":43734,"date":"2023-02-13T12:36:42","date_gmt":"2023-02-13T12:36:42","guid":{"rendered":"https:\/\/atami.com\/product\/rokzbastic\/"},"modified":"2025-11-10T15:05:08","modified_gmt":"2025-11-10T13:05:08","slug":"rokzbastic","status":"publish","type":"product","link":"https:\/\/atami.com\/fr\/produit\/rokzbastic","title":{"rendered":"Rokzbastic"},"content":{"rendered":"<p><strong>Rokzbastic est un cocktail de haute qualit\u00e9 de min\u00e9raux et de biostimulants, il sera le partenaire id\u00e9al pour obtenir des r\u00e9sultats solides et givr\u00e9s. Obtenez des fleurs et des fruits plus fermes, plus lourds et plus compacts gr\u00e2ce \u00e0 sa valeur PK de 10-20, unique par rapport aux autres produits de floraison liquides sur le march\u00e9.<\/strong><\/p>\n<p>&nbsp;<\/p>\n<p>Rokzbastic a un rapport P:K de 1:2. Cette concentration \u00e9lev\u00e9e en potassium favorise particuli\u00e8rement le d\u00e9veloppement des plantes \u00e0 longue phase de floraison. Ainsi, sa valeur PK 10-20 est la cl\u00e9 pour produire des fleurs et des fruits plus denses et plus fermes. De plus, Rokzbastic est enrichi avec 1% de fer et d&rsquo;autres \u00e9l\u00e9ments essentiels pour soutenir de nombreux processus vitaux des plantes.<\/p>\n<p>&nbsp;<\/p>\n<p>Et comme son membre de la famille<strong> <a href=\"https:\/\/atami.com\/fr\/produit\/bloombastic\/\">Bloombastic<\/a><\/strong>, Rokzbastic est pauvre en substances de ballast (sodium et chlore).<\/p>\n<p>&nbsp;<\/p>\n<p><strong>UTILISABLE POUR<\/strong><\/p>\n<p>Rokzbastic est un nutriment universel adapt\u00e9 \u00e0 diff\u00e9rents types de l\u00e9gumes et de fruits, et est sp\u00e9cialement d\u00e9velopp\u00e9 pour r\u00e9pondre aux besoins des plantes avec de longues p\u00e9riodes de floraison ou des besoins \u00e9lev\u00e9s en potassium tels que les poivrons, les piments, les agrumes ou les tomates rouges.<\/p>\n<p>&nbsp;<\/p>\n<p>Il peut \u00e9galement \u00eatre utilis\u00e9 pour les plantes ornementales \u00e0 grandes fleurs (ex : hibiscus, roses ou orchid\u00e9es). Les cultivateurs exp\u00e9riment\u00e9s peuvent mesurer la dose requise par plante, sur la base des valeurs NPK.<\/p>\n<p>&nbsp;<\/p>\n<p>Utilisable en culture en hydroponique, coco et terre. Convient pour l\u2019arrosage manuel et dans les syst\u00e8mes d&rsquo;irrigation automatiques.<\/p>\n<p>&nbsp;<\/p>\n<p><strong>APPLICATION<\/strong><\/p>\n<p>Appliquer dans les 4 \u00e0 6 derni\u00e8res semaines de floraison, tout au long de la phase de fructification et de maturation avec vos nutriments de base. Peut \u00eatre utilis\u00e9 en association apr\u00e8s <strong><a href=\"https:\/\/atami.com\/fr\/produit\/bloombastic\/\">Bloombastic<\/a><\/strong> pour exag\u00e9rer davantage l&rsquo;effet stimulant de la phase de floraison, augmenter le rendement et le poids de la r\u00e9colte, ainsi que rehausser les saveurs et les ar\u00f4mes naturels.<\/p>\n<p>&nbsp;<\/p>\n<p>Utilisez juste apr\u00e8s <strong><a href=\"https:\/\/atami.com\/fr\/produit\/bloombastic\/\">Bloombastic<\/a><\/strong> pour maximiser les effets des deux produits. Lorsque vous utilisez des produits avec des valeurs PK \u00e9lev\u00e9es, faites toujours attention \u00e0 la valeur EC de votre solution nutritive, car il existe un risque de surfertilisation.<\/p>\n<p>&nbsp;<\/p>\n<p><strong>DOSAGE<\/strong><\/p>\n<p>0,5 \u00e0 1 ml par litre d&rsquo;eau. Provoque une augmentation de la valeur E.C. dans votre solution nutritive de base.<\/p>\n<p>&nbsp;<\/p>\n<p><strong>PK 10-20 W\/W<\/strong><\/p>\n<p>&nbsp;<\/p>\n<p><strong>DISPONIBLE EN 50ML, 100ML, 325ML, 1250ML, 5,5L, 10L<\/strong><\/p>\n","protected":false},"excerpt":{"rendered":"<p>Additif pour la finition<\/p>\n","protected":false},"featured_media":202133,"comment_status":"closed","ping_status":"closed","template":"","meta":{"_acf_changed":false,"iawp_total_views":545},"product_brand":[],"product_cat":[181,176],"product_tag":[],"class_list":{"0":"post-43734","1":"product","2":"type-product","3":"status-publish","4":"has-post-thumbnail","6":"product_cat-additifs","7":"product_cat-bastics","9":"first","10":"instock","11":"shipping-taxable","12":"product-type-simple"},"acf":{"short_description":"<p><strong>Rokzbastic est un cocktail de haute qualit\u00e9 de min\u00e9raux et de biostimulants, il sera le partenaire id\u00e9al pour obtenir des r\u00e9sultats solides et givr\u00e9s. Obtenez des fleurs et des fruits plus fermes, plus lourds et plus compacts gr\u00e2ce \u00e0 sa valeur PK de 10-20, unique par rapport aux autres produits de floraison liquides sur le march\u00e9.<\/strong><\/p><p>&nbsp;<\/p><p>Rokzbastic a un rapport P:K de 1:2. Cette concentration \u00e9lev\u00e9e en potassium favorise particuli\u00e8rement le d\u00e9veloppement des plantes \u00e0 longue phase de floraison. Ainsi, sa valeur PK 10-20 est la cl\u00e9 pour produire des fleurs et des fruits plus denses et plus fermes. De plus, Rokzbastic est enrichi avec 1% de fer et d'autres \u00e9l\u00e9ments essentiels pour soutenir de nombreux processus vitaux des plantes.<\/p><p>&nbsp;<\/p><p>Et comme son membre de la famille<strong> <a href=\"https:\/\/atami.com\/fr\/produit\/bloombastic\">Bloombastic<\/a><\/strong>, Rokzbastic est pauvre en substances de ballast (sodium et chlore).<\/p>","suitable_for":"<p>Rokzbastic est un nutriment universel adapt\u00e9 \u00e0 diff\u00e9rents types de l\u00e9gumes et de fruits, et est sp\u00e9cialement d\u00e9velopp\u00e9 pour r\u00e9pondre aux besoins des plantes avec de longues p\u00e9riodes de floraison ou des besoins \u00e9lev\u00e9s en potassium tels que les poivrons, les piments, les agrumes ou les tomates rouges.<\/p><p>&nbsp;<\/p><p>Il peut \u00e9galement \u00eatre utilis\u00e9 pour les plantes ornementales \u00e0 grandes fleurs (ex : hibiscus, roses ou orchid\u00e9es). Les cultivateurs exp\u00e9riment\u00e9s peuvent mesurer la dose requise par plante, sur la base des valeurs NPK.<\/p><p>&nbsp;<\/p><p>Utilisable en culture en hydroponique, coco et terre. Convient pour l\u2019arrosage manuel et dans les syst\u00e8mes d'irrigation automatiques.<\/p>","application":"<p>Appliquer dans les 4 \u00e0 6 derni\u00e8res semaines de floraison, tout au long de la phase de fructification et de maturation avec vos nutriments de base. Peut \u00eatre utilis\u00e9 en association apr\u00e8s <a href=\"https:\/\/atami.com\/fr\/produit\/bloombastic\"><strong>Bloombastic<\/strong><\/a> pour exag\u00e9rer davantage l'effet stimulant de la phase de floraison, augmenter le rendement et le poids de la r\u00e9colte, ainsi que rehausser les saveurs et les ar\u00f4mes naturels.<\/p><p>&nbsp;<\/p><p>Utilisez juste apr\u00e8s <a href=\"https:\/\/atami.com\/fr\/produit\/bloombastic\"><strong>Bloombastic<\/strong><\/a> pour maximiser les effets des deux produits. Lorsque vous utilisez des produits avec des valeurs PK \u00e9lev\u00e9es, faites toujours attention \u00e0 la valeur EC de votre solution nutritive, car il existe un risque de surfertilisation.<\/p>","dosage":"<p>0,5 \u00e0 1 ml par litre d'eau. Provoque une augmentation de la valeur E.C. dans votre solution nutritive de base.<\/p>","npk_ratio":"<p>PK 10-20 W\/W<\/p>","available_in":"<p>50ML, 100ML, 325ML, 1250ML, 5,5L, 10L<\/p>","icon_1":586,"icon_1_text":"RATIO P:K UNIQUE DE 1:2 PAR RAPPORT AUX AUTRES PRODUITS DE FLORAISON LIQUIDES SUR LE MARCH\u00c9","icon_2":21398,"icon_2_text":"PEU IMPORTE LE SUPPORT QUE VOUS CHOISISSEZ POUR CULTIVER, ROKZBASTIC GARANTIT DES R\u00c9SULTATS ROKZ-SOLIDES ET GIVR\u00c9S !","icon_3":21413,"icon_3_text":"PK 10-20 : LA PROPORTION DE POTASSIUM EST LE DOUBLE DE CELLE DE PHOSPHORE POUR RAFFERMIR VOS FLEURS ET FRUITS","icon_4":598,"icon_4_text":"DOSAGE MINIMAL, GRANDS R\u00c9SULTATS","video":"","second_image":21368,"product_image_page":25178,"user_manual":"","new_icon_1":196790,"new_icon_2":196850,"new_icon_3":196865,"new_icon_4":196835,"grow_guides":"","category":"Additif"},"yoast_head":"<!-- This site is optimized with the Yoast SEO Premium plugin v27.5 (Yoast SEO v27.5) - https:\/\/yoast.com\/product\/yoast-seo-premium-wordpress\/ -->\n<title>Rokzbastic Atami \u2013 Stimulateur de racines puissant pour des cultures saines<\/title>\n<meta name=\"description\" content=\"D\u00e9couvrez Rokzbastic Atami, un stimulateur de racines puissant qui favorise la croissance rapide et saine des racines. Id\u00e9al pour des r\u00e9coltes abondantes et de qualit\u00e9 sup\u00e9rieure.\" \/>\n<meta name=\"robots\" content=\"index, follow, max-snippet:-1, max-image-preview:large, max-video-preview:-1\" \/>\n<link rel=\"canonical\" href=\"https:\/\/atami.com\/fr\/produit\/rokzbastic\" \/>\n<meta property=\"og:locale\" content=\"fr_FR\" \/>\n<meta property=\"og:type\" content=\"article\" \/>\n<meta property=\"og:title\" content=\"Rokzbastic\" \/>\n<meta property=\"og:description\" content=\"D\u00e9couvrez Rokzbastic Atami, un stimulateur de racines puissant qui favorise la croissance rapide et saine des racines. Id\u00e9al pour des r\u00e9coltes abondantes et de qualit\u00e9 sup\u00e9rieure.\" \/>\n<meta property=\"og:url\" content=\"https:\/\/atami.com\/fr\/produit\/rokzbastic\" \/>\n<meta property=\"og:site_name\" content=\"Atami\" \/>\n<meta property=\"article:publisher\" content=\"https:\/\/www.facebook.com\/Atami.International\" \/>\n<meta property=\"article:modified_time\" content=\"2025-11-10T13:05:08+00:00\" \/>\n<meta property=\"og:image\" content=\"https:\/\/atami.com\/wp-content\/uploads\/2023\/02\/Rokzbastic-product-image.webp\" \/>\n\t<meta property=\"og:image:width\" content=\"1080\" \/>\n\t<meta property=\"og:image:height\" content=\"1080\" \/>\n\t<meta property=\"og:image:type\" content=\"image\/webp\" \/>\n<meta name=\"twitter:card\" content=\"summary_large_image\" \/>\n<meta name=\"twitter:site\" content=\"@AtamiEU\" \/>\n<meta name=\"twitter:label1\" content=\"Dur\u00e9e de lecture estim\u00e9e\" \/>\n\t<meta name=\"twitter:data1\" content=\"2 minutes\" \/>\n<script type=\"application\/ld+json\" class=\"yoast-schema-graph\">{\"@context\":\"https:\\\/\\\/schema.org\",\"@graph\":[{\"@type\":\"WebPage\",\"@id\":\"https:\\\/\\\/atami.com\\\/fr\\\/produit\\\/rokzbastic\",\"url\":\"https:\\\/\\\/atami.com\\\/fr\\\/produit\\\/rokzbastic\",\"name\":\"Rokzbastic Atami \u2013 Stimulateur de racines puissant pour des cultures saines\",\"isPartOf\":{\"@id\":\"https:\\\/\\\/atami.com\\\/fr#website\"},\"primaryImageOfPage\":{\"@id\":\"https:\\\/\\\/atami.com\\\/fr\\\/produit\\\/rokzbastic#primaryimage\"},\"image\":{\"@id\":\"https:\\\/\\\/atami.com\\\/fr\\\/produit\\\/rokzbastic#primaryimage\"},\"thumbnailUrl\":\"https:\\\/\\\/atami.com\\\/wp-content\\\/uploads\\\/2023\\\/02\\\/Rokzbastic-product-image.webp\",\"datePublished\":\"2023-02-13T12:36:42+00:00\",\"dateModified\":\"2025-11-10T13:05:08+00:00\",\"description\":\"D\u00e9couvrez Rokzbastic Atami, un stimulateur de racines puissant qui favorise la croissance rapide et saine des racines. Id\u00e9al pour des r\u00e9coltes abondantes et de qualit\u00e9 sup\u00e9rieure.\",\"breadcrumb\":{\"@id\":\"https:\\\/\\\/atami.com\\\/fr\\\/produit\\\/rokzbastic#breadcrumb\"},\"inLanguage\":\"fr-FR\",\"potentialAction\":[{\"@type\":\"ReadAction\",\"target\":[\"https:\\\/\\\/atami.com\\\/fr\\\/produit\\\/rokzbastic\"]}]},{\"@type\":\"ImageObject\",\"inLanguage\":\"fr-FR\",\"@id\":\"https:\\\/\\\/atami.com\\\/fr\\\/produit\\\/rokzbastic#primaryimage\",\"url\":\"https:\\\/\\\/atami.com\\\/wp-content\\\/uploads\\\/2023\\\/02\\\/Rokzbastic-product-image.webp\",\"contentUrl\":\"https:\\\/\\\/atami.com\\\/wp-content\\\/uploads\\\/2023\\\/02\\\/Rokzbastic-product-image.webp\",\"width\":1080,\"height\":1080,\"caption\":\"Le rapport PK 10-20 unique de Rokzbastic favorise des fleurs et des fruits plus denses et plus fermes pendant les derni\u00e8res \u00e9tapes de floraison.\"},{\"@type\":\"BreadcrumbList\",\"@id\":\"https:\\\/\\\/atami.com\\\/fr\\\/produit\\\/rokzbastic#breadcrumb\",\"itemListElement\":[{\"@type\":\"ListItem\",\"position\":1,\"name\":\"Home\",\"item\":\"https:\\\/\\\/atami.com\\\/fr\"},{\"@type\":\"ListItem\",\"position\":2,\"name\":\"Produits\",\"item\":\"https:\\\/\\\/atami.com\\\/fr\\\/shop\"},{\"@type\":\"ListItem\",\"position\":3,\"name\":\"Marques\",\"item\":\"https:\\\/\\\/atami.com\\\/fr\\\/categorie-produit\\\/marques\"},{\"@type\":\"ListItem\",\"position\":4,\"name\":\"Bastics\",\"item\":\"https:\\\/\\\/atami.com\\\/fr\\\/categorie-produit\\\/marques\\\/bastics\"},{\"@type\":\"ListItem\",\"position\":5,\"name\":\"Rokzbastic\"}]},{\"@type\":\"WebSite\",\"@id\":\"https:\\\/\\\/atami.com\\\/fr#website\",\"url\":\"https:\\\/\\\/atami.com\\\/fr\",\"name\":\"Atami\",\"description\":\"NATURALLY INNOVATING!\",\"publisher\":{\"@id\":\"https:\\\/\\\/atami.com\\\/fr#organization\"},\"potentialAction\":[{\"@type\":\"SearchAction\",\"target\":{\"@type\":\"EntryPoint\",\"urlTemplate\":\"https:\\\/\\\/atami.com\\\/fr?s={search_term_string}\"},\"query-input\":{\"@type\":\"PropertyValueSpecification\",\"valueRequired\":true,\"valueName\":\"search_term_string\"}}],\"inLanguage\":\"fr-FR\"},{\"@type\":\"Organization\",\"@id\":\"https:\\\/\\\/atami.com\\\/fr#organization\",\"name\":\"Atami\",\"url\":\"https:\\\/\\\/atami.com\\\/fr\",\"logo\":{\"@type\":\"ImageObject\",\"inLanguage\":\"fr-FR\",\"@id\":\"https:\\\/\\\/atami.com\\\/fr#\\\/schema\\\/logo\\\/image\\\/\",\"url\":\"https:\\\/\\\/atami.com\\\/wp-content\\\/uploads\\\/2026\\\/01\\\/Atami-logo-696x696px.webp\",\"contentUrl\":\"https:\\\/\\\/atami.com\\\/wp-content\\\/uploads\\\/2026\\\/01\\\/Atami-logo-696x696px.webp\",\"width\":696,\"height\":696,\"caption\":\"Atami\"},\"image\":{\"@id\":\"https:\\\/\\\/atami.com\\\/fr#\\\/schema\\\/logo\\\/image\\\/\"},\"sameAs\":[\"https:\\\/\\\/www.facebook.com\\\/Atami.International\",\"https:\\\/\\\/x.com\\\/AtamiEU\",\"https:\\\/\\\/www.youtube.com\\\/c\\\/AtamiInternational\",\"https:\\\/\\\/www.instagram.com\\\/atami.international\\\/\"],\"description\":\"ATAMI is a premium plant nutrition & substrate brand founded in 1997 with the mission to make exceptional cultivation achievable for everyone. From legacy to license, we offer a wide variety of innovating award-winning products to let cultivators achieve maximum results in taste & yield.\",\"email\":\"info@mginnovations.es\",\"legalName\":\"Atami\",\"numberOfEmployees\":{\"@type\":\"QuantitativeValue\",\"minValue\":\"11\",\"maxValue\":\"50\"}}]}<\/script>\n<!-- \/ Yoast SEO Premium plugin. -->","yoast_head_json":{"title":"Rokzbastic Atami \u2013 Stimulateur de racines puissant pour des cultures saines","description":"D\u00e9couvrez Rokzbastic Atami, un stimulateur de racines puissant qui favorise la croissance rapide et saine des racines. Id\u00e9al pour des r\u00e9coltes abondantes et de qualit\u00e9 sup\u00e9rieure.","robots":{"index":"index","follow":"follow","max-snippet":"max-snippet:-1","max-image-preview":"max-image-preview:large","max-video-preview":"max-video-preview:-1"},"canonical":"https:\/\/atami.com\/fr\/produit\/rokzbastic","og_locale":"fr_FR","og_type":"article","og_title":"Rokzbastic","og_description":"D\u00e9couvrez Rokzbastic Atami, un stimulateur de racines puissant qui favorise la croissance rapide et saine des racines. Id\u00e9al pour des r\u00e9coltes abondantes et de qualit\u00e9 sup\u00e9rieure.","og_url":"https:\/\/atami.com\/fr\/produit\/rokzbastic","og_site_name":"Atami","article_publisher":"https:\/\/www.facebook.com\/Atami.International","article_modified_time":"2025-11-10T13:05:08+00:00","og_image":[{"width":1080,"height":1080,"url":"https:\/\/atami.com\/wp-content\/uploads\/2023\/02\/Rokzbastic-product-image.webp","type":"image\/webp"}],"twitter_card":"summary_large_image","twitter_site":"@AtamiEU","twitter_misc":{"Dur\u00e9e de lecture estim\u00e9e":"2 minutes"},"schema":{"@context":"https:\/\/schema.org","@graph":[{"@type":"WebPage","@id":"https:\/\/atami.com\/fr\/produit\/rokzbastic","url":"https:\/\/atami.com\/fr\/produit\/rokzbastic","name":"Rokzbastic Atami \u2013 Stimulateur de racines puissant pour des cultures saines","isPartOf":{"@id":"https:\/\/atami.com\/fr#website"},"primaryImageOfPage":{"@id":"https:\/\/atami.com\/fr\/produit\/rokzbastic#primaryimage"},"image":{"@id":"https:\/\/atami.com\/fr\/produit\/rokzbastic#primaryimage"},"thumbnailUrl":"https:\/\/atami.com\/wp-content\/uploads\/2023\/02\/Rokzbastic-product-image.webp","datePublished":"2023-02-13T12:36:42+00:00","dateModified":"2025-11-10T13:05:08+00:00","description":"D\u00e9couvrez Rokzbastic Atami, un stimulateur de racines puissant qui favorise la croissance rapide et saine des racines. Id\u00e9al pour des r\u00e9coltes abondantes et de qualit\u00e9 sup\u00e9rieure.","breadcrumb":{"@id":"https:\/\/atami.com\/fr\/produit\/rokzbastic#breadcrumb"},"inLanguage":"fr-FR","potentialAction":[{"@type":"ReadAction","target":["https:\/\/atami.com\/fr\/produit\/rokzbastic"]}]},{"@type":"ImageObject","inLanguage":"fr-FR","@id":"https:\/\/atami.com\/fr\/produit\/rokzbastic#primaryimage","url":"https:\/\/atami.com\/wp-content\/uploads\/2023\/02\/Rokzbastic-product-image.webp","contentUrl":"https:\/\/atami.com\/wp-content\/uploads\/2023\/02\/Rokzbastic-product-image.webp","width":1080,"height":1080,"caption":"Le rapport PK 10-20 unique de Rokzbastic favorise des fleurs et des fruits plus denses et plus fermes pendant les derni\u00e8res \u00e9tapes de floraison."},{"@type":"BreadcrumbList","@id":"https:\/\/atami.com\/fr\/produit\/rokzbastic#breadcrumb","itemListElement":[{"@type":"ListItem","position":1,"name":"Home","item":"https:\/\/atami.com\/fr"},{"@type":"ListItem","position":2,"name":"Produits","item":"https:\/\/atami.com\/fr\/shop"},{"@type":"ListItem","position":3,"name":"Marques","item":"https:\/\/atami.com\/fr\/categorie-produit\/marques"},{"@type":"ListItem","position":4,"name":"Bastics","item":"https:\/\/atami.com\/fr\/categorie-produit\/marques\/bastics"},{"@type":"ListItem","position":5,"name":"Rokzbastic"}]},{"@type":"WebSite","@id":"https:\/\/atami.com\/fr#website","url":"https:\/\/atami.com\/fr","name":"Atami","description":"NATURALLY INNOVATING!","publisher":{"@id":"https:\/\/atami.com\/fr#organization"},"potentialAction":[{"@type":"SearchAction","target":{"@type":"EntryPoint","urlTemplate":"https:\/\/atami.com\/fr?s={search_term_string}"},"query-input":{"@type":"PropertyValueSpecification","valueRequired":true,"valueName":"search_term_string"}}],"inLanguage":"fr-FR"},{"@type":"Organization","@id":"https:\/\/atami.com\/fr#organization","name":"Atami","url":"https:\/\/atami.com\/fr","logo":{"@type":"ImageObject","inLanguage":"fr-FR","@id":"https:\/\/atami.com\/fr#\/schema\/logo\/image\/","url":"https:\/\/atami.com\/wp-content\/uploads\/2026\/01\/Atami-logo-696x696px.webp","contentUrl":"https:\/\/atami.com\/wp-content\/uploads\/2026\/01\/Atami-logo-696x696px.webp","width":696,"height":696,"caption":"Atami"},"image":{"@id":"https:\/\/atami.com\/fr#\/schema\/logo\/image\/"},"sameAs":["https:\/\/www.facebook.com\/Atami.International","https:\/\/x.com\/AtamiEU","https:\/\/www.youtube.com\/c\/AtamiInternational","https:\/\/www.instagram.com\/atami.international\/"],"description":"ATAMI is a premium plant nutrition & substrate brand founded in 1997 with the mission to make exceptional cultivation achievable for everyone. From legacy to license, we offer a wide variety of innovating award-winning products to let cultivators achieve maximum results in taste & yield.","email":"info@mginnovations.es","legalName":"Atami","numberOfEmployees":{"@type":"QuantitativeValue","minValue":"11","maxValue":"50"}}]}},"_links":{"self":[{"href":"https:\/\/atami.com\/fr\/wp-json\/wp\/v2\/product\/43734","targetHints":{"allow":["GET"]}}],"collection":[{"href":"https:\/\/atami.com\/fr\/wp-json\/wp\/v2\/product"}],"about":[{"href":"https:\/\/atami.com\/fr\/wp-json\/wp\/v2\/types\/product"}],"replies":[{"embeddable":true,"href":"https:\/\/atami.com\/fr\/wp-json\/wp\/v2\/comments?post=43734"}],"wp:featuredmedia":[{"embeddable":true,"href":"https:\/\/atami.com\/fr\/wp-json\/wp\/v2\/media\/202133"}],"wp:attachment":[{"href":"https:\/\/atami.com\/fr\/wp-json\/wp\/v2\/media?parent=43734"}],"wp:term":[{"taxonomy":"product_brand","embeddable":true,"href":"https:\/\/atami.com\/fr\/wp-json\/wp\/v2\/product_brand?post=43734"},{"taxonomy":"product_cat","embeddable":true,"href":"https:\/\/atami.com\/fr\/wp-json\/wp\/v2\/product_cat?post=43734"},{"taxonomy":"product_tag","embeddable":true,"href":"https:\/\/atami.com\/fr\/wp-json\/wp\/v2\/product_tag?post=43734"}],"curies":[{"name":"wp","href":"https:\/\/api.w.org\/{rel}","templated":true}]}}