{"id":21859,"date":"2023-02-14T15:40:49","date_gmt":"2023-02-14T15:40:49","guid":{"rendered":"https:\/\/atami.com\/product\/pots-atami\/"},"modified":"2025-11-10T16:55:07","modified_gmt":"2025-11-10T14:55:07","slug":"pots-atami","status":"publish","type":"product","link":"https:\/\/atami.com\/fr\/produit\/pots-atami","title":{"rendered":"Pots Atami"},"content":{"rendered":"<p>Atami propose une large vari\u00e9t\u00e9 de pots (ronds ou carr\u00e9s), afin que les cultivateurs puissent trouver le mod\u00e8le recherch\u00e9. Les pots habituels ne disposent g\u00e9n\u00e9ralement pas de suffisamment d\u2019orifices de drainage, rendant l\u2019\u00e9vacuation des liquides difficile.<\/p>\n<p>&nbsp;<\/p>\n<p>C\u2019est une catastrophe pour les plantes car elles d\u00e9testent les sols trop humides. En outre, un mauvais drainage peut rapidement transformer le substrat en un bourbier trop peu oxyg\u00e9n\u00e9 qui attaque et fait pourrir les racines. Afin d\u2019\u00e9viter de tels dommages, les pots d\u2019Atami ont \u00e9t\u00e9 con\u00e7us pour permettre un bon \u00e9coulement de l\u2019eau et faciliter la vie du cultivateur !<\/p>\n","protected":false},"excerpt":{"rendered":"<p>Atami propose une large vari\u00e9t\u00e9 de pots (ronds ou carr\u00e9s), afin que les cultivateurs puissent trouver le mod\u00e8le recherch\u00e9. Les pots habituels ne disposent g\u00e9n\u00e9ralement pas de suffisamment d\u2019orifices de drainage, rendant l\u2019\u00e9vacuation des liquides difficile. &nbsp; C\u2019est une catastrophe pour les plantes car elles d\u00e9testent les sols trop humides. En outre, un mauvais drainage [&hellip;]<\/p>\n","protected":false},"featured_media":26594,"comment_status":"closed","ping_status":"closed","template":"","meta":{"_acf_changed":false,"iawp_total_views":39},"product_brand":[],"product_cat":[186],"product_tag":[],"class_list":{"0":"post-21859","1":"product","2":"type-product","3":"status-publish","4":"has-post-thumbnail","6":"product_cat-systemes-de-culture-wilma","8":"first","9":"instock","10":"shipping-taxable","11":"product-type-simple"},"acf":{"short_description":"<p>Atami propose une large vari\u00e9t\u00e9 de pots (ronds ou carr\u00e9s), afin que les cultivateurs puissent trouver le mod\u00e8le recherch\u00e9. Les pots habituels ne disposent g\u00e9n\u00e9ralement pas de suffisamment d\u2019orifices de drainage, rendant l\u2019\u00e9vacuation des liquides difficile.<\/p><p>\u00a0<\/p><p>C\u2019est une catastrophe pour les plantes car elles d\u00e9testent les sols trop humides. En outre, un mauvais drainage peut rapidement transformer le substrat en un bourbier trop peu oxyg\u00e9n\u00e9 qui attaque et fait pourrir les racines. Afin d\u2019\u00e9viter de tels dommages, les pots d\u2019Atami ont \u00e9t\u00e9 con\u00e7us pour permettre un bon \u00e9coulement de l\u2019eau et faciliter la vie du cultivateur !<\/p>","suitable_for":"","application":"","dosage":"","npk_ratio":"","available_in":"","icon_1":"","icon_1_text":"","icon_2":"","icon_2_text":"","icon_3":"","icon_3_text":"","icon_4":"","icon_4_text":"","video":"","second_image":"","product_image_page":26609,"user_manual":"","new_icon_1":"","new_icon_2":"","new_icon_3":"","new_icon_4":"","grow_guides":null,"category":"Syst\u00e8me de culture"},"yoast_head":"<!-- This site is optimized with the Yoast SEO Premium plugin v27.4 (Yoast SEO v27.4) - https:\/\/yoast.com\/product\/yoast-seo-premium-wordpress\/ -->\n<title>Pots Atami | Atami<\/title>\n<meta name=\"description\" content=\"Atami propose une large vari\u00e9t\u00e9 de pots (ronds ou carr\u00e9s), afin que les cultivateurs puissent trouver le mod\u00e8le recherch\u00e9. Les pots habituels ne disposent g\u00e9n\u00e9ralement pas de suffisamment d\u2019orifices de drainage, rendant l\u2019\u00e9vacuation des liquides difficile.\" \/>\n<meta name=\"robots\" content=\"index, follow, max-snippet:-1, max-image-preview:large, max-video-preview:-1\" \/>\n<link rel=\"canonical\" href=\"https:\/\/atami.com\/fr\/produit\/pots-atami\" \/>\n<meta property=\"og:locale\" content=\"fr_FR\" \/>\n<meta property=\"og:type\" content=\"article\" \/>\n<meta property=\"og:title\" content=\"Pots Atami\" \/>\n<meta property=\"og:description\" content=\"Atami propose une large vari\u00e9t\u00e9 de pots (ronds ou carr\u00e9s), afin que les cultivateurs puissent trouver le mod\u00e8le recherch\u00e9. Les pots habituels ne disposent g\u00e9n\u00e9ralement pas de suffisamment d\u2019orifices de drainage, rendant l\u2019\u00e9vacuation des liquides difficile.\" \/>\n<meta property=\"og:url\" content=\"https:\/\/atami.com\/fr\/produit\/pots-atami\" \/>\n<meta property=\"og:site_name\" content=\"Atami\" \/>\n<meta property=\"article:publisher\" content=\"https:\/\/www.facebook.com\/Atami.International\" \/>\n<meta property=\"article:modified_time\" content=\"2025-11-10T14:55:07+00:00\" \/>\n<meta property=\"og:image\" content=\"https:\/\/atami.com\/wp-content\/uploads\/2023\/02\/Atami-Containers-Main-Image.webp\" \/>\n\t<meta property=\"og:image:width\" content=\"1080\" \/>\n\t<meta property=\"og:image:height\" content=\"1080\" \/>\n\t<meta property=\"og:image:type\" content=\"image\/webp\" \/>\n<meta name=\"twitter:card\" content=\"summary_large_image\" \/>\n<meta name=\"twitter:site\" content=\"@AtamiEU\" \/>\n<meta name=\"twitter:label1\" content=\"Dur\u00e9e de lecture estim\u00e9e\" \/>\n\t<meta name=\"twitter:data1\" content=\"1 minute\" \/>\n<script type=\"application\/ld+json\" class=\"yoast-schema-graph\">{\"@context\":\"https:\\\/\\\/schema.org\",\"@graph\":[{\"@type\":\"WebPage\",\"@id\":\"https:\\\/\\\/atami.com\\\/fr\\\/produit\\\/pots-atami\",\"url\":\"https:\\\/\\\/atami.com\\\/fr\\\/produit\\\/pots-atami\",\"name\":\"Pots Atami | Atami\",\"isPartOf\":{\"@id\":\"https:\\\/\\\/atami.com\\\/fr#website\"},\"primaryImageOfPage\":{\"@id\":\"https:\\\/\\\/atami.com\\\/fr\\\/produit\\\/pots-atami#primaryimage\"},\"image\":{\"@id\":\"https:\\\/\\\/atami.com\\\/fr\\\/produit\\\/pots-atami#primaryimage\"},\"thumbnailUrl\":\"https:\\\/\\\/atami.com\\\/wp-content\\\/uploads\\\/2023\\\/02\\\/Atami-Containers-Main-Image.webp\",\"datePublished\":\"2023-02-14T15:40:49+00:00\",\"dateModified\":\"2025-11-10T14:55:07+00:00\",\"description\":\"Atami propose une large vari\u00e9t\u00e9 de pots (ronds ou carr\u00e9s), afin que les cultivateurs puissent trouver le mod\u00e8le recherch\u00e9. Les pots habituels ne disposent g\u00e9n\u00e9ralement pas de suffisamment d\u2019orifices de drainage, rendant l\u2019\u00e9vacuation des liquides difficile.\",\"breadcrumb\":{\"@id\":\"https:\\\/\\\/atami.com\\\/fr\\\/produit\\\/pots-atami#breadcrumb\"},\"inLanguage\":\"fr-FR\",\"potentialAction\":[{\"@type\":\"ReadAction\",\"target\":[\"https:\\\/\\\/atami.com\\\/fr\\\/produit\\\/pots-atami\"]}]},{\"@type\":\"ImageObject\",\"inLanguage\":\"fr-FR\",\"@id\":\"https:\\\/\\\/atami.com\\\/fr\\\/produit\\\/pots-atami#primaryimage\",\"url\":\"https:\\\/\\\/atami.com\\\/wp-content\\\/uploads\\\/2023\\\/02\\\/Atami-Containers-Main-Image.webp\",\"contentUrl\":\"https:\\\/\\\/atami.com\\\/wp-content\\\/uploads\\\/2023\\\/02\\\/Atami-Containers-Main-Image.webp\",\"width\":1080,\"height\":1080,\"caption\":\"Les conteneurs Atami offrent un environnement robuste et respirant pour les plantes, favorisant un fort d\u00e9veloppement des racines et une croissance saine.\"},{\"@type\":\"BreadcrumbList\",\"@id\":\"https:\\\/\\\/atami.com\\\/fr\\\/produit\\\/pots-atami#breadcrumb\",\"itemListElement\":[{\"@type\":\"ListItem\",\"position\":1,\"name\":\"Home\",\"item\":\"https:\\\/\\\/atami.com\\\/fr\"},{\"@type\":\"ListItem\",\"position\":2,\"name\":\"Produits\",\"item\":\"https:\\\/\\\/atami.com\\\/fr\\\/shop\"},{\"@type\":\"ListItem\",\"position\":3,\"name\":\"Marques\",\"item\":\"https:\\\/\\\/atami.com\\\/fr\\\/categorie-produit\\\/marques\"},{\"@type\":\"ListItem\",\"position\":4,\"name\":\"Syst\u00e8mes de culture Wilma\",\"item\":\"https:\\\/\\\/atami.com\\\/fr\\\/categorie-produit\\\/marques\\\/systemes-de-culture-wilma\"},{\"@type\":\"ListItem\",\"position\":5,\"name\":\"Pots Atami\"}]},{\"@type\":\"WebSite\",\"@id\":\"https:\\\/\\\/atami.com\\\/fr#website\",\"url\":\"https:\\\/\\\/atami.com\\\/fr\",\"name\":\"Atami\",\"description\":\"NATURALLY INNOVATING!\",\"publisher\":{\"@id\":\"https:\\\/\\\/atami.com\\\/fr#organization\"},\"potentialAction\":[{\"@type\":\"SearchAction\",\"target\":{\"@type\":\"EntryPoint\",\"urlTemplate\":\"https:\\\/\\\/atami.com\\\/fr?s={search_term_string}\"},\"query-input\":{\"@type\":\"PropertyValueSpecification\",\"valueRequired\":true,\"valueName\":\"search_term_string\"}}],\"inLanguage\":\"fr-FR\"},{\"@type\":\"Organization\",\"@id\":\"https:\\\/\\\/atami.com\\\/fr#organization\",\"name\":\"Atami\",\"url\":\"https:\\\/\\\/atami.com\\\/fr\",\"logo\":{\"@type\":\"ImageObject\",\"inLanguage\":\"fr-FR\",\"@id\":\"https:\\\/\\\/atami.com\\\/fr#\\\/schema\\\/logo\\\/image\\\/\",\"url\":\"https:\\\/\\\/atami.com\\\/wp-content\\\/uploads\\\/2026\\\/01\\\/Atami-logo-696x696px.webp\",\"contentUrl\":\"https:\\\/\\\/atami.com\\\/wp-content\\\/uploads\\\/2026\\\/01\\\/Atami-logo-696x696px.webp\",\"width\":696,\"height\":696,\"caption\":\"Atami\"},\"image\":{\"@id\":\"https:\\\/\\\/atami.com\\\/fr#\\\/schema\\\/logo\\\/image\\\/\"},\"sameAs\":[\"https:\\\/\\\/www.facebook.com\\\/Atami.International\",\"https:\\\/\\\/x.com\\\/AtamiEU\",\"https:\\\/\\\/www.youtube.com\\\/c\\\/AtamiInternational\",\"https:\\\/\\\/www.instagram.com\\\/atami.international\\\/\"],\"description\":\"ATAMI is a premium plant nutrition & substrate brand founded in 1997 with the mission to make exceptional cultivation achievable for everyone. From legacy to license, we offer a wide variety of innovating award-winning products to let cultivators achieve maximum results in taste & yield.\",\"email\":\"info@mginnovations.es\",\"legalName\":\"Atami\",\"numberOfEmployees\":{\"@type\":\"QuantitativeValue\",\"minValue\":\"11\",\"maxValue\":\"50\"}}]}<\/script>\n<!-- \/ Yoast SEO Premium plugin. -->","yoast_head_json":{"title":"Pots Atami | Atami","description":"Atami propose une large vari\u00e9t\u00e9 de pots (ronds ou carr\u00e9s), afin que les cultivateurs puissent trouver le mod\u00e8le recherch\u00e9. Les pots habituels ne disposent g\u00e9n\u00e9ralement pas de suffisamment d\u2019orifices de drainage, rendant l\u2019\u00e9vacuation des liquides difficile.","robots":{"index":"index","follow":"follow","max-snippet":"max-snippet:-1","max-image-preview":"max-image-preview:large","max-video-preview":"max-video-preview:-1"},"canonical":"https:\/\/atami.com\/fr\/produit\/pots-atami","og_locale":"fr_FR","og_type":"article","og_title":"Pots Atami","og_description":"Atami propose une large vari\u00e9t\u00e9 de pots (ronds ou carr\u00e9s), afin que les cultivateurs puissent trouver le mod\u00e8le recherch\u00e9. Les pots habituels ne disposent g\u00e9n\u00e9ralement pas de suffisamment d\u2019orifices de drainage, rendant l\u2019\u00e9vacuation des liquides difficile.","og_url":"https:\/\/atami.com\/fr\/produit\/pots-atami","og_site_name":"Atami","article_publisher":"https:\/\/www.facebook.com\/Atami.International","article_modified_time":"2025-11-10T14:55:07+00:00","og_image":[{"width":1080,"height":1080,"url":"https:\/\/atami.com\/wp-content\/uploads\/2023\/02\/Atami-Containers-Main-Image.webp","type":"image\/webp"}],"twitter_card":"summary_large_image","twitter_site":"@AtamiEU","twitter_misc":{"Dur\u00e9e de lecture estim\u00e9e":"1 minute"},"schema":{"@context":"https:\/\/schema.org","@graph":[{"@type":"WebPage","@id":"https:\/\/atami.com\/fr\/produit\/pots-atami","url":"https:\/\/atami.com\/fr\/produit\/pots-atami","name":"Pots Atami | Atami","isPartOf":{"@id":"https:\/\/atami.com\/fr#website"},"primaryImageOfPage":{"@id":"https:\/\/atami.com\/fr\/produit\/pots-atami#primaryimage"},"image":{"@id":"https:\/\/atami.com\/fr\/produit\/pots-atami#primaryimage"},"thumbnailUrl":"https:\/\/atami.com\/wp-content\/uploads\/2023\/02\/Atami-Containers-Main-Image.webp","datePublished":"2023-02-14T15:40:49+00:00","dateModified":"2025-11-10T14:55:07+00:00","description":"Atami propose une large vari\u00e9t\u00e9 de pots (ronds ou carr\u00e9s), afin que les cultivateurs puissent trouver le mod\u00e8le recherch\u00e9. Les pots habituels ne disposent g\u00e9n\u00e9ralement pas de suffisamment d\u2019orifices de drainage, rendant l\u2019\u00e9vacuation des liquides difficile.","breadcrumb":{"@id":"https:\/\/atami.com\/fr\/produit\/pots-atami#breadcrumb"},"inLanguage":"fr-FR","potentialAction":[{"@type":"ReadAction","target":["https:\/\/atami.com\/fr\/produit\/pots-atami"]}]},{"@type":"ImageObject","inLanguage":"fr-FR","@id":"https:\/\/atami.com\/fr\/produit\/pots-atami#primaryimage","url":"https:\/\/atami.com\/wp-content\/uploads\/2023\/02\/Atami-Containers-Main-Image.webp","contentUrl":"https:\/\/atami.com\/wp-content\/uploads\/2023\/02\/Atami-Containers-Main-Image.webp","width":1080,"height":1080,"caption":"Les conteneurs Atami offrent un environnement robuste et respirant pour les plantes, favorisant un fort d\u00e9veloppement des racines et une croissance saine."},{"@type":"BreadcrumbList","@id":"https:\/\/atami.com\/fr\/produit\/pots-atami#breadcrumb","itemListElement":[{"@type":"ListItem","position":1,"name":"Home","item":"https:\/\/atami.com\/fr"},{"@type":"ListItem","position":2,"name":"Produits","item":"https:\/\/atami.com\/fr\/shop"},{"@type":"ListItem","position":3,"name":"Marques","item":"https:\/\/atami.com\/fr\/categorie-produit\/marques"},{"@type":"ListItem","position":4,"name":"Syst\u00e8mes de culture Wilma","item":"https:\/\/atami.com\/fr\/categorie-produit\/marques\/systemes-de-culture-wilma"},{"@type":"ListItem","position":5,"name":"Pots Atami"}]},{"@type":"WebSite","@id":"https:\/\/atami.com\/fr#website","url":"https:\/\/atami.com\/fr","name":"Atami","description":"NATURALLY INNOVATING!","publisher":{"@id":"https:\/\/atami.com\/fr#organization"},"potentialAction":[{"@type":"SearchAction","target":{"@type":"EntryPoint","urlTemplate":"https:\/\/atami.com\/fr?s={search_term_string}"},"query-input":{"@type":"PropertyValueSpecification","valueRequired":true,"valueName":"search_term_string"}}],"inLanguage":"fr-FR"},{"@type":"Organization","@id":"https:\/\/atami.com\/fr#organization","name":"Atami","url":"https:\/\/atami.com\/fr","logo":{"@type":"ImageObject","inLanguage":"fr-FR","@id":"https:\/\/atami.com\/fr#\/schema\/logo\/image\/","url":"https:\/\/atami.com\/wp-content\/uploads\/2026\/01\/Atami-logo-696x696px.webp","contentUrl":"https:\/\/atami.com\/wp-content\/uploads\/2026\/01\/Atami-logo-696x696px.webp","width":696,"height":696,"caption":"Atami"},"image":{"@id":"https:\/\/atami.com\/fr#\/schema\/logo\/image\/"},"sameAs":["https:\/\/www.facebook.com\/Atami.International","https:\/\/x.com\/AtamiEU","https:\/\/www.youtube.com\/c\/AtamiInternational","https:\/\/www.instagram.com\/atami.international\/"],"description":"ATAMI is a premium plant nutrition & substrate brand founded in 1997 with the mission to make exceptional cultivation achievable for everyone. From legacy to license, we offer a wide variety of innovating award-winning products to let cultivators achieve maximum results in taste & yield.","email":"info@mginnovations.es","legalName":"Atami","numberOfEmployees":{"@type":"QuantitativeValue","minValue":"11","maxValue":"50"}}]}},"_links":{"self":[{"href":"https:\/\/atami.com\/fr\/wp-json\/wp\/v2\/product\/21859","targetHints":{"allow":["GET"]}}],"collection":[{"href":"https:\/\/atami.com\/fr\/wp-json\/wp\/v2\/product"}],"about":[{"href":"https:\/\/atami.com\/fr\/wp-json\/wp\/v2\/types\/product"}],"replies":[{"embeddable":true,"href":"https:\/\/atami.com\/fr\/wp-json\/wp\/v2\/comments?post=21859"}],"wp:featuredmedia":[{"embeddable":true,"href":"https:\/\/atami.com\/fr\/wp-json\/wp\/v2\/media\/26594"}],"wp:attachment":[{"href":"https:\/\/atami.com\/fr\/wp-json\/wp\/v2\/media?parent=21859"}],"wp:term":[{"taxonomy":"product_brand","embeddable":true,"href":"https:\/\/atami.com\/fr\/wp-json\/wp\/v2\/product_brand?post=21859"},{"taxonomy":"product_cat","embeddable":true,"href":"https:\/\/atami.com\/fr\/wp-json\/wp\/v2\/product_cat?post=21859"},{"taxonomy":"product_tag","embeddable":true,"href":"https:\/\/atami.com\/fr\/wp-json\/wp\/v2\/product_tag?post=21859"}],"curies":[{"name":"wp","href":"https:\/\/api.w.org\/{rel}","templated":true}]}}