{"id":21855,"date":"2023-02-14T14:55:03","date_gmt":"2023-02-14T14:55:03","guid":{"rendered":"https:\/\/atami.com\/product\/wilma-xxl-5-pots-25l\/"},"modified":"2025-11-10T16:52:56","modified_gmt":"2025-11-10T14:52:56","slug":"wilma-xxl-5-pots-25l","status":"publish","type":"product","link":"https:\/\/atami.com\/fr\/produit\/wilma-xxl-5-pots-25l","title":{"rendered":"Wilma XXL 5 Complete 25L"},"content":{"rendered":"<p><strong>DIMENSIONS<\/strong><\/p>\n<p>45.3\u201d x 45.3\u201d x 7.9\u201d<\/p>\n<p>115cm x 115cm x 20cm<\/p>\n<p>&nbsp;<\/p>\n<p><strong>CAPACIT\u00c9 DU RESERVOIR<\/strong><\/p>\n<p>150 L<\/p>\n<p>&nbsp;<\/p>\n<p>5 pots Atami 25 L, syst\u00e8me d\u2019irrigation + pompe<\/p>\n","protected":false},"excerpt":{"rendered":"<p>DIMENSIONS 45.3\u201d x 45.3\u201d x 7.9\u201d 115cm x 115cm x 20cm &nbsp; CAPACIT\u00c9 DU RESERVOIR 150 L &nbsp; 5 pots Atami 25 L, syst\u00e8me d\u2019irrigation + pompe<\/p>\n","protected":false},"featured_media":26382,"comment_status":"closed","ping_status":"closed","template":"","meta":{"_acf_changed":false,"iawp_total_views":29},"product_brand":[],"product_cat":[186],"product_tag":[],"class_list":{"0":"post-21855","1":"product","2":"type-product","3":"status-publish","4":"has-post-thumbnail","6":"product_cat-systemes-de-culture-wilma","8":"first","9":"instock","10":"shipping-taxable","11":"product-type-simple"},"acf":{"short_description":"<p><strong>DIMENSIONS<\/strong><\/p><p>45.3\u201d x 45.3\u201d x 7.9\u201d<\/p><p>115cm x 115cm x 20cm<\/p><p>&nbsp;<\/p><p><strong>CAPACIT\u00c9 DU RESERVOIR<\/strong><\/p><p>150 L<\/p><p>&nbsp;<\/p><p>5 pots Atami 25 L, syst\u00e8me d\u2019irrigation + pompe<\/p>","suitable_for":"","application":"","dosage":"","npk_ratio":"","available_in":"","icon_1":"","icon_1_text":"","icon_2":"","icon_2_text":"","icon_3":"","icon_3_text":"","icon_4":"","icon_4_text":"","video":"","second_image":"","product_image_page":26397,"user_manual":"","new_icon_1":"","new_icon_2":"","new_icon_3":"","new_icon_4":"","grow_guides":"","category":"Syst\u00e8me de culture"},"yoast_head":"<!-- This site is optimized with the Yoast SEO Premium plugin v27.4 (Yoast SEO v27.4) - https:\/\/yoast.com\/product\/yoast-seo-premium-wordpress\/ -->\n<title>Pots Wilma XXL 25L \u2013 Id\u00e9aux pour des cultures abondantes<\/title>\n<meta name=\"description\" content=\"D\u00e9couvrez les pots Wilma XXL 25L pour une culture optimale de vos plantes. Offrant un espace de croissance g\u00e9n\u00e9reux, ces pots sont parfaits pour un d\u00e9veloppement vigoureux et des r\u00e9coltes abondantes. Achetez d\u00e8s maintenant !\" \/>\n<meta name=\"robots\" content=\"index, follow, max-snippet:-1, max-image-preview:large, max-video-preview:-1\" \/>\n<link rel=\"canonical\" href=\"https:\/\/atami.com\/fr\/produit\/wilma-xxl-5-pots-25l\" \/>\n<meta property=\"og:locale\" content=\"fr_FR\" \/>\n<meta property=\"og:type\" content=\"article\" \/>\n<meta property=\"og:title\" content=\"Wilma XXL 5 Complete 25L\" \/>\n<meta property=\"og:description\" content=\"D\u00e9couvrez les pots Wilma XXL 25L pour une culture optimale de vos plantes. Offrant un espace de croissance g\u00e9n\u00e9reux, ces pots sont parfaits pour un d\u00e9veloppement vigoureux et des r\u00e9coltes abondantes. Achetez d\u00e8s maintenant !\" \/>\n<meta property=\"og:url\" content=\"https:\/\/atami.com\/fr\/produit\/wilma-xxl-5-pots-25l\" \/>\n<meta property=\"og:site_name\" content=\"Atami\" \/>\n<meta property=\"article:publisher\" content=\"https:\/\/www.facebook.com\/Atami.International\" \/>\n<meta property=\"article:modified_time\" content=\"2025-11-10T14:52:56+00:00\" \/>\n<meta property=\"og:image\" content=\"https:\/\/atami.com\/wp-content\/uploads\/2023\/02\/Wilma-XXL-5-complete-25l-Main-Image.webp\" \/>\n\t<meta property=\"og:image:width\" content=\"1080\" \/>\n\t<meta property=\"og:image:height\" content=\"1080\" \/>\n\t<meta property=\"og:image:type\" content=\"image\/webp\" \/>\n<meta name=\"twitter:card\" content=\"summary_large_image\" \/>\n<meta name=\"twitter:site\" content=\"@AtamiEU\" \/>\n<meta name=\"twitter:label1\" content=\"Dur\u00e9e de lecture estim\u00e9e\" \/>\n\t<meta name=\"twitter:data1\" content=\"1 minute\" \/>\n<script type=\"application\/ld+json\" class=\"yoast-schema-graph\">{\"@context\":\"https:\\\/\\\/schema.org\",\"@graph\":[{\"@type\":\"WebPage\",\"@id\":\"https:\\\/\\\/atami.com\\\/fr\\\/produit\\\/wilma-xxl-5-pots-25l\",\"url\":\"https:\\\/\\\/atami.com\\\/fr\\\/produit\\\/wilma-xxl-5-pots-25l\",\"name\":\"Pots Wilma XXL 25L \u2013 Id\u00e9aux pour des cultures abondantes\",\"isPartOf\":{\"@id\":\"https:\\\/\\\/atami.com\\\/fr#website\"},\"primaryImageOfPage\":{\"@id\":\"https:\\\/\\\/atami.com\\\/fr\\\/produit\\\/wilma-xxl-5-pots-25l#primaryimage\"},\"image\":{\"@id\":\"https:\\\/\\\/atami.com\\\/fr\\\/produit\\\/wilma-xxl-5-pots-25l#primaryimage\"},\"thumbnailUrl\":\"https:\\\/\\\/atami.com\\\/wp-content\\\/uploads\\\/2023\\\/02\\\/Wilma-XXL-5-complete-25l-Main-Image.webp\",\"datePublished\":\"2023-02-14T14:55:03+00:00\",\"dateModified\":\"2025-11-10T14:52:56+00:00\",\"description\":\"D\u00e9couvrez les pots Wilma XXL 25L pour une culture optimale de vos plantes. Offrant un espace de croissance g\u00e9n\u00e9reux, ces pots sont parfaits pour un d\u00e9veloppement vigoureux et des r\u00e9coltes abondantes. Achetez d\u00e8s maintenant !\",\"breadcrumb\":{\"@id\":\"https:\\\/\\\/atami.com\\\/fr\\\/produit\\\/wilma-xxl-5-pots-25l#breadcrumb\"},\"inLanguage\":\"fr-FR\",\"potentialAction\":[{\"@type\":\"ReadAction\",\"target\":[\"https:\\\/\\\/atami.com\\\/fr\\\/produit\\\/wilma-xxl-5-pots-25l\"]}]},{\"@type\":\"ImageObject\",\"inLanguage\":\"fr-FR\",\"@id\":\"https:\\\/\\\/atami.com\\\/fr\\\/produit\\\/wilma-xxl-5-pots-25l#primaryimage\",\"url\":\"https:\\\/\\\/atami.com\\\/wp-content\\\/uploads\\\/2023\\\/02\\\/Wilma-XXL-5-complete-25l-Main-Image.webp\",\"contentUrl\":\"https:\\\/\\\/atami.com\\\/wp-content\\\/uploads\\\/2023\\\/02\\\/Wilma-XXL-5-complete-25l-Main-Image.webp\",\"width\":1080,\"height\":1080,\"caption\":\"Wilma XXL 5 Complete 25L propose une solution hydroponique professionnelle avec 5 grands pots de 25L et un syst\u00e8me d'irrigation efficace.\"},{\"@type\":\"BreadcrumbList\",\"@id\":\"https:\\\/\\\/atami.com\\\/fr\\\/produit\\\/wilma-xxl-5-pots-25l#breadcrumb\",\"itemListElement\":[{\"@type\":\"ListItem\",\"position\":1,\"name\":\"Home\",\"item\":\"https:\\\/\\\/atami.com\\\/fr\"},{\"@type\":\"ListItem\",\"position\":2,\"name\":\"Produits\",\"item\":\"https:\\\/\\\/atami.com\\\/fr\\\/shop\"},{\"@type\":\"ListItem\",\"position\":3,\"name\":\"Marques\",\"item\":\"https:\\\/\\\/atami.com\\\/fr\\\/categorie-produit\\\/marques\"},{\"@type\":\"ListItem\",\"position\":4,\"name\":\"Syst\u00e8mes de culture Wilma\",\"item\":\"https:\\\/\\\/atami.com\\\/fr\\\/categorie-produit\\\/marques\\\/systemes-de-culture-wilma\"},{\"@type\":\"ListItem\",\"position\":5,\"name\":\"Wilma XXL 5 Complete 25L\"}]},{\"@type\":\"WebSite\",\"@id\":\"https:\\\/\\\/atami.com\\\/fr#website\",\"url\":\"https:\\\/\\\/atami.com\\\/fr\",\"name\":\"Atami\",\"description\":\"NATURALLY INNOVATING!\",\"publisher\":{\"@id\":\"https:\\\/\\\/atami.com\\\/fr#organization\"},\"potentialAction\":[{\"@type\":\"SearchAction\",\"target\":{\"@type\":\"EntryPoint\",\"urlTemplate\":\"https:\\\/\\\/atami.com\\\/fr?s={search_term_string}\"},\"query-input\":{\"@type\":\"PropertyValueSpecification\",\"valueRequired\":true,\"valueName\":\"search_term_string\"}}],\"inLanguage\":\"fr-FR\"},{\"@type\":\"Organization\",\"@id\":\"https:\\\/\\\/atami.com\\\/fr#organization\",\"name\":\"Atami\",\"url\":\"https:\\\/\\\/atami.com\\\/fr\",\"logo\":{\"@type\":\"ImageObject\",\"inLanguage\":\"fr-FR\",\"@id\":\"https:\\\/\\\/atami.com\\\/fr#\\\/schema\\\/logo\\\/image\\\/\",\"url\":\"https:\\\/\\\/atami.com\\\/wp-content\\\/uploads\\\/2026\\\/01\\\/Atami-logo-696x696px.webp\",\"contentUrl\":\"https:\\\/\\\/atami.com\\\/wp-content\\\/uploads\\\/2026\\\/01\\\/Atami-logo-696x696px.webp\",\"width\":696,\"height\":696,\"caption\":\"Atami\"},\"image\":{\"@id\":\"https:\\\/\\\/atami.com\\\/fr#\\\/schema\\\/logo\\\/image\\\/\"},\"sameAs\":[\"https:\\\/\\\/www.facebook.com\\\/Atami.International\",\"https:\\\/\\\/x.com\\\/AtamiEU\",\"https:\\\/\\\/www.youtube.com\\\/c\\\/AtamiInternational\",\"https:\\\/\\\/www.instagram.com\\\/atami.international\\\/\"],\"description\":\"ATAMI is a premium plant nutrition & substrate brand founded in 1997 with the mission to make exceptional cultivation achievable for everyone. From legacy to license, we offer a wide variety of innovating award-winning products to let cultivators achieve maximum results in taste & yield.\",\"email\":\"info@mginnovations.es\",\"legalName\":\"Atami\",\"numberOfEmployees\":{\"@type\":\"QuantitativeValue\",\"minValue\":\"11\",\"maxValue\":\"50\"}}]}<\/script>\n<!-- \/ Yoast SEO Premium plugin. -->","yoast_head_json":{"title":"Pots Wilma XXL 25L \u2013 Id\u00e9aux pour des cultures abondantes","description":"D\u00e9couvrez les pots Wilma XXL 25L pour une culture optimale de vos plantes. Offrant un espace de croissance g\u00e9n\u00e9reux, ces pots sont parfaits pour un d\u00e9veloppement vigoureux et des r\u00e9coltes abondantes. Achetez d\u00e8s maintenant !","robots":{"index":"index","follow":"follow","max-snippet":"max-snippet:-1","max-image-preview":"max-image-preview:large","max-video-preview":"max-video-preview:-1"},"canonical":"https:\/\/atami.com\/fr\/produit\/wilma-xxl-5-pots-25l","og_locale":"fr_FR","og_type":"article","og_title":"Wilma XXL 5 Complete 25L","og_description":"D\u00e9couvrez les pots Wilma XXL 25L pour une culture optimale de vos plantes. Offrant un espace de croissance g\u00e9n\u00e9reux, ces pots sont parfaits pour un d\u00e9veloppement vigoureux et des r\u00e9coltes abondantes. Achetez d\u00e8s maintenant !","og_url":"https:\/\/atami.com\/fr\/produit\/wilma-xxl-5-pots-25l","og_site_name":"Atami","article_publisher":"https:\/\/www.facebook.com\/Atami.International","article_modified_time":"2025-11-10T14:52:56+00:00","og_image":[{"width":1080,"height":1080,"url":"https:\/\/atami.com\/wp-content\/uploads\/2023\/02\/Wilma-XXL-5-complete-25l-Main-Image.webp","type":"image\/webp"}],"twitter_card":"summary_large_image","twitter_site":"@AtamiEU","twitter_misc":{"Dur\u00e9e de lecture estim\u00e9e":"1 minute"},"schema":{"@context":"https:\/\/schema.org","@graph":[{"@type":"WebPage","@id":"https:\/\/atami.com\/fr\/produit\/wilma-xxl-5-pots-25l","url":"https:\/\/atami.com\/fr\/produit\/wilma-xxl-5-pots-25l","name":"Pots Wilma XXL 25L \u2013 Id\u00e9aux pour des cultures abondantes","isPartOf":{"@id":"https:\/\/atami.com\/fr#website"},"primaryImageOfPage":{"@id":"https:\/\/atami.com\/fr\/produit\/wilma-xxl-5-pots-25l#primaryimage"},"image":{"@id":"https:\/\/atami.com\/fr\/produit\/wilma-xxl-5-pots-25l#primaryimage"},"thumbnailUrl":"https:\/\/atami.com\/wp-content\/uploads\/2023\/02\/Wilma-XXL-5-complete-25l-Main-Image.webp","datePublished":"2023-02-14T14:55:03+00:00","dateModified":"2025-11-10T14:52:56+00:00","description":"D\u00e9couvrez les pots Wilma XXL 25L pour une culture optimale de vos plantes. Offrant un espace de croissance g\u00e9n\u00e9reux, ces pots sont parfaits pour un d\u00e9veloppement vigoureux et des r\u00e9coltes abondantes. Achetez d\u00e8s maintenant !","breadcrumb":{"@id":"https:\/\/atami.com\/fr\/produit\/wilma-xxl-5-pots-25l#breadcrumb"},"inLanguage":"fr-FR","potentialAction":[{"@type":"ReadAction","target":["https:\/\/atami.com\/fr\/produit\/wilma-xxl-5-pots-25l"]}]},{"@type":"ImageObject","inLanguage":"fr-FR","@id":"https:\/\/atami.com\/fr\/produit\/wilma-xxl-5-pots-25l#primaryimage","url":"https:\/\/atami.com\/wp-content\/uploads\/2023\/02\/Wilma-XXL-5-complete-25l-Main-Image.webp","contentUrl":"https:\/\/atami.com\/wp-content\/uploads\/2023\/02\/Wilma-XXL-5-complete-25l-Main-Image.webp","width":1080,"height":1080,"caption":"Wilma XXL 5 Complete 25L propose une solution hydroponique professionnelle avec 5 grands pots de 25L et un syst\u00e8me d'irrigation efficace."},{"@type":"BreadcrumbList","@id":"https:\/\/atami.com\/fr\/produit\/wilma-xxl-5-pots-25l#breadcrumb","itemListElement":[{"@type":"ListItem","position":1,"name":"Home","item":"https:\/\/atami.com\/fr"},{"@type":"ListItem","position":2,"name":"Produits","item":"https:\/\/atami.com\/fr\/shop"},{"@type":"ListItem","position":3,"name":"Marques","item":"https:\/\/atami.com\/fr\/categorie-produit\/marques"},{"@type":"ListItem","position":4,"name":"Syst\u00e8mes de culture Wilma","item":"https:\/\/atami.com\/fr\/categorie-produit\/marques\/systemes-de-culture-wilma"},{"@type":"ListItem","position":5,"name":"Wilma XXL 5 Complete 25L"}]},{"@type":"WebSite","@id":"https:\/\/atami.com\/fr#website","url":"https:\/\/atami.com\/fr","name":"Atami","description":"NATURALLY INNOVATING!","publisher":{"@id":"https:\/\/atami.com\/fr#organization"},"potentialAction":[{"@type":"SearchAction","target":{"@type":"EntryPoint","urlTemplate":"https:\/\/atami.com\/fr?s={search_term_string}"},"query-input":{"@type":"PropertyValueSpecification","valueRequired":true,"valueName":"search_term_string"}}],"inLanguage":"fr-FR"},{"@type":"Organization","@id":"https:\/\/atami.com\/fr#organization","name":"Atami","url":"https:\/\/atami.com\/fr","logo":{"@type":"ImageObject","inLanguage":"fr-FR","@id":"https:\/\/atami.com\/fr#\/schema\/logo\/image\/","url":"https:\/\/atami.com\/wp-content\/uploads\/2026\/01\/Atami-logo-696x696px.webp","contentUrl":"https:\/\/atami.com\/wp-content\/uploads\/2026\/01\/Atami-logo-696x696px.webp","width":696,"height":696,"caption":"Atami"},"image":{"@id":"https:\/\/atami.com\/fr#\/schema\/logo\/image\/"},"sameAs":["https:\/\/www.facebook.com\/Atami.International","https:\/\/x.com\/AtamiEU","https:\/\/www.youtube.com\/c\/AtamiInternational","https:\/\/www.instagram.com\/atami.international\/"],"description":"ATAMI is a premium plant nutrition & substrate brand founded in 1997 with the mission to make exceptional cultivation achievable for everyone. From legacy to license, we offer a wide variety of innovating award-winning products to let cultivators achieve maximum results in taste & yield.","email":"info@mginnovations.es","legalName":"Atami","numberOfEmployees":{"@type":"QuantitativeValue","minValue":"11","maxValue":"50"}}]}},"_links":{"self":[{"href":"https:\/\/atami.com\/fr\/wp-json\/wp\/v2\/product\/21855","targetHints":{"allow":["GET"]}}],"collection":[{"href":"https:\/\/atami.com\/fr\/wp-json\/wp\/v2\/product"}],"about":[{"href":"https:\/\/atami.com\/fr\/wp-json\/wp\/v2\/types\/product"}],"replies":[{"embeddable":true,"href":"https:\/\/atami.com\/fr\/wp-json\/wp\/v2\/comments?post=21855"}],"wp:featuredmedia":[{"embeddable":true,"href":"https:\/\/atami.com\/fr\/wp-json\/wp\/v2\/media\/26382"}],"wp:attachment":[{"href":"https:\/\/atami.com\/fr\/wp-json\/wp\/v2\/media?parent=21855"}],"wp:term":[{"taxonomy":"product_brand","embeddable":true,"href":"https:\/\/atami.com\/fr\/wp-json\/wp\/v2\/product_brand?post=21855"},{"taxonomy":"product_cat","embeddable":true,"href":"https:\/\/atami.com\/fr\/wp-json\/wp\/v2\/product_cat?post=21855"},{"taxonomy":"product_tag","embeddable":true,"href":"https:\/\/atami.com\/fr\/wp-json\/wp\/v2\/product_tag?post=21855"}],"curies":[{"name":"wp","href":"https:\/\/api.w.org\/{rel}","templated":true}]}}