{"id":21847,"date":"2023-02-14T13:25:58","date_gmt":"2023-02-14T13:25:58","guid":{"rendered":"https:\/\/atami.com\/product\/wilma-plugs-unit\/"},"modified":"2025-11-10T15:58:35","modified_gmt":"2025-11-10T13:58:35","slug":"wilma-plugs-unit","status":"publish","type":"product","link":"https:\/\/atami.com\/fr\/produit\/wilma-plugs-unit","title":{"rendered":"Wilma Plugs Unit"},"content":{"rendered":"<p>Posez le couvercle retourn\u00e9 sur le plateau. Vous obtenez ainsi une mini-serre offrant un climat id\u00e9al pour une parfaite germination des graines.<br \/>\nCaract\u00e9ristiques du Wilma Plugs Unit\u00a0:<\/p>\n<ul>\n<li>Les bouchons gonflent tr\u00e8s vite et sont directement pr\u00eats \u00e0 l\u2019emploi.<\/li>\n<li>Enracinement et croissance extr\u00eamement rapides.<\/li>\n<li>Les bouchons absorbent l\u2019eau facilement.<\/li>\n<\/ul>\n<p>&nbsp;<\/p>\n<p><strong>Pendant la culture\u00a0:<\/strong><\/p>\n<ul>\n<li>Veillez \u00e0 ce que les bouchons restent suffisamment humides pendant la croissance.<\/li>\n<li>La hauteur d\u2019eau ne doit pas d\u00e9passer 5 mm.<\/li>\n<li>Lorsque les plantes sont suffisamment grandes, vous pouvez les rempoter dans un pot, un bac ou le jardin.<\/li>\n<\/ul>\n<p>Wilma Plugs Unit est un produit \u00e9cologique naturel, sp\u00e9cialement con\u00e7u en coque de noix de coco. Cette mati\u00e8re naturelle se renouvelle rapidement et pr\u00e9sente ainsi un faible taux d\u2019\u00e9missions de CO<sup>2<\/sup>.<\/p>\n","protected":false},"excerpt":{"rendered":"<p>Pastilles de semis en coque de noix de coco<\/p>\n","protected":false},"featured_media":26158,"comment_status":"closed","ping_status":"closed","template":"","meta":{"_acf_changed":false,"iawp_total_views":5},"product_brand":[],"product_cat":[185],"product_tag":[],"class_list":{"0":"post-21847","1":"product","2":"type-product","3":"status-publish","4":"has-post-thumbnail","6":"product_cat-substrats-atami","8":"first","9":"instock","10":"shipping-taxable","11":"product-type-simple"},"acf":{"short_description":"<p>Posez le couvercle retourn\u00e9 sur le plateau. Vous obtenez ainsi une mini-serre offrant un climat id\u00e9al pour une parfaite germination des graines.<br \/>Caract\u00e9ristiques du Wilma Plugs Unit\u00a0:<\/p><ul>\t<li>Les bouchons gonflent tr\u00e8s vite et sont directement pr\u00eats \u00e0 l\u2019emploi.<\/li>\t<li>Enracinement et croissance extr\u00eamement rapides.<\/li>\t<li>Les bouchons absorbent l\u2019eau facilement.<\/li><\/ul><p>\u00a0<\/p><p><strong>Pendant la culture\u00a0:<\/strong><\/p><ul>\t<li>Veillez \u00e0 ce que les bouchons restent suffisamment humides pendant la croissance.<\/li>\t<li>La hauteur d\u2019eau ne doit pas d\u00e9passer 5 mm.<\/li>\t<li>Lorsque les plantes sont suffisamment grandes, vous pouvez les rempoter dans un pot, un bac ou le jardin.<\/li><\/ul><p>Wilma Plugs Unit est un produit \u00e9cologique naturel, sp\u00e9cialement con\u00e7u en coque de noix de coco. Cette mati\u00e8re naturelle se renouvelle rapidement et pr\u00e9sente ainsi un faible taux d\u2019\u00e9missions de CO<sup>2<\/sup>.<\/p>","suitable_for":"","application":"","dosage":"","npk_ratio":"","available_in":"","icon_1":"","icon_1_text":"","icon_2":"","icon_2_text":"","icon_3":"","icon_3_text":"","icon_4":"","icon_4_text":"","video":"","second_image":26173,"product_image_page":"","user_manual":"","new_icon_1":"","new_icon_2":"","new_icon_3":"","new_icon_4":"","grow_guides":null,"category":"Substrat"},"yoast_head":"<!-- This site is optimized with the Yoast SEO Premium plugin v27.5 (Yoast SEO v27.5) - https:\/\/yoast.com\/product\/yoast-seo-premium-wordpress\/ -->\n<title>Wilma Plugs Unit | Pastilles de semis en coque de noix de coco | Atami<\/title>\n<meta name=\"description\" content=\"Posez le couvercle retourn\u00e9 sur le plateau. Vous obtenez ainsi une mini-serre offrant un climat id\u00e9al pour une parfaite germination des graines. Caract\u00e9ristiques du Wilma Plugs Unit\u00a0:\" \/>\n<meta name=\"robots\" content=\"index, follow, max-snippet:-1, max-image-preview:large, max-video-preview:-1\" \/>\n<link rel=\"canonical\" href=\"https:\/\/atami.com\/fr\/produit\/wilma-plugs-unit\" \/>\n<meta property=\"og:locale\" content=\"fr_FR\" \/>\n<meta property=\"og:type\" content=\"article\" \/>\n<meta property=\"og:title\" content=\"Wilma Plugs Unit\" \/>\n<meta property=\"og:description\" content=\"Posez le couvercle retourn\u00e9 sur le plateau. Vous obtenez ainsi une mini-serre offrant un climat id\u00e9al pour une parfaite germination des graines. Caract\u00e9ristiques du Wilma Plugs Unit\u00a0:\" \/>\n<meta property=\"og:url\" content=\"https:\/\/atami.com\/fr\/produit\/wilma-plugs-unit\" \/>\n<meta property=\"og:site_name\" content=\"Atami\" \/>\n<meta property=\"article:publisher\" content=\"https:\/\/www.facebook.com\/Atami.International\" \/>\n<meta property=\"article:modified_time\" content=\"2025-11-10T13:58:35+00:00\" \/>\n<meta property=\"og:image\" content=\"https:\/\/atami.com\/wp-content\/uploads\/2023\/02\/Wilma-Plugs-Unit-Main-Image.webp\" \/>\n\t<meta property=\"og:image:width\" content=\"1080\" \/>\n\t<meta property=\"og:image:height\" content=\"1080\" \/>\n\t<meta property=\"og:image:type\" content=\"image\/webp\" \/>\n<meta name=\"twitter:card\" content=\"summary_large_image\" \/>\n<meta name=\"twitter:site\" content=\"@AtamiEU\" \/>\n<meta name=\"twitter:label1\" content=\"Dur\u00e9e de lecture estim\u00e9e\" \/>\n\t<meta name=\"twitter:data1\" content=\"1 minute\" \/>\n<script type=\"application\/ld+json\" class=\"yoast-schema-graph\">{\"@context\":\"https:\\\/\\\/schema.org\",\"@graph\":[{\"@type\":\"WebPage\",\"@id\":\"https:\\\/\\\/atami.com\\\/fr\\\/produit\\\/wilma-plugs-unit\",\"url\":\"https:\\\/\\\/atami.com\\\/fr\\\/produit\\\/wilma-plugs-unit\",\"name\":\"Wilma Plugs Unit | Pastilles de semis en coque de noix de coco | Atami\",\"isPartOf\":{\"@id\":\"https:\\\/\\\/atami.com\\\/fr#website\"},\"primaryImageOfPage\":{\"@id\":\"https:\\\/\\\/atami.com\\\/fr\\\/produit\\\/wilma-plugs-unit#primaryimage\"},\"image\":{\"@id\":\"https:\\\/\\\/atami.com\\\/fr\\\/produit\\\/wilma-plugs-unit#primaryimage\"},\"thumbnailUrl\":\"https:\\\/\\\/atami.com\\\/wp-content\\\/uploads\\\/2023\\\/02\\\/Wilma-Plugs-Unit-Main-Image.webp\",\"datePublished\":\"2023-02-14T13:25:58+00:00\",\"dateModified\":\"2025-11-10T13:58:35+00:00\",\"description\":\"Posez le couvercle retourn\u00e9 sur le plateau. Vous obtenez ainsi une mini-serre offrant un climat id\u00e9al pour une parfaite germination des graines. Caract\u00e9ristiques du Wilma Plugs Unit\u00a0:\",\"breadcrumb\":{\"@id\":\"https:\\\/\\\/atami.com\\\/fr\\\/produit\\\/wilma-plugs-unit#breadcrumb\"},\"inLanguage\":\"fr-FR\",\"potentialAction\":[{\"@type\":\"ReadAction\",\"target\":[\"https:\\\/\\\/atami.com\\\/fr\\\/produit\\\/wilma-plugs-unit\"]}]},{\"@type\":\"ImageObject\",\"inLanguage\":\"fr-FR\",\"@id\":\"https:\\\/\\\/atami.com\\\/fr\\\/produit\\\/wilma-plugs-unit#primaryimage\",\"url\":\"https:\\\/\\\/atami.com\\\/wp-content\\\/uploads\\\/2023\\\/02\\\/Wilma-Plugs-Unit-Main-Image.webp\",\"contentUrl\":\"https:\\\/\\\/atami.com\\\/wp-content\\\/uploads\\\/2023\\\/02\\\/Wilma-Plugs-Unit-Main-Image.webp\",\"width\":1080,\"height\":1080,\"caption\":\"L'unit\u00e9 Wilma Plugs aide \u00e0 cr\u00e9er un environnement optimal pour la germination des graines, garantissant une croissance saine et forte des plantes.\"},{\"@type\":\"BreadcrumbList\",\"@id\":\"https:\\\/\\\/atami.com\\\/fr\\\/produit\\\/wilma-plugs-unit#breadcrumb\",\"itemListElement\":[{\"@type\":\"ListItem\",\"position\":1,\"name\":\"Home\",\"item\":\"https:\\\/\\\/atami.com\\\/fr\"},{\"@type\":\"ListItem\",\"position\":2,\"name\":\"Produits\",\"item\":\"https:\\\/\\\/atami.com\\\/fr\\\/shop\"},{\"@type\":\"ListItem\",\"position\":3,\"name\":\"Marques\",\"item\":\"https:\\\/\\\/atami.com\\\/fr\\\/categorie-produit\\\/marques\"},{\"@type\":\"ListItem\",\"position\":4,\"name\":\"Substrats Atami\",\"item\":\"https:\\\/\\\/atami.com\\\/fr\\\/categorie-produit\\\/marques\\\/substrats-atami\"},{\"@type\":\"ListItem\",\"position\":5,\"name\":\"Wilma Plugs Unit\"}]},{\"@type\":\"WebSite\",\"@id\":\"https:\\\/\\\/atami.com\\\/fr#website\",\"url\":\"https:\\\/\\\/atami.com\\\/fr\",\"name\":\"Atami\",\"description\":\"NATURALLY INNOVATING!\",\"publisher\":{\"@id\":\"https:\\\/\\\/atami.com\\\/fr#organization\"},\"potentialAction\":[{\"@type\":\"SearchAction\",\"target\":{\"@type\":\"EntryPoint\",\"urlTemplate\":\"https:\\\/\\\/atami.com\\\/fr?s={search_term_string}\"},\"query-input\":{\"@type\":\"PropertyValueSpecification\",\"valueRequired\":true,\"valueName\":\"search_term_string\"}}],\"inLanguage\":\"fr-FR\"},{\"@type\":\"Organization\",\"@id\":\"https:\\\/\\\/atami.com\\\/fr#organization\",\"name\":\"Atami\",\"url\":\"https:\\\/\\\/atami.com\\\/fr\",\"logo\":{\"@type\":\"ImageObject\",\"inLanguage\":\"fr-FR\",\"@id\":\"https:\\\/\\\/atami.com\\\/fr#\\\/schema\\\/logo\\\/image\\\/\",\"url\":\"https:\\\/\\\/atami.com\\\/wp-content\\\/uploads\\\/2026\\\/01\\\/Atami-logo-696x696px.webp\",\"contentUrl\":\"https:\\\/\\\/atami.com\\\/wp-content\\\/uploads\\\/2026\\\/01\\\/Atami-logo-696x696px.webp\",\"width\":696,\"height\":696,\"caption\":\"Atami\"},\"image\":{\"@id\":\"https:\\\/\\\/atami.com\\\/fr#\\\/schema\\\/logo\\\/image\\\/\"},\"sameAs\":[\"https:\\\/\\\/www.facebook.com\\\/Atami.International\",\"https:\\\/\\\/x.com\\\/AtamiEU\",\"https:\\\/\\\/www.youtube.com\\\/c\\\/AtamiInternational\",\"https:\\\/\\\/www.instagram.com\\\/atami.international\\\/\"],\"description\":\"ATAMI is a premium plant nutrition & substrate brand founded in 1997 with the mission to make exceptional cultivation achievable for everyone. From legacy to license, we offer a wide variety of innovating award-winning products to let cultivators achieve maximum results in taste & yield.\",\"email\":\"info@mginnovations.es\",\"legalName\":\"Atami\",\"numberOfEmployees\":{\"@type\":\"QuantitativeValue\",\"minValue\":\"11\",\"maxValue\":\"50\"}}]}<\/script>\n<!-- \/ Yoast SEO Premium plugin. -->","yoast_head_json":{"title":"Wilma Plugs Unit | Pastilles de semis en coque de noix de coco | Atami","description":"Posez le couvercle retourn\u00e9 sur le plateau. Vous obtenez ainsi une mini-serre offrant un climat id\u00e9al pour une parfaite germination des graines. Caract\u00e9ristiques du Wilma Plugs Unit\u00a0:","robots":{"index":"index","follow":"follow","max-snippet":"max-snippet:-1","max-image-preview":"max-image-preview:large","max-video-preview":"max-video-preview:-1"},"canonical":"https:\/\/atami.com\/fr\/produit\/wilma-plugs-unit","og_locale":"fr_FR","og_type":"article","og_title":"Wilma Plugs Unit","og_description":"Posez le couvercle retourn\u00e9 sur le plateau. Vous obtenez ainsi une mini-serre offrant un climat id\u00e9al pour une parfaite germination des graines. Caract\u00e9ristiques du Wilma Plugs Unit\u00a0:","og_url":"https:\/\/atami.com\/fr\/produit\/wilma-plugs-unit","og_site_name":"Atami","article_publisher":"https:\/\/www.facebook.com\/Atami.International","article_modified_time":"2025-11-10T13:58:35+00:00","og_image":[{"width":1080,"height":1080,"url":"https:\/\/atami.com\/wp-content\/uploads\/2023\/02\/Wilma-Plugs-Unit-Main-Image.webp","type":"image\/webp"}],"twitter_card":"summary_large_image","twitter_site":"@AtamiEU","twitter_misc":{"Dur\u00e9e de lecture estim\u00e9e":"1 minute"},"schema":{"@context":"https:\/\/schema.org","@graph":[{"@type":"WebPage","@id":"https:\/\/atami.com\/fr\/produit\/wilma-plugs-unit","url":"https:\/\/atami.com\/fr\/produit\/wilma-plugs-unit","name":"Wilma Plugs Unit | Pastilles de semis en coque de noix de coco | Atami","isPartOf":{"@id":"https:\/\/atami.com\/fr#website"},"primaryImageOfPage":{"@id":"https:\/\/atami.com\/fr\/produit\/wilma-plugs-unit#primaryimage"},"image":{"@id":"https:\/\/atami.com\/fr\/produit\/wilma-plugs-unit#primaryimage"},"thumbnailUrl":"https:\/\/atami.com\/wp-content\/uploads\/2023\/02\/Wilma-Plugs-Unit-Main-Image.webp","datePublished":"2023-02-14T13:25:58+00:00","dateModified":"2025-11-10T13:58:35+00:00","description":"Posez le couvercle retourn\u00e9 sur le plateau. Vous obtenez ainsi une mini-serre offrant un climat id\u00e9al pour une parfaite germination des graines. Caract\u00e9ristiques du Wilma Plugs Unit\u00a0:","breadcrumb":{"@id":"https:\/\/atami.com\/fr\/produit\/wilma-plugs-unit#breadcrumb"},"inLanguage":"fr-FR","potentialAction":[{"@type":"ReadAction","target":["https:\/\/atami.com\/fr\/produit\/wilma-plugs-unit"]}]},{"@type":"ImageObject","inLanguage":"fr-FR","@id":"https:\/\/atami.com\/fr\/produit\/wilma-plugs-unit#primaryimage","url":"https:\/\/atami.com\/wp-content\/uploads\/2023\/02\/Wilma-Plugs-Unit-Main-Image.webp","contentUrl":"https:\/\/atami.com\/wp-content\/uploads\/2023\/02\/Wilma-Plugs-Unit-Main-Image.webp","width":1080,"height":1080,"caption":"L'unit\u00e9 Wilma Plugs aide \u00e0 cr\u00e9er un environnement optimal pour la germination des graines, garantissant une croissance saine et forte des plantes."},{"@type":"BreadcrumbList","@id":"https:\/\/atami.com\/fr\/produit\/wilma-plugs-unit#breadcrumb","itemListElement":[{"@type":"ListItem","position":1,"name":"Home","item":"https:\/\/atami.com\/fr"},{"@type":"ListItem","position":2,"name":"Produits","item":"https:\/\/atami.com\/fr\/shop"},{"@type":"ListItem","position":3,"name":"Marques","item":"https:\/\/atami.com\/fr\/categorie-produit\/marques"},{"@type":"ListItem","position":4,"name":"Substrats Atami","item":"https:\/\/atami.com\/fr\/categorie-produit\/marques\/substrats-atami"},{"@type":"ListItem","position":5,"name":"Wilma Plugs Unit"}]},{"@type":"WebSite","@id":"https:\/\/atami.com\/fr#website","url":"https:\/\/atami.com\/fr","name":"Atami","description":"NATURALLY INNOVATING!","publisher":{"@id":"https:\/\/atami.com\/fr#organization"},"potentialAction":[{"@type":"SearchAction","target":{"@type":"EntryPoint","urlTemplate":"https:\/\/atami.com\/fr?s={search_term_string}"},"query-input":{"@type":"PropertyValueSpecification","valueRequired":true,"valueName":"search_term_string"}}],"inLanguage":"fr-FR"},{"@type":"Organization","@id":"https:\/\/atami.com\/fr#organization","name":"Atami","url":"https:\/\/atami.com\/fr","logo":{"@type":"ImageObject","inLanguage":"fr-FR","@id":"https:\/\/atami.com\/fr#\/schema\/logo\/image\/","url":"https:\/\/atami.com\/wp-content\/uploads\/2026\/01\/Atami-logo-696x696px.webp","contentUrl":"https:\/\/atami.com\/wp-content\/uploads\/2026\/01\/Atami-logo-696x696px.webp","width":696,"height":696,"caption":"Atami"},"image":{"@id":"https:\/\/atami.com\/fr#\/schema\/logo\/image\/"},"sameAs":["https:\/\/www.facebook.com\/Atami.International","https:\/\/x.com\/AtamiEU","https:\/\/www.youtube.com\/c\/AtamiInternational","https:\/\/www.instagram.com\/atami.international\/"],"description":"ATAMI is a premium plant nutrition & substrate brand founded in 1997 with the mission to make exceptional cultivation achievable for everyone. From legacy to license, we offer a wide variety of innovating award-winning products to let cultivators achieve maximum results in taste & yield.","email":"info@mginnovations.es","legalName":"Atami","numberOfEmployees":{"@type":"QuantitativeValue","minValue":"11","maxValue":"50"}}]}},"_links":{"self":[{"href":"https:\/\/atami.com\/fr\/wp-json\/wp\/v2\/product\/21847","targetHints":{"allow":["GET"]}}],"collection":[{"href":"https:\/\/atami.com\/fr\/wp-json\/wp\/v2\/product"}],"about":[{"href":"https:\/\/atami.com\/fr\/wp-json\/wp\/v2\/types\/product"}],"replies":[{"embeddable":true,"href":"https:\/\/atami.com\/fr\/wp-json\/wp\/v2\/comments?post=21847"}],"wp:featuredmedia":[{"embeddable":true,"href":"https:\/\/atami.com\/fr\/wp-json\/wp\/v2\/media\/26158"}],"wp:attachment":[{"href":"https:\/\/atami.com\/fr\/wp-json\/wp\/v2\/media?parent=21847"}],"wp:term":[{"taxonomy":"product_brand","embeddable":true,"href":"https:\/\/atami.com\/fr\/wp-json\/wp\/v2\/product_brand?post=21847"},{"taxonomy":"product_cat","embeddable":true,"href":"https:\/\/atami.com\/fr\/wp-json\/wp\/v2\/product_cat?post=21847"},{"taxonomy":"product_tag","embeddable":true,"href":"https:\/\/atami.com\/fr\/wp-json\/wp\/v2\/product_tag?post=21847"}],"curies":[{"name":"wp","href":"https:\/\/api.w.org\/{rel}","templated":true}]}}