{"id":21843,"date":"2023-02-14T12:02:27","date_gmt":"2023-02-14T12:02:27","guid":{"rendered":"https:\/\/atami.com\/product\/worm-delight\/"},"modified":"2025-11-10T15:50:45","modified_gmt":"2025-11-10T13:50:45","slug":"worm-delight","status":"publish","type":"product","link":"https:\/\/atami.com\/fr\/produit\/worm-delight","title":{"rendered":"Worm Delight"},"content":{"rendered":"<p>Atami Worm Delight est l\u2019un des composant les plus importants pour les cultures. Il favorise une croissance saine et rapide de la plante et une r\u00e9colte abondante. Son utilisation pendant la p\u00e9riode de floraison est essentielle. Atami Worm Delight peut \u00eatre r\u00e9guli\u00e8rement ajout\u00e9 au m\u00e9lange de terre, il constitue un tr\u00e8s bon engrais qui ne sera jamais en exc\u00e8s dans le substrat. En plus du potassium, Atami Worm Delight contient des nutriments essentiels qui contribueront \u00e0 une croissance exceptionnelle (l\u2019azote) et \u00e0 une production de fleurs abondante (le phosphore).<\/p>\n<p>&nbsp;<\/p>\n<p>Saviez-vous que Atami Worm Delight est un lombricompost si fertile, qu\u2019il serait presque possible d\u2019y faire pousser directement les plantes ? Atami Worm Delight contient une proportion \u00e9quilibr\u00e9e des engrais les plus importants et offre l\u2019avantage de ne pas sur-fertiliser trop rapidement les plantes. Atami Worm Delight contribue en outre \u00e0 un \u00e9quilibre optimal de la terre car il contient des champignons et des bact\u00e9ries vivants. Il veille de cette mani\u00e8re \u00e0 une croissance rapide de la plante. Enfin, Atami Worm Delight maintient le substrat l\u00e9ger, garantissant une p\u00e9n\u00e9tration suffisante de l\u2019oxyg\u00e8ne. Atami Worm Delight est tr\u00e8s \u00e9conomique \u00e0 l\u2019emploi, ce qui \u00e0 son tour est agr\u00e9able pour le porte-monnaie.<\/p>\n<p>&nbsp;<\/p>\n<p><strong>Disponible en 20 L<\/strong><\/p>\n","protected":false},"excerpt":{"rendered":"<p>Am\u00e9liorateur de sol riche en microorganismes et en nutriments essentiels<\/p>\n","protected":false},"featured_media":25405,"comment_status":"closed","ping_status":"closed","template":"","meta":{"_acf_changed":false,"iawp_total_views":75},"product_brand":[],"product_cat":[185],"product_tag":[],"class_list":{"0":"post-21843","1":"product","2":"type-product","3":"status-publish","4":"has-post-thumbnail","6":"product_cat-substrats-atami","8":"first","9":"instock","10":"shipping-taxable","11":"product-type-simple"},"acf":{"short_description":"<p>Atami Worm Delight est l\u2019un des composant les plus importants pour les cultures. Il favorise une croissance saine et rapide de la plante et une r\u00e9colte abondante. Son utilisation pendant la p\u00e9riode de floraison est essentielle. Atami Worm Delight peut \u00eatre r\u00e9guli\u00e8rement ajout\u00e9 au m\u00e9lange de terre, il constitue un tr\u00e8s bon engrais qui ne sera jamais en exc\u00e8s dans le substrat. En plus du potassium, Atami Worm Delight contient des nutriments essentiels qui contribueront \u00e0 une croissance exceptionnelle (l\u2019azote) et \u00e0 une production de fleurs abondante (le phosphore).<\/p><p>&nbsp;<\/p><p>Saviez-vous que Atami Worm Delight est un lombricompost si fertile, qu\u2019il serait presque possible d\u2019y faire pousser directement les plantes ? Atami Worm Delight contient une proportion \u00e9quilibr\u00e9e des engrais les plus importants et offre l\u2019avantage de ne pas sur-fertiliser trop rapidement les plantes. Atami Worm Delight contribue en outre \u00e0 un \u00e9quilibre optimal de la terre car il contient des champignons et des bact\u00e9ries vivants. Il veille de cette mani\u00e8re \u00e0 une croissance rapide de la plante. Enfin, Atami Worm Delight maintient le substrat l\u00e9ger, garantissant une p\u00e9n\u00e9tration suffisante de l\u2019oxyg\u00e8ne. Atami Worm Delight est tr\u00e8s \u00e9conomique \u00e0 l\u2019emploi, ce qui \u00e0 son tour est agr\u00e9able pour le porte-monnaie.<\/p>","suitable_for":"","application":"","dosage":"","npk_ratio":"","available_in":"<p>20L<\/p>","icon_1":"","icon_1_text":"","icon_2":195195,"icon_2_text":"","icon_3":"","icon_3_text":"","icon_4":"","icon_4_text":"","video":"https:\/\/youtu.be\/qW0CnF9D2e4","second_image":25420,"product_image_page":"","user_manual":"","new_icon_1":"","new_icon_2":"","new_icon_3":"","new_icon_4":"","grow_guides":"","category":"Substrat"},"yoast_head":"<!-- This site is optimized with the Yoast SEO Premium plugin v27.4 (Yoast SEO v27.4) - https:\/\/yoast.com\/product\/yoast-seo-premium-wordpress\/ -->\n<title>Worm Delight : Engrais Naturel pour une Croissance V\u00e9g\u00e9tale Optimale<\/title>\n<meta name=\"description\" content=\"Am\u00e9liorez la croissance de vos plantes avec Worm Delight, un engrais naturel \u00e0 base de vers de terre. Riche en nutriments, il favorise une croissance saine et vigoureuse. Parfait pour un jardinage respectueux de l&#039;environnement, sans produits chimiques.\" \/>\n<meta name=\"robots\" content=\"index, follow, max-snippet:-1, max-image-preview:large, max-video-preview:-1\" \/>\n<link rel=\"canonical\" href=\"https:\/\/atami.com\/fr\/produit\/worm-delight\" \/>\n<meta property=\"og:locale\" content=\"fr_FR\" \/>\n<meta property=\"og:type\" content=\"article\" \/>\n<meta property=\"og:title\" content=\"Worm Delight\" \/>\n<meta property=\"og:description\" content=\"Am\u00e9liorez la croissance de vos plantes avec Worm Delight, un engrais naturel \u00e0 base de vers de terre. Riche en nutriments, il favorise une croissance saine et vigoureuse. Parfait pour un jardinage respectueux de l&#039;environnement, sans produits chimiques.\" \/>\n<meta property=\"og:url\" content=\"https:\/\/atami.com\/fr\/produit\/worm-delight\" \/>\n<meta property=\"og:site_name\" content=\"Atami\" \/>\n<meta property=\"article:publisher\" content=\"https:\/\/www.facebook.com\/Atami.International\" \/>\n<meta property=\"article:modified_time\" content=\"2025-11-10T13:50:45+00:00\" \/>\n<meta property=\"og:image\" content=\"https:\/\/atami.com\/wp-content\/uploads\/2023\/02\/Worm-Delight-Main-Image.webp\" \/>\n\t<meta property=\"og:image:width\" content=\"1080\" \/>\n\t<meta property=\"og:image:height\" content=\"1080\" \/>\n\t<meta property=\"og:image:type\" content=\"image\/webp\" \/>\n<meta name=\"twitter:card\" content=\"summary_large_image\" \/>\n<meta name=\"twitter:site\" content=\"@AtamiEU\" \/>\n<meta name=\"twitter:label1\" content=\"Dur\u00e9e de lecture estim\u00e9e\" \/>\n\t<meta name=\"twitter:data1\" content=\"2 minutes\" \/>\n<script type=\"application\/ld+json\" class=\"yoast-schema-graph\">{\"@context\":\"https:\\\/\\\/schema.org\",\"@graph\":[{\"@type\":\"WebPage\",\"@id\":\"https:\\\/\\\/atami.com\\\/fr\\\/produit\\\/worm-delight\",\"url\":\"https:\\\/\\\/atami.com\\\/fr\\\/produit\\\/worm-delight\",\"name\":\"Worm Delight : Engrais Naturel pour une Croissance V\u00e9g\u00e9tale Optimale\",\"isPartOf\":{\"@id\":\"https:\\\/\\\/atami.com\\\/fr#website\"},\"primaryImageOfPage\":{\"@id\":\"https:\\\/\\\/atami.com\\\/fr\\\/produit\\\/worm-delight#primaryimage\"},\"image\":{\"@id\":\"https:\\\/\\\/atami.com\\\/fr\\\/produit\\\/worm-delight#primaryimage\"},\"thumbnailUrl\":\"https:\\\/\\\/atami.com\\\/wp-content\\\/uploads\\\/2023\\\/02\\\/Worm-Delight-Main-Image.webp\",\"datePublished\":\"2023-02-14T12:02:27+00:00\",\"dateModified\":\"2025-11-10T13:50:45+00:00\",\"description\":\"Am\u00e9liorez la croissance de vos plantes avec Worm Delight, un engrais naturel \u00e0 base de vers de terre. Riche en nutriments, il favorise une croissance saine et vigoureuse. Parfait pour un jardinage respectueux de l'environnement, sans produits chimiques.\",\"breadcrumb\":{\"@id\":\"https:\\\/\\\/atami.com\\\/fr\\\/produit\\\/worm-delight#breadcrumb\"},\"inLanguage\":\"fr-FR\",\"potentialAction\":[{\"@type\":\"ReadAction\",\"target\":[\"https:\\\/\\\/atami.com\\\/fr\\\/produit\\\/worm-delight\"]}]},{\"@type\":\"ImageObject\",\"inLanguage\":\"fr-FR\",\"@id\":\"https:\\\/\\\/atami.com\\\/fr\\\/produit\\\/worm-delight#primaryimage\",\"url\":\"https:\\\/\\\/atami.com\\\/wp-content\\\/uploads\\\/2023\\\/02\\\/Worm-Delight-Main-Image.webp\",\"contentUrl\":\"https:\\\/\\\/atami.com\\\/wp-content\\\/uploads\\\/2023\\\/02\\\/Worm-Delight-Main-Image.webp\",\"width\":1080,\"height\":1080,\"caption\":\"Worm Delight enrichit votre sol avec des nutriments essentiels et des micro-organismes b\u00e9n\u00e9fiques, favorisant ainsi le d\u00e9veloppement sain des plantes.\"},{\"@type\":\"BreadcrumbList\",\"@id\":\"https:\\\/\\\/atami.com\\\/fr\\\/produit\\\/worm-delight#breadcrumb\",\"itemListElement\":[{\"@type\":\"ListItem\",\"position\":1,\"name\":\"Home\",\"item\":\"https:\\\/\\\/atami.com\\\/fr\"},{\"@type\":\"ListItem\",\"position\":2,\"name\":\"Produits\",\"item\":\"https:\\\/\\\/atami.com\\\/fr\\\/shop\"},{\"@type\":\"ListItem\",\"position\":3,\"name\":\"Marques\",\"item\":\"https:\\\/\\\/atami.com\\\/fr\\\/categorie-produit\\\/marques\"},{\"@type\":\"ListItem\",\"position\":4,\"name\":\"Substrats Atami\",\"item\":\"https:\\\/\\\/atami.com\\\/fr\\\/categorie-produit\\\/marques\\\/substrats-atami\"},{\"@type\":\"ListItem\",\"position\":5,\"name\":\"Worm Delight\"}]},{\"@type\":\"WebSite\",\"@id\":\"https:\\\/\\\/atami.com\\\/fr#website\",\"url\":\"https:\\\/\\\/atami.com\\\/fr\",\"name\":\"Atami\",\"description\":\"NATURALLY INNOVATING!\",\"publisher\":{\"@id\":\"https:\\\/\\\/atami.com\\\/fr#organization\"},\"potentialAction\":[{\"@type\":\"SearchAction\",\"target\":{\"@type\":\"EntryPoint\",\"urlTemplate\":\"https:\\\/\\\/atami.com\\\/fr?s={search_term_string}\"},\"query-input\":{\"@type\":\"PropertyValueSpecification\",\"valueRequired\":true,\"valueName\":\"search_term_string\"}}],\"inLanguage\":\"fr-FR\"},{\"@type\":\"Organization\",\"@id\":\"https:\\\/\\\/atami.com\\\/fr#organization\",\"name\":\"Atami\",\"url\":\"https:\\\/\\\/atami.com\\\/fr\",\"logo\":{\"@type\":\"ImageObject\",\"inLanguage\":\"fr-FR\",\"@id\":\"https:\\\/\\\/atami.com\\\/fr#\\\/schema\\\/logo\\\/image\\\/\",\"url\":\"https:\\\/\\\/atami.com\\\/wp-content\\\/uploads\\\/2026\\\/01\\\/Atami-logo-696x696px.webp\",\"contentUrl\":\"https:\\\/\\\/atami.com\\\/wp-content\\\/uploads\\\/2026\\\/01\\\/Atami-logo-696x696px.webp\",\"width\":696,\"height\":696,\"caption\":\"Atami\"},\"image\":{\"@id\":\"https:\\\/\\\/atami.com\\\/fr#\\\/schema\\\/logo\\\/image\\\/\"},\"sameAs\":[\"https:\\\/\\\/www.facebook.com\\\/Atami.International\",\"https:\\\/\\\/x.com\\\/AtamiEU\",\"https:\\\/\\\/www.youtube.com\\\/c\\\/AtamiInternational\",\"https:\\\/\\\/www.instagram.com\\\/atami.international\\\/\"],\"description\":\"ATAMI is a premium plant nutrition & substrate brand founded in 1997 with the mission to make exceptional cultivation achievable for everyone. From legacy to license, we offer a wide variety of innovating award-winning products to let cultivators achieve maximum results in taste & yield.\",\"email\":\"info@mginnovations.es\",\"legalName\":\"Atami\",\"numberOfEmployees\":{\"@type\":\"QuantitativeValue\",\"minValue\":\"11\",\"maxValue\":\"50\"}}]}<\/script>\n<!-- \/ Yoast SEO Premium plugin. -->","yoast_head_json":{"title":"Worm Delight : Engrais Naturel pour une Croissance V\u00e9g\u00e9tale Optimale","description":"Am\u00e9liorez la croissance de vos plantes avec Worm Delight, un engrais naturel \u00e0 base de vers de terre. Riche en nutriments, il favorise une croissance saine et vigoureuse. Parfait pour un jardinage respectueux de l'environnement, sans produits chimiques.","robots":{"index":"index","follow":"follow","max-snippet":"max-snippet:-1","max-image-preview":"max-image-preview:large","max-video-preview":"max-video-preview:-1"},"canonical":"https:\/\/atami.com\/fr\/produit\/worm-delight","og_locale":"fr_FR","og_type":"article","og_title":"Worm Delight","og_description":"Am\u00e9liorez la croissance de vos plantes avec Worm Delight, un engrais naturel \u00e0 base de vers de terre. Riche en nutriments, il favorise une croissance saine et vigoureuse. Parfait pour un jardinage respectueux de l'environnement, sans produits chimiques.","og_url":"https:\/\/atami.com\/fr\/produit\/worm-delight","og_site_name":"Atami","article_publisher":"https:\/\/www.facebook.com\/Atami.International","article_modified_time":"2025-11-10T13:50:45+00:00","og_image":[{"width":1080,"height":1080,"url":"https:\/\/atami.com\/wp-content\/uploads\/2023\/02\/Worm-Delight-Main-Image.webp","type":"image\/webp"}],"twitter_card":"summary_large_image","twitter_site":"@AtamiEU","twitter_misc":{"Dur\u00e9e de lecture estim\u00e9e":"2 minutes"},"schema":{"@context":"https:\/\/schema.org","@graph":[{"@type":"WebPage","@id":"https:\/\/atami.com\/fr\/produit\/worm-delight","url":"https:\/\/atami.com\/fr\/produit\/worm-delight","name":"Worm Delight : Engrais Naturel pour une Croissance V\u00e9g\u00e9tale Optimale","isPartOf":{"@id":"https:\/\/atami.com\/fr#website"},"primaryImageOfPage":{"@id":"https:\/\/atami.com\/fr\/produit\/worm-delight#primaryimage"},"image":{"@id":"https:\/\/atami.com\/fr\/produit\/worm-delight#primaryimage"},"thumbnailUrl":"https:\/\/atami.com\/wp-content\/uploads\/2023\/02\/Worm-Delight-Main-Image.webp","datePublished":"2023-02-14T12:02:27+00:00","dateModified":"2025-11-10T13:50:45+00:00","description":"Am\u00e9liorez la croissance de vos plantes avec Worm Delight, un engrais naturel \u00e0 base de vers de terre. Riche en nutriments, il favorise une croissance saine et vigoureuse. Parfait pour un jardinage respectueux de l'environnement, sans produits chimiques.","breadcrumb":{"@id":"https:\/\/atami.com\/fr\/produit\/worm-delight#breadcrumb"},"inLanguage":"fr-FR","potentialAction":[{"@type":"ReadAction","target":["https:\/\/atami.com\/fr\/produit\/worm-delight"]}]},{"@type":"ImageObject","inLanguage":"fr-FR","@id":"https:\/\/atami.com\/fr\/produit\/worm-delight#primaryimage","url":"https:\/\/atami.com\/wp-content\/uploads\/2023\/02\/Worm-Delight-Main-Image.webp","contentUrl":"https:\/\/atami.com\/wp-content\/uploads\/2023\/02\/Worm-Delight-Main-Image.webp","width":1080,"height":1080,"caption":"Worm Delight enrichit votre sol avec des nutriments essentiels et des micro-organismes b\u00e9n\u00e9fiques, favorisant ainsi le d\u00e9veloppement sain des plantes."},{"@type":"BreadcrumbList","@id":"https:\/\/atami.com\/fr\/produit\/worm-delight#breadcrumb","itemListElement":[{"@type":"ListItem","position":1,"name":"Home","item":"https:\/\/atami.com\/fr"},{"@type":"ListItem","position":2,"name":"Produits","item":"https:\/\/atami.com\/fr\/shop"},{"@type":"ListItem","position":3,"name":"Marques","item":"https:\/\/atami.com\/fr\/categorie-produit\/marques"},{"@type":"ListItem","position":4,"name":"Substrats Atami","item":"https:\/\/atami.com\/fr\/categorie-produit\/marques\/substrats-atami"},{"@type":"ListItem","position":5,"name":"Worm Delight"}]},{"@type":"WebSite","@id":"https:\/\/atami.com\/fr#website","url":"https:\/\/atami.com\/fr","name":"Atami","description":"NATURALLY INNOVATING!","publisher":{"@id":"https:\/\/atami.com\/fr#organization"},"potentialAction":[{"@type":"SearchAction","target":{"@type":"EntryPoint","urlTemplate":"https:\/\/atami.com\/fr?s={search_term_string}"},"query-input":{"@type":"PropertyValueSpecification","valueRequired":true,"valueName":"search_term_string"}}],"inLanguage":"fr-FR"},{"@type":"Organization","@id":"https:\/\/atami.com\/fr#organization","name":"Atami","url":"https:\/\/atami.com\/fr","logo":{"@type":"ImageObject","inLanguage":"fr-FR","@id":"https:\/\/atami.com\/fr#\/schema\/logo\/image\/","url":"https:\/\/atami.com\/wp-content\/uploads\/2026\/01\/Atami-logo-696x696px.webp","contentUrl":"https:\/\/atami.com\/wp-content\/uploads\/2026\/01\/Atami-logo-696x696px.webp","width":696,"height":696,"caption":"Atami"},"image":{"@id":"https:\/\/atami.com\/fr#\/schema\/logo\/image\/"},"sameAs":["https:\/\/www.facebook.com\/Atami.International","https:\/\/x.com\/AtamiEU","https:\/\/www.youtube.com\/c\/AtamiInternational","https:\/\/www.instagram.com\/atami.international\/"],"description":"ATAMI is a premium plant nutrition & substrate brand founded in 1997 with the mission to make exceptional cultivation achievable for everyone. From legacy to license, we offer a wide variety of innovating award-winning products to let cultivators achieve maximum results in taste & yield.","email":"info@mginnovations.es","legalName":"Atami","numberOfEmployees":{"@type":"QuantitativeValue","minValue":"11","maxValue":"50"}}]}},"_links":{"self":[{"href":"https:\/\/atami.com\/fr\/wp-json\/wp\/v2\/product\/21843","targetHints":{"allow":["GET"]}}],"collection":[{"href":"https:\/\/atami.com\/fr\/wp-json\/wp\/v2\/product"}],"about":[{"href":"https:\/\/atami.com\/fr\/wp-json\/wp\/v2\/types\/product"}],"replies":[{"embeddable":true,"href":"https:\/\/atami.com\/fr\/wp-json\/wp\/v2\/comments?post=21843"}],"wp:featuredmedia":[{"embeddable":true,"href":"https:\/\/atami.com\/fr\/wp-json\/wp\/v2\/media\/25405"}],"wp:attachment":[{"href":"https:\/\/atami.com\/fr\/wp-json\/wp\/v2\/media?parent=21843"}],"wp:term":[{"taxonomy":"product_brand","embeddable":true,"href":"https:\/\/atami.com\/fr\/wp-json\/wp\/v2\/product_brand?post=21843"},{"taxonomy":"product_cat","embeddable":true,"href":"https:\/\/atami.com\/fr\/wp-json\/wp\/v2\/product_cat?post=21843"},{"taxonomy":"product_tag","embeddable":true,"href":"https:\/\/atami.com\/fr\/wp-json\/wp\/v2\/product_tag?post=21843"}],"curies":[{"name":"wp","href":"https:\/\/api.w.org\/{rel}","templated":true}]}}