{"id":21841,"date":"2023-02-14T10:56:27","date_gmt":"2023-02-14T10:56:27","guid":{"rendered":"https:\/\/atami.com\/product\/hydro-rokz\/"},"modified":"2025-11-10T15:57:35","modified_gmt":"2025-11-10T13:57:35","slug":"hydro-rokz","status":"publish","type":"product","link":"https:\/\/atami.com\/fr\/produit\/hydro-rokz","title":{"rendered":"Hydro Rokz"},"content":{"rendered":"<p>Les billes d\u2019argile Atami Hydro Rokz sont fabriqu\u00e9es en argile cuite pure et non sal\u00e9e. Elles contiennent une concentration d\u2019\u00e9l\u00e9ments tr\u00e8s faible. La qualit\u00e9 des billes d\u2019argiles est en grande partie d\u00e9termin\u00e9e par leur pH. Elles contiennent \u00e9galement une concentration importante de fluor, sodium et mangan\u00e8se.<\/p>\n<p>&nbsp;<\/p>\n<p>Les billes d\u2019argile Atami Hydro Rokz sont utilis\u00e9es pour diff\u00e9rents types de culture. Pour les cultures en pots, elles sont souvent plac\u00e9es au fond du pot, sous le substrat. Les billes d\u2019agiles permettent alors un drainage compl\u00e9mentaire, un meilleur \u00e9coulement et une meilleure oxyg\u00e9nation par le bas. Dans d\u2019autres cas, les billes d\u2019agiles sont m\u00e9lang\u00e9es au substrat afin de l\u2019a\u00e9rer. Les racines pr\u00e9senteront ainsi une meilleure ramification.<\/p>\n<p>&nbsp;<\/p>\n<p>Une troisi\u00e8me m\u00e9thode souvent utilis\u00e9e consiste \u00e0 cultiver les plantes directement sur les billes d\u2019argiles associ\u00e9es \u00e0 une pompe \u00e0 oxyg\u00e8ne. Les racines au fond du pot sont ainsi constamment immerg\u00e9es dans l\u2019eau m\u00e9lang\u00e9e aux engrais liquides alors que la pompe apporte une quantit\u00e9 d\u2019oxyg\u00e8ne suffisante aux racines. Cette m\u00e9thode de culture est tr\u00e8s efficace.<\/p>\n<p>&nbsp;<\/p>\n<p><strong>EC: 0,4<\/strong><\/p>\n<p>&nbsp;<\/p>\n<p><strong>Disponible en 40 L<\/strong><\/p>\n","protected":false},"excerpt":{"rendered":"<p>Billes d\u2019argile \u00e0 usage agricole<\/p>\n","protected":false},"featured_media":25375,"comment_status":"closed","ping_status":"closed","template":"","meta":{"_acf_changed":false,"iawp_total_views":25},"product_brand":[],"product_cat":[185],"product_tag":[],"class_list":{"0":"post-21841","1":"product","2":"type-product","3":"status-publish","4":"has-post-thumbnail","6":"product_cat-substrats-atami","8":"first","9":"instock","10":"shipping-taxable","11":"product-type-simple"},"acf":{"short_description":"<p>Les billes d\u2019argile Atami Hydro Rokz sont fabriqu\u00e9es en argile cuite pure et non sal\u00e9e. Elles contiennent une concentration d\u2019\u00e9l\u00e9ments tr\u00e8s faible. La qualit\u00e9 des billes d\u2019argiles est en grande partie d\u00e9termin\u00e9e par leur pH. Elles contiennent \u00e9galement une concentration importante de fluor, sodium et mangan\u00e8se.<\/p><p>&nbsp;<\/p><p>Les billes d\u2019argile Atami Hydro Rokz sont utilis\u00e9es pour diff\u00e9rents types de culture. Pour les cultures en pots, elles sont souvent plac\u00e9es au fond du pot, sous le substrat. Les billes d\u2019agiles permettent alors un drainage compl\u00e9mentaire, un meilleur \u00e9coulement et une meilleure oxyg\u00e9nation par le bas. Dans d\u2019autres cas, les billes d\u2019agiles sont m\u00e9lang\u00e9es au substrat afin de l\u2019a\u00e9rer. Les racines pr\u00e9senteront ainsi une meilleure ramification.<\/p><p>&nbsp;<\/p><p>Une troisi\u00e8me m\u00e9thode souvent utilis\u00e9e consiste \u00e0 cultiver les plantes directement sur les billes d\u2019argiles associ\u00e9es \u00e0 une pompe \u00e0 oxyg\u00e8ne. Les racines au fond du pot sont ainsi constamment immerg\u00e9es dans l\u2019eau m\u00e9lang\u00e9e aux engrais liquides alors que la pompe apporte une quantit\u00e9 d\u2019oxyg\u00e8ne suffisante aux racines. Cette m\u00e9thode de culture est tr\u00e8s efficace.<\/p><p>&nbsp;<\/p><p><strong>EC: 0,4<\/strong><\/p>","suitable_for":"","application":"","dosage":"","npk_ratio":"","available_in":"<p>40L<\/p>","icon_1":"","icon_1_text":"","icon_2":195135,"icon_2_text":"","icon_3":"","icon_3_text":"","icon_4":"","icon_4_text":"","video":"https:\/\/youtu.be\/IFdaXH2JbXE","second_image":25390,"product_image_page":"","user_manual":"","new_icon_1":"","new_icon_2":"","new_icon_3":"","new_icon_4":"","grow_guides":"","category":"Substrat"},"yoast_head":"<!-- This site is optimized with the Yoast SEO Premium plugin v27.5 (Yoast SEO v27.5) - https:\/\/yoast.com\/product\/yoast-seo-premium-wordpress\/ -->\n<title>Hydro Rokz - Le substrat ultime pour une culture hydroponique r\u00e9ussie<\/title>\n<meta name=\"description\" content=\"D\u00e9couvrez Hydro Rokz, le substrat r\u00e9volutionnaire pour la culture hydroponique. Avec sa texture unique et ses capacit\u00e9s de r\u00e9tention d&#039;eau, il assure une croissance optimale des plantes.\" \/>\n<meta name=\"robots\" content=\"index, follow, max-snippet:-1, max-image-preview:large, max-video-preview:-1\" \/>\n<link rel=\"canonical\" href=\"https:\/\/atami.com\/fr\/produit\/hydro-rokz\" \/>\n<meta property=\"og:locale\" content=\"fr_FR\" \/>\n<meta property=\"og:type\" content=\"article\" \/>\n<meta property=\"og:title\" content=\"Hydro Rokz\" \/>\n<meta property=\"og:description\" content=\"D\u00e9couvrez Hydro Rokz, le substrat r\u00e9volutionnaire pour la culture hydroponique. Avec sa texture unique et ses capacit\u00e9s de r\u00e9tention d&#039;eau, il assure une croissance optimale des plantes.\" \/>\n<meta property=\"og:url\" content=\"https:\/\/atami.com\/fr\/produit\/hydro-rokz\" \/>\n<meta property=\"og:site_name\" content=\"Atami\" \/>\n<meta property=\"article:publisher\" content=\"https:\/\/www.facebook.com\/Atami.International\" \/>\n<meta property=\"article:modified_time\" content=\"2025-11-10T13:57:35+00:00\" \/>\n<meta property=\"og:image\" content=\"https:\/\/atami.com\/wp-content\/uploads\/2023\/02\/Hydro-Rokz-Main-Image.webp\" \/>\n\t<meta property=\"og:image:width\" content=\"1080\" \/>\n\t<meta property=\"og:image:height\" content=\"1080\" \/>\n\t<meta property=\"og:image:type\" content=\"image\/webp\" \/>\n<meta name=\"twitter:card\" content=\"summary_large_image\" \/>\n<meta name=\"twitter:site\" content=\"@AtamiEU\" \/>\n<meta name=\"twitter:label1\" content=\"Dur\u00e9e de lecture estim\u00e9e\" \/>\n\t<meta name=\"twitter:data1\" content=\"1 minute\" \/>\n<script type=\"application\/ld+json\" class=\"yoast-schema-graph\">{\"@context\":\"https:\\\/\\\/schema.org\",\"@graph\":[{\"@type\":\"WebPage\",\"@id\":\"https:\\\/\\\/atami.com\\\/fr\\\/produit\\\/hydro-rokz\",\"url\":\"https:\\\/\\\/atami.com\\\/fr\\\/produit\\\/hydro-rokz\",\"name\":\"Hydro Rokz - Le substrat ultime pour une culture hydroponique r\u00e9ussie\",\"isPartOf\":{\"@id\":\"https:\\\/\\\/atami.com\\\/fr#website\"},\"primaryImageOfPage\":{\"@id\":\"https:\\\/\\\/atami.com\\\/fr\\\/produit\\\/hydro-rokz#primaryimage\"},\"image\":{\"@id\":\"https:\\\/\\\/atami.com\\\/fr\\\/produit\\\/hydro-rokz#primaryimage\"},\"thumbnailUrl\":\"https:\\\/\\\/atami.com\\\/wp-content\\\/uploads\\\/2023\\\/02\\\/Hydro-Rokz-Main-Image.webp\",\"datePublished\":\"2023-02-14T10:56:27+00:00\",\"dateModified\":\"2025-11-10T13:57:35+00:00\",\"description\":\"D\u00e9couvrez Hydro Rokz, le substrat r\u00e9volutionnaire pour la culture hydroponique. Avec sa texture unique et ses capacit\u00e9s de r\u00e9tention d'eau, il assure une croissance optimale des plantes.\",\"breadcrumb\":{\"@id\":\"https:\\\/\\\/atami.com\\\/fr\\\/produit\\\/hydro-rokz#breadcrumb\"},\"inLanguage\":\"fr-FR\",\"potentialAction\":[{\"@type\":\"ReadAction\",\"target\":[\"https:\\\/\\\/atami.com\\\/fr\\\/produit\\\/hydro-rokz\"]}]},{\"@type\":\"ImageObject\",\"inLanguage\":\"fr-FR\",\"@id\":\"https:\\\/\\\/atami.com\\\/fr\\\/produit\\\/hydro-rokz#primaryimage\",\"url\":\"https:\\\/\\\/atami.com\\\/wp-content\\\/uploads\\\/2023\\\/02\\\/Hydro-Rokz-Main-Image.webp\",\"contentUrl\":\"https:\\\/\\\/atami.com\\\/wp-content\\\/uploads\\\/2023\\\/02\\\/Hydro-Rokz-Main-Image.webp\",\"width\":1080,\"height\":1080,\"caption\":\"Hydro Rokz offre un excellent drainage et a\u00e9ration, favorisant un d\u00e9veloppement sain des racines dans les installations hydroponiques.\"},{\"@type\":\"BreadcrumbList\",\"@id\":\"https:\\\/\\\/atami.com\\\/fr\\\/produit\\\/hydro-rokz#breadcrumb\",\"itemListElement\":[{\"@type\":\"ListItem\",\"position\":1,\"name\":\"Home\",\"item\":\"https:\\\/\\\/atami.com\\\/fr\"},{\"@type\":\"ListItem\",\"position\":2,\"name\":\"Produits\",\"item\":\"https:\\\/\\\/atami.com\\\/fr\\\/shop\"},{\"@type\":\"ListItem\",\"position\":3,\"name\":\"Marques\",\"item\":\"https:\\\/\\\/atami.com\\\/fr\\\/categorie-produit\\\/marques\"},{\"@type\":\"ListItem\",\"position\":4,\"name\":\"Substrats Atami\",\"item\":\"https:\\\/\\\/atami.com\\\/fr\\\/categorie-produit\\\/marques\\\/substrats-atami\"},{\"@type\":\"ListItem\",\"position\":5,\"name\":\"Hydro Rokz\"}]},{\"@type\":\"WebSite\",\"@id\":\"https:\\\/\\\/atami.com\\\/fr#website\",\"url\":\"https:\\\/\\\/atami.com\\\/fr\",\"name\":\"Atami\",\"description\":\"NATURALLY INNOVATING!\",\"publisher\":{\"@id\":\"https:\\\/\\\/atami.com\\\/fr#organization\"},\"potentialAction\":[{\"@type\":\"SearchAction\",\"target\":{\"@type\":\"EntryPoint\",\"urlTemplate\":\"https:\\\/\\\/atami.com\\\/fr?s={search_term_string}\"},\"query-input\":{\"@type\":\"PropertyValueSpecification\",\"valueRequired\":true,\"valueName\":\"search_term_string\"}}],\"inLanguage\":\"fr-FR\"},{\"@type\":\"Organization\",\"@id\":\"https:\\\/\\\/atami.com\\\/fr#organization\",\"name\":\"Atami\",\"url\":\"https:\\\/\\\/atami.com\\\/fr\",\"logo\":{\"@type\":\"ImageObject\",\"inLanguage\":\"fr-FR\",\"@id\":\"https:\\\/\\\/atami.com\\\/fr#\\\/schema\\\/logo\\\/image\\\/\",\"url\":\"https:\\\/\\\/atami.com\\\/wp-content\\\/uploads\\\/2026\\\/01\\\/Atami-logo-696x696px.webp\",\"contentUrl\":\"https:\\\/\\\/atami.com\\\/wp-content\\\/uploads\\\/2026\\\/01\\\/Atami-logo-696x696px.webp\",\"width\":696,\"height\":696,\"caption\":\"Atami\"},\"image\":{\"@id\":\"https:\\\/\\\/atami.com\\\/fr#\\\/schema\\\/logo\\\/image\\\/\"},\"sameAs\":[\"https:\\\/\\\/www.facebook.com\\\/Atami.International\",\"https:\\\/\\\/x.com\\\/AtamiEU\",\"https:\\\/\\\/www.youtube.com\\\/c\\\/AtamiInternational\",\"https:\\\/\\\/www.instagram.com\\\/atami.international\\\/\"],\"description\":\"ATAMI is a premium plant nutrition & substrate brand founded in 1997 with the mission to make exceptional cultivation achievable for everyone. From legacy to license, we offer a wide variety of innovating award-winning products to let cultivators achieve maximum results in taste & yield.\",\"email\":\"info@mginnovations.es\",\"legalName\":\"Atami\",\"numberOfEmployees\":{\"@type\":\"QuantitativeValue\",\"minValue\":\"11\",\"maxValue\":\"50\"}}]}<\/script>\n<!-- \/ Yoast SEO Premium plugin. -->","yoast_head_json":{"title":"Hydro Rokz - Le substrat ultime pour une culture hydroponique r\u00e9ussie","description":"D\u00e9couvrez Hydro Rokz, le substrat r\u00e9volutionnaire pour la culture hydroponique. Avec sa texture unique et ses capacit\u00e9s de r\u00e9tention d'eau, il assure une croissance optimale des plantes.","robots":{"index":"index","follow":"follow","max-snippet":"max-snippet:-1","max-image-preview":"max-image-preview:large","max-video-preview":"max-video-preview:-1"},"canonical":"https:\/\/atami.com\/fr\/produit\/hydro-rokz","og_locale":"fr_FR","og_type":"article","og_title":"Hydro Rokz","og_description":"D\u00e9couvrez Hydro Rokz, le substrat r\u00e9volutionnaire pour la culture hydroponique. Avec sa texture unique et ses capacit\u00e9s de r\u00e9tention d'eau, il assure une croissance optimale des plantes.","og_url":"https:\/\/atami.com\/fr\/produit\/hydro-rokz","og_site_name":"Atami","article_publisher":"https:\/\/www.facebook.com\/Atami.International","article_modified_time":"2025-11-10T13:57:35+00:00","og_image":[{"width":1080,"height":1080,"url":"https:\/\/atami.com\/wp-content\/uploads\/2023\/02\/Hydro-Rokz-Main-Image.webp","type":"image\/webp"}],"twitter_card":"summary_large_image","twitter_site":"@AtamiEU","twitter_misc":{"Dur\u00e9e de lecture estim\u00e9e":"1 minute"},"schema":{"@context":"https:\/\/schema.org","@graph":[{"@type":"WebPage","@id":"https:\/\/atami.com\/fr\/produit\/hydro-rokz","url":"https:\/\/atami.com\/fr\/produit\/hydro-rokz","name":"Hydro Rokz - Le substrat ultime pour une culture hydroponique r\u00e9ussie","isPartOf":{"@id":"https:\/\/atami.com\/fr#website"},"primaryImageOfPage":{"@id":"https:\/\/atami.com\/fr\/produit\/hydro-rokz#primaryimage"},"image":{"@id":"https:\/\/atami.com\/fr\/produit\/hydro-rokz#primaryimage"},"thumbnailUrl":"https:\/\/atami.com\/wp-content\/uploads\/2023\/02\/Hydro-Rokz-Main-Image.webp","datePublished":"2023-02-14T10:56:27+00:00","dateModified":"2025-11-10T13:57:35+00:00","description":"D\u00e9couvrez Hydro Rokz, le substrat r\u00e9volutionnaire pour la culture hydroponique. Avec sa texture unique et ses capacit\u00e9s de r\u00e9tention d'eau, il assure une croissance optimale des plantes.","breadcrumb":{"@id":"https:\/\/atami.com\/fr\/produit\/hydro-rokz#breadcrumb"},"inLanguage":"fr-FR","potentialAction":[{"@type":"ReadAction","target":["https:\/\/atami.com\/fr\/produit\/hydro-rokz"]}]},{"@type":"ImageObject","inLanguage":"fr-FR","@id":"https:\/\/atami.com\/fr\/produit\/hydro-rokz#primaryimage","url":"https:\/\/atami.com\/wp-content\/uploads\/2023\/02\/Hydro-Rokz-Main-Image.webp","contentUrl":"https:\/\/atami.com\/wp-content\/uploads\/2023\/02\/Hydro-Rokz-Main-Image.webp","width":1080,"height":1080,"caption":"Hydro Rokz offre un excellent drainage et a\u00e9ration, favorisant un d\u00e9veloppement sain des racines dans les installations hydroponiques."},{"@type":"BreadcrumbList","@id":"https:\/\/atami.com\/fr\/produit\/hydro-rokz#breadcrumb","itemListElement":[{"@type":"ListItem","position":1,"name":"Home","item":"https:\/\/atami.com\/fr"},{"@type":"ListItem","position":2,"name":"Produits","item":"https:\/\/atami.com\/fr\/shop"},{"@type":"ListItem","position":3,"name":"Marques","item":"https:\/\/atami.com\/fr\/categorie-produit\/marques"},{"@type":"ListItem","position":4,"name":"Substrats Atami","item":"https:\/\/atami.com\/fr\/categorie-produit\/marques\/substrats-atami"},{"@type":"ListItem","position":5,"name":"Hydro Rokz"}]},{"@type":"WebSite","@id":"https:\/\/atami.com\/fr#website","url":"https:\/\/atami.com\/fr","name":"Atami","description":"NATURALLY INNOVATING!","publisher":{"@id":"https:\/\/atami.com\/fr#organization"},"potentialAction":[{"@type":"SearchAction","target":{"@type":"EntryPoint","urlTemplate":"https:\/\/atami.com\/fr?s={search_term_string}"},"query-input":{"@type":"PropertyValueSpecification","valueRequired":true,"valueName":"search_term_string"}}],"inLanguage":"fr-FR"},{"@type":"Organization","@id":"https:\/\/atami.com\/fr#organization","name":"Atami","url":"https:\/\/atami.com\/fr","logo":{"@type":"ImageObject","inLanguage":"fr-FR","@id":"https:\/\/atami.com\/fr#\/schema\/logo\/image\/","url":"https:\/\/atami.com\/wp-content\/uploads\/2026\/01\/Atami-logo-696x696px.webp","contentUrl":"https:\/\/atami.com\/wp-content\/uploads\/2026\/01\/Atami-logo-696x696px.webp","width":696,"height":696,"caption":"Atami"},"image":{"@id":"https:\/\/atami.com\/fr#\/schema\/logo\/image\/"},"sameAs":["https:\/\/www.facebook.com\/Atami.International","https:\/\/x.com\/AtamiEU","https:\/\/www.youtube.com\/c\/AtamiInternational","https:\/\/www.instagram.com\/atami.international\/"],"description":"ATAMI is a premium plant nutrition & substrate brand founded in 1997 with the mission to make exceptional cultivation achievable for everyone. From legacy to license, we offer a wide variety of innovating award-winning products to let cultivators achieve maximum results in taste & yield.","email":"info@mginnovations.es","legalName":"Atami","numberOfEmployees":{"@type":"QuantitativeValue","minValue":"11","maxValue":"50"}}]}},"_links":{"self":[{"href":"https:\/\/atami.com\/fr\/wp-json\/wp\/v2\/product\/21841","targetHints":{"allow":["GET"]}}],"collection":[{"href":"https:\/\/atami.com\/fr\/wp-json\/wp\/v2\/product"}],"about":[{"href":"https:\/\/atami.com\/fr\/wp-json\/wp\/v2\/types\/product"}],"replies":[{"embeddable":true,"href":"https:\/\/atami.com\/fr\/wp-json\/wp\/v2\/comments?post=21841"}],"wp:featuredmedia":[{"embeddable":true,"href":"https:\/\/atami.com\/fr\/wp-json\/wp\/v2\/media\/25375"}],"wp:attachment":[{"href":"https:\/\/atami.com\/fr\/wp-json\/wp\/v2\/media?parent=21841"}],"wp:term":[{"taxonomy":"product_brand","embeddable":true,"href":"https:\/\/atami.com\/fr\/wp-json\/wp\/v2\/product_brand?post=21841"},{"taxonomy":"product_cat","embeddable":true,"href":"https:\/\/atami.com\/fr\/wp-json\/wp\/v2\/product_cat?post=21841"},{"taxonomy":"product_tag","embeddable":true,"href":"https:\/\/atami.com\/fr\/wp-json\/wp\/v2\/product_tag?post=21841"}],"curies":[{"name":"wp","href":"https:\/\/api.w.org\/{rel}","templated":true}]}}