{"id":21837,"date":"2023-02-14T10:43:26","date_gmt":"2023-02-14T10:43:26","guid":{"rendered":"https:\/\/atami.com\/product\/high-porosity-cocos\/"},"modified":"2025-11-10T15:51:23","modified_gmt":"2025-11-10T13:51:23","slug":"high-porosity-cocos","status":"publish","type":"product","link":"https:\/\/atami.com\/fr\/produit\/high-porosity-cocos","title":{"rendered":"High Porosity Cocos"},"content":{"rendered":"<p>Disposer d\u2019air est vital pour le bon d\u00e9veloppement racinaire de vos cultures. Les racines ont besoin de respirer et un substrat a\u00e9r\u00e9 engendre une meilleure production de poils racinaires. L\u2019oxyg\u00e8ne est \u00e9galement n\u00e9cessaire pour transformer les sucres en \u00e9nergie. En utilisant cette \u00e9nergie, les racines peuvent s\u2019\u00e9tendre et administrer activement plus de nutriments au reste de la plante.<\/p>\n<p>&nbsp;<\/p>\n<p>C\u2019est pourquoi il est essentiel que le substrat offre un pourcentage d\u2019air \u00e9lev\u00e9. Tout substrat a\u00e9r\u00e9 assure un drainage ad\u00e9quat et une alimentation continue en air.<\/p>\n<p>&nbsp;<\/p>\n<p>C\u2019est la raison pour laquelle Atami a lanc\u00e9 High Porosity Cocos, un substrat qui offre les avantages de la culture sur un substrat de fibres de coco qui ont \u00e9t\u00e9 muries, lav\u00e9es, tamponn\u00e9es et correctement fertilis\u00e9es et l\u2019avantage suppl\u00e9mentaire d\u2019une a\u00e9ration sustent\u00e9e par la pr\u00e9sence de perlite. Assurez-vous d\u2019arroser fr\u00e9quemment votre culture pour compenser la plus grande capacit\u00e9 de drainage du substrat Atami High porosity cocos.<\/p>\n<p>&nbsp;<\/p>\n<p><strong>EC: &lt;1,5<\/strong><\/p>\n<p>&nbsp;<\/p>\n<p><strong>Disponible en 50 L<\/strong><\/p>\n","protected":false},"excerpt":{"rendered":"<p>Fibres de coco l\u00e9g\u00e8rement fertilis\u00e9es, vieillies, lav\u00e9es et tamponn\u00e9es avec 30 % de perlite<\/p>\n","protected":false},"featured_media":25315,"comment_status":"closed","ping_status":"closed","template":"","meta":{"_acf_changed":false,"iawp_total_views":108},"product_brand":[],"product_cat":[185],"product_tag":[],"class_list":{"0":"post-21837","1":"product","2":"type-product","3":"status-publish","4":"has-post-thumbnail","6":"product_cat-substrats-atami","8":"first","9":"instock","10":"shipping-taxable","11":"product-type-simple"},"acf":{"short_description":"<p>Disposer d\u2019air est vital pour le bon d\u00e9veloppement racinaire de vos cultures. Les racines ont besoin de respirer et un substrat a\u00e9r\u00e9 engendre une meilleure production de poils racinaires. L\u2019oxyg\u00e8ne est \u00e9galement n\u00e9cessaire pour transformer les sucres en \u00e9nergie. En utilisant cette \u00e9nergie, les racines peuvent s\u2019\u00e9tendre et administrer activement plus de nutriments au reste de la plante.<\/p><p>&nbsp;<\/p><p>C\u2019est pourquoi il est essentiel que le substrat offre un pourcentage d\u2019air \u00e9lev\u00e9. Tout substrat a\u00e9r\u00e9 assure un drainage ad\u00e9quat et une alimentation continue en air.<\/p><p>&nbsp;<\/p><p>C\u2019est la raison pour laquelle Atami a lanc\u00e9 High Porosity Cocos, un substrat qui offre les avantages de la culture sur un substrat de fibres de coco qui ont \u00e9t\u00e9 muries, lav\u00e9es, tamponn\u00e9es et correctement fertilis\u00e9es et l\u2019avantage suppl\u00e9mentaire d\u2019une a\u00e9ration sustent\u00e9e par la pr\u00e9sence de perlite. Assurez-vous d\u2019arroser fr\u00e9quemment votre culture pour compenser la plus grande capacit\u00e9 de drainage du substrat Atami High porosity cocos.<\/p><p>&nbsp;<\/p><p><strong>EC: &lt;1,5<\/strong><\/p>","suitable_for":"","application":"","dosage":"","npk_ratio":"","available_in":"<p>50L<\/p>","icon_1":185691,"icon_1_text":"","icon_2":195120,"icon_2_text":"","icon_3":"","icon_3_text":"","icon_4":"","icon_4_text":"","video":"https:\/\/youtu.be\/oNR2ZEcBn_A","second_image":25330,"product_image_page":"","user_manual":"","new_icon_1":"","new_icon_2":"","new_icon_3":"","new_icon_4":"","grow_guides":"","category":"Substrat"},"yoast_head":"<!-- This site is optimized with the Yoast SEO Premium plugin v27.4 (Yoast SEO v27.4) - https:\/\/yoast.com\/product\/yoast-seo-premium-wordpress\/ -->\n<title>High Porosity Cocos : Substrat Id\u00e9al pour une Croissance Optimale<\/title>\n<meta name=\"description\" content=\"D\u00e9couvrez High Porosity Cocos, le substrat con\u00e7u pour optimiser la culture en coco. Offrez \u00e0 vos plantes un environnement id\u00e9al pour une croissance rapide et saine.\" \/>\n<meta name=\"robots\" content=\"index, follow, max-snippet:-1, max-image-preview:large, max-video-preview:-1\" \/>\n<link rel=\"canonical\" href=\"https:\/\/atami.com\/fr\/produit\/high-porosity-cocos\" \/>\n<meta property=\"og:locale\" content=\"fr_FR\" \/>\n<meta property=\"og:type\" content=\"article\" \/>\n<meta property=\"og:title\" content=\"High Porosity Cocos\" \/>\n<meta property=\"og:description\" content=\"D\u00e9couvrez High Porosity Cocos, le substrat con\u00e7u pour optimiser la culture en coco. Offrez \u00e0 vos plantes un environnement id\u00e9al pour une croissance rapide et saine.\" \/>\n<meta property=\"og:url\" content=\"https:\/\/atami.com\/fr\/produit\/high-porosity-cocos\" \/>\n<meta property=\"og:site_name\" content=\"Atami\" \/>\n<meta property=\"article:publisher\" content=\"https:\/\/www.facebook.com\/Atami.International\" \/>\n<meta property=\"article:modified_time\" content=\"2025-11-10T13:51:23+00:00\" \/>\n<meta property=\"og:image\" content=\"https:\/\/atami.com\/wp-content\/uploads\/2023\/02\/High-Porosity-Cocos-Main-Image.webp\" \/>\n\t<meta property=\"og:image:width\" content=\"1080\" \/>\n\t<meta property=\"og:image:height\" content=\"1080\" \/>\n\t<meta property=\"og:image:type\" content=\"image\/webp\" \/>\n<meta name=\"twitter:card\" content=\"summary_large_image\" \/>\n<meta name=\"twitter:site\" content=\"@AtamiEU\" \/>\n<meta name=\"twitter:label1\" content=\"Dur\u00e9e de lecture estim\u00e9e\" \/>\n\t<meta name=\"twitter:data1\" content=\"1 minute\" \/>\n<script type=\"application\/ld+json\" class=\"yoast-schema-graph\">{\"@context\":\"https:\\\/\\\/schema.org\",\"@graph\":[{\"@type\":\"WebPage\",\"@id\":\"https:\\\/\\\/atami.com\\\/fr\\\/produit\\\/high-porosity-cocos\",\"url\":\"https:\\\/\\\/atami.com\\\/fr\\\/produit\\\/high-porosity-cocos\",\"name\":\"High Porosity Cocos : Substrat Id\u00e9al pour une Croissance Optimale\",\"isPartOf\":{\"@id\":\"https:\\\/\\\/atami.com\\\/fr#website\"},\"primaryImageOfPage\":{\"@id\":\"https:\\\/\\\/atami.com\\\/fr\\\/produit\\\/high-porosity-cocos#primaryimage\"},\"image\":{\"@id\":\"https:\\\/\\\/atami.com\\\/fr\\\/produit\\\/high-porosity-cocos#primaryimage\"},\"thumbnailUrl\":\"https:\\\/\\\/atami.com\\\/wp-content\\\/uploads\\\/2023\\\/02\\\/High-Porosity-Cocos-Main-Image.webp\",\"datePublished\":\"2023-02-14T10:43:26+00:00\",\"dateModified\":\"2025-11-10T13:51:23+00:00\",\"description\":\"D\u00e9couvrez High Porosity Cocos, le substrat con\u00e7u pour optimiser la culture en coco. Offrez \u00e0 vos plantes un environnement id\u00e9al pour une croissance rapide et saine.\",\"breadcrumb\":{\"@id\":\"https:\\\/\\\/atami.com\\\/fr\\\/produit\\\/high-porosity-cocos#breadcrumb\"},\"inLanguage\":\"fr-FR\",\"potentialAction\":[{\"@type\":\"ReadAction\",\"target\":[\"https:\\\/\\\/atami.com\\\/fr\\\/produit\\\/high-porosity-cocos\"]}]},{\"@type\":\"ImageObject\",\"inLanguage\":\"fr-FR\",\"@id\":\"https:\\\/\\\/atami.com\\\/fr\\\/produit\\\/high-porosity-cocos#primaryimage\",\"url\":\"https:\\\/\\\/atami.com\\\/wp-content\\\/uploads\\\/2023\\\/02\\\/High-Porosity-Cocos-Main-Image.webp\",\"contentUrl\":\"https:\\\/\\\/atami.com\\\/wp-content\\\/uploads\\\/2023\\\/02\\\/High-Porosity-Cocos-Main-Image.webp\",\"width\":1080,\"height\":1080,\"caption\":\"High Porosity Cocos offre une a\u00e9ration sup\u00e9rieure, favorisant un d\u00e9veloppement racinaire robuste et une absorption des nutriments.\"},{\"@type\":\"BreadcrumbList\",\"@id\":\"https:\\\/\\\/atami.com\\\/fr\\\/produit\\\/high-porosity-cocos#breadcrumb\",\"itemListElement\":[{\"@type\":\"ListItem\",\"position\":1,\"name\":\"Home\",\"item\":\"https:\\\/\\\/atami.com\\\/fr\"},{\"@type\":\"ListItem\",\"position\":2,\"name\":\"Produits\",\"item\":\"https:\\\/\\\/atami.com\\\/fr\\\/shop\"},{\"@type\":\"ListItem\",\"position\":3,\"name\":\"Marques\",\"item\":\"https:\\\/\\\/atami.com\\\/fr\\\/categorie-produit\\\/marques\"},{\"@type\":\"ListItem\",\"position\":4,\"name\":\"Substrats Atami\",\"item\":\"https:\\\/\\\/atami.com\\\/fr\\\/categorie-produit\\\/marques\\\/substrats-atami\"},{\"@type\":\"ListItem\",\"position\":5,\"name\":\"High Porosity Cocos\"}]},{\"@type\":\"WebSite\",\"@id\":\"https:\\\/\\\/atami.com\\\/fr#website\",\"url\":\"https:\\\/\\\/atami.com\\\/fr\",\"name\":\"Atami\",\"description\":\"NATURALLY INNOVATING!\",\"publisher\":{\"@id\":\"https:\\\/\\\/atami.com\\\/fr#organization\"},\"potentialAction\":[{\"@type\":\"SearchAction\",\"target\":{\"@type\":\"EntryPoint\",\"urlTemplate\":\"https:\\\/\\\/atami.com\\\/fr?s={search_term_string}\"},\"query-input\":{\"@type\":\"PropertyValueSpecification\",\"valueRequired\":true,\"valueName\":\"search_term_string\"}}],\"inLanguage\":\"fr-FR\"},{\"@type\":\"Organization\",\"@id\":\"https:\\\/\\\/atami.com\\\/fr#organization\",\"name\":\"Atami\",\"url\":\"https:\\\/\\\/atami.com\\\/fr\",\"logo\":{\"@type\":\"ImageObject\",\"inLanguage\":\"fr-FR\",\"@id\":\"https:\\\/\\\/atami.com\\\/fr#\\\/schema\\\/logo\\\/image\\\/\",\"url\":\"https:\\\/\\\/atami.com\\\/wp-content\\\/uploads\\\/2026\\\/01\\\/Atami-logo-696x696px.webp\",\"contentUrl\":\"https:\\\/\\\/atami.com\\\/wp-content\\\/uploads\\\/2026\\\/01\\\/Atami-logo-696x696px.webp\",\"width\":696,\"height\":696,\"caption\":\"Atami\"},\"image\":{\"@id\":\"https:\\\/\\\/atami.com\\\/fr#\\\/schema\\\/logo\\\/image\\\/\"},\"sameAs\":[\"https:\\\/\\\/www.facebook.com\\\/Atami.International\",\"https:\\\/\\\/x.com\\\/AtamiEU\",\"https:\\\/\\\/www.youtube.com\\\/c\\\/AtamiInternational\",\"https:\\\/\\\/www.instagram.com\\\/atami.international\\\/\"],\"description\":\"ATAMI is a premium plant nutrition & substrate brand founded in 1997 with the mission to make exceptional cultivation achievable for everyone. From legacy to license, we offer a wide variety of innovating award-winning products to let cultivators achieve maximum results in taste & yield.\",\"email\":\"info@mginnovations.es\",\"legalName\":\"Atami\",\"numberOfEmployees\":{\"@type\":\"QuantitativeValue\",\"minValue\":\"11\",\"maxValue\":\"50\"}}]}<\/script>\n<!-- \/ Yoast SEO Premium plugin. -->","yoast_head_json":{"title":"High Porosity Cocos : Substrat Id\u00e9al pour une Croissance Optimale","description":"D\u00e9couvrez High Porosity Cocos, le substrat con\u00e7u pour optimiser la culture en coco. Offrez \u00e0 vos plantes un environnement id\u00e9al pour une croissance rapide et saine.","robots":{"index":"index","follow":"follow","max-snippet":"max-snippet:-1","max-image-preview":"max-image-preview:large","max-video-preview":"max-video-preview:-1"},"canonical":"https:\/\/atami.com\/fr\/produit\/high-porosity-cocos","og_locale":"fr_FR","og_type":"article","og_title":"High Porosity Cocos","og_description":"D\u00e9couvrez High Porosity Cocos, le substrat con\u00e7u pour optimiser la culture en coco. Offrez \u00e0 vos plantes un environnement id\u00e9al pour une croissance rapide et saine.","og_url":"https:\/\/atami.com\/fr\/produit\/high-porosity-cocos","og_site_name":"Atami","article_publisher":"https:\/\/www.facebook.com\/Atami.International","article_modified_time":"2025-11-10T13:51:23+00:00","og_image":[{"width":1080,"height":1080,"url":"https:\/\/atami.com\/wp-content\/uploads\/2023\/02\/High-Porosity-Cocos-Main-Image.webp","type":"image\/webp"}],"twitter_card":"summary_large_image","twitter_site":"@AtamiEU","twitter_misc":{"Dur\u00e9e de lecture estim\u00e9e":"1 minute"},"schema":{"@context":"https:\/\/schema.org","@graph":[{"@type":"WebPage","@id":"https:\/\/atami.com\/fr\/produit\/high-porosity-cocos","url":"https:\/\/atami.com\/fr\/produit\/high-porosity-cocos","name":"High Porosity Cocos : Substrat Id\u00e9al pour une Croissance Optimale","isPartOf":{"@id":"https:\/\/atami.com\/fr#website"},"primaryImageOfPage":{"@id":"https:\/\/atami.com\/fr\/produit\/high-porosity-cocos#primaryimage"},"image":{"@id":"https:\/\/atami.com\/fr\/produit\/high-porosity-cocos#primaryimage"},"thumbnailUrl":"https:\/\/atami.com\/wp-content\/uploads\/2023\/02\/High-Porosity-Cocos-Main-Image.webp","datePublished":"2023-02-14T10:43:26+00:00","dateModified":"2025-11-10T13:51:23+00:00","description":"D\u00e9couvrez High Porosity Cocos, le substrat con\u00e7u pour optimiser la culture en coco. Offrez \u00e0 vos plantes un environnement id\u00e9al pour une croissance rapide et saine.","breadcrumb":{"@id":"https:\/\/atami.com\/fr\/produit\/high-porosity-cocos#breadcrumb"},"inLanguage":"fr-FR","potentialAction":[{"@type":"ReadAction","target":["https:\/\/atami.com\/fr\/produit\/high-porosity-cocos"]}]},{"@type":"ImageObject","inLanguage":"fr-FR","@id":"https:\/\/atami.com\/fr\/produit\/high-porosity-cocos#primaryimage","url":"https:\/\/atami.com\/wp-content\/uploads\/2023\/02\/High-Porosity-Cocos-Main-Image.webp","contentUrl":"https:\/\/atami.com\/wp-content\/uploads\/2023\/02\/High-Porosity-Cocos-Main-Image.webp","width":1080,"height":1080,"caption":"High Porosity Cocos offre une a\u00e9ration sup\u00e9rieure, favorisant un d\u00e9veloppement racinaire robuste et une absorption des nutriments."},{"@type":"BreadcrumbList","@id":"https:\/\/atami.com\/fr\/produit\/high-porosity-cocos#breadcrumb","itemListElement":[{"@type":"ListItem","position":1,"name":"Home","item":"https:\/\/atami.com\/fr"},{"@type":"ListItem","position":2,"name":"Produits","item":"https:\/\/atami.com\/fr\/shop"},{"@type":"ListItem","position":3,"name":"Marques","item":"https:\/\/atami.com\/fr\/categorie-produit\/marques"},{"@type":"ListItem","position":4,"name":"Substrats Atami","item":"https:\/\/atami.com\/fr\/categorie-produit\/marques\/substrats-atami"},{"@type":"ListItem","position":5,"name":"High Porosity Cocos"}]},{"@type":"WebSite","@id":"https:\/\/atami.com\/fr#website","url":"https:\/\/atami.com\/fr","name":"Atami","description":"NATURALLY INNOVATING!","publisher":{"@id":"https:\/\/atami.com\/fr#organization"},"potentialAction":[{"@type":"SearchAction","target":{"@type":"EntryPoint","urlTemplate":"https:\/\/atami.com\/fr?s={search_term_string}"},"query-input":{"@type":"PropertyValueSpecification","valueRequired":true,"valueName":"search_term_string"}}],"inLanguage":"fr-FR"},{"@type":"Organization","@id":"https:\/\/atami.com\/fr#organization","name":"Atami","url":"https:\/\/atami.com\/fr","logo":{"@type":"ImageObject","inLanguage":"fr-FR","@id":"https:\/\/atami.com\/fr#\/schema\/logo\/image\/","url":"https:\/\/atami.com\/wp-content\/uploads\/2026\/01\/Atami-logo-696x696px.webp","contentUrl":"https:\/\/atami.com\/wp-content\/uploads\/2026\/01\/Atami-logo-696x696px.webp","width":696,"height":696,"caption":"Atami"},"image":{"@id":"https:\/\/atami.com\/fr#\/schema\/logo\/image\/"},"sameAs":["https:\/\/www.facebook.com\/Atami.International","https:\/\/x.com\/AtamiEU","https:\/\/www.youtube.com\/c\/AtamiInternational","https:\/\/www.instagram.com\/atami.international\/"],"description":"ATAMI is a premium plant nutrition & substrate brand founded in 1997 with the mission to make exceptional cultivation achievable for everyone. From legacy to license, we offer a wide variety of innovating award-winning products to let cultivators achieve maximum results in taste & yield.","email":"info@mginnovations.es","legalName":"Atami","numberOfEmployees":{"@type":"QuantitativeValue","minValue":"11","maxValue":"50"}}]}},"_links":{"self":[{"href":"https:\/\/atami.com\/fr\/wp-json\/wp\/v2\/product\/21837","targetHints":{"allow":["GET"]}}],"collection":[{"href":"https:\/\/atami.com\/fr\/wp-json\/wp\/v2\/product"}],"about":[{"href":"https:\/\/atami.com\/fr\/wp-json\/wp\/v2\/types\/product"}],"replies":[{"embeddable":true,"href":"https:\/\/atami.com\/fr\/wp-json\/wp\/v2\/comments?post=21837"}],"wp:featuredmedia":[{"embeddable":true,"href":"https:\/\/atami.com\/fr\/wp-json\/wp\/v2\/media\/25315"}],"wp:attachment":[{"href":"https:\/\/atami.com\/fr\/wp-json\/wp\/v2\/media?parent=21837"}],"wp:term":[{"taxonomy":"product_brand","embeddable":true,"href":"https:\/\/atami.com\/fr\/wp-json\/wp\/v2\/product_brand?post=21837"},{"taxonomy":"product_cat","embeddable":true,"href":"https:\/\/atami.com\/fr\/wp-json\/wp\/v2\/product_cat?post=21837"},{"taxonomy":"product_tag","embeddable":true,"href":"https:\/\/atami.com\/fr\/wp-json\/wp\/v2\/product_tag?post=21837"}],"curies":[{"name":"wp","href":"https:\/\/api.w.org\/{rel}","templated":true}]}}