{"id":21835,"date":"2023-02-14T10:07:17","date_gmt":"2023-02-14T10:07:17","guid":{"rendered":"https:\/\/atami.com\/product\/cocos-substrate\/"},"modified":"2025-11-10T15:51:02","modified_gmt":"2025-11-10T13:51:02","slug":"cocos-substrate","status":"publish","type":"product","link":"https:\/\/atami.com\/fr\/produit\/cocos-substrate","title":{"rendered":"Cocos substrate"},"content":{"rendered":"<p>Les fibres de coco sont muries, rinc\u00e9es et tamponn\u00e9es afin de garantir un substrat de culture excellent. Les fibres de coco contiennent suffisamment de substances nutritives pour la premi\u00e8re semaine du cycle de culture. Il est ensuite possible d\u2019ajouter des stimulateurs et des engrais liquides m\u00e9lang\u00e9s avec de l\u2019eau pour obtenir de meilleurs r\u00e9sultats.<\/p>\n<p>&nbsp;<\/p>\n<p>Les fibres de coco ont une structure parfaite qui permet \u00e0 la solution nutritive d\u2019\u00eatre facilement stock\u00e9e et rapidement absorb\u00e9e par les racines de la plante. Le substrat de fibre de coco est \u00e9galement suffisamment a\u00e9r\u00e9 pour permettre une bonne oxyg\u00e9nation des racines. Les plantes jouissent ainsi d\u2019un syst\u00e8me racinaire sain et robuste et se d\u00e9veloppent plus rapidement.<\/p>\n<p>&nbsp;<\/p>\n<p><strong>EC: 0,80 \u2013 1,00<\/strong><\/p>\n<p>&nbsp;<\/p>\n<p><strong>Disponible en 20 L et 50 L<\/strong><\/p>\n","protected":false},"excerpt":{"rendered":"<p>Fibres de coco l\u00e9g\u00e8rement fertilis\u00e9es, m\u00fbries, lav\u00e9es et tamponn\u00e9es<\/p>\n","protected":false},"featured_media":25283,"comment_status":"closed","ping_status":"closed","template":"","meta":{"_acf_changed":false,"iawp_total_views":125},"product_brand":[],"product_cat":[185],"product_tag":[],"class_list":{"0":"post-21835","1":"product","2":"type-product","3":"status-publish","4":"has-post-thumbnail","6":"product_cat-substrats-atami","8":"first","9":"instock","10":"shipping-taxable","11":"product-type-simple"},"acf":{"short_description":"<p>Les fibres de coco sont muries, rinc\u00e9es et tamponn\u00e9es afin de garantir un substrat de culture excellent. Les fibres de coco contiennent suffisamment de substances nutritives pour la premi\u00e8re semaine du cycle de culture. Il est ensuite possible d\u2019ajouter des stimulateurs et des engrais liquides m\u00e9lang\u00e9s avec de l\u2019eau pour obtenir de meilleurs r\u00e9sultats.<\/p><p>&nbsp;<\/p><p>Les fibres de coco ont une structure parfaite qui permet \u00e0 la solution nutritive d\u2019\u00eatre facilement stock\u00e9e et rapidement absorb\u00e9e par les racines de la plante. Le substrat de fibre de coco est \u00e9galement suffisamment a\u00e9r\u00e9 pour permettre une bonne oxyg\u00e9nation des racines. Les plantes jouissent ainsi d\u2019un syst\u00e8me racinaire sain et robuste et se d\u00e9veloppent plus rapidement.<\/p><p>&nbsp;<\/p><p><strong>EC: 0,80 \u2013 1,00<\/strong><\/p>","suitable_for":"","application":"","dosage":"","npk_ratio":"","available_in":"<p>20 L et 50 L<\/p>","icon_1":"","icon_1_text":"","icon_2":195105,"icon_2_text":"","icon_3":"","icon_3_text":"","icon_4":"","icon_4_text":"","video":"https:\/\/youtu.be\/7vd4nQCHsms","second_image":25298,"product_image_page":"","user_manual":"","new_icon_1":"","new_icon_2":"","new_icon_3":"","new_icon_4":"","grow_guides":"","category":"Substrat"},"yoast_head":"<!-- This site is optimized with the Yoast SEO Premium plugin v27.5 (Yoast SEO v27.5) - https:\/\/yoast.com\/product\/yoast-seo-premium-wordpress\/ -->\n<title>Cocos Substrate : Le Substrat Parfait pour des Plantes en Sant\u00e9<\/title>\n<meta name=\"description\" content=\"D\u00e9couvrez le Cocos substrate Atami, parfait pour am\u00e9liorer la croissance de vos plantes. Offrez \u00e0 vos cultures un environnement sain et \u00e9quilibr\u00e9 pour des r\u00e9sultats optimaux.\" \/>\n<meta name=\"robots\" content=\"index, follow, max-snippet:-1, max-image-preview:large, max-video-preview:-1\" \/>\n<link rel=\"canonical\" href=\"https:\/\/atami.com\/fr\/produit\/cocos-substrate\" \/>\n<meta property=\"og:locale\" content=\"fr_FR\" \/>\n<meta property=\"og:type\" content=\"article\" \/>\n<meta property=\"og:title\" content=\"Cocos substrate\" \/>\n<meta property=\"og:description\" content=\"D\u00e9couvrez le Cocos substrate Atami, parfait pour am\u00e9liorer la croissance de vos plantes. Offrez \u00e0 vos cultures un environnement sain et \u00e9quilibr\u00e9 pour des r\u00e9sultats optimaux.\" \/>\n<meta property=\"og:url\" content=\"https:\/\/atami.com\/fr\/produit\/cocos-substrate\" \/>\n<meta property=\"og:site_name\" content=\"Atami\" \/>\n<meta property=\"article:publisher\" content=\"https:\/\/www.facebook.com\/Atami.International\" \/>\n<meta property=\"article:modified_time\" content=\"2025-11-10T13:51:02+00:00\" \/>\n<meta property=\"og:image\" content=\"https:\/\/atami.com\/wp-content\/uploads\/2023\/02\/Cocos-Substrate-Main-Image.webp\" \/>\n\t<meta property=\"og:image:width\" content=\"1080\" \/>\n\t<meta property=\"og:image:height\" content=\"1080\" \/>\n\t<meta property=\"og:image:type\" content=\"image\/webp\" \/>\n<meta name=\"twitter:card\" content=\"summary_large_image\" \/>\n<meta name=\"twitter:site\" content=\"@AtamiEU\" \/>\n<meta name=\"twitter:label1\" content=\"Dur\u00e9e de lecture estim\u00e9e\" \/>\n\t<meta name=\"twitter:data1\" content=\"1 minute\" \/>\n<script type=\"application\/ld+json\" class=\"yoast-schema-graph\">{\"@context\":\"https:\\\/\\\/schema.org\",\"@graph\":[{\"@type\":\"WebPage\",\"@id\":\"https:\\\/\\\/atami.com\\\/fr\\\/produit\\\/cocos-substrate\",\"url\":\"https:\\\/\\\/atami.com\\\/fr\\\/produit\\\/cocos-substrate\",\"name\":\"Cocos Substrate : Le Substrat Parfait pour des Plantes en Sant\u00e9\",\"isPartOf\":{\"@id\":\"https:\\\/\\\/atami.com\\\/fr#website\"},\"primaryImageOfPage\":{\"@id\":\"https:\\\/\\\/atami.com\\\/fr\\\/produit\\\/cocos-substrate#primaryimage\"},\"image\":{\"@id\":\"https:\\\/\\\/atami.com\\\/fr\\\/produit\\\/cocos-substrate#primaryimage\"},\"thumbnailUrl\":\"https:\\\/\\\/atami.com\\\/wp-content\\\/uploads\\\/2023\\\/02\\\/Cocos-Substrate-Main-Image.webp\",\"datePublished\":\"2023-02-14T10:07:17+00:00\",\"dateModified\":\"2025-11-10T13:51:02+00:00\",\"description\":\"D\u00e9couvrez le Cocos substrate Atami, parfait pour am\u00e9liorer la croissance de vos plantes. Offrez \u00e0 vos cultures un environnement sain et \u00e9quilibr\u00e9 pour des r\u00e9sultats optimaux.\",\"breadcrumb\":{\"@id\":\"https:\\\/\\\/atami.com\\\/fr\\\/produit\\\/cocos-substrate#breadcrumb\"},\"inLanguage\":\"fr-FR\",\"potentialAction\":[{\"@type\":\"ReadAction\",\"target\":[\"https:\\\/\\\/atami.com\\\/fr\\\/produit\\\/cocos-substrate\"]}]},{\"@type\":\"ImageObject\",\"inLanguage\":\"fr-FR\",\"@id\":\"https:\\\/\\\/atami.com\\\/fr\\\/produit\\\/cocos-substrate#primaryimage\",\"url\":\"https:\\\/\\\/atami.com\\\/wp-content\\\/uploads\\\/2023\\\/02\\\/Cocos-Substrate-Main-Image.webp\",\"contentUrl\":\"https:\\\/\\\/atami.com\\\/wp-content\\\/uploads\\\/2023\\\/02\\\/Cocos-Substrate-Main-Image.webp\",\"width\":1080,\"height\":1080,\"caption\":\"Le substrat Cocos fournit un substrat bien structur\u00e9 qui retient l'eau et les nutriments, favorisant ainsi le d\u00e9veloppement sain des racines.\"},{\"@type\":\"BreadcrumbList\",\"@id\":\"https:\\\/\\\/atami.com\\\/fr\\\/produit\\\/cocos-substrate#breadcrumb\",\"itemListElement\":[{\"@type\":\"ListItem\",\"position\":1,\"name\":\"Home\",\"item\":\"https:\\\/\\\/atami.com\\\/fr\"},{\"@type\":\"ListItem\",\"position\":2,\"name\":\"Produits\",\"item\":\"https:\\\/\\\/atami.com\\\/fr\\\/shop\"},{\"@type\":\"ListItem\",\"position\":3,\"name\":\"Marques\",\"item\":\"https:\\\/\\\/atami.com\\\/fr\\\/categorie-produit\\\/marques\"},{\"@type\":\"ListItem\",\"position\":4,\"name\":\"Substrats Atami\",\"item\":\"https:\\\/\\\/atami.com\\\/fr\\\/categorie-produit\\\/marques\\\/substrats-atami\"},{\"@type\":\"ListItem\",\"position\":5,\"name\":\"Cocos substrate\"}]},{\"@type\":\"WebSite\",\"@id\":\"https:\\\/\\\/atami.com\\\/fr#website\",\"url\":\"https:\\\/\\\/atami.com\\\/fr\",\"name\":\"Atami\",\"description\":\"NATURALLY INNOVATING!\",\"publisher\":{\"@id\":\"https:\\\/\\\/atami.com\\\/fr#organization\"},\"potentialAction\":[{\"@type\":\"SearchAction\",\"target\":{\"@type\":\"EntryPoint\",\"urlTemplate\":\"https:\\\/\\\/atami.com\\\/fr?s={search_term_string}\"},\"query-input\":{\"@type\":\"PropertyValueSpecification\",\"valueRequired\":true,\"valueName\":\"search_term_string\"}}],\"inLanguage\":\"fr-FR\"},{\"@type\":\"Organization\",\"@id\":\"https:\\\/\\\/atami.com\\\/fr#organization\",\"name\":\"Atami\",\"url\":\"https:\\\/\\\/atami.com\\\/fr\",\"logo\":{\"@type\":\"ImageObject\",\"inLanguage\":\"fr-FR\",\"@id\":\"https:\\\/\\\/atami.com\\\/fr#\\\/schema\\\/logo\\\/image\\\/\",\"url\":\"https:\\\/\\\/atami.com\\\/wp-content\\\/uploads\\\/2026\\\/01\\\/Atami-logo-696x696px.webp\",\"contentUrl\":\"https:\\\/\\\/atami.com\\\/wp-content\\\/uploads\\\/2026\\\/01\\\/Atami-logo-696x696px.webp\",\"width\":696,\"height\":696,\"caption\":\"Atami\"},\"image\":{\"@id\":\"https:\\\/\\\/atami.com\\\/fr#\\\/schema\\\/logo\\\/image\\\/\"},\"sameAs\":[\"https:\\\/\\\/www.facebook.com\\\/Atami.International\",\"https:\\\/\\\/x.com\\\/AtamiEU\",\"https:\\\/\\\/www.youtube.com\\\/c\\\/AtamiInternational\",\"https:\\\/\\\/www.instagram.com\\\/atami.international\\\/\"],\"description\":\"ATAMI is a premium plant nutrition & substrate brand founded in 1997 with the mission to make exceptional cultivation achievable for everyone. From legacy to license, we offer a wide variety of innovating award-winning products to let cultivators achieve maximum results in taste & yield.\",\"email\":\"info@mginnovations.es\",\"legalName\":\"Atami\",\"numberOfEmployees\":{\"@type\":\"QuantitativeValue\",\"minValue\":\"11\",\"maxValue\":\"50\"}}]}<\/script>\n<!-- \/ Yoast SEO Premium plugin. -->","yoast_head_json":{"title":"Cocos Substrate : Le Substrat Parfait pour des Plantes en Sant\u00e9","description":"D\u00e9couvrez le Cocos substrate Atami, parfait pour am\u00e9liorer la croissance de vos plantes. Offrez \u00e0 vos cultures un environnement sain et \u00e9quilibr\u00e9 pour des r\u00e9sultats optimaux.","robots":{"index":"index","follow":"follow","max-snippet":"max-snippet:-1","max-image-preview":"max-image-preview:large","max-video-preview":"max-video-preview:-1"},"canonical":"https:\/\/atami.com\/fr\/produit\/cocos-substrate","og_locale":"fr_FR","og_type":"article","og_title":"Cocos substrate","og_description":"D\u00e9couvrez le Cocos substrate Atami, parfait pour am\u00e9liorer la croissance de vos plantes. Offrez \u00e0 vos cultures un environnement sain et \u00e9quilibr\u00e9 pour des r\u00e9sultats optimaux.","og_url":"https:\/\/atami.com\/fr\/produit\/cocos-substrate","og_site_name":"Atami","article_publisher":"https:\/\/www.facebook.com\/Atami.International","article_modified_time":"2025-11-10T13:51:02+00:00","og_image":[{"width":1080,"height":1080,"url":"https:\/\/atami.com\/wp-content\/uploads\/2023\/02\/Cocos-Substrate-Main-Image.webp","type":"image\/webp"}],"twitter_card":"summary_large_image","twitter_site":"@AtamiEU","twitter_misc":{"Dur\u00e9e de lecture estim\u00e9e":"1 minute"},"schema":{"@context":"https:\/\/schema.org","@graph":[{"@type":"WebPage","@id":"https:\/\/atami.com\/fr\/produit\/cocos-substrate","url":"https:\/\/atami.com\/fr\/produit\/cocos-substrate","name":"Cocos Substrate : Le Substrat Parfait pour des Plantes en Sant\u00e9","isPartOf":{"@id":"https:\/\/atami.com\/fr#website"},"primaryImageOfPage":{"@id":"https:\/\/atami.com\/fr\/produit\/cocos-substrate#primaryimage"},"image":{"@id":"https:\/\/atami.com\/fr\/produit\/cocos-substrate#primaryimage"},"thumbnailUrl":"https:\/\/atami.com\/wp-content\/uploads\/2023\/02\/Cocos-Substrate-Main-Image.webp","datePublished":"2023-02-14T10:07:17+00:00","dateModified":"2025-11-10T13:51:02+00:00","description":"D\u00e9couvrez le Cocos substrate Atami, parfait pour am\u00e9liorer la croissance de vos plantes. Offrez \u00e0 vos cultures un environnement sain et \u00e9quilibr\u00e9 pour des r\u00e9sultats optimaux.","breadcrumb":{"@id":"https:\/\/atami.com\/fr\/produit\/cocos-substrate#breadcrumb"},"inLanguage":"fr-FR","potentialAction":[{"@type":"ReadAction","target":["https:\/\/atami.com\/fr\/produit\/cocos-substrate"]}]},{"@type":"ImageObject","inLanguage":"fr-FR","@id":"https:\/\/atami.com\/fr\/produit\/cocos-substrate#primaryimage","url":"https:\/\/atami.com\/wp-content\/uploads\/2023\/02\/Cocos-Substrate-Main-Image.webp","contentUrl":"https:\/\/atami.com\/wp-content\/uploads\/2023\/02\/Cocos-Substrate-Main-Image.webp","width":1080,"height":1080,"caption":"Le substrat Cocos fournit un substrat bien structur\u00e9 qui retient l'eau et les nutriments, favorisant ainsi le d\u00e9veloppement sain des racines."},{"@type":"BreadcrumbList","@id":"https:\/\/atami.com\/fr\/produit\/cocos-substrate#breadcrumb","itemListElement":[{"@type":"ListItem","position":1,"name":"Home","item":"https:\/\/atami.com\/fr"},{"@type":"ListItem","position":2,"name":"Produits","item":"https:\/\/atami.com\/fr\/shop"},{"@type":"ListItem","position":3,"name":"Marques","item":"https:\/\/atami.com\/fr\/categorie-produit\/marques"},{"@type":"ListItem","position":4,"name":"Substrats Atami","item":"https:\/\/atami.com\/fr\/categorie-produit\/marques\/substrats-atami"},{"@type":"ListItem","position":5,"name":"Cocos substrate"}]},{"@type":"WebSite","@id":"https:\/\/atami.com\/fr#website","url":"https:\/\/atami.com\/fr","name":"Atami","description":"NATURALLY INNOVATING!","publisher":{"@id":"https:\/\/atami.com\/fr#organization"},"potentialAction":[{"@type":"SearchAction","target":{"@type":"EntryPoint","urlTemplate":"https:\/\/atami.com\/fr?s={search_term_string}"},"query-input":{"@type":"PropertyValueSpecification","valueRequired":true,"valueName":"search_term_string"}}],"inLanguage":"fr-FR"},{"@type":"Organization","@id":"https:\/\/atami.com\/fr#organization","name":"Atami","url":"https:\/\/atami.com\/fr","logo":{"@type":"ImageObject","inLanguage":"fr-FR","@id":"https:\/\/atami.com\/fr#\/schema\/logo\/image\/","url":"https:\/\/atami.com\/wp-content\/uploads\/2026\/01\/Atami-logo-696x696px.webp","contentUrl":"https:\/\/atami.com\/wp-content\/uploads\/2026\/01\/Atami-logo-696x696px.webp","width":696,"height":696,"caption":"Atami"},"image":{"@id":"https:\/\/atami.com\/fr#\/schema\/logo\/image\/"},"sameAs":["https:\/\/www.facebook.com\/Atami.International","https:\/\/x.com\/AtamiEU","https:\/\/www.youtube.com\/c\/AtamiInternational","https:\/\/www.instagram.com\/atami.international\/"],"description":"ATAMI is a premium plant nutrition & substrate brand founded in 1997 with the mission to make exceptional cultivation achievable for everyone. From legacy to license, we offer a wide variety of innovating award-winning products to let cultivators achieve maximum results in taste & yield.","email":"info@mginnovations.es","legalName":"Atami","numberOfEmployees":{"@type":"QuantitativeValue","minValue":"11","maxValue":"50"}}]}},"_links":{"self":[{"href":"https:\/\/atami.com\/fr\/wp-json\/wp\/v2\/product\/21835","targetHints":{"allow":["GET"]}}],"collection":[{"href":"https:\/\/atami.com\/fr\/wp-json\/wp\/v2\/product"}],"about":[{"href":"https:\/\/atami.com\/fr\/wp-json\/wp\/v2\/types\/product"}],"replies":[{"embeddable":true,"href":"https:\/\/atami.com\/fr\/wp-json\/wp\/v2\/comments?post=21835"}],"wp:featuredmedia":[{"embeddable":true,"href":"https:\/\/atami.com\/fr\/wp-json\/wp\/v2\/media\/25283"}],"wp:attachment":[{"href":"https:\/\/atami.com\/fr\/wp-json\/wp\/v2\/media?parent=21835"}],"wp:term":[{"taxonomy":"product_brand","embeddable":true,"href":"https:\/\/atami.com\/fr\/wp-json\/wp\/v2\/product_brand?post=21835"},{"taxonomy":"product_cat","embeddable":true,"href":"https:\/\/atami.com\/fr\/wp-json\/wp\/v2\/product_cat?post=21835"},{"taxonomy":"product_tag","embeddable":true,"href":"https:\/\/atami.com\/fr\/wp-json\/wp\/v2\/product_tag?post=21835"}],"curies":[{"name":"wp","href":"https:\/\/api.w.org\/{rel}","templated":true}]}}