{"id":21832,"date":"2023-02-14T08:22:44","date_gmt":"2023-02-14T08:22:44","guid":{"rendered":"https:\/\/atami.com\/product\/kilomix\/"},"modified":"2025-11-10T15:50:10","modified_gmt":"2025-11-10T13:50:10","slug":"kilomix","status":"publish","type":"product","link":"https:\/\/atami.com\/fr\/produit\/kilomix","title":{"rendered":"Kilomix"},"content":{"rendered":"<p>En comparaison avec <a href=\"https:\/\/atami.com\/fr\/produit\/janeco-lightmix\/\"><span style=\"color: #00ccff;\">Atami Janeco-Lightmix<\/span><\/a>, Atami Kilomix est beaucoup plus riche en \u00e9l\u00e9ments nutritifs. Atami Kilomix est un terreau id\u00e9al pour les plantes car il est riche en nutriments essentiels comme le <span style=\"color: #00ccff;\"><a style=\"color: #00ccff;\" href=\"https:\/\/atami.com\/fr\/produit\/worm-delight\/\">Worm Delight<\/a><\/span> (lombricompost), la chaux, le guano et de nombreuses autres substances organiques essentielles. Atami Kilomix contient, par cons\u00e9quent, tout ce dont les plantes ont besoin et r\u00e9duit presque enti\u00e8rement les risques de carences.<\/p>\n<p>&nbsp;<\/p>\n<p>Ce substrat, \u00e9quilibr\u00e9 et professionnel, veille \u00e0 un apport r\u00e9gulier des substances nutritives essentielles pendant une p\u00e9riode plus longue. C\u2019est un v\u00e9ritable plaisir pour les plantes de se d\u00e9velopper sur un sol si riche !<\/p>\n<p>&nbsp;<\/p>\n<p><strong>EC: 2,60 \u2013 2,80<\/strong><\/p>\n<p>&nbsp;<\/p>\n<p><strong>Disponible en 20 L et 50 L<\/strong><\/p>\n","protected":false},"excerpt":{"rendered":"<p>Substrat \u00e0 base de tourbe fortement fertilis\u00e9 avec de la perlite<\/p>\n","protected":false},"featured_media":25223,"comment_status":"closed","ping_status":"closed","template":"","meta":{"_acf_changed":false,"iawp_total_views":322},"product_brand":[],"product_cat":[185],"product_tag":[],"class_list":{"0":"post-21832","1":"product","2":"type-product","3":"status-publish","4":"has-post-thumbnail","6":"product_cat-substrats-atami","8":"first","9":"instock","10":"shipping-taxable","11":"product-type-simple"},"acf":{"short_description":"<p>En comparaison avec <a href=\"https:\/\/atami.com\/fr\/produit\/janeco-lightmix\"><strong>Atami Janeco-Lightmix<\/strong><\/a>, Atami Kilomix est beaucoup plus riche en \u00e9l\u00e9ments nutritifs. Atami Kilomix est un terreau id\u00e9al pour les plantes car il est riche en nutriments essentiels comme le <strong><a href=\"https:\/\/atami.com\/fr\/produit\/worm-delight\">Worm Delight<\/a><\/strong> (lombricompost), la chaux, le guano et de nombreuses autres substances organiques essentielles. Atami Kilomix contient, par cons\u00e9quent, tout ce dont les plantes ont besoin et r\u00e9duit presque enti\u00e8rement les risques de carences.<\/p><p>&nbsp;<\/p><p>Ce substrat, \u00e9quilibr\u00e9 et professionnel, veille \u00e0 un apport r\u00e9gulier des substances nutritives essentielles pendant une p\u00e9riode plus longue. C\u2019est un v\u00e9ritable plaisir pour les plantes de se d\u00e9velopper sur un sol si riche !<\/p><p>&nbsp;<\/p><p><strong>EC: 2,60 \u2013 2,80<\/strong><\/p>","suitable_for":"","application":"","dosage":"","npk_ratio":"","available_in":"<p>20 L et 50 L<\/p>","icon_1":"","icon_1_text":"","icon_2":195165,"icon_2_text":"","icon_3":"","icon_3_text":"","icon_4":"","icon_4_text":"","video":"https:\/\/youtu.be\/zVKipmODqzk","second_image":25238,"product_image_page":"","user_manual":"","new_icon_1":"","new_icon_2":"","new_icon_3":"","new_icon_4":"","grow_guides":"","category":"Substrat"},"yoast_head":"<!-- This site is optimized with the Yoast SEO Premium plugin v27.5 (Yoast SEO v27.5) - https:\/\/yoast.com\/product\/yoast-seo-premium-wordpress\/ -->\n<title>Kilomix d\u2019Atami \u2013 Terreau complet pour des plantes en pleine sant\u00e9<\/title>\n<meta name=\"description\" content=\"Offrez \u00e0 vos plantes une base riche et \u00e9quilibr\u00e9e avec Kilomix. Un terreau pr\u00e9-fertilis\u00e9 id\u00e9al pour une croissance vigoureuse et un d\u00e9veloppement optimal.\" \/>\n<meta name=\"robots\" content=\"index, follow, max-snippet:-1, max-image-preview:large, max-video-preview:-1\" \/>\n<link rel=\"canonical\" href=\"https:\/\/atami.com\/fr\/produit\/kilomix\" \/>\n<meta property=\"og:locale\" content=\"fr_FR\" \/>\n<meta property=\"og:type\" content=\"article\" \/>\n<meta property=\"og:title\" content=\"Kilomix\" \/>\n<meta property=\"og:description\" content=\"Offrez \u00e0 vos plantes une base riche et \u00e9quilibr\u00e9e avec Kilomix. Un terreau pr\u00e9-fertilis\u00e9 id\u00e9al pour une croissance vigoureuse et un d\u00e9veloppement optimal.\" \/>\n<meta property=\"og:url\" content=\"https:\/\/atami.com\/fr\/produit\/kilomix\" \/>\n<meta property=\"og:site_name\" content=\"Atami\" \/>\n<meta property=\"article:publisher\" content=\"https:\/\/www.facebook.com\/Atami.International\" \/>\n<meta property=\"article:modified_time\" content=\"2025-11-10T13:50:10+00:00\" \/>\n<meta property=\"og:image\" content=\"https:\/\/atami.com\/wp-content\/uploads\/2023\/02\/Kilomix-Main-Image.webp\" \/>\n\t<meta property=\"og:image:width\" content=\"1080\" \/>\n\t<meta property=\"og:image:height\" content=\"1080\" \/>\n\t<meta property=\"og:image:type\" content=\"image\/webp\" \/>\n<meta name=\"twitter:card\" content=\"summary_large_image\" \/>\n<meta name=\"twitter:site\" content=\"@AtamiEU\" \/>\n<meta name=\"twitter:label1\" content=\"Dur\u00e9e de lecture estim\u00e9e\" \/>\n\t<meta name=\"twitter:data1\" content=\"1 minute\" \/>\n<script type=\"application\/ld+json\" class=\"yoast-schema-graph\">{\"@context\":\"https:\\\/\\\/schema.org\",\"@graph\":[{\"@type\":\"WebPage\",\"@id\":\"https:\\\/\\\/atami.com\\\/fr\\\/produit\\\/kilomix\",\"url\":\"https:\\\/\\\/atami.com\\\/fr\\\/produit\\\/kilomix\",\"name\":\"Kilomix d\u2019Atami \u2013 Terreau complet pour des plantes en pleine sant\u00e9\",\"isPartOf\":{\"@id\":\"https:\\\/\\\/atami.com\\\/fr#website\"},\"primaryImageOfPage\":{\"@id\":\"https:\\\/\\\/atami.com\\\/fr\\\/produit\\\/kilomix#primaryimage\"},\"image\":{\"@id\":\"https:\\\/\\\/atami.com\\\/fr\\\/produit\\\/kilomix#primaryimage\"},\"thumbnailUrl\":\"https:\\\/\\\/atami.com\\\/wp-content\\\/uploads\\\/2023\\\/02\\\/Kilomix-Main-Image.webp\",\"datePublished\":\"2023-02-14T08:22:44+00:00\",\"dateModified\":\"2025-11-10T13:50:10+00:00\",\"description\":\"Offrez \u00e0 vos plantes une base riche et \u00e9quilibr\u00e9e avec Kilomix. Un terreau pr\u00e9-fertilis\u00e9 id\u00e9al pour une croissance vigoureuse et un d\u00e9veloppement optimal.\",\"breadcrumb\":{\"@id\":\"https:\\\/\\\/atami.com\\\/fr\\\/produit\\\/kilomix#breadcrumb\"},\"inLanguage\":\"fr-FR\",\"potentialAction\":[{\"@type\":\"ReadAction\",\"target\":[\"https:\\\/\\\/atami.com\\\/fr\\\/produit\\\/kilomix\"]}]},{\"@type\":\"ImageObject\",\"inLanguage\":\"fr-FR\",\"@id\":\"https:\\\/\\\/atami.com\\\/fr\\\/produit\\\/kilomix#primaryimage\",\"url\":\"https:\\\/\\\/atami.com\\\/wp-content\\\/uploads\\\/2023\\\/02\\\/Kilomix-Main-Image.webp\",\"contentUrl\":\"https:\\\/\\\/atami.com\\\/wp-content\\\/uploads\\\/2023\\\/02\\\/Kilomix-Main-Image.webp\",\"width\":1080,\"height\":1080,\"caption\":\"Kilomix fournit une base riche en nutriments, garantissant un d\u00e9veloppement robuste des plantes et des r\u00e9coltes abondantes.\"},{\"@type\":\"BreadcrumbList\",\"@id\":\"https:\\\/\\\/atami.com\\\/fr\\\/produit\\\/kilomix#breadcrumb\",\"itemListElement\":[{\"@type\":\"ListItem\",\"position\":1,\"name\":\"Home\",\"item\":\"https:\\\/\\\/atami.com\\\/fr\"},{\"@type\":\"ListItem\",\"position\":2,\"name\":\"Produits\",\"item\":\"https:\\\/\\\/atami.com\\\/fr\\\/shop\"},{\"@type\":\"ListItem\",\"position\":3,\"name\":\"Marques\",\"item\":\"https:\\\/\\\/atami.com\\\/fr\\\/categorie-produit\\\/marques\"},{\"@type\":\"ListItem\",\"position\":4,\"name\":\"Substrats Atami\",\"item\":\"https:\\\/\\\/atami.com\\\/fr\\\/categorie-produit\\\/marques\\\/substrats-atami\"},{\"@type\":\"ListItem\",\"position\":5,\"name\":\"Kilomix\"}]},{\"@type\":\"WebSite\",\"@id\":\"https:\\\/\\\/atami.com\\\/fr#website\",\"url\":\"https:\\\/\\\/atami.com\\\/fr\",\"name\":\"Atami\",\"description\":\"NATURALLY INNOVATING!\",\"publisher\":{\"@id\":\"https:\\\/\\\/atami.com\\\/fr#organization\"},\"potentialAction\":[{\"@type\":\"SearchAction\",\"target\":{\"@type\":\"EntryPoint\",\"urlTemplate\":\"https:\\\/\\\/atami.com\\\/fr?s={search_term_string}\"},\"query-input\":{\"@type\":\"PropertyValueSpecification\",\"valueRequired\":true,\"valueName\":\"search_term_string\"}}],\"inLanguage\":\"fr-FR\"},{\"@type\":\"Organization\",\"@id\":\"https:\\\/\\\/atami.com\\\/fr#organization\",\"name\":\"Atami\",\"url\":\"https:\\\/\\\/atami.com\\\/fr\",\"logo\":{\"@type\":\"ImageObject\",\"inLanguage\":\"fr-FR\",\"@id\":\"https:\\\/\\\/atami.com\\\/fr#\\\/schema\\\/logo\\\/image\\\/\",\"url\":\"https:\\\/\\\/atami.com\\\/wp-content\\\/uploads\\\/2026\\\/01\\\/Atami-logo-696x696px.webp\",\"contentUrl\":\"https:\\\/\\\/atami.com\\\/wp-content\\\/uploads\\\/2026\\\/01\\\/Atami-logo-696x696px.webp\",\"width\":696,\"height\":696,\"caption\":\"Atami\"},\"image\":{\"@id\":\"https:\\\/\\\/atami.com\\\/fr#\\\/schema\\\/logo\\\/image\\\/\"},\"sameAs\":[\"https:\\\/\\\/www.facebook.com\\\/Atami.International\",\"https:\\\/\\\/x.com\\\/AtamiEU\",\"https:\\\/\\\/www.youtube.com\\\/c\\\/AtamiInternational\",\"https:\\\/\\\/www.instagram.com\\\/atami.international\\\/\"],\"description\":\"ATAMI is a premium plant nutrition & substrate brand founded in 1997 with the mission to make exceptional cultivation achievable for everyone. From legacy to license, we offer a wide variety of innovating award-winning products to let cultivators achieve maximum results in taste & yield.\",\"email\":\"info@mginnovations.es\",\"legalName\":\"Atami\",\"numberOfEmployees\":{\"@type\":\"QuantitativeValue\",\"minValue\":\"11\",\"maxValue\":\"50\"}}]}<\/script>\n<!-- \/ Yoast SEO Premium plugin. -->","yoast_head_json":{"title":"Kilomix d\u2019Atami \u2013 Terreau complet pour des plantes en pleine sant\u00e9","description":"Offrez \u00e0 vos plantes une base riche et \u00e9quilibr\u00e9e avec Kilomix. Un terreau pr\u00e9-fertilis\u00e9 id\u00e9al pour une croissance vigoureuse et un d\u00e9veloppement optimal.","robots":{"index":"index","follow":"follow","max-snippet":"max-snippet:-1","max-image-preview":"max-image-preview:large","max-video-preview":"max-video-preview:-1"},"canonical":"https:\/\/atami.com\/fr\/produit\/kilomix","og_locale":"fr_FR","og_type":"article","og_title":"Kilomix","og_description":"Offrez \u00e0 vos plantes une base riche et \u00e9quilibr\u00e9e avec Kilomix. Un terreau pr\u00e9-fertilis\u00e9 id\u00e9al pour une croissance vigoureuse et un d\u00e9veloppement optimal.","og_url":"https:\/\/atami.com\/fr\/produit\/kilomix","og_site_name":"Atami","article_publisher":"https:\/\/www.facebook.com\/Atami.International","article_modified_time":"2025-11-10T13:50:10+00:00","og_image":[{"width":1080,"height":1080,"url":"https:\/\/atami.com\/wp-content\/uploads\/2023\/02\/Kilomix-Main-Image.webp","type":"image\/webp"}],"twitter_card":"summary_large_image","twitter_site":"@AtamiEU","twitter_misc":{"Dur\u00e9e de lecture estim\u00e9e":"1 minute"},"schema":{"@context":"https:\/\/schema.org","@graph":[{"@type":"WebPage","@id":"https:\/\/atami.com\/fr\/produit\/kilomix","url":"https:\/\/atami.com\/fr\/produit\/kilomix","name":"Kilomix d\u2019Atami \u2013 Terreau complet pour des plantes en pleine sant\u00e9","isPartOf":{"@id":"https:\/\/atami.com\/fr#website"},"primaryImageOfPage":{"@id":"https:\/\/atami.com\/fr\/produit\/kilomix#primaryimage"},"image":{"@id":"https:\/\/atami.com\/fr\/produit\/kilomix#primaryimage"},"thumbnailUrl":"https:\/\/atami.com\/wp-content\/uploads\/2023\/02\/Kilomix-Main-Image.webp","datePublished":"2023-02-14T08:22:44+00:00","dateModified":"2025-11-10T13:50:10+00:00","description":"Offrez \u00e0 vos plantes une base riche et \u00e9quilibr\u00e9e avec Kilomix. Un terreau pr\u00e9-fertilis\u00e9 id\u00e9al pour une croissance vigoureuse et un d\u00e9veloppement optimal.","breadcrumb":{"@id":"https:\/\/atami.com\/fr\/produit\/kilomix#breadcrumb"},"inLanguage":"fr-FR","potentialAction":[{"@type":"ReadAction","target":["https:\/\/atami.com\/fr\/produit\/kilomix"]}]},{"@type":"ImageObject","inLanguage":"fr-FR","@id":"https:\/\/atami.com\/fr\/produit\/kilomix#primaryimage","url":"https:\/\/atami.com\/wp-content\/uploads\/2023\/02\/Kilomix-Main-Image.webp","contentUrl":"https:\/\/atami.com\/wp-content\/uploads\/2023\/02\/Kilomix-Main-Image.webp","width":1080,"height":1080,"caption":"Kilomix fournit une base riche en nutriments, garantissant un d\u00e9veloppement robuste des plantes et des r\u00e9coltes abondantes."},{"@type":"BreadcrumbList","@id":"https:\/\/atami.com\/fr\/produit\/kilomix#breadcrumb","itemListElement":[{"@type":"ListItem","position":1,"name":"Home","item":"https:\/\/atami.com\/fr"},{"@type":"ListItem","position":2,"name":"Produits","item":"https:\/\/atami.com\/fr\/shop"},{"@type":"ListItem","position":3,"name":"Marques","item":"https:\/\/atami.com\/fr\/categorie-produit\/marques"},{"@type":"ListItem","position":4,"name":"Substrats Atami","item":"https:\/\/atami.com\/fr\/categorie-produit\/marques\/substrats-atami"},{"@type":"ListItem","position":5,"name":"Kilomix"}]},{"@type":"WebSite","@id":"https:\/\/atami.com\/fr#website","url":"https:\/\/atami.com\/fr","name":"Atami","description":"NATURALLY INNOVATING!","publisher":{"@id":"https:\/\/atami.com\/fr#organization"},"potentialAction":[{"@type":"SearchAction","target":{"@type":"EntryPoint","urlTemplate":"https:\/\/atami.com\/fr?s={search_term_string}"},"query-input":{"@type":"PropertyValueSpecification","valueRequired":true,"valueName":"search_term_string"}}],"inLanguage":"fr-FR"},{"@type":"Organization","@id":"https:\/\/atami.com\/fr#organization","name":"Atami","url":"https:\/\/atami.com\/fr","logo":{"@type":"ImageObject","inLanguage":"fr-FR","@id":"https:\/\/atami.com\/fr#\/schema\/logo\/image\/","url":"https:\/\/atami.com\/wp-content\/uploads\/2026\/01\/Atami-logo-696x696px.webp","contentUrl":"https:\/\/atami.com\/wp-content\/uploads\/2026\/01\/Atami-logo-696x696px.webp","width":696,"height":696,"caption":"Atami"},"image":{"@id":"https:\/\/atami.com\/fr#\/schema\/logo\/image\/"},"sameAs":["https:\/\/www.facebook.com\/Atami.International","https:\/\/x.com\/AtamiEU","https:\/\/www.youtube.com\/c\/AtamiInternational","https:\/\/www.instagram.com\/atami.international\/"],"description":"ATAMI is a premium plant nutrition & substrate brand founded in 1997 with the mission to make exceptional cultivation achievable for everyone. From legacy to license, we offer a wide variety of innovating award-winning products to let cultivators achieve maximum results in taste & yield.","email":"info@mginnovations.es","legalName":"Atami","numberOfEmployees":{"@type":"QuantitativeValue","minValue":"11","maxValue":"50"}}]}},"_links":{"self":[{"href":"https:\/\/atami.com\/fr\/wp-json\/wp\/v2\/product\/21832","targetHints":{"allow":["GET"]}}],"collection":[{"href":"https:\/\/atami.com\/fr\/wp-json\/wp\/v2\/product"}],"about":[{"href":"https:\/\/atami.com\/fr\/wp-json\/wp\/v2\/types\/product"}],"replies":[{"embeddable":true,"href":"https:\/\/atami.com\/fr\/wp-json\/wp\/v2\/comments?post=21832"}],"wp:featuredmedia":[{"embeddable":true,"href":"https:\/\/atami.com\/fr\/wp-json\/wp\/v2\/media\/25223"}],"wp:attachment":[{"href":"https:\/\/atami.com\/fr\/wp-json\/wp\/v2\/media?parent=21832"}],"wp:term":[{"taxonomy":"product_brand","embeddable":true,"href":"https:\/\/atami.com\/fr\/wp-json\/wp\/v2\/product_brand?post=21832"},{"taxonomy":"product_cat","embeddable":true,"href":"https:\/\/atami.com\/fr\/wp-json\/wp\/v2\/product_cat?post=21832"},{"taxonomy":"product_tag","embeddable":true,"href":"https:\/\/atami.com\/fr\/wp-json\/wp\/v2\/product_tag?post=21832"}],"curies":[{"name":"wp","href":"https:\/\/api.w.org\/{rel}","templated":true}]}}