{"id":21831,"date":"2023-02-14T07:59:43","date_gmt":"2023-02-14T07:59:43","guid":{"rendered":"https:\/\/atami.com\/product\/janeco-lightmix\/"},"modified":"2025-11-10T15:49:54","modified_gmt":"2025-11-10T13:49:54","slug":"janeco-lightmix","status":"publish","type":"product","link":"https:\/\/atami.com\/fr\/produit\/janeco-lightmix","title":{"rendered":"Janeco-Light-mix"},"content":{"rendered":"<p>Atami Janeco-Light-mix est un substrat de base id\u00e9al pour cultiver pratiquement tous les types de plantes avec succ\u00e8s. Ce terreau l\u00e9g\u00e8rement enrichi a l\u2019avantage de ne pas sur-fertiliser trop rapidement les plantes les plus d\u00e9licates. En plus d\u2019un dosage d\u2019engrais l\u00e9ger, Atami Janeco-Light-mix contient aussi de la perlite, ce qui rend le substrat suffisamment a\u00e9r\u00e9 et permet une circulation optimale de l\u2019eau.<\/p>\n<p>&nbsp;<\/p>\n<p>En utilisant le terreau Atami Janeco-Light-mix, vous n\u2019aurez probablement pas besoin d\u2019ajouter d\u2019engrais en d\u00e9but de culture. Le m\u00e9lange contient en effet suffisamment de nutriments pour les deux premi\u00e8res semaines, en fonction du nombre de plantes et de la taille des pots. Apr\u00e8s cette p\u00e9riode, Atami conseille d\u2019alimenter les plantes avec des engrais liquides pour obtenir un r\u00e9sultat optimal.<\/p>\n<p>&nbsp;<\/p>\n<p><strong>EC:\u00a0 1,00 \u2013 1,25<\/strong><\/p>\n<p>&nbsp;<\/p>\n<p><strong>Disponible en 20 L et 50 L<\/strong><\/p>\n","protected":false},"excerpt":{"rendered":"<p>Substrat \u00e0 base de tourbe l\u00e9g\u00e8rement fertilis\u00e9 avec de la perlite<\/p>\n","protected":false},"featured_media":25193,"comment_status":"closed","ping_status":"closed","template":"","meta":{"_acf_changed":false,"iawp_total_views":424},"product_brand":[],"product_cat":[185],"product_tag":[],"class_list":{"0":"post-21831","1":"product","2":"type-product","3":"status-publish","4":"has-post-thumbnail","6":"product_cat-substrats-atami","8":"first","9":"instock","10":"shipping-taxable","11":"product-type-simple"},"acf":{"short_description":"<p>Atami Janeco-Light-mix est un substrat de base id\u00e9al pour cultiver pratiquement tous les types de plantes avec succ\u00e8s. Ce terreau l\u00e9g\u00e8rement enrichi a l\u2019avantage de ne pas sur-fertiliser trop rapidement les plantes les plus d\u00e9licates. En plus d\u2019un dosage d\u2019engrais l\u00e9ger, Atami Janeco-Light-mix contient aussi de la perlite, ce qui rend le substrat suffisamment a\u00e9r\u00e9 et permet une circulation optimale de l\u2019eau.<\/p><p>&nbsp;<\/p><p>En utilisant le terreau Atami Janeco-Light-mix, vous n\u2019aurez probablement pas besoin d\u2019ajouter d\u2019engrais en d\u00e9but de culture. Le m\u00e9lange contient en effet suffisamment de nutriments pour les deux premi\u00e8res semaines, en fonction du nombre de plantes et de la taille des pots. Apr\u00e8s cette p\u00e9riode, Atami conseille d\u2019alimenter les plantes avec des engrais liquides pour obtenir un r\u00e9sultat optimal.<\/p><p>&nbsp;<\/p><p><strong>EC:\u00a0 1,00 \u2013 1,25<\/strong><\/p>","suitable_for":"","application":"","dosage":"","npk_ratio":"","available_in":"<p>20 L et 50 L<\/p>","icon_1":"","icon_1_text":"","icon_2":195150,"icon_2_text":"","icon_3":"","icon_3_text":"","icon_4":"","icon_4_text":"","video":"https:\/\/youtu.be\/bQMUadOU0Zw","second_image":25208,"product_image_page":"","user_manual":"","new_icon_1":"","new_icon_2":"","new_icon_3":"","new_icon_4":"","grow_guides":"","category":"Substrat"},"yoast_head":"<!-- This site is optimized with the Yoast SEO Premium plugin v27.5 (Yoast SEO v27.5) - https:\/\/yoast.com\/product\/yoast-seo-premium-wordpress\/ -->\n<title>Janeco-Light-mix - Terreau optimal pour des plantes en pleine sant\u00e9<\/title>\n<meta name=\"description\" content=\"D\u00e9couvrez Janeco-Light-mix, un terreau de qualit\u00e9 sup\u00e9rieure con\u00e7u pour assurer une croissance optimale de vos plantes. Parfait pour les cultures en int\u00e9rieur et en ext\u00e9rieur, il favorise un d\u00e9veloppement racinaire sain.\" \/>\n<meta name=\"robots\" content=\"index, follow, max-snippet:-1, max-image-preview:large, max-video-preview:-1\" \/>\n<link rel=\"canonical\" href=\"https:\/\/atami.com\/fr\/produit\/janeco-lightmix\" \/>\n<meta property=\"og:locale\" content=\"fr_FR\" \/>\n<meta property=\"og:type\" content=\"article\" \/>\n<meta property=\"og:title\" content=\"Janeco-Light-mix\" \/>\n<meta property=\"og:description\" content=\"D\u00e9couvrez Janeco-Light-mix, un terreau de qualit\u00e9 sup\u00e9rieure con\u00e7u pour assurer une croissance optimale de vos plantes. Parfait pour les cultures en int\u00e9rieur et en ext\u00e9rieur, il favorise un d\u00e9veloppement racinaire sain.\" \/>\n<meta property=\"og:url\" content=\"https:\/\/atami.com\/fr\/produit\/janeco-lightmix\" \/>\n<meta property=\"og:site_name\" content=\"Atami\" \/>\n<meta property=\"article:publisher\" content=\"https:\/\/www.facebook.com\/Atami.International\" \/>\n<meta property=\"article:modified_time\" content=\"2025-11-10T13:49:54+00:00\" \/>\n<meta property=\"og:image\" content=\"https:\/\/atami.com\/wp-content\/uploads\/2023\/02\/Janeco-Light-Mix-Main-Image.webp\" \/>\n\t<meta property=\"og:image:width\" content=\"1080\" \/>\n\t<meta property=\"og:image:height\" content=\"1080\" \/>\n\t<meta property=\"og:image:type\" content=\"image\/webp\" \/>\n<meta name=\"twitter:card\" content=\"summary_large_image\" \/>\n<meta name=\"twitter:site\" content=\"@AtamiEU\" \/>\n<meta name=\"twitter:label1\" content=\"Dur\u00e9e de lecture estim\u00e9e\" \/>\n\t<meta name=\"twitter:data1\" content=\"1 minute\" \/>\n<script type=\"application\/ld+json\" class=\"yoast-schema-graph\">{\"@context\":\"https:\\\/\\\/schema.org\",\"@graph\":[{\"@type\":\"WebPage\",\"@id\":\"https:\\\/\\\/atami.com\\\/fr\\\/produit\\\/janeco-lightmix\",\"url\":\"https:\\\/\\\/atami.com\\\/fr\\\/produit\\\/janeco-lightmix\",\"name\":\"Janeco-Light-mix - Terreau optimal pour des plantes en pleine sant\u00e9\",\"isPartOf\":{\"@id\":\"https:\\\/\\\/atami.com\\\/fr#website\"},\"primaryImageOfPage\":{\"@id\":\"https:\\\/\\\/atami.com\\\/fr\\\/produit\\\/janeco-lightmix#primaryimage\"},\"image\":{\"@id\":\"https:\\\/\\\/atami.com\\\/fr\\\/produit\\\/janeco-lightmix#primaryimage\"},\"thumbnailUrl\":\"https:\\\/\\\/atami.com\\\/wp-content\\\/uploads\\\/2023\\\/02\\\/Janeco-Light-Mix-Main-Image.webp\",\"datePublished\":\"2023-02-14T07:59:43+00:00\",\"dateModified\":\"2025-11-10T13:49:54+00:00\",\"description\":\"D\u00e9couvrez Janeco-Light-mix, un terreau de qualit\u00e9 sup\u00e9rieure con\u00e7u pour assurer une croissance optimale de vos plantes. Parfait pour les cultures en int\u00e9rieur et en ext\u00e9rieur, il favorise un d\u00e9veloppement racinaire sain.\",\"breadcrumb\":{\"@id\":\"https:\\\/\\\/atami.com\\\/fr\\\/produit\\\/janeco-lightmix#breadcrumb\"},\"inLanguage\":\"fr-FR\",\"potentialAction\":[{\"@type\":\"ReadAction\",\"target\":[\"https:\\\/\\\/atami.com\\\/fr\\\/produit\\\/janeco-lightmix\"]}]},{\"@type\":\"ImageObject\",\"inLanguage\":\"fr-FR\",\"@id\":\"https:\\\/\\\/atami.com\\\/fr\\\/produit\\\/janeco-lightmix#primaryimage\",\"url\":\"https:\\\/\\\/atami.com\\\/wp-content\\\/uploads\\\/2023\\\/02\\\/Janeco-Light-Mix-Main-Image.webp\",\"contentUrl\":\"https:\\\/\\\/atami.com\\\/wp-content\\\/uploads\\\/2023\\\/02\\\/Janeco-Light-Mix-Main-Image.webp\",\"width\":1080,\"height\":1080,\"caption\":\"Janeco-Light-Mix fournit une base nutritive \u00e9quilibr\u00e9e, id\u00e9ale pour une large gamme de plantes.\"},{\"@type\":\"BreadcrumbList\",\"@id\":\"https:\\\/\\\/atami.com\\\/fr\\\/produit\\\/janeco-lightmix#breadcrumb\",\"itemListElement\":[{\"@type\":\"ListItem\",\"position\":1,\"name\":\"Home\",\"item\":\"https:\\\/\\\/atami.com\\\/fr\"},{\"@type\":\"ListItem\",\"position\":2,\"name\":\"Produits\",\"item\":\"https:\\\/\\\/atami.com\\\/fr\\\/shop\"},{\"@type\":\"ListItem\",\"position\":3,\"name\":\"Marques\",\"item\":\"https:\\\/\\\/atami.com\\\/fr\\\/categorie-produit\\\/marques\"},{\"@type\":\"ListItem\",\"position\":4,\"name\":\"Substrats Atami\",\"item\":\"https:\\\/\\\/atami.com\\\/fr\\\/categorie-produit\\\/marques\\\/substrats-atami\"},{\"@type\":\"ListItem\",\"position\":5,\"name\":\"Janeco-Light-mix\"}]},{\"@type\":\"WebSite\",\"@id\":\"https:\\\/\\\/atami.com\\\/fr#website\",\"url\":\"https:\\\/\\\/atami.com\\\/fr\",\"name\":\"Atami\",\"description\":\"NATURALLY INNOVATING!\",\"publisher\":{\"@id\":\"https:\\\/\\\/atami.com\\\/fr#organization\"},\"potentialAction\":[{\"@type\":\"SearchAction\",\"target\":{\"@type\":\"EntryPoint\",\"urlTemplate\":\"https:\\\/\\\/atami.com\\\/fr?s={search_term_string}\"},\"query-input\":{\"@type\":\"PropertyValueSpecification\",\"valueRequired\":true,\"valueName\":\"search_term_string\"}}],\"inLanguage\":\"fr-FR\"},{\"@type\":\"Organization\",\"@id\":\"https:\\\/\\\/atami.com\\\/fr#organization\",\"name\":\"Atami\",\"url\":\"https:\\\/\\\/atami.com\\\/fr\",\"logo\":{\"@type\":\"ImageObject\",\"inLanguage\":\"fr-FR\",\"@id\":\"https:\\\/\\\/atami.com\\\/fr#\\\/schema\\\/logo\\\/image\\\/\",\"url\":\"https:\\\/\\\/atami.com\\\/wp-content\\\/uploads\\\/2026\\\/01\\\/Atami-logo-696x696px.webp\",\"contentUrl\":\"https:\\\/\\\/atami.com\\\/wp-content\\\/uploads\\\/2026\\\/01\\\/Atami-logo-696x696px.webp\",\"width\":696,\"height\":696,\"caption\":\"Atami\"},\"image\":{\"@id\":\"https:\\\/\\\/atami.com\\\/fr#\\\/schema\\\/logo\\\/image\\\/\"},\"sameAs\":[\"https:\\\/\\\/www.facebook.com\\\/Atami.International\",\"https:\\\/\\\/x.com\\\/AtamiEU\",\"https:\\\/\\\/www.youtube.com\\\/c\\\/AtamiInternational\",\"https:\\\/\\\/www.instagram.com\\\/atami.international\\\/\"],\"description\":\"ATAMI is a premium plant nutrition & substrate brand founded in 1997 with the mission to make exceptional cultivation achievable for everyone. From legacy to license, we offer a wide variety of innovating award-winning products to let cultivators achieve maximum results in taste & yield.\",\"email\":\"info@mginnovations.es\",\"legalName\":\"Atami\",\"numberOfEmployees\":{\"@type\":\"QuantitativeValue\",\"minValue\":\"11\",\"maxValue\":\"50\"}}]}<\/script>\n<!-- \/ Yoast SEO Premium plugin. -->","yoast_head_json":{"title":"Janeco-Light-mix - Terreau optimal pour des plantes en pleine sant\u00e9","description":"D\u00e9couvrez Janeco-Light-mix, un terreau de qualit\u00e9 sup\u00e9rieure con\u00e7u pour assurer une croissance optimale de vos plantes. Parfait pour les cultures en int\u00e9rieur et en ext\u00e9rieur, il favorise un d\u00e9veloppement racinaire sain.","robots":{"index":"index","follow":"follow","max-snippet":"max-snippet:-1","max-image-preview":"max-image-preview:large","max-video-preview":"max-video-preview:-1"},"canonical":"https:\/\/atami.com\/fr\/produit\/janeco-lightmix","og_locale":"fr_FR","og_type":"article","og_title":"Janeco-Light-mix","og_description":"D\u00e9couvrez Janeco-Light-mix, un terreau de qualit\u00e9 sup\u00e9rieure con\u00e7u pour assurer une croissance optimale de vos plantes. Parfait pour les cultures en int\u00e9rieur et en ext\u00e9rieur, il favorise un d\u00e9veloppement racinaire sain.","og_url":"https:\/\/atami.com\/fr\/produit\/janeco-lightmix","og_site_name":"Atami","article_publisher":"https:\/\/www.facebook.com\/Atami.International","article_modified_time":"2025-11-10T13:49:54+00:00","og_image":[{"width":1080,"height":1080,"url":"https:\/\/atami.com\/wp-content\/uploads\/2023\/02\/Janeco-Light-Mix-Main-Image.webp","type":"image\/webp"}],"twitter_card":"summary_large_image","twitter_site":"@AtamiEU","twitter_misc":{"Dur\u00e9e de lecture estim\u00e9e":"1 minute"},"schema":{"@context":"https:\/\/schema.org","@graph":[{"@type":"WebPage","@id":"https:\/\/atami.com\/fr\/produit\/janeco-lightmix","url":"https:\/\/atami.com\/fr\/produit\/janeco-lightmix","name":"Janeco-Light-mix - Terreau optimal pour des plantes en pleine sant\u00e9","isPartOf":{"@id":"https:\/\/atami.com\/fr#website"},"primaryImageOfPage":{"@id":"https:\/\/atami.com\/fr\/produit\/janeco-lightmix#primaryimage"},"image":{"@id":"https:\/\/atami.com\/fr\/produit\/janeco-lightmix#primaryimage"},"thumbnailUrl":"https:\/\/atami.com\/wp-content\/uploads\/2023\/02\/Janeco-Light-Mix-Main-Image.webp","datePublished":"2023-02-14T07:59:43+00:00","dateModified":"2025-11-10T13:49:54+00:00","description":"D\u00e9couvrez Janeco-Light-mix, un terreau de qualit\u00e9 sup\u00e9rieure con\u00e7u pour assurer une croissance optimale de vos plantes. Parfait pour les cultures en int\u00e9rieur et en ext\u00e9rieur, il favorise un d\u00e9veloppement racinaire sain.","breadcrumb":{"@id":"https:\/\/atami.com\/fr\/produit\/janeco-lightmix#breadcrumb"},"inLanguage":"fr-FR","potentialAction":[{"@type":"ReadAction","target":["https:\/\/atami.com\/fr\/produit\/janeco-lightmix"]}]},{"@type":"ImageObject","inLanguage":"fr-FR","@id":"https:\/\/atami.com\/fr\/produit\/janeco-lightmix#primaryimage","url":"https:\/\/atami.com\/wp-content\/uploads\/2023\/02\/Janeco-Light-Mix-Main-Image.webp","contentUrl":"https:\/\/atami.com\/wp-content\/uploads\/2023\/02\/Janeco-Light-Mix-Main-Image.webp","width":1080,"height":1080,"caption":"Janeco-Light-Mix fournit une base nutritive \u00e9quilibr\u00e9e, id\u00e9ale pour une large gamme de plantes."},{"@type":"BreadcrumbList","@id":"https:\/\/atami.com\/fr\/produit\/janeco-lightmix#breadcrumb","itemListElement":[{"@type":"ListItem","position":1,"name":"Home","item":"https:\/\/atami.com\/fr"},{"@type":"ListItem","position":2,"name":"Produits","item":"https:\/\/atami.com\/fr\/shop"},{"@type":"ListItem","position":3,"name":"Marques","item":"https:\/\/atami.com\/fr\/categorie-produit\/marques"},{"@type":"ListItem","position":4,"name":"Substrats Atami","item":"https:\/\/atami.com\/fr\/categorie-produit\/marques\/substrats-atami"},{"@type":"ListItem","position":5,"name":"Janeco-Light-mix"}]},{"@type":"WebSite","@id":"https:\/\/atami.com\/fr#website","url":"https:\/\/atami.com\/fr","name":"Atami","description":"NATURALLY INNOVATING!","publisher":{"@id":"https:\/\/atami.com\/fr#organization"},"potentialAction":[{"@type":"SearchAction","target":{"@type":"EntryPoint","urlTemplate":"https:\/\/atami.com\/fr?s={search_term_string}"},"query-input":{"@type":"PropertyValueSpecification","valueRequired":true,"valueName":"search_term_string"}}],"inLanguage":"fr-FR"},{"@type":"Organization","@id":"https:\/\/atami.com\/fr#organization","name":"Atami","url":"https:\/\/atami.com\/fr","logo":{"@type":"ImageObject","inLanguage":"fr-FR","@id":"https:\/\/atami.com\/fr#\/schema\/logo\/image\/","url":"https:\/\/atami.com\/wp-content\/uploads\/2026\/01\/Atami-logo-696x696px.webp","contentUrl":"https:\/\/atami.com\/wp-content\/uploads\/2026\/01\/Atami-logo-696x696px.webp","width":696,"height":696,"caption":"Atami"},"image":{"@id":"https:\/\/atami.com\/fr#\/schema\/logo\/image\/"},"sameAs":["https:\/\/www.facebook.com\/Atami.International","https:\/\/x.com\/AtamiEU","https:\/\/www.youtube.com\/c\/AtamiInternational","https:\/\/www.instagram.com\/atami.international\/"],"description":"ATAMI is a premium plant nutrition & substrate brand founded in 1997 with the mission to make exceptional cultivation achievable for everyone. From legacy to license, we offer a wide variety of innovating award-winning products to let cultivators achieve maximum results in taste & yield.","email":"info@mginnovations.es","legalName":"Atami","numberOfEmployees":{"@type":"QuantitativeValue","minValue":"11","maxValue":"50"}}]}},"_links":{"self":[{"href":"https:\/\/atami.com\/fr\/wp-json\/wp\/v2\/product\/21831","targetHints":{"allow":["GET"]}}],"collection":[{"href":"https:\/\/atami.com\/fr\/wp-json\/wp\/v2\/product"}],"about":[{"href":"https:\/\/atami.com\/fr\/wp-json\/wp\/v2\/types\/product"}],"replies":[{"embeddable":true,"href":"https:\/\/atami.com\/fr\/wp-json\/wp\/v2\/comments?post=21831"}],"wp:featuredmedia":[{"embeddable":true,"href":"https:\/\/atami.com\/fr\/wp-json\/wp\/v2\/media\/25193"}],"wp:attachment":[{"href":"https:\/\/atami.com\/fr\/wp-json\/wp\/v2\/media?parent=21831"}],"wp:term":[{"taxonomy":"product_brand","embeddable":true,"href":"https:\/\/atami.com\/fr\/wp-json\/wp\/v2\/product_brand?post=21831"},{"taxonomy":"product_cat","embeddable":true,"href":"https:\/\/atami.com\/fr\/wp-json\/wp\/v2\/product_cat?post=21831"},{"taxonomy":"product_tag","embeddable":true,"href":"https:\/\/atami.com\/fr\/wp-json\/wp\/v2\/product_tag?post=21831"}],"curies":[{"name":"wp","href":"https:\/\/api.w.org\/{rel}","templated":true}]}}