{"id":21828,"date":"2023-02-13T10:47:47","date_gmt":"2023-02-13T10:47:47","guid":{"rendered":"https:\/\/atami.com\/product\/bcuzz-blossom-builder-liquid\/"},"modified":"2025-11-10T14:29:03","modified_gmt":"2025-11-10T12:29:03","slug":"bcuzz-blossom-builder-liquid","status":"publish","type":"product","link":"https:\/\/atami.com\/fr\/produit\/bcuzz-blossom-builder-liquid","title":{"rendered":"B\u2019cuzz Blossom Builder Liquid"},"content":{"rendered":"<p><strong>B\u2019cuzz Blossom Builder Liquid est un finisseur pas comme les autres ! Il faut savoir que les plantes en phase de floraison ont davantage besoin de phosphore et de potassium.<\/strong><\/p>\n<p>&nbsp;<\/p>\n<p>B\u2019cuzz Blossom Builder Liquid assure une am\u00e9lioration de la structure du fruit et g\u00e9n\u00e8re des fleurs et des fruits grands, beaux, r\u00e9sistants, sains et parfum\u00e9s. Gr\u00e2ce \u00e0 la proportion P : K unique de 18% et 23%, B\u2019cuzz Blossom Builder Liquid r\u00e9pond \u00e0 tous les besoins de votre plante. De plus, le niveau de phosphore plus \u00e9lev\u00e9 compar\u00e9 \u00e0 celui du potassium, am\u00e9liore la fermet\u00e9 du fruit.<\/p>\n<p>&nbsp;<\/p>\n<p><strong>PARTICULI\u00c8REMENT ADAPT\u00c9 POUR<\/strong><br \/>\nDiff\u00e9rents types de l\u00e9gumes et de fruits comme les piments et les myrtilles. Il peut \u00e9galement \u00eatre utilis\u00e9 pour les plantes ornementales \u00e0 fleurs (par ex. : l\u2019arbre aux papillons (Buddleja) et l\u2019amarante). Le dosage requis peut \u00eatre mesur\u00e9 pour r\u00e9pondre aux besoins de n\u2019importe quelle plante individuelle ou culture.<\/p>\n<p>&nbsp;<\/p>\n<p><strong>UTILISATION<\/strong><br \/>\nCe produit deux en un peut \u00eatre utilis\u00e9 comme nutrition et stimulateur de floraison et donne de bons r\u00e9sultats pour les cultivateurs. Nous vous recommandons d\u2019utiliser B\u2019cuzz Blossom Builder Liquid en combinaison avec <span style=\"color: #00ccff;\"><a style=\"color: #00ccff;\" href=\"https:\/\/atami.com\/fr\/produit\/bcuzz-bloom\/\">B\u2019cuzz Bloom<\/a>.<\/span> B\u2019cuzz Blossom Builder Liquid fonctionne avec des substrats de terre, coco et hydro et peut \u00eatre utilis\u00e9 avec n\u2019importe quel syst\u00e8me d\u2019irrigation.<\/p>\n<p>&nbsp;<\/p>\n<p><strong>DOSAGE<\/strong><br \/>\n0,25 \u2013 0,5 ml par litre d\u2019eau.<\/p>\n<p>&nbsp;<\/p>\n<p><strong>PK 18-23 W\/W<\/strong><\/p>\n<p>&nbsp;<\/p>\n<p><strong>DISPONIBLE EN 50 ML, 100 ML, 250 ML, 1 L, 5 L<\/strong><\/p>\n","protected":false},"excerpt":{"rendered":"<p>Finisseur de floraison<\/p>\n<p>Am\u00e9liore le rendement, la taille des fruits et les propri\u00e9t\u00e9s aromatiques<\/p>\n","protected":false},"featured_media":202013,"comment_status":"closed","ping_status":"closed","template":"","meta":{"_acf_changed":false,"iawp_total_views":289},"product_brand":[],"product_cat":[183,177],"product_tag":[],"class_list":{"0":"post-21828","1":"product","2":"type-product","3":"status-publish","4":"has-post-thumbnail","6":"product_cat-bcuzz","7":"product_cat-stimulateurs","9":"first","10":"instock","11":"shipping-taxable","12":"product-type-simple"},"acf":{"short_description":"<p><strong>B\u2019cuzz Blossom Builder Liquid est un finisseur pas comme les autres ! Il faut savoir que les plantes en phase de floraison ont davantage besoin de phosphore et de potassium.<\/strong><\/p><p>&nbsp;<\/p><p>B\u2019cuzz Blossom Builder Liquid assure une am\u00e9lioration de la structure du fruit et g\u00e9n\u00e8re des fleurs et des fruits grands, beaux, r\u00e9sistants, sains et parfum\u00e9s. Gr\u00e2ce \u00e0 la proportion P : K unique de 18% et 23%, B\u2019cuzz Blossom Builder Liquid r\u00e9pond \u00e0 tous les besoins de votre plante. De plus, le niveau de phosphore plus \u00e9lev\u00e9 compar\u00e9 \u00e0 celui du potassium, am\u00e9liore la fermet\u00e9 du fruit.<\/p>","suitable_for":"<p>Diff\u00e9rents types de l\u00e9gumes et de fruits comme les piments et les myrtilles. Il peut \u00e9galement \u00eatre utilis\u00e9 pour les plantes ornementales \u00e0 fleurs (par ex. : l\u2019arbre aux papillons (Buddleja) et l\u2019amarante). Le dosage requis peut \u00eatre mesur\u00e9 pour r\u00e9pondre aux besoins de n\u2019importe quelle plante individuelle ou culture.<\/p>","application":"<p>Ce produit deux en un peut \u00eatre utilis\u00e9 comme nutrition et stimulateur de floraison et donne de bons r\u00e9sultats pour les cultivateurs. Nous vous recommandons d\u2019utiliser B\u2019cuzz Blossom Builder Liquid en combinaison avec <strong><a href=\"https:\/\/atami.com\/fr\/produit\/bcuzz-bloom\">B\u2019cuzz Bloom<\/a>.<\/strong> B\u2019cuzz Blossom Builder Liquid fonctionne avec des substrats de terre, coco et hydro et peut \u00eatre utilis\u00e9 avec n\u2019importe quel syst\u00e8me d\u2019irrigation.<\/p>","dosage":"<p>0,25 \u2013 0,5 ml par litre d\u2019eau.<\/p>","npk_ratio":"<p>PK 18-23 W\/W<\/p>","available_in":"<p>50 ML, 100 ML, 250 ML, 1 L, 5 L<\/p>","icon_1":191879,"icon_1_text":"AUGMENTE LE RENDEMENT ET LA TAILLE DES FRUITS","icon_2":191894,"icon_2_text":"UNE PROPORTION DE PK EXCEPTIONELLE","icon_3":191909,"icon_3_text":"AUGMENTE LA TENEUR EN SUCRES ET LES HUILES ESSENTIELLES","icon_4":"","icon_4_text":"","video":"https:\/\/youtu.be\/IXpdpS1ZEj4","second_image":1260,"product_image_page":25118,"user_manual":"","new_icon_1":"","new_icon_2":"","new_icon_3":"","new_icon_4":"","grow_guides":"","category":"Stimulateur"},"yoast_head":"<!-- This site is optimized with the Yoast SEO Premium plugin v27.5 (Yoast SEO v27.5) - https:\/\/yoast.com\/product\/yoast-seo-premium-wordpress\/ -->\n<title>B&#039;cuzz Blossom Builder Liquid : Stimulateur de Floraison Efficace<\/title>\n<meta name=\"description\" content=\"Le B&#039;cuzz Blossom Builder Liquid est un stimulateur de floraison puissant, con\u00e7u pour am\u00e9liorer la qualit\u00e9 et la quantit\u00e9 de vos fleurs. Obtenez des r\u00e9sultats impressionnants avec ce produit sp\u00e9cialement formul\u00e9 pour une floraison optimale !\" \/>\n<meta name=\"robots\" content=\"index, follow, max-snippet:-1, max-image-preview:large, max-video-preview:-1\" \/>\n<link rel=\"canonical\" href=\"https:\/\/atami.com\/fr\/produit\/bcuzz-blossom-builder-liquid\" \/>\n<meta property=\"og:locale\" content=\"fr_FR\" \/>\n<meta property=\"og:type\" content=\"article\" \/>\n<meta property=\"og:title\" content=\"B\u2019cuzz Blossom Builder Liquid\" \/>\n<meta property=\"og:description\" content=\"Le B&#039;cuzz Blossom Builder Liquid est un stimulateur de floraison puissant, con\u00e7u pour am\u00e9liorer la qualit\u00e9 et la quantit\u00e9 de vos fleurs. Obtenez des r\u00e9sultats impressionnants avec ce produit sp\u00e9cialement formul\u00e9 pour une floraison optimale !\" \/>\n<meta property=\"og:url\" content=\"https:\/\/atami.com\/fr\/produit\/bcuzz-blossom-builder-liquid\" \/>\n<meta property=\"og:site_name\" content=\"Atami\" \/>\n<meta property=\"article:publisher\" content=\"https:\/\/www.facebook.com\/Atami.International\" \/>\n<meta property=\"article:modified_time\" content=\"2025-11-10T12:29:03+00:00\" \/>\n<meta property=\"og:image\" content=\"https:\/\/atami.com\/wp-content\/uploads\/2023\/02\/Bcuzz-Blossom-Builder-Liquid-product-image.webp\" \/>\n\t<meta property=\"og:image:width\" content=\"1080\" \/>\n\t<meta property=\"og:image:height\" content=\"1080\" \/>\n\t<meta property=\"og:image:type\" content=\"image\/webp\" \/>\n<meta name=\"twitter:card\" content=\"summary_large_image\" \/>\n<meta name=\"twitter:site\" content=\"@AtamiEU\" \/>\n<meta name=\"twitter:label1\" content=\"Dur\u00e9e de lecture estim\u00e9e\" \/>\n\t<meta name=\"twitter:data1\" content=\"2 minutes\" \/>\n<script type=\"application\/ld+json\" class=\"yoast-schema-graph\">{\"@context\":\"https:\\\/\\\/schema.org\",\"@graph\":[{\"@type\":\"WebPage\",\"@id\":\"https:\\\/\\\/atami.com\\\/fr\\\/produit\\\/bcuzz-blossom-builder-liquid\",\"url\":\"https:\\\/\\\/atami.com\\\/fr\\\/produit\\\/bcuzz-blossom-builder-liquid\",\"name\":\"B'cuzz Blossom Builder Liquid : Stimulateur de Floraison Efficace\",\"isPartOf\":{\"@id\":\"https:\\\/\\\/atami.com\\\/fr#website\"},\"primaryImageOfPage\":{\"@id\":\"https:\\\/\\\/atami.com\\\/fr\\\/produit\\\/bcuzz-blossom-builder-liquid#primaryimage\"},\"image\":{\"@id\":\"https:\\\/\\\/atami.com\\\/fr\\\/produit\\\/bcuzz-blossom-builder-liquid#primaryimage\"},\"thumbnailUrl\":\"https:\\\/\\\/atami.com\\\/wp-content\\\/uploads\\\/2023\\\/02\\\/Bcuzz-Blossom-Builder-Liquid-product-image.webp\",\"datePublished\":\"2023-02-13T10:47:47+00:00\",\"dateModified\":\"2025-11-10T12:29:03+00:00\",\"description\":\"Le B'cuzz Blossom Builder Liquid est un stimulateur de floraison puissant, con\u00e7u pour am\u00e9liorer la qualit\u00e9 et la quantit\u00e9 de vos fleurs. Obtenez des r\u00e9sultats impressionnants avec ce produit sp\u00e9cialement formul\u00e9 pour une floraison optimale !\",\"breadcrumb\":{\"@id\":\"https:\\\/\\\/atami.com\\\/fr\\\/produit\\\/bcuzz-blossom-builder-liquid#breadcrumb\"},\"inLanguage\":\"fr-FR\",\"potentialAction\":[{\"@type\":\"ReadAction\",\"target\":[\"https:\\\/\\\/atami.com\\\/fr\\\/produit\\\/bcuzz-blossom-builder-liquid\"]}]},{\"@type\":\"ImageObject\",\"inLanguage\":\"fr-FR\",\"@id\":\"https:\\\/\\\/atami.com\\\/fr\\\/produit\\\/bcuzz-blossom-builder-liquid#primaryimage\",\"url\":\"https:\\\/\\\/atami.com\\\/wp-content\\\/uploads\\\/2023\\\/02\\\/Bcuzz-Blossom-Builder-Liquid-product-image.webp\",\"contentUrl\":\"https:\\\/\\\/atami.com\\\/wp-content\\\/uploads\\\/2023\\\/02\\\/Bcuzz-Blossom-Builder-Liquid-product-image.webp\",\"width\":1080,\"height\":1080,\"caption\":\"B'cuzz Blossom Builder Liquid am\u00e9liore la structure des fruits, cr\u00e9ant des fleurs et des fruits forts, sains et grands et parfum\u00e9s.\"},{\"@type\":\"BreadcrumbList\",\"@id\":\"https:\\\/\\\/atami.com\\\/fr\\\/produit\\\/bcuzz-blossom-builder-liquid#breadcrumb\",\"itemListElement\":[{\"@type\":\"ListItem\",\"position\":1,\"name\":\"Home\",\"item\":\"https:\\\/\\\/atami.com\\\/fr\"},{\"@type\":\"ListItem\",\"position\":2,\"name\":\"Produits\",\"item\":\"https:\\\/\\\/atami.com\\\/fr\\\/shop\"},{\"@type\":\"ListItem\",\"position\":3,\"name\":\"B'cuzz\",\"item\":\"https:\\\/\\\/atami.com\\\/fr\\\/categorie-produit\\\/marques\\\/bcuzz\"},{\"@type\":\"ListItem\",\"position\":4,\"name\":\"B\u2019cuzz Blossom Builder Liquid\"}]},{\"@type\":\"WebSite\",\"@id\":\"https:\\\/\\\/atami.com\\\/fr#website\",\"url\":\"https:\\\/\\\/atami.com\\\/fr\",\"name\":\"Atami\",\"description\":\"NATURALLY INNOVATING!\",\"publisher\":{\"@id\":\"https:\\\/\\\/atami.com\\\/fr#organization\"},\"potentialAction\":[{\"@type\":\"SearchAction\",\"target\":{\"@type\":\"EntryPoint\",\"urlTemplate\":\"https:\\\/\\\/atami.com\\\/fr?s={search_term_string}\"},\"query-input\":{\"@type\":\"PropertyValueSpecification\",\"valueRequired\":true,\"valueName\":\"search_term_string\"}}],\"inLanguage\":\"fr-FR\"},{\"@type\":\"Organization\",\"@id\":\"https:\\\/\\\/atami.com\\\/fr#organization\",\"name\":\"Atami\",\"url\":\"https:\\\/\\\/atami.com\\\/fr\",\"logo\":{\"@type\":\"ImageObject\",\"inLanguage\":\"fr-FR\",\"@id\":\"https:\\\/\\\/atami.com\\\/fr#\\\/schema\\\/logo\\\/image\\\/\",\"url\":\"https:\\\/\\\/atami.com\\\/wp-content\\\/uploads\\\/2026\\\/01\\\/Atami-logo-696x696px.webp\",\"contentUrl\":\"https:\\\/\\\/atami.com\\\/wp-content\\\/uploads\\\/2026\\\/01\\\/Atami-logo-696x696px.webp\",\"width\":696,\"height\":696,\"caption\":\"Atami\"},\"image\":{\"@id\":\"https:\\\/\\\/atami.com\\\/fr#\\\/schema\\\/logo\\\/image\\\/\"},\"sameAs\":[\"https:\\\/\\\/www.facebook.com\\\/Atami.International\",\"https:\\\/\\\/x.com\\\/AtamiEU\",\"https:\\\/\\\/www.youtube.com\\\/c\\\/AtamiInternational\",\"https:\\\/\\\/www.instagram.com\\\/atami.international\\\/\"],\"description\":\"ATAMI is a premium plant nutrition & substrate brand founded in 1997 with the mission to make exceptional cultivation achievable for everyone. From legacy to license, we offer a wide variety of innovating award-winning products to let cultivators achieve maximum results in taste & yield.\",\"email\":\"info@mginnovations.es\",\"legalName\":\"Atami\",\"numberOfEmployees\":{\"@type\":\"QuantitativeValue\",\"minValue\":\"11\",\"maxValue\":\"50\"}}]}<\/script>\n<!-- \/ Yoast SEO Premium plugin. -->","yoast_head_json":{"title":"B'cuzz Blossom Builder Liquid : Stimulateur de Floraison Efficace","description":"Le B'cuzz Blossom Builder Liquid est un stimulateur de floraison puissant, con\u00e7u pour am\u00e9liorer la qualit\u00e9 et la quantit\u00e9 de vos fleurs. Obtenez des r\u00e9sultats impressionnants avec ce produit sp\u00e9cialement formul\u00e9 pour une floraison optimale !","robots":{"index":"index","follow":"follow","max-snippet":"max-snippet:-1","max-image-preview":"max-image-preview:large","max-video-preview":"max-video-preview:-1"},"canonical":"https:\/\/atami.com\/fr\/produit\/bcuzz-blossom-builder-liquid","og_locale":"fr_FR","og_type":"article","og_title":"B\u2019cuzz Blossom Builder Liquid","og_description":"Le B'cuzz Blossom Builder Liquid est un stimulateur de floraison puissant, con\u00e7u pour am\u00e9liorer la qualit\u00e9 et la quantit\u00e9 de vos fleurs. Obtenez des r\u00e9sultats impressionnants avec ce produit sp\u00e9cialement formul\u00e9 pour une floraison optimale !","og_url":"https:\/\/atami.com\/fr\/produit\/bcuzz-blossom-builder-liquid","og_site_name":"Atami","article_publisher":"https:\/\/www.facebook.com\/Atami.International","article_modified_time":"2025-11-10T12:29:03+00:00","og_image":[{"width":1080,"height":1080,"url":"https:\/\/atami.com\/wp-content\/uploads\/2023\/02\/Bcuzz-Blossom-Builder-Liquid-product-image.webp","type":"image\/webp"}],"twitter_card":"summary_large_image","twitter_site":"@AtamiEU","twitter_misc":{"Dur\u00e9e de lecture estim\u00e9e":"2 minutes"},"schema":{"@context":"https:\/\/schema.org","@graph":[{"@type":"WebPage","@id":"https:\/\/atami.com\/fr\/produit\/bcuzz-blossom-builder-liquid","url":"https:\/\/atami.com\/fr\/produit\/bcuzz-blossom-builder-liquid","name":"B'cuzz Blossom Builder Liquid : Stimulateur de Floraison Efficace","isPartOf":{"@id":"https:\/\/atami.com\/fr#website"},"primaryImageOfPage":{"@id":"https:\/\/atami.com\/fr\/produit\/bcuzz-blossom-builder-liquid#primaryimage"},"image":{"@id":"https:\/\/atami.com\/fr\/produit\/bcuzz-blossom-builder-liquid#primaryimage"},"thumbnailUrl":"https:\/\/atami.com\/wp-content\/uploads\/2023\/02\/Bcuzz-Blossom-Builder-Liquid-product-image.webp","datePublished":"2023-02-13T10:47:47+00:00","dateModified":"2025-11-10T12:29:03+00:00","description":"Le B'cuzz Blossom Builder Liquid est un stimulateur de floraison puissant, con\u00e7u pour am\u00e9liorer la qualit\u00e9 et la quantit\u00e9 de vos fleurs. Obtenez des r\u00e9sultats impressionnants avec ce produit sp\u00e9cialement formul\u00e9 pour une floraison optimale !","breadcrumb":{"@id":"https:\/\/atami.com\/fr\/produit\/bcuzz-blossom-builder-liquid#breadcrumb"},"inLanguage":"fr-FR","potentialAction":[{"@type":"ReadAction","target":["https:\/\/atami.com\/fr\/produit\/bcuzz-blossom-builder-liquid"]}]},{"@type":"ImageObject","inLanguage":"fr-FR","@id":"https:\/\/atami.com\/fr\/produit\/bcuzz-blossom-builder-liquid#primaryimage","url":"https:\/\/atami.com\/wp-content\/uploads\/2023\/02\/Bcuzz-Blossom-Builder-Liquid-product-image.webp","contentUrl":"https:\/\/atami.com\/wp-content\/uploads\/2023\/02\/Bcuzz-Blossom-Builder-Liquid-product-image.webp","width":1080,"height":1080,"caption":"B'cuzz Blossom Builder Liquid am\u00e9liore la structure des fruits, cr\u00e9ant des fleurs et des fruits forts, sains et grands et parfum\u00e9s."},{"@type":"BreadcrumbList","@id":"https:\/\/atami.com\/fr\/produit\/bcuzz-blossom-builder-liquid#breadcrumb","itemListElement":[{"@type":"ListItem","position":1,"name":"Home","item":"https:\/\/atami.com\/fr"},{"@type":"ListItem","position":2,"name":"Produits","item":"https:\/\/atami.com\/fr\/shop"},{"@type":"ListItem","position":3,"name":"B'cuzz","item":"https:\/\/atami.com\/fr\/categorie-produit\/marques\/bcuzz"},{"@type":"ListItem","position":4,"name":"B\u2019cuzz Blossom Builder Liquid"}]},{"@type":"WebSite","@id":"https:\/\/atami.com\/fr#website","url":"https:\/\/atami.com\/fr","name":"Atami","description":"NATURALLY INNOVATING!","publisher":{"@id":"https:\/\/atami.com\/fr#organization"},"potentialAction":[{"@type":"SearchAction","target":{"@type":"EntryPoint","urlTemplate":"https:\/\/atami.com\/fr?s={search_term_string}"},"query-input":{"@type":"PropertyValueSpecification","valueRequired":true,"valueName":"search_term_string"}}],"inLanguage":"fr-FR"},{"@type":"Organization","@id":"https:\/\/atami.com\/fr#organization","name":"Atami","url":"https:\/\/atami.com\/fr","logo":{"@type":"ImageObject","inLanguage":"fr-FR","@id":"https:\/\/atami.com\/fr#\/schema\/logo\/image\/","url":"https:\/\/atami.com\/wp-content\/uploads\/2026\/01\/Atami-logo-696x696px.webp","contentUrl":"https:\/\/atami.com\/wp-content\/uploads\/2026\/01\/Atami-logo-696x696px.webp","width":696,"height":696,"caption":"Atami"},"image":{"@id":"https:\/\/atami.com\/fr#\/schema\/logo\/image\/"},"sameAs":["https:\/\/www.facebook.com\/Atami.International","https:\/\/x.com\/AtamiEU","https:\/\/www.youtube.com\/c\/AtamiInternational","https:\/\/www.instagram.com\/atami.international\/"],"description":"ATAMI is a premium plant nutrition & substrate brand founded in 1997 with the mission to make exceptional cultivation achievable for everyone. From legacy to license, we offer a wide variety of innovating award-winning products to let cultivators achieve maximum results in taste & yield.","email":"info@mginnovations.es","legalName":"Atami","numberOfEmployees":{"@type":"QuantitativeValue","minValue":"11","maxValue":"50"}}]}},"_links":{"self":[{"href":"https:\/\/atami.com\/fr\/wp-json\/wp\/v2\/product\/21828","targetHints":{"allow":["GET"]}}],"collection":[{"href":"https:\/\/atami.com\/fr\/wp-json\/wp\/v2\/product"}],"about":[{"href":"https:\/\/atami.com\/fr\/wp-json\/wp\/v2\/types\/product"}],"replies":[{"embeddable":true,"href":"https:\/\/atami.com\/fr\/wp-json\/wp\/v2\/comments?post=21828"}],"wp:featuredmedia":[{"embeddable":true,"href":"https:\/\/atami.com\/fr\/wp-json\/wp\/v2\/media\/202013"}],"wp:attachment":[{"href":"https:\/\/atami.com\/fr\/wp-json\/wp\/v2\/media?parent=21828"}],"wp:term":[{"taxonomy":"product_brand","embeddable":true,"href":"https:\/\/atami.com\/fr\/wp-json\/wp\/v2\/product_brand?post=21828"},{"taxonomy":"product_cat","embeddable":true,"href":"https:\/\/atami.com\/fr\/wp-json\/wp\/v2\/product_cat?post=21828"},{"taxonomy":"product_tag","embeddable":true,"href":"https:\/\/atami.com\/fr\/wp-json\/wp\/v2\/product_tag?post=21828"}],"curies":[{"name":"wp","href":"https:\/\/api.w.org\/{rel}","templated":true}]}}