{"id":21825,"date":"2023-02-13T10:18:10","date_gmt":"2023-02-13T10:18:10","guid":{"rendered":"https:\/\/atami.com\/product\/bcuzz-bloom\/"},"modified":"2025-11-10T14:28:43","modified_gmt":"2025-11-10T12:28:43","slug":"bcuzz-bloom","status":"publish","type":"product","link":"https:\/\/atami.com\/fr\/produit\/bcuzz-bloom","title":{"rendered":"B\u2019cuzz Bloom"},"content":{"rendered":"<p><strong>La phase de floraison est une partie passionnante du cycle de vie de la plante au cours de laquelle la croissance v\u00e9g\u00e9tative est r\u00e9duite et le d\u00e9veloppement g\u00e9n\u00e9ratif commence.<\/strong><\/p>\n<p>\nB&rsquo;cuzz Bloom contient une forte concentration de phosphore et de potassium. Le phosphore et le potassium am\u00e9liorent la phase de floraison et de maturation en la rendant plus intense. L&rsquo;ajout de ces \u00e9l\u00e9ments entra\u00eene une meilleure production de fruits et de fleurs plus denses et plus fermes.<\/p>\n<p>\n<strong>P 4 W\/W<\/strong><br \/>\n<strong>K 4 W\/W<\/strong><\/p>\n<p>&nbsp;<\/p>\n<p><strong>PARTICULI\u00c8REMENT ADAPT\u00c9 POUR<\/strong><br \/>\nDiff\u00e9rentes sortes de l\u00e9gumes et de fruits comme les poivrons, les piments et les aubergines. Il peut \u00e9galement \u00eatre utilis\u00e9 pour les plantes ornementales en fleurs (par exemple, Osteospermum). Le dosage n\u00e9cessaire peut \u00eatre ajust\u00e9 pour r\u00e9pondre aux besoins de chaque plante ou culture.<\/p>\n<p>&nbsp;<\/p>\n<p><strong>UTILISATION<\/strong><br \/>\nA partir de la formation des fleurs, ajouter quotidiennement lors de l&rsquo;arrosage de la plante. Pour un effet optimal, utilisez-le apr\u00e8s B&rsquo;cuzz Boost Uni. B&rsquo;cuzz Bloom est facile \u00e0 utiliser. Il peut \u00eatre combin\u00e9 avec presque tous les nutriments de base, mais il faut tenir compte de son PK. En outre, il est tr\u00e8s concentr\u00e9 \u00e0 un taux de dilution de 1:1000 dans la solution nutritive.<\/p>\n<p>&nbsp;<\/p>\n<p><strong>DOSAGE<\/strong><br \/>\n0,5 ml &#8211; 1 ml par litre d&rsquo;eau.<\/p>\n<p>&nbsp;<\/p>\n<p><strong>DISPONIBLE EN 100ml, 1L, 5L et 10L<\/strong><\/p>\n","protected":false},"excerpt":{"rendered":"<p>Pour des fleurs et des fruits plus denses, plus fermes et plus nombreux<\/p>\n","protected":false},"featured_media":201998,"comment_status":"closed","ping_status":"closed","template":"","meta":{"_acf_changed":false,"iawp_total_views":221},"product_brand":[],"product_cat":[183,177],"product_tag":[],"class_list":{"0":"post-21825","1":"product","2":"type-product","3":"status-publish","4":"has-post-thumbnail","6":"product_cat-bcuzz","7":"product_cat-stimulateurs","9":"first","10":"instock","11":"shipping-taxable","12":"product-type-simple"},"acf":{"short_description":"<p><strong>La phase de floraison est une partie passionnante du cycle de vie de la plante au cours de laquelle la croissance v\u00e9g\u00e9tative est r\u00e9duite et le d\u00e9veloppement g\u00e9n\u00e9ratif commence.<\/strong><\/p><p><br \/>B'cuzz Bloom contient une forte concentration de phosphore et de potassium. Le phosphore et le potassium am\u00e9liorent la phase de floraison et de maturation en la rendant plus intense. L'ajout de ces \u00e9l\u00e9ments entra\u00eene une meilleure production de fruits et de fleurs plus denses et plus fermes.<\/p>","suitable_for":"<p>Diff\u00e9rentes sortes de l\u00e9gumes et de fruits comme les poivrons, les piments et les aubergines. Il peut \u00e9galement \u00eatre utilis\u00e9 pour les plantes ornementales en fleurs (par exemple, Osteospermum). Le dosage n\u00e9cessaire peut \u00eatre ajust\u00e9 pour r\u00e9pondre aux besoins de chaque plante ou culture.<\/p>","application":"<p>A partir de la formation des fleurs, ajouter quotidiennement lors de l'arrosage de la plante. Pour un effet optimal, utilisez-le apr\u00e8s B'cuzz Boost Uni. B'cuzz Bloom est facile \u00e0 utiliser. Il peut \u00eatre combin\u00e9 avec presque tous les nutriments de base, mais il faut tenir compte de son PK. En outre, il est tr\u00e8s concentr\u00e9 \u00e0 un taux de dilution de 1:1000 dans la solution nutritive.<\/p>","dosage":"<p>0,5 ml - 1 ml par litre d'eau.<\/p>","npk_ratio":"","available_in":"<p>100ml, 1L, 5L et 10L<\/p>","icon_1":191343,"icon_1_text":"UNE P\u00c9RIODE DE FLORAISON PLUS LONGUE ET PLUS INTENSE","icon_2":191804,"icon_2_text":"UNE ODEUR ET UNE SAVEUR EXCELLENTES","icon_3":191819,"icon_3_text":"FACILE \u00c0 COMBINER AVEC LES NUTRIMENTS DE BASE","icon_4":"","icon_4_text":"","video":"https:\/\/youtu.be\/gsv4vK8-wPs","second_image":9777,"product_image_page":25853,"user_manual":"","new_icon_1":"","new_icon_2":"","new_icon_3":"","new_icon_4":"","grow_guides":"","category":"Stimulateur"},"yoast_head":"<!-- This site is optimized with the Yoast SEO Premium plugin v27.4 (Yoast SEO v27.4) - https:\/\/yoast.com\/product\/yoast-seo-premium-wordpress\/ -->\n<title>B&#039;cuzz Bloom \u2013 Stimulez la floraison et boostez vos r\u00e9coltes<\/title>\n<meta name=\"description\" content=\"D\u00e9couvrez B&#039;cuzz Bloom, un stimulateur de floraison de qualit\u00e9 sup\u00e9rieure. Id\u00e9al pour favoriser des fleurs denses et riches en saveurs, il garantit des r\u00e9sultats exceptionnels pour vos cultures.\" \/>\n<meta name=\"robots\" content=\"index, follow, max-snippet:-1, max-image-preview:large, max-video-preview:-1\" \/>\n<link rel=\"canonical\" href=\"https:\/\/atami.com\/fr\/produit\/bcuzz-bloom\" \/>\n<meta property=\"og:locale\" content=\"fr_FR\" \/>\n<meta property=\"og:type\" content=\"article\" \/>\n<meta property=\"og:title\" content=\"B\u2019cuzz Bloom\" \/>\n<meta property=\"og:description\" content=\"D\u00e9couvrez B&#039;cuzz Bloom, un stimulateur de floraison de qualit\u00e9 sup\u00e9rieure. Id\u00e9al pour favoriser des fleurs denses et riches en saveurs, il garantit des r\u00e9sultats exceptionnels pour vos cultures.\" \/>\n<meta property=\"og:url\" content=\"https:\/\/atami.com\/fr\/produit\/bcuzz-bloom\" \/>\n<meta property=\"og:site_name\" content=\"Atami\" \/>\n<meta property=\"article:publisher\" content=\"https:\/\/www.facebook.com\/Atami.International\" \/>\n<meta property=\"article:modified_time\" content=\"2025-11-10T12:28:43+00:00\" \/>\n<meta property=\"og:image\" content=\"https:\/\/atami.com\/wp-content\/uploads\/2025\/01\/Bcuzz-Bloom-product-image.webp\" \/>\n\t<meta property=\"og:image:width\" content=\"1080\" \/>\n\t<meta property=\"og:image:height\" content=\"1080\" \/>\n\t<meta property=\"og:image:type\" content=\"image\/webp\" \/>\n<meta name=\"twitter:card\" content=\"summary_large_image\" \/>\n<meta name=\"twitter:site\" content=\"@AtamiEU\" \/>\n<meta name=\"twitter:label1\" content=\"Dur\u00e9e de lecture estim\u00e9e\" \/>\n\t<meta name=\"twitter:data1\" content=\"2 minutes\" \/>\n<script type=\"application\/ld+json\" class=\"yoast-schema-graph\">{\"@context\":\"https:\\\/\\\/schema.org\",\"@graph\":[{\"@type\":\"WebPage\",\"@id\":\"https:\\\/\\\/atami.com\\\/fr\\\/produit\\\/bcuzz-bloom\",\"url\":\"https:\\\/\\\/atami.com\\\/fr\\\/produit\\\/bcuzz-bloom\",\"name\":\"B'cuzz Bloom \u2013 Stimulez la floraison et boostez vos r\u00e9coltes\",\"isPartOf\":{\"@id\":\"https:\\\/\\\/atami.com\\\/fr#website\"},\"primaryImageOfPage\":{\"@id\":\"https:\\\/\\\/atami.com\\\/fr\\\/produit\\\/bcuzz-bloom#primaryimage\"},\"image\":{\"@id\":\"https:\\\/\\\/atami.com\\\/fr\\\/produit\\\/bcuzz-bloom#primaryimage\"},\"thumbnailUrl\":\"https:\\\/\\\/atami.com\\\/wp-content\\\/uploads\\\/2025\\\/01\\\/Bcuzz-Bloom-product-image.webp\",\"datePublished\":\"2023-02-13T10:18:10+00:00\",\"dateModified\":\"2025-11-10T12:28:43+00:00\",\"description\":\"D\u00e9couvrez B'cuzz Bloom, un stimulateur de floraison de qualit\u00e9 sup\u00e9rieure. Id\u00e9al pour favoriser des fleurs denses et riches en saveurs, il garantit des r\u00e9sultats exceptionnels pour vos cultures.\",\"breadcrumb\":{\"@id\":\"https:\\\/\\\/atami.com\\\/fr\\\/produit\\\/bcuzz-bloom#breadcrumb\"},\"inLanguage\":\"fr-FR\",\"potentialAction\":[{\"@type\":\"ReadAction\",\"target\":[\"https:\\\/\\\/atami.com\\\/fr\\\/produit\\\/bcuzz-bloom\"]}]},{\"@type\":\"ImageObject\",\"inLanguage\":\"fr-FR\",\"@id\":\"https:\\\/\\\/atami.com\\\/fr\\\/produit\\\/bcuzz-bloom#primaryimage\",\"url\":\"https:\\\/\\\/atami.com\\\/wp-content\\\/uploads\\\/2025\\\/01\\\/Bcuzz-Bloom-product-image.webp\",\"contentUrl\":\"https:\\\/\\\/atami.com\\\/wp-content\\\/uploads\\\/2025\\\/01\\\/Bcuzz-Bloom-product-image.webp\",\"width\":1080,\"height\":1080,\"caption\":\"B\u2019cuzz Bloom Stimulator initie une phase de floraison intense et prolong\u00e9e, entra\u00eenant une production explosive de fleurs \u00e9paisses et compactes, conduisant finalement \u00e0 des fruits au go\u00fbt et \u00e0 l\u2019ar\u00f4me exceptionnels.\"},{\"@type\":\"BreadcrumbList\",\"@id\":\"https:\\\/\\\/atami.com\\\/fr\\\/produit\\\/bcuzz-bloom#breadcrumb\",\"itemListElement\":[{\"@type\":\"ListItem\",\"position\":1,\"name\":\"Home\",\"item\":\"https:\\\/\\\/atami.com\\\/fr\"},{\"@type\":\"ListItem\",\"position\":2,\"name\":\"Produits\",\"item\":\"https:\\\/\\\/atami.com\\\/fr\\\/shop\"},{\"@type\":\"ListItem\",\"position\":3,\"name\":\"B'cuzz\",\"item\":\"https:\\\/\\\/atami.com\\\/fr\\\/categorie-produit\\\/marques\\\/bcuzz\"},{\"@type\":\"ListItem\",\"position\":4,\"name\":\"B\u2019cuzz Bloom\"}]},{\"@type\":\"WebSite\",\"@id\":\"https:\\\/\\\/atami.com\\\/fr#website\",\"url\":\"https:\\\/\\\/atami.com\\\/fr\",\"name\":\"Atami\",\"description\":\"NATURALLY INNOVATING!\",\"publisher\":{\"@id\":\"https:\\\/\\\/atami.com\\\/fr#organization\"},\"potentialAction\":[{\"@type\":\"SearchAction\",\"target\":{\"@type\":\"EntryPoint\",\"urlTemplate\":\"https:\\\/\\\/atami.com\\\/fr?s={search_term_string}\"},\"query-input\":{\"@type\":\"PropertyValueSpecification\",\"valueRequired\":true,\"valueName\":\"search_term_string\"}}],\"inLanguage\":\"fr-FR\"},{\"@type\":\"Organization\",\"@id\":\"https:\\\/\\\/atami.com\\\/fr#organization\",\"name\":\"Atami\",\"url\":\"https:\\\/\\\/atami.com\\\/fr\",\"logo\":{\"@type\":\"ImageObject\",\"inLanguage\":\"fr-FR\",\"@id\":\"https:\\\/\\\/atami.com\\\/fr#\\\/schema\\\/logo\\\/image\\\/\",\"url\":\"https:\\\/\\\/atami.com\\\/wp-content\\\/uploads\\\/2026\\\/01\\\/Atami-logo-696x696px.webp\",\"contentUrl\":\"https:\\\/\\\/atami.com\\\/wp-content\\\/uploads\\\/2026\\\/01\\\/Atami-logo-696x696px.webp\",\"width\":696,\"height\":696,\"caption\":\"Atami\"},\"image\":{\"@id\":\"https:\\\/\\\/atami.com\\\/fr#\\\/schema\\\/logo\\\/image\\\/\"},\"sameAs\":[\"https:\\\/\\\/www.facebook.com\\\/Atami.International\",\"https:\\\/\\\/x.com\\\/AtamiEU\",\"https:\\\/\\\/www.youtube.com\\\/c\\\/AtamiInternational\",\"https:\\\/\\\/www.instagram.com\\\/atami.international\\\/\"],\"description\":\"ATAMI is a premium plant nutrition & substrate brand founded in 1997 with the mission to make exceptional cultivation achievable for everyone. From legacy to license, we offer a wide variety of innovating award-winning products to let cultivators achieve maximum results in taste & yield.\",\"email\":\"info@mginnovations.es\",\"legalName\":\"Atami\",\"numberOfEmployees\":{\"@type\":\"QuantitativeValue\",\"minValue\":\"11\",\"maxValue\":\"50\"}}]}<\/script>\n<!-- \/ Yoast SEO Premium plugin. -->","yoast_head_json":{"title":"B'cuzz Bloom \u2013 Stimulez la floraison et boostez vos r\u00e9coltes","description":"D\u00e9couvrez B'cuzz Bloom, un stimulateur de floraison de qualit\u00e9 sup\u00e9rieure. Id\u00e9al pour favoriser des fleurs denses et riches en saveurs, il garantit des r\u00e9sultats exceptionnels pour vos cultures.","robots":{"index":"index","follow":"follow","max-snippet":"max-snippet:-1","max-image-preview":"max-image-preview:large","max-video-preview":"max-video-preview:-1"},"canonical":"https:\/\/atami.com\/fr\/produit\/bcuzz-bloom","og_locale":"fr_FR","og_type":"article","og_title":"B\u2019cuzz Bloom","og_description":"D\u00e9couvrez B'cuzz Bloom, un stimulateur de floraison de qualit\u00e9 sup\u00e9rieure. Id\u00e9al pour favoriser des fleurs denses et riches en saveurs, il garantit des r\u00e9sultats exceptionnels pour vos cultures.","og_url":"https:\/\/atami.com\/fr\/produit\/bcuzz-bloom","og_site_name":"Atami","article_publisher":"https:\/\/www.facebook.com\/Atami.International","article_modified_time":"2025-11-10T12:28:43+00:00","og_image":[{"width":1080,"height":1080,"url":"https:\/\/atami.com\/wp-content\/uploads\/2025\/01\/Bcuzz-Bloom-product-image.webp","type":"image\/webp"}],"twitter_card":"summary_large_image","twitter_site":"@AtamiEU","twitter_misc":{"Dur\u00e9e de lecture estim\u00e9e":"2 minutes"},"schema":{"@context":"https:\/\/schema.org","@graph":[{"@type":"WebPage","@id":"https:\/\/atami.com\/fr\/produit\/bcuzz-bloom","url":"https:\/\/atami.com\/fr\/produit\/bcuzz-bloom","name":"B'cuzz Bloom \u2013 Stimulez la floraison et boostez vos r\u00e9coltes","isPartOf":{"@id":"https:\/\/atami.com\/fr#website"},"primaryImageOfPage":{"@id":"https:\/\/atami.com\/fr\/produit\/bcuzz-bloom#primaryimage"},"image":{"@id":"https:\/\/atami.com\/fr\/produit\/bcuzz-bloom#primaryimage"},"thumbnailUrl":"https:\/\/atami.com\/wp-content\/uploads\/2025\/01\/Bcuzz-Bloom-product-image.webp","datePublished":"2023-02-13T10:18:10+00:00","dateModified":"2025-11-10T12:28:43+00:00","description":"D\u00e9couvrez B'cuzz Bloom, un stimulateur de floraison de qualit\u00e9 sup\u00e9rieure. Id\u00e9al pour favoriser des fleurs denses et riches en saveurs, il garantit des r\u00e9sultats exceptionnels pour vos cultures.","breadcrumb":{"@id":"https:\/\/atami.com\/fr\/produit\/bcuzz-bloom#breadcrumb"},"inLanguage":"fr-FR","potentialAction":[{"@type":"ReadAction","target":["https:\/\/atami.com\/fr\/produit\/bcuzz-bloom"]}]},{"@type":"ImageObject","inLanguage":"fr-FR","@id":"https:\/\/atami.com\/fr\/produit\/bcuzz-bloom#primaryimage","url":"https:\/\/atami.com\/wp-content\/uploads\/2025\/01\/Bcuzz-Bloom-product-image.webp","contentUrl":"https:\/\/atami.com\/wp-content\/uploads\/2025\/01\/Bcuzz-Bloom-product-image.webp","width":1080,"height":1080,"caption":"B\u2019cuzz Bloom Stimulator initie une phase de floraison intense et prolong\u00e9e, entra\u00eenant une production explosive de fleurs \u00e9paisses et compactes, conduisant finalement \u00e0 des fruits au go\u00fbt et \u00e0 l\u2019ar\u00f4me exceptionnels."},{"@type":"BreadcrumbList","@id":"https:\/\/atami.com\/fr\/produit\/bcuzz-bloom#breadcrumb","itemListElement":[{"@type":"ListItem","position":1,"name":"Home","item":"https:\/\/atami.com\/fr"},{"@type":"ListItem","position":2,"name":"Produits","item":"https:\/\/atami.com\/fr\/shop"},{"@type":"ListItem","position":3,"name":"B'cuzz","item":"https:\/\/atami.com\/fr\/categorie-produit\/marques\/bcuzz"},{"@type":"ListItem","position":4,"name":"B\u2019cuzz Bloom"}]},{"@type":"WebSite","@id":"https:\/\/atami.com\/fr#website","url":"https:\/\/atami.com\/fr","name":"Atami","description":"NATURALLY INNOVATING!","publisher":{"@id":"https:\/\/atami.com\/fr#organization"},"potentialAction":[{"@type":"SearchAction","target":{"@type":"EntryPoint","urlTemplate":"https:\/\/atami.com\/fr?s={search_term_string}"},"query-input":{"@type":"PropertyValueSpecification","valueRequired":true,"valueName":"search_term_string"}}],"inLanguage":"fr-FR"},{"@type":"Organization","@id":"https:\/\/atami.com\/fr#organization","name":"Atami","url":"https:\/\/atami.com\/fr","logo":{"@type":"ImageObject","inLanguage":"fr-FR","@id":"https:\/\/atami.com\/fr#\/schema\/logo\/image\/","url":"https:\/\/atami.com\/wp-content\/uploads\/2026\/01\/Atami-logo-696x696px.webp","contentUrl":"https:\/\/atami.com\/wp-content\/uploads\/2026\/01\/Atami-logo-696x696px.webp","width":696,"height":696,"caption":"Atami"},"image":{"@id":"https:\/\/atami.com\/fr#\/schema\/logo\/image\/"},"sameAs":["https:\/\/www.facebook.com\/Atami.International","https:\/\/x.com\/AtamiEU","https:\/\/www.youtube.com\/c\/AtamiInternational","https:\/\/www.instagram.com\/atami.international\/"],"description":"ATAMI is a premium plant nutrition & substrate brand founded in 1997 with the mission to make exceptional cultivation achievable for everyone. From legacy to license, we offer a wide variety of innovating award-winning products to let cultivators achieve maximum results in taste & yield.","email":"info@mginnovations.es","legalName":"Atami","numberOfEmployees":{"@type":"QuantitativeValue","minValue":"11","maxValue":"50"}}]}},"_links":{"self":[{"href":"https:\/\/atami.com\/fr\/wp-json\/wp\/v2\/product\/21825","targetHints":{"allow":["GET"]}}],"collection":[{"href":"https:\/\/atami.com\/fr\/wp-json\/wp\/v2\/product"}],"about":[{"href":"https:\/\/atami.com\/fr\/wp-json\/wp\/v2\/types\/product"}],"replies":[{"embeddable":true,"href":"https:\/\/atami.com\/fr\/wp-json\/wp\/v2\/comments?post=21825"}],"wp:featuredmedia":[{"embeddable":true,"href":"https:\/\/atami.com\/fr\/wp-json\/wp\/v2\/media\/201998"}],"wp:attachment":[{"href":"https:\/\/atami.com\/fr\/wp-json\/wp\/v2\/media?parent=21825"}],"wp:term":[{"taxonomy":"product_brand","embeddable":true,"href":"https:\/\/atami.com\/fr\/wp-json\/wp\/v2\/product_brand?post=21825"},{"taxonomy":"product_cat","embeddable":true,"href":"https:\/\/atami.com\/fr\/wp-json\/wp\/v2\/product_cat?post=21825"},{"taxonomy":"product_tag","embeddable":true,"href":"https:\/\/atami.com\/fr\/wp-json\/wp\/v2\/product_tag?post=21825"}],"curies":[{"name":"wp","href":"https:\/\/api.w.org\/{rel}","templated":true}]}}