{"id":21823,"date":"2023-02-13T10:05:07","date_gmt":"2023-02-13T10:05:07","guid":{"rendered":"https:\/\/atami.com\/product\/bcuzz-root-stimulator\/"},"modified":"2025-11-10T14:28:24","modified_gmt":"2025-11-10T12:28:24","slug":"bcuzz-root","status":"publish","type":"product","link":"https:\/\/atami.com\/fr\/produit\/bcuzz-root","title":{"rendered":"B\u2019cuzz Root"},"content":{"rendered":"<p><strong>B&rsquo;cuzz Root est un engrais racinaire sp\u00e9cialement formul\u00e9, riche en NPK, qui favorise la croissance des racines des plantes.<\/strong><\/p>\n<p>&nbsp;<\/p>\n<p>L&rsquo;azote, le potassium et le phosphore soutiennent la plante pendant le d\u00e9veloppement des racines. Plus il y a de racines, meilleure est la connexion entre le sol et la plante. Un syst\u00e8me racinaire bien \u00e9tabli optimise l&rsquo;absorption et le transport de l&rsquo;eau et des nutriments par la plante, ce qui lui permet de stocker et\/ou de transporter plus efficacement tous les nutriments pr\u00e9sents dans le sol. De plus, il ancre la plante dans le substrat, ce qui lui permet de supporter des fleurs et des fruits plus gros \u00e0 un stade ult\u00e9rieur. Des racines saines rendent \u00e9galement la plante plus r\u00e9sistante \u00e0 divers types de stress.<\/p>\n<p>\n<strong>N 1 W\/W<\/strong><br \/>\n<strong>P 5 W\/W<\/strong><br \/>\n<strong>K 2 W\/W<\/strong><\/p>\n<p>&nbsp;<\/p>\n<p><strong>PARTICULI\u00c8REMENT ADAPT\u00c9 POUR<\/strong><br \/>\nDiff\u00e9rents types de l\u00e9gumes et de fruits comme les pommes de terre et les patates douces. Il peut \u00e9galement \u00eatre utilis\u00e9 pour les plantes ornementales en fleurs (chrysanth\u00e8me, tulipe, muscari, etc.). Le dosage n\u00e9cessaire peut \u00eatre mesur\u00e9 pour r\u00e9pondre aux besoins de chaque plante ou culture.<\/p>\n<p>&nbsp;<\/p>\n<p><strong>UTILISATION<\/strong><br \/>\nAjoutez quotidiennement lors de l&rsquo;arrosage de la plante pendant les 2 premi\u00e8res semaines.<\/p>\n<p>\n<strong>DOSAGE<\/strong><br \/>\n0,5 &#8211; 1 ml par litre d&rsquo;eau.<\/p>\n<p>&nbsp;<\/p>\n<p><strong>DISPONIBLE EN 100ml, 250ml, 500ml, 1L, 5L et 10L<\/strong><\/p>\n","protected":false},"excerpt":{"rendered":"<p>Pour des racines plus fortes, plus saines et plus denses<\/p>\n","protected":false},"featured_media":202058,"comment_status":"open","ping_status":"closed","template":"","meta":{"_acf_changed":false,"iawp_total_views":74},"product_brand":[],"product_cat":[183,177],"product_tag":[],"class_list":{"0":"post-21823","1":"product","2":"type-product","3":"status-publish","4":"has-post-thumbnail","6":"product_cat-bcuzz","7":"product_cat-stimulateurs","9":"first","10":"instock","11":"shipping-taxable","12":"product-type-simple"},"acf":{"short_description":"<p><strong>B'cuzz Root est un engrais racinaire sp\u00e9cialement formul\u00e9, riche en NPK, qui favorise la croissance des racines des plantes.<\/strong><\/p><p>&nbsp;<\/p><p>L'azote, le potassium et le phosphore soutiennent la plante pendant le d\u00e9veloppement des racines. Plus il y a de racines, meilleure est la connexion entre le sol et la plante. Un syst\u00e8me racinaire bien \u00e9tabli optimise l'absorption et le transport de l'eau et des nutriments par la plante, ce qui lui permet de stocker et\/ou de transporter plus efficacement tous les nutriments pr\u00e9sents dans le sol. De plus, il ancre la plante dans le substrat, ce qui lui permet de supporter des fleurs et des fruits plus gros \u00e0 un stade ult\u00e9rieur. Des racines saines rendent \u00e9galement la plante plus r\u00e9sistante \u00e0 divers types de stress.<\/p>","suitable_for":"<p>Diff\u00e9rents types de l\u00e9gumes et de fruits comme les pommes de terre et les patates douces. Il peut \u00e9galement \u00eatre utilis\u00e9 pour les plantes ornementales en fleurs (chrysanth\u00e8me, tulipe, muscari, etc.). Le dosage n\u00e9cessaire peut \u00eatre mesur\u00e9 pour r\u00e9pondre aux besoins de chaque plante ou culture.<\/p>","application":"<p>Ajoutez quotidiennement lors de l'arrosage de la plante pendant les 2 premi\u00e8res semaines.<\/p>","dosage":"<p>0,5 - 1 ml par litre d'eau.<\/p>","npk_ratio":"","available_in":"<p>100ml, 250ml, 500ml, 1L, 5L et 10L<\/p>","icon_1":191313,"icon_1_text":"DES RACINES SAINES","icon_2":191328,"icon_2_text":"UNE MEILLEURE ABSORPTION DES NUTRIMENTS","icon_3":191789,"icon_3_text":"UNE MEILLEURE CROISSANCE","icon_4":"","icon_4_text":"","video":"https:\/\/youtu.be\/2eT391BnH4Y","second_image":102039,"product_image_page":25740,"user_manual":"","new_icon_1":"","new_icon_2":"","new_icon_3":"","new_icon_4":"","grow_guides":"","category":"Stimulateur"},"yoast_head":"<!-- This site is optimized with the Yoast SEO Premium plugin v27.5 (Yoast SEO v27.5) - https:\/\/yoast.com\/product\/yoast-seo-premium-wordpress\/ -->\n<title>B&#039;cuzz Root : Un engrais puissant pour des racines saines et vigoureuses<\/title>\n<meta name=\"description\" content=\"D\u00e9couvrez B&#039;cuzz Root, l&#039;engrais essentiel pour stimuler le d\u00e9veloppement des racines. Offrez \u00e0 vos plantes un d\u00e9part solide et des racines robustes pour des r\u00e9coltes\" \/>\n<meta name=\"robots\" content=\"index, follow, max-snippet:-1, max-image-preview:large, max-video-preview:-1\" \/>\n<link rel=\"canonical\" href=\"https:\/\/atami.com\/fr\/produit\/bcuzz-root\" \/>\n<meta property=\"og:locale\" content=\"fr_FR\" \/>\n<meta property=\"og:type\" content=\"article\" \/>\n<meta property=\"og:title\" content=\"B\u2019cuzz Root\" \/>\n<meta property=\"og:description\" content=\"D\u00e9couvrez B&#039;cuzz Root, l&#039;engrais essentiel pour stimuler le d\u00e9veloppement des racines. Offrez \u00e0 vos plantes un d\u00e9part solide et des racines robustes pour des r\u00e9coltes\" \/>\n<meta property=\"og:url\" content=\"https:\/\/atami.com\/fr\/produit\/bcuzz-root\" \/>\n<meta property=\"og:site_name\" content=\"Atami\" \/>\n<meta property=\"article:publisher\" content=\"https:\/\/www.facebook.com\/Atami.International\" \/>\n<meta property=\"article:modified_time\" content=\"2025-11-10T12:28:24+00:00\" \/>\n<meta property=\"og:image\" content=\"https:\/\/atami.com\/wp-content\/uploads\/2025\/01\/Bcuzz-Root-product-image.webp\" \/>\n\t<meta property=\"og:image:width\" content=\"1080\" \/>\n\t<meta property=\"og:image:height\" content=\"1080\" \/>\n\t<meta property=\"og:image:type\" content=\"image\/webp\" \/>\n<meta name=\"twitter:card\" content=\"summary_large_image\" \/>\n<meta name=\"twitter:site\" content=\"@AtamiEU\" \/>\n<meta name=\"twitter:label1\" content=\"Dur\u00e9e de lecture estim\u00e9e\" \/>\n\t<meta name=\"twitter:data1\" content=\"2 minutes\" \/>\n<script type=\"application\/ld+json\" class=\"yoast-schema-graph\">{\"@context\":\"https:\\\/\\\/schema.org\",\"@graph\":[{\"@type\":\"WebPage\",\"@id\":\"https:\\\/\\\/atami.com\\\/fr\\\/produit\\\/bcuzz-root\",\"url\":\"https:\\\/\\\/atami.com\\\/fr\\\/produit\\\/bcuzz-root\",\"name\":\"B'cuzz Root : Un engrais puissant pour des racines saines et vigoureuses\",\"isPartOf\":{\"@id\":\"https:\\\/\\\/atami.com\\\/fr#website\"},\"primaryImageOfPage\":{\"@id\":\"https:\\\/\\\/atami.com\\\/fr\\\/produit\\\/bcuzz-root#primaryimage\"},\"image\":{\"@id\":\"https:\\\/\\\/atami.com\\\/fr\\\/produit\\\/bcuzz-root#primaryimage\"},\"thumbnailUrl\":\"https:\\\/\\\/atami.com\\\/wp-content\\\/uploads\\\/2025\\\/01\\\/Bcuzz-Root-product-image.webp\",\"datePublished\":\"2023-02-13T10:05:07+00:00\",\"dateModified\":\"2025-11-10T12:28:24+00:00\",\"description\":\"D\u00e9couvrez B'cuzz Root, l'engrais essentiel pour stimuler le d\u00e9veloppement des racines. Offrez \u00e0 vos plantes un d\u00e9part solide et des racines robustes pour des r\u00e9coltes\",\"breadcrumb\":{\"@id\":\"https:\\\/\\\/atami.com\\\/fr\\\/produit\\\/bcuzz-root#breadcrumb\"},\"inLanguage\":\"fr-FR\",\"potentialAction\":[{\"@type\":\"ReadAction\",\"target\":[\"https:\\\/\\\/atami.com\\\/fr\\\/produit\\\/bcuzz-root\"]}]},{\"@type\":\"ImageObject\",\"inLanguage\":\"fr-FR\",\"@id\":\"https:\\\/\\\/atami.com\\\/fr\\\/produit\\\/bcuzz-root#primaryimage\",\"url\":\"https:\\\/\\\/atami.com\\\/wp-content\\\/uploads\\\/2025\\\/01\\\/Bcuzz-Root-product-image.webp\",\"contentUrl\":\"https:\\\/\\\/atami.com\\\/wp-content\\\/uploads\\\/2025\\\/01\\\/Bcuzz-Root-product-image.webp\",\"width\":1080,\"height\":1080,\"caption\":\"Le stimulateur de racines B'cuzz garantit des racines solides pour une absorption et un transport optimaux de l'eau et des nutriments, am\u00e9liorant ainsi la sant\u00e9 et la r\u00e9sistance des plantes.\"},{\"@type\":\"BreadcrumbList\",\"@id\":\"https:\\\/\\\/atami.com\\\/fr\\\/produit\\\/bcuzz-root#breadcrumb\",\"itemListElement\":[{\"@type\":\"ListItem\",\"position\":1,\"name\":\"Home\",\"item\":\"https:\\\/\\\/atami.com\\\/fr\"},{\"@type\":\"ListItem\",\"position\":2,\"name\":\"Produits\",\"item\":\"https:\\\/\\\/atami.com\\\/fr\\\/shop\"},{\"@type\":\"ListItem\",\"position\":3,\"name\":\"B'cuzz\",\"item\":\"https:\\\/\\\/atami.com\\\/fr\\\/categorie-produit\\\/marques\\\/bcuzz\"},{\"@type\":\"ListItem\",\"position\":4,\"name\":\"B\u2019cuzz Root\"}]},{\"@type\":\"WebSite\",\"@id\":\"https:\\\/\\\/atami.com\\\/fr#website\",\"url\":\"https:\\\/\\\/atami.com\\\/fr\",\"name\":\"Atami\",\"description\":\"NATURALLY INNOVATING!\",\"publisher\":{\"@id\":\"https:\\\/\\\/atami.com\\\/fr#organization\"},\"potentialAction\":[{\"@type\":\"SearchAction\",\"target\":{\"@type\":\"EntryPoint\",\"urlTemplate\":\"https:\\\/\\\/atami.com\\\/fr?s={search_term_string}\"},\"query-input\":{\"@type\":\"PropertyValueSpecification\",\"valueRequired\":true,\"valueName\":\"search_term_string\"}}],\"inLanguage\":\"fr-FR\"},{\"@type\":\"Organization\",\"@id\":\"https:\\\/\\\/atami.com\\\/fr#organization\",\"name\":\"Atami\",\"url\":\"https:\\\/\\\/atami.com\\\/fr\",\"logo\":{\"@type\":\"ImageObject\",\"inLanguage\":\"fr-FR\",\"@id\":\"https:\\\/\\\/atami.com\\\/fr#\\\/schema\\\/logo\\\/image\\\/\",\"url\":\"https:\\\/\\\/atami.com\\\/wp-content\\\/uploads\\\/2026\\\/01\\\/Atami-logo-696x696px.webp\",\"contentUrl\":\"https:\\\/\\\/atami.com\\\/wp-content\\\/uploads\\\/2026\\\/01\\\/Atami-logo-696x696px.webp\",\"width\":696,\"height\":696,\"caption\":\"Atami\"},\"image\":{\"@id\":\"https:\\\/\\\/atami.com\\\/fr#\\\/schema\\\/logo\\\/image\\\/\"},\"sameAs\":[\"https:\\\/\\\/www.facebook.com\\\/Atami.International\",\"https:\\\/\\\/x.com\\\/AtamiEU\",\"https:\\\/\\\/www.youtube.com\\\/c\\\/AtamiInternational\",\"https:\\\/\\\/www.instagram.com\\\/atami.international\\\/\"],\"description\":\"ATAMI is a premium plant nutrition & substrate brand founded in 1997 with the mission to make exceptional cultivation achievable for everyone. From legacy to license, we offer a wide variety of innovating award-winning products to let cultivators achieve maximum results in taste & yield.\",\"email\":\"info@mginnovations.es\",\"legalName\":\"Atami\",\"numberOfEmployees\":{\"@type\":\"QuantitativeValue\",\"minValue\":\"11\",\"maxValue\":\"50\"}}]}<\/script>\n<!-- \/ Yoast SEO Premium plugin. -->","yoast_head_json":{"title":"B'cuzz Root : Un engrais puissant pour des racines saines et vigoureuses","description":"D\u00e9couvrez B'cuzz Root, l'engrais essentiel pour stimuler le d\u00e9veloppement des racines. Offrez \u00e0 vos plantes un d\u00e9part solide et des racines robustes pour des r\u00e9coltes","robots":{"index":"index","follow":"follow","max-snippet":"max-snippet:-1","max-image-preview":"max-image-preview:large","max-video-preview":"max-video-preview:-1"},"canonical":"https:\/\/atami.com\/fr\/produit\/bcuzz-root","og_locale":"fr_FR","og_type":"article","og_title":"B\u2019cuzz Root","og_description":"D\u00e9couvrez B'cuzz Root, l'engrais essentiel pour stimuler le d\u00e9veloppement des racines. Offrez \u00e0 vos plantes un d\u00e9part solide et des racines robustes pour des r\u00e9coltes","og_url":"https:\/\/atami.com\/fr\/produit\/bcuzz-root","og_site_name":"Atami","article_publisher":"https:\/\/www.facebook.com\/Atami.International","article_modified_time":"2025-11-10T12:28:24+00:00","og_image":[{"width":1080,"height":1080,"url":"https:\/\/atami.com\/wp-content\/uploads\/2025\/01\/Bcuzz-Root-product-image.webp","type":"image\/webp"}],"twitter_card":"summary_large_image","twitter_site":"@AtamiEU","twitter_misc":{"Dur\u00e9e de lecture estim\u00e9e":"2 minutes"},"schema":{"@context":"https:\/\/schema.org","@graph":[{"@type":"WebPage","@id":"https:\/\/atami.com\/fr\/produit\/bcuzz-root","url":"https:\/\/atami.com\/fr\/produit\/bcuzz-root","name":"B'cuzz Root : Un engrais puissant pour des racines saines et vigoureuses","isPartOf":{"@id":"https:\/\/atami.com\/fr#website"},"primaryImageOfPage":{"@id":"https:\/\/atami.com\/fr\/produit\/bcuzz-root#primaryimage"},"image":{"@id":"https:\/\/atami.com\/fr\/produit\/bcuzz-root#primaryimage"},"thumbnailUrl":"https:\/\/atami.com\/wp-content\/uploads\/2025\/01\/Bcuzz-Root-product-image.webp","datePublished":"2023-02-13T10:05:07+00:00","dateModified":"2025-11-10T12:28:24+00:00","description":"D\u00e9couvrez B'cuzz Root, l'engrais essentiel pour stimuler le d\u00e9veloppement des racines. Offrez \u00e0 vos plantes un d\u00e9part solide et des racines robustes pour des r\u00e9coltes","breadcrumb":{"@id":"https:\/\/atami.com\/fr\/produit\/bcuzz-root#breadcrumb"},"inLanguage":"fr-FR","potentialAction":[{"@type":"ReadAction","target":["https:\/\/atami.com\/fr\/produit\/bcuzz-root"]}]},{"@type":"ImageObject","inLanguage":"fr-FR","@id":"https:\/\/atami.com\/fr\/produit\/bcuzz-root#primaryimage","url":"https:\/\/atami.com\/wp-content\/uploads\/2025\/01\/Bcuzz-Root-product-image.webp","contentUrl":"https:\/\/atami.com\/wp-content\/uploads\/2025\/01\/Bcuzz-Root-product-image.webp","width":1080,"height":1080,"caption":"Le stimulateur de racines B'cuzz garantit des racines solides pour une absorption et un transport optimaux de l'eau et des nutriments, am\u00e9liorant ainsi la sant\u00e9 et la r\u00e9sistance des plantes."},{"@type":"BreadcrumbList","@id":"https:\/\/atami.com\/fr\/produit\/bcuzz-root#breadcrumb","itemListElement":[{"@type":"ListItem","position":1,"name":"Home","item":"https:\/\/atami.com\/fr"},{"@type":"ListItem","position":2,"name":"Produits","item":"https:\/\/atami.com\/fr\/shop"},{"@type":"ListItem","position":3,"name":"B'cuzz","item":"https:\/\/atami.com\/fr\/categorie-produit\/marques\/bcuzz"},{"@type":"ListItem","position":4,"name":"B\u2019cuzz Root"}]},{"@type":"WebSite","@id":"https:\/\/atami.com\/fr#website","url":"https:\/\/atami.com\/fr","name":"Atami","description":"NATURALLY INNOVATING!","publisher":{"@id":"https:\/\/atami.com\/fr#organization"},"potentialAction":[{"@type":"SearchAction","target":{"@type":"EntryPoint","urlTemplate":"https:\/\/atami.com\/fr?s={search_term_string}"},"query-input":{"@type":"PropertyValueSpecification","valueRequired":true,"valueName":"search_term_string"}}],"inLanguage":"fr-FR"},{"@type":"Organization","@id":"https:\/\/atami.com\/fr#organization","name":"Atami","url":"https:\/\/atami.com\/fr","logo":{"@type":"ImageObject","inLanguage":"fr-FR","@id":"https:\/\/atami.com\/fr#\/schema\/logo\/image\/","url":"https:\/\/atami.com\/wp-content\/uploads\/2026\/01\/Atami-logo-696x696px.webp","contentUrl":"https:\/\/atami.com\/wp-content\/uploads\/2026\/01\/Atami-logo-696x696px.webp","width":696,"height":696,"caption":"Atami"},"image":{"@id":"https:\/\/atami.com\/fr#\/schema\/logo\/image\/"},"sameAs":["https:\/\/www.facebook.com\/Atami.International","https:\/\/x.com\/AtamiEU","https:\/\/www.youtube.com\/c\/AtamiInternational","https:\/\/www.instagram.com\/atami.international\/"],"description":"ATAMI is a premium plant nutrition & substrate brand founded in 1997 with the mission to make exceptional cultivation achievable for everyone. From legacy to license, we offer a wide variety of innovating award-winning products to let cultivators achieve maximum results in taste & yield.","email":"info@mginnovations.es","legalName":"Atami","numberOfEmployees":{"@type":"QuantitativeValue","minValue":"11","maxValue":"50"}}]}},"_links":{"self":[{"href":"https:\/\/atami.com\/fr\/wp-json\/wp\/v2\/product\/21823","targetHints":{"allow":["GET"]}}],"collection":[{"href":"https:\/\/atami.com\/fr\/wp-json\/wp\/v2\/product"}],"about":[{"href":"https:\/\/atami.com\/fr\/wp-json\/wp\/v2\/types\/product"}],"replies":[{"embeddable":true,"href":"https:\/\/atami.com\/fr\/wp-json\/wp\/v2\/comments?post=21823"}],"wp:featuredmedia":[{"embeddable":true,"href":"https:\/\/atami.com\/fr\/wp-json\/wp\/v2\/media\/202058"}],"wp:attachment":[{"href":"https:\/\/atami.com\/fr\/wp-json\/wp\/v2\/media?parent=21823"}],"wp:term":[{"taxonomy":"product_brand","embeddable":true,"href":"https:\/\/atami.com\/fr\/wp-json\/wp\/v2\/product_brand?post=21823"},{"taxonomy":"product_cat","embeddable":true,"href":"https:\/\/atami.com\/fr\/wp-json\/wp\/v2\/product_cat?post=21823"},{"taxonomy":"product_tag","embeddable":true,"href":"https:\/\/atami.com\/fr\/wp-json\/wp\/v2\/product_tag?post=21823"}],"curies":[{"name":"wp","href":"https:\/\/api.w.org\/{rel}","templated":true}]}}