{"id":21821,"date":"2023-02-13T08:47:45","date_gmt":"2023-02-13T08:47:45","guid":{"rendered":"https:\/\/atami.com\/product\/bcuzz-silic-boost\/"},"modified":"2025-11-10T14:51:37","modified_gmt":"2025-11-10T12:51:37","slug":"bcuzz-silic-boost","status":"publish","type":"product","link":"https:\/\/atami.com\/fr\/produit\/bcuzz-silic-boost","title":{"rendered":"B\u2019CUZZ Silic Boost"},"content":{"rendered":"<p><strong>Le silicium (Si) est l\u2019un des \u00e9l\u00e9ments les plus abondants dans le sol. Pourtant, il est en grande partie indisponible pour vos plantes. C\u2019est dommage car le silicium peut renforcer la plante en la rendant moins sensible aux stress abiotiques comme la chaleur ou la s\u00e9cheresse.<\/strong><\/p>\n<p>&nbsp;<\/p>\n<p>B\u2019cuzz Silic Boost est un produit \u00e9quilibr\u00e9 contenant du silicium dans un format assimilable par les plantes. Cela en fait un excellent suppl\u00e9ment \u00e0 votre r\u00e9gime nutritionnel habituel.<\/p>\n<p>&nbsp;<\/p>\n<p><strong>PARTICULI\u00c8REMENT ADAPT\u00c9 POUR<\/strong><br \/>\nDiff\u00e9rents types de l\u00e9gumes, fruits et herbes comme les concombres, les tomates, les fraises, les pousses de tournesol, le basilic, etc. La dose requise peut \u00eatre mesur\u00e9e pour r\u00e9pondre aux besoins des plantes individuelles ou des cultures.<\/p>\n<p>&nbsp;<\/p>\n<p><strong>UTILISATION<\/strong><br \/>\nUtiliser quotidiennement, \u00e0 partir de la phase de croissance, en l\u2019ajoutant \u00e0 la solution nutritive. Peut \u00e9galement \u00eatre utilis\u00e9 avec des syst\u00e8mes d\u2019irrigation ou en pulv\u00e9risation foliaire.<\/p>\n<p>&nbsp;<\/p>\n<p><strong>DOSAGE<\/strong><br \/>\n0,1 ml par litre d\u2019eau.<\/p>\n<p>&nbsp;<\/p>\n<p><strong>DISPONIBLE EN 50 ML, 100 ML, 250 ML, 500 ML, 1 L, 5 L.<\/strong><\/p>\n","protected":false},"excerpt":{"rendered":"<p>Additif \u00e0 base de silicium stable<\/p>\n<p>Rend les plantes plus fortes<\/p>\n","protected":false},"featured_media":202073,"comment_status":"closed","ping_status":"closed","template":"","meta":{"_acf_changed":false,"iawp_total_views":251},"product_brand":[],"product_cat":[183,184],"product_tag":[],"class_list":{"0":"post-21821","1":"product","2":"type-product","3":"status-publish","4":"has-post-thumbnail","6":"product_cat-bcuzz","7":"product_cat-boosts","9":"first","10":"instock","11":"shipping-taxable","12":"product-type-simple"},"acf":{"short_description":"<p><strong>Le silicium (Si) est l\u2019un des \u00e9l\u00e9ments les plus abondants dans le sol. Pourtant, il est en grande partie indisponible pour vos plantes. C\u2019est dommage car le silicium peut renforcer la plante en la rendant moins sensible aux stress abiotiques comme la chaleur ou la s\u00e9cheresse.<\/strong><\/p><p>&nbsp;<\/p><p>B\u2019cuzz Silic Boost est un produit \u00e9quilibr\u00e9 contenant du silicium dans un format assimilable par les plantes. Cela en fait un excellent suppl\u00e9ment \u00e0 votre r\u00e9gime nutritionnel habituel.<\/p>","suitable_for":"<p>Diff\u00e9rents types de l\u00e9gumes, fruits et herbes comme les concombres, les tomates, les fraises, les pousses de tournesol, le basilic, etc. La dose requise peut \u00eatre mesur\u00e9e pour r\u00e9pondre aux besoins des plantes individuelles ou des cultures.<\/p>","application":"<p>Utiliser quotidiennement, \u00e0 partir de la phase de croissance, en l\u2019ajoutant \u00e0 la solution nutritive. Peut \u00e9galement \u00eatre utilis\u00e9 avec des syst\u00e8mes d\u2019irrigation ou en pulv\u00e9risation foliaire.<\/p>","dosage":"<p>0,1 ml par litre d\u2019eau.<\/p>","npk_ratio":"","available_in":"<p>50 ML, 100 ML, 250 ML, 500 ML, 1 L, 5 L<\/p>","icon_1":191205,"icon_1_text":"LE SILICIUM RENFORCE LA COUCHE EXT\u00c9RIEURE DES FEUILLES ET DE LA TIGE ET AM\u00c9LIORE LA R\u00c9SISTANCE DE LA PLANTE AUX MALADIES ET AU STRESS.","icon_2":191220,"icon_2_text":"LE SILICIUM G\u00c9N\u00c8RE UNE TIGE PLUS SOLIDE ET PLUS \u00c9PAISSE.","icon_3":191250,"icon_3_text":"LE SILICIUM R\u00c9GULE ET AM\u00c9LIORE L\u2019ABSORPTION DE LA NUTRITION.","icon_4":"","icon_4_text":"","video":"https:\/\/youtu.be\/gK78S5tSGKA","second_image":"","product_image_page":"","user_manual":"","new_icon_1":"","new_icon_2":"","new_icon_3":"","new_icon_4":"","grow_guides":"","category":"Amplificateur"},"yoast_head":"<!-- This site is optimized with the Yoast SEO Premium plugin v27.5 (Yoast SEO v27.5) - https:\/\/yoast.com\/product\/yoast-seo-premium-wordpress\/ -->\n<title>B&#039;cuzz Silic Boost \u2013 Renforcez vos plantes avec la silice<\/title>\n<meta name=\"description\" content=\"D\u00e9couvrez B&#039;cuzz Silic Boost, un additif puissant qui am\u00e9liore la r\u00e9sistance de vos plantes. Offrez-leur un soutien optimal pour des r\u00e9coltes saines et vigoureuses.\" \/>\n<meta name=\"robots\" content=\"index, follow, max-snippet:-1, max-image-preview:large, max-video-preview:-1\" \/>\n<link rel=\"canonical\" href=\"https:\/\/atami.com\/fr\/produit\/bcuzz-silic-boost\" \/>\n<meta property=\"og:locale\" content=\"fr_FR\" \/>\n<meta property=\"og:type\" content=\"article\" \/>\n<meta property=\"og:title\" content=\"B\u2019CUZZ Silic Boost\" \/>\n<meta property=\"og:description\" content=\"D\u00e9couvrez B&#039;cuzz Silic Boost, un additif puissant qui am\u00e9liore la r\u00e9sistance de vos plantes. Offrez-leur un soutien optimal pour des r\u00e9coltes saines et vigoureuses.\" \/>\n<meta property=\"og:url\" content=\"https:\/\/atami.com\/fr\/produit\/bcuzz-silic-boost\" \/>\n<meta property=\"og:site_name\" content=\"Atami\" \/>\n<meta property=\"article:publisher\" content=\"https:\/\/www.facebook.com\/Atami.International\" \/>\n<meta property=\"article:modified_time\" content=\"2025-11-10T12:51:37+00:00\" \/>\n<meta property=\"og:image\" content=\"https:\/\/atami.com\/wp-content\/uploads\/2023\/02\/Bcuzz-Silic-Boost-product-image.webp\" \/>\n\t<meta property=\"og:image:width\" content=\"1080\" \/>\n\t<meta property=\"og:image:height\" content=\"1080\" \/>\n\t<meta property=\"og:image:type\" content=\"image\/webp\" \/>\n<meta name=\"twitter:card\" content=\"summary_large_image\" \/>\n<meta name=\"twitter:site\" content=\"@AtamiEU\" \/>\n<meta name=\"twitter:label1\" content=\"Dur\u00e9e de lecture estim\u00e9e\" \/>\n\t<meta name=\"twitter:data1\" content=\"1 minute\" \/>\n<script type=\"application\/ld+json\" class=\"yoast-schema-graph\">{\"@context\":\"https:\\\/\\\/schema.org\",\"@graph\":[{\"@type\":\"WebPage\",\"@id\":\"https:\\\/\\\/atami.com\\\/fr\\\/produit\\\/bcuzz-silic-boost\",\"url\":\"https:\\\/\\\/atami.com\\\/fr\\\/produit\\\/bcuzz-silic-boost\",\"name\":\"B'cuzz Silic Boost \u2013 Renforcez vos plantes avec la silice\",\"isPartOf\":{\"@id\":\"https:\\\/\\\/atami.com\\\/fr#website\"},\"primaryImageOfPage\":{\"@id\":\"https:\\\/\\\/atami.com\\\/fr\\\/produit\\\/bcuzz-silic-boost#primaryimage\"},\"image\":{\"@id\":\"https:\\\/\\\/atami.com\\\/fr\\\/produit\\\/bcuzz-silic-boost#primaryimage\"},\"thumbnailUrl\":\"https:\\\/\\\/atami.com\\\/wp-content\\\/uploads\\\/2023\\\/02\\\/Bcuzz-Silic-Boost-product-image.webp\",\"datePublished\":\"2023-02-13T08:47:45+00:00\",\"dateModified\":\"2025-11-10T12:51:37+00:00\",\"description\":\"D\u00e9couvrez B'cuzz Silic Boost, un additif puissant qui am\u00e9liore la r\u00e9sistance de vos plantes. Offrez-leur un soutien optimal pour des r\u00e9coltes saines et vigoureuses.\",\"breadcrumb\":{\"@id\":\"https:\\\/\\\/atami.com\\\/fr\\\/produit\\\/bcuzz-silic-boost#breadcrumb\"},\"inLanguage\":\"fr-FR\",\"potentialAction\":[{\"@type\":\"ReadAction\",\"target\":[\"https:\\\/\\\/atami.com\\\/fr\\\/produit\\\/bcuzz-silic-boost\"]}]},{\"@type\":\"ImageObject\",\"inLanguage\":\"fr-FR\",\"@id\":\"https:\\\/\\\/atami.com\\\/fr\\\/produit\\\/bcuzz-silic-boost#primaryimage\",\"url\":\"https:\\\/\\\/atami.com\\\/wp-content\\\/uploads\\\/2023\\\/02\\\/Bcuzz-Silic-Boost-product-image.webp\",\"contentUrl\":\"https:\\\/\\\/atami.com\\\/wp-content\\\/uploads\\\/2023\\\/02\\\/Bcuzz-Silic-Boost-product-image.webp\",\"width\":1080,\"height\":1080,\"caption\":\"B'cuzz Silic Boost fournit du silicium disponible pour les plantes, renfor\u00e7ant la structure des plantes et am\u00e9liorant leur r\u00e9silience \u00e0 la chaleur et \u00e0 la s\u00e9cheresse.\"},{\"@type\":\"BreadcrumbList\",\"@id\":\"https:\\\/\\\/atami.com\\\/fr\\\/produit\\\/bcuzz-silic-boost#breadcrumb\",\"itemListElement\":[{\"@type\":\"ListItem\",\"position\":1,\"name\":\"Home\",\"item\":\"https:\\\/\\\/atami.com\\\/fr\"},{\"@type\":\"ListItem\",\"position\":2,\"name\":\"Produits\",\"item\":\"https:\\\/\\\/atami.com\\\/fr\\\/shop\"},{\"@type\":\"ListItem\",\"position\":3,\"name\":\"B'cuzz\",\"item\":\"https:\\\/\\\/atami.com\\\/fr\\\/categorie-produit\\\/marques\\\/bcuzz\"},{\"@type\":\"ListItem\",\"position\":4,\"name\":\"B\u2019CUZZ Silic Boost\"}]},{\"@type\":\"WebSite\",\"@id\":\"https:\\\/\\\/atami.com\\\/fr#website\",\"url\":\"https:\\\/\\\/atami.com\\\/fr\",\"name\":\"Atami\",\"description\":\"NATURALLY INNOVATING!\",\"publisher\":{\"@id\":\"https:\\\/\\\/atami.com\\\/fr#organization\"},\"potentialAction\":[{\"@type\":\"SearchAction\",\"target\":{\"@type\":\"EntryPoint\",\"urlTemplate\":\"https:\\\/\\\/atami.com\\\/fr?s={search_term_string}\"},\"query-input\":{\"@type\":\"PropertyValueSpecification\",\"valueRequired\":true,\"valueName\":\"search_term_string\"}}],\"inLanguage\":\"fr-FR\"},{\"@type\":\"Organization\",\"@id\":\"https:\\\/\\\/atami.com\\\/fr#organization\",\"name\":\"Atami\",\"url\":\"https:\\\/\\\/atami.com\\\/fr\",\"logo\":{\"@type\":\"ImageObject\",\"inLanguage\":\"fr-FR\",\"@id\":\"https:\\\/\\\/atami.com\\\/fr#\\\/schema\\\/logo\\\/image\\\/\",\"url\":\"https:\\\/\\\/atami.com\\\/wp-content\\\/uploads\\\/2026\\\/01\\\/Atami-logo-696x696px.webp\",\"contentUrl\":\"https:\\\/\\\/atami.com\\\/wp-content\\\/uploads\\\/2026\\\/01\\\/Atami-logo-696x696px.webp\",\"width\":696,\"height\":696,\"caption\":\"Atami\"},\"image\":{\"@id\":\"https:\\\/\\\/atami.com\\\/fr#\\\/schema\\\/logo\\\/image\\\/\"},\"sameAs\":[\"https:\\\/\\\/www.facebook.com\\\/Atami.International\",\"https:\\\/\\\/x.com\\\/AtamiEU\",\"https:\\\/\\\/www.youtube.com\\\/c\\\/AtamiInternational\",\"https:\\\/\\\/www.instagram.com\\\/atami.international\\\/\"],\"description\":\"ATAMI is a premium plant nutrition & substrate brand founded in 1997 with the mission to make exceptional cultivation achievable for everyone. From legacy to license, we offer a wide variety of innovating award-winning products to let cultivators achieve maximum results in taste & yield.\",\"email\":\"info@mginnovations.es\",\"legalName\":\"Atami\",\"numberOfEmployees\":{\"@type\":\"QuantitativeValue\",\"minValue\":\"11\",\"maxValue\":\"50\"}}]}<\/script>\n<!-- \/ Yoast SEO Premium plugin. -->","yoast_head_json":{"title":"B'cuzz Silic Boost \u2013 Renforcez vos plantes avec la silice","description":"D\u00e9couvrez B'cuzz Silic Boost, un additif puissant qui am\u00e9liore la r\u00e9sistance de vos plantes. Offrez-leur un soutien optimal pour des r\u00e9coltes saines et vigoureuses.","robots":{"index":"index","follow":"follow","max-snippet":"max-snippet:-1","max-image-preview":"max-image-preview:large","max-video-preview":"max-video-preview:-1"},"canonical":"https:\/\/atami.com\/fr\/produit\/bcuzz-silic-boost","og_locale":"fr_FR","og_type":"article","og_title":"B\u2019CUZZ Silic Boost","og_description":"D\u00e9couvrez B'cuzz Silic Boost, un additif puissant qui am\u00e9liore la r\u00e9sistance de vos plantes. Offrez-leur un soutien optimal pour des r\u00e9coltes saines et vigoureuses.","og_url":"https:\/\/atami.com\/fr\/produit\/bcuzz-silic-boost","og_site_name":"Atami","article_publisher":"https:\/\/www.facebook.com\/Atami.International","article_modified_time":"2025-11-10T12:51:37+00:00","og_image":[{"width":1080,"height":1080,"url":"https:\/\/atami.com\/wp-content\/uploads\/2023\/02\/Bcuzz-Silic-Boost-product-image.webp","type":"image\/webp"}],"twitter_card":"summary_large_image","twitter_site":"@AtamiEU","twitter_misc":{"Dur\u00e9e de lecture estim\u00e9e":"1 minute"},"schema":{"@context":"https:\/\/schema.org","@graph":[{"@type":"WebPage","@id":"https:\/\/atami.com\/fr\/produit\/bcuzz-silic-boost","url":"https:\/\/atami.com\/fr\/produit\/bcuzz-silic-boost","name":"B'cuzz Silic Boost \u2013 Renforcez vos plantes avec la silice","isPartOf":{"@id":"https:\/\/atami.com\/fr#website"},"primaryImageOfPage":{"@id":"https:\/\/atami.com\/fr\/produit\/bcuzz-silic-boost#primaryimage"},"image":{"@id":"https:\/\/atami.com\/fr\/produit\/bcuzz-silic-boost#primaryimage"},"thumbnailUrl":"https:\/\/atami.com\/wp-content\/uploads\/2023\/02\/Bcuzz-Silic-Boost-product-image.webp","datePublished":"2023-02-13T08:47:45+00:00","dateModified":"2025-11-10T12:51:37+00:00","description":"D\u00e9couvrez B'cuzz Silic Boost, un additif puissant qui am\u00e9liore la r\u00e9sistance de vos plantes. Offrez-leur un soutien optimal pour des r\u00e9coltes saines et vigoureuses.","breadcrumb":{"@id":"https:\/\/atami.com\/fr\/produit\/bcuzz-silic-boost#breadcrumb"},"inLanguage":"fr-FR","potentialAction":[{"@type":"ReadAction","target":["https:\/\/atami.com\/fr\/produit\/bcuzz-silic-boost"]}]},{"@type":"ImageObject","inLanguage":"fr-FR","@id":"https:\/\/atami.com\/fr\/produit\/bcuzz-silic-boost#primaryimage","url":"https:\/\/atami.com\/wp-content\/uploads\/2023\/02\/Bcuzz-Silic-Boost-product-image.webp","contentUrl":"https:\/\/atami.com\/wp-content\/uploads\/2023\/02\/Bcuzz-Silic-Boost-product-image.webp","width":1080,"height":1080,"caption":"B'cuzz Silic Boost fournit du silicium disponible pour les plantes, renfor\u00e7ant la structure des plantes et am\u00e9liorant leur r\u00e9silience \u00e0 la chaleur et \u00e0 la s\u00e9cheresse."},{"@type":"BreadcrumbList","@id":"https:\/\/atami.com\/fr\/produit\/bcuzz-silic-boost#breadcrumb","itemListElement":[{"@type":"ListItem","position":1,"name":"Home","item":"https:\/\/atami.com\/fr"},{"@type":"ListItem","position":2,"name":"Produits","item":"https:\/\/atami.com\/fr\/shop"},{"@type":"ListItem","position":3,"name":"B'cuzz","item":"https:\/\/atami.com\/fr\/categorie-produit\/marques\/bcuzz"},{"@type":"ListItem","position":4,"name":"B\u2019CUZZ Silic Boost"}]},{"@type":"WebSite","@id":"https:\/\/atami.com\/fr#website","url":"https:\/\/atami.com\/fr","name":"Atami","description":"NATURALLY INNOVATING!","publisher":{"@id":"https:\/\/atami.com\/fr#organization"},"potentialAction":[{"@type":"SearchAction","target":{"@type":"EntryPoint","urlTemplate":"https:\/\/atami.com\/fr?s={search_term_string}"},"query-input":{"@type":"PropertyValueSpecification","valueRequired":true,"valueName":"search_term_string"}}],"inLanguage":"fr-FR"},{"@type":"Organization","@id":"https:\/\/atami.com\/fr#organization","name":"Atami","url":"https:\/\/atami.com\/fr","logo":{"@type":"ImageObject","inLanguage":"fr-FR","@id":"https:\/\/atami.com\/fr#\/schema\/logo\/image\/","url":"https:\/\/atami.com\/wp-content\/uploads\/2026\/01\/Atami-logo-696x696px.webp","contentUrl":"https:\/\/atami.com\/wp-content\/uploads\/2026\/01\/Atami-logo-696x696px.webp","width":696,"height":696,"caption":"Atami"},"image":{"@id":"https:\/\/atami.com\/fr#\/schema\/logo\/image\/"},"sameAs":["https:\/\/www.facebook.com\/Atami.International","https:\/\/x.com\/AtamiEU","https:\/\/www.youtube.com\/c\/AtamiInternational","https:\/\/www.instagram.com\/atami.international\/"],"description":"ATAMI is a premium plant nutrition & substrate brand founded in 1997 with the mission to make exceptional cultivation achievable for everyone. From legacy to license, we offer a wide variety of innovating award-winning products to let cultivators achieve maximum results in taste & yield.","email":"info@mginnovations.es","legalName":"Atami","numberOfEmployees":{"@type":"QuantitativeValue","minValue":"11","maxValue":"50"}}]}},"_links":{"self":[{"href":"https:\/\/atami.com\/fr\/wp-json\/wp\/v2\/product\/21821","targetHints":{"allow":["GET"]}}],"collection":[{"href":"https:\/\/atami.com\/fr\/wp-json\/wp\/v2\/product"}],"about":[{"href":"https:\/\/atami.com\/fr\/wp-json\/wp\/v2\/types\/product"}],"replies":[{"embeddable":true,"href":"https:\/\/atami.com\/fr\/wp-json\/wp\/v2\/comments?post=21821"}],"wp:featuredmedia":[{"embeddable":true,"href":"https:\/\/atami.com\/fr\/wp-json\/wp\/v2\/media\/202073"}],"wp:attachment":[{"href":"https:\/\/atami.com\/fr\/wp-json\/wp\/v2\/media?parent=21821"}],"wp:term":[{"taxonomy":"product_brand","embeddable":true,"href":"https:\/\/atami.com\/fr\/wp-json\/wp\/v2\/product_brand?post=21821"},{"taxonomy":"product_cat","embeddable":true,"href":"https:\/\/atami.com\/fr\/wp-json\/wp\/v2\/product_cat?post=21821"},{"taxonomy":"product_tag","embeddable":true,"href":"https:\/\/atami.com\/fr\/wp-json\/wp\/v2\/product_tag?post=21821"}],"curies":[{"name":"wp","href":"https:\/\/api.w.org\/{rel}","templated":true}]}}