{"id":21819,"date":"2023-02-13T08:30:49","date_gmt":"2023-02-13T08:30:49","guid":{"rendered":"https:\/\/atami.com\/product\/bcuzz-boosters-uni\/"},"modified":"2025-11-10T14:51:55","modified_gmt":"2025-11-10T12:51:55","slug":"bcuzz-boost-uni","status":"publish","type":"product","link":"https:\/\/atami.com\/fr\/produit\/bcuzz-boost-uni","title":{"rendered":"B\u2019CUZZ Boost Uni"},"content":{"rendered":"<p><strong>Il y a plus de vingt ans, nous avons commenc\u00e9 \u00e0 d\u00e9velopper B&rsquo;cuzz Boost Uni. B&rsquo;cuzz Boost Uni sont des engrais min\u00e9raux en solution nutritive qui aideront les plantes \u00e0 passer le plus facilement possible \u00e0 la phase de floraison. <\/strong><\/p>\n<p><strong>\u00a0<\/strong><\/p>\n<p>Les B&rsquo;cuzz Boost Uni contiennent une combinaison d&rsquo;\u00e9l\u00e9ments importants : l&rsquo;azote et le magn\u00e9sium. Ils contiennent \u00e9galement les composants n\u00e9cessaires au cycle de l&rsquo;acide citrique, qui soutient les processus physiologiques des plantes.\u00a0<\/p>\n<p>&nbsp;<\/p>\n<p>L&rsquo;azote et le magn\u00e9sium sont des \u00e9l\u00e9ments importants pour produire plus de chlorophylle. La cl\u00e9 d&rsquo;une plante forte et saine est la mol\u00e9cule de chlorophylle, qui absorbe la lumi\u00e8re et convertit l&rsquo;\u00e9nergie en sucre. L&rsquo;\u00e9nergie contenue dans ce sucre est n\u00e9cessaire \u00e0 la diff\u00e9renciation, \u00e0 la division et \u00e0 l&rsquo;\u00e9longation des cellules.<\/p>\n<p>&nbsp;<\/p>\n<p>Un changement d&rsquo;environnement, tel qu&rsquo;une transplantation, constitue un choc pour la plupart des plantes et affecte leur croissance. Une plante en bonne sant\u00e9 l&rsquo;aidera \u00e0 faire face au stress et \u00e0 mieux r\u00e9sister aux changements environnementaux. Ne sous-estime pas l&rsquo;importance de la phase de croissance, car elle affecte grandement le rendement final.<\/p>\n<p>&nbsp;<\/p>\n<p>En ajoutant ces pr\u00e9cieux \u00e9l\u00e9ments pr\u00e9sents dans B&rsquo;cuzz Growth, la r\u00e9cup\u00e9ration et l&rsquo;adaptation de la plante se feront en douceur.<\/p>\n<p>&nbsp;<\/p>\n<p>Il existe trois types de B&rsquo;cuzz Boost Uni con\u00e7us pour \u00eatre utilis\u00e9s dans les m\u00e9langes de rempotage, les substrats de coco ou la culture hydroponique.<\/p>\n<p>&nbsp;<\/p>\n<p><strong>N 5 W\/W <\/strong><\/p>\n<p><strong>Mg 6 W\/W<\/strong><\/p>\n<p>&nbsp;<\/p>\n<p><strong>PARTICULI\u00c8REMENT ADAPT\u00c9 POUR<br \/>\n<\/strong>Diff\u00e9rents types de l\u00e9gumes, fruits et herbes comme la salade, les \u00e9pinards, le chou, les cornichons, la coriandre, la ciboulette, etc. Le dosage requis peut \u00eatre mesur\u00e9 pour r\u00e9pondre aux besoins des plantes individuelles ou des cultures.<\/p>\n<p><strong>\u00a0<\/strong><\/p>\n<p><strong>UTILISATION<br \/>\n<\/strong>Commencer lors de la fin de phase de croissance et ajouter quotidiennement lors de l\u2019arrosage de la plante. Effet optimal lorsqu\u2019il est utilis\u00e9 en combinaison avec\u00a0<strong><a href=\"https:\/\/atami.com\/fr\/produit\/bcuzz-bloom\/\">B\u2019cuzz Bloom<\/a><\/strong>.\u00a0Vous pouvez facilement combiner B\u2019cuzz Boost Uni avec n\u2019importe quel nutriment de base ou additif.<\/p>\n<p><strong>\u00a0<\/strong><\/p>\n<p><strong>DOSAGE<br \/>\n0,1 \u2013 0,5 ml par litre d\u2019eau.<\/strong><\/p>\n<p><strong>\u00a0<\/strong><\/p>\n<p><strong>DISPONIBLE EN 100 ML, 1 L, 5 L<\/strong><\/p>\n","protected":false},"excerpt":{"rendered":"<p>R\u00e9ducteur de stress<\/p>\n<p>Id\u00e9al pour la transplantation de plantes<\/p>\n","protected":false},"featured_media":202088,"comment_status":"closed","ping_status":"closed","template":"","meta":{"_acf_changed":false,"iawp_total_views":66},"product_brand":[],"product_cat":[183,184],"product_tag":[],"class_list":{"0":"post-21819","1":"product","2":"type-product","3":"status-publish","4":"has-post-thumbnail","6":"product_cat-bcuzz","7":"product_cat-boosts","9":"first","10":"instock","11":"shipping-taxable","12":"product-type-simple"},"acf":{"short_description":"<p><strong>Il y a plus de vingt ans, nous avons commenc\u00e9 \u00e0 d\u00e9velopper B'cuzz Boost Uni. B'cuzz Boost Uni sont des engrais min\u00e9raux en solution nutritive qui aideront les plantes \u00e0 passer le plus facilement possible \u00e0 la phase de floraison. <\/strong><\/p><p><strong>\u00a0<\/strong><\/p><p>Les B'cuzz Boost Uni contiennent une combinaison d'\u00e9l\u00e9ments importants : l'azote et le magn\u00e9sium. Ils contiennent \u00e9galement les composants n\u00e9cessaires au cycle de l'acide citrique, qui soutient les processus physiologiques des plantes.\u00a0<\/p><p>&nbsp;<\/p><p>L'azote et le magn\u00e9sium sont des \u00e9l\u00e9ments importants pour produire plus de chlorophylle. La cl\u00e9 d'une plante forte et saine est la mol\u00e9cule de chlorophylle, qui absorbe la lumi\u00e8re et convertit l'\u00e9nergie en sucre. L'\u00e9nergie contenue dans ce sucre est n\u00e9cessaire \u00e0 la diff\u00e9renciation, \u00e0 la division et \u00e0 l'\u00e9longation des cellules.<\/p>","suitable_for":"<p>Diff\u00e9rents types de l\u00e9gumes, fruits et herbes comme la salade, les \u00e9pinards, le chou, les cornichons, la coriandre, la ciboulette, etc. Le dosage requis peut \u00eatre mesur\u00e9 pour r\u00e9pondre aux besoins des plantes individuelles ou des cultures.<\/p>","application":"<p>Commencer lors de la fin de phase de croissance et ajouter quotidiennement lors de l\u2019arrosage de la plante. Effet optimal lorsqu\u2019il est utilis\u00e9 en combinaison avec\u00a0<strong><a href=\"https:\/\/atami.com\/fr\/produit\/bcuzz-bloom\">B\u2019cuzz Bloom<\/a><\/strong>.\u00a0Vous pouvez facilement combiner B\u2019cuzz Boost Uni avec n\u2019importe quel nutriment de base ou additif.<\/p>","dosage":"<p>0,1 \u2013 0,5 ml par litre d\u2019eau.<\/p>","npk_ratio":"","available_in":"<p>100 ML, 1 L, 5 L<\/p>","icon_1":191729,"icon_1_text":"SOUTIENT LES PLANTES QUAND ELLES SOUFFRENT DE CHANGEMENTS D\u2019ENVIRONNEMENT","icon_2":191744,"icon_2_text":"CONTIENT DES \u00c9L\u00c9MENTS MAJEURS POUR LA CHLOROPHYLLE","icon_3":191759,"icon_3_text":"PEUT \u00caTRE FACILEMENT COMBIN\u00c9 AVEC D\u2019AUTRES NUTRIMENTS DE TOUTES LES GAMMES DE PRODUITS ATAMI. CONSULTEZ LES SCH\u00c9MAS DE CULTURE EN LIGNE !","icon_4":"","icon_4_text":"","video":"https:\/\/youtu.be\/bphyQOtFj0o","second_image":1090,"product_image_page":25724,"user_manual":"","new_icon_1":"","new_icon_2":"","new_icon_3":"","new_icon_4":"","grow_guides":"","category":"Amplificateur"},"yoast_head":"<!-- This site is optimized with the Yoast SEO Premium plugin v27.5 (Yoast SEO v27.5) - https:\/\/yoast.com\/product\/yoast-seo-premium-wordpress\/ -->\n<title>B&#039;cuzz Boost Uni \u2013 Stimulateur de Croissance pour des Plantes Plus Fortes<\/title>\n<meta name=\"description\" content=\"Boostez la sant\u00e9 et la croissance de vos plantes avec B&#039;cuzz Boost Uni. Un stimulateur puissant qui favorise une floraison exceptionnelle. Id\u00e9al pour des r\u00e9sultats optimaux. Achetez-le maintenant !\" \/>\n<meta name=\"robots\" content=\"index, follow, max-snippet:-1, max-image-preview:large, max-video-preview:-1\" \/>\n<link rel=\"canonical\" href=\"https:\/\/atami.com\/fr\/produit\/bcuzz-boost-uni\" \/>\n<meta property=\"og:locale\" content=\"fr_FR\" \/>\n<meta property=\"og:type\" content=\"article\" \/>\n<meta property=\"og:title\" content=\"B\u2019CUZZ Boost Uni\" \/>\n<meta property=\"og:description\" content=\"Boostez la sant\u00e9 et la croissance de vos plantes avec B&#039;cuzz Boost Uni. Un stimulateur puissant qui favorise une floraison exceptionnelle. Id\u00e9al pour des r\u00e9sultats optimaux. Achetez-le maintenant !\" \/>\n<meta property=\"og:url\" content=\"https:\/\/atami.com\/fr\/produit\/bcuzz-boost-uni\" \/>\n<meta property=\"og:site_name\" content=\"Atami\" \/>\n<meta property=\"article:publisher\" content=\"https:\/\/www.facebook.com\/Atami.International\" \/>\n<meta property=\"article:modified_time\" content=\"2025-11-10T12:51:55+00:00\" \/>\n<meta property=\"og:image\" content=\"https:\/\/atami.com\/wp-content\/uploads\/2025\/01\/Bcuzz-Boost-Uni-product-image-1.webp\" \/>\n\t<meta property=\"og:image:width\" content=\"1080\" \/>\n\t<meta property=\"og:image:height\" content=\"1080\" \/>\n\t<meta property=\"og:image:type\" content=\"image\/webp\" \/>\n<meta name=\"twitter:card\" content=\"summary_large_image\" \/>\n<meta name=\"twitter:site\" content=\"@AtamiEU\" \/>\n<meta name=\"twitter:label1\" content=\"Dur\u00e9e de lecture estim\u00e9e\" \/>\n\t<meta name=\"twitter:data1\" content=\"2 minutes\" \/>\n<script type=\"application\/ld+json\" class=\"yoast-schema-graph\">{\"@context\":\"https:\\\/\\\/schema.org\",\"@graph\":[{\"@type\":\"WebPage\",\"@id\":\"https:\\\/\\\/atami.com\\\/fr\\\/produit\\\/bcuzz-boost-uni\",\"url\":\"https:\\\/\\\/atami.com\\\/fr\\\/produit\\\/bcuzz-boost-uni\",\"name\":\"B'cuzz Boost Uni \u2013 Stimulateur de Croissance pour des Plantes Plus Fortes\",\"isPartOf\":{\"@id\":\"https:\\\/\\\/atami.com\\\/fr#website\"},\"primaryImageOfPage\":{\"@id\":\"https:\\\/\\\/atami.com\\\/fr\\\/produit\\\/bcuzz-boost-uni#primaryimage\"},\"image\":{\"@id\":\"https:\\\/\\\/atami.com\\\/fr\\\/produit\\\/bcuzz-boost-uni#primaryimage\"},\"thumbnailUrl\":\"https:\\\/\\\/atami.com\\\/wp-content\\\/uploads\\\/2025\\\/01\\\/Bcuzz-Boost-Uni-product-image-1.webp\",\"datePublished\":\"2023-02-13T08:30:49+00:00\",\"dateModified\":\"2025-11-10T12:51:55+00:00\",\"description\":\"Boostez la sant\u00e9 et la croissance de vos plantes avec B'cuzz Boost Uni. Un stimulateur puissant qui favorise une floraison exceptionnelle. Id\u00e9al pour des r\u00e9sultats optimaux. Achetez-le maintenant !\",\"breadcrumb\":{\"@id\":\"https:\\\/\\\/atami.com\\\/fr\\\/produit\\\/bcuzz-boost-uni#breadcrumb\"},\"inLanguage\":\"fr-FR\",\"potentialAction\":[{\"@type\":\"ReadAction\",\"target\":[\"https:\\\/\\\/atami.com\\\/fr\\\/produit\\\/bcuzz-boost-uni\"]}]},{\"@type\":\"ImageObject\",\"inLanguage\":\"fr-FR\",\"@id\":\"https:\\\/\\\/atami.com\\\/fr\\\/produit\\\/bcuzz-boost-uni#primaryimage\",\"url\":\"https:\\\/\\\/atami.com\\\/wp-content\\\/uploads\\\/2025\\\/01\\\/Bcuzz-Boost-Uni-product-image-1.webp\",\"contentUrl\":\"https:\\\/\\\/atami.com\\\/wp-content\\\/uploads\\\/2025\\\/01\\\/Bcuzz-Boost-Uni-product-image-1.webp\",\"width\":1080,\"height\":1080,\"caption\":\"B'cuzz Boosters Uni soutient les plantes lors des changements environnementaux, favorisant une transition en douceur vers la phase de croissance et stimulant la production de chlorophylle pour un d\u00e9veloppement sain.\"},{\"@type\":\"BreadcrumbList\",\"@id\":\"https:\\\/\\\/atami.com\\\/fr\\\/produit\\\/bcuzz-boost-uni#breadcrumb\",\"itemListElement\":[{\"@type\":\"ListItem\",\"position\":1,\"name\":\"Home\",\"item\":\"https:\\\/\\\/atami.com\\\/fr\"},{\"@type\":\"ListItem\",\"position\":2,\"name\":\"Produits\",\"item\":\"https:\\\/\\\/atami.com\\\/fr\\\/shop\"},{\"@type\":\"ListItem\",\"position\":3,\"name\":\"B'cuzz\",\"item\":\"https:\\\/\\\/atami.com\\\/fr\\\/categorie-produit\\\/marques\\\/bcuzz\"},{\"@type\":\"ListItem\",\"position\":4,\"name\":\"B\u2019CUZZ Boost Uni\"}]},{\"@type\":\"WebSite\",\"@id\":\"https:\\\/\\\/atami.com\\\/fr#website\",\"url\":\"https:\\\/\\\/atami.com\\\/fr\",\"name\":\"Atami\",\"description\":\"NATURALLY INNOVATING!\",\"publisher\":{\"@id\":\"https:\\\/\\\/atami.com\\\/fr#organization\"},\"potentialAction\":[{\"@type\":\"SearchAction\",\"target\":{\"@type\":\"EntryPoint\",\"urlTemplate\":\"https:\\\/\\\/atami.com\\\/fr?s={search_term_string}\"},\"query-input\":{\"@type\":\"PropertyValueSpecification\",\"valueRequired\":true,\"valueName\":\"search_term_string\"}}],\"inLanguage\":\"fr-FR\"},{\"@type\":\"Organization\",\"@id\":\"https:\\\/\\\/atami.com\\\/fr#organization\",\"name\":\"Atami\",\"url\":\"https:\\\/\\\/atami.com\\\/fr\",\"logo\":{\"@type\":\"ImageObject\",\"inLanguage\":\"fr-FR\",\"@id\":\"https:\\\/\\\/atami.com\\\/fr#\\\/schema\\\/logo\\\/image\\\/\",\"url\":\"https:\\\/\\\/atami.com\\\/wp-content\\\/uploads\\\/2026\\\/01\\\/Atami-logo-696x696px.webp\",\"contentUrl\":\"https:\\\/\\\/atami.com\\\/wp-content\\\/uploads\\\/2026\\\/01\\\/Atami-logo-696x696px.webp\",\"width\":696,\"height\":696,\"caption\":\"Atami\"},\"image\":{\"@id\":\"https:\\\/\\\/atami.com\\\/fr#\\\/schema\\\/logo\\\/image\\\/\"},\"sameAs\":[\"https:\\\/\\\/www.facebook.com\\\/Atami.International\",\"https:\\\/\\\/x.com\\\/AtamiEU\",\"https:\\\/\\\/www.youtube.com\\\/c\\\/AtamiInternational\",\"https:\\\/\\\/www.instagram.com\\\/atami.international\\\/\"],\"description\":\"ATAMI is a premium plant nutrition & substrate brand founded in 1997 with the mission to make exceptional cultivation achievable for everyone. From legacy to license, we offer a wide variety of innovating award-winning products to let cultivators achieve maximum results in taste & yield.\",\"email\":\"info@mginnovations.es\",\"legalName\":\"Atami\",\"numberOfEmployees\":{\"@type\":\"QuantitativeValue\",\"minValue\":\"11\",\"maxValue\":\"50\"}}]}<\/script>\n<!-- \/ Yoast SEO Premium plugin. -->","yoast_head_json":{"title":"B'cuzz Boost Uni \u2013 Stimulateur de Croissance pour des Plantes Plus Fortes","description":"Boostez la sant\u00e9 et la croissance de vos plantes avec B'cuzz Boost Uni. Un stimulateur puissant qui favorise une floraison exceptionnelle. Id\u00e9al pour des r\u00e9sultats optimaux. Achetez-le maintenant !","robots":{"index":"index","follow":"follow","max-snippet":"max-snippet:-1","max-image-preview":"max-image-preview:large","max-video-preview":"max-video-preview:-1"},"canonical":"https:\/\/atami.com\/fr\/produit\/bcuzz-boost-uni","og_locale":"fr_FR","og_type":"article","og_title":"B\u2019CUZZ Boost Uni","og_description":"Boostez la sant\u00e9 et la croissance de vos plantes avec B'cuzz Boost Uni. Un stimulateur puissant qui favorise une floraison exceptionnelle. Id\u00e9al pour des r\u00e9sultats optimaux. Achetez-le maintenant !","og_url":"https:\/\/atami.com\/fr\/produit\/bcuzz-boost-uni","og_site_name":"Atami","article_publisher":"https:\/\/www.facebook.com\/Atami.International","article_modified_time":"2025-11-10T12:51:55+00:00","og_image":[{"width":1080,"height":1080,"url":"https:\/\/atami.com\/wp-content\/uploads\/2025\/01\/Bcuzz-Boost-Uni-product-image-1.webp","type":"image\/webp"}],"twitter_card":"summary_large_image","twitter_site":"@AtamiEU","twitter_misc":{"Dur\u00e9e de lecture estim\u00e9e":"2 minutes"},"schema":{"@context":"https:\/\/schema.org","@graph":[{"@type":"WebPage","@id":"https:\/\/atami.com\/fr\/produit\/bcuzz-boost-uni","url":"https:\/\/atami.com\/fr\/produit\/bcuzz-boost-uni","name":"B'cuzz Boost Uni \u2013 Stimulateur de Croissance pour des Plantes Plus Fortes","isPartOf":{"@id":"https:\/\/atami.com\/fr#website"},"primaryImageOfPage":{"@id":"https:\/\/atami.com\/fr\/produit\/bcuzz-boost-uni#primaryimage"},"image":{"@id":"https:\/\/atami.com\/fr\/produit\/bcuzz-boost-uni#primaryimage"},"thumbnailUrl":"https:\/\/atami.com\/wp-content\/uploads\/2025\/01\/Bcuzz-Boost-Uni-product-image-1.webp","datePublished":"2023-02-13T08:30:49+00:00","dateModified":"2025-11-10T12:51:55+00:00","description":"Boostez la sant\u00e9 et la croissance de vos plantes avec B'cuzz Boost Uni. Un stimulateur puissant qui favorise une floraison exceptionnelle. Id\u00e9al pour des r\u00e9sultats optimaux. Achetez-le maintenant !","breadcrumb":{"@id":"https:\/\/atami.com\/fr\/produit\/bcuzz-boost-uni#breadcrumb"},"inLanguage":"fr-FR","potentialAction":[{"@type":"ReadAction","target":["https:\/\/atami.com\/fr\/produit\/bcuzz-boost-uni"]}]},{"@type":"ImageObject","inLanguage":"fr-FR","@id":"https:\/\/atami.com\/fr\/produit\/bcuzz-boost-uni#primaryimage","url":"https:\/\/atami.com\/wp-content\/uploads\/2025\/01\/Bcuzz-Boost-Uni-product-image-1.webp","contentUrl":"https:\/\/atami.com\/wp-content\/uploads\/2025\/01\/Bcuzz-Boost-Uni-product-image-1.webp","width":1080,"height":1080,"caption":"B'cuzz Boosters Uni soutient les plantes lors des changements environnementaux, favorisant une transition en douceur vers la phase de croissance et stimulant la production de chlorophylle pour un d\u00e9veloppement sain."},{"@type":"BreadcrumbList","@id":"https:\/\/atami.com\/fr\/produit\/bcuzz-boost-uni#breadcrumb","itemListElement":[{"@type":"ListItem","position":1,"name":"Home","item":"https:\/\/atami.com\/fr"},{"@type":"ListItem","position":2,"name":"Produits","item":"https:\/\/atami.com\/fr\/shop"},{"@type":"ListItem","position":3,"name":"B'cuzz","item":"https:\/\/atami.com\/fr\/categorie-produit\/marques\/bcuzz"},{"@type":"ListItem","position":4,"name":"B\u2019CUZZ Boost Uni"}]},{"@type":"WebSite","@id":"https:\/\/atami.com\/fr#website","url":"https:\/\/atami.com\/fr","name":"Atami","description":"NATURALLY INNOVATING!","publisher":{"@id":"https:\/\/atami.com\/fr#organization"},"potentialAction":[{"@type":"SearchAction","target":{"@type":"EntryPoint","urlTemplate":"https:\/\/atami.com\/fr?s={search_term_string}"},"query-input":{"@type":"PropertyValueSpecification","valueRequired":true,"valueName":"search_term_string"}}],"inLanguage":"fr-FR"},{"@type":"Organization","@id":"https:\/\/atami.com\/fr#organization","name":"Atami","url":"https:\/\/atami.com\/fr","logo":{"@type":"ImageObject","inLanguage":"fr-FR","@id":"https:\/\/atami.com\/fr#\/schema\/logo\/image\/","url":"https:\/\/atami.com\/wp-content\/uploads\/2026\/01\/Atami-logo-696x696px.webp","contentUrl":"https:\/\/atami.com\/wp-content\/uploads\/2026\/01\/Atami-logo-696x696px.webp","width":696,"height":696,"caption":"Atami"},"image":{"@id":"https:\/\/atami.com\/fr#\/schema\/logo\/image\/"},"sameAs":["https:\/\/www.facebook.com\/Atami.International","https:\/\/x.com\/AtamiEU","https:\/\/www.youtube.com\/c\/AtamiInternational","https:\/\/www.instagram.com\/atami.international\/"],"description":"ATAMI is a premium plant nutrition & substrate brand founded in 1997 with the mission to make exceptional cultivation achievable for everyone. From legacy to license, we offer a wide variety of innovating award-winning products to let cultivators achieve maximum results in taste & yield.","email":"info@mginnovations.es","legalName":"Atami","numberOfEmployees":{"@type":"QuantitativeValue","minValue":"11","maxValue":"50"}}]}},"_links":{"self":[{"href":"https:\/\/atami.com\/fr\/wp-json\/wp\/v2\/product\/21819","targetHints":{"allow":["GET"]}}],"collection":[{"href":"https:\/\/atami.com\/fr\/wp-json\/wp\/v2\/product"}],"about":[{"href":"https:\/\/atami.com\/fr\/wp-json\/wp\/v2\/types\/product"}],"replies":[{"embeddable":true,"href":"https:\/\/atami.com\/fr\/wp-json\/wp\/v2\/comments?post=21819"}],"wp:featuredmedia":[{"embeddable":true,"href":"https:\/\/atami.com\/fr\/wp-json\/wp\/v2\/media\/202088"}],"wp:attachment":[{"href":"https:\/\/atami.com\/fr\/wp-json\/wp\/v2\/media?parent=21819"}],"wp:term":[{"taxonomy":"product_brand","embeddable":true,"href":"https:\/\/atami.com\/fr\/wp-json\/wp\/v2\/product_brand?post=21819"},{"taxonomy":"product_cat","embeddable":true,"href":"https:\/\/atami.com\/fr\/wp-json\/wp\/v2\/product_cat?post=21819"},{"taxonomy":"product_tag","embeddable":true,"href":"https:\/\/atami.com\/fr\/wp-json\/wp\/v2\/product_tag?post=21819"}],"curies":[{"name":"wp","href":"https:\/\/api.w.org\/{rel}","templated":true}]}}