{"id":21817,"date":"2023-02-13T08:14:21","date_gmt":"2023-02-13T08:14:21","guid":{"rendered":"https:\/\/atami.com\/product\/bcuzz-premium-plant-powder\/"},"modified":"2025-11-07T17:17:43","modified_gmt":"2025-11-07T15:17:43","slug":"bcuzz-premium-plant-powder","status":"publish","type":"product","link":"https:\/\/atami.com\/fr\/produit\/bcuzz-premium-plant-powder","title":{"rendered":"B\u2019cuzz Premium Plant Powder"},"content":{"rendered":"<p><strong>B\u2019cuzz Premium Plant Powder se compose de nutriments sp\u00e9cialement d\u00e9velopp\u00e9s pour la culture en substrats de terre, coco ou hydro. En plus du calcium, ce nutriment en poudre contient du magn\u00e9sium, \u00e9l\u00e9ment cl\u00e9 de la photosynth\u00e8se. En g\u00e9n\u00e9ral, B\u2019cuzz Premium Plant Powder est tr\u00e8s utile pour dynamiser le substrat et am\u00e9liorer l\u2019\u00e9tat de la culture.<\/strong><\/p>\n<p>&nbsp;<\/p>\n<p>La poudre B\u2019cuzz Premium Plant Powder est facile \u00e0 peser, \u00e0 ajouter et \u00e0 dissoudre dans votre solution nutritive. Cet engrais forme une solution nutritive compl\u00e8te et \u00e9quilibr\u00e9e qui peut \u00eatre utilis\u00e9e pendant tout le cycle de culture. Avec la nouvelle conception d\u2019emballage durable, le risque de renversement est minime et le produit peut \u00eatre stock\u00e9 facilement. Les poudres B\u2019cuzz Premium Plant Powders sont tr\u00e8s pratiques et \u00e9conomiques en terme de transport, de stockage et d\u2019utilisation.<\/p>\n<p>&nbsp;<\/p>\n<p><strong>ADAPT\u00c9 POUR<\/strong><br \/>\nAjouter au substrat correspondant.<\/p>\n<p>&nbsp;<\/p>\n<p><strong>UTILISATION<\/strong><br \/>\nDissoudre la quantit\u00e9 requise dans votre solution nutritive.<\/p>\n<p>&nbsp;<\/p>\n<p><strong>DOSAGE<\/strong><br \/>\n0,5 \u2013 1 gramme par litre d\u2019eau.<br \/>\n0,1 gramme de B\u2019cuzz Premium Plant Powder augmente la valeur EC d\u2019un litre de solution nutritive de 0,09 mS\/cm.<\/p>\n<p>&nbsp;<\/p>\n<p><strong>DISPONIBLE EN 1 KG<\/strong><\/p>\n","protected":false},"excerpt":{"rendered":"<p>Nutriments min\u00e9raux ch\u00e9lat\u00e9s pour plantes pratiques et sous forme de poudre<\/p>\n","protected":false},"featured_media":24106,"comment_status":"closed","ping_status":"closed","template":"","meta":{"_acf_changed":false,"iawp_total_views":38},"product_brand":[],"product_cat":[183,180],"product_tag":[],"class_list":{"0":"post-21817","1":"product","2":"type-product","3":"status-publish","4":"has-post-thumbnail","6":"product_cat-bcuzz","7":"product_cat-nutriments-de-base","9":"first","10":"instock","11":"shipping-taxable","12":"product-type-simple"},"acf":{"short_description":"<p><strong>B\u2019cuzz Premium Plant Powder se compose de nutriments sp\u00e9cialement d\u00e9velopp\u00e9s pour la culture en substrats de terre, coco ou hydro. En plus du calcium, ce nutriment en poudre contient du magn\u00e9sium, \u00e9l\u00e9ment cl\u00e9 de la photosynth\u00e8se. En g\u00e9n\u00e9ral, B\u2019cuzz Premium Plant Powder est tr\u00e8s utile pour dynamiser le substrat et am\u00e9liorer l\u2019\u00e9tat de la culture.<\/strong><\/p><p>&nbsp;<\/p><p>La poudre B\u2019cuzz Premium Plant Powder est facile \u00e0 peser, \u00e0 ajouter et \u00e0 dissoudre dans votre solution nutritive. Cet engrais forme une solution nutritive compl\u00e8te et \u00e9quilibr\u00e9e qui peut \u00eatre utilis\u00e9e pendant tout le cycle de culture. Avec la nouvelle conception d\u2019emballage durable, le risque de renversement est minime et le produit peut \u00eatre stock\u00e9 facilement. Les poudres B\u2019cuzz Premium Plant Powders sont tr\u00e8s pratiques et \u00e9conomiques en terme de transport, de stockage et d\u2019utilisation.<\/p>","suitable_for":"<p>Ajouter au substrat correspondant.<\/p>","application":"<p>Dissoudre la quantit\u00e9 requise dans votre solution nutritive.<\/p>","dosage":"<p>0,5 \u2013 1 gramme par litre d\u2019eau.<br \/>0,1 gramme de B\u2019cuzz Premium Plant Powder augmente la valeur EC d\u2019un litre de solution nutritive de 0,09 mS\/cm.<\/p>","npk_ratio":"","available_in":"<p>1 KG<\/p>","icon_1":191684,"icon_1_text":"DIRECTEMENT ABSORBABLE","icon_2":191699,"icon_2_text":"PEUT \u00caTRE PES\u00c9, AJOUT\u00c9 ET DISSOLU FACILEMENT DANS VOTRE SOLUTION NUTRITIVE","icon_3":191714,"icon_3_text":"SP\u00c9CIALEMENT D\u00c9VELOPP\u00c9 POUR LES CULTURES EN SUBSTRATS DE COCO, HYDRO OU TERRE","icon_4":"","icon_4_text":"","video":"","second_image":4129,"product_image_page":"","user_manual":"","new_icon_1":"","new_icon_2":"","new_icon_3":"","new_icon_4":"","grow_guides":"","category":"Nutriment de base"},"yoast_head":"<!-- This site is optimized with the Yoast SEO Premium plugin v27.4 (Yoast SEO v27.4) - https:\/\/yoast.com\/product\/yoast-seo-premium-wordpress\/ -->\n<title>B&#039;cuzz Premium Plant Powder : Fertilisant de Qualit\u00e9 pour Vos Plantes<\/title>\n<meta name=\"description\" content=\"B\u2019cuzz Premium Plant Powder se compose de nutriments sp\u00e9cialement d\u00e9velopp\u00e9s pour la culture en substrats de terre, coco ou hydro. En plus du calcium, ce nutriment en poudre contient du magn\u00e9sium, \u00e9l\u00e9ment cl\u00e9 de la photosynth\u00e8se. En g\u00e9n\u00e9ral, B\u2019cuzz Premium Plant Powder est tr\u00e8s utile pour dynamiser le substrat et am\u00e9liorer l\u2019\u00e9tat de la culture.\" \/>\n<meta name=\"robots\" content=\"index, follow, max-snippet:-1, max-image-preview:large, max-video-preview:-1\" \/>\n<link rel=\"canonical\" href=\"https:\/\/atami.com\/fr\/produit\/bcuzz-premium-plant-powder\" \/>\n<meta property=\"og:locale\" content=\"fr_FR\" \/>\n<meta property=\"og:type\" content=\"article\" \/>\n<meta property=\"og:title\" content=\"B\u2019cuzz Premium Plant Powder\" \/>\n<meta property=\"og:description\" content=\"B\u2019cuzz Premium Plant Powder se compose de nutriments sp\u00e9cialement d\u00e9velopp\u00e9s pour la culture en substrats de terre, coco ou hydro. En plus du calcium, ce nutriment en poudre contient du magn\u00e9sium, \u00e9l\u00e9ment cl\u00e9 de la photosynth\u00e8se. En g\u00e9n\u00e9ral, B\u2019cuzz Premium Plant Powder est tr\u00e8s utile pour dynamiser le substrat et am\u00e9liorer l\u2019\u00e9tat de la culture.\" \/>\n<meta property=\"og:url\" content=\"https:\/\/atami.com\/fr\/produit\/bcuzz-premium-plant-powder\" \/>\n<meta property=\"og:site_name\" content=\"Atami\" \/>\n<meta property=\"article:publisher\" content=\"https:\/\/www.facebook.com\/Atami.International\" \/>\n<meta property=\"article:modified_time\" content=\"2025-11-07T15:17:43+00:00\" \/>\n<meta property=\"og:image\" content=\"https:\/\/atami.com\/wp-content\/uploads\/2023\/02\/Bcuzz-Premium-Plant-Powder-Main-Image.webp\" \/>\n\t<meta property=\"og:image:width\" content=\"1080\" \/>\n\t<meta property=\"og:image:height\" content=\"1080\" \/>\n\t<meta property=\"og:image:type\" content=\"image\/webp\" \/>\n<meta name=\"twitter:card\" content=\"summary_large_image\" \/>\n<meta name=\"twitter:site\" content=\"@AtamiEU\" \/>\n<meta name=\"twitter:label1\" content=\"Dur\u00e9e de lecture estim\u00e9e\" \/>\n\t<meta name=\"twitter:data1\" content=\"1 minute\" \/>\n<script type=\"application\/ld+json\" class=\"yoast-schema-graph\">{\"@context\":\"https:\\\/\\\/schema.org\",\"@graph\":[{\"@type\":\"WebPage\",\"@id\":\"https:\\\/\\\/atami.com\\\/fr\\\/produit\\\/bcuzz-premium-plant-powder\",\"url\":\"https:\\\/\\\/atami.com\\\/fr\\\/produit\\\/bcuzz-premium-plant-powder\",\"name\":\"B'cuzz Premium Plant Powder : Fertilisant de Qualit\u00e9 pour Vos Plantes\",\"isPartOf\":{\"@id\":\"https:\\\/\\\/atami.com\\\/fr#website\"},\"primaryImageOfPage\":{\"@id\":\"https:\\\/\\\/atami.com\\\/fr\\\/produit\\\/bcuzz-premium-plant-powder#primaryimage\"},\"image\":{\"@id\":\"https:\\\/\\\/atami.com\\\/fr\\\/produit\\\/bcuzz-premium-plant-powder#primaryimage\"},\"thumbnailUrl\":\"https:\\\/\\\/atami.com\\\/wp-content\\\/uploads\\\/2023\\\/02\\\/Bcuzz-Premium-Plant-Powder-Main-Image.webp\",\"datePublished\":\"2023-02-13T08:14:21+00:00\",\"dateModified\":\"2025-11-07T15:17:43+00:00\",\"description\":\"B\u2019cuzz Premium Plant Powder se compose de nutriments sp\u00e9cialement d\u00e9velopp\u00e9s pour la culture en substrats de terre, coco ou hydro. En plus du calcium, ce nutriment en poudre contient du magn\u00e9sium, \u00e9l\u00e9ment cl\u00e9 de la photosynth\u00e8se. En g\u00e9n\u00e9ral, B\u2019cuzz Premium Plant Powder est tr\u00e8s utile pour dynamiser le substrat et am\u00e9liorer l\u2019\u00e9tat de la culture.\",\"breadcrumb\":{\"@id\":\"https:\\\/\\\/atami.com\\\/fr\\\/produit\\\/bcuzz-premium-plant-powder#breadcrumb\"},\"inLanguage\":\"fr-FR\",\"potentialAction\":[{\"@type\":\"ReadAction\",\"target\":[\"https:\\\/\\\/atami.com\\\/fr\\\/produit\\\/bcuzz-premium-plant-powder\"]}]},{\"@type\":\"ImageObject\",\"inLanguage\":\"fr-FR\",\"@id\":\"https:\\\/\\\/atami.com\\\/fr\\\/produit\\\/bcuzz-premium-plant-powder#primaryimage\",\"url\":\"https:\\\/\\\/atami.com\\\/wp-content\\\/uploads\\\/2023\\\/02\\\/Bcuzz-Premium-Plant-Powder-Main-Image.webp\",\"contentUrl\":\"https:\\\/\\\/atami.com\\\/wp-content\\\/uploads\\\/2023\\\/02\\\/Bcuzz-Premium-Plant-Powder-Main-Image.webp\",\"width\":1080,\"height\":1080,\"caption\":\"La poudre v\u00e9g\u00e9tale B'cuzz Premium fournit des min\u00e9raux ch\u00e9lat\u00e9s essentiels, notamment du calcium et du magn\u00e9sium, pour stimuler la fertilit\u00e9 du substrat et am\u00e9liorer la sant\u00e9 des cultures.\"},{\"@type\":\"BreadcrumbList\",\"@id\":\"https:\\\/\\\/atami.com\\\/fr\\\/produit\\\/bcuzz-premium-plant-powder#breadcrumb\",\"itemListElement\":[{\"@type\":\"ListItem\",\"position\":1,\"name\":\"Home\",\"item\":\"https:\\\/\\\/atami.com\\\/fr\"},{\"@type\":\"ListItem\",\"position\":2,\"name\":\"Produits\",\"item\":\"https:\\\/\\\/atami.com\\\/fr\\\/shop\"},{\"@type\":\"ListItem\",\"position\":3,\"name\":\"B'cuzz\",\"item\":\"https:\\\/\\\/atami.com\\\/fr\\\/categorie-produit\\\/marques\\\/bcuzz\"},{\"@type\":\"ListItem\",\"position\":4,\"name\":\"B\u2019cuzz Premium Plant Powder\"}]},{\"@type\":\"WebSite\",\"@id\":\"https:\\\/\\\/atami.com\\\/fr#website\",\"url\":\"https:\\\/\\\/atami.com\\\/fr\",\"name\":\"Atami\",\"description\":\"NATURALLY INNOVATING!\",\"publisher\":{\"@id\":\"https:\\\/\\\/atami.com\\\/fr#organization\"},\"potentialAction\":[{\"@type\":\"SearchAction\",\"target\":{\"@type\":\"EntryPoint\",\"urlTemplate\":\"https:\\\/\\\/atami.com\\\/fr?s={search_term_string}\"},\"query-input\":{\"@type\":\"PropertyValueSpecification\",\"valueRequired\":true,\"valueName\":\"search_term_string\"}}],\"inLanguage\":\"fr-FR\"},{\"@type\":\"Organization\",\"@id\":\"https:\\\/\\\/atami.com\\\/fr#organization\",\"name\":\"Atami\",\"url\":\"https:\\\/\\\/atami.com\\\/fr\",\"logo\":{\"@type\":\"ImageObject\",\"inLanguage\":\"fr-FR\",\"@id\":\"https:\\\/\\\/atami.com\\\/fr#\\\/schema\\\/logo\\\/image\\\/\",\"url\":\"https:\\\/\\\/atami.com\\\/wp-content\\\/uploads\\\/2026\\\/01\\\/Atami-logo-696x696px.webp\",\"contentUrl\":\"https:\\\/\\\/atami.com\\\/wp-content\\\/uploads\\\/2026\\\/01\\\/Atami-logo-696x696px.webp\",\"width\":696,\"height\":696,\"caption\":\"Atami\"},\"image\":{\"@id\":\"https:\\\/\\\/atami.com\\\/fr#\\\/schema\\\/logo\\\/image\\\/\"},\"sameAs\":[\"https:\\\/\\\/www.facebook.com\\\/Atami.International\",\"https:\\\/\\\/x.com\\\/AtamiEU\",\"https:\\\/\\\/www.youtube.com\\\/c\\\/AtamiInternational\",\"https:\\\/\\\/www.instagram.com\\\/atami.international\\\/\"],\"description\":\"ATAMI is a premium plant nutrition & substrate brand founded in 1997 with the mission to make exceptional cultivation achievable for everyone. From legacy to license, we offer a wide variety of innovating award-winning products to let cultivators achieve maximum results in taste & yield.\",\"email\":\"info@mginnovations.es\",\"legalName\":\"Atami\",\"numberOfEmployees\":{\"@type\":\"QuantitativeValue\",\"minValue\":\"11\",\"maxValue\":\"50\"}}]}<\/script>\n<!-- \/ Yoast SEO Premium plugin. -->","yoast_head_json":{"title":"B'cuzz Premium Plant Powder : Fertilisant de Qualit\u00e9 pour Vos Plantes","description":"B\u2019cuzz Premium Plant Powder se compose de nutriments sp\u00e9cialement d\u00e9velopp\u00e9s pour la culture en substrats de terre, coco ou hydro. En plus du calcium, ce nutriment en poudre contient du magn\u00e9sium, \u00e9l\u00e9ment cl\u00e9 de la photosynth\u00e8se. En g\u00e9n\u00e9ral, B\u2019cuzz Premium Plant Powder est tr\u00e8s utile pour dynamiser le substrat et am\u00e9liorer l\u2019\u00e9tat de la culture.","robots":{"index":"index","follow":"follow","max-snippet":"max-snippet:-1","max-image-preview":"max-image-preview:large","max-video-preview":"max-video-preview:-1"},"canonical":"https:\/\/atami.com\/fr\/produit\/bcuzz-premium-plant-powder","og_locale":"fr_FR","og_type":"article","og_title":"B\u2019cuzz Premium Plant Powder","og_description":"B\u2019cuzz Premium Plant Powder se compose de nutriments sp\u00e9cialement d\u00e9velopp\u00e9s pour la culture en substrats de terre, coco ou hydro. En plus du calcium, ce nutriment en poudre contient du magn\u00e9sium, \u00e9l\u00e9ment cl\u00e9 de la photosynth\u00e8se. En g\u00e9n\u00e9ral, B\u2019cuzz Premium Plant Powder est tr\u00e8s utile pour dynamiser le substrat et am\u00e9liorer l\u2019\u00e9tat de la culture.","og_url":"https:\/\/atami.com\/fr\/produit\/bcuzz-premium-plant-powder","og_site_name":"Atami","article_publisher":"https:\/\/www.facebook.com\/Atami.International","article_modified_time":"2025-11-07T15:17:43+00:00","og_image":[{"width":1080,"height":1080,"url":"https:\/\/atami.com\/wp-content\/uploads\/2023\/02\/Bcuzz-Premium-Plant-Powder-Main-Image.webp","type":"image\/webp"}],"twitter_card":"summary_large_image","twitter_site":"@AtamiEU","twitter_misc":{"Dur\u00e9e de lecture estim\u00e9e":"1 minute"},"schema":{"@context":"https:\/\/schema.org","@graph":[{"@type":"WebPage","@id":"https:\/\/atami.com\/fr\/produit\/bcuzz-premium-plant-powder","url":"https:\/\/atami.com\/fr\/produit\/bcuzz-premium-plant-powder","name":"B'cuzz Premium Plant Powder : Fertilisant de Qualit\u00e9 pour Vos Plantes","isPartOf":{"@id":"https:\/\/atami.com\/fr#website"},"primaryImageOfPage":{"@id":"https:\/\/atami.com\/fr\/produit\/bcuzz-premium-plant-powder#primaryimage"},"image":{"@id":"https:\/\/atami.com\/fr\/produit\/bcuzz-premium-plant-powder#primaryimage"},"thumbnailUrl":"https:\/\/atami.com\/wp-content\/uploads\/2023\/02\/Bcuzz-Premium-Plant-Powder-Main-Image.webp","datePublished":"2023-02-13T08:14:21+00:00","dateModified":"2025-11-07T15:17:43+00:00","description":"B\u2019cuzz Premium Plant Powder se compose de nutriments sp\u00e9cialement d\u00e9velopp\u00e9s pour la culture en substrats de terre, coco ou hydro. En plus du calcium, ce nutriment en poudre contient du magn\u00e9sium, \u00e9l\u00e9ment cl\u00e9 de la photosynth\u00e8se. En g\u00e9n\u00e9ral, B\u2019cuzz Premium Plant Powder est tr\u00e8s utile pour dynamiser le substrat et am\u00e9liorer l\u2019\u00e9tat de la culture.","breadcrumb":{"@id":"https:\/\/atami.com\/fr\/produit\/bcuzz-premium-plant-powder#breadcrumb"},"inLanguage":"fr-FR","potentialAction":[{"@type":"ReadAction","target":["https:\/\/atami.com\/fr\/produit\/bcuzz-premium-plant-powder"]}]},{"@type":"ImageObject","inLanguage":"fr-FR","@id":"https:\/\/atami.com\/fr\/produit\/bcuzz-premium-plant-powder#primaryimage","url":"https:\/\/atami.com\/wp-content\/uploads\/2023\/02\/Bcuzz-Premium-Plant-Powder-Main-Image.webp","contentUrl":"https:\/\/atami.com\/wp-content\/uploads\/2023\/02\/Bcuzz-Premium-Plant-Powder-Main-Image.webp","width":1080,"height":1080,"caption":"La poudre v\u00e9g\u00e9tale B'cuzz Premium fournit des min\u00e9raux ch\u00e9lat\u00e9s essentiels, notamment du calcium et du magn\u00e9sium, pour stimuler la fertilit\u00e9 du substrat et am\u00e9liorer la sant\u00e9 des cultures."},{"@type":"BreadcrumbList","@id":"https:\/\/atami.com\/fr\/produit\/bcuzz-premium-plant-powder#breadcrumb","itemListElement":[{"@type":"ListItem","position":1,"name":"Home","item":"https:\/\/atami.com\/fr"},{"@type":"ListItem","position":2,"name":"Produits","item":"https:\/\/atami.com\/fr\/shop"},{"@type":"ListItem","position":3,"name":"B'cuzz","item":"https:\/\/atami.com\/fr\/categorie-produit\/marques\/bcuzz"},{"@type":"ListItem","position":4,"name":"B\u2019cuzz Premium Plant Powder"}]},{"@type":"WebSite","@id":"https:\/\/atami.com\/fr#website","url":"https:\/\/atami.com\/fr","name":"Atami","description":"NATURALLY INNOVATING!","publisher":{"@id":"https:\/\/atami.com\/fr#organization"},"potentialAction":[{"@type":"SearchAction","target":{"@type":"EntryPoint","urlTemplate":"https:\/\/atami.com\/fr?s={search_term_string}"},"query-input":{"@type":"PropertyValueSpecification","valueRequired":true,"valueName":"search_term_string"}}],"inLanguage":"fr-FR"},{"@type":"Organization","@id":"https:\/\/atami.com\/fr#organization","name":"Atami","url":"https:\/\/atami.com\/fr","logo":{"@type":"ImageObject","inLanguage":"fr-FR","@id":"https:\/\/atami.com\/fr#\/schema\/logo\/image\/","url":"https:\/\/atami.com\/wp-content\/uploads\/2026\/01\/Atami-logo-696x696px.webp","contentUrl":"https:\/\/atami.com\/wp-content\/uploads\/2026\/01\/Atami-logo-696x696px.webp","width":696,"height":696,"caption":"Atami"},"image":{"@id":"https:\/\/atami.com\/fr#\/schema\/logo\/image\/"},"sameAs":["https:\/\/www.facebook.com\/Atami.International","https:\/\/x.com\/AtamiEU","https:\/\/www.youtube.com\/c\/AtamiInternational","https:\/\/www.instagram.com\/atami.international\/"],"description":"ATAMI is a premium plant nutrition & substrate brand founded in 1997 with the mission to make exceptional cultivation achievable for everyone. From legacy to license, we offer a wide variety of innovating award-winning products to let cultivators achieve maximum results in taste & yield.","email":"info@mginnovations.es","legalName":"Atami","numberOfEmployees":{"@type":"QuantitativeValue","minValue":"11","maxValue":"50"}}]}},"_links":{"self":[{"href":"https:\/\/atami.com\/fr\/wp-json\/wp\/v2\/product\/21817","targetHints":{"allow":["GET"]}}],"collection":[{"href":"https:\/\/atami.com\/fr\/wp-json\/wp\/v2\/product"}],"about":[{"href":"https:\/\/atami.com\/fr\/wp-json\/wp\/v2\/types\/product"}],"replies":[{"embeddable":true,"href":"https:\/\/atami.com\/fr\/wp-json\/wp\/v2\/comments?post=21817"}],"wp:featuredmedia":[{"embeddable":true,"href":"https:\/\/atami.com\/fr\/wp-json\/wp\/v2\/media\/24106"}],"wp:attachment":[{"href":"https:\/\/atami.com\/fr\/wp-json\/wp\/v2\/media?parent=21817"}],"wp:term":[{"taxonomy":"product_brand","embeddable":true,"href":"https:\/\/atami.com\/fr\/wp-json\/wp\/v2\/product_brand?post=21817"},{"taxonomy":"product_cat","embeddable":true,"href":"https:\/\/atami.com\/fr\/wp-json\/wp\/v2\/product_cat?post=21817"},{"taxonomy":"product_tag","embeddable":true,"href":"https:\/\/atami.com\/fr\/wp-json\/wp\/v2\/product_tag?post=21817"}],"curies":[{"name":"wp","href":"https:\/\/api.w.org\/{rel}","templated":true}]}}