{"id":21815,"date":"2023-02-13T08:05:11","date_gmt":"2023-02-13T08:05:11","guid":{"rendered":"https:\/\/atami.com\/product\/bcuzz-1-component\/"},"modified":"2025-11-07T17:17:21","modified_gmt":"2025-11-07T15:17:21","slug":"bcuzz-1-component","status":"publish","type":"product","link":"https:\/\/atami.com\/fr\/produit\/bcuzz-1-component","title":{"rendered":"B\u2019cuzz 1-component"},"content":{"rendered":"<p><strong>La nutrition de base universelle B\u2019cuzz 1-Component contient du ch\u00e9late de fer rouge qui permet \u00e0 la plante d\u2019absorber au maximum les nutriments. Elle ne contient aucune substance non assimilable. La proportion de NPK donnera un engrais facile \u00e0 combiner avec des boosters et des stimulateurs. Vous pouvez utiliser la nutrition B\u2019cuzz 1-Component tout au long du cycle de culture.<\/strong><\/p>\n<p>&nbsp;<\/p>\n<p>B\u2019cuzz 1-Component ne contient pas de calcium car le sol calcaire en contient naturellement. De plus, de nombreux types de sols et de fibres retiennent assez bien les nutriments (cela varie selon le type de sol). Certaines terres sablonneuses contiennent une quantit\u00e9 relativement importante de calcium (chaux), mais ils sont fr\u00e9quemment rinc\u00e9s par d\u2019autres \u00e9l\u00e9ments. B\u2019cuzz 1-Component est un produit nutritif id\u00e9al, facile et \u00e9conomique \u00e0 utiliser.<\/p>\n<p>&nbsp;<\/p>\n<p><strong>PARTICULI\u00c8REMENT ADAPT\u00c9 POUR<\/strong><br \/>\nB\u2019cuzz 1-Component est un nutriment universel adapt\u00e9 pour diff\u00e9rents types de l\u00e9gumes, fruits et herbes comme le chou-fleur, les raisins et le romarin. Il peut \u00e9galement \u00eatre utilis\u00e9 pour les plantes d\u2019int\u00e9rieur et d\u2019ext\u00e9rieur (par ex. : le g\u00e9ranium et les orchid\u00e9es). Le dosage requis peut \u00eatre mesur\u00e9 pour r\u00e9pondre aux besoins de n\u2019importe quelle plante individuelle ou culture.<\/p>\n<p>&nbsp;<\/p>\n<p><strong>UTILISATION<\/strong><br \/>\nSp\u00e9cialement d\u00e9velopp\u00e9 pour les sols calcaires. Les eaux du robinet ou souterraines contiennent souvent des quantit\u00e9s plus \u00e9lev\u00e9es de calcium et de magn\u00e9sium, B\u2019cuzz 1-Component peut, dans ce cas, \u00eatre une bonne option. Les micronutriments sont un peu plus pr\u00e9sents dans B\u2019cuzz 1-Component, cela permet de soutenir les plantes dans des terres l\u00e9g\u00e8rement plus pauvres (sablonneuses). Utilisez la moiti\u00e9 de la dose en d\u00e9but de cycle. Une fois par semaine, arrosez votre plante uniquement avec de l\u2019eau, sans utiliser B\u2019cuzz 1-Component.<\/p>\n<p>&nbsp;<\/p>\n<p><strong>DOSAGE<\/strong><br \/>\nFrance : 0,85 ml par litre d\u2019eau.<br \/>\nBelgique : 2,5 \u2013 5 ml par litre d\u2019eau.<\/p>\n<p>&nbsp;<\/p>\n<p><strong>NPK 2-3-5 W\/W<\/strong><\/p>\n<p>&nbsp;<\/p>\n<p><strong>DISPONIBLE EN 1 L, 5 <\/strong><strong>L, 10 L<\/strong><\/p>\n","protected":false},"excerpt":{"rendered":"<p>Pour des plantes fortes et saines<\/p>\n","protected":false},"featured_media":202163,"comment_status":"closed","ping_status":"closed","template":"","meta":{"_acf_changed":false,"iawp_total_views":179},"product_brand":[],"product_cat":[183,180],"product_tag":[],"class_list":{"0":"post-21815","1":"product","2":"type-product","3":"status-publish","4":"has-post-thumbnail","6":"product_cat-bcuzz","7":"product_cat-nutriments-de-base","9":"first","10":"instock","11":"shipping-taxable","12":"product-type-simple"},"acf":{"short_description":"<p><strong>La nutrition de base universelle B\u2019cuzz 1-Component contient du ch\u00e9late de fer rouge qui permet \u00e0 la plante d\u2019absorber au maximum les nutriments. Elle ne contient aucune substance non assimilable. La proportion de NPK donnera un engrais facile \u00e0 combiner avec des boosters et des stimulateurs. Vous pouvez utiliser la nutrition B\u2019cuzz 1-Component tout au long du cycle de culture.<\/strong><\/p><p>&nbsp;<\/p><p>B\u2019cuzz 1-Component ne contient pas de calcium car le sol calcaire en contient naturellement. De plus, de nombreux types de sols et de fibres retiennent assez bien les nutriments (cela varie selon le type de sol). Certaines terres sablonneuses contiennent une quantit\u00e9 relativement importante de calcium (chaux), mais ils sont fr\u00e9quemment rinc\u00e9s par d\u2019autres \u00e9l\u00e9ments. B\u2019cuzz 1-Component est un produit nutritif id\u00e9al, facile et \u00e9conomique \u00e0 utiliser.<\/p>","suitable_for":"<p>B\u2019cuzz 1-Component est un nutriment universel adapt\u00e9 pour diff\u00e9rents types de l\u00e9gumes, fruits et herbes comme le chou-fleur, les raisins et le romarin. Il peut \u00e9galement \u00eatre utilis\u00e9 pour les plantes d\u2019int\u00e9rieur et d\u2019ext\u00e9rieur (par ex. : le g\u00e9ranium et les orchid\u00e9es). Le dosage requis peut \u00eatre mesur\u00e9 pour r\u00e9pondre aux besoins de n\u2019importe quelle plante individuelle ou culture.<\/p>","application":"<p>Sp\u00e9cialement d\u00e9velopp\u00e9 pour les sols calcaires. Les eaux du robinet ou souterraines contiennent souvent des quantit\u00e9s plus \u00e9lev\u00e9es de calcium et de magn\u00e9sium, B\u2019cuzz 1-Component peut, dans ce cas, \u00eatre une bonne option. Les micronutriments sont un peu plus pr\u00e9sents dans B\u2019cuzz 1-Component, cela permet de soutenir les plantes dans des terres l\u00e9g\u00e8rement plus pauvres (sablonneuses). Utilisez la moiti\u00e9 de la dose en d\u00e9but de cycle. Une fois par semaine, arrosez votre plante uniquement avec de l\u2019eau, sans utiliser B\u2019cuzz 1-Component.<\/p>","dosage":"<p>France : 0,85 ml par litre d\u2019eau.<br \/>Belgique : 2,5 \u2013 5 ml par litre d\u2019eau.<\/p>","npk_ratio":"<p>NPK 2-3-5 W\/W<\/p>","available_in":"<p>1 L, 5 L, 10 L<\/p>","icon_1":191638,"icon_1_text":"D\u00c9VELOPP\u00c9 POUR DIFF\u00c9RENTS TYPES DE SUBSTRATS RICHES EN CALCIUM","icon_2":191653,"icon_2_text":"UN PRODUIT POUR LE CYCLE DE CROISSANCE ET LA PHASE DE FLORAISON","icon_3":191669,"icon_3_text":"UNE PROPORTION DE NPK \u00c9QUILIBR\u00c9E","icon_4":"","icon_4_text":"","video":"","second_image":1016,"product_image_page":24091,"user_manual":"","new_icon_1":"","new_icon_2":"","new_icon_3":"","new_icon_4":"","grow_guides":"","category":"Nutriment de base"},"yoast_head":"<!-- This site is optimized with the Yoast SEO Premium plugin v27.5 (Yoast SEO v27.5) - https:\/\/yoast.com\/product\/yoast-seo-premium-wordpress\/ -->\n<title>B&#039;cuzz 1-Component : Fertilisant Simple et Efficace pour Vos Plantes<\/title>\n<meta name=\"description\" content=\"D\u00e9couvrez B&#039;cuzz 1-Component, un engrais de haute qualit\u00e9 con\u00e7u pour am\u00e9liorer la croissance et la floraison de vos plantes. Id\u00e9al pour une nutrition simple et compl\u00e8te. Achetez maintenant !\" \/>\n<meta name=\"robots\" content=\"index, follow, max-snippet:-1, max-image-preview:large, max-video-preview:-1\" \/>\n<link rel=\"canonical\" href=\"https:\/\/atami.com\/fr\/produit\/bcuzz-1-component\" \/>\n<meta property=\"og:locale\" content=\"fr_FR\" \/>\n<meta property=\"og:type\" content=\"article\" \/>\n<meta property=\"og:title\" content=\"B\u2019cuzz 1-component\" \/>\n<meta property=\"og:description\" content=\"D\u00e9couvrez B&#039;cuzz 1-Component, un engrais de haute qualit\u00e9 con\u00e7u pour am\u00e9liorer la croissance et la floraison de vos plantes. Id\u00e9al pour une nutrition simple et compl\u00e8te. Achetez maintenant !\" \/>\n<meta property=\"og:url\" content=\"https:\/\/atami.com\/fr\/produit\/bcuzz-1-component\" \/>\n<meta property=\"og:site_name\" content=\"Atami\" \/>\n<meta property=\"article:publisher\" content=\"https:\/\/www.facebook.com\/Atami.International\" \/>\n<meta property=\"article:modified_time\" content=\"2025-11-07T15:17:21+00:00\" \/>\n<meta property=\"og:image\" content=\"https:\/\/atami.com\/wp-content\/uploads\/2023\/02\/Bcuzz-1-Component-product-image.webp\" \/>\n\t<meta property=\"og:image:width\" content=\"1080\" \/>\n\t<meta property=\"og:image:height\" content=\"1080\" \/>\n\t<meta property=\"og:image:type\" content=\"image\/webp\" \/>\n<meta name=\"twitter:card\" content=\"summary_large_image\" \/>\n<meta name=\"twitter:site\" content=\"@AtamiEU\" \/>\n<meta name=\"twitter:label1\" content=\"Dur\u00e9e de lecture estim\u00e9e\" \/>\n\t<meta name=\"twitter:data1\" content=\"2 minutes\" \/>\n<script type=\"application\/ld+json\" class=\"yoast-schema-graph\">{\"@context\":\"https:\\\/\\\/schema.org\",\"@graph\":[{\"@type\":\"WebPage\",\"@id\":\"https:\\\/\\\/atami.com\\\/fr\\\/produit\\\/bcuzz-1-component\",\"url\":\"https:\\\/\\\/atami.com\\\/fr\\\/produit\\\/bcuzz-1-component\",\"name\":\"B'cuzz 1-Component : Fertilisant Simple et Efficace pour Vos Plantes\",\"isPartOf\":{\"@id\":\"https:\\\/\\\/atami.com\\\/fr#website\"},\"primaryImageOfPage\":{\"@id\":\"https:\\\/\\\/atami.com\\\/fr\\\/produit\\\/bcuzz-1-component#primaryimage\"},\"image\":{\"@id\":\"https:\\\/\\\/atami.com\\\/fr\\\/produit\\\/bcuzz-1-component#primaryimage\"},\"thumbnailUrl\":\"https:\\\/\\\/atami.com\\\/wp-content\\\/uploads\\\/2023\\\/02\\\/Bcuzz-1-Component-product-image.webp\",\"datePublished\":\"2023-02-13T08:05:11+00:00\",\"dateModified\":\"2025-11-07T15:17:21+00:00\",\"description\":\"D\u00e9couvrez B'cuzz 1-Component, un engrais de haute qualit\u00e9 con\u00e7u pour am\u00e9liorer la croissance et la floraison de vos plantes. Id\u00e9al pour une nutrition simple et compl\u00e8te. Achetez maintenant !\",\"breadcrumb\":{\"@id\":\"https:\\\/\\\/atami.com\\\/fr\\\/produit\\\/bcuzz-1-component#breadcrumb\"},\"inLanguage\":\"fr-FR\",\"potentialAction\":[{\"@type\":\"ReadAction\",\"target\":[\"https:\\\/\\\/atami.com\\\/fr\\\/produit\\\/bcuzz-1-component\"]}]},{\"@type\":\"ImageObject\",\"inLanguage\":\"fr-FR\",\"@id\":\"https:\\\/\\\/atami.com\\\/fr\\\/produit\\\/bcuzz-1-component#primaryimage\",\"url\":\"https:\\\/\\\/atami.com\\\/wp-content\\\/uploads\\\/2023\\\/02\\\/Bcuzz-1-Component-product-image.webp\",\"contentUrl\":\"https:\\\/\\\/atami.com\\\/wp-content\\\/uploads\\\/2023\\\/02\\\/Bcuzz-1-Component-product-image.webp\",\"width\":1080,\"height\":1080,\"caption\":\"B'cuzz 1-Component fournit des min\u00e9raux essentiels tout au long du cycle de croissance, assurant un \u00e9quilibre stable et biologique dans diff\u00e9rents types de sols.\"},{\"@type\":\"BreadcrumbList\",\"@id\":\"https:\\\/\\\/atami.com\\\/fr\\\/produit\\\/bcuzz-1-component#breadcrumb\",\"itemListElement\":[{\"@type\":\"ListItem\",\"position\":1,\"name\":\"Home\",\"item\":\"https:\\\/\\\/atami.com\\\/fr\"},{\"@type\":\"ListItem\",\"position\":2,\"name\":\"Produits\",\"item\":\"https:\\\/\\\/atami.com\\\/fr\\\/shop\"},{\"@type\":\"ListItem\",\"position\":3,\"name\":\"B'cuzz\",\"item\":\"https:\\\/\\\/atami.com\\\/fr\\\/categorie-produit\\\/marques\\\/bcuzz\"},{\"@type\":\"ListItem\",\"position\":4,\"name\":\"B\u2019cuzz 1-component\"}]},{\"@type\":\"WebSite\",\"@id\":\"https:\\\/\\\/atami.com\\\/fr#website\",\"url\":\"https:\\\/\\\/atami.com\\\/fr\",\"name\":\"Atami\",\"description\":\"NATURALLY INNOVATING!\",\"publisher\":{\"@id\":\"https:\\\/\\\/atami.com\\\/fr#organization\"},\"potentialAction\":[{\"@type\":\"SearchAction\",\"target\":{\"@type\":\"EntryPoint\",\"urlTemplate\":\"https:\\\/\\\/atami.com\\\/fr?s={search_term_string}\"},\"query-input\":{\"@type\":\"PropertyValueSpecification\",\"valueRequired\":true,\"valueName\":\"search_term_string\"}}],\"inLanguage\":\"fr-FR\"},{\"@type\":\"Organization\",\"@id\":\"https:\\\/\\\/atami.com\\\/fr#organization\",\"name\":\"Atami\",\"url\":\"https:\\\/\\\/atami.com\\\/fr\",\"logo\":{\"@type\":\"ImageObject\",\"inLanguage\":\"fr-FR\",\"@id\":\"https:\\\/\\\/atami.com\\\/fr#\\\/schema\\\/logo\\\/image\\\/\",\"url\":\"https:\\\/\\\/atami.com\\\/wp-content\\\/uploads\\\/2026\\\/01\\\/Atami-logo-696x696px.webp\",\"contentUrl\":\"https:\\\/\\\/atami.com\\\/wp-content\\\/uploads\\\/2026\\\/01\\\/Atami-logo-696x696px.webp\",\"width\":696,\"height\":696,\"caption\":\"Atami\"},\"image\":{\"@id\":\"https:\\\/\\\/atami.com\\\/fr#\\\/schema\\\/logo\\\/image\\\/\"},\"sameAs\":[\"https:\\\/\\\/www.facebook.com\\\/Atami.International\",\"https:\\\/\\\/x.com\\\/AtamiEU\",\"https:\\\/\\\/www.youtube.com\\\/c\\\/AtamiInternational\",\"https:\\\/\\\/www.instagram.com\\\/atami.international\\\/\"],\"description\":\"ATAMI is a premium plant nutrition & substrate brand founded in 1997 with the mission to make exceptional cultivation achievable for everyone. From legacy to license, we offer a wide variety of innovating award-winning products to let cultivators achieve maximum results in taste & yield.\",\"email\":\"info@mginnovations.es\",\"legalName\":\"Atami\",\"numberOfEmployees\":{\"@type\":\"QuantitativeValue\",\"minValue\":\"11\",\"maxValue\":\"50\"}}]}<\/script>\n<!-- \/ Yoast SEO Premium plugin. -->","yoast_head_json":{"title":"B'cuzz 1-Component : Fertilisant Simple et Efficace pour Vos Plantes","description":"D\u00e9couvrez B'cuzz 1-Component, un engrais de haute qualit\u00e9 con\u00e7u pour am\u00e9liorer la croissance et la floraison de vos plantes. Id\u00e9al pour une nutrition simple et compl\u00e8te. Achetez maintenant !","robots":{"index":"index","follow":"follow","max-snippet":"max-snippet:-1","max-image-preview":"max-image-preview:large","max-video-preview":"max-video-preview:-1"},"canonical":"https:\/\/atami.com\/fr\/produit\/bcuzz-1-component","og_locale":"fr_FR","og_type":"article","og_title":"B\u2019cuzz 1-component","og_description":"D\u00e9couvrez B'cuzz 1-Component, un engrais de haute qualit\u00e9 con\u00e7u pour am\u00e9liorer la croissance et la floraison de vos plantes. Id\u00e9al pour une nutrition simple et compl\u00e8te. Achetez maintenant !","og_url":"https:\/\/atami.com\/fr\/produit\/bcuzz-1-component","og_site_name":"Atami","article_publisher":"https:\/\/www.facebook.com\/Atami.International","article_modified_time":"2025-11-07T15:17:21+00:00","og_image":[{"width":1080,"height":1080,"url":"https:\/\/atami.com\/wp-content\/uploads\/2023\/02\/Bcuzz-1-Component-product-image.webp","type":"image\/webp"}],"twitter_card":"summary_large_image","twitter_site":"@AtamiEU","twitter_misc":{"Dur\u00e9e de lecture estim\u00e9e":"2 minutes"},"schema":{"@context":"https:\/\/schema.org","@graph":[{"@type":"WebPage","@id":"https:\/\/atami.com\/fr\/produit\/bcuzz-1-component","url":"https:\/\/atami.com\/fr\/produit\/bcuzz-1-component","name":"B'cuzz 1-Component : Fertilisant Simple et Efficace pour Vos Plantes","isPartOf":{"@id":"https:\/\/atami.com\/fr#website"},"primaryImageOfPage":{"@id":"https:\/\/atami.com\/fr\/produit\/bcuzz-1-component#primaryimage"},"image":{"@id":"https:\/\/atami.com\/fr\/produit\/bcuzz-1-component#primaryimage"},"thumbnailUrl":"https:\/\/atami.com\/wp-content\/uploads\/2023\/02\/Bcuzz-1-Component-product-image.webp","datePublished":"2023-02-13T08:05:11+00:00","dateModified":"2025-11-07T15:17:21+00:00","description":"D\u00e9couvrez B'cuzz 1-Component, un engrais de haute qualit\u00e9 con\u00e7u pour am\u00e9liorer la croissance et la floraison de vos plantes. Id\u00e9al pour une nutrition simple et compl\u00e8te. Achetez maintenant !","breadcrumb":{"@id":"https:\/\/atami.com\/fr\/produit\/bcuzz-1-component#breadcrumb"},"inLanguage":"fr-FR","potentialAction":[{"@type":"ReadAction","target":["https:\/\/atami.com\/fr\/produit\/bcuzz-1-component"]}]},{"@type":"ImageObject","inLanguage":"fr-FR","@id":"https:\/\/atami.com\/fr\/produit\/bcuzz-1-component#primaryimage","url":"https:\/\/atami.com\/wp-content\/uploads\/2023\/02\/Bcuzz-1-Component-product-image.webp","contentUrl":"https:\/\/atami.com\/wp-content\/uploads\/2023\/02\/Bcuzz-1-Component-product-image.webp","width":1080,"height":1080,"caption":"B'cuzz 1-Component fournit des min\u00e9raux essentiels tout au long du cycle de croissance, assurant un \u00e9quilibre stable et biologique dans diff\u00e9rents types de sols."},{"@type":"BreadcrumbList","@id":"https:\/\/atami.com\/fr\/produit\/bcuzz-1-component#breadcrumb","itemListElement":[{"@type":"ListItem","position":1,"name":"Home","item":"https:\/\/atami.com\/fr"},{"@type":"ListItem","position":2,"name":"Produits","item":"https:\/\/atami.com\/fr\/shop"},{"@type":"ListItem","position":3,"name":"B'cuzz","item":"https:\/\/atami.com\/fr\/categorie-produit\/marques\/bcuzz"},{"@type":"ListItem","position":4,"name":"B\u2019cuzz 1-component"}]},{"@type":"WebSite","@id":"https:\/\/atami.com\/fr#website","url":"https:\/\/atami.com\/fr","name":"Atami","description":"NATURALLY INNOVATING!","publisher":{"@id":"https:\/\/atami.com\/fr#organization"},"potentialAction":[{"@type":"SearchAction","target":{"@type":"EntryPoint","urlTemplate":"https:\/\/atami.com\/fr?s={search_term_string}"},"query-input":{"@type":"PropertyValueSpecification","valueRequired":true,"valueName":"search_term_string"}}],"inLanguage":"fr-FR"},{"@type":"Organization","@id":"https:\/\/atami.com\/fr#organization","name":"Atami","url":"https:\/\/atami.com\/fr","logo":{"@type":"ImageObject","inLanguage":"fr-FR","@id":"https:\/\/atami.com\/fr#\/schema\/logo\/image\/","url":"https:\/\/atami.com\/wp-content\/uploads\/2026\/01\/Atami-logo-696x696px.webp","contentUrl":"https:\/\/atami.com\/wp-content\/uploads\/2026\/01\/Atami-logo-696x696px.webp","width":696,"height":696,"caption":"Atami"},"image":{"@id":"https:\/\/atami.com\/fr#\/schema\/logo\/image\/"},"sameAs":["https:\/\/www.facebook.com\/Atami.International","https:\/\/x.com\/AtamiEU","https:\/\/www.youtube.com\/c\/AtamiInternational","https:\/\/www.instagram.com\/atami.international\/"],"description":"ATAMI is a premium plant nutrition & substrate brand founded in 1997 with the mission to make exceptional cultivation achievable for everyone. From legacy to license, we offer a wide variety of innovating award-winning products to let cultivators achieve maximum results in taste & yield.","email":"info@mginnovations.es","legalName":"Atami","numberOfEmployees":{"@type":"QuantitativeValue","minValue":"11","maxValue":"50"}}]}},"_links":{"self":[{"href":"https:\/\/atami.com\/fr\/wp-json\/wp\/v2\/product\/21815","targetHints":{"allow":["GET"]}}],"collection":[{"href":"https:\/\/atami.com\/fr\/wp-json\/wp\/v2\/product"}],"about":[{"href":"https:\/\/atami.com\/fr\/wp-json\/wp\/v2\/types\/product"}],"replies":[{"embeddable":true,"href":"https:\/\/atami.com\/fr\/wp-json\/wp\/v2\/comments?post=21815"}],"wp:featuredmedia":[{"embeddable":true,"href":"https:\/\/atami.com\/fr\/wp-json\/wp\/v2\/media\/202163"}],"wp:attachment":[{"href":"https:\/\/atami.com\/fr\/wp-json\/wp\/v2\/media?parent=21815"}],"wp:term":[{"taxonomy":"product_brand","embeddable":true,"href":"https:\/\/atami.com\/fr\/wp-json\/wp\/v2\/product_brand?post=21815"},{"taxonomy":"product_cat","embeddable":true,"href":"https:\/\/atami.com\/fr\/wp-json\/wp\/v2\/product_cat?post=21815"},{"taxonomy":"product_tag","embeddable":true,"href":"https:\/\/atami.com\/fr\/wp-json\/wp\/v2\/product_tag?post=21815"}],"curies":[{"name":"wp","href":"https:\/\/api.w.org\/{rel}","templated":true}]}}