{"id":21800,"date":"2023-02-10T15:52:06","date_gmt":"2023-02-10T15:52:06","guid":{"rendered":"https:\/\/atami.com\/product\/bcuzz-hydro-ab\/"},"modified":"2025-11-07T17:17:01","modified_gmt":"2025-11-07T15:17:01","slug":"bcuzz-hydro-ab","status":"publish","type":"product","link":"https:\/\/atami.com\/fr\/produit\/bcuzz-hydro-ab","title":{"rendered":"B\u2019cuzz Hydro A&#038;B"},"content":{"rendered":"<p><strong>B\u2019cuzz Hydro A&amp;B sont des engrais de base universels qui fournissent \u00e0 la (jeune) plante la nutrition min\u00e9rale concentr\u00e9e et sp\u00e9cifique dont elle a besoin pour devenir une plante forte et saine.<\/strong><\/p>\n<p>&nbsp;<\/p>\n<p>En hydroponie, il faut utiliser une dose de nutriments plus importante. C\u2019est pourquoi Hydro A&amp;B contient une concentration de nutriments plus \u00e9lev\u00e9e. Les Hydro Rokz (billes d\u2019argile) retiennent \u00e0 peine les nutriments et ces derniers sont \u00e9limin\u00e9s rapidement. Du coup, les racines n\u2019ont pas beaucoup de temps pour absorber les nutriments suppl\u00e9mentaires pr\u00e9sents \u00e0 proximit\u00e9. Pour satisfaire les besoins de la plante, l\u2019arrosage doit donc \u00eatre r\u00e9alis\u00e9 plus souvent et avec une concentration de nutriments plus \u00e9lev\u00e9e. Cela permettra de faire circuler la solution nutritive, qui restera riche en nutriments pendant une p\u00e9riode plus longue.<\/p>\n<p>&nbsp;<\/p>\n<p><strong>PARTICULI\u00c8REMENT ADAPT\u00c9 POUR<\/strong><br \/>\nDiff\u00e9rents types de l\u00e9gumes, fruits et herbes comme les aubergines, la sauge et le basilic. Il peut \u00e9galement \u00eatre utilis\u00e9 pour les plantes d\u2019int\u00e9rieur et en pots (par ex. : l\u2019Anthurium, la lavande, la Gerbera). Le dosage requis peut \u00eatre mesur\u00e9 pour r\u00e9pondre aux besoins de n\u2019importe quelle plante individuelle ou culture.<\/p>\n<p>&nbsp;<\/p>\n<p><strong>UTILISATION<\/strong><br \/>\n\u00c9tant donn\u00e9 que certains \u00e9l\u00e9ments nutritifs de la solution r\u00e9agissent chimiquement entre eux \u00e0 des concentrations \u00e9lev\u00e9es, ils sont pr\u00e9sent\u00e9s dans deux bouteilles s\u00e9par\u00e9es (A et B). Les concentr\u00e9s A et B ne peuvent \u00eatre m\u00e9lang\u00e9s l\u2019un avec l\u2019autre qu\u2019en combinaison avec de l\u2019eau.<\/p>\n<p>&nbsp;<\/p>\n<p><strong>DOSAGE<\/strong><br \/>\nFrance : 3,5 ml de concentr\u00e9 A et 3,5 ml de concentr\u00e9 B par litre d\u2019eau.<br \/>\nBelgique : 1 \u2013 3 ml de concentr\u00e9 A et 1 \u2013 3 ml de concentr\u00e9 B par litre d\u2019eau.<\/p>\n<p>&nbsp;<\/p>\n<p><strong>Hydro A: NK 5-5 W\/W<\/strong><br \/>\n<strong>Hydro B: PK 4-6 W\/W<\/strong><\/p>\n<p>&nbsp;<\/p>\n<p><strong>DISPONIBLE EN 1 L, 5 L, 10 L<\/strong><\/p>\n","protected":false},"excerpt":{"rendered":"<p>Pour des plantes fortes et saines<\/p>\n","protected":false},"featured_media":201983,"comment_status":"closed","ping_status":"closed","template":"","meta":{"_acf_changed":false,"iawp_total_views":194},"product_brand":[],"product_cat":[183,180],"product_tag":[],"class_list":{"0":"post-21800","1":"product","2":"type-product","3":"status-publish","4":"has-post-thumbnail","6":"product_cat-bcuzz","7":"product_cat-nutriments-de-base","9":"first","10":"instock","11":"shipping-taxable","12":"product-type-simple"},"acf":{"short_description":"<p><strong>B\u2019cuzz Hydro A&amp;B sont des engrais de base universels qui fournissent \u00e0 la (jeune) plante la nutrition min\u00e9rale concentr\u00e9e et sp\u00e9cifique dont elle a besoin pour devenir une plante forte et saine.<\/strong><\/p><p>&nbsp;<\/p><p>En hydroponie, il faut utiliser une dose de nutriments plus importante. C\u2019est pourquoi Hydro A&amp;B contient une concentration de nutriments plus \u00e9lev\u00e9e. Les Hydro Rokz (billes d\u2019argile) retiennent \u00e0 peine les nutriments et ces derniers sont \u00e9limin\u00e9s rapidement. Du coup, les racines n\u2019ont pas beaucoup de temps pour absorber les nutriments suppl\u00e9mentaires pr\u00e9sents \u00e0 proximit\u00e9. Pour satisfaire les besoins de la plante, l\u2019arrosage doit donc \u00eatre r\u00e9alis\u00e9 plus souvent et avec une concentration de nutriments plus \u00e9lev\u00e9e. Cela permettra de faire circuler la solution nutritive, qui restera riche en nutriments pendant une p\u00e9riode plus longue.<\/p>","suitable_for":"<p>Diff\u00e9rents types de l\u00e9gumes, fruits et herbes comme les aubergines, la sauge et le basilic. Il peut \u00e9galement \u00eatre utilis\u00e9 pour les plantes d\u2019int\u00e9rieur et en pots (par ex. : l\u2019Anthurium, la lavande, la Gerbera). Le dosage requis peut \u00eatre mesur\u00e9 pour r\u00e9pondre aux besoins de n\u2019importe quelle plante individuelle ou culture.<\/p>","application":"<p>\u00c9tant donn\u00e9 que certains \u00e9l\u00e9ments nutritifs de la solution r\u00e9agissent chimiquement entre eux \u00e0 des concentrations \u00e9lev\u00e9es, ils sont pr\u00e9sent\u00e9s dans deux bouteilles s\u00e9par\u00e9es (A et B). Les concentr\u00e9s A et B ne peuvent \u00eatre m\u00e9lang\u00e9s l\u2019un avec l\u2019autre qu\u2019en combinaison avec de l\u2019eau.<\/p>","dosage":"<p>France : 3,5 ml de concentr\u00e9 A et 3,5 ml de concentr\u00e9 B par litre d\u2019eau.<br \/>Belgique : 1 \u2013 3 ml de concentr\u00e9 A et 1 \u2013 3 ml de concentr\u00e9 B par litre d\u2019eau.<\/p>","npk_ratio":"<p>Hydro A: NK 5-5 W\/W<br \/>Hydro B: PK 4-6 W\/W<\/p>","available_in":"<p>1 L, 5 L, 10 L<\/p>","icon_1":191548,"icon_1_text":"UNE PLANTE SOLIDE ET SAINE","icon_2":191563,"icon_2_text":"UTILISABLE TOUT AU LONG DU CYCLE DE CROISSANCE","icon_3":191578,"icon_3_text":"POUR LES SYST\u00c8MES HYDROPONIQUES","icon_4":"","icon_4_text":"","video":"","second_image":789,"product_image_page":24031,"user_manual":"","new_icon_1":"","new_icon_2":"","new_icon_3":"","new_icon_4":"","grow_guides":"","category":"Nutriment de base"},"yoast_head":"<!-- This site is optimized with the Yoast SEO Premium plugin v27.5 (Yoast SEO v27.5) - https:\/\/yoast.com\/product\/yoast-seo-premium-wordpress\/ -->\n<title>B&#039;cuzz Hydro A&amp;B : Fertilisant Performant pour Culture Hydroponique<\/title>\n<meta name=\"description\" content=\"D\u00e9couvrez B&#039;cuzz Hydro A&amp;B, le fertilisant id\u00e9al pour vos cultures hydroponiques. Offrez \u00e0 vos plantes les nutriments dont elles ont besoin pour un d\u00e9veloppement rapide et sain avec ce produit haut de gamme.\" \/>\n<meta name=\"robots\" content=\"index, follow, max-snippet:-1, max-image-preview:large, max-video-preview:-1\" \/>\n<link rel=\"canonical\" href=\"https:\/\/atami.com\/fr\/produit\/bcuzz-hydro-ab\" \/>\n<meta property=\"og:locale\" content=\"fr_FR\" \/>\n<meta property=\"og:type\" content=\"article\" \/>\n<meta property=\"og:title\" content=\"B\u2019cuzz Hydro A&amp;B\" \/>\n<meta property=\"og:description\" content=\"D\u00e9couvrez B&#039;cuzz Hydro A&amp;B, le fertilisant id\u00e9al pour vos cultures hydroponiques. Offrez \u00e0 vos plantes les nutriments dont elles ont besoin pour un d\u00e9veloppement rapide et sain avec ce produit haut de gamme.\" \/>\n<meta property=\"og:url\" content=\"https:\/\/atami.com\/fr\/produit\/bcuzz-hydro-ab\" \/>\n<meta property=\"og:site_name\" content=\"Atami\" \/>\n<meta property=\"article:publisher\" content=\"https:\/\/www.facebook.com\/Atami.International\" \/>\n<meta property=\"article:modified_time\" content=\"2025-11-07T15:17:01+00:00\" \/>\n<meta property=\"og:image\" content=\"https:\/\/atami.com\/wp-content\/uploads\/2023\/02\/Bcuzz-Hydro-AB-product-image.webp\" \/>\n\t<meta property=\"og:image:width\" content=\"1080\" \/>\n\t<meta property=\"og:image:height\" content=\"1080\" \/>\n\t<meta property=\"og:image:type\" content=\"image\/webp\" \/>\n<meta name=\"twitter:card\" content=\"summary_large_image\" \/>\n<meta name=\"twitter:site\" content=\"@AtamiEU\" \/>\n<meta name=\"twitter:label1\" content=\"Dur\u00e9e de lecture estim\u00e9e\" \/>\n\t<meta name=\"twitter:data1\" content=\"2 minutes\" \/>\n<script type=\"application\/ld+json\" class=\"yoast-schema-graph\">{\"@context\":\"https:\\\/\\\/schema.org\",\"@graph\":[{\"@type\":\"WebPage\",\"@id\":\"https:\\\/\\\/atami.com\\\/fr\\\/produit\\\/bcuzz-hydro-ab\",\"url\":\"https:\\\/\\\/atami.com\\\/fr\\\/produit\\\/bcuzz-hydro-ab\",\"name\":\"B'cuzz Hydro A&B : Fertilisant Performant pour Culture Hydroponique\",\"isPartOf\":{\"@id\":\"https:\\\/\\\/atami.com\\\/fr#website\"},\"primaryImageOfPage\":{\"@id\":\"https:\\\/\\\/atami.com\\\/fr\\\/produit\\\/bcuzz-hydro-ab#primaryimage\"},\"image\":{\"@id\":\"https:\\\/\\\/atami.com\\\/fr\\\/produit\\\/bcuzz-hydro-ab#primaryimage\"},\"thumbnailUrl\":\"https:\\\/\\\/atami.com\\\/wp-content\\\/uploads\\\/2023\\\/02\\\/Bcuzz-Hydro-AB-product-image.webp\",\"datePublished\":\"2023-02-10T15:52:06+00:00\",\"dateModified\":\"2025-11-07T15:17:01+00:00\",\"description\":\"D\u00e9couvrez B'cuzz Hydro A&B, le fertilisant id\u00e9al pour vos cultures hydroponiques. Offrez \u00e0 vos plantes les nutriments dont elles ont besoin pour un d\u00e9veloppement rapide et sain avec ce produit haut de gamme.\",\"breadcrumb\":{\"@id\":\"https:\\\/\\\/atami.com\\\/fr\\\/produit\\\/bcuzz-hydro-ab#breadcrumb\"},\"inLanguage\":\"fr-FR\",\"potentialAction\":[{\"@type\":\"ReadAction\",\"target\":[\"https:\\\/\\\/atami.com\\\/fr\\\/produit\\\/bcuzz-hydro-ab\"]}]},{\"@type\":\"ImageObject\",\"inLanguage\":\"fr-FR\",\"@id\":\"https:\\\/\\\/atami.com\\\/fr\\\/produit\\\/bcuzz-hydro-ab#primaryimage\",\"url\":\"https:\\\/\\\/atami.com\\\/wp-content\\\/uploads\\\/2023\\\/02\\\/Bcuzz-Hydro-AB-product-image.webp\",\"contentUrl\":\"https:\\\/\\\/atami.com\\\/wp-content\\\/uploads\\\/2023\\\/02\\\/Bcuzz-Hydro-AB-product-image.webp\",\"width\":1080,\"height\":1080,\"caption\":\"B'cuzz Hydro A&B fournit des min\u00e9raux essentiels tout au long du cycle de croissance, assurant un \u00e9quilibre stable et biologique dans les substrats hydroponiques.\"},{\"@type\":\"BreadcrumbList\",\"@id\":\"https:\\\/\\\/atami.com\\\/fr\\\/produit\\\/bcuzz-hydro-ab#breadcrumb\",\"itemListElement\":[{\"@type\":\"ListItem\",\"position\":1,\"name\":\"Home\",\"item\":\"https:\\\/\\\/atami.com\\\/fr\"},{\"@type\":\"ListItem\",\"position\":2,\"name\":\"Produits\",\"item\":\"https:\\\/\\\/atami.com\\\/fr\\\/shop\"},{\"@type\":\"ListItem\",\"position\":3,\"name\":\"B'cuzz\",\"item\":\"https:\\\/\\\/atami.com\\\/fr\\\/categorie-produit\\\/marques\\\/bcuzz\"},{\"@type\":\"ListItem\",\"position\":4,\"name\":\"B\u2019cuzz Hydro A&#038;B\"}]},{\"@type\":\"WebSite\",\"@id\":\"https:\\\/\\\/atami.com\\\/fr#website\",\"url\":\"https:\\\/\\\/atami.com\\\/fr\",\"name\":\"Atami\",\"description\":\"NATURALLY INNOVATING!\",\"publisher\":{\"@id\":\"https:\\\/\\\/atami.com\\\/fr#organization\"},\"potentialAction\":[{\"@type\":\"SearchAction\",\"target\":{\"@type\":\"EntryPoint\",\"urlTemplate\":\"https:\\\/\\\/atami.com\\\/fr?s={search_term_string}\"},\"query-input\":{\"@type\":\"PropertyValueSpecification\",\"valueRequired\":true,\"valueName\":\"search_term_string\"}}],\"inLanguage\":\"fr-FR\"},{\"@type\":\"Organization\",\"@id\":\"https:\\\/\\\/atami.com\\\/fr#organization\",\"name\":\"Atami\",\"url\":\"https:\\\/\\\/atami.com\\\/fr\",\"logo\":{\"@type\":\"ImageObject\",\"inLanguage\":\"fr-FR\",\"@id\":\"https:\\\/\\\/atami.com\\\/fr#\\\/schema\\\/logo\\\/image\\\/\",\"url\":\"https:\\\/\\\/atami.com\\\/wp-content\\\/uploads\\\/2026\\\/01\\\/Atami-logo-696x696px.webp\",\"contentUrl\":\"https:\\\/\\\/atami.com\\\/wp-content\\\/uploads\\\/2026\\\/01\\\/Atami-logo-696x696px.webp\",\"width\":696,\"height\":696,\"caption\":\"Atami\"},\"image\":{\"@id\":\"https:\\\/\\\/atami.com\\\/fr#\\\/schema\\\/logo\\\/image\\\/\"},\"sameAs\":[\"https:\\\/\\\/www.facebook.com\\\/Atami.International\",\"https:\\\/\\\/x.com\\\/AtamiEU\",\"https:\\\/\\\/www.youtube.com\\\/c\\\/AtamiInternational\",\"https:\\\/\\\/www.instagram.com\\\/atami.international\\\/\"],\"description\":\"ATAMI is a premium plant nutrition & substrate brand founded in 1997 with the mission to make exceptional cultivation achievable for everyone. From legacy to license, we offer a wide variety of innovating award-winning products to let cultivators achieve maximum results in taste & yield.\",\"email\":\"info@mginnovations.es\",\"legalName\":\"Atami\",\"numberOfEmployees\":{\"@type\":\"QuantitativeValue\",\"minValue\":\"11\",\"maxValue\":\"50\"}}]}<\/script>\n<!-- \/ Yoast SEO Premium plugin. -->","yoast_head_json":{"title":"B'cuzz Hydro A&B : Fertilisant Performant pour Culture Hydroponique","description":"D\u00e9couvrez B'cuzz Hydro A&B, le fertilisant id\u00e9al pour vos cultures hydroponiques. Offrez \u00e0 vos plantes les nutriments dont elles ont besoin pour un d\u00e9veloppement rapide et sain avec ce produit haut de gamme.","robots":{"index":"index","follow":"follow","max-snippet":"max-snippet:-1","max-image-preview":"max-image-preview:large","max-video-preview":"max-video-preview:-1"},"canonical":"https:\/\/atami.com\/fr\/produit\/bcuzz-hydro-ab","og_locale":"fr_FR","og_type":"article","og_title":"B\u2019cuzz Hydro A&B","og_description":"D\u00e9couvrez B'cuzz Hydro A&B, le fertilisant id\u00e9al pour vos cultures hydroponiques. Offrez \u00e0 vos plantes les nutriments dont elles ont besoin pour un d\u00e9veloppement rapide et sain avec ce produit haut de gamme.","og_url":"https:\/\/atami.com\/fr\/produit\/bcuzz-hydro-ab","og_site_name":"Atami","article_publisher":"https:\/\/www.facebook.com\/Atami.International","article_modified_time":"2025-11-07T15:17:01+00:00","og_image":[{"width":1080,"height":1080,"url":"https:\/\/atami.com\/wp-content\/uploads\/2023\/02\/Bcuzz-Hydro-AB-product-image.webp","type":"image\/webp"}],"twitter_card":"summary_large_image","twitter_site":"@AtamiEU","twitter_misc":{"Dur\u00e9e de lecture estim\u00e9e":"2 minutes"},"schema":{"@context":"https:\/\/schema.org","@graph":[{"@type":"WebPage","@id":"https:\/\/atami.com\/fr\/produit\/bcuzz-hydro-ab","url":"https:\/\/atami.com\/fr\/produit\/bcuzz-hydro-ab","name":"B'cuzz Hydro A&B : Fertilisant Performant pour Culture Hydroponique","isPartOf":{"@id":"https:\/\/atami.com\/fr#website"},"primaryImageOfPage":{"@id":"https:\/\/atami.com\/fr\/produit\/bcuzz-hydro-ab#primaryimage"},"image":{"@id":"https:\/\/atami.com\/fr\/produit\/bcuzz-hydro-ab#primaryimage"},"thumbnailUrl":"https:\/\/atami.com\/wp-content\/uploads\/2023\/02\/Bcuzz-Hydro-AB-product-image.webp","datePublished":"2023-02-10T15:52:06+00:00","dateModified":"2025-11-07T15:17:01+00:00","description":"D\u00e9couvrez B'cuzz Hydro A&B, le fertilisant id\u00e9al pour vos cultures hydroponiques. Offrez \u00e0 vos plantes les nutriments dont elles ont besoin pour un d\u00e9veloppement rapide et sain avec ce produit haut de gamme.","breadcrumb":{"@id":"https:\/\/atami.com\/fr\/produit\/bcuzz-hydro-ab#breadcrumb"},"inLanguage":"fr-FR","potentialAction":[{"@type":"ReadAction","target":["https:\/\/atami.com\/fr\/produit\/bcuzz-hydro-ab"]}]},{"@type":"ImageObject","inLanguage":"fr-FR","@id":"https:\/\/atami.com\/fr\/produit\/bcuzz-hydro-ab#primaryimage","url":"https:\/\/atami.com\/wp-content\/uploads\/2023\/02\/Bcuzz-Hydro-AB-product-image.webp","contentUrl":"https:\/\/atami.com\/wp-content\/uploads\/2023\/02\/Bcuzz-Hydro-AB-product-image.webp","width":1080,"height":1080,"caption":"B'cuzz Hydro A&B fournit des min\u00e9raux essentiels tout au long du cycle de croissance, assurant un \u00e9quilibre stable et biologique dans les substrats hydroponiques."},{"@type":"BreadcrumbList","@id":"https:\/\/atami.com\/fr\/produit\/bcuzz-hydro-ab#breadcrumb","itemListElement":[{"@type":"ListItem","position":1,"name":"Home","item":"https:\/\/atami.com\/fr"},{"@type":"ListItem","position":2,"name":"Produits","item":"https:\/\/atami.com\/fr\/shop"},{"@type":"ListItem","position":3,"name":"B'cuzz","item":"https:\/\/atami.com\/fr\/categorie-produit\/marques\/bcuzz"},{"@type":"ListItem","position":4,"name":"B\u2019cuzz Hydro A&#038;B"}]},{"@type":"WebSite","@id":"https:\/\/atami.com\/fr#website","url":"https:\/\/atami.com\/fr","name":"Atami","description":"NATURALLY INNOVATING!","publisher":{"@id":"https:\/\/atami.com\/fr#organization"},"potentialAction":[{"@type":"SearchAction","target":{"@type":"EntryPoint","urlTemplate":"https:\/\/atami.com\/fr?s={search_term_string}"},"query-input":{"@type":"PropertyValueSpecification","valueRequired":true,"valueName":"search_term_string"}}],"inLanguage":"fr-FR"},{"@type":"Organization","@id":"https:\/\/atami.com\/fr#organization","name":"Atami","url":"https:\/\/atami.com\/fr","logo":{"@type":"ImageObject","inLanguage":"fr-FR","@id":"https:\/\/atami.com\/fr#\/schema\/logo\/image\/","url":"https:\/\/atami.com\/wp-content\/uploads\/2026\/01\/Atami-logo-696x696px.webp","contentUrl":"https:\/\/atami.com\/wp-content\/uploads\/2026\/01\/Atami-logo-696x696px.webp","width":696,"height":696,"caption":"Atami"},"image":{"@id":"https:\/\/atami.com\/fr#\/schema\/logo\/image\/"},"sameAs":["https:\/\/www.facebook.com\/Atami.International","https:\/\/x.com\/AtamiEU","https:\/\/www.youtube.com\/c\/AtamiInternational","https:\/\/www.instagram.com\/atami.international\/"],"description":"ATAMI is a premium plant nutrition & substrate brand founded in 1997 with the mission to make exceptional cultivation achievable for everyone. From legacy to license, we offer a wide variety of innovating award-winning products to let cultivators achieve maximum results in taste & yield.","email":"info@mginnovations.es","legalName":"Atami","numberOfEmployees":{"@type":"QuantitativeValue","minValue":"11","maxValue":"50"}}]}},"_links":{"self":[{"href":"https:\/\/atami.com\/fr\/wp-json\/wp\/v2\/product\/21800","targetHints":{"allow":["GET"]}}],"collection":[{"href":"https:\/\/atami.com\/fr\/wp-json\/wp\/v2\/product"}],"about":[{"href":"https:\/\/atami.com\/fr\/wp-json\/wp\/v2\/types\/product"}],"replies":[{"embeddable":true,"href":"https:\/\/atami.com\/fr\/wp-json\/wp\/v2\/comments?post=21800"}],"wp:featuredmedia":[{"embeddable":true,"href":"https:\/\/atami.com\/fr\/wp-json\/wp\/v2\/media\/201983"}],"wp:attachment":[{"href":"https:\/\/atami.com\/fr\/wp-json\/wp\/v2\/media?parent=21800"}],"wp:term":[{"taxonomy":"product_brand","embeddable":true,"href":"https:\/\/atami.com\/fr\/wp-json\/wp\/v2\/product_brand?post=21800"},{"taxonomy":"product_cat","embeddable":true,"href":"https:\/\/atami.com\/fr\/wp-json\/wp\/v2\/product_cat?post=21800"},{"taxonomy":"product_tag","embeddable":true,"href":"https:\/\/atami.com\/fr\/wp-json\/wp\/v2\/product_tag?post=21800"}],"curies":[{"name":"wp","href":"https:\/\/api.w.org\/{rel}","templated":true}]}}